 {"id":10045,"date":"2024-06-11T12:35:17","date_gmt":"2024-06-11T10:35:17","guid":{"rendered":"https:\/\/maximaloc.com\/?page_id=10045"},"modified":"2025-10-02T09:57:43","modified_gmt":"2025-10-02T07:57:43","slug":"mentions-legales","status":"publish","type":"page","link":"https:\/\/maximaloc.com\/en\/mentions-legales\/","title":{"rendered":"MENTIONS L\u00c9GALES"},"content":{"rendered":"<h2>MENTIONS L\u00c9GALES<\/h2>\t\t\n\t\t<p><\/p>\n<h4>\u00c9diteur du Site<\/h4>\n<p>Le site maximaloc.com est \u00e9dit\u00e9 par :<\/p>\n<p>MaximaLoc SARL<br \/>Adresse : 54 rue Sedaine, 75011 Paris, France<br \/>T\u00e9l\u00e9phone : <a href=\"tel:0667377688\" target=\"_blank\" rel=\"noreferrer noopener\">+33 6 67 37 76 88<\/a><br \/>Email : <a href=\"mailto:location@maximaloc.com\">location@maximaloc.com<\/a><br \/>SIRET : 824 536 288 00023<br \/>Capital social : 200 euros<br \/>Directeur de la publication : Daniele FOSSATI<\/p>\n<h4>H\u00e9bergeur<\/h4>\n<p>Le site maximaloc.com est h\u00e9berg\u00e9 par :<\/p>\n<p>Hostinger International Ltd.<br \/>Adresse : 61 Lordou Vironos Street, Lumiel Building, 4th floor, 6023 Larnaca, Cyprus<br \/>T\u00e9l\u00e9phone : +357 24 842 773<br \/>Email : <a rel=\"noreferrer\">support@hostinger.com<\/a><\/p>\n<h4>Propri\u00e9t\u00e9 Intellectuelle<\/h4>\n<p>Le contenu du site maximaloc.com (textes, images, vid\u00e9os, etc.) est la propri\u00e9t\u00e9 exclusive de MaximaLoc SARL ou de ses partenaires. Toute reproduction, m\u00eame partielle, est strictement interdite sans autorisation pr\u00e9alable.<\/p>\n<h4>Donn\u00e9es Personnelles<\/h4>\n<p>MaximaLoc SARL s&#8217;engage \u00e0 respecter la confidentialit\u00e9 des donn\u00e9es personnelles collect\u00e9es sur le site maximaloc.com. Pour plus d&#8217;informations sur la collecte et le traitement des donn\u00e9es personnelles, veuillez consulter notre <a rel=\"noreferrer\">Politique de Confidentialit\u00e9<\/a>.<\/p>\n<h4>Cookies<\/h4>\n<p>Le site maximaloc.com utilise des cookies pour am\u00e9liorer l&#8217;exp\u00e9rience utilisateur. En naviguant sur ce site, vous consentez \u00e0 l&#8217;utilisation de cookies conform\u00e9ment \u00e0 notre <a href=\"\/en\/politique-de-cookies-ue\/\" style=\"font-weight: 600\" rel=\"noreferrer\">Politique de Cookies<\/a>. Vous pouvez \u00e0 tout moment modifier vos pr\u00e9f\u00e9rences en mati\u00e8re de cookies via notre banni\u00e8re de consentement.<\/p>\n<h4>Limitation de Responsabilit\u00e9<\/h4>\n<p>MaximaLoc SARL s&#8217;efforce de fournir des informations pr\u00e9cises et \u00e0 jour sur le site maximaloc.com, mais ne peut garantir l&#8217;exactitude, l&#8217;exhaustivit\u00e9 ou la pertinence des informations fournies. En cons\u00e9quence, l&#8217;utilisateur utilise les informations fournies sur le site \u00e0 ses propres risques.<\/p>\n<h4>Contact<\/h4>\n<p>Pour toute question ou r\u00e9clamation concernant le site maximaloc.com, veuillez nous contacter \u00e0 l&#8217;adresse suivante :<\/p>\n<p>MaximaLoc SARL<br \/>Adresse : 54 rue Sedaine, 75011 Paris, France<br \/>T\u00e9l\u00e9phone : <a href=\"tel:0667377688\" target=\"_blank\" rel=\"noreferrer noopener\">+33 6 67 37 76 88<\/a><br \/>Email : <a href=\"mailto:location@maximaloc.com\">location@maximaloc.com<\/a><\/p>\n<p><\/p>","protected":false},"excerpt":{"rendered":"<p>MENTIONS L\u00c9GALES \u00c9diteur du Site Le site maximaloc.com est \u00e9dit\u00e9 par : MaximaLoc SARLAdresse : 54 rue Sedaine, 75011 Paris,&#8230;<\/p>","protected":false},"author":1,"featured_media":0,"parent":0,"menu_order":0,"comment_status":"closed","ping_status":"closed","template":"","meta":{"footnotes":""},"class_list":["post-10045","page","type-page","status-publish","hentry"],"yoast_head":"<!-- This site is optimized with the Yoast SEO plugin v27.4 - https:\/\/yoast.com\/product\/yoast-seo-wordpress\/ -->\n<title>MENTIONS L\u00c9GALES - Maximaloc<\/title>\n<meta name=\"robots\" content=\"index, follow, max-snippet:-1, max-image-preview:large, max-video-preview:-1\" \/>\n<link rel=\"canonical\" href=\"https:\/\/maximaloc.com\/en\/mentions-legales\/\" \/>\n<meta property=\"og:locale\" content=\"en_US\" \/>\n<meta property=\"og:type\" content=\"article\" \/>\n<meta property=\"og:title\" content=\"MENTIONS L\u00c9GALES - Maximaloc\" \/>\n<meta property=\"og:description\" content=\"MENTIONS L\u00c9GALES \u00c9diteur du Site Le site maximaloc.com est \u00e9dit\u00e9 par : MaximaLoc SARLAdresse : 54 rue Sedaine, 75011 Paris,...\" \/>\n<meta property=\"og:url\" content=\"https:\/\/maximaloc.com\/en\/mentions-legales\/\" \/>\n<meta property=\"og:site_name\" content=\"Maximaloc\" \/>\n<meta property=\"article:publisher\" content=\"https:\/\/www.facebook.com\/Maximalocation\" \/>\n<meta property=\"article:modified_time\" content=\"2025-10-02T07:57:43+00:00\" \/>\n<meta property=\"og:image\" content=\"https:\/\/maximaloc.com\/wp-content\/uploads\/2024\/09\/website.webp\" \/>\n\t<meta property=\"og:image:width\" content=\"1230\" \/>\n\t<meta property=\"og:image:height\" content=\"675\" \/>\n\t<meta property=\"og:image:type\" content=\"image\/webp\" \/>\n<meta name=\"twitter:card\" content=\"summary_large_image\" \/>\n<meta name=\"twitter:label1\" content=\"Est. reading time\" \/>\n\t<meta name=\"twitter:data1\" content=\"2 minutes\" \/>\n<script type=\"application\/ld+json\" class=\"yoast-schema-graph\">{\"@context\":\"https:\\\/\\\/schema.org\",\"@graph\":[{\"@type\":\"WebPage\",\"@id\":\"https:\\\/\\\/maximaloc.com\\\/mentions-legales\\\/\",\"url\":\"https:\\\/\\\/maximaloc.com\\\/mentions-legales\\\/\",\"name\":\"MENTIONS L\u00c9GALES - Maximaloc\",\"isPartOf\":{\"@id\":\"https:\\\/\\\/maximaloc.com\\\/#website\"},\"datePublished\":\"2024-06-11T10:35:17+00:00\",\"dateModified\":\"2025-10-02T07:57:43+00:00\",\"breadcrumb\":{\"@id\":\"https:\\\/\\\/maximaloc.com\\\/mentions-legales\\\/#breadcrumb\"},\"inLanguage\":\"en-US\",\"potentialAction\":[{\"@type\":\"ReadAction\",\"target\":[\"https:\\\/\\\/maximaloc.com\\\/mentions-legales\\\/\"]}]},{\"@type\":\"BreadcrumbList\",\"@id\":\"https:\\\/\\\/maximaloc.com\\\/mentions-legales\\\/#breadcrumb\",\"itemListElement\":[{\"@type\":\"ListItem\",\"position\":1,\"name\":\"Accueil\",\"item\":\"https:\\\/\\\/maximaloc.com\\\/\"},{\"@type\":\"ListItem\",\"position\":2,\"name\":\"MENTIONS L\u00c9GALES\"}]},{\"@type\":\"WebSite\",\"@id\":\"https:\\\/\\\/maximaloc.com\\\/#website\",\"url\":\"https:\\\/\\\/maximaloc.com\\\/\",\"name\":\"Maximaloc\",\"description\":\"\",\"publisher\":{\"@id\":\"https:\\\/\\\/maximaloc.com\\\/#organization\"},\"potentialAction\":[{\"@type\":\"SearchAction\",\"target\":{\"@type\":\"EntryPoint\",\"urlTemplate\":\"https:\\\/\\\/maximaloc.com\\\/?s={search_term_string}\"},\"query-input\":{\"@type\":\"PropertyValueSpecification\",\"valueRequired\":true,\"valueName\":\"search_term_string\"}}],\"inLanguage\":\"en-US\"},{\"@type\":\"Organization\",\"@id\":\"https:\\\/\\\/maximaloc.com\\\/#organization\",\"name\":\"Maximaloc\",\"url\":\"https:\\\/\\\/maximaloc.com\\\/\",\"logo\":{\"@type\":\"ImageObject\",\"inLanguage\":\"en-US\",\"@id\":\"https:\\\/\\\/maximaloc.com\\\/#\\\/schema\\\/logo\\\/image\\\/\",\"url\":\"https:\\\/\\\/maximaloc.com\\\/wp-content\\\/uploads\\\/2024\\\/03\\\/logo_noir-scaled.png\",\"contentUrl\":\"https:\\\/\\\/maximaloc.com\\\/wp-content\\\/uploads\\\/2024\\\/03\\\/logo_noir-scaled.png\",\"width\":2560,\"height\":268,\"caption\":\"Maximaloc\"},\"image\":{\"@id\":\"https:\\\/\\\/maximaloc.com\\\/#\\\/schema\\\/logo\\\/image\\\/\"},\"sameAs\":[\"https:\\\/\\\/www.facebook.com\\\/Maximalocation\"]}]}<\/script>\n<!-- \/ Yoast SEO plugin. -->","yoast_head_json":{"title":"MENTIONS L\u00c9GALES - Maximaloc","robots":{"index":"index","follow":"follow","max-snippet":"max-snippet:-1","max-image-preview":"max-image-preview:large","max-video-preview":"max-video-preview:-1"},"canonical":"https:\/\/maximaloc.com\/en\/mentions-legales\/","og_locale":"en_US","og_type":"article","og_title":"MENTIONS L\u00c9GALES - Maximaloc","og_description":"MENTIONS L\u00c9GALES \u00c9diteur du Site Le site maximaloc.com est \u00e9dit\u00e9 par : MaximaLoc SARLAdresse : 54 rue Sedaine, 75011 Paris,...","og_url":"https:\/\/maximaloc.com\/en\/mentions-legales\/","og_site_name":"Maximaloc","article_publisher":"https:\/\/www.facebook.com\/Maximalocation","article_modified_time":"2025-10-02T07:57:43+00:00","og_image":[{"width":1230,"height":675,"url":"https:\/\/maximaloc.com\/wp-content\/uploads\/2024\/09\/website.webp","type":"image\/webp"}],"twitter_card":"summary_large_image","twitter_misc":{"Est. reading time":"2 minutes"},"schema":{"@context":"https:\/\/schema.org","@graph":[{"@type":"WebPage","@id":"https:\/\/maximaloc.com\/mentions-legales\/","url":"https:\/\/maximaloc.com\/mentions-legales\/","name":"MENTIONS L\u00c9GALES - Maximaloc","isPartOf":{"@id":"https:\/\/maximaloc.com\/#website"},"datePublished":"2024-06-11T10:35:17+00:00","dateModified":"2025-10-02T07:57:43+00:00","breadcrumb":{"@id":"https:\/\/maximaloc.com\/mentions-legales\/#breadcrumb"},"inLanguage":"en-US","potentialAction":[{"@type":"ReadAction","target":["https:\/\/maximaloc.com\/mentions-legales\/"]}]},{"@type":"BreadcrumbList","@id":"https:\/\/maximaloc.com\/mentions-legales\/#breadcrumb","itemListElement":[{"@type":"ListItem","position":1,"name":"Accueil","item":"https:\/\/maximaloc.com\/"},{"@type":"ListItem","position":2,"name":"MENTIONS L\u00c9GALES"}]},{"@type":"WebSite","@id":"https:\/\/maximaloc.com\/#website","url":"https:\/\/maximaloc.com\/","name":"Maximaloc","description":"","publisher":{"@id":"https:\/\/maximaloc.com\/#organization"},"potentialAction":[{"@type":"SearchAction","target":{"@type":"EntryPoint","urlTemplate":"https:\/\/maximaloc.com\/?s={search_term_string}"},"query-input":{"@type":"PropertyValueSpecification","valueRequired":true,"valueName":"search_term_string"}}],"inLanguage":"en-US"},{"@type":"Organization","@id":"https:\/\/maximaloc.com\/#organization","name":"Maximaloc","url":"https:\/\/maximaloc.com\/","logo":{"@type":"ImageObject","inLanguage":"en-US","@id":"https:\/\/maximaloc.com\/#\/schema\/logo\/image\/","url":"https:\/\/maximaloc.com\/wp-content\/uploads\/2024\/03\/logo_noir-scaled.png","contentUrl":"https:\/\/maximaloc.com\/wp-content\/uploads\/2024\/03\/logo_noir-scaled.png","width":2560,"height":268,"caption":"Maximaloc"},"image":{"@id":"https:\/\/maximaloc.com\/#\/schema\/logo\/image\/"},"sameAs":["https:\/\/www.facebook.com\/Maximalocation"]}]}},"_links":{"self":[{"href":"https:\/\/maximaloc.com\/en\/wp-json\/wp\/v2\/pages\/10045","targetHints":{"allow":["GET"]}}],"collection":[{"href":"https:\/\/maximaloc.com\/en\/wp-json\/wp\/v2\/pages"}],"about":[{"href":"https:\/\/maximaloc.com\/en\/wp-json\/wp\/v2\/types\/page"}],"author":[{"embeddable":true,"href":"https:\/\/maximaloc.com\/en\/wp-json\/wp\/v2\/users\/1"}],"replies":[{"embeddable":true,"href":"https:\/\/maximaloc.com\/en\/wp-json\/wp\/v2\/comments?post=10045"}],"version-history":[{"count":0,"href":"https:\/\/maximaloc.com\/en\/wp-json\/wp\/v2\/pages\/10045\/revisions"}],"wp:attachment":[{"href":"https:\/\/maximaloc.com\/en\/wp-json\/wp\/v2\/media?parent=10045"}],"curies":[{"name":"wp","href":"https:\/\/api.w.org\/{rel}","templated":true}]}}