 {"id":15811,"date":"2024-08-15T18:51:25","date_gmt":"2024-08-15T16:51:25","guid":{"rendered":"https:\/\/maximaloc.com\/?page_id=15811"},"modified":"2024-08-23T00:48:57","modified_gmt":"2024-08-22T22:48:57","slug":"livraison","status":"publish","type":"page","link":"https:\/\/maximaloc.com\/en\/livraison\/","title":{"rendered":"LIVRAISON"},"content":{"rendered":"<div data-elementor-type=\"wp-page\" data-elementor-id=\"15811\" class=\"elementor elementor-15811\" data-elementor-post-type=\"page\">\n\t\t\t\t<div class=\"elementor-element elementor-element-c5c7898 e-flex e-con-boxed e-con e-parent\" data-id=\"c5c7898\" data-element_type=\"container\" data-settings=\"{&quot;background_background&quot;:&quot;classic&quot;}\">\n\t\t\t\t\t<div class=\"e-con-inner\">\n\t\t\t\t<div class=\"elementor-element elementor-element-85e9f1b elementor-hidden-mobile elementor-widget elementor-widget-image\" data-id=\"85e9f1b\" data-element_type=\"widget\" data-widget_type=\"image.default\">\n\t\t\t\t<div class=\"elementor-widget-container\">\n\t\t\t\t\t\t\t\t\t\t\t\t\t\t\t<img loading=\"lazy\" decoding=\"async\" width=\"2560\" height=\"421\" src=\"https:\/\/maximaloc.com\/wp-content\/uploads\/2024\/06\/livraison-scaled.webp\" class=\"attachment-full size-full wp-image-11005\" alt=\"Livraison partout en \u00cele-de-France\" srcset=\"https:\/\/maximaloc.com\/wp-content\/uploads\/2024\/06\/livraison-scaled.webp 2560w, https:\/\/maximaloc.com\/wp-content\/uploads\/2024\/06\/livraison-300x49.webp 300w, https:\/\/maximaloc.com\/wp-content\/uploads\/2024\/06\/livraison-scaled-600x99.webp 600w, https:\/\/maximaloc.com\/wp-content\/uploads\/2024\/06\/livraison-150x25.webp 150w, https:\/\/maximaloc.com\/wp-content\/uploads\/2024\/06\/livraison-768x126.webp 768w, https:\/\/maximaloc.com\/wp-content\/uploads\/2024\/06\/livraison-1024x168.webp 1024w, https:\/\/maximaloc.com\/wp-content\/uploads\/2024\/06\/livraison-1536x253.webp 1536w, https:\/\/maximaloc.com\/wp-content\/uploads\/2024\/06\/livraison-2048x337.webp 2048w\" sizes=\"auto, (max-width: 2560px) 100vw, 2560px\" \/>\t\t\t\t\t\t\t\t\t\t\t\t\t\t\t<\/div>\n\t\t\t\t<\/div>\n\t\t\t\t<div class=\"elementor-element elementor-element-9be8178 elementor-hidden-desktop elementor-hidden-tablet elementor-widget elementor-widget-image\" data-id=\"9be8178\" data-element_type=\"widget\" data-widget_type=\"image.default\">\n\t\t\t\t<div class=\"elementor-widget-container\">\n\t\t\t\t\t\t\t\t\t\t\t\t\t\t\t<img loading=\"lazy\" decoding=\"async\" width=\"2560\" height=\"834\" src=\"https:\/\/maximaloc.com\/wp-content\/uploads\/2024\/06\/livraison_mobile-scaled.webp\" class=\"attachment-full size-full wp-image-11046\" alt=\"Livraison partout en \u00cele-de-France\" srcset=\"https:\/\/maximaloc.com\/wp-content\/uploads\/2024\/06\/livraison_mobile-scaled.webp 2560w, https:\/\/maximaloc.com\/wp-content\/uploads\/2024\/06\/livraison_mobile-300x98.webp 300w, https:\/\/maximaloc.com\/wp-content\/uploads\/2024\/06\/livraison_mobile-scaled-600x195.webp 600w, https:\/\/maximaloc.com\/wp-content\/uploads\/2024\/06\/livraison_mobile-1536x501.webp 1536w, https:\/\/maximaloc.com\/wp-content\/uploads\/2024\/06\/livraison_mobile-2048x668.webp 2048w, https:\/\/maximaloc.com\/wp-content\/uploads\/2024\/06\/livraison_mobile-150x49.webp 150w, https:\/\/maximaloc.com\/wp-content\/uploads\/2024\/06\/livraison_mobile-768x250.webp 768w, https:\/\/maximaloc.com\/wp-content\/uploads\/2024\/06\/livraison_mobile-1024x334.webp 1024w\" sizes=\"auto, (max-width: 2560px) 100vw, 2560px\" \/>\t\t\t\t\t\t\t\t\t\t\t\t\t\t\t<\/div>\n\t\t\t\t<\/div>\n\t\t\t\t\t<\/div>\n\t\t\t\t<\/div>\n\t\t<div class=\"elementor-element elementor-element-36ed8fa e-con-full e-flex e-con e-parent\" data-id=\"36ed8fa\" data-element_type=\"container\" data-settings=\"{&quot;background_background&quot;:&quot;classic&quot;}\">\n\t\t\t\t<div class=\"elementor-element elementor-element-6a080d3 elementor-widget__width-inherit elementor-widget elementor-widget-heading\" data-id=\"6a080d3\" data-element_type=\"widget\" data-widget_type=\"heading.default\">\n\t\t\t\t<div class=\"elementor-widget-container\">\n\t\t\t\t\t<h2 class=\"elementor-heading-title elementor-size-default\">Comment fonctionnent nos livraisons ?\n<\/h2>\t\t\t\t<\/div>\n\t\t\t\t<\/div>\n\t\t\t\t<div class=\"elementor-element elementor-element-ac103fa elementor-widget__width-initial elementor-widget elementor-widget-text-editor\" data-id=\"ac103fa\" data-element_type=\"widget\" data-widget_type=\"text-editor.default\">\n\t\t\t\t<div class=\"elementor-widget-container\">\n\t\t\t\t\t\t\t\t\t<p style=\"text-align: center;\">Chez Maximaloc, nous facilitons votre exp\u00e9rience de location en proposant un service de livraison pratique et efficace.<\/p>\t\t\t\t\t\t\t\t<\/div>\n\t\t\t\t<\/div>\n\t\t\t\t<div class=\"elementor-element elementor-element-f6d9bd0 elementor-widget__width-initial elementor-tabs-view-horizontal elementor-widget elementor-widget-tabs\" data-id=\"f6d9bd0\" data-element_type=\"widget\" data-widget_type=\"tabs.default\">\n\t\t\t\t<div class=\"elementor-widget-container\">\n\t\t\t\t\t\t\t<div class=\"elementor-tabs\">\n\t\t\t<div class=\"elementor-tabs-wrapper\" role=\"tablist\" >\n\t\t\t\t\t\t\t\t\t<div id=\"elementor-tab-title-2581\" class=\"elementor-tab-title elementor-tab-desktop-title\" aria-selected=\"true\" data-tab=\"1\" role=\"tab\" tabindex=\"0\" aria-controls=\"elementor-tab-content-2581\" aria-expanded=\"false\">D\u00e9part<\/div>\n\t\t\t\t\t\t\t\t\t<div id=\"elementor-tab-title-2582\" class=\"elementor-tab-title elementor-tab-desktop-title\" aria-selected=\"false\" data-tab=\"2\" role=\"tab\" tabindex=\"-1\" aria-controls=\"elementor-tab-content-2582\" aria-expanded=\"false\">Return<\/div>\n\t\t\t\t\t\t\t\t\t<div id=\"elementor-tab-title-2583\" class=\"elementor-tab-title elementor-tab-desktop-title\" aria-selected=\"false\" data-tab=\"3\" role=\"tab\" tabindex=\"-1\" aria-controls=\"elementor-tab-content-2583\" aria-expanded=\"false\">Horaires & Tarifs<\/div>\n\t\t\t\t\t\t\t<\/div>\n\t\t\t<div class=\"elementor-tabs-content-wrapper\" role=\"tablist\" aria-orientation=\"vertical\">\n\t\t\t\t\t\t\t\t\t<div class=\"elementor-tab-title elementor-tab-mobile-title\" aria-selected=\"true\" data-tab=\"1\" role=\"tab\" tabindex=\"0\" aria-controls=\"elementor-tab-content-2581\" aria-expanded=\"false\">D\u00e9part<\/div>\n\t\t\t\t\t<div id=\"elementor-tab-content-2581\" class=\"elementor-tab-content elementor-clearfix\" data-tab=\"1\" role=\"tabpanel\" aria-labelledby=\"elementor-tab-title-2581\" tabindex=\"0\" hidden=\"false\"><div class=\"order-container\">\n<div class=\"order-left\"><img decoding=\"async\" loading=\"lazy\" src=\"\/wp-content\/uploads\/2024\/08\/devanture_maximaloc.webp\" alt=\"Photo de pr\u00e9sentation\" \/><\/div>\n<div class=\"order-right\">\n<div class=\"order-section\">\n<h2 class=\"order-title\">JE COMMANDE<\/h2>\n<div class=\"icon-text\">\n\n<img decoding=\"async\" loading=\"lazy\" src=\"\/wp-content\/uploads\/2024\/08\/d36ac0_31157d3a261a418285b7c133f51d54fcmv2.webp\" alt=\"Icone du mat\u00e9riel\" \/>\n<div>\n<p class=\"section-title\">Choix du mat\u00e9riel<\/p>\n<p class=\"section-text\">Je parcoure le catalogue et s\u00e9lectionne les articles que je souhaite louer.<\/p>\n\n<\/div>\n<\/div>\n<\/div>\n<div class=\"order-section\">\n<div class=\"icon-text\">\n\n<img decoding=\"async\" loading=\"lazy\" src=\"\/wp-content\/uploads\/2024\/08\/d36ac0_a010cb3124104f81a15a4266e35b31f3mv2.webp\" alt=\"Icone de livraison\" \/>\n<div>\n<p class=\"section-title\">Infos de Livraison<\/p>\n<p class=\"section-text\">J\u2019indique l\u2019adresse, l\u2019heure et la date de livraison ainsi qu\u2019un contact sur place pour recevoir mon \u00e9quipement.<\/p>\n\n<\/div>\n<\/div>\n<\/div>\n<div class=\"order-section\">\n<div class=\"icon-text\">\n\n<img decoding=\"async\" loading=\"lazy\" src=\"\/wp-content\/uploads\/2024\/08\/d36ac0_1cf93fc5fd55448caa7d208bbdea2899mv2.webp\" alt=\"Icone de paiement\" \/>\n<div>\n<p class=\"section-title\">Paiement<\/p>\n<p class=\"section-text\">Je r\u00e8gle la location et la caution par CB ou \u00e0 distance.<\/p>\n\n<\/div>\n<\/div>\n<\/div>\n<\/div>\n<\/div>\n<div class=\"delivery-container\">\n<h2 class=\"order-title center\">ON VOUS LIVRE<\/h2>\n<div class=\"delivery-blocks\">\n<div class=\"delivery-step\">\n\n<img decoding=\"async\" loading=\"lazy\" src=\"\/wp-content\/uploads\/2024\/08\/d36ac0_385cc1bbca01455d90ac88a97fcc4164mv2.webp\" alt=\"Pr\u00e9paration\" \/>\n<p class=\"section-title\">Pr\u00e9paration<\/p>\n<p class=\"section-text\">Notre \u00e9quipe pr\u00e9pare votre commande mat\u00e9riel.<\/p>\n\n<\/div>\n<img decoding=\"async\" loading=\"lazy\" class=\"arrow-icon\" src=\"\/wp-content\/uploads\/2024\/08\/d36ac0_ccf609e0bc6c480d89987b12b6d1e25fmv2.webp\" alt=\"Fl\u00e8che\" \/>\n<div class=\"delivery-step\">\n\n<img decoding=\"async\" loading=\"lazy\" src=\"\/wp-content\/uploads\/2024\/08\/d36ac0_e61fc503bd084ee6a1071776f153c415mv2.webp\" alt=\"D\u00e9part\" \/>\n<p class=\"section-title\">D\u00e9part<\/p>\n<p class=\"section-text\">Le mat\u00e9riel ainsi qu\u2019une liste d\u00e9taill\u00e9e sont consign\u00e9s au livreur.<\/p>\n\n<\/div>\n<img decoding=\"async\" loading=\"lazy\" class=\"arrow-icon\" src=\"\/wp-content\/uploads\/2024\/08\/d36ac0_ccf609e0bc6c480d89987b12b6d1e25fmv2.webp\" alt=\"Fl\u00e8che\" \/>\n<div class=\"delivery-step\">\n\n<img decoding=\"async\" loading=\"lazy\" src=\"\/wp-content\/uploads\/2024\/08\/d36ac0_b37fa883319a4a41bd75df79fbf7ee8cmv2.webp\" alt=\"Livraison\" \/>\n<p class=\"section-title\">Delivery<\/p>\n<p class=\"section-text\">Le mat\u00e9riel est livr\u00e9 \u00e0 l\u2019adresse dans la plage horaire convenue.<\/p>\n\n<\/div>\n<\/div>\n<\/div>\n<div class=\"final-step\">\n<div class=\"final-content\"><img decoding=\"async\" loading=\"lazy\" src=\"\/wp-content\/uploads\/2024\/08\/d36ac0_0eca28aa569f4e98ac34a1e4cd853b9fmv2.webp\" alt=\"V\u00e9rification\" \/>\n<p class=\"final-text\">Je v\u00e9rifie que tout le mat\u00e9riel est pr\u00e9sent conform\u00e9ment \u00e0 la liste fournie et je signe le bon de livraison.<\/p>\n\n<\/div>\n<\/div><\/div>\n\t\t\t\t\t\t\t\t\t<div class=\"elementor-tab-title elementor-tab-mobile-title\" aria-selected=\"false\" data-tab=\"2\" role=\"tab\" tabindex=\"-1\" aria-controls=\"elementor-tab-content-2582\" aria-expanded=\"false\">Return<\/div>\n\t\t\t\t\t<div id=\"elementor-tab-content-2582\" class=\"elementor-tab-content elementor-clearfix\" data-tab=\"2\" role=\"tabpanel\" aria-labelledby=\"elementor-tab-title-2582\" tabindex=\"0\" hidden=\"hidden\"><div class=\"return-container\">\n<h2 class=\"order-title center\">RETOUR DU MAT\u00c9RIEL<\/h2>\n<div class=\"return-blocks\">\n<div class=\"return-step\"><img decoding=\"async\" loading=\"lazy\" src=\"\/wp-content\/uploads\/2024\/08\/d36ac0_6210ea38812745ee8319ec1a072ebf87mv2.webp\" alt=\"Inventaire\" \/>\n<p class=\"section-title\">Inventaire<\/p>\n<p class=\"section-text\">Pr\u00e9parez tout le mat\u00e9riel conform\u00e9ment \u00e0 la liste.<\/p>\n\n<\/div>\n<img decoding=\"async\" loading=\"lazy\" class=\"arrow-icon\" src=\"\/wp-content\/uploads\/2024\/08\/d36ac0_ccf609e0bc6c480d89987b12b6d1e25fmv2.webp\" alt=\"Fl\u00e8che\" \/>\n<div class=\"return-step\"><img decoding=\"async\" loading=\"lazy\" src=\"\/wp-content\/uploads\/2024\/08\/d36ac0_e61fc503bd084ee6a1071776f153c415mv2.webp\" alt=\"Livraison Retour\" \/>\n<p class=\"section-title\">Livraison Retour<\/p>\n<p class=\"section-text\">Le moment venu le mat\u00e9riel est consign\u00e9 au livreur.<\/p>\n\n<\/div>\n<img decoding=\"async\" loading=\"lazy\" class=\"arrow-icon\" src=\"\/wp-content\/uploads\/2024\/08\/d36ac0_ccf609e0bc6c480d89987b12b6d1e25fmv2.webp\" alt=\"Fl\u00e8che\" \/>\n<div class=\"return-step\"><img decoding=\"async\" loading=\"lazy\" src=\"\/wp-content\/uploads\/2024\/08\/d36ac0_199c4d58b5684ee69b68008aa1d19125mv2.webp\" alt=\"V\u00e9rification et Annulation\" \/>\n<p class=\"section-title\">V\u00e9rification et Annulation<\/p>\n<p class=\"section-text\">L&#8217;\u00e9quipe maximaloc v\u00e9rifie que tout est en ordre*<\/p>\n\n<\/div>\n<\/div>\n<div class=\"final-step\">\n<div class=\"final-content\">\n<p class=\"final-text\">*Une fois la v\u00e9rification termin\u00e9e, la caution sera annul\u00e9e et vous serez notifi\u00e9 par message.<\/p>\n\n<\/div>\n<\/div>\n<\/div><\/div>\n\t\t\t\t\t\t\t\t\t<div class=\"elementor-tab-title elementor-tab-mobile-title\" aria-selected=\"false\" data-tab=\"3\" role=\"tab\" tabindex=\"-1\" aria-controls=\"elementor-tab-content-2583\" aria-expanded=\"false\">Horaires & Tarifs<\/div>\n\t\t\t\t\t<div id=\"elementor-tab-content-2583\" class=\"elementor-tab-content elementor-clearfix\" data-tab=\"3\" role=\"tabpanel\" aria-labelledby=\"elementor-tab-title-2583\" tabindex=\"0\" hidden=\"hidden\"><div class=\"delivery-info-container\">\n<div class=\"info-block highlighted\">\n<h2 class=\"order-title no-border-bottom\"><img decoding=\"async\" loading=\"lazy\" class=\"info-icon\" src=\"\/wp-content\/uploads\/2024\/08\/d36ac0_a010cb3124104f81a15a4266e35b31f3mv2.webp\" alt=\"Horaires Icon\" \/>\nHORAIRES DE LIVRAISON<\/h2>\n<p class=\"info-text\"><strong>Lundi \u2794 Vendredi :<\/strong> 10H &#8211; 18H <strong>|<\/strong> <strong>Samedi &#8211; Dimanche :<\/strong> Sur demande<\/p>\n\n<\/div>\n<div class=\"info-block\">\n<h2 class=\"order-title no-border-bottom\"><img decoding=\"async\" loading=\"lazy\" class=\"info-icon\" src=\"\/wp-content\/uploads\/2024\/08\/d36ac0_e61fc503bd084ee6a1071776f153c415mv2.webp\" alt=\"Livraison Standard Icon\" \/>\nLIVRAISON STANDARD<\/h2>\n<p class=\"info-text\">Commande minimum la veille, avec une plage de livraison de 2h.<\/p>\n<img decoding=\"async\" loading=\"lazy\" class=\"info-image\" src=\"\/wp-content\/uploads\/2024\/08\/Group-186.webp\" alt=\"Tableau des tarifs de livraison pour Paris et Banlieue: 35\u20ac pour une moto \u00e0 Paris, 60\u20ac pour un v\u00e9hicule Kangoo ou 6m3 \u00e0 Paris, et tarifs sur devis pour les v\u00e9hicules de 9m2\/12m3\/20m3, ainsi que pour toutes les livraisons en Banlieue\" \/>\n\n<\/div>\n<div class=\"info-block\">\n<h2 class=\"order-title no-border-bottom\"><img decoding=\"async\" loading=\"lazy\" class=\"info-icon\" src=\"\/wp-content\/uploads\/2024\/08\/d36ac0_2ffe34207a01417a86e50cfe4c43f6f8mv2.webp\" alt=\"Livraison Express Icon\" \/>\nLIVRAISON EXPRESS<\/h2>\n<p class=\"info-text\">Commande d&#8217;urgence et\/ou avec plage horaire pr\u00e9cise inf\u00e9rieure \u00e0 1h.<\/p>\n<img decoding=\"async\" loading=\"lazy\" class=\"info-image\" src=\"\/wp-content\/uploads\/2024\/08\/Group-187.webp\" alt=\"Tableau des tarifs de livraison pour Paris et Banlieue : 45\u20ac pour une moto \u00e0 Paris, 90\u20ac pour un v\u00e9hicule Kangoo ou 6m3 \u00e0 Paris, et tarifs sur devis pour les v\u00e9hicules de 9m2\/12m3\/20m3, ainsi que pour toutes les livraisons en Banlieue\" \/>\n\n<\/div>\n<div class=\"info-block\">\n<h2 class=\"order-title no-border-bottom\"><img decoding=\"async\" loading=\"lazy\" class=\"info-icon\" src=\"\/wp-content\/uploads\/2024\/08\/d36ac0_51094fe09ffb4080bd13e3618d4e65c5mv2.webp\" alt=\"Livraison Exceptionnelle Icon\" \/>\nLIVRAISON EXCEPTIONNELLE<\/h2>\n<p class=\"info-text\">Livraison en dehors des horaires et\/ou dimanche et jours f\u00e9ri\u00e9s.<\/p>\n\n<\/div>\n<\/div><\/div>\n\t\t\t\t\t\t\t<\/div>\n\t\t<\/div>\n\t\t\t\t\t\t<\/div>\n\t\t\t\t<\/div>\n\t\t\t\t<\/div>\n\t\t\t\t<\/div>","protected":false},"excerpt":{"rendered":"<p>Comment fonctionnent nos livraisons ? Chez Maximaloc, nous facilitons votre exp\u00e9rience de location en proposant un service de livraison pratique&#8230;<\/p>","protected":false},"author":1,"featured_media":0,"parent":0,"menu_order":0,"comment_status":"closed","ping_status":"closed","template":"elementor_header_footer","meta":{"footnotes":""},"class_list":["post-15811","page","type-page","status-publish","hentry"],"yoast_head":"<!-- This site is optimized with the Yoast SEO plugin v27.5 - https:\/\/yoast.com\/product\/yoast-seo-wordpress\/ -->\n<title>LIVRAISON - Maximaloc<\/title>\n<meta name=\"description\" content=\"Contactez Maximaloc pour toute demande de location de mat\u00e9riel audiovisuel ou pour en savoir plus sur nos services. Notre \u00e9quipe est pr\u00eate \u00e0 vous aider et \u00e0 r\u00e9pondre \u00e0 vos questions.\" \/>\n<meta name=\"robots\" content=\"noindex, nofollow\" \/>\n<meta property=\"og:locale\" content=\"en_US\" \/>\n<meta property=\"og:type\" content=\"article\" \/>\n<meta property=\"og:title\" content=\"LIVRAISON - Maximaloc\" \/>\n<meta property=\"og:description\" content=\"Contactez Maximaloc pour toute demande de location de mat\u00e9riel audiovisuel ou pour en savoir plus sur nos services. Notre \u00e9quipe est pr\u00eate \u00e0 vous aider et \u00e0 r\u00e9pondre \u00e0 vos questions.\" \/>\n<meta property=\"og:url\" content=\"https:\/\/maximaloc.com\/en\/livraison\/\" \/>\n<meta property=\"og:site_name\" content=\"Maximaloc\" \/>\n<meta property=\"article:publisher\" content=\"https:\/\/www.facebook.com\/Maximalocation\" \/>\n<meta property=\"article:modified_time\" content=\"2024-08-22T22:48:57+00:00\" \/>\n<meta property=\"og:image\" content=\"https:\/\/maximaloc.com\/wp-content\/uploads\/2024\/06\/livraison-scaled.webp\" \/>\n<meta name=\"twitter:card\" content=\"summary_large_image\" \/>\n<meta name=\"twitter:label1\" content=\"Est. reading time\" \/>\n\t<meta name=\"twitter:data1\" content=\"6 minutes\" \/>\n<script type=\"application\/ld+json\" class=\"yoast-schema-graph\">{\"@context\":\"https:\\\/\\\/schema.org\",\"@graph\":[{\"@type\":\"WebPage\",\"@id\":\"https:\\\/\\\/maximaloc.com\\\/livraison\\\/\",\"url\":\"https:\\\/\\\/maximaloc.com\\\/livraison\\\/\",\"name\":\"LIVRAISON - Maximaloc\",\"isPartOf\":{\"@id\":\"https:\\\/\\\/maximaloc.com\\\/#website\"},\"primaryImageOfPage\":{\"@id\":\"https:\\\/\\\/maximaloc.com\\\/livraison\\\/#primaryimage\"},\"image\":{\"@id\":\"https:\\\/\\\/maximaloc.com\\\/livraison\\\/#primaryimage\"},\"thumbnailUrl\":\"https:\\\/\\\/maximaloc.com\\\/wp-content\\\/uploads\\\/2024\\\/06\\\/livraison-scaled.webp\",\"datePublished\":\"2024-08-15T16:51:25+00:00\",\"dateModified\":\"2024-08-22T22:48:57+00:00\",\"description\":\"Contactez Maximaloc pour toute demande de location de mat\u00e9riel audiovisuel ou pour en savoir plus sur nos services. Notre \u00e9quipe est pr\u00eate \u00e0 vous aider et \u00e0 r\u00e9pondre \u00e0 vos questions.\",\"breadcrumb\":{\"@id\":\"https:\\\/\\\/maximaloc.com\\\/livraison\\\/#breadcrumb\"},\"inLanguage\":\"en-US\",\"potentialAction\":[{\"@type\":\"ReadAction\",\"target\":[\"https:\\\/\\\/maximaloc.com\\\/livraison\\\/\"]}]},{\"@type\":\"ImageObject\",\"inLanguage\":\"en-US\",\"@id\":\"https:\\\/\\\/maximaloc.com\\\/livraison\\\/#primaryimage\",\"url\":\"https:\\\/\\\/maximaloc.com\\\/wp-content\\\/uploads\\\/2024\\\/06\\\/livraison-scaled.webp\",\"contentUrl\":\"https:\\\/\\\/maximaloc.com\\\/wp-content\\\/uploads\\\/2024\\\/06\\\/livraison-scaled.webp\"},{\"@type\":\"BreadcrumbList\",\"@id\":\"https:\\\/\\\/maximaloc.com\\\/livraison\\\/#breadcrumb\",\"itemListElement\":[{\"@type\":\"ListItem\",\"position\":1,\"name\":\"Accueil\",\"item\":\"https:\\\/\\\/maximaloc.com\\\/\"},{\"@type\":\"ListItem\",\"position\":2,\"name\":\"LIVRAISON\"}]},{\"@type\":\"WebSite\",\"@id\":\"https:\\\/\\\/maximaloc.com\\\/#website\",\"url\":\"https:\\\/\\\/maximaloc.com\\\/\",\"name\":\"Maximaloc\",\"description\":\"\",\"publisher\":{\"@id\":\"https:\\\/\\\/maximaloc.com\\\/#organization\"},\"potentialAction\":[{\"@type\":\"SearchAction\",\"target\":{\"@type\":\"EntryPoint\",\"urlTemplate\":\"https:\\\/\\\/maximaloc.com\\\/?s={search_term_string}\"},\"query-input\":{\"@type\":\"PropertyValueSpecification\",\"valueRequired\":true,\"valueName\":\"search_term_string\"}}],\"inLanguage\":\"en-US\"},{\"@type\":\"Organization\",\"@id\":\"https:\\\/\\\/maximaloc.com\\\/#organization\",\"name\":\"Maximaloc\",\"url\":\"https:\\\/\\\/maximaloc.com\\\/\",\"logo\":{\"@type\":\"ImageObject\",\"inLanguage\":\"en-US\",\"@id\":\"https:\\\/\\\/maximaloc.com\\\/#\\\/schema\\\/logo\\\/image\\\/\",\"url\":\"https:\\\/\\\/maximaloc.com\\\/wp-content\\\/uploads\\\/2024\\\/03\\\/logo_noir-scaled.png\",\"contentUrl\":\"https:\\\/\\\/maximaloc.com\\\/wp-content\\\/uploads\\\/2024\\\/03\\\/logo_noir-scaled.png\",\"width\":2560,\"height\":268,\"caption\":\"Maximaloc\"},\"image\":{\"@id\":\"https:\\\/\\\/maximaloc.com\\\/#\\\/schema\\\/logo\\\/image\\\/\"},\"sameAs\":[\"https:\\\/\\\/www.facebook.com\\\/Maximalocation\"]}]}<\/script>\n<!-- \/ Yoast SEO plugin. -->","yoast_head_json":{"title":"LIVRAISON - Maximaloc","description":"Contactez Maximaloc pour toute demande de location de mat\u00e9riel audiovisuel ou pour en savoir plus sur nos services. Notre \u00e9quipe est pr\u00eate \u00e0 vous aider et \u00e0 r\u00e9pondre \u00e0 vos questions.","robots":{"index":"noindex","follow":"nofollow"},"og_locale":"en_US","og_type":"article","og_title":"LIVRAISON - Maximaloc","og_description":"Contactez Maximaloc pour toute demande de location de mat\u00e9riel audiovisuel ou pour en savoir plus sur nos services. Notre \u00e9quipe est pr\u00eate \u00e0 vous aider et \u00e0 r\u00e9pondre \u00e0 vos questions.","og_url":"https:\/\/maximaloc.com\/en\/livraison\/","og_site_name":"Maximaloc","article_publisher":"https:\/\/www.facebook.com\/Maximalocation","article_modified_time":"2024-08-22T22:48:57+00:00","og_image":[{"url":"https:\/\/maximaloc.com\/wp-content\/uploads\/2024\/06\/livraison-scaled.webp","type":"","width":"","height":""}],"twitter_card":"summary_large_image","twitter_misc":{"Est. reading time":"6 minutes"},"schema":{"@context":"https:\/\/schema.org","@graph":[{"@type":"WebPage","@id":"https:\/\/maximaloc.com\/livraison\/","url":"https:\/\/maximaloc.com\/livraison\/","name":"LIVRAISON - Maximaloc","isPartOf":{"@id":"https:\/\/maximaloc.com\/#website"},"primaryImageOfPage":{"@id":"https:\/\/maximaloc.com\/livraison\/#primaryimage"},"image":{"@id":"https:\/\/maximaloc.com\/livraison\/#primaryimage"},"thumbnailUrl":"https:\/\/maximaloc.com\/wp-content\/uploads\/2024\/06\/livraison-scaled.webp","datePublished":"2024-08-15T16:51:25+00:00","dateModified":"2024-08-22T22:48:57+00:00","description":"Contactez Maximaloc pour toute demande de location de mat\u00e9riel audiovisuel ou pour en savoir plus sur nos services. Notre \u00e9quipe est pr\u00eate \u00e0 vous aider et \u00e0 r\u00e9pondre \u00e0 vos questions.","breadcrumb":{"@id":"https:\/\/maximaloc.com\/livraison\/#breadcrumb"},"inLanguage":"en-US","potentialAction":[{"@type":"ReadAction","target":["https:\/\/maximaloc.com\/livraison\/"]}]},{"@type":"ImageObject","inLanguage":"en-US","@id":"https:\/\/maximaloc.com\/livraison\/#primaryimage","url":"https:\/\/maximaloc.com\/wp-content\/uploads\/2024\/06\/livraison-scaled.webp","contentUrl":"https:\/\/maximaloc.com\/wp-content\/uploads\/2024\/06\/livraison-scaled.webp"},{"@type":"BreadcrumbList","@id":"https:\/\/maximaloc.com\/livraison\/#breadcrumb","itemListElement":[{"@type":"ListItem","position":1,"name":"Accueil","item":"https:\/\/maximaloc.com\/"},{"@type":"ListItem","position":2,"name":"LIVRAISON"}]},{"@type":"WebSite","@id":"https:\/\/maximaloc.com\/#website","url":"https:\/\/maximaloc.com\/","name":"Maximaloc","description":"","publisher":{"@id":"https:\/\/maximaloc.com\/#organization"},"potentialAction":[{"@type":"SearchAction","target":{"@type":"EntryPoint","urlTemplate":"https:\/\/maximaloc.com\/?s={search_term_string}"},"query-input":{"@type":"PropertyValueSpecification","valueRequired":true,"valueName":"search_term_string"}}],"inLanguage":"en-US"},{"@type":"Organization","@id":"https:\/\/maximaloc.com\/#organization","name":"Maximaloc","url":"https:\/\/maximaloc.com\/","logo":{"@type":"ImageObject","inLanguage":"en-US","@id":"https:\/\/maximaloc.com\/#\/schema\/logo\/image\/","url":"https:\/\/maximaloc.com\/wp-content\/uploads\/2024\/03\/logo_noir-scaled.png","contentUrl":"https:\/\/maximaloc.com\/wp-content\/uploads\/2024\/03\/logo_noir-scaled.png","width":2560,"height":268,"caption":"Maximaloc"},"image":{"@id":"https:\/\/maximaloc.com\/#\/schema\/logo\/image\/"},"sameAs":["https:\/\/www.facebook.com\/Maximalocation"]}]}},"_links":{"self":[{"href":"https:\/\/maximaloc.com\/en\/wp-json\/wp\/v2\/pages\/15811","targetHints":{"allow":["GET"]}}],"collection":[{"href":"https:\/\/maximaloc.com\/en\/wp-json\/wp\/v2\/pages"}],"about":[{"href":"https:\/\/maximaloc.com\/en\/wp-json\/wp\/v2\/types\/page"}],"author":[{"embeddable":true,"href":"https:\/\/maximaloc.com\/en\/wp-json\/wp\/v2\/users\/1"}],"replies":[{"embeddable":true,"href":"https:\/\/maximaloc.com\/en\/wp-json\/wp\/v2\/comments?post=15811"}],"version-history":[{"count":0,"href":"https:\/\/maximaloc.com\/en\/wp-json\/wp\/v2\/pages\/15811\/revisions"}],"wp:attachment":[{"href":"https:\/\/maximaloc.com\/en\/wp-json\/wp\/v2\/media?parent=15811"}],"curies":[{"name":"wp","href":"https:\/\/api.w.org\/{rel}","templated":true}]}}