 {"id":8719,"date":"2024-05-27T16:21:53","date_gmt":"2024-05-27T14:21:53","guid":{"rendered":"https:\/\/maximaloc.com\/?page_id=8719"},"modified":"2024-08-17T00:47:45","modified_gmt":"2024-08-16T22:47:45","slug":"tournage","status":"publish","type":"page","link":"https:\/\/maximaloc.com\/en\/services\/tournage\/","title":{"rendered":"FILMING"},"content":{"rendered":"<div data-elementor-type=\"wp-page\" data-elementor-id=\"8719\" class=\"elementor elementor-8719\" data-elementor-post-type=\"page\">\n\t\t\t\t<div class=\"elementor-element elementor-element-1a4e1c6 e-flex e-con-boxed e-con e-parent\" data-id=\"1a4e1c6\" data-element_type=\"container\" data-settings=\"{&quot;background_background&quot;:&quot;classic&quot;}\">\n\t\t\t\t\t<div class=\"e-con-inner\">\n\t\t\t\t<div class=\"elementor-element elementor-element-4417e6b elementor-widget elementor-widget-heading\" data-id=\"4417e6b\" data-element_type=\"widget\" data-widget_type=\"heading.default\">\n\t\t\t\t<div class=\"elementor-widget-container\">\n\t\t\t\t\t<h2 class=\"elementor-heading-title elementor-size-default\">FILMING<\/h2>\t\t\t\t<\/div>\n\t\t\t\t<\/div>\n\t\t\t\t\t<\/div>\n\t\t\t\t<\/div>\n\t\t<div class=\"elementor-element elementor-element-73cceb7 e-flex e-con-boxed e-con e-parent\" data-id=\"73cceb7\" data-element_type=\"container\">\n\t\t\t\t\t<div class=\"e-con-inner\">\n\t\t\t\t<div class=\"elementor-element elementor-element-727aebf elementor-widget elementor-widget-heading\" data-id=\"727aebf\" data-element_type=\"widget\" data-widget_type=\"heading.default\">\n\t\t\t\t<div class=\"elementor-widget-container\">\n\t\t\t\t\t<h2 class=\"elementor-heading-title elementor-size-default\">Services de Tournage Professionnels par MaximaLoc\n<\/h2>\t\t\t\t<\/div>\n\t\t\t\t<\/div>\n\t\t\t\t<div class=\"elementor-element elementor-element-4c06079 elementor-widget elementor-widget-text-editor\" data-id=\"4c06079\" data-element_type=\"widget\" data-widget_type=\"text-editor.default\">\n\t\t\t\t<div class=\"elementor-widget-container\">\n\t\t\t\t\t\t\t\t\t<p class=\"font_8 wixui-rich-text__text\"><strong>Immortalisez Votre Vision avec des Tournages d&#8217;Exception<\/strong><\/p><p class=\"font_8 wixui-rich-text__text\">MaximaLoc, votre partenaire audiovisuel au centre de Paris, vous offre des services de tournage professionnels adapt\u00e9s \u00e0 votre vision cr\u00e9ative. Que vous soyez un r\u00e9alisateur de films ind\u00e9pendants, une marque \u00e0 la recherche d&#8217;une publicit\u00e9 impactante, ou une entreprise souhaitant capturer un \u00e9v\u00e9nement, notre \u00e9quipe est l\u00e0 pour concr\u00e9tiser vos id\u00e9es.<\/p>\t\t\t\t\t\t\t\t<\/div>\n\t\t\t\t<\/div>\n\t\t\t\t\t<\/div>\n\t\t\t\t<\/div>\n\t\t<div class=\"elementor-element elementor-element-1b791bf e-flex e-con-boxed e-con e-parent\" data-id=\"1b791bf\" data-element_type=\"container\">\n\t\t\t\t\t<div class=\"e-con-inner\">\n\t\t\t\t<div class=\"elementor-element elementor-element-e669fac elementor-pagination-position-inside elementor-arrows-position-inside elementor-widget elementor-widget-image-carousel\" data-id=\"e669fac\" data-element_type=\"widget\" data-settings=\"{&quot;slides_to_show&quot;:&quot;2&quot;,&quot;slides_to_scroll&quot;:&quot;1&quot;,&quot;navigation&quot;:&quot;both&quot;,&quot;autoplay&quot;:&quot;yes&quot;,&quot;pause_on_hover&quot;:&quot;yes&quot;,&quot;pause_on_interaction&quot;:&quot;yes&quot;,&quot;autoplay_speed&quot;:5000,&quot;infinite&quot;:&quot;yes&quot;,&quot;speed&quot;:500}\" data-widget_type=\"image-carousel.default\">\n\t\t\t\t<div class=\"elementor-widget-container\">\n\t\t\t\t\t\t\t<div class=\"elementor-image-carousel-wrapper swiper\" role=\"region\" aria-roledescription=\"carousel\" aria-label=\"Image Carousel\" dir=\"ltr\">\n\t\t\t<div class=\"elementor-image-carousel swiper-wrapper\" aria-live=\"off\">\n\t\t\t\t\t\t\t\t<div class=\"swiper-slide\" role=\"group\" aria-roledescription=\"slide\" aria-label=\"1 of 4\"><figure class=\"swiper-slide-inner\"><img decoding=\"async\" class=\"swiper-slide-image\" src=\"https:\/\/maximaloc.com\/wp-content\/uploads\/2024\/05\/tournage_1.jpg\" alt=\"Techniciens ajustant une cam\u00e9ra sur le capot d&#039;une voiture pour un tournage nocturne\" \/><\/figure><\/div><div class=\"swiper-slide\" role=\"group\" aria-roledescription=\"slide\" aria-label=\"2 of 4\"><figure class=\"swiper-slide-inner\"><img decoding=\"async\" class=\"swiper-slide-image\" src=\"https:\/\/maximaloc.com\/wp-content\/uploads\/2024\/05\/tournage_3.jpg\" alt=\"Techniciens ajustant une cam\u00e9ra sur le capot d&#039;une voiture pour capturer des sc\u00e8nes nocturnes en ext\u00e9rieur\" \/><\/figure><\/div><div class=\"swiper-slide\" role=\"group\" aria-roledescription=\"slide\" aria-label=\"3 of 4\"><figure class=\"swiper-slide-inner\"><img decoding=\"async\" class=\"swiper-slide-image\" src=\"https:\/\/maximaloc.com\/wp-content\/uploads\/2024\/05\/tournage_2.jpg\" alt=\"Photographe et cam\u00e9raman capturant une sc\u00e8ne anim\u00e9e de f\u00eate en int\u00e9rieur avec des lumi\u00e8res color\u00e9es et des participants.\" \/><\/figure><\/div><div class=\"swiper-slide\" role=\"group\" aria-roledescription=\"slide\" aria-label=\"4 of 4\"><figure class=\"swiper-slide-inner\"><img decoding=\"async\" class=\"swiper-slide-image\" src=\"https:\/\/maximaloc.com\/wp-content\/uploads\/2024\/05\/tournage_4.jpg\" alt=\"Technicien tenant une perche de micro lors d&#039;un tournage en int\u00e9rieur\" \/><\/figure><\/div>\t\t\t<\/div>\n\t\t\t\t\t\t\t\t\t\t\t\t<div class=\"elementor-swiper-button elementor-swiper-button-prev\" role=\"button\" tabindex=\"0\">\n\t\t\t\t\t\t<svg aria-hidden=\"true\" class=\"e-font-icon-svg e-eicon-chevron-left\" viewbox=\"0 0 1000 1000\" xmlns=\"http:\/\/www.w3.org\/2000\/svg\"><path d=\"M646 125C629 125 613 133 604 142L308 442C296 454 292 471 292 487 292 504 296 521 308 533L604 854C617 867 629 875 646 875 663 875 679 871 692 858 704 846 713 829 713 812 713 796 708 779 692 767L438 487 692 225C700 217 708 204 708 187 708 171 704 154 692 142 675 129 663 125 646 125Z\"><\/path><\/svg>\t\t\t\t\t<\/div>\n\t\t\t\t\t<div class=\"elementor-swiper-button elementor-swiper-button-next\" role=\"button\" tabindex=\"0\">\n\t\t\t\t\t\t<svg aria-hidden=\"true\" class=\"e-font-icon-svg e-eicon-chevron-right\" viewbox=\"0 0 1000 1000\" xmlns=\"http:\/\/www.w3.org\/2000\/svg\"><path d=\"M696 533C708 521 713 504 713 487 713 471 708 454 696 446L400 146C388 133 375 125 354 125 338 125 325 129 313 142 300 154 292 171 292 187 292 204 296 221 308 233L563 492 304 771C292 783 288 800 288 817 288 833 296 850 308 863 321 871 338 875 354 875 371 875 388 867 400 854L696 533Z\"><\/path><\/svg>\t\t\t\t\t<\/div>\n\t\t\t\t\n\t\t\t\t\t\t\t\t\t<div class=\"swiper-pagination\"><\/div>\n\t\t\t\t\t\t\t\t\t<\/div>\n\t\t\t\t\t\t<\/div>\n\t\t\t\t<\/div>\n\t\t\t\t<div class=\"elementor-element elementor-element-9198c3a elementor-widget elementor-widget-text-editor\" data-id=\"9198c3a\" data-element_type=\"widget\" data-widget_type=\"text-editor.default\">\n\t\t\t\t<div class=\"elementor-widget-container\">\n\t\t\t\t\t\t\t\t\t<h5 class=\"font_8 wixui-rich-text__text\"><strong><span class=\"wixui-rich-text__text\">Nos Services de Tournage<\/span><\/strong><\/h5><p class=\"font_8 wixui-rich-text__text\"><strong>Films et Courts-M\u00e9trages :<\/strong> Nous apportons votre script \u00e0 la vie avec un tournage cin\u00e9matographique qui parle \u00e0 l&#8217;audience et transmet votre message avec art et \u00e9motion.<\/p><p class=\"font_8 wixui-rich-text__text\"><strong><span class=\"wixui-rich-text__text\">Publicit\u00e9s et Contenus de Marque\u00a0<\/span>:<\/strong> Augmentez votre impact sur le march\u00e9 avec des publicit\u00e9s qui captivent et une narration de marque qui r\u00e9sonne aupr\u00e8s de votre public cible.<\/p><p class=\"font_8 wixui-rich-text__text\"><strong><span class=\"wixui-rich-text__text\">Vid\u00e9os \u00c9v\u00e9nementielles et Corporatives<\/span>\u00a0:<\/strong> De la documentation d&#8217;\u00e9v\u00e9nements importants \u00e0 la cr\u00e9ation de contenu vid\u00e9o pour des s\u00e9minaires, des conf\u00e9rences, ou des formations, notre couverture est compl\u00e8te et de qualit\u00e9 sup\u00e9rieure.<\/p><p>\u00a0<\/p><h5 class=\"font_8 wixui-rich-text__text\"><strong><span class=\"wixui-rich-text__text\">L&#8217;Excellence Technique <\/span><\/strong><strong><span class=\"wixui-rich-text__text\">de MaximaLoc<\/span><\/strong><\/h5><p class=\"font_8 wixui-rich-text__text\"><strong>\u00c9quipement \u00e0 la Pointe de la Technologie :<\/strong> Nous utilisons un \u00e9quipement de tournage de pointe pour assurer une qualit\u00e9 d&#8217;image et de son exceptionnelle sur tous nos projets.<\/p><p class=\"font_8 wixui-rich-text__text\"><strong><span class=\"wixui-rich-text__text\">\u00c9quipe de Professionnels Exp\u00e9riment\u00e9s\u00a0<\/span>:<\/strong> Notre \u00e9quipe est compos\u00e9e de r\u00e9alisateurs, cameramen, ing\u00e9nieurs du son, et \u00e9clairagistes passionn\u00e9s et qualifi\u00e9s.<\/p><p class=\"font_8 wixui-rich-text__text\"><strong><span class=\"wixui-rich-text__text\">Approche Personnalis\u00e9e<\/span>\u00a0:<\/strong> Chaque projet est unique. Nous travaillons avec vous pour comprendre vos besoins sp\u00e9cifiques et vous fournir une solution sur mesure.<\/p><p>\u00a0<\/p><h5 class=\"font_8 wixui-rich-text__text\"><strong><span class=\"wixui-rich-text__text\">Notre Engagement<\/span><\/strong><\/h5><p class=\"font_8 wixui-rich-text__text\"><strong>Flexibilit\u00e9 et Adaptabilit\u00e9 :<\/strong> Des tournages en studio aux productions en ext\u00e9rieur, nous sommes \u00e9quip\u00e9s pour s&#8217;adapter \u00e0 divers environnements et styles de tournage.<\/p><p class=\"font_8 wixui-rich-text__text\"><strong><span class=\"wixui-rich-text__text\">Collaboration Cr\u00e9ative<\/span>\u00a0:<\/strong> Nous croyons en une collaboration \u00e9troite avec nos clients pour assurer que le produit final refl\u00e8te pr\u00e9cis\u00e9ment votre vision cr\u00e9ative.<\/p><p>\u00a0<\/p>\t\t\t\t\t\t\t\t<\/div>\n\t\t\t\t<\/div>\n\t\t\t\t<div class=\"elementor-element elementor-element-27ff29b elementor-widget elementor-widget-text-editor\" data-id=\"27ff29b\" data-element_type=\"widget\" data-widget_type=\"text-editor.default\">\n\t\t\t\t<div class=\"elementor-widget-container\">\n\t\t\t\t\t\t\t\t\t<p class=\"font_7 wixui-rich-text__text\" style=\"text-align: center;\">Directeurs de la Photo, Operateurs Camera, Electro, Machino etc&#8230;<br class=\"wixui-rich-text__text\" \/>Du DSLR aux cam\u00e9ras de cin\u00e9ma type RED ou ALEXA.<\/p><p class=\"font_7 wixui-rich-text__text\" style=\"text-align: center;\">Nous vous aiderons \u00e0 trouver les techniciens adapt\u00e9s \u00e0 vos besoins.<\/p>\t\t\t\t\t\t\t\t<\/div>\n\t\t\t\t<\/div>\n\t\t\t\t<div class=\"elementor-element elementor-element-8ace1e5 elementor-align-center elementor-widget elementor-widget-button\" data-id=\"8ace1e5\" data-element_type=\"widget\" data-widget_type=\"button.default\">\n\t\t\t\t<div class=\"elementor-widget-container\">\n\t\t\t\t\t\t\t\t\t<div class=\"elementor-button-wrapper\">\n\t\t\t\t\t<a class=\"elementor-button elementor-button-link elementor-size-sm\" href=\"\/en\/contact\/\">\n\t\t\t\t\t\t<span class=\"elementor-button-content-wrapper\">\n\t\t\t\t\t\t\t\t\t<span class=\"elementor-button-text\">Contactez-nous<\/span>\n\t\t\t\t\t<\/span>\n\t\t\t\t\t<\/a>\n\t\t\t\t<\/div>\n\t\t\t\t\t\t\t\t<\/div>\n\t\t\t\t<\/div>\n\t\t\t\t\t<\/div>\n\t\t\t\t<\/div>\n\t\t\t\t<\/div>","protected":false},"excerpt":{"rendered":"<p>TOURNAGE Services de Tournage Professionnels par MaximaLoc Immortalisez Votre Vision avec des Tournages d&#8217;Exception MaximaLoc, votre partenaire audiovisuel au centre&#8230;<\/p>","protected":false},"author":1,"featured_media":0,"parent":38,"menu_order":0,"comment_status":"closed","ping_status":"closed","template":"elementor_header_footer","meta":{"footnotes":""},"class_list":["post-8719","page","type-page","status-publish","hentry"],"yoast_head":"<!-- This site is optimized with the Yoast SEO plugin v24.1 - https:\/\/yoast.com\/wordpress\/plugins\/seo\/ -->\n<title>TOURNAGE - Maximaloc<\/title>\n<meta name=\"robots\" content=\"index, follow, max-snippet:-1, max-image-preview:large, max-video-preview:-1\" \/>\n<link rel=\"canonical\" href=\"https:\/\/maximaloc.com\/en\/services\/tournage\/\" \/>\n<meta property=\"og:locale\" content=\"en_US\" \/>\n<meta property=\"og:type\" content=\"article\" \/>\n<meta property=\"og:title\" content=\"TOURNAGE - Maximaloc\" \/>\n<meta property=\"og:description\" content=\"TOURNAGE Services de Tournage Professionnels par MaximaLoc Immortalisez Votre Vision avec des Tournages d&#8217;Exception MaximaLoc, votre partenaire audiovisuel au centre...\" \/>\n<meta property=\"og:url\" content=\"https:\/\/maximaloc.com\/en\/services\/tournage\/\" \/>\n<meta property=\"og:site_name\" content=\"Maximaloc\" \/>\n<meta property=\"article:publisher\" content=\"https:\/\/www.facebook.com\/Maximalocation\" \/>\n<meta property=\"article:modified_time\" content=\"2024-08-16T22:47:45+00:00\" \/>\n<meta property=\"og:image\" content=\"https:\/\/maximaloc.com\/wp-content\/uploads\/2024\/05\/tournage_1.jpg\" \/>\n<meta name=\"twitter:card\" content=\"summary_large_image\" \/>\n<meta name=\"twitter:label1\" content=\"Est. reading time\" \/>\n\t<meta name=\"twitter:data1\" content=\"3 minutes\" \/>\n<script type=\"application\/ld+json\" class=\"yoast-schema-graph\">{\"@context\":\"https:\/\/schema.org\",\"@graph\":[{\"@type\":\"WebPage\",\"@id\":\"https:\/\/maximaloc.com\/services\/tournage\/\",\"url\":\"https:\/\/maximaloc.com\/services\/tournage\/\",\"name\":\"TOURNAGE - Maximaloc\",\"isPartOf\":{\"@id\":\"https:\/\/maximaloc.com\/#website\"},\"primaryImageOfPage\":{\"@id\":\"https:\/\/maximaloc.com\/services\/tournage\/#primaryimage\"},\"image\":{\"@id\":\"https:\/\/maximaloc.com\/services\/tournage\/#primaryimage\"},\"thumbnailUrl\":\"https:\/\/maximaloc.com\/wp-content\/uploads\/2024\/05\/tournage_1.jpg\",\"datePublished\":\"2024-05-27T14:21:53+00:00\",\"dateModified\":\"2024-08-16T22:47:45+00:00\",\"breadcrumb\":{\"@id\":\"https:\/\/maximaloc.com\/services\/tournage\/#breadcrumb\"},\"inLanguage\":\"en-US\",\"potentialAction\":[{\"@type\":\"ReadAction\",\"target\":[\"https:\/\/maximaloc.com\/services\/tournage\/\"]}]},{\"@type\":\"ImageObject\",\"inLanguage\":\"en-US\",\"@id\":\"https:\/\/maximaloc.com\/services\/tournage\/#primaryimage\",\"url\":\"https:\/\/maximaloc.com\/wp-content\/uploads\/2024\/05\/tournage_1.jpg\",\"contentUrl\":\"https:\/\/maximaloc.com\/wp-content\/uploads\/2024\/05\/tournage_1.jpg\"},{\"@type\":\"BreadcrumbList\",\"@id\":\"https:\/\/maximaloc.com\/services\/tournage\/#breadcrumb\",\"itemListElement\":[{\"@type\":\"ListItem\",\"position\":1,\"name\":\"Accueil\",\"item\":\"https:\/\/maximaloc.com\/\"},{\"@type\":\"ListItem\",\"position\":2,\"name\":\"Services\",\"item\":\"https:\/\/maximaloc.com\/services\/\"},{\"@type\":\"ListItem\",\"position\":3,\"name\":\"TOURNAGE\"}]},{\"@type\":\"WebSite\",\"@id\":\"https:\/\/maximaloc.com\/#website\",\"url\":\"https:\/\/maximaloc.com\/\",\"name\":\"Maximaloc\",\"description\":\"\",\"publisher\":{\"@id\":\"https:\/\/maximaloc.com\/#organization\"},\"potentialAction\":[{\"@type\":\"SearchAction\",\"target\":{\"@type\":\"EntryPoint\",\"urlTemplate\":\"https:\/\/maximaloc.com\/?s={search_term_string}\"},\"query-input\":{\"@type\":\"PropertyValueSpecification\",\"valueRequired\":true,\"valueName\":\"search_term_string\"}}],\"inLanguage\":\"en-US\"},{\"@type\":\"Organization\",\"@id\":\"https:\/\/maximaloc.com\/#organization\",\"name\":\"Maximaloc\",\"url\":\"https:\/\/maximaloc.com\/\",\"logo\":{\"@type\":\"ImageObject\",\"inLanguage\":\"en-US\",\"@id\":\"https:\/\/maximaloc.com\/#\/schema\/logo\/image\/\",\"url\":\"https:\/\/maximaloc.com\/wp-content\/uploads\/2024\/03\/logo_noir.png\",\"contentUrl\":\"https:\/\/maximaloc.com\/wp-content\/uploads\/2024\/03\/logo_noir.png\",\"width\":11750,\"height\":1231,\"caption\":\"Maximaloc\"},\"image\":{\"@id\":\"https:\/\/maximaloc.com\/#\/schema\/logo\/image\/\"},\"sameAs\":[\"https:\/\/www.facebook.com\/Maximalocation\"]}]}<\/script>\n<!-- \/ Yoast SEO plugin. -->","yoast_head_json":{"title":"TOURNAGE - Maximaloc","robots":{"index":"index","follow":"follow","max-snippet":"max-snippet:-1","max-image-preview":"max-image-preview:large","max-video-preview":"max-video-preview:-1"},"canonical":"https:\/\/maximaloc.com\/en\/services\/tournage\/","og_locale":"en_US","og_type":"article","og_title":"TOURNAGE - Maximaloc","og_description":"TOURNAGE Services de Tournage Professionnels par MaximaLoc Immortalisez Votre Vision avec des Tournages d&#8217;Exception MaximaLoc, votre partenaire audiovisuel au centre...","og_url":"https:\/\/maximaloc.com\/en\/services\/tournage\/","og_site_name":"Maximaloc","article_publisher":"https:\/\/www.facebook.com\/Maximalocation","article_modified_time":"2024-08-16T22:47:45+00:00","og_image":[{"url":"https:\/\/maximaloc.com\/wp-content\/uploads\/2024\/05\/tournage_1.jpg","type":"","width":"","height":""}],"twitter_card":"summary_large_image","twitter_misc":{"Est. reading time":"3 minutes"},"schema":{"@context":"https:\/\/schema.org","@graph":[{"@type":"WebPage","@id":"https:\/\/maximaloc.com\/services\/tournage\/","url":"https:\/\/maximaloc.com\/services\/tournage\/","name":"TOURNAGE - Maximaloc","isPartOf":{"@id":"https:\/\/maximaloc.com\/#website"},"primaryImageOfPage":{"@id":"https:\/\/maximaloc.com\/services\/tournage\/#primaryimage"},"image":{"@id":"https:\/\/maximaloc.com\/services\/tournage\/#primaryimage"},"thumbnailUrl":"https:\/\/maximaloc.com\/wp-content\/uploads\/2024\/05\/tournage_1.jpg","datePublished":"2024-05-27T14:21:53+00:00","dateModified":"2024-08-16T22:47:45+00:00","breadcrumb":{"@id":"https:\/\/maximaloc.com\/services\/tournage\/#breadcrumb"},"inLanguage":"en-US","potentialAction":[{"@type":"ReadAction","target":["https:\/\/maximaloc.com\/services\/tournage\/"]}]},{"@type":"ImageObject","inLanguage":"en-US","@id":"https:\/\/maximaloc.com\/services\/tournage\/#primaryimage","url":"https:\/\/maximaloc.com\/wp-content\/uploads\/2024\/05\/tournage_1.jpg","contentUrl":"https:\/\/maximaloc.com\/wp-content\/uploads\/2024\/05\/tournage_1.jpg"},{"@type":"BreadcrumbList","@id":"https:\/\/maximaloc.com\/services\/tournage\/#breadcrumb","itemListElement":[{"@type":"ListItem","position":1,"name":"Accueil","item":"https:\/\/maximaloc.com\/"},{"@type":"ListItem","position":2,"name":"Services","item":"https:\/\/maximaloc.com\/services\/"},{"@type":"ListItem","position":3,"name":"TOURNAGE"}]},{"@type":"WebSite","@id":"https:\/\/maximaloc.com\/#website","url":"https:\/\/maximaloc.com\/","name":"Maximaloc","description":"","publisher":{"@id":"https:\/\/maximaloc.com\/#organization"},"potentialAction":[{"@type":"SearchAction","target":{"@type":"EntryPoint","urlTemplate":"https:\/\/maximaloc.com\/?s={search_term_string}"},"query-input":{"@type":"PropertyValueSpecification","valueRequired":true,"valueName":"search_term_string"}}],"inLanguage":"en-US"},{"@type":"Organization","@id":"https:\/\/maximaloc.com\/#organization","name":"Maximaloc","url":"https:\/\/maximaloc.com\/","logo":{"@type":"ImageObject","inLanguage":"en-US","@id":"https:\/\/maximaloc.com\/#\/schema\/logo\/image\/","url":"https:\/\/maximaloc.com\/wp-content\/uploads\/2024\/03\/logo_noir.png","contentUrl":"https:\/\/maximaloc.com\/wp-content\/uploads\/2024\/03\/logo_noir.png","width":11750,"height":1231,"caption":"Maximaloc"},"image":{"@id":"https:\/\/maximaloc.com\/#\/schema\/logo\/image\/"},"sameAs":["https:\/\/www.facebook.com\/Maximalocation"]}]}},"_links":{"self":[{"href":"https:\/\/maximaloc.com\/en\/wp-json\/wp\/v2\/pages\/8719","targetHints":{"allow":["GET"]}}],"collection":[{"href":"https:\/\/maximaloc.com\/en\/wp-json\/wp\/v2\/pages"}],"about":[{"href":"https:\/\/maximaloc.com\/en\/wp-json\/wp\/v2\/types\/page"}],"author":[{"embeddable":true,"href":"https:\/\/maximaloc.com\/en\/wp-json\/wp\/v2\/users\/1"}],"replies":[{"embeddable":true,"href":"https:\/\/maximaloc.com\/en\/wp-json\/wp\/v2\/comments?post=8719"}],"version-history":[{"count":137,"href":"https:\/\/maximaloc.com\/en\/wp-json\/wp\/v2\/pages\/8719\/revisions"}],"predecessor-version":[{"id":16631,"href":"https:\/\/maximaloc.com\/en\/wp-json\/wp\/v2\/pages\/8719\/revisions\/16631"}],"up":[{"embeddable":true,"href":"https:\/\/maximaloc.com\/en\/wp-json\/wp\/v2\/pages\/38"}],"wp:attachment":[{"href":"https:\/\/maximaloc.com\/en\/wp-json\/wp\/v2\/media?parent=8719"}],"curies":[{"name":"wp","href":"https:\/\/api.w.org\/{rel}","templated":true}]}}