 {"id":8723,"date":"2024-05-27T16:22:25","date_gmt":"2024-05-27T14:22:25","guid":{"rendered":"https:\/\/maximaloc.com\/?page_id=8723"},"modified":"2024-08-16T18:15:25","modified_gmt":"2024-08-16T16:15:25","slug":"live","status":"publish","type":"page","link":"https:\/\/maximaloc.com\/en\/services\/live\/","title":{"rendered":"LIVE"},"content":{"rendered":"<div data-elementor-type=\"wp-page\" data-elementor-id=\"8723\" class=\"elementor elementor-8723\" data-elementor-post-type=\"page\">\n\t\t\t\t<div class=\"elementor-element elementor-element-87054b5 e-flex e-con-boxed e-con e-parent\" data-id=\"87054b5\" data-element_type=\"container\" data-settings=\"{&quot;background_background&quot;:&quot;classic&quot;}\">\n\t\t\t\t\t<div class=\"e-con-inner\">\n\t\t\t\t<div class=\"elementor-element elementor-element-65b8c68 elementor-widget elementor-widget-heading\" data-id=\"65b8c68\" data-element_type=\"widget\" data-widget_type=\"heading.default\">\n\t\t\t\t<div class=\"elementor-widget-container\">\n\t\t\t\t\t<h2 class=\"elementor-heading-title elementor-size-default\">LIVE &amp; RECORDING<\/h2>\t\t\t\t<\/div>\n\t\t\t\t<\/div>\n\t\t\t\t\t<\/div>\n\t\t\t\t<\/div>\n\t\t<div class=\"elementor-element elementor-element-8395663 e-flex e-con-boxed e-con e-parent\" data-id=\"8395663\" data-element_type=\"container\">\n\t\t\t\t\t<div class=\"e-con-inner\">\n\t\t\t\t<div class=\"elementor-element elementor-element-5973620 elementor-widget elementor-widget-text-editor\" data-id=\"5973620\" data-element_type=\"widget\" data-widget_type=\"text-editor.default\">\n\t\t\t\t<div class=\"elementor-widget-container\">\n\t\t\t\t\t\t\t\t\t<div id=\"bgLayers_comp-lqckum3u\" class=\"MW5IWV\" data-hook=\"bgLayers\" data-motion-part=\"BG_LAYER\"><div id=\"bgMedia_comp-lqckum3u\" class=\"VgO9Yg\" data-motion-part=\"BG_MEDIA\"><b>Nous vous accompagnons de la pr\u00e9paration technique \u00e0 la diffusion de votre \u00e9v\u00e8nement, avec un service cl\u00e9 en main.<\/b><\/div><\/div>\t\t\t\t\t\t\t\t<\/div>\n\t\t\t\t<\/div>\n\t\t\t\t<div class=\"elementor-element elementor-element-3aa5f94 elementor-widget elementor-widget-image\" data-id=\"3aa5f94\" data-element_type=\"widget\" data-widget_type=\"image.default\">\n\t\t\t\t<div class=\"elementor-widget-container\">\n\t\t\t\t\t\t\t\t\t\t\t\t\t\t\t<img fetchpriority=\"high\" decoding=\"async\" width=\"1024\" height=\"511\" src=\"https:\/\/maximaloc.com\/wp-content\/uploads\/2024\/06\/couv_makingof_mma-1024x511.webp\" class=\"attachment-large size-large wp-image-10247\" alt=\"Making of MMA GP par Maximaloc\" srcset=\"https:\/\/maximaloc.com\/wp-content\/uploads\/2024\/06\/couv_makingof_mma-1024x511.webp 1024w, https:\/\/maximaloc.com\/wp-content\/uploads\/2024\/06\/couv_makingof_mma-300x150.webp 300w, https:\/\/maximaloc.com\/wp-content\/uploads\/2024\/06\/couv_makingof_mma-600x300.webp 600w, https:\/\/maximaloc.com\/wp-content\/uploads\/2024\/06\/couv_makingof_mma-150x75.webp 150w, https:\/\/maximaloc.com\/wp-content\/uploads\/2024\/06\/couv_makingof_mma-768x383.webp 768w, https:\/\/maximaloc.com\/wp-content\/uploads\/2024\/06\/couv_makingof_mma.webp 1200w\" sizes=\"(max-width: 1024px) 100vw, 1024px\" \/>\t\t\t\t\t\t\t\t\t\t\t\t\t\t\t<\/div>\n\t\t\t\t<\/div>\n\t\t\t\t<div class=\"elementor-element elementor-element-e78f5f3 elementor-widget elementor-widget-text-editor\" data-id=\"e78f5f3\" data-element_type=\"widget\" data-widget_type=\"text-editor.default\">\n\t\t\t\t<div class=\"elementor-widget-container\">\n\t\t\t\t\t\t\t\t\t<div id=\"bgLayers_comp-lqckum3u\" class=\"MW5IWV\" style=\"text-align: center;\" data-hook=\"bgLayers\" data-motion-part=\"BG_LAYER\">Techniciens Live, Op\u00e9rateurs Camera, Electro, Machino etc&#8230;<\/div><div class=\"\" data-mesh-id=\"comp-lqckum3uinlineContent\" data-testid=\"inline-content\"><div data-mesh-id=\"comp-lqckum3uinlineContent-gridContainer\" data-testid=\"mesh-container-content\"><div id=\"comp-lqckzdbw\" class=\"HcOXKn c9GqVL QxJLC3 comp-lqckzdbw wixui-rich-text\" data-testid=\"richTextElement\"><p class=\"font_8 wixui-rich-text__text\" style=\"text-align: center;\"><span class=\"color_15 wixui-rich-text__text\"><span class=\"wixui-rich-text__text\">Nous mettons \u00e0 votre disposition les techniciens et le materiel adapt\u00e9s \u00e0 vos besoins.<\/span><\/span><\/p><\/div><\/div><\/div>\t\t\t\t\t\t\t\t<\/div>\n\t\t\t\t<\/div>\n\t\t\t\t<div class=\"elementor-element elementor-element-624f66c elementor-align-center elementor-widget elementor-widget-button\" data-id=\"624f66c\" data-element_type=\"widget\" data-widget_type=\"button.default\">\n\t\t\t\t<div class=\"elementor-widget-container\">\n\t\t\t\t\t\t\t\t\t<div class=\"elementor-button-wrapper\">\n\t\t\t\t\t<a class=\"elementor-button elementor-button-link elementor-size-sm\" href=\"\/en\/contact\/\">\n\t\t\t\t\t\t<span class=\"elementor-button-content-wrapper\">\n\t\t\t\t\t\t\t\t\t<span class=\"elementor-button-text\">Contactez-nous<\/span>\n\t\t\t\t\t<\/span>\n\t\t\t\t\t<\/a>\n\t\t\t\t<\/div>\n\t\t\t\t\t\t\t\t<\/div>\n\t\t\t\t<\/div>\n\t\t\t\t\t<\/div>\n\t\t\t\t<\/div>\n\t\t\t\t<\/div>","protected":false},"excerpt":{"rendered":"<p>LIVE &amp; CAPTATION Nous vous accompagnons de la pr\u00e9paration technique \u00e0 la diffusion de votre \u00e9v\u00e8nement, avec un service cl\u00e9&#8230;<\/p>","protected":false},"author":1,"featured_media":0,"parent":38,"menu_order":0,"comment_status":"closed","ping_status":"closed","template":"elementor_header_footer","meta":{"footnotes":""},"class_list":["post-8723","page","type-page","status-publish","hentry"],"yoast_head":"<!-- This site is optimized with the Yoast SEO plugin v24.1 - https:\/\/yoast.com\/wordpress\/plugins\/seo\/ -->\n<title>LIVE - Maximaloc<\/title>\n<meta name=\"robots\" content=\"index, follow, max-snippet:-1, max-image-preview:large, max-video-preview:-1\" \/>\n<link rel=\"canonical\" href=\"https:\/\/maximaloc.com\/en\/services\/live\/\" \/>\n<meta property=\"og:locale\" content=\"en_US\" \/>\n<meta property=\"og:type\" content=\"article\" \/>\n<meta property=\"og:title\" content=\"LIVE - Maximaloc\" \/>\n<meta property=\"og:description\" content=\"LIVE &amp; CAPTATION Nous vous accompagnons de la pr\u00e9paration technique \u00e0 la diffusion de votre \u00e9v\u00e8nement, avec un service cl\u00e9...\" \/>\n<meta property=\"og:url\" content=\"https:\/\/maximaloc.com\/en\/services\/live\/\" \/>\n<meta property=\"og:site_name\" content=\"Maximaloc\" \/>\n<meta property=\"article:publisher\" content=\"https:\/\/www.facebook.com\/Maximalocation\" \/>\n<meta property=\"article:modified_time\" content=\"2024-08-16T16:15:25+00:00\" \/>\n<meta property=\"og:image\" content=\"https:\/\/maximaloc.com\/wp-content\/uploads\/2024\/06\/couv_makingof_mma-1024x511.webp\" \/>\n<meta name=\"twitter:card\" content=\"summary_large_image\" \/>\n<meta name=\"twitter:label1\" content=\"Est. reading time\" \/>\n\t<meta name=\"twitter:data1\" content=\"1 minute\" \/>\n<script type=\"application\/ld+json\" class=\"yoast-schema-graph\">{\"@context\":\"https:\/\/schema.org\",\"@graph\":[{\"@type\":\"WebPage\",\"@id\":\"https:\/\/maximaloc.com\/services\/live\/\",\"url\":\"https:\/\/maximaloc.com\/services\/live\/\",\"name\":\"LIVE - Maximaloc\",\"isPartOf\":{\"@id\":\"https:\/\/maximaloc.com\/#website\"},\"primaryImageOfPage\":{\"@id\":\"https:\/\/maximaloc.com\/services\/live\/#primaryimage\"},\"image\":{\"@id\":\"https:\/\/maximaloc.com\/services\/live\/#primaryimage\"},\"thumbnailUrl\":\"https:\/\/maximaloc.com\/wp-content\/uploads\/2024\/06\/couv_makingof_mma-1024x511.webp\",\"datePublished\":\"2024-05-27T14:22:25+00:00\",\"dateModified\":\"2024-08-16T16:15:25+00:00\",\"breadcrumb\":{\"@id\":\"https:\/\/maximaloc.com\/services\/live\/#breadcrumb\"},\"inLanguage\":\"en-US\",\"potentialAction\":[{\"@type\":\"ReadAction\",\"target\":[\"https:\/\/maximaloc.com\/services\/live\/\"]}]},{\"@type\":\"ImageObject\",\"inLanguage\":\"en-US\",\"@id\":\"https:\/\/maximaloc.com\/services\/live\/#primaryimage\",\"url\":\"https:\/\/maximaloc.com\/wp-content\/uploads\/2024\/06\/couv_makingof_mma-1024x511.webp\",\"contentUrl\":\"https:\/\/maximaloc.com\/wp-content\/uploads\/2024\/06\/couv_makingof_mma-1024x511.webp\"},{\"@type\":\"BreadcrumbList\",\"@id\":\"https:\/\/maximaloc.com\/services\/live\/#breadcrumb\",\"itemListElement\":[{\"@type\":\"ListItem\",\"position\":1,\"name\":\"Accueil\",\"item\":\"https:\/\/maximaloc.com\/\"},{\"@type\":\"ListItem\",\"position\":2,\"name\":\"Services\",\"item\":\"https:\/\/maximaloc.com\/services\/\"},{\"@type\":\"ListItem\",\"position\":3,\"name\":\"LIVE\"}]},{\"@type\":\"WebSite\",\"@id\":\"https:\/\/maximaloc.com\/#website\",\"url\":\"https:\/\/maximaloc.com\/\",\"name\":\"Maximaloc\",\"description\":\"\",\"publisher\":{\"@id\":\"https:\/\/maximaloc.com\/#organization\"},\"potentialAction\":[{\"@type\":\"SearchAction\",\"target\":{\"@type\":\"EntryPoint\",\"urlTemplate\":\"https:\/\/maximaloc.com\/?s={search_term_string}\"},\"query-input\":{\"@type\":\"PropertyValueSpecification\",\"valueRequired\":true,\"valueName\":\"search_term_string\"}}],\"inLanguage\":\"en-US\"},{\"@type\":\"Organization\",\"@id\":\"https:\/\/maximaloc.com\/#organization\",\"name\":\"Maximaloc\",\"url\":\"https:\/\/maximaloc.com\/\",\"logo\":{\"@type\":\"ImageObject\",\"inLanguage\":\"en-US\",\"@id\":\"https:\/\/maximaloc.com\/#\/schema\/logo\/image\/\",\"url\":\"https:\/\/maximaloc.com\/wp-content\/uploads\/2024\/03\/logo_noir.png\",\"contentUrl\":\"https:\/\/maximaloc.com\/wp-content\/uploads\/2024\/03\/logo_noir.png\",\"width\":11750,\"height\":1231,\"caption\":\"Maximaloc\"},\"image\":{\"@id\":\"https:\/\/maximaloc.com\/#\/schema\/logo\/image\/\"},\"sameAs\":[\"https:\/\/www.facebook.com\/Maximalocation\"]}]}<\/script>\n<!-- \/ Yoast SEO plugin. -->","yoast_head_json":{"title":"LIVE - Maximaloc","robots":{"index":"index","follow":"follow","max-snippet":"max-snippet:-1","max-image-preview":"max-image-preview:large","max-video-preview":"max-video-preview:-1"},"canonical":"https:\/\/maximaloc.com\/en\/services\/live\/","og_locale":"en_US","og_type":"article","og_title":"LIVE - Maximaloc","og_description":"LIVE &amp; CAPTATION Nous vous accompagnons de la pr\u00e9paration technique \u00e0 la diffusion de votre \u00e9v\u00e8nement, avec un service cl\u00e9...","og_url":"https:\/\/maximaloc.com\/en\/services\/live\/","og_site_name":"Maximaloc","article_publisher":"https:\/\/www.facebook.com\/Maximalocation","article_modified_time":"2024-08-16T16:15:25+00:00","og_image":[{"url":"https:\/\/maximaloc.com\/wp-content\/uploads\/2024\/06\/couv_makingof_mma-1024x511.webp","type":"","width":"","height":""}],"twitter_card":"summary_large_image","twitter_misc":{"Est. reading time":"1 minute"},"schema":{"@context":"https:\/\/schema.org","@graph":[{"@type":"WebPage","@id":"https:\/\/maximaloc.com\/services\/live\/","url":"https:\/\/maximaloc.com\/services\/live\/","name":"LIVE - Maximaloc","isPartOf":{"@id":"https:\/\/maximaloc.com\/#website"},"primaryImageOfPage":{"@id":"https:\/\/maximaloc.com\/services\/live\/#primaryimage"},"image":{"@id":"https:\/\/maximaloc.com\/services\/live\/#primaryimage"},"thumbnailUrl":"https:\/\/maximaloc.com\/wp-content\/uploads\/2024\/06\/couv_makingof_mma-1024x511.webp","datePublished":"2024-05-27T14:22:25+00:00","dateModified":"2024-08-16T16:15:25+00:00","breadcrumb":{"@id":"https:\/\/maximaloc.com\/services\/live\/#breadcrumb"},"inLanguage":"en-US","potentialAction":[{"@type":"ReadAction","target":["https:\/\/maximaloc.com\/services\/live\/"]}]},{"@type":"ImageObject","inLanguage":"en-US","@id":"https:\/\/maximaloc.com\/services\/live\/#primaryimage","url":"https:\/\/maximaloc.com\/wp-content\/uploads\/2024\/06\/couv_makingof_mma-1024x511.webp","contentUrl":"https:\/\/maximaloc.com\/wp-content\/uploads\/2024\/06\/couv_makingof_mma-1024x511.webp"},{"@type":"BreadcrumbList","@id":"https:\/\/maximaloc.com\/services\/live\/#breadcrumb","itemListElement":[{"@type":"ListItem","position":1,"name":"Accueil","item":"https:\/\/maximaloc.com\/"},{"@type":"ListItem","position":2,"name":"Services","item":"https:\/\/maximaloc.com\/services\/"},{"@type":"ListItem","position":3,"name":"LIVE"}]},{"@type":"WebSite","@id":"https:\/\/maximaloc.com\/#website","url":"https:\/\/maximaloc.com\/","name":"Maximaloc","description":"","publisher":{"@id":"https:\/\/maximaloc.com\/#organization"},"potentialAction":[{"@type":"SearchAction","target":{"@type":"EntryPoint","urlTemplate":"https:\/\/maximaloc.com\/?s={search_term_string}"},"query-input":{"@type":"PropertyValueSpecification","valueRequired":true,"valueName":"search_term_string"}}],"inLanguage":"en-US"},{"@type":"Organization","@id":"https:\/\/maximaloc.com\/#organization","name":"Maximaloc","url":"https:\/\/maximaloc.com\/","logo":{"@type":"ImageObject","inLanguage":"en-US","@id":"https:\/\/maximaloc.com\/#\/schema\/logo\/image\/","url":"https:\/\/maximaloc.com\/wp-content\/uploads\/2024\/03\/logo_noir.png","contentUrl":"https:\/\/maximaloc.com\/wp-content\/uploads\/2024\/03\/logo_noir.png","width":11750,"height":1231,"caption":"Maximaloc"},"image":{"@id":"https:\/\/maximaloc.com\/#\/schema\/logo\/image\/"},"sameAs":["https:\/\/www.facebook.com\/Maximalocation"]}]}},"_links":{"self":[{"href":"https:\/\/maximaloc.com\/en\/wp-json\/wp\/v2\/pages\/8723","targetHints":{"allow":["GET"]}}],"collection":[{"href":"https:\/\/maximaloc.com\/en\/wp-json\/wp\/v2\/pages"}],"about":[{"href":"https:\/\/maximaloc.com\/en\/wp-json\/wp\/v2\/types\/page"}],"author":[{"embeddable":true,"href":"https:\/\/maximaloc.com\/en\/wp-json\/wp\/v2\/users\/1"}],"replies":[{"embeddable":true,"href":"https:\/\/maximaloc.com\/en\/wp-json\/wp\/v2\/comments?post=8723"}],"version-history":[{"count":23,"href":"https:\/\/maximaloc.com\/en\/wp-json\/wp\/v2\/pages\/8723\/revisions"}],"predecessor-version":[{"id":16315,"href":"https:\/\/maximaloc.com\/en\/wp-json\/wp\/v2\/pages\/8723\/revisions\/16315"}],"up":[{"embeddable":true,"href":"https:\/\/maximaloc.com\/en\/wp-json\/wp\/v2\/pages\/38"}],"wp:attachment":[{"href":"https:\/\/maximaloc.com\/en\/wp-json\/wp\/v2\/media?parent=8723"}],"curies":[{"name":"wp","href":"https:\/\/api.w.org\/{rel}","templated":true}]}}