 {"id":8729,"date":"2024-05-27T16:24:09","date_gmt":"2024-05-27T14:24:09","guid":{"rendered":"https:\/\/maximaloc.com\/?page_id=8729"},"modified":"2024-08-17T00:50:52","modified_gmt":"2024-08-16T22:50:52","slug":"evenementiel","status":"publish","type":"page","link":"https:\/\/maximaloc.com\/en\/services\/evenementiel\/","title":{"rendered":"EVENTS"},"content":{"rendered":"<div data-elementor-type=\"wp-page\" data-elementor-id=\"8729\" class=\"elementor elementor-8729\" data-elementor-post-type=\"page\">\n\t\t\t\t<div class=\"elementor-element elementor-element-3a2bfd3 e-flex e-con-boxed e-con e-parent\" data-id=\"3a2bfd3\" data-element_type=\"container\" data-settings=\"{&quot;background_background&quot;:&quot;classic&quot;}\">\n\t\t\t\t\t<div class=\"e-con-inner\">\n\t\t\t\t<div class=\"elementor-element elementor-element-a51642f elementor-widget elementor-widget-heading\" data-id=\"a51642f\" data-element_type=\"widget\" data-widget_type=\"heading.default\">\n\t\t\t\t<div class=\"elementor-widget-container\">\n\t\t\t\t\t<h2 class=\"elementor-heading-title elementor-size-default\">EVENTS<\/h2>\t\t\t\t<\/div>\n\t\t\t\t<\/div>\n\t\t\t\t\t<\/div>\n\t\t\t\t<\/div>\n\t\t<div class=\"elementor-element elementor-element-9c010d7 e-flex e-con-boxed e-con e-parent\" data-id=\"9c010d7\" data-element_type=\"container\">\n\t\t\t\t\t<div class=\"e-con-inner\">\n\t\t\t\t<div class=\"elementor-element elementor-element-e3e67bf elementor-widget elementor-widget-heading\" data-id=\"e3e67bf\" data-element_type=\"widget\" data-widget_type=\"heading.default\">\n\t\t\t\t<div class=\"elementor-widget-container\">\n\t\t\t\t\t<h2 class=\"elementor-heading-title elementor-size-default\">Services \u00c9v\u00e9nementiels Professionnels par MaximaLoc\n<\/h2>\t\t\t\t<\/div>\n\t\t\t\t<\/div>\n\t\t\t\t<div class=\"elementor-element elementor-element-74c8f21 elementor-widget elementor-widget-text-editor\" data-id=\"74c8f21\" data-element_type=\"widget\" data-widget_type=\"text-editor.default\">\n\t\t\t\t<div class=\"elementor-widget-container\">\n\t\t\t\t\t\t\t\t\t<p class=\"font_8 wixui-rich-text__text\">Bienvenue chez MaximaLoc, votre partenaire de confiance pour des solutions \u00e9v\u00e9nementielles audiovisuelles exceptionnelles. Au c\u0153ur de Paris, nous transformons vos id\u00e9es en exp\u00e9riences m\u00e9morables. Notre expertise ? Donner vie \u00e0 vos \u00e9v\u00e9nements gr\u00e2ce \u00e0 une technologie de pointe et une \u00e9quipe d\u00e9di\u00e9e \u00e0 votre succ\u00e8s.<\/p>\t\t\t\t\t\t\t\t<\/div>\n\t\t\t\t<\/div>\n\t\t\t\t\t<\/div>\n\t\t\t\t<\/div>\n\t\t<div class=\"elementor-element elementor-element-c8fd314 e-flex e-con-boxed e-con e-parent\" data-id=\"c8fd314\" data-element_type=\"container\">\n\t\t\t\t\t<div class=\"e-con-inner\">\n\t\t\t\t<div class=\"elementor-element elementor-element-f504b4f elementor-widget elementor-widget-text-editor\" data-id=\"f504b4f\" data-element_type=\"widget\" data-widget_type=\"text-editor.default\">\n\t\t\t\t<div class=\"elementor-widget-container\">\n\t\t\t\t\t\t\t\t\t<h5 class=\"font_8 wixui-rich-text__text\"><strong><span class=\"wixui-rich-text__text\">Nos Services \u00c9v\u00e9nementiels<\/span><\/strong><\/h5><p class=\"font_8 wixui-rich-text__text\"><strong><span class=\"wixui-rich-text__text\">Installation Audiovisuelle Compl\u00e8te<\/span>\u00a0:<\/strong><\/p><p class=\"font_8 wixui-rich-text__text\">Nous fournissons et installons un \u00e9quipement audiovisuel de haute qualit\u00e9 adapt\u00e9 \u00e0 tous types d&#8217;\u00e9v\u00e9nements, grands ou petits.<\/p><p class=\"font_8 wixui-rich-text__text\">Production Vid\u00e9o en Direct : Captivez votre audience avec nos solutions de streaming live, garantissant une transmission fluide et professionnelle.<\/p><p class=\"font_8 wixui-rich-text__text\"><strong><span class=\"wixui-rich-text__text\">Solutions d&#8217;\u00c9clairage Innovantes<\/span>\u00a0:<\/strong> De l&#8217;ambiance intime aux spectacles grandioses, notre gamme d&#8217;\u00e9clairage cr\u00e9e l&#8217;atmosph\u00e8re parfaite pour votre \u00e9v\u00e9nement.<\/p><p>\u00a0<\/p><h5 class=\"font_3 wixui-rich-text__text\"><span class=\"wixui-rich-text__text\">Pourquoi Choisir MaximaLoc ?<\/span><\/h5><p class=\"font_8 wixui-rich-text__text\"><strong><span class=\"wixui-rich-text__text\">Expertise et Innovation<\/span>\u00a0:<\/strong> Forts de nombreuses ann\u00e9es d&#8217;exp\u00e9rience, nous apportons savoir-faire et innovation \u00e0 chaque projet.<\/p><p class=\"font_8 wixui-rich-text__text\"><strong>Succ\u00e8s Confirm\u00e9s :<\/strong> Nos r\u00e9alisations parlent d&#8217;elles-m\u00eames. Des conf\u00e9rences d&#8217;entreprise aux concerts, nous avons une histoire riche en \u00e9v\u00e9nements r\u00e9ussis.<\/p><p class=\"font_8 wixui-rich-text__text\"><strong><span class=\"wixui-rich-text__text\">Service Client In\u00e9gal\u00e9<\/span>\u00a0:<\/strong> Chaque client est unique. Nous offrons des solutions personnalis\u00e9es pour r\u00e9pondre pr\u00e9cis\u00e9ment \u00e0 vos besoins.<\/p>\t\t\t\t\t\t\t\t<\/div>\n\t\t\t\t<\/div>\n\t\t\t\t<div class=\"elementor-element elementor-element-5b2aca9 elementor-align-center elementor-widget elementor-widget-button\" data-id=\"5b2aca9\" data-element_type=\"widget\" data-widget_type=\"button.default\">\n\t\t\t\t<div class=\"elementor-widget-container\">\n\t\t\t\t\t\t\t\t\t<div class=\"elementor-button-wrapper\">\n\t\t\t\t\t<a class=\"elementor-button elementor-button-link elementor-size-sm\" href=\"\/en\/contact\/\">\n\t\t\t\t\t\t<span class=\"elementor-button-content-wrapper\">\n\t\t\t\t\t\t\t\t\t<span class=\"elementor-button-text\">Contactez-nous<\/span>\n\t\t\t\t\t<\/span>\n\t\t\t\t\t<\/a>\n\t\t\t\t<\/div>\n\t\t\t\t\t\t\t\t<\/div>\n\t\t\t\t<\/div>\n\t\t\t\t\t<\/div>\n\t\t\t\t<\/div>\n\t\t\t\t<\/div>","protected":false},"excerpt":{"rendered":"<p>\u00c9V\u00c9NEMENTIEL Services \u00c9v\u00e9nementiels Professionnels par MaximaLoc Bienvenue chez MaximaLoc, votre partenaire de confiance pour des solutions \u00e9v\u00e9nementielles audiovisuelles exceptionnelles. Au&#8230;<\/p>","protected":false},"author":1,"featured_media":0,"parent":38,"menu_order":0,"comment_status":"closed","ping_status":"closed","template":"elementor_header_footer","meta":{"footnotes":""},"class_list":["post-8729","page","type-page","status-publish","hentry"],"yoast_head":"<!-- This site is optimized with the Yoast SEO plugin v24.1 - https:\/\/yoast.com\/wordpress\/plugins\/seo\/ -->\n<title>\u00c9V\u00c9NEMENTIEL - Maximaloc<\/title>\n<meta name=\"robots\" content=\"index, follow, max-snippet:-1, max-image-preview:large, max-video-preview:-1\" \/>\n<link rel=\"canonical\" href=\"https:\/\/maximaloc.com\/en\/services\/evenementiel\/\" \/>\n<meta property=\"og:locale\" content=\"en_US\" \/>\n<meta property=\"og:type\" content=\"article\" \/>\n<meta property=\"og:title\" content=\"\u00c9V\u00c9NEMENTIEL - Maximaloc\" \/>\n<meta property=\"og:description\" content=\"\u00c9V\u00c9NEMENTIEL Services \u00c9v\u00e9nementiels Professionnels par MaximaLoc Bienvenue chez MaximaLoc, votre partenaire de confiance pour des solutions \u00e9v\u00e9nementielles audiovisuelles exceptionnelles. Au...\" \/>\n<meta property=\"og:url\" content=\"https:\/\/maximaloc.com\/en\/services\/evenementiel\/\" \/>\n<meta property=\"og:site_name\" content=\"Maximaloc\" \/>\n<meta property=\"article:publisher\" content=\"https:\/\/www.facebook.com\/Maximalocation\" \/>\n<meta property=\"article:modified_time\" content=\"2024-08-16T22:50:52+00:00\" \/>\n<meta property=\"og:image\" content=\"https:\/\/maximaloc.com\/wp-content\/uploads\/2024\/09\/website.webp\" \/>\n\t<meta property=\"og:image:width\" content=\"1230\" \/>\n\t<meta property=\"og:image:height\" content=\"675\" \/>\n\t<meta property=\"og:image:type\" content=\"image\/webp\" \/>\n<meta name=\"twitter:card\" content=\"summary_large_image\" \/>\n<meta name=\"twitter:label1\" content=\"Est. reading time\" \/>\n\t<meta name=\"twitter:data1\" content=\"1 minute\" \/>\n<script type=\"application\/ld+json\" class=\"yoast-schema-graph\">{\"@context\":\"https:\/\/schema.org\",\"@graph\":[{\"@type\":\"WebPage\",\"@id\":\"https:\/\/maximaloc.com\/services\/evenementiel\/\",\"url\":\"https:\/\/maximaloc.com\/services\/evenementiel\/\",\"name\":\"\u00c9V\u00c9NEMENTIEL - Maximaloc\",\"isPartOf\":{\"@id\":\"https:\/\/maximaloc.com\/#website\"},\"datePublished\":\"2024-05-27T14:24:09+00:00\",\"dateModified\":\"2024-08-16T22:50:52+00:00\",\"breadcrumb\":{\"@id\":\"https:\/\/maximaloc.com\/services\/evenementiel\/#breadcrumb\"},\"inLanguage\":\"en-US\",\"potentialAction\":[{\"@type\":\"ReadAction\",\"target\":[\"https:\/\/maximaloc.com\/services\/evenementiel\/\"]}]},{\"@type\":\"BreadcrumbList\",\"@id\":\"https:\/\/maximaloc.com\/services\/evenementiel\/#breadcrumb\",\"itemListElement\":[{\"@type\":\"ListItem\",\"position\":1,\"name\":\"Accueil\",\"item\":\"https:\/\/maximaloc.com\/\"},{\"@type\":\"ListItem\",\"position\":2,\"name\":\"Services\",\"item\":\"https:\/\/maximaloc.com\/services\/\"},{\"@type\":\"ListItem\",\"position\":3,\"name\":\"\u00c9V\u00c9NEMENTIEL\"}]},{\"@type\":\"WebSite\",\"@id\":\"https:\/\/maximaloc.com\/#website\",\"url\":\"https:\/\/maximaloc.com\/\",\"name\":\"Maximaloc\",\"description\":\"\",\"publisher\":{\"@id\":\"https:\/\/maximaloc.com\/#organization\"},\"potentialAction\":[{\"@type\":\"SearchAction\",\"target\":{\"@type\":\"EntryPoint\",\"urlTemplate\":\"https:\/\/maximaloc.com\/?s={search_term_string}\"},\"query-input\":{\"@type\":\"PropertyValueSpecification\",\"valueRequired\":true,\"valueName\":\"search_term_string\"}}],\"inLanguage\":\"en-US\"},{\"@type\":\"Organization\",\"@id\":\"https:\/\/maximaloc.com\/#organization\",\"name\":\"Maximaloc\",\"url\":\"https:\/\/maximaloc.com\/\",\"logo\":{\"@type\":\"ImageObject\",\"inLanguage\":\"en-US\",\"@id\":\"https:\/\/maximaloc.com\/#\/schema\/logo\/image\/\",\"url\":\"https:\/\/maximaloc.com\/wp-content\/uploads\/2024\/03\/logo_noir.png\",\"contentUrl\":\"https:\/\/maximaloc.com\/wp-content\/uploads\/2024\/03\/logo_noir.png\",\"width\":11750,\"height\":1231,\"caption\":\"Maximaloc\"},\"image\":{\"@id\":\"https:\/\/maximaloc.com\/#\/schema\/logo\/image\/\"},\"sameAs\":[\"https:\/\/www.facebook.com\/Maximalocation\"]}]}<\/script>\n<!-- \/ Yoast SEO plugin. -->","yoast_head_json":{"title":"\u00c9V\u00c9NEMENTIEL - Maximaloc","robots":{"index":"index","follow":"follow","max-snippet":"max-snippet:-1","max-image-preview":"max-image-preview:large","max-video-preview":"max-video-preview:-1"},"canonical":"https:\/\/maximaloc.com\/en\/services\/evenementiel\/","og_locale":"en_US","og_type":"article","og_title":"\u00c9V\u00c9NEMENTIEL - Maximaloc","og_description":"\u00c9V\u00c9NEMENTIEL Services \u00c9v\u00e9nementiels Professionnels par MaximaLoc Bienvenue chez MaximaLoc, votre partenaire de confiance pour des solutions \u00e9v\u00e9nementielles audiovisuelles exceptionnelles. Au...","og_url":"https:\/\/maximaloc.com\/en\/services\/evenementiel\/","og_site_name":"Maximaloc","article_publisher":"https:\/\/www.facebook.com\/Maximalocation","article_modified_time":"2024-08-16T22:50:52+00:00","og_image":[{"width":1230,"height":675,"url":"https:\/\/maximaloc.com\/wp-content\/uploads\/2024\/09\/website.webp","type":"image\/webp"}],"twitter_card":"summary_large_image","twitter_misc":{"Est. reading time":"1 minute"},"schema":{"@context":"https:\/\/schema.org","@graph":[{"@type":"WebPage","@id":"https:\/\/maximaloc.com\/services\/evenementiel\/","url":"https:\/\/maximaloc.com\/services\/evenementiel\/","name":"\u00c9V\u00c9NEMENTIEL - Maximaloc","isPartOf":{"@id":"https:\/\/maximaloc.com\/#website"},"datePublished":"2024-05-27T14:24:09+00:00","dateModified":"2024-08-16T22:50:52+00:00","breadcrumb":{"@id":"https:\/\/maximaloc.com\/services\/evenementiel\/#breadcrumb"},"inLanguage":"en-US","potentialAction":[{"@type":"ReadAction","target":["https:\/\/maximaloc.com\/services\/evenementiel\/"]}]},{"@type":"BreadcrumbList","@id":"https:\/\/maximaloc.com\/services\/evenementiel\/#breadcrumb","itemListElement":[{"@type":"ListItem","position":1,"name":"Accueil","item":"https:\/\/maximaloc.com\/"},{"@type":"ListItem","position":2,"name":"Services","item":"https:\/\/maximaloc.com\/services\/"},{"@type":"ListItem","position":3,"name":"\u00c9V\u00c9NEMENTIEL"}]},{"@type":"WebSite","@id":"https:\/\/maximaloc.com\/#website","url":"https:\/\/maximaloc.com\/","name":"Maximaloc","description":"","publisher":{"@id":"https:\/\/maximaloc.com\/#organization"},"potentialAction":[{"@type":"SearchAction","target":{"@type":"EntryPoint","urlTemplate":"https:\/\/maximaloc.com\/?s={search_term_string}"},"query-input":{"@type":"PropertyValueSpecification","valueRequired":true,"valueName":"search_term_string"}}],"inLanguage":"en-US"},{"@type":"Organization","@id":"https:\/\/maximaloc.com\/#organization","name":"Maximaloc","url":"https:\/\/maximaloc.com\/","logo":{"@type":"ImageObject","inLanguage":"en-US","@id":"https:\/\/maximaloc.com\/#\/schema\/logo\/image\/","url":"https:\/\/maximaloc.com\/wp-content\/uploads\/2024\/03\/logo_noir.png","contentUrl":"https:\/\/maximaloc.com\/wp-content\/uploads\/2024\/03\/logo_noir.png","width":11750,"height":1231,"caption":"Maximaloc"},"image":{"@id":"https:\/\/maximaloc.com\/#\/schema\/logo\/image\/"},"sameAs":["https:\/\/www.facebook.com\/Maximalocation"]}]}},"_links":{"self":[{"href":"https:\/\/maximaloc.com\/en\/wp-json\/wp\/v2\/pages\/8729","targetHints":{"allow":["GET"]}}],"collection":[{"href":"https:\/\/maximaloc.com\/en\/wp-json\/wp\/v2\/pages"}],"about":[{"href":"https:\/\/maximaloc.com\/en\/wp-json\/wp\/v2\/types\/page"}],"author":[{"embeddable":true,"href":"https:\/\/maximaloc.com\/en\/wp-json\/wp\/v2\/users\/1"}],"replies":[{"embeddable":true,"href":"https:\/\/maximaloc.com\/en\/wp-json\/wp\/v2\/comments?post=8729"}],"version-history":[{"count":17,"href":"https:\/\/maximaloc.com\/en\/wp-json\/wp\/v2\/pages\/8729\/revisions"}],"predecessor-version":[{"id":16634,"href":"https:\/\/maximaloc.com\/en\/wp-json\/wp\/v2\/pages\/8729\/revisions\/16634"}],"up":[{"embeddable":true,"href":"https:\/\/maximaloc.com\/en\/wp-json\/wp\/v2\/pages\/38"}],"wp:attachment":[{"href":"https:\/\/maximaloc.com\/en\/wp-json\/wp\/v2\/media?parent=8729"}],"curies":[{"name":"wp","href":"https:\/\/api.w.org\/{rel}","templated":true}]}}