 {"id":10411,"date":"2024-06-12T12:14:50","date_gmt":"2024-06-12T10:14:50","guid":{"rendered":"https:\/\/maximaloc.com\/produit\/crosse-epaule-simple-1x-vis\/"},"modified":"2026-04-13T20:10:06","modified_gmt":"2026-04-13T18:10:06","slug":"crosse-epaule-simple","status":"publish","type":"product","link":"https:\/\/maximaloc.com\/en\/product\/crosse-epaule-simple\/","title":{"rendered":"CROSSE EPAULE SIMPLE"},"content":{"rendered":"<p>L&#8217;\u00c9pauli\u00e8re DSLR est un stabilisateur d&#8217;\u00e9paule ergonomique, id\u00e9al pour les appareils photo reflex, hybrides num\u00e9riques et cam\u00e9ras vid\u00e9o de petite taille. Sa conception permet une utilisation rapide et confortable, avec une crosse d&#8217;\u00e9paule qui assure une prise en main stable. La poign\u00e9e unique de l&#8217;\u00e9pauli\u00e8re et son contrepoid lib\u00e8rent une main, facilitant le contr\u00f4le du zoom et du focus mais aussi d&#8217; avoir les mains libres pour faire autre chose. Ce stabilisateur offre une grande flexibilit\u00e9 : la hauteur du support de cam\u00e9ra et la distance par rapport \u00e0 l&#8217;\u00e9pauli\u00e8re sont enti\u00e8rement ajustables pour s&#8217;adapter \u00e0 diff\u00e9rents \u00e9quipements et pr\u00e9f\u00e9rences personnelles. De plus, la poign\u00e9e est adaptable pour les gauchers comme pour les droitiers. Le contrepoids \u00e0 l&#8217;arri\u00e8re \u00e9quilibre le poids de la cam\u00e9ra, minimise la fatigue lors de prises de vue longues et en garantit une stabilit\u00e9 accrue.<\/p>\n<p><strong>Points Forts :<\/strong><\/p>\n<ul>\n<li>Compacte et facile d\u2019utilisation<\/li>\n<li>R\u00e9glage hauteur et distance de la semelle<\/li>\n<li>Poign\u00e9e rembourr\u00e9e tr\u00e8s confortable<\/li>\n<li>Contrepoids\u00a0= \u00e9quilibre optimal \/ r\u00e9duction de la\u00a0fatigue<\/li>\n<\/ul>","protected":false},"excerpt":{"rendered":"<p>Epauli\u00e8re 1 poign\u00e9e<\/p>\n<p>Compatibilit\u00e9 : Petites Cam\u00e9ras<\/p>\n<p>Poids support\u00e9 : 5kg<\/p>\n<p>Poids : 3.75 Kg<\/p>","protected":false},"featured_media":10593,"template":"","meta":[],"product_cat":[363],"product_tag":[199,370],"class_list":{"0":"post-10411","1":"product","2":"type-product","3":"status-publish","4":"has-post-thumbnail","6":"product_cat-epauliere-cage","7":"product_tag-hybride-dslr","8":"product_tag-camera","10":"first","11":"instock","12":"taxable","13":"shipping-taxable","14":"purchasable","15":"product-type-rentable"},"yoast_head":"<!-- This site is optimized with the Yoast SEO plugin v27.4 - https:\/\/yoast.com\/product\/yoast-seo-wordpress\/ -->\n<title>CROSSE EPAULE SIMPLE - Maximaloc<\/title>\n<meta name=\"robots\" content=\"index, follow, max-snippet:-1, max-image-preview:large, max-video-preview:-1\" \/>\n<link rel=\"canonical\" href=\"https:\/\/maximaloc.com\/en\/product\/crosse-epaule-simple\/\" \/>\n<meta property=\"og:locale\" content=\"en_US\" \/>\n<meta property=\"og:type\" content=\"article\" \/>\n<meta property=\"og:title\" content=\"CROSSE EPAULE SIMPLE - Maximaloc\" \/>\n<meta property=\"og:description\" content=\"Epauli\u00e8re 1 poign\u00e9e Compatibilit\u00e9 : Petites Cam\u00e9ras Poids support\u00e9 : 5kg Poids : 3.75 Kg\" \/>\n<meta property=\"og:url\" content=\"https:\/\/maximaloc.com\/en\/product\/crosse-epaule-simple\/\" \/>\n<meta property=\"og:site_name\" content=\"Maximaloc\" \/>\n<meta property=\"article:publisher\" content=\"https:\/\/www.facebook.com\/Maximalocation\" \/>\n<meta property=\"article:modified_time\" content=\"2026-04-13T18:10:06+00:00\" \/>\n<meta property=\"og:image\" content=\"https:\/\/maximaloc.com\/wp-content\/uploads\/2024\/06\/epauliere-dslr-1.webp\" \/>\n\t<meta property=\"og:image:width\" content=\"580\" \/>\n\t<meta property=\"og:image:height\" content=\"420\" \/>\n\t<meta property=\"og:image:type\" content=\"image\/webp\" \/>\n<meta name=\"twitter:card\" content=\"summary_large_image\" \/>\n<meta name=\"twitter:label1\" content=\"Est. reading time\" \/>\n\t<meta name=\"twitter:data1\" content=\"2 minutes\" \/>\n<script type=\"application\/ld+json\" class=\"yoast-schema-graph\">{\"@context\":\"https:\\\/\\\/schema.org\",\"@graph\":[{\"@type\":\"WebPage\",\"@id\":\"https:\\\/\\\/maximaloc.com\\\/produit\\\/crosse-epaule-simple\\\/\",\"url\":\"https:\\\/\\\/maximaloc.com\\\/produit\\\/crosse-epaule-simple\\\/\",\"name\":\"CROSSE EPAULE SIMPLE - Maximaloc\",\"isPartOf\":{\"@id\":\"https:\\\/\\\/maximaloc.com\\\/#website\"},\"primaryImageOfPage\":{\"@id\":\"https:\\\/\\\/maximaloc.com\\\/produit\\\/crosse-epaule-simple\\\/#primaryimage\"},\"image\":{\"@id\":\"https:\\\/\\\/maximaloc.com\\\/produit\\\/crosse-epaule-simple\\\/#primaryimage\"},\"thumbnailUrl\":\"https:\\\/\\\/maximaloc.com\\\/wp-content\\\/uploads\\\/2024\\\/06\\\/epauliere-dslr-1.webp\",\"datePublished\":\"2024-06-12T10:14:50+00:00\",\"dateModified\":\"2026-04-13T18:10:06+00:00\",\"breadcrumb\":{\"@id\":\"https:\\\/\\\/maximaloc.com\\\/produit\\\/crosse-epaule-simple\\\/#breadcrumb\"},\"inLanguage\":\"en-US\",\"potentialAction\":[{\"@type\":\"ReadAction\",\"target\":[\"https:\\\/\\\/maximaloc.com\\\/produit\\\/crosse-epaule-simple\\\/\"]}]},{\"@type\":\"ImageObject\",\"inLanguage\":\"en-US\",\"@id\":\"https:\\\/\\\/maximaloc.com\\\/produit\\\/crosse-epaule-simple\\\/#primaryimage\",\"url\":\"https:\\\/\\\/maximaloc.com\\\/wp-content\\\/uploads\\\/2024\\\/06\\\/epauliere-dslr-1.webp\",\"contentUrl\":\"https:\\\/\\\/maximaloc.com\\\/wp-content\\\/uploads\\\/2024\\\/06\\\/epauliere-dslr-1.webp\",\"width\":580,\"height\":420,\"caption\":\"Cross Epaule 1 poign\u00e9e SevenOak SK-R01 avec contrepoids en location\"},{\"@type\":\"BreadcrumbList\",\"@id\":\"https:\\\/\\\/maximaloc.com\\\/produit\\\/crosse-epaule-simple\\\/#breadcrumb\",\"itemListElement\":[{\"@type\":\"ListItem\",\"position\":1,\"name\":\"Accueil\",\"item\":\"https:\\\/\\\/maximaloc.com\\\/\"},{\"@type\":\"ListItem\",\"position\":2,\"name\":\"BOUTIQUE\",\"item\":\"https:\\\/\\\/maximaloc.com\\\/boutique\\\/\"},{\"@type\":\"ListItem\",\"position\":3,\"name\":\"CROSSE EPAULE SIMPLE\"}]},{\"@type\":\"WebSite\",\"@id\":\"https:\\\/\\\/maximaloc.com\\\/#website\",\"url\":\"https:\\\/\\\/maximaloc.com\\\/\",\"name\":\"Maximaloc\",\"description\":\"\",\"publisher\":{\"@id\":\"https:\\\/\\\/maximaloc.com\\\/#organization\"},\"potentialAction\":[{\"@type\":\"SearchAction\",\"target\":{\"@type\":\"EntryPoint\",\"urlTemplate\":\"https:\\\/\\\/maximaloc.com\\\/?s={search_term_string}\"},\"query-input\":{\"@type\":\"PropertyValueSpecification\",\"valueRequired\":true,\"valueName\":\"search_term_string\"}}],\"inLanguage\":\"en-US\"},{\"@type\":\"Organization\",\"@id\":\"https:\\\/\\\/maximaloc.com\\\/#organization\",\"name\":\"Maximaloc\",\"url\":\"https:\\\/\\\/maximaloc.com\\\/\",\"logo\":{\"@type\":\"ImageObject\",\"inLanguage\":\"en-US\",\"@id\":\"https:\\\/\\\/maximaloc.com\\\/#\\\/schema\\\/logo\\\/image\\\/\",\"url\":\"https:\\\/\\\/maximaloc.com\\\/wp-content\\\/uploads\\\/2024\\\/03\\\/logo_noir-scaled.png\",\"contentUrl\":\"https:\\\/\\\/maximaloc.com\\\/wp-content\\\/uploads\\\/2024\\\/03\\\/logo_noir-scaled.png\",\"width\":2560,\"height\":268,\"caption\":\"Maximaloc\"},\"image\":{\"@id\":\"https:\\\/\\\/maximaloc.com\\\/#\\\/schema\\\/logo\\\/image\\\/\"},\"sameAs\":[\"https:\\\/\\\/www.facebook.com\\\/Maximalocation\"]}]}<\/script>\n<!-- \/ Yoast SEO plugin. -->","yoast_head_json":{"title":"CROSSE EPAULE SIMPLE - Maximaloc","robots":{"index":"index","follow":"follow","max-snippet":"max-snippet:-1","max-image-preview":"max-image-preview:large","max-video-preview":"max-video-preview:-1"},"canonical":"https:\/\/maximaloc.com\/en\/product\/crosse-epaule-simple\/","og_locale":"en_US","og_type":"article","og_title":"CROSSE EPAULE SIMPLE - Maximaloc","og_description":"Epauli\u00e8re 1 poign\u00e9e Compatibilit\u00e9 : Petites Cam\u00e9ras Poids support\u00e9 : 5kg Poids : 3.75 Kg","og_url":"https:\/\/maximaloc.com\/en\/product\/crosse-epaule-simple\/","og_site_name":"Maximaloc","article_publisher":"https:\/\/www.facebook.com\/Maximalocation","article_modified_time":"2026-04-13T18:10:06+00:00","og_image":[{"width":580,"height":420,"url":"https:\/\/maximaloc.com\/wp-content\/uploads\/2024\/06\/epauliere-dslr-1.webp","type":"image\/webp"}],"twitter_card":"summary_large_image","twitter_misc":{"Est. reading time":"2 minutes"},"schema":{"@context":"https:\/\/schema.org","@graph":[{"@type":"WebPage","@id":"https:\/\/maximaloc.com\/produit\/crosse-epaule-simple\/","url":"https:\/\/maximaloc.com\/produit\/crosse-epaule-simple\/","name":"CROSSE EPAULE SIMPLE - Maximaloc","isPartOf":{"@id":"https:\/\/maximaloc.com\/#website"},"primaryImageOfPage":{"@id":"https:\/\/maximaloc.com\/produit\/crosse-epaule-simple\/#primaryimage"},"image":{"@id":"https:\/\/maximaloc.com\/produit\/crosse-epaule-simple\/#primaryimage"},"thumbnailUrl":"https:\/\/maximaloc.com\/wp-content\/uploads\/2024\/06\/epauliere-dslr-1.webp","datePublished":"2024-06-12T10:14:50+00:00","dateModified":"2026-04-13T18:10:06+00:00","breadcrumb":{"@id":"https:\/\/maximaloc.com\/produit\/crosse-epaule-simple\/#breadcrumb"},"inLanguage":"en-US","potentialAction":[{"@type":"ReadAction","target":["https:\/\/maximaloc.com\/produit\/crosse-epaule-simple\/"]}]},{"@type":"ImageObject","inLanguage":"en-US","@id":"https:\/\/maximaloc.com\/produit\/crosse-epaule-simple\/#primaryimage","url":"https:\/\/maximaloc.com\/wp-content\/uploads\/2024\/06\/epauliere-dslr-1.webp","contentUrl":"https:\/\/maximaloc.com\/wp-content\/uploads\/2024\/06\/epauliere-dslr-1.webp","width":580,"height":420,"caption":"Cross Epaule 1 poign\u00e9e SevenOak SK-R01 avec contrepoids en location"},{"@type":"BreadcrumbList","@id":"https:\/\/maximaloc.com\/produit\/crosse-epaule-simple\/#breadcrumb","itemListElement":[{"@type":"ListItem","position":1,"name":"Accueil","item":"https:\/\/maximaloc.com\/"},{"@type":"ListItem","position":2,"name":"BOUTIQUE","item":"https:\/\/maximaloc.com\/boutique\/"},{"@type":"ListItem","position":3,"name":"CROSSE EPAULE SIMPLE"}]},{"@type":"WebSite","@id":"https:\/\/maximaloc.com\/#website","url":"https:\/\/maximaloc.com\/","name":"Maximaloc","description":"","publisher":{"@id":"https:\/\/maximaloc.com\/#organization"},"potentialAction":[{"@type":"SearchAction","target":{"@type":"EntryPoint","urlTemplate":"https:\/\/maximaloc.com\/?s={search_term_string}"},"query-input":{"@type":"PropertyValueSpecification","valueRequired":true,"valueName":"search_term_string"}}],"inLanguage":"en-US"},{"@type":"Organization","@id":"https:\/\/maximaloc.com\/#organization","name":"Maximaloc","url":"https:\/\/maximaloc.com\/","logo":{"@type":"ImageObject","inLanguage":"en-US","@id":"https:\/\/maximaloc.com\/#\/schema\/logo\/image\/","url":"https:\/\/maximaloc.com\/wp-content\/uploads\/2024\/03\/logo_noir-scaled.png","contentUrl":"https:\/\/maximaloc.com\/wp-content\/uploads\/2024\/03\/logo_noir-scaled.png","width":2560,"height":268,"caption":"Maximaloc"},"image":{"@id":"https:\/\/maximaloc.com\/#\/schema\/logo\/image\/"},"sameAs":["https:\/\/www.facebook.com\/Maximalocation"]}]}},"_links":{"self":[{"href":"https:\/\/maximaloc.com\/en\/wp-json\/wp\/v2\/product\/10411","targetHints":{"allow":["GET"]}}],"collection":[{"href":"https:\/\/maximaloc.com\/en\/wp-json\/wp\/v2\/product"}],"about":[{"href":"https:\/\/maximaloc.com\/en\/wp-json\/wp\/v2\/types\/product"}],"wp:featuredmedia":[{"embeddable":true,"href":"https:\/\/maximaloc.com\/en\/wp-json\/wp\/v2\/media\/10593"}],"wp:attachment":[{"href":"https:\/\/maximaloc.com\/en\/wp-json\/wp\/v2\/media?parent=10411"}],"wp:term":[{"taxonomy":"product_cat","embeddable":true,"href":"https:\/\/maximaloc.com\/en\/wp-json\/wp\/v2\/product_cat?post=10411"},{"taxonomy":"product_tag","embeddable":true,"href":"https:\/\/maximaloc.com\/en\/wp-json\/wp\/v2\/product_tag?post=10411"}],"curies":[{"name":"wp","href":"https:\/\/api.w.org\/{rel}","templated":true}]}}