 {"id":10441,"date":"2024-06-12T12:25:04","date_gmt":"2024-06-12T10:25:04","guid":{"rendered":"https:\/\/maximaloc.com\/produit\/tilta-dolly-tss-01\/"},"modified":"2026-04-13T20:44:00","modified_gmt":"2026-04-13T18:44:00","slug":"tilta-dolly-tss-01","status":"publish","type":"product","link":"https:\/\/maximaloc.com\/en\/product\/tilta-dolly-tss-01\/","title":{"rendered":"TILTA DOLLY TSS-01"},"content":{"rendered":"<p>Le Tilta TSS-01 est un slider dolly premium, con\u00e7u pour une grande fluidit\u00e9 et stabilit\u00e9 des mouvements de cam\u00e9ra. Plus polyvalent qu&#8217;un slider classique, il est aussi plus l\u00e9ger et compact qu&#8217;une dolly traditionnelle, le rendant id\u00e9al pour des espaces restreints ou difficiles d&#8217;acc\u00e8s.<\/p>\n<p>Sa structure en aluminium robuste lui conf\u00e8re l\u00e9g\u00e8ret\u00e9 et modularit\u00e9, avec des rails assemblables pour trois longueurs possibles : 120 cm, 180 cm, et 240 cm. Cela permet une adaptation \u00e0 divers mouvements et espaces.<\/p>\n<p>Il supporte jusqu&#8217;\u00e0 12 kg avec une t\u00eate fluide Cartoni et 60 kg sans t\u00eate, compatible avec des t\u00eates dot\u00e9es de bowl de 100 mm ou 150 mm. Le syst\u00e8me de fixation plateau de vis 3\/8&#8243; garantit une large compatibilit\u00e9. Facile \u00e0 transporter gr\u00e2ce \u00e0 sa valise \u00e0 roulettes, le Tilta TSS-01 allie performance et praticit\u00e9.<\/p>\n<p>\u00a0<\/p>\n<p><strong>Points forts :<\/strong><\/p>\n<ul>\n<li>Stabilit\u00e9 et fluidit\u00e9 : Mouvements de cam\u00e9ra lisses\u00a0<\/li>\n<li>Longueur Modulaire : 120, 180 ou 240cm<\/li>\n<li>Facile \u00e0 transporter\u00a0<\/li>\n<li>Poids Support\u00e9 : 60 Kg Sans t\u00eate et 12 Kg avec T\u00eate<\/li>\n<li>Compatibilit\u00e9 universelle<\/li>\n<\/ul>","protected":false},"excerpt":{"rendered":"<p>Slider Dolly Manuel<\/p>\n<p>Materiau : Aluminium<\/p>\n<p>Longueur : 120 \/ 180 \/ 240 cm<\/p>\n<p>Poids Support\u00e9 Max : 60\u00a0kg<\/p>","protected":false},"featured_media":10847,"template":"","meta":[],"product_cat":[367],"product_tag":[199,370],"class_list":{"0":"post-10441","1":"product","2":"type-product","3":"status-publish","4":"has-post-thumbnail","6":"product_cat-travelling-slider","7":"product_tag-hybride-dslr","8":"product_tag-camera","10":"first","11":"instock","12":"featured","13":"taxable","14":"shipping-taxable","15":"purchasable","16":"product-type-rentable"},"yoast_head":"<!-- This site is optimized with the Yoast SEO plugin v27.4 - https:\/\/yoast.com\/product\/yoast-seo-wordpress\/ -->\n<title>Slider TILTA TSS-01 Machinerie - Maximaloc<\/title>\n<meta name=\"description\" content=\"Tilta TSS-01 : slider dolly modulaire ultra-fluide, compact et stable. Longueurs ajustables (120, 180, 240 cm), charge jusqu&#039;\u00e0 60 kg, compatible bowl 100\/150 mm.\" \/>\n<meta name=\"robots\" content=\"index, follow, max-snippet:-1, max-image-preview:large, max-video-preview:-1\" \/>\n<link rel=\"canonical\" href=\"https:\/\/maximaloc.com\/en\/product\/tilta-dolly-tss-01\/\" \/>\n<meta property=\"og:locale\" content=\"en_US\" \/>\n<meta property=\"og:type\" content=\"article\" \/>\n<meta property=\"og:title\" content=\"Slider TILTA TSS-01 Machinerie - Maximaloc\" \/>\n<meta property=\"og:description\" content=\"Tilta TSS-01 : slider dolly modulaire ultra-fluide, compact et stable. Longueurs ajustables (120, 180, 240 cm), charge jusqu&#039;\u00e0 60 kg, compatible bowl 100\/150 mm.\" \/>\n<meta property=\"og:url\" content=\"https:\/\/maximaloc.com\/en\/product\/tilta-dolly-tss-01\/\" \/>\n<meta property=\"og:site_name\" content=\"Maximaloc\" \/>\n<meta property=\"article:publisher\" content=\"https:\/\/www.facebook.com\/Maximalocation\" \/>\n<meta property=\"article:modified_time\" content=\"2026-04-13T18:44:00+00:00\" \/>\n<meta property=\"og:image\" content=\"https:\/\/maximaloc.com\/wp-content\/uploads\/2024\/06\/tilta-tss-1.webp\" \/>\n\t<meta property=\"og:image:width\" content=\"580\" \/>\n\t<meta property=\"og:image:height\" content=\"420\" \/>\n\t<meta property=\"og:image:type\" content=\"image\/webp\" \/>\n<meta name=\"twitter:card\" content=\"summary_large_image\" \/>\n<meta name=\"twitter:label1\" content=\"Est. reading time\" \/>\n\t<meta name=\"twitter:data1\" content=\"2 minutes\" \/>\n<script type=\"application\/ld+json\" class=\"yoast-schema-graph\">{\"@context\":\"https:\\\/\\\/schema.org\",\"@graph\":[{\"@type\":\"WebPage\",\"@id\":\"https:\\\/\\\/maximaloc.com\\\/produit\\\/tilta-dolly-tss-01\\\/\",\"url\":\"https:\\\/\\\/maximaloc.com\\\/produit\\\/tilta-dolly-tss-01\\\/\",\"name\":\"Slider TILTA TSS-01 Machinerie - Maximaloc\",\"isPartOf\":{\"@id\":\"https:\\\/\\\/maximaloc.com\\\/#website\"},\"primaryImageOfPage\":{\"@id\":\"https:\\\/\\\/maximaloc.com\\\/produit\\\/tilta-dolly-tss-01\\\/#primaryimage\"},\"image\":{\"@id\":\"https:\\\/\\\/maximaloc.com\\\/produit\\\/tilta-dolly-tss-01\\\/#primaryimage\"},\"thumbnailUrl\":\"https:\\\/\\\/maximaloc.com\\\/wp-content\\\/uploads\\\/2024\\\/06\\\/tilta-tss-1.webp\",\"datePublished\":\"2024-06-12T10:25:04+00:00\",\"dateModified\":\"2026-04-13T18:44:00+00:00\",\"description\":\"Tilta TSS-01 : slider dolly modulaire ultra-fluide, compact et stable. Longueurs ajustables (120, 180, 240 cm), charge jusqu'\u00e0 60 kg, compatible bowl 100\\\/150 mm.\",\"breadcrumb\":{\"@id\":\"https:\\\/\\\/maximaloc.com\\\/produit\\\/tilta-dolly-tss-01\\\/#breadcrumb\"},\"inLanguage\":\"en-US\",\"potentialAction\":[{\"@type\":\"ReadAction\",\"target\":[\"https:\\\/\\\/maximaloc.com\\\/produit\\\/tilta-dolly-tss-01\\\/\"]}]},{\"@type\":\"ImageObject\",\"inLanguage\":\"en-US\",\"@id\":\"https:\\\/\\\/maximaloc.com\\\/produit\\\/tilta-dolly-tss-01\\\/#primaryimage\",\"url\":\"https:\\\/\\\/maximaloc.com\\\/wp-content\\\/uploads\\\/2024\\\/06\\\/tilta-tss-1.webp\",\"contentUrl\":\"https:\\\/\\\/maximaloc.com\\\/wp-content\\\/uploads\\\/2024\\\/06\\\/tilta-tss-1.webp\",\"width\":580,\"height\":420,\"caption\":\"Slider Dolly Tilta TSS 01 en location\"},{\"@type\":\"BreadcrumbList\",\"@id\":\"https:\\\/\\\/maximaloc.com\\\/produit\\\/tilta-dolly-tss-01\\\/#breadcrumb\",\"itemListElement\":[{\"@type\":\"ListItem\",\"position\":1,\"name\":\"Accueil\",\"item\":\"https:\\\/\\\/maximaloc.com\\\/\"},{\"@type\":\"ListItem\",\"position\":2,\"name\":\"BOUTIQUE\",\"item\":\"https:\\\/\\\/maximaloc.com\\\/boutique\\\/\"},{\"@type\":\"ListItem\",\"position\":3,\"name\":\"TILTA DOLLY TSS-01\"}]},{\"@type\":\"WebSite\",\"@id\":\"https:\\\/\\\/maximaloc.com\\\/#website\",\"url\":\"https:\\\/\\\/maximaloc.com\\\/\",\"name\":\"Maximaloc\",\"description\":\"\",\"publisher\":{\"@id\":\"https:\\\/\\\/maximaloc.com\\\/#organization\"},\"potentialAction\":[{\"@type\":\"SearchAction\",\"target\":{\"@type\":\"EntryPoint\",\"urlTemplate\":\"https:\\\/\\\/maximaloc.com\\\/?s={search_term_string}\"},\"query-input\":{\"@type\":\"PropertyValueSpecification\",\"valueRequired\":true,\"valueName\":\"search_term_string\"}}],\"inLanguage\":\"en-US\"},{\"@type\":\"Organization\",\"@id\":\"https:\\\/\\\/maximaloc.com\\\/#organization\",\"name\":\"Maximaloc\",\"url\":\"https:\\\/\\\/maximaloc.com\\\/\",\"logo\":{\"@type\":\"ImageObject\",\"inLanguage\":\"en-US\",\"@id\":\"https:\\\/\\\/maximaloc.com\\\/#\\\/schema\\\/logo\\\/image\\\/\",\"url\":\"https:\\\/\\\/maximaloc.com\\\/wp-content\\\/uploads\\\/2024\\\/03\\\/logo_noir-scaled.png\",\"contentUrl\":\"https:\\\/\\\/maximaloc.com\\\/wp-content\\\/uploads\\\/2024\\\/03\\\/logo_noir-scaled.png\",\"width\":2560,\"height\":268,\"caption\":\"Maximaloc\"},\"image\":{\"@id\":\"https:\\\/\\\/maximaloc.com\\\/#\\\/schema\\\/logo\\\/image\\\/\"},\"sameAs\":[\"https:\\\/\\\/www.facebook.com\\\/Maximalocation\"]}]}<\/script>\n<!-- \/ Yoast SEO plugin. -->","yoast_head_json":{"title":"Slider TILTA TSS-01 Machinerie - Maximaloc","description":"Tilta TSS-01 : slider dolly modulaire ultra-fluide, compact et stable. Longueurs ajustables (120, 180, 240 cm), charge jusqu'\u00e0 60 kg, compatible bowl 100\/150 mm.","robots":{"index":"index","follow":"follow","max-snippet":"max-snippet:-1","max-image-preview":"max-image-preview:large","max-video-preview":"max-video-preview:-1"},"canonical":"https:\/\/maximaloc.com\/en\/product\/tilta-dolly-tss-01\/","og_locale":"en_US","og_type":"article","og_title":"Slider TILTA TSS-01 Machinerie - Maximaloc","og_description":"Tilta TSS-01 : slider dolly modulaire ultra-fluide, compact et stable. Longueurs ajustables (120, 180, 240 cm), charge jusqu'\u00e0 60 kg, compatible bowl 100\/150 mm.","og_url":"https:\/\/maximaloc.com\/en\/product\/tilta-dolly-tss-01\/","og_site_name":"Maximaloc","article_publisher":"https:\/\/www.facebook.com\/Maximalocation","article_modified_time":"2026-04-13T18:44:00+00:00","og_image":[{"width":580,"height":420,"url":"https:\/\/maximaloc.com\/wp-content\/uploads\/2024\/06\/tilta-tss-1.webp","type":"image\/webp"}],"twitter_card":"summary_large_image","twitter_misc":{"Est. reading time":"2 minutes"},"schema":{"@context":"https:\/\/schema.org","@graph":[{"@type":"WebPage","@id":"https:\/\/maximaloc.com\/produit\/tilta-dolly-tss-01\/","url":"https:\/\/maximaloc.com\/produit\/tilta-dolly-tss-01\/","name":"Slider TILTA TSS-01 Machinerie - Maximaloc","isPartOf":{"@id":"https:\/\/maximaloc.com\/#website"},"primaryImageOfPage":{"@id":"https:\/\/maximaloc.com\/produit\/tilta-dolly-tss-01\/#primaryimage"},"image":{"@id":"https:\/\/maximaloc.com\/produit\/tilta-dolly-tss-01\/#primaryimage"},"thumbnailUrl":"https:\/\/maximaloc.com\/wp-content\/uploads\/2024\/06\/tilta-tss-1.webp","datePublished":"2024-06-12T10:25:04+00:00","dateModified":"2026-04-13T18:44:00+00:00","description":"Tilta TSS-01 : slider dolly modulaire ultra-fluide, compact et stable. Longueurs ajustables (120, 180, 240 cm), charge jusqu'\u00e0 60 kg, compatible bowl 100\/150 mm.","breadcrumb":{"@id":"https:\/\/maximaloc.com\/produit\/tilta-dolly-tss-01\/#breadcrumb"},"inLanguage":"en-US","potentialAction":[{"@type":"ReadAction","target":["https:\/\/maximaloc.com\/produit\/tilta-dolly-tss-01\/"]}]},{"@type":"ImageObject","inLanguage":"en-US","@id":"https:\/\/maximaloc.com\/produit\/tilta-dolly-tss-01\/#primaryimage","url":"https:\/\/maximaloc.com\/wp-content\/uploads\/2024\/06\/tilta-tss-1.webp","contentUrl":"https:\/\/maximaloc.com\/wp-content\/uploads\/2024\/06\/tilta-tss-1.webp","width":580,"height":420,"caption":"Slider Dolly Tilta TSS 01 en location"},{"@type":"BreadcrumbList","@id":"https:\/\/maximaloc.com\/produit\/tilta-dolly-tss-01\/#breadcrumb","itemListElement":[{"@type":"ListItem","position":1,"name":"Accueil","item":"https:\/\/maximaloc.com\/"},{"@type":"ListItem","position":2,"name":"BOUTIQUE","item":"https:\/\/maximaloc.com\/boutique\/"},{"@type":"ListItem","position":3,"name":"TILTA DOLLY TSS-01"}]},{"@type":"WebSite","@id":"https:\/\/maximaloc.com\/#website","url":"https:\/\/maximaloc.com\/","name":"Maximaloc","description":"","publisher":{"@id":"https:\/\/maximaloc.com\/#organization"},"potentialAction":[{"@type":"SearchAction","target":{"@type":"EntryPoint","urlTemplate":"https:\/\/maximaloc.com\/?s={search_term_string}"},"query-input":{"@type":"PropertyValueSpecification","valueRequired":true,"valueName":"search_term_string"}}],"inLanguage":"en-US"},{"@type":"Organization","@id":"https:\/\/maximaloc.com\/#organization","name":"Maximaloc","url":"https:\/\/maximaloc.com\/","logo":{"@type":"ImageObject","inLanguage":"en-US","@id":"https:\/\/maximaloc.com\/#\/schema\/logo\/image\/","url":"https:\/\/maximaloc.com\/wp-content\/uploads\/2024\/03\/logo_noir-scaled.png","contentUrl":"https:\/\/maximaloc.com\/wp-content\/uploads\/2024\/03\/logo_noir-scaled.png","width":2560,"height":268,"caption":"Maximaloc"},"image":{"@id":"https:\/\/maximaloc.com\/#\/schema\/logo\/image\/"},"sameAs":["https:\/\/www.facebook.com\/Maximalocation"]}]}},"_links":{"self":[{"href":"https:\/\/maximaloc.com\/en\/wp-json\/wp\/v2\/product\/10441","targetHints":{"allow":["GET"]}}],"collection":[{"href":"https:\/\/maximaloc.com\/en\/wp-json\/wp\/v2\/product"}],"about":[{"href":"https:\/\/maximaloc.com\/en\/wp-json\/wp\/v2\/types\/product"}],"wp:featuredmedia":[{"embeddable":true,"href":"https:\/\/maximaloc.com\/en\/wp-json\/wp\/v2\/media\/10847"}],"wp:attachment":[{"href":"https:\/\/maximaloc.com\/en\/wp-json\/wp\/v2\/media?parent=10441"}],"wp:term":[{"taxonomy":"product_cat","embeddable":true,"href":"https:\/\/maximaloc.com\/en\/wp-json\/wp\/v2\/product_cat?post=10441"},{"taxonomy":"product_tag","embeddable":true,"href":"https:\/\/maximaloc.com\/en\/wp-json\/wp\/v2\/product_tag?post=10441"}],"curies":[{"name":"wp","href":"https:\/\/api.w.org\/{rel}","templated":true}]}}