 {"id":10540,"date":"2024-06-12T15:47:00","date_gmt":"2024-06-12T13:47:00","guid":{"rendered":"https:\/\/maximaloc.com\/produit\/batterie-sony-np-f970-90\/"},"modified":"2026-04-13T20:06:22","modified_gmt":"2026-04-13T18:06:22","slug":"batterie-sony-np-f970-90","status":"publish","type":"product","link":"https:\/\/maximaloc.com\/en\/product\/batterie-sony-np-f970-90\/","title":{"rendered":"BATTERIE SONY NP-F970+\/90"},"content":{"rendered":"<p>La batterie NP-F990 est compatible avec la Sony Z150 et de nombreux autres cam\u00e9scopes Sony ainsi qu\u2019avec une grande vari\u00e9t\u00e9 d\u2019accessoires vid\u00e9o et de petits \u00e9clairages.<\/p>\n<p>\u00a0<\/p>\n<p><u><strong>Points forts :<\/strong><\/u><\/p>\n<ul>\n<li>Tr\u00e8s grande capacit\u00e9 (~70 \u00e0 100Wh) pour une longue autonomie<\/li>\n<li>Format Sony NP-F (L-series) universel, ultra r\u00e9pandu en vid\u00e9o<\/li>\n<li>Compatible avec LED, moniteurs, TX, rigs (standard pro terrain)<\/li>\n<li>Protections int\u00e9gr\u00e9es (surcharge, chaleur, court-circuit) pour usage s\u00e9curis\u00e9<\/li>\n<\/ul>","protected":false},"excerpt":{"rendered":"<p>Type : Batterie<\/p>\n<p>Format : Sony NPF 990<\/p>\n<p>Puissance : 74.9Wh\u00a0<\/p>\n<p>Poids : 395 g<\/p>","protected":false},"featured_media":22076,"template":"","meta":[],"product_cat":[376],"product_tag":[],"class_list":{"0":"post-10540","1":"product","2":"type-product","3":"status-publish","4":"has-post-thumbnail","6":"product_cat-batterie-cam-np-f","8":"first","9":"instock","10":"taxable","11":"shipping-taxable","12":"purchasable","13":"product-type-rentable"},"yoast_head":"<!-- This site is optimized with the Yoast SEO plugin v27.4 - https:\/\/yoast.com\/product\/yoast-seo-wordpress\/ -->\n<title>BATTERIE SONY NP-F970+\/90 - Maximaloc<\/title>\n<meta name=\"robots\" content=\"index, follow, max-snippet:-1, max-image-preview:large, max-video-preview:-1\" \/>\n<link rel=\"canonical\" href=\"https:\/\/maximaloc.com\/en\/product\/batterie-sony-np-f970-90\/\" \/>\n<meta property=\"og:locale\" content=\"en_US\" \/>\n<meta property=\"og:type\" content=\"article\" \/>\n<meta property=\"og:title\" content=\"BATTERIE SONY NP-F970+\/90 - Maximaloc\" \/>\n<meta property=\"og:description\" content=\"Type : Batterie Format : Sony NPF 990 Puissance : 74.9Wh\u00a0 Poids : 395 g\" \/>\n<meta property=\"og:url\" content=\"https:\/\/maximaloc.com\/en\/product\/batterie-sony-np-f970-90\/\" \/>\n<meta property=\"og:site_name\" content=\"Maximaloc\" \/>\n<meta property=\"article:publisher\" content=\"https:\/\/www.facebook.com\/Maximalocation\" \/>\n<meta property=\"article:modified_time\" content=\"2026-04-13T18:06:22+00:00\" \/>\n<meta property=\"og:image\" content=\"https:\/\/maximaloc.com\/wp-content\/uploads\/2024\/06\/Sony-NPF-990-1.png\" \/>\n\t<meta property=\"og:image:width\" content=\"1000\" \/>\n\t<meta property=\"og:image:height\" content=\"1000\" \/>\n\t<meta property=\"og:image:type\" content=\"image\/png\" \/>\n<meta name=\"twitter:card\" content=\"summary_large_image\" \/>\n<meta name=\"twitter:label1\" content=\"Est. reading time\" \/>\n\t<meta name=\"twitter:data1\" content=\"1 minute\" \/>\n<script type=\"application\/ld+json\" class=\"yoast-schema-graph\">{\"@context\":\"https:\\\/\\\/schema.org\",\"@graph\":[{\"@type\":\"WebPage\",\"@id\":\"https:\\\/\\\/maximaloc.com\\\/produit\\\/batterie-sony-np-f970-90\\\/\",\"url\":\"https:\\\/\\\/maximaloc.com\\\/produit\\\/batterie-sony-np-f970-90\\\/\",\"name\":\"BATTERIE SONY NP-F970+\\\/90 - Maximaloc\",\"isPartOf\":{\"@id\":\"https:\\\/\\\/maximaloc.com\\\/#website\"},\"primaryImageOfPage\":{\"@id\":\"https:\\\/\\\/maximaloc.com\\\/produit\\\/batterie-sony-np-f970-90\\\/#primaryimage\"},\"image\":{\"@id\":\"https:\\\/\\\/maximaloc.com\\\/produit\\\/batterie-sony-np-f970-90\\\/#primaryimage\"},\"thumbnailUrl\":\"https:\\\/\\\/maximaloc.com\\\/wp-content\\\/uploads\\\/2024\\\/06\\\/Sony-NPF-990-1.png\",\"datePublished\":\"2024-06-12T13:47:00+00:00\",\"dateModified\":\"2026-04-13T18:06:22+00:00\",\"breadcrumb\":{\"@id\":\"https:\\\/\\\/maximaloc.com\\\/produit\\\/batterie-sony-np-f970-90\\\/#breadcrumb\"},\"inLanguage\":\"en-US\",\"potentialAction\":[{\"@type\":\"ReadAction\",\"target\":[\"https:\\\/\\\/maximaloc.com\\\/produit\\\/batterie-sony-np-f970-90\\\/\"]}]},{\"@type\":\"ImageObject\",\"inLanguage\":\"en-US\",\"@id\":\"https:\\\/\\\/maximaloc.com\\\/produit\\\/batterie-sony-np-f970-90\\\/#primaryimage\",\"url\":\"https:\\\/\\\/maximaloc.com\\\/wp-content\\\/uploads\\\/2024\\\/06\\\/Sony-NPF-990-1.png\",\"contentUrl\":\"https:\\\/\\\/maximaloc.com\\\/wp-content\\\/uploads\\\/2024\\\/06\\\/Sony-NPF-990-1.png\",\"width\":1000,\"height\":1000},{\"@type\":\"BreadcrumbList\",\"@id\":\"https:\\\/\\\/maximaloc.com\\\/produit\\\/batterie-sony-np-f970-90\\\/#breadcrumb\",\"itemListElement\":[{\"@type\":\"ListItem\",\"position\":1,\"name\":\"Accueil\",\"item\":\"https:\\\/\\\/maximaloc.com\\\/\"},{\"@type\":\"ListItem\",\"position\":2,\"name\":\"BOUTIQUE\",\"item\":\"https:\\\/\\\/maximaloc.com\\\/boutique\\\/\"},{\"@type\":\"ListItem\",\"position\":3,\"name\":\"BATTERIE SONY NP-F970+\\\/90\"}]},{\"@type\":\"WebSite\",\"@id\":\"https:\\\/\\\/maximaloc.com\\\/#website\",\"url\":\"https:\\\/\\\/maximaloc.com\\\/\",\"name\":\"Maximaloc\",\"description\":\"\",\"publisher\":{\"@id\":\"https:\\\/\\\/maximaloc.com\\\/#organization\"},\"potentialAction\":[{\"@type\":\"SearchAction\",\"target\":{\"@type\":\"EntryPoint\",\"urlTemplate\":\"https:\\\/\\\/maximaloc.com\\\/?s={search_term_string}\"},\"query-input\":{\"@type\":\"PropertyValueSpecification\",\"valueRequired\":true,\"valueName\":\"search_term_string\"}}],\"inLanguage\":\"en-US\"},{\"@type\":\"Organization\",\"@id\":\"https:\\\/\\\/maximaloc.com\\\/#organization\",\"name\":\"Maximaloc\",\"url\":\"https:\\\/\\\/maximaloc.com\\\/\",\"logo\":{\"@type\":\"ImageObject\",\"inLanguage\":\"en-US\",\"@id\":\"https:\\\/\\\/maximaloc.com\\\/#\\\/schema\\\/logo\\\/image\\\/\",\"url\":\"https:\\\/\\\/maximaloc.com\\\/wp-content\\\/uploads\\\/2024\\\/03\\\/logo_noir-scaled.png\",\"contentUrl\":\"https:\\\/\\\/maximaloc.com\\\/wp-content\\\/uploads\\\/2024\\\/03\\\/logo_noir-scaled.png\",\"width\":2560,\"height\":268,\"caption\":\"Maximaloc\"},\"image\":{\"@id\":\"https:\\\/\\\/maximaloc.com\\\/#\\\/schema\\\/logo\\\/image\\\/\"},\"sameAs\":[\"https:\\\/\\\/www.facebook.com\\\/Maximalocation\"]}]}<\/script>\n<!-- \/ Yoast SEO plugin. -->","yoast_head_json":{"title":"BATTERIE SONY NP-F970+\/90 - Maximaloc","robots":{"index":"index","follow":"follow","max-snippet":"max-snippet:-1","max-image-preview":"max-image-preview:large","max-video-preview":"max-video-preview:-1"},"canonical":"https:\/\/maximaloc.com\/en\/product\/batterie-sony-np-f970-90\/","og_locale":"en_US","og_type":"article","og_title":"BATTERIE SONY NP-F970+\/90 - Maximaloc","og_description":"Type : Batterie Format : Sony NPF 990 Puissance : 74.9Wh\u00a0 Poids : 395 g","og_url":"https:\/\/maximaloc.com\/en\/product\/batterie-sony-np-f970-90\/","og_site_name":"Maximaloc","article_publisher":"https:\/\/www.facebook.com\/Maximalocation","article_modified_time":"2026-04-13T18:06:22+00:00","og_image":[{"width":1000,"height":1000,"url":"https:\/\/maximaloc.com\/wp-content\/uploads\/2024\/06\/Sony-NPF-990-1.png","type":"image\/png"}],"twitter_card":"summary_large_image","twitter_misc":{"Est. reading time":"1 minute"},"schema":{"@context":"https:\/\/schema.org","@graph":[{"@type":"WebPage","@id":"https:\/\/maximaloc.com\/produit\/batterie-sony-np-f970-90\/","url":"https:\/\/maximaloc.com\/produit\/batterie-sony-np-f970-90\/","name":"BATTERIE SONY NP-F970+\/90 - Maximaloc","isPartOf":{"@id":"https:\/\/maximaloc.com\/#website"},"primaryImageOfPage":{"@id":"https:\/\/maximaloc.com\/produit\/batterie-sony-np-f970-90\/#primaryimage"},"image":{"@id":"https:\/\/maximaloc.com\/produit\/batterie-sony-np-f970-90\/#primaryimage"},"thumbnailUrl":"https:\/\/maximaloc.com\/wp-content\/uploads\/2024\/06\/Sony-NPF-990-1.png","datePublished":"2024-06-12T13:47:00+00:00","dateModified":"2026-04-13T18:06:22+00:00","breadcrumb":{"@id":"https:\/\/maximaloc.com\/produit\/batterie-sony-np-f970-90\/#breadcrumb"},"inLanguage":"en-US","potentialAction":[{"@type":"ReadAction","target":["https:\/\/maximaloc.com\/produit\/batterie-sony-np-f970-90\/"]}]},{"@type":"ImageObject","inLanguage":"en-US","@id":"https:\/\/maximaloc.com\/produit\/batterie-sony-np-f970-90\/#primaryimage","url":"https:\/\/maximaloc.com\/wp-content\/uploads\/2024\/06\/Sony-NPF-990-1.png","contentUrl":"https:\/\/maximaloc.com\/wp-content\/uploads\/2024\/06\/Sony-NPF-990-1.png","width":1000,"height":1000},{"@type":"BreadcrumbList","@id":"https:\/\/maximaloc.com\/produit\/batterie-sony-np-f970-90\/#breadcrumb","itemListElement":[{"@type":"ListItem","position":1,"name":"Accueil","item":"https:\/\/maximaloc.com\/"},{"@type":"ListItem","position":2,"name":"BOUTIQUE","item":"https:\/\/maximaloc.com\/boutique\/"},{"@type":"ListItem","position":3,"name":"BATTERIE SONY NP-F970+\/90"}]},{"@type":"WebSite","@id":"https:\/\/maximaloc.com\/#website","url":"https:\/\/maximaloc.com\/","name":"Maximaloc","description":"","publisher":{"@id":"https:\/\/maximaloc.com\/#organization"},"potentialAction":[{"@type":"SearchAction","target":{"@type":"EntryPoint","urlTemplate":"https:\/\/maximaloc.com\/?s={search_term_string}"},"query-input":{"@type":"PropertyValueSpecification","valueRequired":true,"valueName":"search_term_string"}}],"inLanguage":"en-US"},{"@type":"Organization","@id":"https:\/\/maximaloc.com\/#organization","name":"Maximaloc","url":"https:\/\/maximaloc.com\/","logo":{"@type":"ImageObject","inLanguage":"en-US","@id":"https:\/\/maximaloc.com\/#\/schema\/logo\/image\/","url":"https:\/\/maximaloc.com\/wp-content\/uploads\/2024\/03\/logo_noir-scaled.png","contentUrl":"https:\/\/maximaloc.com\/wp-content\/uploads\/2024\/03\/logo_noir-scaled.png","width":2560,"height":268,"caption":"Maximaloc"},"image":{"@id":"https:\/\/maximaloc.com\/#\/schema\/logo\/image\/"},"sameAs":["https:\/\/www.facebook.com\/Maximalocation"]}]}},"_links":{"self":[{"href":"https:\/\/maximaloc.com\/en\/wp-json\/wp\/v2\/product\/10540","targetHints":{"allow":["GET"]}}],"collection":[{"href":"https:\/\/maximaloc.com\/en\/wp-json\/wp\/v2\/product"}],"about":[{"href":"https:\/\/maximaloc.com\/en\/wp-json\/wp\/v2\/types\/product"}],"wp:featuredmedia":[{"embeddable":true,"href":"https:\/\/maximaloc.com\/en\/wp-json\/wp\/v2\/media\/22076"}],"wp:attachment":[{"href":"https:\/\/maximaloc.com\/en\/wp-json\/wp\/v2\/media?parent=10540"}],"wp:term":[{"taxonomy":"product_cat","embeddable":true,"href":"https:\/\/maximaloc.com\/en\/wp-json\/wp\/v2\/product_cat?post=10540"},{"taxonomy":"product_tag","embeddable":true,"href":"https:\/\/maximaloc.com\/en\/wp-json\/wp\/v2\/product_tag?post=10540"}],"curies":[{"name":"wp","href":"https:\/\/api.w.org\/{rel}","templated":true}]}}