 {"id":10563,"date":"2024-06-12T15:49:26","date_gmt":"2024-06-12T13:49:26","guid":{"rendered":"https:\/\/maximaloc.com\/produit\/touret-electrique-15m\/"},"modified":"2026-03-30T16:16:23","modified_gmt":"2026-03-30T14:16:23","slug":"touret-rallonge-electrique-15m","status":"publish","type":"product","link":"https:\/\/maximaloc.com\/en\/product\/touret-rallonge-electrique-15m\/","title":{"rendered":"TOURET RALLONGE \u00c9LECTRIQUE 15m"},"content":{"rendered":"<p>Ce touret \u00e9lectrique est compos\u00e9 d\u2019un prolongateur de 15 m\u00e8tres ainsi que d\u2019un enrouleur de quatre prises avec disjoncteur, qui se d\u00e9clenche en cas de surchauffe ou de contact avec de l\u2019eau.\u00a0<\/p>\n<p>\u00a0<\/p>\n<p>Pensez \u00e0 bien d\u00e9rouler enti\u00e8rement le prolongateur si vous avez besoin d\u2019une puissance sup\u00e9rieure \u00e0 900 W.<\/p>","protected":false},"excerpt":{"rendered":"<p>Enrouleur 4x prises 15m<\/p>\n<p>Puissance max d\u00e9roul\u00e9 : 2300 W<\/p>","protected":false},"featured_media":11348,"template":"","meta":[],"product_cat":[1342,380],"product_tag":[],"class_list":{"0":"post-10563","1":"product","2":"type-product","3":"status-publish","4":"has-post-thumbnail","6":"product_cat-evenementiel","7":"product_cat-prolongs-multiprises","9":"first","10":"instock","11":"taxable","12":"shipping-taxable","13":"purchasable","14":"product-type-rentable"},"yoast_head":"<!-- This site is optimized with the Yoast SEO plugin v24.1 - https:\/\/yoast.com\/wordpress\/plugins\/seo\/ -->\n<title>TOURET RALLONGE \u00c9LECTRIQUE 15m - Maximaloc<\/title>\n<meta name=\"robots\" content=\"index, follow, max-snippet:-1, max-image-preview:large, max-video-preview:-1\" \/>\n<link rel=\"canonical\" href=\"https:\/\/maximaloc.com\/en\/product\/touret-rallonge-electrique-15m\/\" \/>\n<meta property=\"og:locale\" content=\"en_US\" \/>\n<meta property=\"og:type\" content=\"article\" \/>\n<meta property=\"og:title\" content=\"TOURET RALLONGE \u00c9LECTRIQUE 15m - Maximaloc\" \/>\n<meta property=\"og:description\" content=\"Enrouleur 4x prises 15m Puissance max d\u00e9roul\u00e9 : 2300 W\" \/>\n<meta property=\"og:url\" content=\"https:\/\/maximaloc.com\/en\/product\/touret-rallonge-electrique-15m\/\" \/>\n<meta property=\"og:site_name\" content=\"Maximaloc\" \/>\n<meta property=\"article:publisher\" content=\"https:\/\/www.facebook.com\/Maximalocation\" \/>\n<meta property=\"article:modified_time\" content=\"2026-03-30T14:16:23+00:00\" \/>\n<meta property=\"og:image\" content=\"https:\/\/maximaloc.com\/wp-content\/uploads\/2024\/06\/touret-15m.webp\" \/>\n\t<meta property=\"og:image:width\" content=\"580\" \/>\n\t<meta property=\"og:image:height\" content=\"420\" \/>\n\t<meta property=\"og:image:type\" content=\"image\/webp\" \/>\n<meta name=\"twitter:card\" content=\"summary_large_image\" \/>\n<meta name=\"twitter:label1\" content=\"Est. reading time\" \/>\n\t<meta name=\"twitter:data1\" content=\"1 minute\" \/>\n<script type=\"application\/ld+json\" class=\"yoast-schema-graph\">{\"@context\":\"https:\/\/schema.org\",\"@graph\":[{\"@type\":\"WebPage\",\"@id\":\"https:\/\/maximaloc.com\/produit\/touret-rallonge-electrique-15m\/\",\"url\":\"https:\/\/maximaloc.com\/produit\/touret-rallonge-electrique-15m\/\",\"name\":\"TOURET RALLONGE \u00c9LECTRIQUE 15m - Maximaloc\",\"isPartOf\":{\"@id\":\"https:\/\/maximaloc.com\/#website\"},\"primaryImageOfPage\":{\"@id\":\"https:\/\/maximaloc.com\/produit\/touret-rallonge-electrique-15m\/#primaryimage\"},\"image\":{\"@id\":\"https:\/\/maximaloc.com\/produit\/touret-rallonge-electrique-15m\/#primaryimage\"},\"thumbnailUrl\":\"https:\/\/maximaloc.com\/wp-content\/uploads\/2024\/06\/touret-15m.webp\",\"datePublished\":\"2024-06-12T13:49:26+00:00\",\"dateModified\":\"2026-03-30T14:16:23+00:00\",\"breadcrumb\":{\"@id\":\"https:\/\/maximaloc.com\/produit\/touret-rallonge-electrique-15m\/#breadcrumb\"},\"inLanguage\":\"en-US\",\"potentialAction\":[{\"@type\":\"ReadAction\",\"target\":[\"https:\/\/maximaloc.com\/produit\/touret-rallonge-electrique-15m\/\"]}]},{\"@type\":\"ImageObject\",\"inLanguage\":\"en-US\",\"@id\":\"https:\/\/maximaloc.com\/produit\/touret-rallonge-electrique-15m\/#primaryimage\",\"url\":\"https:\/\/maximaloc.com\/wp-content\/uploads\/2024\/06\/touret-15m.webp\",\"contentUrl\":\"https:\/\/maximaloc.com\/wp-content\/uploads\/2024\/06\/touret-15m.webp\",\"width\":580,\"height\":420,\"caption\":\"Touret Enrouleur avec 4 prises couleur Bleu P\u00e9trole de 15m en location\"},{\"@type\":\"BreadcrumbList\",\"@id\":\"https:\/\/maximaloc.com\/produit\/touret-rallonge-electrique-15m\/#breadcrumb\",\"itemListElement\":[{\"@type\":\"ListItem\",\"position\":1,\"name\":\"Accueil\",\"item\":\"https:\/\/maximaloc.com\/\"},{\"@type\":\"ListItem\",\"position\":2,\"name\":\"BOUTIQUE\",\"item\":\"https:\/\/maximaloc.com\/boutique\/\"},{\"@type\":\"ListItem\",\"position\":3,\"name\":\"TOURET RALLONGE \u00c9LECTRIQUE 15m\"}]},{\"@type\":\"WebSite\",\"@id\":\"https:\/\/maximaloc.com\/#website\",\"url\":\"https:\/\/maximaloc.com\/\",\"name\":\"Maximaloc\",\"description\":\"\",\"publisher\":{\"@id\":\"https:\/\/maximaloc.com\/#organization\"},\"potentialAction\":[{\"@type\":\"SearchAction\",\"target\":{\"@type\":\"EntryPoint\",\"urlTemplate\":\"https:\/\/maximaloc.com\/?s={search_term_string}\"},\"query-input\":{\"@type\":\"PropertyValueSpecification\",\"valueRequired\":true,\"valueName\":\"search_term_string\"}}],\"inLanguage\":\"en-US\"},{\"@type\":\"Organization\",\"@id\":\"https:\/\/maximaloc.com\/#organization\",\"name\":\"Maximaloc\",\"url\":\"https:\/\/maximaloc.com\/\",\"logo\":{\"@type\":\"ImageObject\",\"inLanguage\":\"en-US\",\"@id\":\"https:\/\/maximaloc.com\/#\/schema\/logo\/image\/\",\"url\":\"https:\/\/maximaloc.com\/wp-content\/uploads\/2024\/03\/logo_noir.png\",\"contentUrl\":\"https:\/\/maximaloc.com\/wp-content\/uploads\/2024\/03\/logo_noir.png\",\"width\":11750,\"height\":1231,\"caption\":\"Maximaloc\"},\"image\":{\"@id\":\"https:\/\/maximaloc.com\/#\/schema\/logo\/image\/\"},\"sameAs\":[\"https:\/\/www.facebook.com\/Maximalocation\"]}]}<\/script>\n<!-- \/ Yoast SEO plugin. -->","yoast_head_json":{"title":"TOURET RALLONGE \u00c9LECTRIQUE 15m - Maximaloc","robots":{"index":"index","follow":"follow","max-snippet":"max-snippet:-1","max-image-preview":"max-image-preview:large","max-video-preview":"max-video-preview:-1"},"canonical":"https:\/\/maximaloc.com\/en\/product\/touret-rallonge-electrique-15m\/","og_locale":"en_US","og_type":"article","og_title":"TOURET RALLONGE \u00c9LECTRIQUE 15m - Maximaloc","og_description":"Enrouleur 4x prises 15m Puissance max d\u00e9roul\u00e9 : 2300 W","og_url":"https:\/\/maximaloc.com\/en\/product\/touret-rallonge-electrique-15m\/","og_site_name":"Maximaloc","article_publisher":"https:\/\/www.facebook.com\/Maximalocation","article_modified_time":"2026-03-30T14:16:23+00:00","og_image":[{"width":580,"height":420,"url":"https:\/\/maximaloc.com\/wp-content\/uploads\/2024\/06\/touret-15m.webp","type":"image\/webp"}],"twitter_card":"summary_large_image","twitter_misc":{"Est. reading time":"1 minute"},"schema":{"@context":"https:\/\/schema.org","@graph":[{"@type":"WebPage","@id":"https:\/\/maximaloc.com\/produit\/touret-rallonge-electrique-15m\/","url":"https:\/\/maximaloc.com\/produit\/touret-rallonge-electrique-15m\/","name":"TOURET RALLONGE \u00c9LECTRIQUE 15m - Maximaloc","isPartOf":{"@id":"https:\/\/maximaloc.com\/#website"},"primaryImageOfPage":{"@id":"https:\/\/maximaloc.com\/produit\/touret-rallonge-electrique-15m\/#primaryimage"},"image":{"@id":"https:\/\/maximaloc.com\/produit\/touret-rallonge-electrique-15m\/#primaryimage"},"thumbnailUrl":"https:\/\/maximaloc.com\/wp-content\/uploads\/2024\/06\/touret-15m.webp","datePublished":"2024-06-12T13:49:26+00:00","dateModified":"2026-03-30T14:16:23+00:00","breadcrumb":{"@id":"https:\/\/maximaloc.com\/produit\/touret-rallonge-electrique-15m\/#breadcrumb"},"inLanguage":"en-US","potentialAction":[{"@type":"ReadAction","target":["https:\/\/maximaloc.com\/produit\/touret-rallonge-electrique-15m\/"]}]},{"@type":"ImageObject","inLanguage":"en-US","@id":"https:\/\/maximaloc.com\/produit\/touret-rallonge-electrique-15m\/#primaryimage","url":"https:\/\/maximaloc.com\/wp-content\/uploads\/2024\/06\/touret-15m.webp","contentUrl":"https:\/\/maximaloc.com\/wp-content\/uploads\/2024\/06\/touret-15m.webp","width":580,"height":420,"caption":"Touret Enrouleur avec 4 prises couleur Bleu P\u00e9trole de 15m en location"},{"@type":"BreadcrumbList","@id":"https:\/\/maximaloc.com\/produit\/touret-rallonge-electrique-15m\/#breadcrumb","itemListElement":[{"@type":"ListItem","position":1,"name":"Accueil","item":"https:\/\/maximaloc.com\/"},{"@type":"ListItem","position":2,"name":"BOUTIQUE","item":"https:\/\/maximaloc.com\/boutique\/"},{"@type":"ListItem","position":3,"name":"TOURET RALLONGE \u00c9LECTRIQUE 15m"}]},{"@type":"WebSite","@id":"https:\/\/maximaloc.com\/#website","url":"https:\/\/maximaloc.com\/","name":"Maximaloc","description":"","publisher":{"@id":"https:\/\/maximaloc.com\/#organization"},"potentialAction":[{"@type":"SearchAction","target":{"@type":"EntryPoint","urlTemplate":"https:\/\/maximaloc.com\/?s={search_term_string}"},"query-input":{"@type":"PropertyValueSpecification","valueRequired":true,"valueName":"search_term_string"}}],"inLanguage":"en-US"},{"@type":"Organization","@id":"https:\/\/maximaloc.com\/#organization","name":"Maximaloc","url":"https:\/\/maximaloc.com\/","logo":{"@type":"ImageObject","inLanguage":"en-US","@id":"https:\/\/maximaloc.com\/#\/schema\/logo\/image\/","url":"https:\/\/maximaloc.com\/wp-content\/uploads\/2024\/03\/logo_noir.png","contentUrl":"https:\/\/maximaloc.com\/wp-content\/uploads\/2024\/03\/logo_noir.png","width":11750,"height":1231,"caption":"Maximaloc"},"image":{"@id":"https:\/\/maximaloc.com\/#\/schema\/logo\/image\/"},"sameAs":["https:\/\/www.facebook.com\/Maximalocation"]}]}},"_links":{"self":[{"href":"https:\/\/maximaloc.com\/en\/wp-json\/wp\/v2\/product\/10563","targetHints":{"allow":["GET"]}}],"collection":[{"href":"https:\/\/maximaloc.com\/en\/wp-json\/wp\/v2\/product"}],"about":[{"href":"https:\/\/maximaloc.com\/en\/wp-json\/wp\/v2\/types\/product"}],"wp:featuredmedia":[{"embeddable":true,"href":"https:\/\/maximaloc.com\/en\/wp-json\/wp\/v2\/media\/11348"}],"wp:attachment":[{"href":"https:\/\/maximaloc.com\/en\/wp-json\/wp\/v2\/media?parent=10563"}],"wp:term":[{"taxonomy":"product_cat","embeddable":true,"href":"https:\/\/maximaloc.com\/en\/wp-json\/wp\/v2\/product_cat?post=10563"},{"taxonomy":"product_tag","embeddable":true,"href":"https:\/\/maximaloc.com\/en\/wp-json\/wp\/v2\/product_tag?post=10563"}],"curies":[{"name":"wp","href":"https:\/\/api.w.org\/{rel}","templated":true}]}}