 {"id":10685,"date":"2024-06-12T17:06:27","date_gmt":"2024-06-12T15:06:27","guid":{"rendered":"https:\/\/maximaloc.com\/produit\/avenger-pied-baby-5k-a1020cs-93-198cm\/"},"modified":"2026-04-28T15:52:59","modified_gmt":"2026-04-28T13:52:59","slug":"pied-baby-5k-a1020cs-110-198cm","status":"publish","type":"product","link":"https:\/\/maximaloc.com\/en\/product\/pied-baby-5k-a1020cs-110-198cm\/","title":{"rendered":"PIED BABY 5K A1020CS (110-198cm)"},"content":{"rendered":"<p>Ce pied lumi\u00e8re Avenger A1020CS soutient jusqu\u2019\u00e0 35 kg de charge \u00e0 une hauteur de 198 cm. Il est \u00e9quip\u00e9 d\u2019un spigot Baby \u215d\u2033 (16 mm) et d\u2019un connecteur Junior femelle 1\u20331\/8 (28 mm). La jambe de mise \u00e0 niveau permet d\u2019installer le pied en pr\u00e9sence d\u2019un sol irr\u00e9gulier.<\/p>\n<p>\u00a0<\/p>\n<p>Il accueille sans probl\u00e8me un COB 1200D ou un Nova P600. Son int\u00e9r\u00eat r\u00e9side dans sa hauteur minimale de 1m10 qui permet d\u2019installer une lumi\u00e8re \u00e0 une hauteur relativement basse. Pour mettre une lumi\u00e8re au ras du sol, il faudra utiliser une patte d\u2019oie ou une base de C-Stand selon le poids de l\u2019\u00e9clairage.<\/p>","protected":false},"excerpt":{"rendered":"<p>Pied Avenger Baby<\/p>\n<p>Hauteur min : 110 cm<\/p>\n<p>Hauteur max : 198 cm\u00a0\u00a0<\/p>\n<p>Poids support\u00e9 : 35 kg<\/p>","protected":false},"featured_media":11506,"template":"","meta":[],"product_cat":[396],"product_tag":[423,424],"class_list":{"0":"post-10685","1":"product","2":"type-product","3":"status-publish","4":"has-post-thumbnail","6":"product_cat-pieds-lumiere","7":"product_tag-spigot-de-16","8":"product_tag-avenger","10":"first","11":"instock","12":"taxable","13":"shipping-taxable","14":"purchasable","15":"product-type-rentable"},"yoast_head":"<!-- This site is optimized with the Yoast SEO plugin v27.4 - https:\/\/yoast.com\/product\/yoast-seo-wordpress\/ -->\n<title>PIED BABY 5K A1020CS (110-198cm) - Maximaloc<\/title>\n<meta name=\"robots\" content=\"index, follow, max-snippet:-1, max-image-preview:large, max-video-preview:-1\" \/>\n<link rel=\"canonical\" href=\"https:\/\/maximaloc.com\/en\/product\/pied-baby-5k-a1020cs-110-198cm\/\" \/>\n<meta property=\"og:locale\" content=\"en_US\" \/>\n<meta property=\"og:type\" content=\"article\" \/>\n<meta property=\"og:title\" content=\"PIED BABY 5K A1020CS (110-198cm) - Maximaloc\" \/>\n<meta property=\"og:description\" content=\"Pied Avenger Baby Hauteur min : 110 cm Hauteur max : 198 cm\u00a0\u00a0 Poids support\u00e9 : 35 kg\" \/>\n<meta property=\"og:url\" content=\"https:\/\/maximaloc.com\/en\/product\/pied-baby-5k-a1020cs-110-198cm\/\" \/>\n<meta property=\"og:site_name\" content=\"Maximaloc\" \/>\n<meta property=\"article:publisher\" content=\"https:\/\/www.facebook.com\/Maximalocation\" \/>\n<meta property=\"article:modified_time\" content=\"2026-04-28T13:52:59+00:00\" \/>\n<meta property=\"og:image\" content=\"https:\/\/maximaloc.com\/wp-content\/uploads\/2024\/06\/baby-5k-1.webp\" \/>\n\t<meta property=\"og:image:width\" content=\"580\" \/>\n\t<meta property=\"og:image:height\" content=\"420\" \/>\n\t<meta property=\"og:image:type\" content=\"image\/webp\" \/>\n<meta name=\"twitter:card\" content=\"summary_large_image\" \/>\n<meta name=\"twitter:label1\" content=\"Est. reading time\" \/>\n\t<meta name=\"twitter:data1\" content=\"1 minute\" \/>\n<script type=\"application\/ld+json\" class=\"yoast-schema-graph\">{\"@context\":\"https:\\\/\\\/schema.org\",\"@graph\":[{\"@type\":\"WebPage\",\"@id\":\"https:\\\/\\\/maximaloc.com\\\/produit\\\/pied-baby-5k-a1020cs-110-198cm\\\/\",\"url\":\"https:\\\/\\\/maximaloc.com\\\/produit\\\/pied-baby-5k-a1020cs-110-198cm\\\/\",\"name\":\"PIED BABY 5K A1020CS (110-198cm) - Maximaloc\",\"isPartOf\":{\"@id\":\"https:\\\/\\\/maximaloc.com\\\/#website\"},\"primaryImageOfPage\":{\"@id\":\"https:\\\/\\\/maximaloc.com\\\/produit\\\/pied-baby-5k-a1020cs-110-198cm\\\/#primaryimage\"},\"image\":{\"@id\":\"https:\\\/\\\/maximaloc.com\\\/produit\\\/pied-baby-5k-a1020cs-110-198cm\\\/#primaryimage\"},\"thumbnailUrl\":\"https:\\\/\\\/maximaloc.com\\\/wp-content\\\/uploads\\\/2024\\\/06\\\/baby-5k-1.webp\",\"datePublished\":\"2024-06-12T15:06:27+00:00\",\"dateModified\":\"2026-04-28T13:52:59+00:00\",\"breadcrumb\":{\"@id\":\"https:\\\/\\\/maximaloc.com\\\/produit\\\/pied-baby-5k-a1020cs-110-198cm\\\/#breadcrumb\"},\"inLanguage\":\"en-US\",\"potentialAction\":[{\"@type\":\"ReadAction\",\"target\":[\"https:\\\/\\\/maximaloc.com\\\/produit\\\/pied-baby-5k-a1020cs-110-198cm\\\/\"]}]},{\"@type\":\"ImageObject\",\"inLanguage\":\"en-US\",\"@id\":\"https:\\\/\\\/maximaloc.com\\\/produit\\\/pied-baby-5k-a1020cs-110-198cm\\\/#primaryimage\",\"url\":\"https:\\\/\\\/maximaloc.com\\\/wp-content\\\/uploads\\\/2024\\\/06\\\/baby-5k-1.webp\",\"contentUrl\":\"https:\\\/\\\/maximaloc.com\\\/wp-content\\\/uploads\\\/2024\\\/06\\\/baby-5k-1.webp\",\"width\":580,\"height\":420,\"caption\":\"Avenger Pied Baby 5K A1020CS (93-198cm) en location\"},{\"@type\":\"BreadcrumbList\",\"@id\":\"https:\\\/\\\/maximaloc.com\\\/produit\\\/pied-baby-5k-a1020cs-110-198cm\\\/#breadcrumb\",\"itemListElement\":[{\"@type\":\"ListItem\",\"position\":1,\"name\":\"Accueil\",\"item\":\"https:\\\/\\\/maximaloc.com\\\/\"},{\"@type\":\"ListItem\",\"position\":2,\"name\":\"BOUTIQUE\",\"item\":\"https:\\\/\\\/maximaloc.com\\\/boutique\\\/\"},{\"@type\":\"ListItem\",\"position\":3,\"name\":\"PIED BABY 5K A1020CS (110-198cm)\"}]},{\"@type\":\"WebSite\",\"@id\":\"https:\\\/\\\/maximaloc.com\\\/#website\",\"url\":\"https:\\\/\\\/maximaloc.com\\\/\",\"name\":\"Maximaloc\",\"description\":\"\",\"publisher\":{\"@id\":\"https:\\\/\\\/maximaloc.com\\\/#organization\"},\"potentialAction\":[{\"@type\":\"SearchAction\",\"target\":{\"@type\":\"EntryPoint\",\"urlTemplate\":\"https:\\\/\\\/maximaloc.com\\\/?s={search_term_string}\"},\"query-input\":{\"@type\":\"PropertyValueSpecification\",\"valueRequired\":true,\"valueName\":\"search_term_string\"}}],\"inLanguage\":\"en-US\"},{\"@type\":\"Organization\",\"@id\":\"https:\\\/\\\/maximaloc.com\\\/#organization\",\"name\":\"Maximaloc\",\"url\":\"https:\\\/\\\/maximaloc.com\\\/\",\"logo\":{\"@type\":\"ImageObject\",\"inLanguage\":\"en-US\",\"@id\":\"https:\\\/\\\/maximaloc.com\\\/#\\\/schema\\\/logo\\\/image\\\/\",\"url\":\"https:\\\/\\\/maximaloc.com\\\/wp-content\\\/uploads\\\/2024\\\/03\\\/logo_noir-scaled.png\",\"contentUrl\":\"https:\\\/\\\/maximaloc.com\\\/wp-content\\\/uploads\\\/2024\\\/03\\\/logo_noir-scaled.png\",\"width\":2560,\"height\":268,\"caption\":\"Maximaloc\"},\"image\":{\"@id\":\"https:\\\/\\\/maximaloc.com\\\/#\\\/schema\\\/logo\\\/image\\\/\"},\"sameAs\":[\"https:\\\/\\\/www.facebook.com\\\/Maximalocation\"]}]}<\/script>\n<!-- \/ Yoast SEO plugin. -->","yoast_head_json":{"title":"PIED BABY 5K A1020CS (110-198cm) - Maximaloc","robots":{"index":"index","follow":"follow","max-snippet":"max-snippet:-1","max-image-preview":"max-image-preview:large","max-video-preview":"max-video-preview:-1"},"canonical":"https:\/\/maximaloc.com\/en\/product\/pied-baby-5k-a1020cs-110-198cm\/","og_locale":"en_US","og_type":"article","og_title":"PIED BABY 5K A1020CS (110-198cm) - Maximaloc","og_description":"Pied Avenger Baby Hauteur min : 110 cm Hauteur max : 198 cm\u00a0\u00a0 Poids support\u00e9 : 35 kg","og_url":"https:\/\/maximaloc.com\/en\/product\/pied-baby-5k-a1020cs-110-198cm\/","og_site_name":"Maximaloc","article_publisher":"https:\/\/www.facebook.com\/Maximalocation","article_modified_time":"2026-04-28T13:52:59+00:00","og_image":[{"width":580,"height":420,"url":"https:\/\/maximaloc.com\/wp-content\/uploads\/2024\/06\/baby-5k-1.webp","type":"image\/webp"}],"twitter_card":"summary_large_image","twitter_misc":{"Est. reading time":"1 minute"},"schema":{"@context":"https:\/\/schema.org","@graph":[{"@type":"WebPage","@id":"https:\/\/maximaloc.com\/produit\/pied-baby-5k-a1020cs-110-198cm\/","url":"https:\/\/maximaloc.com\/produit\/pied-baby-5k-a1020cs-110-198cm\/","name":"PIED BABY 5K A1020CS (110-198cm) - Maximaloc","isPartOf":{"@id":"https:\/\/maximaloc.com\/#website"},"primaryImageOfPage":{"@id":"https:\/\/maximaloc.com\/produit\/pied-baby-5k-a1020cs-110-198cm\/#primaryimage"},"image":{"@id":"https:\/\/maximaloc.com\/produit\/pied-baby-5k-a1020cs-110-198cm\/#primaryimage"},"thumbnailUrl":"https:\/\/maximaloc.com\/wp-content\/uploads\/2024\/06\/baby-5k-1.webp","datePublished":"2024-06-12T15:06:27+00:00","dateModified":"2026-04-28T13:52:59+00:00","breadcrumb":{"@id":"https:\/\/maximaloc.com\/produit\/pied-baby-5k-a1020cs-110-198cm\/#breadcrumb"},"inLanguage":"en-US","potentialAction":[{"@type":"ReadAction","target":["https:\/\/maximaloc.com\/produit\/pied-baby-5k-a1020cs-110-198cm\/"]}]},{"@type":"ImageObject","inLanguage":"en-US","@id":"https:\/\/maximaloc.com\/produit\/pied-baby-5k-a1020cs-110-198cm\/#primaryimage","url":"https:\/\/maximaloc.com\/wp-content\/uploads\/2024\/06\/baby-5k-1.webp","contentUrl":"https:\/\/maximaloc.com\/wp-content\/uploads\/2024\/06\/baby-5k-1.webp","width":580,"height":420,"caption":"Avenger Pied Baby 5K A1020CS (93-198cm) en location"},{"@type":"BreadcrumbList","@id":"https:\/\/maximaloc.com\/produit\/pied-baby-5k-a1020cs-110-198cm\/#breadcrumb","itemListElement":[{"@type":"ListItem","position":1,"name":"Accueil","item":"https:\/\/maximaloc.com\/"},{"@type":"ListItem","position":2,"name":"BOUTIQUE","item":"https:\/\/maximaloc.com\/boutique\/"},{"@type":"ListItem","position":3,"name":"PIED BABY 5K A1020CS (110-198cm)"}]},{"@type":"WebSite","@id":"https:\/\/maximaloc.com\/#website","url":"https:\/\/maximaloc.com\/","name":"Maximaloc","description":"","publisher":{"@id":"https:\/\/maximaloc.com\/#organization"},"potentialAction":[{"@type":"SearchAction","target":{"@type":"EntryPoint","urlTemplate":"https:\/\/maximaloc.com\/?s={search_term_string}"},"query-input":{"@type":"PropertyValueSpecification","valueRequired":true,"valueName":"search_term_string"}}],"inLanguage":"en-US"},{"@type":"Organization","@id":"https:\/\/maximaloc.com\/#organization","name":"Maximaloc","url":"https:\/\/maximaloc.com\/","logo":{"@type":"ImageObject","inLanguage":"en-US","@id":"https:\/\/maximaloc.com\/#\/schema\/logo\/image\/","url":"https:\/\/maximaloc.com\/wp-content\/uploads\/2024\/03\/logo_noir-scaled.png","contentUrl":"https:\/\/maximaloc.com\/wp-content\/uploads\/2024\/03\/logo_noir-scaled.png","width":2560,"height":268,"caption":"Maximaloc"},"image":{"@id":"https:\/\/maximaloc.com\/#\/schema\/logo\/image\/"},"sameAs":["https:\/\/www.facebook.com\/Maximalocation"]}]}},"_links":{"self":[{"href":"https:\/\/maximaloc.com\/en\/wp-json\/wp\/v2\/product\/10685","targetHints":{"allow":["GET"]}}],"collection":[{"href":"https:\/\/maximaloc.com\/en\/wp-json\/wp\/v2\/product"}],"about":[{"href":"https:\/\/maximaloc.com\/en\/wp-json\/wp\/v2\/types\/product"}],"wp:featuredmedia":[{"embeddable":true,"href":"https:\/\/maximaloc.com\/en\/wp-json\/wp\/v2\/media\/11506"}],"wp:attachment":[{"href":"https:\/\/maximaloc.com\/en\/wp-json\/wp\/v2\/media?parent=10685"}],"wp:term":[{"taxonomy":"product_cat","embeddable":true,"href":"https:\/\/maximaloc.com\/en\/wp-json\/wp\/v2\/product_cat?post=10685"},{"taxonomy":"product_tag","embeddable":true,"href":"https:\/\/maximaloc.com\/en\/wp-json\/wp\/v2\/product_tag?post=10685"}],"curies":[{"name":"wp","href":"https:\/\/api.w.org\/{rel}","templated":true}]}}