 {"id":10709,"date":"2024-06-12T17:07:39","date_gmt":"2024-06-12T15:07:39","guid":{"rendered":"https:\/\/maximaloc.com\/produit\/nd4-8-16-32-mavic-air-2s\/"},"modified":"2026-03-30T16:18:45","modified_gmt":"2026-03-30T14:18:45","slug":"nd4-8-16-32-mavic-air-2s","status":"publish","type":"product","link":"https:\/\/maximaloc.com\/en\/product\/nd4-8-16-32-mavic-air-2s\/","title":{"rendered":"ND4\/8\/16\/32 &#8211; MAVIC AIR 2S"},"content":{"rendered":"<p>Ces filtres \u00e0 densit\u00e9 neutre permettent de r\u00e9duire la quantit\u00e9 de lumi\u00e8re entrant dans le capteur sans alt\u00e9rer les couleurs. Ils sont essentiels pour conserver une vitesse d\u2019obturation adapt\u00e9e en vid\u00e9o (r\u00e8gle des 180\u00b0) et obtenir un flou de mouvement naturel et cin\u00e9matographique, m\u00eame en pleine luminosit\u00e9.<\/p>\n<p>Chaque filtre correspond \u00e0 une intensit\u00e9 diff\u00e9rente :<br \/>ND4 (faible luminosit\u00e9), ND8 (lumi\u00e8re mod\u00e9r\u00e9e), ND16 (forte luminosit\u00e9) et ND32 (tr\u00e8s forte luminosit\u00e9). Ils permettent ainsi d\u2019adapter pr\u00e9cis\u00e9ment l\u2019exposition selon les conditions m\u00e9t\u00e9o.<\/p>\n<p>Id\u00e9al en tournage ext\u00e9rieur, ce kit offre un contr\u00f4le pr\u00e9cis de l\u2019exposition, am\u00e9liore la qualit\u00e9 d\u2019image et \u00e9vite les surexpositions en conditions ensoleill\u00e9es, tout en conservant un rendu fluide et professionnel.<\/p>\n<p>Points forts :<\/p>\n<p>\u2022 Meilleur contr\u00f4le de l\u2019exposition en plein jour<br \/>\u2022 Rendu vid\u00e9o plus cin\u00e9matographique<br \/>\u2022 R\u00e9duction des hautes lumi\u00e8res et de la surexposition<br \/>\u2022 Adaptation rapide aux diff\u00e9rentes conditions lumineuses<\/p>","protected":false},"excerpt":{"rendered":"<p>Filtres DJI ND\u00a0<\/p>\n<p>Intensit\u00e9 : ND 4, 8, 16, 32<\/p>\n<p>Format : Mavic Air 2s<\/p>","protected":false},"featured_media":22754,"template":"","meta":[],"product_cat":[407],"product_tag":[],"class_list":{"0":"post-10709","1":"product","2":"type-product","3":"status-publish","4":"has-post-thumbnail","6":"product_cat-drone","8":"first","9":"instock","10":"taxable","11":"shipping-taxable","12":"purchasable","13":"product-type-rentable"},"yoast_head":"<!-- This site is optimized with the Yoast SEO plugin v24.1 - https:\/\/yoast.com\/wordpress\/plugins\/seo\/ -->\n<title>ND4\/8\/16\/32 - MAVIC AIR 2S - Maximaloc<\/title>\n<meta name=\"robots\" content=\"index, follow, max-snippet:-1, max-image-preview:large, max-video-preview:-1\" \/>\n<link rel=\"canonical\" href=\"https:\/\/maximaloc.com\/en\/product\/nd4-8-16-32-mavic-air-2s\/\" \/>\n<meta property=\"og:locale\" content=\"en_US\" \/>\n<meta property=\"og:type\" content=\"article\" \/>\n<meta property=\"og:title\" content=\"ND4\/8\/16\/32 - MAVIC AIR 2S - Maximaloc\" \/>\n<meta property=\"og:description\" content=\"Filtres DJI ND\u00a0 Intensit\u00e9 : ND 4, 8, 16, 32 Format : Mavic Air 2s\" \/>\n<meta property=\"og:url\" content=\"https:\/\/maximaloc.com\/en\/product\/nd4-8-16-32-mavic-air-2s\/\" \/>\n<meta property=\"og:site_name\" content=\"Maximaloc\" \/>\n<meta property=\"article:publisher\" content=\"https:\/\/www.facebook.com\/Maximalocation\" \/>\n<meta property=\"article:modified_time\" content=\"2026-03-30T14:18:45+00:00\" \/>\n<meta property=\"og:image\" content=\"https:\/\/maximaloc.com\/wp-content\/uploads\/2024\/06\/51FjvEySLaL._AC_UF10001000_QL80_-1.jpg\" \/>\n\t<meta property=\"og:image:width\" content=\"578\" \/>\n\t<meta property=\"og:image:height\" content=\"1000\" \/>\n\t<meta property=\"og:image:type\" content=\"image\/jpeg\" \/>\n<meta name=\"twitter:card\" content=\"summary_large_image\" \/>\n<meta name=\"twitter:label1\" content=\"Est. reading time\" \/>\n\t<meta name=\"twitter:data1\" content=\"1 minute\" \/>\n<script type=\"application\/ld+json\" class=\"yoast-schema-graph\">{\"@context\":\"https:\/\/schema.org\",\"@graph\":[{\"@type\":\"WebPage\",\"@id\":\"https:\/\/maximaloc.com\/produit\/nd4-8-16-32-mavic-air-2s\/\",\"url\":\"https:\/\/maximaloc.com\/produit\/nd4-8-16-32-mavic-air-2s\/\",\"name\":\"ND4\/8\/16\/32 - MAVIC AIR 2S - Maximaloc\",\"isPartOf\":{\"@id\":\"https:\/\/maximaloc.com\/#website\"},\"primaryImageOfPage\":{\"@id\":\"https:\/\/maximaloc.com\/produit\/nd4-8-16-32-mavic-air-2s\/#primaryimage\"},\"image\":{\"@id\":\"https:\/\/maximaloc.com\/produit\/nd4-8-16-32-mavic-air-2s\/#primaryimage\"},\"thumbnailUrl\":\"https:\/\/maximaloc.com\/wp-content\/uploads\/2024\/06\/CASE-OUVERTE.png\",\"datePublished\":\"2024-06-12T15:07:39+00:00\",\"dateModified\":\"2026-03-30T14:18:45+00:00\",\"breadcrumb\":{\"@id\":\"https:\/\/maximaloc.com\/produit\/nd4-8-16-32-mavic-air-2s\/#breadcrumb\"},\"inLanguage\":\"en-US\",\"potentialAction\":[{\"@type\":\"ReadAction\",\"target\":[\"https:\/\/maximaloc.com\/produit\/nd4-8-16-32-mavic-air-2s\/\"]}]},{\"@type\":\"ImageObject\",\"inLanguage\":\"en-US\",\"@id\":\"https:\/\/maximaloc.com\/produit\/nd4-8-16-32-mavic-air-2s\/#primaryimage\",\"url\":\"https:\/\/maximaloc.com\/wp-content\/uploads\/2024\/06\/CASE-OUVERTE.png\",\"contentUrl\":\"https:\/\/maximaloc.com\/wp-content\/uploads\/2024\/06\/CASE-OUVERTE.png\",\"width\":1000,\"height\":1000},{\"@type\":\"BreadcrumbList\",\"@id\":\"https:\/\/maximaloc.com\/produit\/nd4-8-16-32-mavic-air-2s\/#breadcrumb\",\"itemListElement\":[{\"@type\":\"ListItem\",\"position\":1,\"name\":\"Accueil\",\"item\":\"https:\/\/maximaloc.com\/\"},{\"@type\":\"ListItem\",\"position\":2,\"name\":\"BOUTIQUE\",\"item\":\"https:\/\/maximaloc.com\/boutique\/\"},{\"@type\":\"ListItem\",\"position\":3,\"name\":\"ND4\/8\/16\/32 &#8211; MAVIC AIR 2S\"}]},{\"@type\":\"WebSite\",\"@id\":\"https:\/\/maximaloc.com\/#website\",\"url\":\"https:\/\/maximaloc.com\/\",\"name\":\"Maximaloc\",\"description\":\"\",\"publisher\":{\"@id\":\"https:\/\/maximaloc.com\/#organization\"},\"potentialAction\":[{\"@type\":\"SearchAction\",\"target\":{\"@type\":\"EntryPoint\",\"urlTemplate\":\"https:\/\/maximaloc.com\/?s={search_term_string}\"},\"query-input\":{\"@type\":\"PropertyValueSpecification\",\"valueRequired\":true,\"valueName\":\"search_term_string\"}}],\"inLanguage\":\"en-US\"},{\"@type\":\"Organization\",\"@id\":\"https:\/\/maximaloc.com\/#organization\",\"name\":\"Maximaloc\",\"url\":\"https:\/\/maximaloc.com\/\",\"logo\":{\"@type\":\"ImageObject\",\"inLanguage\":\"en-US\",\"@id\":\"https:\/\/maximaloc.com\/#\/schema\/logo\/image\/\",\"url\":\"https:\/\/maximaloc.com\/wp-content\/uploads\/2024\/03\/logo_noir.png\",\"contentUrl\":\"https:\/\/maximaloc.com\/wp-content\/uploads\/2024\/03\/logo_noir.png\",\"width\":11750,\"height\":1231,\"caption\":\"Maximaloc\"},\"image\":{\"@id\":\"https:\/\/maximaloc.com\/#\/schema\/logo\/image\/\"},\"sameAs\":[\"https:\/\/www.facebook.com\/Maximalocation\"]}]}<\/script>\n<!-- \/ Yoast SEO plugin. -->","yoast_head_json":{"title":"ND4\/8\/16\/32 - MAVIC AIR 2S - Maximaloc","robots":{"index":"index","follow":"follow","max-snippet":"max-snippet:-1","max-image-preview":"max-image-preview:large","max-video-preview":"max-video-preview:-1"},"canonical":"https:\/\/maximaloc.com\/en\/product\/nd4-8-16-32-mavic-air-2s\/","og_locale":"en_US","og_type":"article","og_title":"ND4\/8\/16\/32 - MAVIC AIR 2S - Maximaloc","og_description":"Filtres DJI ND\u00a0 Intensit\u00e9 : ND 4, 8, 16, 32 Format : Mavic Air 2s","og_url":"https:\/\/maximaloc.com\/en\/product\/nd4-8-16-32-mavic-air-2s\/","og_site_name":"Maximaloc","article_publisher":"https:\/\/www.facebook.com\/Maximalocation","article_modified_time":"2026-03-30T14:18:45+00:00","og_image":[{"width":578,"height":1000,"url":"https:\/\/maximaloc.com\/wp-content\/uploads\/2024\/06\/51FjvEySLaL._AC_UF10001000_QL80_-1.jpg","type":"image\/jpeg"}],"twitter_card":"summary_large_image","twitter_misc":{"Est. reading time":"1 minute"},"schema":{"@context":"https:\/\/schema.org","@graph":[{"@type":"WebPage","@id":"https:\/\/maximaloc.com\/produit\/nd4-8-16-32-mavic-air-2s\/","url":"https:\/\/maximaloc.com\/produit\/nd4-8-16-32-mavic-air-2s\/","name":"ND4\/8\/16\/32 - MAVIC AIR 2S - Maximaloc","isPartOf":{"@id":"https:\/\/maximaloc.com\/#website"},"primaryImageOfPage":{"@id":"https:\/\/maximaloc.com\/produit\/nd4-8-16-32-mavic-air-2s\/#primaryimage"},"image":{"@id":"https:\/\/maximaloc.com\/produit\/nd4-8-16-32-mavic-air-2s\/#primaryimage"},"thumbnailUrl":"https:\/\/maximaloc.com\/wp-content\/uploads\/2024\/06\/CASE-OUVERTE.png","datePublished":"2024-06-12T15:07:39+00:00","dateModified":"2026-03-30T14:18:45+00:00","breadcrumb":{"@id":"https:\/\/maximaloc.com\/produit\/nd4-8-16-32-mavic-air-2s\/#breadcrumb"},"inLanguage":"en-US","potentialAction":[{"@type":"ReadAction","target":["https:\/\/maximaloc.com\/produit\/nd4-8-16-32-mavic-air-2s\/"]}]},{"@type":"ImageObject","inLanguage":"en-US","@id":"https:\/\/maximaloc.com\/produit\/nd4-8-16-32-mavic-air-2s\/#primaryimage","url":"https:\/\/maximaloc.com\/wp-content\/uploads\/2024\/06\/CASE-OUVERTE.png","contentUrl":"https:\/\/maximaloc.com\/wp-content\/uploads\/2024\/06\/CASE-OUVERTE.png","width":1000,"height":1000},{"@type":"BreadcrumbList","@id":"https:\/\/maximaloc.com\/produit\/nd4-8-16-32-mavic-air-2s\/#breadcrumb","itemListElement":[{"@type":"ListItem","position":1,"name":"Accueil","item":"https:\/\/maximaloc.com\/"},{"@type":"ListItem","position":2,"name":"BOUTIQUE","item":"https:\/\/maximaloc.com\/boutique\/"},{"@type":"ListItem","position":3,"name":"ND4\/8\/16\/32 &#8211; MAVIC AIR 2S"}]},{"@type":"WebSite","@id":"https:\/\/maximaloc.com\/#website","url":"https:\/\/maximaloc.com\/","name":"Maximaloc","description":"","publisher":{"@id":"https:\/\/maximaloc.com\/#organization"},"potentialAction":[{"@type":"SearchAction","target":{"@type":"EntryPoint","urlTemplate":"https:\/\/maximaloc.com\/?s={search_term_string}"},"query-input":{"@type":"PropertyValueSpecification","valueRequired":true,"valueName":"search_term_string"}}],"inLanguage":"en-US"},{"@type":"Organization","@id":"https:\/\/maximaloc.com\/#organization","name":"Maximaloc","url":"https:\/\/maximaloc.com\/","logo":{"@type":"ImageObject","inLanguage":"en-US","@id":"https:\/\/maximaloc.com\/#\/schema\/logo\/image\/","url":"https:\/\/maximaloc.com\/wp-content\/uploads\/2024\/03\/logo_noir.png","contentUrl":"https:\/\/maximaloc.com\/wp-content\/uploads\/2024\/03\/logo_noir.png","width":11750,"height":1231,"caption":"Maximaloc"},"image":{"@id":"https:\/\/maximaloc.com\/#\/schema\/logo\/image\/"},"sameAs":["https:\/\/www.facebook.com\/Maximalocation"]}]}},"_links":{"self":[{"href":"https:\/\/maximaloc.com\/en\/wp-json\/wp\/v2\/product\/10709","targetHints":{"allow":["GET"]}}],"collection":[{"href":"https:\/\/maximaloc.com\/en\/wp-json\/wp\/v2\/product"}],"about":[{"href":"https:\/\/maximaloc.com\/en\/wp-json\/wp\/v2\/types\/product"}],"wp:featuredmedia":[{"embeddable":true,"href":"https:\/\/maximaloc.com\/en\/wp-json\/wp\/v2\/media\/22754"}],"wp:attachment":[{"href":"https:\/\/maximaloc.com\/en\/wp-json\/wp\/v2\/media?parent=10709"}],"wp:term":[{"taxonomy":"product_cat","embeddable":true,"href":"https:\/\/maximaloc.com\/en\/wp-json\/wp\/v2\/product_cat?post=10709"},{"taxonomy":"product_tag","embeddable":true,"href":"https:\/\/maximaloc.com\/en\/wp-json\/wp\/v2\/product_tag?post=10709"}],"curies":[{"name":"wp","href":"https:\/\/api.w.org\/{rel}","templated":true}]}}