 {"id":11015,"date":"2024-06-14T14:40:48","date_gmt":"2024-06-14T12:40:48","guid":{"rendered":"https:\/\/maximaloc.com\/produit\/manfrotto-504x-2x-vis\/"},"modified":"2026-03-30T16:15:34","modified_gmt":"2026-03-30T14:15:34","slug":"manfrotto-504x","status":"publish","type":"product","link":"https:\/\/maximaloc.com\/en\/product\/manfrotto-504x\/","title":{"rendered":"MANFROTTO 504X"},"content":{"rendered":"<p>Ce tr\u00e9pied \u00e0 doubles pieds en aluminium avec entretoise centrale est un tr\u00e9pied de qualit\u00e9 professionnelle avec une conception \u00e0 deux \u00e9tages, rigide et stable qui est dot\u00e9 d\u2019une t\u00eate Manfrotto 504X.\u00a0<\/p>\n<p>\u00a0<\/p>\n<p>Le m\u00e9canisme de verrouillage lat\u00e9ral du plateau rapide permet une fixation s\u00fbre, rapide et facile de la cam\u00e9ra, en maintenant la stabilit\u00e9 et l&#8217;\u00e9quilibre de l&#8217;\u00e9quipement vid\u00e9o.<\/p>\n<p>\u00a0<\/p>\n<p>Les freins pour le panoramique et le tilt sont ind\u00e9pendants, quant au contrebalancement il existe en 4 positions allant de 0 (neutre) \u00e0 6,5 kg. Une garantie pour des mouvements extr\u00eamement fluides.<\/p>\n<p>\u00a0<\/p>\n<p>Le niveau \u00e0 bulle r\u00e9tro \u00e9clair\u00e9 m\u00eame en cas de faible luminosit\u00e9, vous permettra de faire votre mise \u00e0 niveau sans difficult\u00e9.<\/p>\n<p>\u00a0<\/p>\n<p><strong>Points Forts :\u00a0<\/strong><\/p>\n<ul>\n<li>Fluidit\u00e9 de mouvement<\/li>\n<li>Bon syst\u00e8me de contrepoids<\/li>\n<li>Polyvalence<\/li>\n<li>Installation rapide et s\u00e9curis\u00e9e<\/li>\n<\/ul>","protected":false},"excerpt":{"rendered":"<p>Type : Tr\u00e9pied Vid\u00e9o Carbone<\/p>\n<p>Poids Support\u00e9 : 12\u00a0Kg<\/p>\n<p>Hauteur max :\u00a0168 cm<\/p>\n<p>Hauteur min : 43 cm<\/p>","protected":false},"featured_media":11326,"template":"","meta":[],"product_cat":[390],"product_tag":[],"class_list":{"0":"post-11015","1":"product","2":"type-product","3":"status-publish","4":"has-post-thumbnail","6":"product_cat-trepied-video","8":"first","9":"instock","10":"taxable","11":"shipping-taxable","12":"purchasable","13":"product-type-rentable"},"yoast_head":"<!-- This site is optimized with the Yoast SEO plugin v24.1 - https:\/\/yoast.com\/wordpress\/plugins\/seo\/ -->\n<title>MANFROTTO 504X - Maximaloc<\/title>\n<meta name=\"robots\" content=\"index, follow, max-snippet:-1, max-image-preview:large, max-video-preview:-1\" \/>\n<link rel=\"canonical\" href=\"https:\/\/maximaloc.com\/en\/product\/manfrotto-504x\/\" \/>\n<meta property=\"og:locale\" content=\"en_US\" \/>\n<meta property=\"og:type\" content=\"article\" \/>\n<meta property=\"og:title\" content=\"MANFROTTO 504X - Maximaloc\" \/>\n<meta property=\"og:description\" content=\"Type : Tr\u00e9pied Vid\u00e9o Carbone Poids Support\u00e9 : 12\u00a0Kg Hauteur max :\u00a0168 cm Hauteur min : 43 cm\" \/>\n<meta property=\"og:url\" content=\"https:\/\/maximaloc.com\/en\/product\/manfrotto-504x\/\" \/>\n<meta property=\"og:site_name\" content=\"Maximaloc\" \/>\n<meta property=\"article:publisher\" content=\"https:\/\/www.facebook.com\/Maximalocation\" \/>\n<meta property=\"article:modified_time\" content=\"2026-03-30T14:15:34+00:00\" \/>\n<meta property=\"og:image\" content=\"https:\/\/maximaloc.com\/wp-content\/uploads\/2024\/06\/504x-1.webp\" \/>\n\t<meta property=\"og:image:width\" content=\"1000\" \/>\n\t<meta property=\"og:image:height\" content=\"724\" \/>\n\t<meta property=\"og:image:type\" content=\"image\/webp\" \/>\n<meta name=\"twitter:card\" content=\"summary_large_image\" \/>\n<meta name=\"twitter:label1\" content=\"Est. reading time\" \/>\n\t<meta name=\"twitter:data1\" content=\"1 minute\" \/>\n<script type=\"application\/ld+json\" class=\"yoast-schema-graph\">{\"@context\":\"https:\/\/schema.org\",\"@graph\":[{\"@type\":\"WebPage\",\"@id\":\"https:\/\/maximaloc.com\/produit\/manfrotto-504x\/\",\"url\":\"https:\/\/maximaloc.com\/produit\/manfrotto-504x\/\",\"name\":\"MANFROTTO 504X - Maximaloc\",\"isPartOf\":{\"@id\":\"https:\/\/maximaloc.com\/#website\"},\"primaryImageOfPage\":{\"@id\":\"https:\/\/maximaloc.com\/produit\/manfrotto-504x\/#primaryimage\"},\"image\":{\"@id\":\"https:\/\/maximaloc.com\/produit\/manfrotto-504x\/#primaryimage\"},\"thumbnailUrl\":\"https:\/\/maximaloc.com\/wp-content\/uploads\/2024\/06\/504x-1.webp\",\"datePublished\":\"2024-06-14T12:40:48+00:00\",\"dateModified\":\"2026-03-30T14:15:34+00:00\",\"breadcrumb\":{\"@id\":\"https:\/\/maximaloc.com\/produit\/manfrotto-504x\/#breadcrumb\"},\"inLanguage\":\"en-US\",\"potentialAction\":[{\"@type\":\"ReadAction\",\"target\":[\"https:\/\/maximaloc.com\/produit\/manfrotto-504x\/\"]}]},{\"@type\":\"ImageObject\",\"inLanguage\":\"en-US\",\"@id\":\"https:\/\/maximaloc.com\/produit\/manfrotto-504x\/#primaryimage\",\"url\":\"https:\/\/maximaloc.com\/wp-content\/uploads\/2024\/06\/504x-1.webp\",\"contentUrl\":\"https:\/\/maximaloc.com\/wp-content\/uploads\/2024\/06\/504x-1.webp\",\"width\":1000,\"height\":724,\"caption\":\"Tr\u00e9pied Vid\u00e9o Manfrotto avec T\u00eate fluide MVH504XAH et Sacoche en location\"},{\"@type\":\"BreadcrumbList\",\"@id\":\"https:\/\/maximaloc.com\/produit\/manfrotto-504x\/#breadcrumb\",\"itemListElement\":[{\"@type\":\"ListItem\",\"position\":1,\"name\":\"Accueil\",\"item\":\"https:\/\/maximaloc.com\/\"},{\"@type\":\"ListItem\",\"position\":2,\"name\":\"BOUTIQUE\",\"item\":\"https:\/\/maximaloc.com\/boutique\/\"},{\"@type\":\"ListItem\",\"position\":3,\"name\":\"MANFROTTO 504X\"}]},{\"@type\":\"WebSite\",\"@id\":\"https:\/\/maximaloc.com\/#website\",\"url\":\"https:\/\/maximaloc.com\/\",\"name\":\"Maximaloc\",\"description\":\"\",\"publisher\":{\"@id\":\"https:\/\/maximaloc.com\/#organization\"},\"potentialAction\":[{\"@type\":\"SearchAction\",\"target\":{\"@type\":\"EntryPoint\",\"urlTemplate\":\"https:\/\/maximaloc.com\/?s={search_term_string}\"},\"query-input\":{\"@type\":\"PropertyValueSpecification\",\"valueRequired\":true,\"valueName\":\"search_term_string\"}}],\"inLanguage\":\"en-US\"},{\"@type\":\"Organization\",\"@id\":\"https:\/\/maximaloc.com\/#organization\",\"name\":\"Maximaloc\",\"url\":\"https:\/\/maximaloc.com\/\",\"logo\":{\"@type\":\"ImageObject\",\"inLanguage\":\"en-US\",\"@id\":\"https:\/\/maximaloc.com\/#\/schema\/logo\/image\/\",\"url\":\"https:\/\/maximaloc.com\/wp-content\/uploads\/2024\/03\/logo_noir.png\",\"contentUrl\":\"https:\/\/maximaloc.com\/wp-content\/uploads\/2024\/03\/logo_noir.png\",\"width\":11750,\"height\":1231,\"caption\":\"Maximaloc\"},\"image\":{\"@id\":\"https:\/\/maximaloc.com\/#\/schema\/logo\/image\/\"},\"sameAs\":[\"https:\/\/www.facebook.com\/Maximalocation\"]}]}<\/script>\n<!-- \/ Yoast SEO plugin. -->","yoast_head_json":{"title":"MANFROTTO 504X - Maximaloc","robots":{"index":"index","follow":"follow","max-snippet":"max-snippet:-1","max-image-preview":"max-image-preview:large","max-video-preview":"max-video-preview:-1"},"canonical":"https:\/\/maximaloc.com\/en\/product\/manfrotto-504x\/","og_locale":"en_US","og_type":"article","og_title":"MANFROTTO 504X - Maximaloc","og_description":"Type : Tr\u00e9pied Vid\u00e9o Carbone Poids Support\u00e9 : 12\u00a0Kg Hauteur max :\u00a0168 cm Hauteur min : 43 cm","og_url":"https:\/\/maximaloc.com\/en\/product\/manfrotto-504x\/","og_site_name":"Maximaloc","article_publisher":"https:\/\/www.facebook.com\/Maximalocation","article_modified_time":"2026-03-30T14:15:34+00:00","og_image":[{"width":1000,"height":724,"url":"https:\/\/maximaloc.com\/wp-content\/uploads\/2024\/06\/504x-1.webp","type":"image\/webp"}],"twitter_card":"summary_large_image","twitter_misc":{"Est. reading time":"1 minute"},"schema":{"@context":"https:\/\/schema.org","@graph":[{"@type":"WebPage","@id":"https:\/\/maximaloc.com\/produit\/manfrotto-504x\/","url":"https:\/\/maximaloc.com\/produit\/manfrotto-504x\/","name":"MANFROTTO 504X - Maximaloc","isPartOf":{"@id":"https:\/\/maximaloc.com\/#website"},"primaryImageOfPage":{"@id":"https:\/\/maximaloc.com\/produit\/manfrotto-504x\/#primaryimage"},"image":{"@id":"https:\/\/maximaloc.com\/produit\/manfrotto-504x\/#primaryimage"},"thumbnailUrl":"https:\/\/maximaloc.com\/wp-content\/uploads\/2024\/06\/504x-1.webp","datePublished":"2024-06-14T12:40:48+00:00","dateModified":"2026-03-30T14:15:34+00:00","breadcrumb":{"@id":"https:\/\/maximaloc.com\/produit\/manfrotto-504x\/#breadcrumb"},"inLanguage":"en-US","potentialAction":[{"@type":"ReadAction","target":["https:\/\/maximaloc.com\/produit\/manfrotto-504x\/"]}]},{"@type":"ImageObject","inLanguage":"en-US","@id":"https:\/\/maximaloc.com\/produit\/manfrotto-504x\/#primaryimage","url":"https:\/\/maximaloc.com\/wp-content\/uploads\/2024\/06\/504x-1.webp","contentUrl":"https:\/\/maximaloc.com\/wp-content\/uploads\/2024\/06\/504x-1.webp","width":1000,"height":724,"caption":"Tr\u00e9pied Vid\u00e9o Manfrotto avec T\u00eate fluide MVH504XAH et Sacoche en location"},{"@type":"BreadcrumbList","@id":"https:\/\/maximaloc.com\/produit\/manfrotto-504x\/#breadcrumb","itemListElement":[{"@type":"ListItem","position":1,"name":"Accueil","item":"https:\/\/maximaloc.com\/"},{"@type":"ListItem","position":2,"name":"BOUTIQUE","item":"https:\/\/maximaloc.com\/boutique\/"},{"@type":"ListItem","position":3,"name":"MANFROTTO 504X"}]},{"@type":"WebSite","@id":"https:\/\/maximaloc.com\/#website","url":"https:\/\/maximaloc.com\/","name":"Maximaloc","description":"","publisher":{"@id":"https:\/\/maximaloc.com\/#organization"},"potentialAction":[{"@type":"SearchAction","target":{"@type":"EntryPoint","urlTemplate":"https:\/\/maximaloc.com\/?s={search_term_string}"},"query-input":{"@type":"PropertyValueSpecification","valueRequired":true,"valueName":"search_term_string"}}],"inLanguage":"en-US"},{"@type":"Organization","@id":"https:\/\/maximaloc.com\/#organization","name":"Maximaloc","url":"https:\/\/maximaloc.com\/","logo":{"@type":"ImageObject","inLanguage":"en-US","@id":"https:\/\/maximaloc.com\/#\/schema\/logo\/image\/","url":"https:\/\/maximaloc.com\/wp-content\/uploads\/2024\/03\/logo_noir.png","contentUrl":"https:\/\/maximaloc.com\/wp-content\/uploads\/2024\/03\/logo_noir.png","width":11750,"height":1231,"caption":"Maximaloc"},"image":{"@id":"https:\/\/maximaloc.com\/#\/schema\/logo\/image\/"},"sameAs":["https:\/\/www.facebook.com\/Maximalocation"]}]}},"_links":{"self":[{"href":"https:\/\/maximaloc.com\/en\/wp-json\/wp\/v2\/product\/11015","targetHints":{"allow":["GET"]}}],"collection":[{"href":"https:\/\/maximaloc.com\/en\/wp-json\/wp\/v2\/product"}],"about":[{"href":"https:\/\/maximaloc.com\/en\/wp-json\/wp\/v2\/types\/product"}],"wp:featuredmedia":[{"embeddable":true,"href":"https:\/\/maximaloc.com\/en\/wp-json\/wp\/v2\/media\/11326"}],"wp:attachment":[{"href":"https:\/\/maximaloc.com\/en\/wp-json\/wp\/v2\/media?parent=11015"}],"wp:term":[{"taxonomy":"product_cat","embeddable":true,"href":"https:\/\/maximaloc.com\/en\/wp-json\/wp\/v2\/product_cat?post=11015"},{"taxonomy":"product_tag","embeddable":true,"href":"https:\/\/maximaloc.com\/en\/wp-json\/wp\/v2\/product_tag?post=11015"}],"curies":[{"name":"wp","href":"https:\/\/api.w.org\/{rel}","templated":true}]}}