 {"id":13537,"date":"2024-06-28T11:31:51","date_gmt":"2024-06-28T09:31:51","guid":{"rendered":"https:\/\/maximaloc.com\/produit\/soundcraft-console-de-mixage-epm-6-pistes\/"},"modified":"2026-03-30T16:31:42","modified_gmt":"2026-03-30T14:31:42","slug":"soundcraft-console-de-mixage-epm-6","status":"publish","type":"product","link":"https:\/\/maximaloc.com\/en\/product\/soundcraft-console-de-mixage-epm-6\/","title":{"rendered":"SOUNDCRAFT CONSOLE DE MIXAGE EPM-6"},"content":{"rendered":"<p>La Table de Mixage Soundcraft EPM 6 est une console analogique qui offre une qualit\u00e9 sonore fiable et une construction solide, convenant \u00e0 une vari\u00e9t\u00e9 de besoins en tournage. Elle dispose de 6 entr\u00e9es mono et de 2 entr\u00e9es st\u00e9r\u00e9o avec des pr\u00e9amplis micro de haute qualit\u00e9, ce qui la rend adaptable \u00e0 plusieurs situations audio. Son design compact facilite son transport et son utilisation sur diff\u00e9rents sites de tournage.<\/p>\n<p>\u00a0<\/p>\n<p><strong>Points Forts :<\/strong><\/p>\n<ul>\n<li>Canaux : 6\u00a0mono\u00a0 +\u00a02 st\u00e9r\u00e9o<\/li>\n<li>Pr\u00e9amplis micro GB30 = enregistrement audio clair.<\/li>\n<li>Tr\u00e8s Solide<\/li>\n<li>Interface utilisateur simple\u00a0<\/li>\n<\/ul>","protected":false},"excerpt":{"rendered":"<p>Table de Mixage Son<\/p>\n<p>Mod\u00e8le : Soundcraft EPM 6<\/p>\n<p>Entr\u00e9e : 6 XLR \/ Jack<\/p>\n<p>Sorties : 2 XLR \/ Jack Stereo<\/p>\n<p>Connectiques : XLR \/ Jack 6.3mm<\/p>","protected":false},"featured_media":13653,"template":"","meta":[],"product_cat":[1342,339],"product_tag":[348],"class_list":{"0":"post-13537","1":"product","2":"type-product","3":"status-publish","4":"has-post-thumbnail","6":"product_cat-evenementiel","7":"product_cat-enregistreur-mixette","8":"product_tag-enregistreur-mixette","10":"first","11":"instock","12":"featured","13":"taxable","14":"shipping-taxable","15":"purchasable","16":"product-type-rentable"},"yoast_head":"<!-- This site is optimized with the Yoast SEO plugin v24.1 - https:\/\/yoast.com\/wordpress\/plugins\/seo\/ -->\n<title>SOUNDCRAFT CONSOLE DE MIXAGE EPM-6 - Maximaloc<\/title>\n<meta name=\"robots\" content=\"index, follow, max-snippet:-1, max-image-preview:large, max-video-preview:-1\" \/>\n<link rel=\"canonical\" href=\"https:\/\/maximaloc.com\/en\/product\/soundcraft-console-de-mixage-epm-6\/\" \/>\n<meta property=\"og:locale\" content=\"en_US\" \/>\n<meta property=\"og:type\" content=\"article\" \/>\n<meta property=\"og:title\" content=\"SOUNDCRAFT CONSOLE DE MIXAGE EPM-6 - Maximaloc\" \/>\n<meta property=\"og:description\" content=\"Table de Mixage Son Mod\u00e8le : Soundcraft EPM 6 Entr\u00e9e : 6 XLR \/ Jack Sorties : 2 XLR \/ Jack Stereo Connectiques : XLR \/ Jack 6.3mm\" \/>\n<meta property=\"og:url\" content=\"https:\/\/maximaloc.com\/en\/product\/soundcraft-console-de-mixage-epm-6\/\" \/>\n<meta property=\"og:site_name\" content=\"Maximaloc\" \/>\n<meta property=\"article:publisher\" content=\"https:\/\/www.facebook.com\/Maximalocation\" \/>\n<meta property=\"article:modified_time\" content=\"2026-03-30T14:31:42+00:00\" \/>\n<meta property=\"og:image\" content=\"https:\/\/maximaloc.com\/wp-content\/uploads\/2024\/06\/SOUNDCRAFT-1.webp\" \/>\n\t<meta property=\"og:image:width\" content=\"580\" \/>\n\t<meta property=\"og:image:height\" content=\"420\" \/>\n\t<meta property=\"og:image:type\" content=\"image\/webp\" \/>\n<meta name=\"twitter:card\" content=\"summary_large_image\" \/>\n<meta name=\"twitter:label1\" content=\"Est. reading time\" \/>\n\t<meta name=\"twitter:data1\" content=\"1 minute\" \/>\n<script type=\"application\/ld+json\" class=\"yoast-schema-graph\">{\"@context\":\"https:\/\/schema.org\",\"@graph\":[{\"@type\":\"WebPage\",\"@id\":\"https:\/\/maximaloc.com\/produit\/soundcraft-console-de-mixage-epm-6\/\",\"url\":\"https:\/\/maximaloc.com\/produit\/soundcraft-console-de-mixage-epm-6\/\",\"name\":\"SOUNDCRAFT CONSOLE DE MIXAGE EPM-6 - Maximaloc\",\"isPartOf\":{\"@id\":\"https:\/\/maximaloc.com\/#website\"},\"primaryImageOfPage\":{\"@id\":\"https:\/\/maximaloc.com\/produit\/soundcraft-console-de-mixage-epm-6\/#primaryimage\"},\"image\":{\"@id\":\"https:\/\/maximaloc.com\/produit\/soundcraft-console-de-mixage-epm-6\/#primaryimage\"},\"thumbnailUrl\":\"https:\/\/maximaloc.com\/wp-content\/uploads\/2024\/06\/SOUNDCRAFT-1.webp\",\"datePublished\":\"2024-06-28T09:31:51+00:00\",\"dateModified\":\"2026-03-30T14:31:42+00:00\",\"breadcrumb\":{\"@id\":\"https:\/\/maximaloc.com\/produit\/soundcraft-console-de-mixage-epm-6\/#breadcrumb\"},\"inLanguage\":\"en-US\",\"potentialAction\":[{\"@type\":\"ReadAction\",\"target\":[\"https:\/\/maximaloc.com\/produit\/soundcraft-console-de-mixage-epm-6\/\"]}]},{\"@type\":\"ImageObject\",\"inLanguage\":\"en-US\",\"@id\":\"https:\/\/maximaloc.com\/produit\/soundcraft-console-de-mixage-epm-6\/#primaryimage\",\"url\":\"https:\/\/maximaloc.com\/wp-content\/uploads\/2024\/06\/SOUNDCRAFT-1.webp\",\"contentUrl\":\"https:\/\/maximaloc.com\/wp-content\/uploads\/2024\/06\/SOUNDCRAFT-1.webp\",\"width\":580,\"height\":420,\"caption\":\"SoundCraft EPM 6 en location\"},{\"@type\":\"BreadcrumbList\",\"@id\":\"https:\/\/maximaloc.com\/produit\/soundcraft-console-de-mixage-epm-6\/#breadcrumb\",\"itemListElement\":[{\"@type\":\"ListItem\",\"position\":1,\"name\":\"Accueil\",\"item\":\"https:\/\/maximaloc.com\/\"},{\"@type\":\"ListItem\",\"position\":2,\"name\":\"BOUTIQUE\",\"item\":\"https:\/\/maximaloc.com\/boutique\/\"},{\"@type\":\"ListItem\",\"position\":3,\"name\":\"SOUNDCRAFT CONSOLE DE MIXAGE EPM-6\"}]},{\"@type\":\"WebSite\",\"@id\":\"https:\/\/maximaloc.com\/#website\",\"url\":\"https:\/\/maximaloc.com\/\",\"name\":\"Maximaloc\",\"description\":\"\",\"publisher\":{\"@id\":\"https:\/\/maximaloc.com\/#organization\"},\"potentialAction\":[{\"@type\":\"SearchAction\",\"target\":{\"@type\":\"EntryPoint\",\"urlTemplate\":\"https:\/\/maximaloc.com\/?s={search_term_string}\"},\"query-input\":{\"@type\":\"PropertyValueSpecification\",\"valueRequired\":true,\"valueName\":\"search_term_string\"}}],\"inLanguage\":\"en-US\"},{\"@type\":\"Organization\",\"@id\":\"https:\/\/maximaloc.com\/#organization\",\"name\":\"Maximaloc\",\"url\":\"https:\/\/maximaloc.com\/\",\"logo\":{\"@type\":\"ImageObject\",\"inLanguage\":\"en-US\",\"@id\":\"https:\/\/maximaloc.com\/#\/schema\/logo\/image\/\",\"url\":\"https:\/\/maximaloc.com\/wp-content\/uploads\/2024\/03\/logo_noir.png\",\"contentUrl\":\"https:\/\/maximaloc.com\/wp-content\/uploads\/2024\/03\/logo_noir.png\",\"width\":11750,\"height\":1231,\"caption\":\"Maximaloc\"},\"image\":{\"@id\":\"https:\/\/maximaloc.com\/#\/schema\/logo\/image\/\"},\"sameAs\":[\"https:\/\/www.facebook.com\/Maximalocation\"]}]}<\/script>\n<!-- \/ Yoast SEO plugin. -->","yoast_head_json":{"title":"SOUNDCRAFT CONSOLE DE MIXAGE EPM-6 - Maximaloc","robots":{"index":"index","follow":"follow","max-snippet":"max-snippet:-1","max-image-preview":"max-image-preview:large","max-video-preview":"max-video-preview:-1"},"canonical":"https:\/\/maximaloc.com\/en\/product\/soundcraft-console-de-mixage-epm-6\/","og_locale":"en_US","og_type":"article","og_title":"SOUNDCRAFT CONSOLE DE MIXAGE EPM-6 - Maximaloc","og_description":"Table de Mixage Son Mod\u00e8le : Soundcraft EPM 6 Entr\u00e9e : 6 XLR \/ Jack Sorties : 2 XLR \/ Jack Stereo Connectiques : XLR \/ Jack 6.3mm","og_url":"https:\/\/maximaloc.com\/en\/product\/soundcraft-console-de-mixage-epm-6\/","og_site_name":"Maximaloc","article_publisher":"https:\/\/www.facebook.com\/Maximalocation","article_modified_time":"2026-03-30T14:31:42+00:00","og_image":[{"width":580,"height":420,"url":"https:\/\/maximaloc.com\/wp-content\/uploads\/2024\/06\/SOUNDCRAFT-1.webp","type":"image\/webp"}],"twitter_card":"summary_large_image","twitter_misc":{"Est. reading time":"1 minute"},"schema":{"@context":"https:\/\/schema.org","@graph":[{"@type":"WebPage","@id":"https:\/\/maximaloc.com\/produit\/soundcraft-console-de-mixage-epm-6\/","url":"https:\/\/maximaloc.com\/produit\/soundcraft-console-de-mixage-epm-6\/","name":"SOUNDCRAFT CONSOLE DE MIXAGE EPM-6 - Maximaloc","isPartOf":{"@id":"https:\/\/maximaloc.com\/#website"},"primaryImageOfPage":{"@id":"https:\/\/maximaloc.com\/produit\/soundcraft-console-de-mixage-epm-6\/#primaryimage"},"image":{"@id":"https:\/\/maximaloc.com\/produit\/soundcraft-console-de-mixage-epm-6\/#primaryimage"},"thumbnailUrl":"https:\/\/maximaloc.com\/wp-content\/uploads\/2024\/06\/SOUNDCRAFT-1.webp","datePublished":"2024-06-28T09:31:51+00:00","dateModified":"2026-03-30T14:31:42+00:00","breadcrumb":{"@id":"https:\/\/maximaloc.com\/produit\/soundcraft-console-de-mixage-epm-6\/#breadcrumb"},"inLanguage":"en-US","potentialAction":[{"@type":"ReadAction","target":["https:\/\/maximaloc.com\/produit\/soundcraft-console-de-mixage-epm-6\/"]}]},{"@type":"ImageObject","inLanguage":"en-US","@id":"https:\/\/maximaloc.com\/produit\/soundcraft-console-de-mixage-epm-6\/#primaryimage","url":"https:\/\/maximaloc.com\/wp-content\/uploads\/2024\/06\/SOUNDCRAFT-1.webp","contentUrl":"https:\/\/maximaloc.com\/wp-content\/uploads\/2024\/06\/SOUNDCRAFT-1.webp","width":580,"height":420,"caption":"SoundCraft EPM 6 en location"},{"@type":"BreadcrumbList","@id":"https:\/\/maximaloc.com\/produit\/soundcraft-console-de-mixage-epm-6\/#breadcrumb","itemListElement":[{"@type":"ListItem","position":1,"name":"Accueil","item":"https:\/\/maximaloc.com\/"},{"@type":"ListItem","position":2,"name":"BOUTIQUE","item":"https:\/\/maximaloc.com\/boutique\/"},{"@type":"ListItem","position":3,"name":"SOUNDCRAFT CONSOLE DE MIXAGE EPM-6"}]},{"@type":"WebSite","@id":"https:\/\/maximaloc.com\/#website","url":"https:\/\/maximaloc.com\/","name":"Maximaloc","description":"","publisher":{"@id":"https:\/\/maximaloc.com\/#organization"},"potentialAction":[{"@type":"SearchAction","target":{"@type":"EntryPoint","urlTemplate":"https:\/\/maximaloc.com\/?s={search_term_string}"},"query-input":{"@type":"PropertyValueSpecification","valueRequired":true,"valueName":"search_term_string"}}],"inLanguage":"en-US"},{"@type":"Organization","@id":"https:\/\/maximaloc.com\/#organization","name":"Maximaloc","url":"https:\/\/maximaloc.com\/","logo":{"@type":"ImageObject","inLanguage":"en-US","@id":"https:\/\/maximaloc.com\/#\/schema\/logo\/image\/","url":"https:\/\/maximaloc.com\/wp-content\/uploads\/2024\/03\/logo_noir.png","contentUrl":"https:\/\/maximaloc.com\/wp-content\/uploads\/2024\/03\/logo_noir.png","width":11750,"height":1231,"caption":"Maximaloc"},"image":{"@id":"https:\/\/maximaloc.com\/#\/schema\/logo\/image\/"},"sameAs":["https:\/\/www.facebook.com\/Maximalocation"]}]}},"_links":{"self":[{"href":"https:\/\/maximaloc.com\/en\/wp-json\/wp\/v2\/product\/13537","targetHints":{"allow":["GET"]}}],"collection":[{"href":"https:\/\/maximaloc.com\/en\/wp-json\/wp\/v2\/product"}],"about":[{"href":"https:\/\/maximaloc.com\/en\/wp-json\/wp\/v2\/types\/product"}],"wp:featuredmedia":[{"embeddable":true,"href":"https:\/\/maximaloc.com\/en\/wp-json\/wp\/v2\/media\/13653"}],"wp:attachment":[{"href":"https:\/\/maximaloc.com\/en\/wp-json\/wp\/v2\/media?parent=13537"}],"wp:term":[{"taxonomy":"product_cat","embeddable":true,"href":"https:\/\/maximaloc.com\/en\/wp-json\/wp\/v2\/product_cat?post=13537"},{"taxonomy":"product_tag","embeddable":true,"href":"https:\/\/maximaloc.com\/en\/wp-json\/wp\/v2\/product_tag?post=13537"}],"curies":[{"name":"wp","href":"https:\/\/api.w.org\/{rel}","templated":true}]}}