 {"id":13538,"date":"2024-06-28T11:31:52","date_gmt":"2024-06-28T09:31:52","guid":{"rendered":"https:\/\/maximaloc.com\/produit\/enceinte-bluetooth-50w\/"},"modified":"2026-03-30T16:18:47","modified_gmt":"2026-03-30T14:18:47","slug":"enceinte-bluetooth-50w","status":"publish","type":"product","link":"https:\/\/maximaloc.com\/en\/product\/enceinte-bluetooth-50w\/","title":{"rendered":"ENCEINTE BLUETOOTH 50W"},"content":{"rendered":"<p>Cette enceinte Bluetooth 50W puissante et portable offre un son clair et avec des basses profondes. Elle prend en charge le Bluetooth ainsi que le NFC, afin de faciliter la connexion avec votre t\u00e9l\u00e9phone ou tout autre appareil compatible. Elle dispose \u00e9galement d\u2019une entr\u00e9e AUX mini-jack ou d&#8217;un port micro SD pour diffuser vos musiques.<\/p>\n<p>\u00a0<\/p>\n<p>L\u2019enceinte est \u00e9tanche avec une classification IPX6, ce qui la rend parfaite pour une utilisation en ext\u00e9rieur, m\u00eame sous la pluie. Elle dispose \u00e9galement d&#8217;une fonction Power Bank pour charger votre t\u00e9l\u00e9phone ou tout autre appareil compatible via USB, ainsi que d&#8217;un \u00e9galiseur pour r\u00e9gler le son en fonction de vos pr\u00e9f\u00e9rences. Robuste, compacte et \u00e9tanche, cette enceinte est id\u00e9ale pour une utilisation en plein air.<\/p>\n<p>\u00a0<\/p>\n<p><strong>Points Forts :\u00a0<\/strong><\/p>\n<ul>\n<li>Connectivit\u00e9 Bluetooth, micro SD et AUX pour une grande polyvalence<\/li>\n<li>Compacte, robuste et \u00e9tanche<\/li>\n<li>Fonction Power Bank pour charger d&#8217;autres appareils<\/li>\n<\/ul>","protected":false},"excerpt":{"rendered":"<p>Enceinte portable Bluetooth<\/p>\n<p>Autonomie : 40h max<\/p>\n<p>L\u00e9g\u00e8re, \u00e9tanche et robuste<\/p>","protected":false},"featured_media":13546,"template":"","meta":[],"product_cat":[1342,340],"product_tag":[351,356],"class_list":{"0":"post-13538","1":"product","2":"type-product","3":"status-publish","4":"has-post-thumbnail","6":"product_cat-evenementiel","7":"product_cat-enceintes-categorie","8":"product_tag-bluetooth","9":"product_tag-enceinte-50w","11":"first","12":"instock","13":"taxable","14":"shipping-taxable","15":"purchasable","16":"product-type-rentable"},"yoast_head":"<!-- This site is optimized with the Yoast SEO plugin v24.1 - https:\/\/yoast.com\/wordpress\/plugins\/seo\/ -->\n<title>ENCEINTE BLUETOOTH 50W - Maximaloc<\/title>\n<meta name=\"robots\" content=\"index, follow, max-snippet:-1, max-image-preview:large, max-video-preview:-1\" \/>\n<link rel=\"canonical\" href=\"https:\/\/maximaloc.com\/en\/product\/enceinte-bluetooth-50w\/\" \/>\n<meta property=\"og:locale\" content=\"en_US\" \/>\n<meta property=\"og:type\" content=\"article\" \/>\n<meta property=\"og:title\" content=\"ENCEINTE BLUETOOTH 50W - Maximaloc\" \/>\n<meta property=\"og:description\" content=\"Enceinte portable Bluetooth Autonomie : 40h max L\u00e9g\u00e8re, \u00e9tanche et robuste\" \/>\n<meta property=\"og:url\" content=\"https:\/\/maximaloc.com\/en\/product\/enceinte-bluetooth-50w\/\" \/>\n<meta property=\"og:site_name\" content=\"Maximaloc\" \/>\n<meta property=\"article:publisher\" content=\"https:\/\/www.facebook.com\/Maximalocation\" \/>\n<meta property=\"article:modified_time\" content=\"2026-03-30T14:18:47+00:00\" \/>\n<meta property=\"og:image\" content=\"https:\/\/maximaloc.com\/wp-content\/uploads\/2024\/06\/enceinte-50w-1.webp\" \/>\n\t<meta property=\"og:image:width\" content=\"580\" \/>\n\t<meta property=\"og:image:height\" content=\"420\" \/>\n\t<meta property=\"og:image:type\" content=\"image\/webp\" \/>\n<meta name=\"twitter:card\" content=\"summary_large_image\" \/>\n<meta name=\"twitter:label1\" content=\"Est. reading time\" \/>\n\t<meta name=\"twitter:data1\" content=\"1 minute\" \/>\n<script type=\"application\/ld+json\" class=\"yoast-schema-graph\">{\"@context\":\"https:\/\/schema.org\",\"@graph\":[{\"@type\":\"WebPage\",\"@id\":\"https:\/\/maximaloc.com\/produit\/enceinte-bluetooth-50w\/\",\"url\":\"https:\/\/maximaloc.com\/produit\/enceinte-bluetooth-50w\/\",\"name\":\"ENCEINTE BLUETOOTH 50W - Maximaloc\",\"isPartOf\":{\"@id\":\"https:\/\/maximaloc.com\/#website\"},\"primaryImageOfPage\":{\"@id\":\"https:\/\/maximaloc.com\/produit\/enceinte-bluetooth-50w\/#primaryimage\"},\"image\":{\"@id\":\"https:\/\/maximaloc.com\/produit\/enceinte-bluetooth-50w\/#primaryimage\"},\"thumbnailUrl\":\"https:\/\/maximaloc.com\/wp-content\/uploads\/2024\/06\/enceinte-50w-1.webp\",\"datePublished\":\"2024-06-28T09:31:52+00:00\",\"dateModified\":\"2026-03-30T14:18:47+00:00\",\"breadcrumb\":{\"@id\":\"https:\/\/maximaloc.com\/produit\/enceinte-bluetooth-50w\/#breadcrumb\"},\"inLanguage\":\"en-US\",\"potentialAction\":[{\"@type\":\"ReadAction\",\"target\":[\"https:\/\/maximaloc.com\/produit\/enceinte-bluetooth-50w\/\"]}]},{\"@type\":\"ImageObject\",\"inLanguage\":\"en-US\",\"@id\":\"https:\/\/maximaloc.com\/produit\/enceinte-bluetooth-50w\/#primaryimage\",\"url\":\"https:\/\/maximaloc.com\/wp-content\/uploads\/2024\/06\/enceinte-50w-1.webp\",\"contentUrl\":\"https:\/\/maximaloc.com\/wp-content\/uploads\/2024\/06\/enceinte-50w-1.webp\",\"width\":580,\"height\":420,\"caption\":\"Enceinte Bluetooth portable de 50W robuste avec des protections en silicone vertes et une poign\u00e9e noire, affich\u00e9e sur un fond uni\"},{\"@type\":\"BreadcrumbList\",\"@id\":\"https:\/\/maximaloc.com\/produit\/enceinte-bluetooth-50w\/#breadcrumb\",\"itemListElement\":[{\"@type\":\"ListItem\",\"position\":1,\"name\":\"Accueil\",\"item\":\"https:\/\/maximaloc.com\/\"},{\"@type\":\"ListItem\",\"position\":2,\"name\":\"BOUTIQUE\",\"item\":\"https:\/\/maximaloc.com\/boutique\/\"},{\"@type\":\"ListItem\",\"position\":3,\"name\":\"ENCEINTE BLUETOOTH 50W\"}]},{\"@type\":\"WebSite\",\"@id\":\"https:\/\/maximaloc.com\/#website\",\"url\":\"https:\/\/maximaloc.com\/\",\"name\":\"Maximaloc\",\"description\":\"\",\"publisher\":{\"@id\":\"https:\/\/maximaloc.com\/#organization\"},\"potentialAction\":[{\"@type\":\"SearchAction\",\"target\":{\"@type\":\"EntryPoint\",\"urlTemplate\":\"https:\/\/maximaloc.com\/?s={search_term_string}\"},\"query-input\":{\"@type\":\"PropertyValueSpecification\",\"valueRequired\":true,\"valueName\":\"search_term_string\"}}],\"inLanguage\":\"en-US\"},{\"@type\":\"Organization\",\"@id\":\"https:\/\/maximaloc.com\/#organization\",\"name\":\"Maximaloc\",\"url\":\"https:\/\/maximaloc.com\/\",\"logo\":{\"@type\":\"ImageObject\",\"inLanguage\":\"en-US\",\"@id\":\"https:\/\/maximaloc.com\/#\/schema\/logo\/image\/\",\"url\":\"https:\/\/maximaloc.com\/wp-content\/uploads\/2024\/03\/logo_noir.png\",\"contentUrl\":\"https:\/\/maximaloc.com\/wp-content\/uploads\/2024\/03\/logo_noir.png\",\"width\":11750,\"height\":1231,\"caption\":\"Maximaloc\"},\"image\":{\"@id\":\"https:\/\/maximaloc.com\/#\/schema\/logo\/image\/\"},\"sameAs\":[\"https:\/\/www.facebook.com\/Maximalocation\"]}]}<\/script>\n<!-- \/ Yoast SEO plugin. -->","yoast_head_json":{"title":"ENCEINTE BLUETOOTH 50W - Maximaloc","robots":{"index":"index","follow":"follow","max-snippet":"max-snippet:-1","max-image-preview":"max-image-preview:large","max-video-preview":"max-video-preview:-1"},"canonical":"https:\/\/maximaloc.com\/en\/product\/enceinte-bluetooth-50w\/","og_locale":"en_US","og_type":"article","og_title":"ENCEINTE BLUETOOTH 50W - Maximaloc","og_description":"Enceinte portable Bluetooth Autonomie : 40h max L\u00e9g\u00e8re, \u00e9tanche et robuste","og_url":"https:\/\/maximaloc.com\/en\/product\/enceinte-bluetooth-50w\/","og_site_name":"Maximaloc","article_publisher":"https:\/\/www.facebook.com\/Maximalocation","article_modified_time":"2026-03-30T14:18:47+00:00","og_image":[{"width":580,"height":420,"url":"https:\/\/maximaloc.com\/wp-content\/uploads\/2024\/06\/enceinte-50w-1.webp","type":"image\/webp"}],"twitter_card":"summary_large_image","twitter_misc":{"Est. reading time":"1 minute"},"schema":{"@context":"https:\/\/schema.org","@graph":[{"@type":"WebPage","@id":"https:\/\/maximaloc.com\/produit\/enceinte-bluetooth-50w\/","url":"https:\/\/maximaloc.com\/produit\/enceinte-bluetooth-50w\/","name":"ENCEINTE BLUETOOTH 50W - Maximaloc","isPartOf":{"@id":"https:\/\/maximaloc.com\/#website"},"primaryImageOfPage":{"@id":"https:\/\/maximaloc.com\/produit\/enceinte-bluetooth-50w\/#primaryimage"},"image":{"@id":"https:\/\/maximaloc.com\/produit\/enceinte-bluetooth-50w\/#primaryimage"},"thumbnailUrl":"https:\/\/maximaloc.com\/wp-content\/uploads\/2024\/06\/enceinte-50w-1.webp","datePublished":"2024-06-28T09:31:52+00:00","dateModified":"2026-03-30T14:18:47+00:00","breadcrumb":{"@id":"https:\/\/maximaloc.com\/produit\/enceinte-bluetooth-50w\/#breadcrumb"},"inLanguage":"en-US","potentialAction":[{"@type":"ReadAction","target":["https:\/\/maximaloc.com\/produit\/enceinte-bluetooth-50w\/"]}]},{"@type":"ImageObject","inLanguage":"en-US","@id":"https:\/\/maximaloc.com\/produit\/enceinte-bluetooth-50w\/#primaryimage","url":"https:\/\/maximaloc.com\/wp-content\/uploads\/2024\/06\/enceinte-50w-1.webp","contentUrl":"https:\/\/maximaloc.com\/wp-content\/uploads\/2024\/06\/enceinte-50w-1.webp","width":580,"height":420,"caption":"Enceinte Bluetooth portable de 50W robuste avec des protections en silicone vertes et une poign\u00e9e noire, affich\u00e9e sur un fond uni"},{"@type":"BreadcrumbList","@id":"https:\/\/maximaloc.com\/produit\/enceinte-bluetooth-50w\/#breadcrumb","itemListElement":[{"@type":"ListItem","position":1,"name":"Accueil","item":"https:\/\/maximaloc.com\/"},{"@type":"ListItem","position":2,"name":"BOUTIQUE","item":"https:\/\/maximaloc.com\/boutique\/"},{"@type":"ListItem","position":3,"name":"ENCEINTE BLUETOOTH 50W"}]},{"@type":"WebSite","@id":"https:\/\/maximaloc.com\/#website","url":"https:\/\/maximaloc.com\/","name":"Maximaloc","description":"","publisher":{"@id":"https:\/\/maximaloc.com\/#organization"},"potentialAction":[{"@type":"SearchAction","target":{"@type":"EntryPoint","urlTemplate":"https:\/\/maximaloc.com\/?s={search_term_string}"},"query-input":{"@type":"PropertyValueSpecification","valueRequired":true,"valueName":"search_term_string"}}],"inLanguage":"en-US"},{"@type":"Organization","@id":"https:\/\/maximaloc.com\/#organization","name":"Maximaloc","url":"https:\/\/maximaloc.com\/","logo":{"@type":"ImageObject","inLanguage":"en-US","@id":"https:\/\/maximaloc.com\/#\/schema\/logo\/image\/","url":"https:\/\/maximaloc.com\/wp-content\/uploads\/2024\/03\/logo_noir.png","contentUrl":"https:\/\/maximaloc.com\/wp-content\/uploads\/2024\/03\/logo_noir.png","width":11750,"height":1231,"caption":"Maximaloc"},"image":{"@id":"https:\/\/maximaloc.com\/#\/schema\/logo\/image\/"},"sameAs":["https:\/\/www.facebook.com\/Maximalocation"]}]}},"_links":{"self":[{"href":"https:\/\/maximaloc.com\/en\/wp-json\/wp\/v2\/product\/13538","targetHints":{"allow":["GET"]}}],"collection":[{"href":"https:\/\/maximaloc.com\/en\/wp-json\/wp\/v2\/product"}],"about":[{"href":"https:\/\/maximaloc.com\/en\/wp-json\/wp\/v2\/types\/product"}],"wp:featuredmedia":[{"embeddable":true,"href":"https:\/\/maximaloc.com\/en\/wp-json\/wp\/v2\/media\/13546"}],"wp:attachment":[{"href":"https:\/\/maximaloc.com\/en\/wp-json\/wp\/v2\/media?parent=13538"}],"wp:term":[{"taxonomy":"product_cat","embeddable":true,"href":"https:\/\/maximaloc.com\/en\/wp-json\/wp\/v2\/product_cat?post=13538"},{"taxonomy":"product_tag","embeddable":true,"href":"https:\/\/maximaloc.com\/en\/wp-json\/wp\/v2\/product_tag?post=13538"}],"curies":[{"name":"wp","href":"https:\/\/api.w.org\/{rel}","templated":true}]}}