 {"id":13661,"date":"2024-07-01T18:27:50","date_gmt":"2024-07-01T16:27:50","guid":{"rendered":"https:\/\/maximaloc.com\/produit\/samsung-galaxy-tab-a\/"},"modified":"2026-04-13T20:20:28","modified_gmt":"2026-04-13T18:20:28","slug":"samsung-galaxy-tab-a","status":"publish","type":"product","link":"https:\/\/maximaloc.com\/en\/product\/samsung-galaxy-tab-a\/","title":{"rendered":"SAMSUNG GALAXY TAB A"},"content":{"rendered":"<p>Tablette Samsung 8\u201d \u00e9quip\u00e9e de l\u2019ensemble des applications dont vous pourriez avoir besoin pour contr\u00f4ler nos diff\u00e9rents \u00e9quipements (AsteraApp, Siduslink, Nanlink, GoPro Quick, etc.). Elle peut aussi\u00a0\u00eatre utilis\u00e9e pour faire d\u00e9filer le texte sur notre prompteur, disponible \u00e0 la location \u00e9galement.<\/p>\n<p>\u00a0<\/p>\n<p>La tablette est lou\u00e9e avec une coque et offre une autonomie maximale de 13 heures.<\/p>","protected":false},"excerpt":{"rendered":"<p>Tablette 8&#8243;<\/p>\n<p>Mod\u00e8le : Samsung Galaxy Tab\u00a0<\/p>\n<p>Capacit\u00e9 32 Go<\/p>\n<p>Autonomie max : 13H<\/p>","protected":false},"featured_media":13668,"template":"","meta":[],"product_cat":[408],"product_tag":[],"class_list":{"0":"post-13661","1":"product","2":"type-product","3":"status-publish","4":"has-post-thumbnail","6":"product_cat-ordinateurs-tablettes","8":"first","9":"instock","10":"taxable","11":"shipping-taxable","12":"purchasable","13":"product-type-rentable"},"yoast_head":"<!-- This site is optimized with the Yoast SEO plugin v27.4 - https:\/\/yoast.com\/product\/yoast-seo-wordpress\/ -->\n<title>SAMSUNG GALAXY TAB A - Maximaloc<\/title>\n<meta name=\"robots\" content=\"index, follow, max-snippet:-1, max-image-preview:large, max-video-preview:-1\" \/>\n<link rel=\"canonical\" href=\"https:\/\/maximaloc.com\/en\/product\/samsung-galaxy-tab-a\/\" \/>\n<meta property=\"og:locale\" content=\"en_US\" \/>\n<meta property=\"og:type\" content=\"article\" \/>\n<meta property=\"og:title\" content=\"SAMSUNG GALAXY TAB A - Maximaloc\" \/>\n<meta property=\"og:description\" content=\"Tablette 8&quot; Mod\u00e8le : Samsung Galaxy Tab\u00a0 Capacit\u00e9 32 Go Autonomie max : 13H\" \/>\n<meta property=\"og:url\" content=\"https:\/\/maximaloc.com\/en\/product\/samsung-galaxy-tab-a\/\" \/>\n<meta property=\"og:site_name\" content=\"Maximaloc\" \/>\n<meta property=\"article:publisher\" content=\"https:\/\/www.facebook.com\/Maximalocation\" \/>\n<meta property=\"article:modified_time\" content=\"2026-04-13T18:20:28+00:00\" \/>\n<meta property=\"og:image\" content=\"https:\/\/maximaloc.com\/wp-content\/uploads\/2024\/07\/TABLETTE-SAMSUNG-822-1.webp\" \/>\n\t<meta property=\"og:image:width\" content=\"580\" \/>\n\t<meta property=\"og:image:height\" content=\"420\" \/>\n\t<meta property=\"og:image:type\" content=\"image\/webp\" \/>\n<meta name=\"twitter:card\" content=\"summary_large_image\" \/>\n<meta name=\"twitter:label1\" content=\"Est. reading time\" \/>\n\t<meta name=\"twitter:data1\" content=\"1 minute\" \/>\n<script type=\"application\/ld+json\" class=\"yoast-schema-graph\">{\"@context\":\"https:\\\/\\\/schema.org\",\"@graph\":[{\"@type\":\"WebPage\",\"@id\":\"https:\\\/\\\/maximaloc.com\\\/produit\\\/samsung-galaxy-tab-a\\\/\",\"url\":\"https:\\\/\\\/maximaloc.com\\\/produit\\\/samsung-galaxy-tab-a\\\/\",\"name\":\"SAMSUNG GALAXY TAB A - Maximaloc\",\"isPartOf\":{\"@id\":\"https:\\\/\\\/maximaloc.com\\\/#website\"},\"primaryImageOfPage\":{\"@id\":\"https:\\\/\\\/maximaloc.com\\\/produit\\\/samsung-galaxy-tab-a\\\/#primaryimage\"},\"image\":{\"@id\":\"https:\\\/\\\/maximaloc.com\\\/produit\\\/samsung-galaxy-tab-a\\\/#primaryimage\"},\"thumbnailUrl\":\"https:\\\/\\\/maximaloc.com\\\/wp-content\\\/uploads\\\/2024\\\/07\\\/TABLETTE-SAMSUNG-822-1.webp\",\"datePublished\":\"2024-07-01T16:27:50+00:00\",\"dateModified\":\"2026-04-13T18:20:28+00:00\",\"breadcrumb\":{\"@id\":\"https:\\\/\\\/maximaloc.com\\\/produit\\\/samsung-galaxy-tab-a\\\/#breadcrumb\"},\"inLanguage\":\"en-US\",\"potentialAction\":[{\"@type\":\"ReadAction\",\"target\":[\"https:\\\/\\\/maximaloc.com\\\/produit\\\/samsung-galaxy-tab-a\\\/\"]}]},{\"@type\":\"ImageObject\",\"inLanguage\":\"en-US\",\"@id\":\"https:\\\/\\\/maximaloc.com\\\/produit\\\/samsung-galaxy-tab-a\\\/#primaryimage\",\"url\":\"https:\\\/\\\/maximaloc.com\\\/wp-content\\\/uploads\\\/2024\\\/07\\\/TABLETTE-SAMSUNG-822-1.webp\",\"contentUrl\":\"https:\\\/\\\/maximaloc.com\\\/wp-content\\\/uploads\\\/2024\\\/07\\\/TABLETTE-SAMSUNG-822-1.webp\",\"width\":580,\"height\":420,\"caption\":\"Tablette Samsung Galaxy Tab 8 pouces de face \u00e9cran allum\u00e9 en location \u00e0 Maximaloc\"},{\"@type\":\"BreadcrumbList\",\"@id\":\"https:\\\/\\\/maximaloc.com\\\/produit\\\/samsung-galaxy-tab-a\\\/#breadcrumb\",\"itemListElement\":[{\"@type\":\"ListItem\",\"position\":1,\"name\":\"Accueil\",\"item\":\"https:\\\/\\\/maximaloc.com\\\/\"},{\"@type\":\"ListItem\",\"position\":2,\"name\":\"BOUTIQUE\",\"item\":\"https:\\\/\\\/maximaloc.com\\\/boutique\\\/\"},{\"@type\":\"ListItem\",\"position\":3,\"name\":\"SAMSUNG GALAXY TAB A\"}]},{\"@type\":\"WebSite\",\"@id\":\"https:\\\/\\\/maximaloc.com\\\/#website\",\"url\":\"https:\\\/\\\/maximaloc.com\\\/\",\"name\":\"Maximaloc\",\"description\":\"\",\"publisher\":{\"@id\":\"https:\\\/\\\/maximaloc.com\\\/#organization\"},\"potentialAction\":[{\"@type\":\"SearchAction\",\"target\":{\"@type\":\"EntryPoint\",\"urlTemplate\":\"https:\\\/\\\/maximaloc.com\\\/?s={search_term_string}\"},\"query-input\":{\"@type\":\"PropertyValueSpecification\",\"valueRequired\":true,\"valueName\":\"search_term_string\"}}],\"inLanguage\":\"en-US\"},{\"@type\":\"Organization\",\"@id\":\"https:\\\/\\\/maximaloc.com\\\/#organization\",\"name\":\"Maximaloc\",\"url\":\"https:\\\/\\\/maximaloc.com\\\/\",\"logo\":{\"@type\":\"ImageObject\",\"inLanguage\":\"en-US\",\"@id\":\"https:\\\/\\\/maximaloc.com\\\/#\\\/schema\\\/logo\\\/image\\\/\",\"url\":\"https:\\\/\\\/maximaloc.com\\\/wp-content\\\/uploads\\\/2024\\\/03\\\/logo_noir-scaled.png\",\"contentUrl\":\"https:\\\/\\\/maximaloc.com\\\/wp-content\\\/uploads\\\/2024\\\/03\\\/logo_noir-scaled.png\",\"width\":2560,\"height\":268,\"caption\":\"Maximaloc\"},\"image\":{\"@id\":\"https:\\\/\\\/maximaloc.com\\\/#\\\/schema\\\/logo\\\/image\\\/\"},\"sameAs\":[\"https:\\\/\\\/www.facebook.com\\\/Maximalocation\"]}]}<\/script>\n<!-- \/ Yoast SEO plugin. -->","yoast_head_json":{"title":"SAMSUNG GALAXY TAB A - Maximaloc","robots":{"index":"index","follow":"follow","max-snippet":"max-snippet:-1","max-image-preview":"max-image-preview:large","max-video-preview":"max-video-preview:-1"},"canonical":"https:\/\/maximaloc.com\/en\/product\/samsung-galaxy-tab-a\/","og_locale":"en_US","og_type":"article","og_title":"SAMSUNG GALAXY TAB A - Maximaloc","og_description":"Tablette 8\" Mod\u00e8le : Samsung Galaxy Tab\u00a0 Capacit\u00e9 32 Go Autonomie max : 13H","og_url":"https:\/\/maximaloc.com\/en\/product\/samsung-galaxy-tab-a\/","og_site_name":"Maximaloc","article_publisher":"https:\/\/www.facebook.com\/Maximalocation","article_modified_time":"2026-04-13T18:20:28+00:00","og_image":[{"width":580,"height":420,"url":"https:\/\/maximaloc.com\/wp-content\/uploads\/2024\/07\/TABLETTE-SAMSUNG-822-1.webp","type":"image\/webp"}],"twitter_card":"summary_large_image","twitter_misc":{"Est. reading time":"1 minute"},"schema":{"@context":"https:\/\/schema.org","@graph":[{"@type":"WebPage","@id":"https:\/\/maximaloc.com\/produit\/samsung-galaxy-tab-a\/","url":"https:\/\/maximaloc.com\/produit\/samsung-galaxy-tab-a\/","name":"SAMSUNG GALAXY TAB A - Maximaloc","isPartOf":{"@id":"https:\/\/maximaloc.com\/#website"},"primaryImageOfPage":{"@id":"https:\/\/maximaloc.com\/produit\/samsung-galaxy-tab-a\/#primaryimage"},"image":{"@id":"https:\/\/maximaloc.com\/produit\/samsung-galaxy-tab-a\/#primaryimage"},"thumbnailUrl":"https:\/\/maximaloc.com\/wp-content\/uploads\/2024\/07\/TABLETTE-SAMSUNG-822-1.webp","datePublished":"2024-07-01T16:27:50+00:00","dateModified":"2026-04-13T18:20:28+00:00","breadcrumb":{"@id":"https:\/\/maximaloc.com\/produit\/samsung-galaxy-tab-a\/#breadcrumb"},"inLanguage":"en-US","potentialAction":[{"@type":"ReadAction","target":["https:\/\/maximaloc.com\/produit\/samsung-galaxy-tab-a\/"]}]},{"@type":"ImageObject","inLanguage":"en-US","@id":"https:\/\/maximaloc.com\/produit\/samsung-galaxy-tab-a\/#primaryimage","url":"https:\/\/maximaloc.com\/wp-content\/uploads\/2024\/07\/TABLETTE-SAMSUNG-822-1.webp","contentUrl":"https:\/\/maximaloc.com\/wp-content\/uploads\/2024\/07\/TABLETTE-SAMSUNG-822-1.webp","width":580,"height":420,"caption":"Tablette Samsung Galaxy Tab 8 pouces de face \u00e9cran allum\u00e9 en location \u00e0 Maximaloc"},{"@type":"BreadcrumbList","@id":"https:\/\/maximaloc.com\/produit\/samsung-galaxy-tab-a\/#breadcrumb","itemListElement":[{"@type":"ListItem","position":1,"name":"Accueil","item":"https:\/\/maximaloc.com\/"},{"@type":"ListItem","position":2,"name":"BOUTIQUE","item":"https:\/\/maximaloc.com\/boutique\/"},{"@type":"ListItem","position":3,"name":"SAMSUNG GALAXY TAB A"}]},{"@type":"WebSite","@id":"https:\/\/maximaloc.com\/#website","url":"https:\/\/maximaloc.com\/","name":"Maximaloc","description":"","publisher":{"@id":"https:\/\/maximaloc.com\/#organization"},"potentialAction":[{"@type":"SearchAction","target":{"@type":"EntryPoint","urlTemplate":"https:\/\/maximaloc.com\/?s={search_term_string}"},"query-input":{"@type":"PropertyValueSpecification","valueRequired":true,"valueName":"search_term_string"}}],"inLanguage":"en-US"},{"@type":"Organization","@id":"https:\/\/maximaloc.com\/#organization","name":"Maximaloc","url":"https:\/\/maximaloc.com\/","logo":{"@type":"ImageObject","inLanguage":"en-US","@id":"https:\/\/maximaloc.com\/#\/schema\/logo\/image\/","url":"https:\/\/maximaloc.com\/wp-content\/uploads\/2024\/03\/logo_noir-scaled.png","contentUrl":"https:\/\/maximaloc.com\/wp-content\/uploads\/2024\/03\/logo_noir-scaled.png","width":2560,"height":268,"caption":"Maximaloc"},"image":{"@id":"https:\/\/maximaloc.com\/#\/schema\/logo\/image\/"},"sameAs":["https:\/\/www.facebook.com\/Maximalocation"]}]}},"_links":{"self":[{"href":"https:\/\/maximaloc.com\/en\/wp-json\/wp\/v2\/product\/13661","targetHints":{"allow":["GET"]}}],"collection":[{"href":"https:\/\/maximaloc.com\/en\/wp-json\/wp\/v2\/product"}],"about":[{"href":"https:\/\/maximaloc.com\/en\/wp-json\/wp\/v2\/types\/product"}],"wp:featuredmedia":[{"embeddable":true,"href":"https:\/\/maximaloc.com\/en\/wp-json\/wp\/v2\/media\/13668"}],"wp:attachment":[{"href":"https:\/\/maximaloc.com\/en\/wp-json\/wp\/v2\/media?parent=13661"}],"wp:term":[{"taxonomy":"product_cat","embeddable":true,"href":"https:\/\/maximaloc.com\/en\/wp-json\/wp\/v2\/product_cat?post=13661"},{"taxonomy":"product_tag","embeddable":true,"href":"https:\/\/maximaloc.com\/en\/wp-json\/wp\/v2\/product_tag?post=13661"}],"curies":[{"name":"wp","href":"https:\/\/api.w.org\/{rel}","templated":true}]}}