 {"id":13688,"date":"2024-07-03T15:12:27","date_gmt":"2024-07-03T13:12:27","guid":{"rendered":"https:\/\/maximaloc.com\/produit\/sony-fx3-objectif\/"},"modified":"2026-04-09T21:41:18","modified_gmt":"2026-04-09T19:41:18","slug":"sony-fx3-objectif","status":"publish","type":"product","link":"https:\/\/maximaloc.com\/en\/product\/sony-fx3-objectif\/","title":{"rendered":"SONY FX3 + OBJECTIF"},"content":{"rendered":"<p>Le Sony FX3 est un Hybride Full Frame\u00a0 destin\u00e9 aux tournages de vid\u00e9os documentaires, clips et pub pour les r\u00e9seaux sociaux.\u00a0<\/p>\n<p>La Sony FX3 pr\u00e9sente les memes caract\u00e9ristiques techniques que le Sony A7S III mais contrairement aux autres bo\u00eetiers vid\u00e9o de la ligne Alpha, le FX3 arbore une nouvelle forme l\u00e9g\u00e8re et portable avec un profil simplifi\u00e9 et une conception \u201csans cage\u201d offrant la possibilit\u00e9 de fixer divers accessoires directement sur le corps de l&#8217;appareil.<\/p>\n<p>\u00a0<\/p>\n<p>Gr\u00e2ce \u00e0 son syst\u00e8me de refroidissement actif interne, la FX3 peut prolonger la dur\u00e9e de tournage et couvrir un plus large \u00e9ventail de situations de tournage surtout en hautes temp\u00e9ratures que le SONY A7S3.\u00a0 Le FX3 pr\u00e9sente des caract\u00e9ristiques digne des cam\u00e9ras cin\u00e9ma : une vid\u00e9o en interne 4K 4:2:2 10 bits avec faible compression, un slow motion 4K 120p et HD 240p, et une sortie HDMI en RAW 16 bits non compress\u00e9, avec un encodage digne des cam\u00e9ras RED ou ARRI.<\/p>\n<p>\u00a0<\/p>\n<p>Le capteur CMOS de 10,2\u00a0MP en mode vid\u00e9o\u00a0est le m\u00eame que le Sony A7S III avec une sensibilit\u00e9 jusqu\u2019\u00e0 12 800 iso\u00a0sans bruit notable et une stabilisation sur cinq axes pour une image fluide \u00e0 main lev\u00e9e m\u00eame avec des optiques non stabilis\u00e9es. Son ergonomie compacte et l\u00e9g\u00e8re en fait un choix id\u00e9al pour r\u00e9aliser tout type de vid\u00e9o, des vid\u00e9os internet (publicit\u00e9s, corporate, mode) aux clips de musique et m\u00eame \u00e0 la fiction.<\/p>\n<p>\u00a0<\/p>\n<p><strong>Points forts :<\/strong><\/p>\n<ul>\n<li>Capteur CMOS plein format de 10,2\u00a0MP<\/li>\n<li>Vid\u00e9o 4K 4:2:2 10 bits avec faible compression<\/li>\n<li>Slow motion 4K 120p et HD 240p<\/li>\n<li>Sortie RAW 4K 16 bits<\/li>\n<li>Stabilisation 5 axes<\/li>\n<li>Autofocus avec tracking des yeux humains et animaux<\/li>\n<li>\u00c9cran tactile rotatif<\/li>\n<\/ul>","protected":false},"excerpt":{"rendered":"<p>Capteur : 10.2\u00a0MP (Full Frame)<\/p>\n<p>Vid\u00e9o 4K 422 10 bit 120p\u00a0<\/p>\n<p>Slow Motion FHD 422 10 bit 240p\u00a0<\/p>\n<p>Sortie 4K Raw 12 bit 60p (HDMI)<\/p>","protected":false},"featured_media":16720,"template":"","meta":[],"product_cat":[1349],"product_tag":[161,202,197,194,160,162,163,164,198,200,169,168,167,195,196,1395,201],"class_list":{"0":"post-13688","1":"product","2":"type-product","3":"status-publish","4":"has-post-thumbnail","6":"product_cat-sony-marque-kit-pret-a-tourner","7":"product_tag-422-10-bits","8":"product_tag-cameras","9":"product_tag-full-frame-24x36","10":"product_tag-420-10-bits","11":"product_tag-420-8-bits","12":"product_tag-4k","13":"product_tag-4k-120p","14":"product_tag-4k-60p","15":"product_tag-full-hd","16":"product_tag-raw-externe","17":"product_tag-fhd-240p","18":"product_tag-fhd-180p","19":"product_tag-fhd-120p","20":"product_tag-avec-autofocus","21":"product_tag-capteur-stabilise","22":"product_tag-itw-corporate","23":"product_tag-sony-e","25":"first","26":"instock","27":"taxable","28":"shipping-taxable","29":"purchasable","30":"product-type-rentable"},"yoast_head":"<!-- This site is optimized with the Yoast SEO plugin v24.1 - https:\/\/yoast.com\/wordpress\/plugins\/seo\/ -->\n<title>SONY FX3 + OBJECTIF - Maximaloc<\/title>\n<meta name=\"robots\" content=\"index, follow, max-snippet:-1, max-image-preview:large, max-video-preview:-1\" \/>\n<link rel=\"canonical\" href=\"https:\/\/maximaloc.com\/en\/product\/sony-fx3-objectif\/\" \/>\n<meta property=\"og:locale\" content=\"en_US\" \/>\n<meta property=\"og:type\" content=\"article\" \/>\n<meta property=\"og:title\" content=\"SONY FX3 + OBJECTIF - Maximaloc\" \/>\n<meta property=\"og:description\" content=\"Capteur : 10.2\u00a0MP (Full Frame) Vid\u00e9o 4K 422 10 bit 120p\u00a0 Slow Motion FHD 422 10 bit 240p\u00a0 Sortie 4K Raw 12 bit 60p (HDMI)\" \/>\n<meta property=\"og:url\" content=\"https:\/\/maximaloc.com\/en\/product\/sony-fx3-objectif\/\" \/>\n<meta property=\"og:site_name\" content=\"Maximaloc\" \/>\n<meta property=\"article:publisher\" content=\"https:\/\/www.facebook.com\/Maximalocation\" \/>\n<meta property=\"article:modified_time\" content=\"2026-04-09T19:41:18+00:00\" \/>\n<meta property=\"og:image\" content=\"https:\/\/maximaloc.com\/wp-content\/uploads\/2024\/07\/Kit-Sony-FX3-Objectif-scaled.jpeg\" \/>\n\t<meta property=\"og:image:width\" content=\"2560\" \/>\n\t<meta property=\"og:image:height\" content=\"1994\" \/>\n\t<meta property=\"og:image:type\" content=\"image\/jpeg\" \/>\n<meta name=\"twitter:card\" content=\"summary_large_image\" \/>\n<meta name=\"twitter:label1\" content=\"Est. reading time\" \/>\n\t<meta name=\"twitter:data1\" content=\"2 minutes\" \/>\n<script type=\"application\/ld+json\" class=\"yoast-schema-graph\">{\"@context\":\"https:\/\/schema.org\",\"@graph\":[{\"@type\":\"WebPage\",\"@id\":\"https:\/\/maximaloc.com\/produit\/sony-fx3-objectif\/\",\"url\":\"https:\/\/maximaloc.com\/produit\/sony-fx3-objectif\/\",\"name\":\"SONY FX3 + OBJECTIF - Maximaloc\",\"isPartOf\":{\"@id\":\"https:\/\/maximaloc.com\/#website\"},\"primaryImageOfPage\":{\"@id\":\"https:\/\/maximaloc.com\/produit\/sony-fx3-objectif\/#primaryimage\"},\"image\":{\"@id\":\"https:\/\/maximaloc.com\/produit\/sony-fx3-objectif\/#primaryimage\"},\"thumbnailUrl\":\"https:\/\/maximaloc.com\/wp-content\/uploads\/2024\/07\/Kit-Sony-FX3-Objectif-scaled.jpeg\",\"datePublished\":\"2024-07-03T13:12:27+00:00\",\"dateModified\":\"2026-04-09T19:41:18+00:00\",\"breadcrumb\":{\"@id\":\"https:\/\/maximaloc.com\/produit\/sony-fx3-objectif\/#breadcrumb\"},\"inLanguage\":\"en-US\",\"potentialAction\":[{\"@type\":\"ReadAction\",\"target\":[\"https:\/\/maximaloc.com\/produit\/sony-fx3-objectif\/\"]}]},{\"@type\":\"ImageObject\",\"inLanguage\":\"en-US\",\"@id\":\"https:\/\/maximaloc.com\/produit\/sony-fx3-objectif\/#primaryimage\",\"url\":\"https:\/\/maximaloc.com\/wp-content\/uploads\/2024\/07\/Kit-Sony-FX3-Objectif-scaled.jpeg\",\"contentUrl\":\"https:\/\/maximaloc.com\/wp-content\/uploads\/2024\/07\/Kit-Sony-FX3-Objectif-scaled.jpeg\",\"width\":2560,\"height\":1994,\"caption\":\"Sony FX3 + objectif en location\"},{\"@type\":\"BreadcrumbList\",\"@id\":\"https:\/\/maximaloc.com\/produit\/sony-fx3-objectif\/#breadcrumb\",\"itemListElement\":[{\"@type\":\"ListItem\",\"position\":1,\"name\":\"Accueil\",\"item\":\"https:\/\/maximaloc.com\/\"},{\"@type\":\"ListItem\",\"position\":2,\"name\":\"BOUTIQUE\",\"item\":\"https:\/\/maximaloc.com\/boutique\/\"},{\"@type\":\"ListItem\",\"position\":3,\"name\":\"SONY FX3 + OBJECTIF\"}]},{\"@type\":\"WebSite\",\"@id\":\"https:\/\/maximaloc.com\/#website\",\"url\":\"https:\/\/maximaloc.com\/\",\"name\":\"Maximaloc\",\"description\":\"\",\"publisher\":{\"@id\":\"https:\/\/maximaloc.com\/#organization\"},\"potentialAction\":[{\"@type\":\"SearchAction\",\"target\":{\"@type\":\"EntryPoint\",\"urlTemplate\":\"https:\/\/maximaloc.com\/?s={search_term_string}\"},\"query-input\":{\"@type\":\"PropertyValueSpecification\",\"valueRequired\":true,\"valueName\":\"search_term_string\"}}],\"inLanguage\":\"en-US\"},{\"@type\":\"Organization\",\"@id\":\"https:\/\/maximaloc.com\/#organization\",\"name\":\"Maximaloc\",\"url\":\"https:\/\/maximaloc.com\/\",\"logo\":{\"@type\":\"ImageObject\",\"inLanguage\":\"en-US\",\"@id\":\"https:\/\/maximaloc.com\/#\/schema\/logo\/image\/\",\"url\":\"https:\/\/maximaloc.com\/wp-content\/uploads\/2024\/03\/logo_noir.png\",\"contentUrl\":\"https:\/\/maximaloc.com\/wp-content\/uploads\/2024\/03\/logo_noir.png\",\"width\":11750,\"height\":1231,\"caption\":\"Maximaloc\"},\"image\":{\"@id\":\"https:\/\/maximaloc.com\/#\/schema\/logo\/image\/\"},\"sameAs\":[\"https:\/\/www.facebook.com\/Maximalocation\"]}]}<\/script>\n<!-- \/ Yoast SEO plugin. -->","yoast_head_json":{"title":"SONY FX3 + OBJECTIF - Maximaloc","robots":{"index":"index","follow":"follow","max-snippet":"max-snippet:-1","max-image-preview":"max-image-preview:large","max-video-preview":"max-video-preview:-1"},"canonical":"https:\/\/maximaloc.com\/en\/product\/sony-fx3-objectif\/","og_locale":"en_US","og_type":"article","og_title":"SONY FX3 + OBJECTIF - Maximaloc","og_description":"Capteur : 10.2\u00a0MP (Full Frame) Vid\u00e9o 4K 422 10 bit 120p\u00a0 Slow Motion FHD 422 10 bit 240p\u00a0 Sortie 4K Raw 12 bit 60p (HDMI)","og_url":"https:\/\/maximaloc.com\/en\/product\/sony-fx3-objectif\/","og_site_name":"Maximaloc","article_publisher":"https:\/\/www.facebook.com\/Maximalocation","article_modified_time":"2026-04-09T19:41:18+00:00","og_image":[{"width":2560,"height":1994,"url":"https:\/\/maximaloc.com\/wp-content\/uploads\/2024\/07\/Kit-Sony-FX3-Objectif-scaled.jpeg","type":"image\/jpeg"}],"twitter_card":"summary_large_image","twitter_misc":{"Est. reading time":"2 minutes"},"schema":{"@context":"https:\/\/schema.org","@graph":[{"@type":"WebPage","@id":"https:\/\/maximaloc.com\/produit\/sony-fx3-objectif\/","url":"https:\/\/maximaloc.com\/produit\/sony-fx3-objectif\/","name":"SONY FX3 + OBJECTIF - Maximaloc","isPartOf":{"@id":"https:\/\/maximaloc.com\/#website"},"primaryImageOfPage":{"@id":"https:\/\/maximaloc.com\/produit\/sony-fx3-objectif\/#primaryimage"},"image":{"@id":"https:\/\/maximaloc.com\/produit\/sony-fx3-objectif\/#primaryimage"},"thumbnailUrl":"https:\/\/maximaloc.com\/wp-content\/uploads\/2024\/07\/Kit-Sony-FX3-Objectif-scaled.jpeg","datePublished":"2024-07-03T13:12:27+00:00","dateModified":"2026-04-09T19:41:18+00:00","breadcrumb":{"@id":"https:\/\/maximaloc.com\/produit\/sony-fx3-objectif\/#breadcrumb"},"inLanguage":"en-US","potentialAction":[{"@type":"ReadAction","target":["https:\/\/maximaloc.com\/produit\/sony-fx3-objectif\/"]}]},{"@type":"ImageObject","inLanguage":"en-US","@id":"https:\/\/maximaloc.com\/produit\/sony-fx3-objectif\/#primaryimage","url":"https:\/\/maximaloc.com\/wp-content\/uploads\/2024\/07\/Kit-Sony-FX3-Objectif-scaled.jpeg","contentUrl":"https:\/\/maximaloc.com\/wp-content\/uploads\/2024\/07\/Kit-Sony-FX3-Objectif-scaled.jpeg","width":2560,"height":1994,"caption":"Sony FX3 + objectif en location"},{"@type":"BreadcrumbList","@id":"https:\/\/maximaloc.com\/produit\/sony-fx3-objectif\/#breadcrumb","itemListElement":[{"@type":"ListItem","position":1,"name":"Accueil","item":"https:\/\/maximaloc.com\/"},{"@type":"ListItem","position":2,"name":"BOUTIQUE","item":"https:\/\/maximaloc.com\/boutique\/"},{"@type":"ListItem","position":3,"name":"SONY FX3 + OBJECTIF"}]},{"@type":"WebSite","@id":"https:\/\/maximaloc.com\/#website","url":"https:\/\/maximaloc.com\/","name":"Maximaloc","description":"","publisher":{"@id":"https:\/\/maximaloc.com\/#organization"},"potentialAction":[{"@type":"SearchAction","target":{"@type":"EntryPoint","urlTemplate":"https:\/\/maximaloc.com\/?s={search_term_string}"},"query-input":{"@type":"PropertyValueSpecification","valueRequired":true,"valueName":"search_term_string"}}],"inLanguage":"en-US"},{"@type":"Organization","@id":"https:\/\/maximaloc.com\/#organization","name":"Maximaloc","url":"https:\/\/maximaloc.com\/","logo":{"@type":"ImageObject","inLanguage":"en-US","@id":"https:\/\/maximaloc.com\/#\/schema\/logo\/image\/","url":"https:\/\/maximaloc.com\/wp-content\/uploads\/2024\/03\/logo_noir.png","contentUrl":"https:\/\/maximaloc.com\/wp-content\/uploads\/2024\/03\/logo_noir.png","width":11750,"height":1231,"caption":"Maximaloc"},"image":{"@id":"https:\/\/maximaloc.com\/#\/schema\/logo\/image\/"},"sameAs":["https:\/\/www.facebook.com\/Maximalocation"]}]}},"_links":{"self":[{"href":"https:\/\/maximaloc.com\/en\/wp-json\/wp\/v2\/product\/13688","targetHints":{"allow":["GET"]}}],"collection":[{"href":"https:\/\/maximaloc.com\/en\/wp-json\/wp\/v2\/product"}],"about":[{"href":"https:\/\/maximaloc.com\/en\/wp-json\/wp\/v2\/types\/product"}],"wp:featuredmedia":[{"embeddable":true,"href":"https:\/\/maximaloc.com\/en\/wp-json\/wp\/v2\/media\/16720"}],"wp:attachment":[{"href":"https:\/\/maximaloc.com\/en\/wp-json\/wp\/v2\/media?parent=13688"}],"wp:term":[{"taxonomy":"product_cat","embeddable":true,"href":"https:\/\/maximaloc.com\/en\/wp-json\/wp\/v2\/product_cat?post=13688"},{"taxonomy":"product_tag","embeddable":true,"href":"https:\/\/maximaloc.com\/en\/wp-json\/wp\/v2\/product_tag?post=13688"}],"curies":[{"name":"wp","href":"https:\/\/api.w.org\/{rel}","templated":true}]}}