 {"id":13724,"date":"2024-07-04T17:19:33","date_gmt":"2024-07-04T15:19:33","guid":{"rendered":"https:\/\/maximaloc.com\/produit\/panasonic-gh6-objectif\/"},"modified":"2026-03-30T16:30:35","modified_gmt":"2026-03-30T14:30:35","slug":"panasonic-gh6-objectif","status":"publish","type":"product","link":"https:\/\/maximaloc.com\/en\/product\/panasonic-gh6-objectif\/","title":{"rendered":"PANASONIC GH6 + OBJECTIF"},"content":{"rendered":"<p>D\u00e9couvrez le Panasonic Lumix GH6, l&#8217;appareil hybride 6K qui permet de cr\u00e9er des images dignes des cam\u00e9ras cin\u00e9ma. \u00c9quip\u00e9 d&#8217;un capteur Live MOS de 25,2 MP et d&#8217;un processeur Venus Engine deux fois plus puissant que le GH5s, il offre une r\u00e9solution photo et vid\u00e9o exceptionnelles ainsi qu&#8217;un autofocus am\u00e9lior\u00e9. Le GH6 vous permet l\u2019enregistrement de vid\u00e9os sans limite de temps en interne et en externe via la sortie HDMI. Vous aurez le choix entre une tr\u00e8s haute r\u00e9solution vid\u00e9o de 5,7K 420 10 bits 30p ou bien d&#8217;avoir un encodage 4K 422 10 bit non compress\u00e9. Pour tous les tournages n\u00e9cessitant des images en ralenti vous pourrez filmer en 4K 120p et HD 240p.\u00a0<\/p>\n<p>Gr\u00e2ce \u00e0 sa sortie HDMI non compress\u00e9e le GH6 sort un signal Vid\u00e9o Externe de 5,7K Raw 12 bits ce qui vous permettra d&#8217;avoir le maximum de dynamique et flexibilit\u00e9 en postproduction.<\/p>\n<p>Gr\u00e2ce \u00e0 la technologie de stabilisation d&#8217;image, vous pouvez r\u00e9aliser des images haute r\u00e9solution de 100 MP sans tr\u00e9pied \u00e0 main lev\u00e9e. Le GH6 dispose \u00e9galement d&#8217;un \u00e9cran tactile inclinable de 3 pouces pour une utilisation facile et d&#8217;une connectivit\u00e9 int\u00e9gr\u00e9e pour se connecter \u00e0 votre smartphone ou tablette. Le double emplacement pour cartes permet d&#8217;accueillir des cartes CF Express (D\u00e9bit jusqu\u2019\u00e0 800 Mbs) et\u00a0 SD UHS (D\u00e9bit jusqu\u2019\u00e0 600 Mbs).\u00a0<\/p>\n<p>Gr\u00e2ce au bin\u00f4me du capteur et du nouveau processeur Venus Plus , le Panasonic GH6 dispose d\u2019un des syst\u00e8mes d\u2019autofocus les plus performants de sa cat\u00e9gorie: reconnaissance de l&#8217;\u0153il, reconnaissance faciale permet le suivi des humains et des animaux avec pr\u00e9cision. De plus, il dispose d&#8217;un syst\u00e8me de tracking avec suivi de mise au point pour les sujets en mouvement tels que les voitures et les bateaux, pour une prise de vue fluide et pr\u00e9cise.<\/p>\n<p>Pour terminer le Capteur du GH6 b\u00e9n\u00e9ficie d\u2019une incroyable stabilisation 5 axes qui permet d\u2019obtenir des photos et vid\u00e9os extr\u00eamement nettes et stables m\u00eame \u00e0 main lev\u00e9e.\u00a0<\/p>\n<p>\u00a0<\/p>\n<p>Points Forts:\u00a0<\/p>\n<ul>\n<li>Capteur Live MOS M4\/3 25MP<\/li>\n<li>Stabilisation Capteur 5 axes<\/li>\n<li>Photo Jpeg\/Raw 14 bits jusqu\u2019\u00e0 100MP<\/li>\n<li>Enregistrement sans limites de temps<\/li>\n<li>Vid\u00e9o 5,7K 420 10 bits 30p\u00a0<\/li>\n<li>Sortie 5,7K Raw 12 bits<\/li>\n<li>Slow Motion 4K 120p et HD 240p<\/li>\n<li>Mode Anamorphique\u00a0<\/li>\n<li>AF tracking: suivi humains,animaux et objets<\/li>\n<\/ul>","protected":false},"excerpt":{"rendered":"<p>Capteur : 25.21 MP\u00a0 (Micro\u00a04\/3)<\/p>\n<p>Photo Jpeg \/ Raw 100MP<\/p>\n<p>Vid\u00e9o 5,7K 420 10 bit 30p<\/p>\n<p>Slow Motion 4K 422 10 bit 120p et HD 240p<\/p>\n<p>Sortie 5,7K Raw 12 bit<\/p>","protected":false},"featured_media":16723,"template":"","meta":[],"product_cat":[1347],"product_tag":[161,213,212,199,160,211,165,210,162,163,164,198,200,169,168,167,195,196,1394,1395,223],"class_list":{"0":"post-13724","1":"product","2":"type-product","3":"status-publish","4":"has-post-thumbnail","6":"product_cat-panasonic-marque-kit-pret-a-tourner","7":"product_tag-422-10-bits","8":"product_tag-6k-60p","9":"product_tag-6k","10":"product_tag-hybride-dslr","11":"product_tag-420-8-bits","12":"product_tag-5k","13":"product_tag-5k-60p","14":"product_tag-micro-4-3","15":"product_tag-4k","16":"product_tag-4k-120p","17":"product_tag-4k-60p","18":"product_tag-full-hd","19":"product_tag-raw-externe","20":"product_tag-fhd-240p","21":"product_tag-fhd-180p","22":"product_tag-fhd-120p","23":"product_tag-avec-autofocus","24":"product_tag-capteur-stabilise","25":"product_tag-cinema-clip","26":"product_tag-itw-corporate","27":"product_tag-m-4-3","29":"first","30":"instock","31":"taxable","32":"shipping-taxable","33":"purchasable","34":"product-type-rentable"},"yoast_head":"<!-- This site is optimized with the Yoast SEO plugin v24.1 - https:\/\/yoast.com\/wordpress\/plugins\/seo\/ -->\n<title>PANASONIC GH6 + OBJECTIF - Maximaloc<\/title>\n<meta name=\"robots\" content=\"index, follow, max-snippet:-1, max-image-preview:large, max-video-preview:-1\" \/>\n<link rel=\"canonical\" href=\"https:\/\/maximaloc.com\/en\/product\/panasonic-gh6-objectif\/\" \/>\n<meta property=\"og:locale\" content=\"en_US\" \/>\n<meta property=\"og:type\" content=\"article\" \/>\n<meta property=\"og:title\" content=\"PANASONIC GH6 + OBJECTIF - Maximaloc\" \/>\n<meta property=\"og:description\" content=\"Capteur : 25.21 MP\u00a0 (Micro\u00a04\/3) Photo Jpeg \/ Raw 100MP Vid\u00e9o 5,7K 420 10 bit 30p Slow Motion 4K 422 10 bit 120p et HD 240p Sortie 5,7K Raw 12 bit\" \/>\n<meta property=\"og:url\" content=\"https:\/\/maximaloc.com\/en\/product\/panasonic-gh6-objectif\/\" \/>\n<meta property=\"og:site_name\" content=\"Maximaloc\" \/>\n<meta property=\"article:publisher\" content=\"https:\/\/www.facebook.com\/Maximalocation\" \/>\n<meta property=\"article:modified_time\" content=\"2026-03-30T14:30:35+00:00\" \/>\n<meta property=\"og:image\" content=\"https:\/\/maximaloc.com\/wp-content\/uploads\/2024\/07\/Kit-Lumix-GH6-Objectif-1024x798.png\" \/>\n\t<meta property=\"og:image:width\" content=\"1024\" \/>\n\t<meta property=\"og:image:height\" content=\"798\" \/>\n\t<meta property=\"og:image:type\" content=\"image\/png\" \/>\n<meta name=\"twitter:card\" content=\"summary_large_image\" \/>\n<meta name=\"twitter:label1\" content=\"Est. reading time\" \/>\n\t<meta name=\"twitter:data1\" content=\"3 minutes\" \/>\n<script type=\"application\/ld+json\" class=\"yoast-schema-graph\">{\"@context\":\"https:\/\/schema.org\",\"@graph\":[{\"@type\":\"WebPage\",\"@id\":\"https:\/\/maximaloc.com\/produit\/panasonic-gh6-objectif\/\",\"url\":\"https:\/\/maximaloc.com\/produit\/panasonic-gh6-objectif\/\",\"name\":\"PANASONIC GH6 + OBJECTIF - Maximaloc\",\"isPartOf\":{\"@id\":\"https:\/\/maximaloc.com\/#website\"},\"primaryImageOfPage\":{\"@id\":\"https:\/\/maximaloc.com\/produit\/panasonic-gh6-objectif\/#primaryimage\"},\"image\":{\"@id\":\"https:\/\/maximaloc.com\/produit\/panasonic-gh6-objectif\/#primaryimage\"},\"thumbnailUrl\":\"https:\/\/maximaloc.com\/wp-content\/uploads\/2024\/07\/Kit-Lumix-GH6-Objectif-scaled.png\",\"datePublished\":\"2024-07-04T15:19:33+00:00\",\"dateModified\":\"2026-03-30T14:30:35+00:00\",\"breadcrumb\":{\"@id\":\"https:\/\/maximaloc.com\/produit\/panasonic-gh6-objectif\/#breadcrumb\"},\"inLanguage\":\"en-US\",\"potentialAction\":[{\"@type\":\"ReadAction\",\"target\":[\"https:\/\/maximaloc.com\/produit\/panasonic-gh6-objectif\/\"]}]},{\"@type\":\"ImageObject\",\"inLanguage\":\"en-US\",\"@id\":\"https:\/\/maximaloc.com\/produit\/panasonic-gh6-objectif\/#primaryimage\",\"url\":\"https:\/\/maximaloc.com\/wp-content\/uploads\/2024\/07\/Kit-Lumix-GH6-Objectif-scaled.png\",\"contentUrl\":\"https:\/\/maximaloc.com\/wp-content\/uploads\/2024\/07\/Kit-Lumix-GH6-Objectif-scaled.png\",\"width\":2560,\"height\":1994,\"caption\":\"Panasonic GH6 + objectif en location\"},{\"@type\":\"BreadcrumbList\",\"@id\":\"https:\/\/maximaloc.com\/produit\/panasonic-gh6-objectif\/#breadcrumb\",\"itemListElement\":[{\"@type\":\"ListItem\",\"position\":1,\"name\":\"Accueil\",\"item\":\"https:\/\/maximaloc.com\/\"},{\"@type\":\"ListItem\",\"position\":2,\"name\":\"BOUTIQUE\",\"item\":\"https:\/\/maximaloc.com\/boutique\/\"},{\"@type\":\"ListItem\",\"position\":3,\"name\":\"PANASONIC GH6 + OBJECTIF\"}]},{\"@type\":\"WebSite\",\"@id\":\"https:\/\/maximaloc.com\/#website\",\"url\":\"https:\/\/maximaloc.com\/\",\"name\":\"Maximaloc\",\"description\":\"\",\"publisher\":{\"@id\":\"https:\/\/maximaloc.com\/#organization\"},\"potentialAction\":[{\"@type\":\"SearchAction\",\"target\":{\"@type\":\"EntryPoint\",\"urlTemplate\":\"https:\/\/maximaloc.com\/?s={search_term_string}\"},\"query-input\":{\"@type\":\"PropertyValueSpecification\",\"valueRequired\":true,\"valueName\":\"search_term_string\"}}],\"inLanguage\":\"en-US\"},{\"@type\":\"Organization\",\"@id\":\"https:\/\/maximaloc.com\/#organization\",\"name\":\"Maximaloc\",\"url\":\"https:\/\/maximaloc.com\/\",\"logo\":{\"@type\":\"ImageObject\",\"inLanguage\":\"en-US\",\"@id\":\"https:\/\/maximaloc.com\/#\/schema\/logo\/image\/\",\"url\":\"https:\/\/maximaloc.com\/wp-content\/uploads\/2024\/03\/logo_noir.png\",\"contentUrl\":\"https:\/\/maximaloc.com\/wp-content\/uploads\/2024\/03\/logo_noir.png\",\"width\":11750,\"height\":1231,\"caption\":\"Maximaloc\"},\"image\":{\"@id\":\"https:\/\/maximaloc.com\/#\/schema\/logo\/image\/\"},\"sameAs\":[\"https:\/\/www.facebook.com\/Maximalocation\"]}]}<\/script>\n<!-- \/ Yoast SEO plugin. -->","yoast_head_json":{"title":"PANASONIC GH6 + OBJECTIF - Maximaloc","robots":{"index":"index","follow":"follow","max-snippet":"max-snippet:-1","max-image-preview":"max-image-preview:large","max-video-preview":"max-video-preview:-1"},"canonical":"https:\/\/maximaloc.com\/en\/product\/panasonic-gh6-objectif\/","og_locale":"en_US","og_type":"article","og_title":"PANASONIC GH6 + OBJECTIF - Maximaloc","og_description":"Capteur : 25.21 MP\u00a0 (Micro\u00a04\/3) Photo Jpeg \/ Raw 100MP Vid\u00e9o 5,7K 420 10 bit 30p Slow Motion 4K 422 10 bit 120p et HD 240p Sortie 5,7K Raw 12 bit","og_url":"https:\/\/maximaloc.com\/en\/product\/panasonic-gh6-objectif\/","og_site_name":"Maximaloc","article_publisher":"https:\/\/www.facebook.com\/Maximalocation","article_modified_time":"2026-03-30T14:30:35+00:00","og_image":[{"width":1024,"height":798,"url":"https:\/\/maximaloc.com\/wp-content\/uploads\/2024\/07\/Kit-Lumix-GH6-Objectif-1024x798.png","type":"image\/png"}],"twitter_card":"summary_large_image","twitter_misc":{"Est. reading time":"3 minutes"},"schema":{"@context":"https:\/\/schema.org","@graph":[{"@type":"WebPage","@id":"https:\/\/maximaloc.com\/produit\/panasonic-gh6-objectif\/","url":"https:\/\/maximaloc.com\/produit\/panasonic-gh6-objectif\/","name":"PANASONIC GH6 + OBJECTIF - Maximaloc","isPartOf":{"@id":"https:\/\/maximaloc.com\/#website"},"primaryImageOfPage":{"@id":"https:\/\/maximaloc.com\/produit\/panasonic-gh6-objectif\/#primaryimage"},"image":{"@id":"https:\/\/maximaloc.com\/produit\/panasonic-gh6-objectif\/#primaryimage"},"thumbnailUrl":"https:\/\/maximaloc.com\/wp-content\/uploads\/2024\/07\/Kit-Lumix-GH6-Objectif-scaled.png","datePublished":"2024-07-04T15:19:33+00:00","dateModified":"2026-03-30T14:30:35+00:00","breadcrumb":{"@id":"https:\/\/maximaloc.com\/produit\/panasonic-gh6-objectif\/#breadcrumb"},"inLanguage":"en-US","potentialAction":[{"@type":"ReadAction","target":["https:\/\/maximaloc.com\/produit\/panasonic-gh6-objectif\/"]}]},{"@type":"ImageObject","inLanguage":"en-US","@id":"https:\/\/maximaloc.com\/produit\/panasonic-gh6-objectif\/#primaryimage","url":"https:\/\/maximaloc.com\/wp-content\/uploads\/2024\/07\/Kit-Lumix-GH6-Objectif-scaled.png","contentUrl":"https:\/\/maximaloc.com\/wp-content\/uploads\/2024\/07\/Kit-Lumix-GH6-Objectif-scaled.png","width":2560,"height":1994,"caption":"Panasonic GH6 + objectif en location"},{"@type":"BreadcrumbList","@id":"https:\/\/maximaloc.com\/produit\/panasonic-gh6-objectif\/#breadcrumb","itemListElement":[{"@type":"ListItem","position":1,"name":"Accueil","item":"https:\/\/maximaloc.com\/"},{"@type":"ListItem","position":2,"name":"BOUTIQUE","item":"https:\/\/maximaloc.com\/boutique\/"},{"@type":"ListItem","position":3,"name":"PANASONIC GH6 + OBJECTIF"}]},{"@type":"WebSite","@id":"https:\/\/maximaloc.com\/#website","url":"https:\/\/maximaloc.com\/","name":"Maximaloc","description":"","publisher":{"@id":"https:\/\/maximaloc.com\/#organization"},"potentialAction":[{"@type":"SearchAction","target":{"@type":"EntryPoint","urlTemplate":"https:\/\/maximaloc.com\/?s={search_term_string}"},"query-input":{"@type":"PropertyValueSpecification","valueRequired":true,"valueName":"search_term_string"}}],"inLanguage":"en-US"},{"@type":"Organization","@id":"https:\/\/maximaloc.com\/#organization","name":"Maximaloc","url":"https:\/\/maximaloc.com\/","logo":{"@type":"ImageObject","inLanguage":"en-US","@id":"https:\/\/maximaloc.com\/#\/schema\/logo\/image\/","url":"https:\/\/maximaloc.com\/wp-content\/uploads\/2024\/03\/logo_noir.png","contentUrl":"https:\/\/maximaloc.com\/wp-content\/uploads\/2024\/03\/logo_noir.png","width":11750,"height":1231,"caption":"Maximaloc"},"image":{"@id":"https:\/\/maximaloc.com\/#\/schema\/logo\/image\/"},"sameAs":["https:\/\/www.facebook.com\/Maximalocation"]}]}},"_links":{"self":[{"href":"https:\/\/maximaloc.com\/en\/wp-json\/wp\/v2\/product\/13724","targetHints":{"allow":["GET"]}}],"collection":[{"href":"https:\/\/maximaloc.com\/en\/wp-json\/wp\/v2\/product"}],"about":[{"href":"https:\/\/maximaloc.com\/en\/wp-json\/wp\/v2\/types\/product"}],"wp:featuredmedia":[{"embeddable":true,"href":"https:\/\/maximaloc.com\/en\/wp-json\/wp\/v2\/media\/16723"}],"wp:attachment":[{"href":"https:\/\/maximaloc.com\/en\/wp-json\/wp\/v2\/media?parent=13724"}],"wp:term":[{"taxonomy":"product_cat","embeddable":true,"href":"https:\/\/maximaloc.com\/en\/wp-json\/wp\/v2\/product_cat?post=13724"},{"taxonomy":"product_tag","embeddable":true,"href":"https:\/\/maximaloc.com\/en\/wp-json\/wp\/v2\/product_tag?post=13724"}],"curies":[{"name":"wp","href":"https:\/\/api.w.org\/{rel}","templated":true}]}}