 {"id":14897,"date":"2024-08-06T11:12:26","date_gmt":"2024-08-06T09:12:26","guid":{"rendered":"https:\/\/maximaloc.com\/produit\/kit-red-ronin-2-samyang\/"},"modified":"2026-03-30T16:19:25","modified_gmt":"2026-03-30T14:19:25","slug":"kit-red-ronin-2-samyang","status":"publish","type":"product","link":"https:\/\/maximaloc.com\/en\/product\/kit-red-ronin-2-samyang\/","title":{"rendered":"KIT RED RONIN 2 &#8211; SAMYANG"},"content":{"rendered":"<p>Kit RED GEMINI 5K id\u00e9al\u00a0pour vos publicit\u00e9s, clips et fictions. La qualit\u00e9 cin\u00e9ma \u00e0 prix abordable avec une Serie cin\u00e9 complete T2.1<\/p>\n<p>\u2022\u00a0 5K 120p<br \/>\u2022\u00a0 4K 150p<br \/>\u2022\u00a0 3K 200p<br \/>\u2022\u00a0 2K 240p<br \/>\u2022\u00a0 2K 300p<br \/>\u00a0<br \/>\u00a0<br \/>\u00a0<br \/>\u00a0<\/p>","protected":false},"excerpt":{"rendered":"<p>Camera RED GEMINI 5K<\/p>\n<p>DJI RONIN 2<\/p>\n<p>Serie Cin\u00e9 au choix<\/p>\n<p>Vid\u00e9o Raw 5K 12 bits 120p<\/p>","protected":false},"featured_media":14900,"template":"","meta":[],"product_cat":[1386],"product_tag":[161,202,219,216,211,165,162,163,215,164,198,169,168,167,214],"class_list":{"0":"post-14897","1":"product","2":"type-product","3":"status-publish","4":"has-post-thumbnail","6":"product_cat-options","7":"product_tag-422-10-bits","8":"product_tag-cameras","9":"product_tag-5k-120p","10":"product_tag-super-35-aps-c","11":"product_tag-5k","12":"product_tag-5k-60p","13":"product_tag-4k","14":"product_tag-4k-120p","15":"product_tag-raw-interne","16":"product_tag-4k-60p","17":"product_tag-full-hd","18":"product_tag-fhd-240p","19":"product_tag-fhd-180p","20":"product_tag-fhd-120p","21":"product_tag-canon-ef","23":"first","24":"instock","25":"taxable","26":"shipping-taxable","27":"purchasable","28":"product-type-rentable"},"yoast_head":"<!-- This site is optimized with the Yoast SEO plugin v24.1 - https:\/\/yoast.com\/wordpress\/plugins\/seo\/ -->\n<title>KIT RED RONIN 2 - SAMYANG - Maximaloc<\/title>\n<meta name=\"robots\" content=\"index, follow, max-snippet:-1, max-image-preview:large, max-video-preview:-1\" \/>\n<link rel=\"canonical\" href=\"https:\/\/maximaloc.com\/en\/product\/kit-red-ronin-2-samyang\/\" \/>\n<meta property=\"og:locale\" content=\"en_US\" \/>\n<meta property=\"og:type\" content=\"article\" \/>\n<meta property=\"og:title\" content=\"KIT RED RONIN 2 - SAMYANG - Maximaloc\" \/>\n<meta property=\"og:description\" content=\"Camera RED GEMINI 5K DJI RONIN 2 Serie Cin\u00e9 au choix Vid\u00e9o Raw 5K 12 bits 120p\" \/>\n<meta property=\"og:url\" content=\"https:\/\/maximaloc.com\/en\/product\/kit-red-ronin-2-samyang\/\" \/>\n<meta property=\"og:site_name\" content=\"Maximaloc\" \/>\n<meta property=\"article:publisher\" content=\"https:\/\/www.facebook.com\/Maximalocation\" \/>\n<meta property=\"article:modified_time\" content=\"2026-03-30T14:19:25+00:00\" \/>\n<meta property=\"og:image\" content=\"https:\/\/maximaloc.com\/wp-content\/uploads\/2024\/08\/70fec7_1627f3043e1640b3bedbd2a6bf55337cmv2.webp\" \/>\n\t<meta property=\"og:image:width\" content=\"580\" \/>\n\t<meta property=\"og:image:height\" content=\"420\" \/>\n\t<meta property=\"og:image:type\" content=\"image\/webp\" \/>\n<meta name=\"twitter:card\" content=\"summary_large_image\" \/>\n<script type=\"application\/ld+json\" class=\"yoast-schema-graph\">{\"@context\":\"https:\/\/schema.org\",\"@graph\":[{\"@type\":\"WebPage\",\"@id\":\"https:\/\/maximaloc.com\/produit\/kit-red-ronin-2-samyang\/\",\"url\":\"https:\/\/maximaloc.com\/produit\/kit-red-ronin-2-samyang\/\",\"name\":\"KIT RED RONIN 2 - SAMYANG - Maximaloc\",\"isPartOf\":{\"@id\":\"https:\/\/maximaloc.com\/#website\"},\"primaryImageOfPage\":{\"@id\":\"https:\/\/maximaloc.com\/produit\/kit-red-ronin-2-samyang\/#primaryimage\"},\"image\":{\"@id\":\"https:\/\/maximaloc.com\/produit\/kit-red-ronin-2-samyang\/#primaryimage\"},\"thumbnailUrl\":\"https:\/\/maximaloc.com\/wp-content\/uploads\/2024\/08\/70fec7_1627f3043e1640b3bedbd2a6bf55337cmv2.webp\",\"datePublished\":\"2024-08-06T09:12:26+00:00\",\"dateModified\":\"2026-03-30T14:19:25+00:00\",\"breadcrumb\":{\"@id\":\"https:\/\/maximaloc.com\/produit\/kit-red-ronin-2-samyang\/#breadcrumb\"},\"inLanguage\":\"en-US\",\"potentialAction\":[{\"@type\":\"ReadAction\",\"target\":[\"https:\/\/maximaloc.com\/produit\/kit-red-ronin-2-samyang\/\"]}]},{\"@type\":\"ImageObject\",\"inLanguage\":\"en-US\",\"@id\":\"https:\/\/maximaloc.com\/produit\/kit-red-ronin-2-samyang\/#primaryimage\",\"url\":\"https:\/\/maximaloc.com\/wp-content\/uploads\/2024\/08\/70fec7_1627f3043e1640b3bedbd2a6bf55337cmv2.webp\",\"contentUrl\":\"https:\/\/maximaloc.com\/wp-content\/uploads\/2024\/08\/70fec7_1627f3043e1640b3bedbd2a6bf55337cmv2.webp\",\"width\":580,\"height\":420,\"caption\":\"S\u00e9rie d'objectifs SAMYANG cin\u00e9ma, images piqu\u00e9es, bokeh lisse, compatible avec diverses montures de cam\u00e9ras\"},{\"@type\":\"BreadcrumbList\",\"@id\":\"https:\/\/maximaloc.com\/produit\/kit-red-ronin-2-samyang\/#breadcrumb\",\"itemListElement\":[{\"@type\":\"ListItem\",\"position\":1,\"name\":\"Accueil\",\"item\":\"https:\/\/maximaloc.com\/\"},{\"@type\":\"ListItem\",\"position\":2,\"name\":\"BOUTIQUE\",\"item\":\"https:\/\/maximaloc.com\/boutique\/\"},{\"@type\":\"ListItem\",\"position\":3,\"name\":\"KIT RED RONIN 2 &#8211; SAMYANG\"}]},{\"@type\":\"WebSite\",\"@id\":\"https:\/\/maximaloc.com\/#website\",\"url\":\"https:\/\/maximaloc.com\/\",\"name\":\"Maximaloc\",\"description\":\"\",\"publisher\":{\"@id\":\"https:\/\/maximaloc.com\/#organization\"},\"potentialAction\":[{\"@type\":\"SearchAction\",\"target\":{\"@type\":\"EntryPoint\",\"urlTemplate\":\"https:\/\/maximaloc.com\/?s={search_term_string}\"},\"query-input\":{\"@type\":\"PropertyValueSpecification\",\"valueRequired\":true,\"valueName\":\"search_term_string\"}}],\"inLanguage\":\"en-US\"},{\"@type\":\"Organization\",\"@id\":\"https:\/\/maximaloc.com\/#organization\",\"name\":\"Maximaloc\",\"url\":\"https:\/\/maximaloc.com\/\",\"logo\":{\"@type\":\"ImageObject\",\"inLanguage\":\"en-US\",\"@id\":\"https:\/\/maximaloc.com\/#\/schema\/logo\/image\/\",\"url\":\"https:\/\/maximaloc.com\/wp-content\/uploads\/2024\/03\/logo_noir.png\",\"contentUrl\":\"https:\/\/maximaloc.com\/wp-content\/uploads\/2024\/03\/logo_noir.png\",\"width\":11750,\"height\":1231,\"caption\":\"Maximaloc\"},\"image\":{\"@id\":\"https:\/\/maximaloc.com\/#\/schema\/logo\/image\/\"},\"sameAs\":[\"https:\/\/www.facebook.com\/Maximalocation\"]}]}<\/script>\n<!-- \/ Yoast SEO plugin. -->","yoast_head_json":{"title":"KIT RED RONIN 2 - SAMYANG - Maximaloc","robots":{"index":"index","follow":"follow","max-snippet":"max-snippet:-1","max-image-preview":"max-image-preview:large","max-video-preview":"max-video-preview:-1"},"canonical":"https:\/\/maximaloc.com\/en\/product\/kit-red-ronin-2-samyang\/","og_locale":"en_US","og_type":"article","og_title":"KIT RED RONIN 2 - SAMYANG - Maximaloc","og_description":"Camera RED GEMINI 5K DJI RONIN 2 Serie Cin\u00e9 au choix Vid\u00e9o Raw 5K 12 bits 120p","og_url":"https:\/\/maximaloc.com\/en\/product\/kit-red-ronin-2-samyang\/","og_site_name":"Maximaloc","article_publisher":"https:\/\/www.facebook.com\/Maximalocation","article_modified_time":"2026-03-30T14:19:25+00:00","og_image":[{"width":580,"height":420,"url":"https:\/\/maximaloc.com\/wp-content\/uploads\/2024\/08\/70fec7_1627f3043e1640b3bedbd2a6bf55337cmv2.webp","type":"image\/webp"}],"twitter_card":"summary_large_image","schema":{"@context":"https:\/\/schema.org","@graph":[{"@type":"WebPage","@id":"https:\/\/maximaloc.com\/produit\/kit-red-ronin-2-samyang\/","url":"https:\/\/maximaloc.com\/produit\/kit-red-ronin-2-samyang\/","name":"KIT RED RONIN 2 - SAMYANG - Maximaloc","isPartOf":{"@id":"https:\/\/maximaloc.com\/#website"},"primaryImageOfPage":{"@id":"https:\/\/maximaloc.com\/produit\/kit-red-ronin-2-samyang\/#primaryimage"},"image":{"@id":"https:\/\/maximaloc.com\/produit\/kit-red-ronin-2-samyang\/#primaryimage"},"thumbnailUrl":"https:\/\/maximaloc.com\/wp-content\/uploads\/2024\/08\/70fec7_1627f3043e1640b3bedbd2a6bf55337cmv2.webp","datePublished":"2024-08-06T09:12:26+00:00","dateModified":"2026-03-30T14:19:25+00:00","breadcrumb":{"@id":"https:\/\/maximaloc.com\/produit\/kit-red-ronin-2-samyang\/#breadcrumb"},"inLanguage":"en-US","potentialAction":[{"@type":"ReadAction","target":["https:\/\/maximaloc.com\/produit\/kit-red-ronin-2-samyang\/"]}]},{"@type":"ImageObject","inLanguage":"en-US","@id":"https:\/\/maximaloc.com\/produit\/kit-red-ronin-2-samyang\/#primaryimage","url":"https:\/\/maximaloc.com\/wp-content\/uploads\/2024\/08\/70fec7_1627f3043e1640b3bedbd2a6bf55337cmv2.webp","contentUrl":"https:\/\/maximaloc.com\/wp-content\/uploads\/2024\/08\/70fec7_1627f3043e1640b3bedbd2a6bf55337cmv2.webp","width":580,"height":420,"caption":"S\u00e9rie d'objectifs SAMYANG cin\u00e9ma, images piqu\u00e9es, bokeh lisse, compatible avec diverses montures de cam\u00e9ras"},{"@type":"BreadcrumbList","@id":"https:\/\/maximaloc.com\/produit\/kit-red-ronin-2-samyang\/#breadcrumb","itemListElement":[{"@type":"ListItem","position":1,"name":"Accueil","item":"https:\/\/maximaloc.com\/"},{"@type":"ListItem","position":2,"name":"BOUTIQUE","item":"https:\/\/maximaloc.com\/boutique\/"},{"@type":"ListItem","position":3,"name":"KIT RED RONIN 2 &#8211; SAMYANG"}]},{"@type":"WebSite","@id":"https:\/\/maximaloc.com\/#website","url":"https:\/\/maximaloc.com\/","name":"Maximaloc","description":"","publisher":{"@id":"https:\/\/maximaloc.com\/#organization"},"potentialAction":[{"@type":"SearchAction","target":{"@type":"EntryPoint","urlTemplate":"https:\/\/maximaloc.com\/?s={search_term_string}"},"query-input":{"@type":"PropertyValueSpecification","valueRequired":true,"valueName":"search_term_string"}}],"inLanguage":"en-US"},{"@type":"Organization","@id":"https:\/\/maximaloc.com\/#organization","name":"Maximaloc","url":"https:\/\/maximaloc.com\/","logo":{"@type":"ImageObject","inLanguage":"en-US","@id":"https:\/\/maximaloc.com\/#\/schema\/logo\/image\/","url":"https:\/\/maximaloc.com\/wp-content\/uploads\/2024\/03\/logo_noir.png","contentUrl":"https:\/\/maximaloc.com\/wp-content\/uploads\/2024\/03\/logo_noir.png","width":11750,"height":1231,"caption":"Maximaloc"},"image":{"@id":"https:\/\/maximaloc.com\/#\/schema\/logo\/image\/"},"sameAs":["https:\/\/www.facebook.com\/Maximalocation"]}]}},"_links":{"self":[{"href":"https:\/\/maximaloc.com\/en\/wp-json\/wp\/v2\/product\/14897","targetHints":{"allow":["GET"]}}],"collection":[{"href":"https:\/\/maximaloc.com\/en\/wp-json\/wp\/v2\/product"}],"about":[{"href":"https:\/\/maximaloc.com\/en\/wp-json\/wp\/v2\/types\/product"}],"wp:featuredmedia":[{"embeddable":true,"href":"https:\/\/maximaloc.com\/en\/wp-json\/wp\/v2\/media\/14900"}],"wp:attachment":[{"href":"https:\/\/maximaloc.com\/en\/wp-json\/wp\/v2\/media?parent=14897"}],"wp:term":[{"taxonomy":"product_cat","embeddable":true,"href":"https:\/\/maximaloc.com\/en\/wp-json\/wp\/v2\/product_cat?post=14897"},{"taxonomy":"product_tag","embeddable":true,"href":"https:\/\/maximaloc.com\/en\/wp-json\/wp\/v2\/product_tag?post=14897"}],"curies":[{"name":"wp","href":"https:\/\/api.w.org\/{rel}","templated":true}]}}