 {"id":15206,"date":"2024-08-08T11:24:31","date_gmt":"2024-08-08T09:24:31","guid":{"rendered":"https:\/\/maximaloc.com\/produit\/manfrotto-pied-u126-a-roulettes\/"},"modified":"2026-04-28T15:39:03","modified_gmt":"2026-04-28T13:39:03","slug":"pied-u126-a-roulettes","status":"publish","type":"product","link":"https:\/\/maximaloc.com\/en\/product\/pied-u126-a-roulettes\/","title":{"rendered":"PIED U126 \u00c0 ROULETTES"},"content":{"rendered":"<p>Ce pied lumi\u00e8re est con\u00e7u pour soutenir des projecteurs qui se montent en spigot de 28 (1\u201d1\/8), comme un Nova P300 ou un COB 600 de chez Aputure. Un spigot de 16 (5\/8&#8243;) est \u00e9galement disponible si besoin.<\/p>\n<p>Le U126 monte jusqu\u2019\u00e0 333cm pour une hauteur minimale de 131cm, la charge support\u00e9e d\u00e9pend de la hauteur \u00e0 laquelle est port\u00e9 l\u2019\u00e9clairage. A hauteur maximale, ce pied supporte 3kg. Si cela n\u2019est pas suffisant pour votre \u00e9clairage, vous pouvez utiliser un Windup.<\/p>\n<p>\u00a0<\/p>\n<p>Pos\u00e9 sur roue, il est facilement mobile et adapt\u00e9 pour des tournages mouvant.<\/p>","protected":false},"excerpt":{"rendered":"<p>Ce pied lumi\u00e8re est con\u00e7u pour soutenir des projecteurs qui se montent en spigot de 28 (1\u201d1\/8), comme un Nova&#8230;<\/p>","protected":false},"featured_media":18821,"template":"","meta":[],"product_cat":[396],"product_tag":[],"class_list":{"0":"post-15206","1":"product","2":"type-product","3":"status-publish","4":"has-post-thumbnail","6":"product_cat-pieds-lumiere","8":"first","9":"instock","10":"taxable","11":"shipping-taxable","12":"purchasable","13":"product-type-rentable"},"yoast_head":"<!-- This site is optimized with the Yoast SEO plugin v27.4 - https:\/\/yoast.com\/product\/yoast-seo-wordpress\/ -->\n<title>PIED U126 \u00c0 ROULETTES - Maximaloc<\/title>\n<meta name=\"robots\" content=\"index, follow, max-snippet:-1, max-image-preview:large, max-video-preview:-1\" \/>\n<link rel=\"canonical\" href=\"https:\/\/maximaloc.com\/en\/product\/pied-u126-a-roulettes\/\" \/>\n<meta property=\"og:locale\" content=\"en_US\" \/>\n<meta property=\"og:type\" content=\"article\" \/>\n<meta property=\"og:title\" content=\"PIED U126 \u00c0 ROULETTES - Maximaloc\" \/>\n<meta property=\"og:description\" content=\"Ce pied lumi\u00e8re est con\u00e7u pour soutenir des projecteurs qui se montent en spigot de 28 (1\u201d1\/8), comme un Nova...\" \/>\n<meta property=\"og:url\" content=\"https:\/\/maximaloc.com\/en\/product\/pied-u126-a-roulettes\/\" \/>\n<meta property=\"og:site_name\" content=\"Maximaloc\" \/>\n<meta property=\"article:publisher\" content=\"https:\/\/www.facebook.com\/Maximalocation\" \/>\n<meta property=\"article:modified_time\" content=\"2026-04-28T13:39:03+00:00\" \/>\n<meta property=\"og:image\" content=\"https:\/\/maximaloc.com\/wp-content\/uploads\/2024\/08\/MANFROTTO-PIED-U126-A-ROULETTES-1.jpeg\" \/>\n\t<meta property=\"og:image:width\" content=\"640\" \/>\n\t<meta property=\"og:image:height\" content=\"640\" \/>\n\t<meta property=\"og:image:type\" content=\"image\/jpeg\" \/>\n<meta name=\"twitter:card\" content=\"summary_large_image\" \/>\n<script type=\"application\/ld+json\" class=\"yoast-schema-graph\">{\"@context\":\"https:\\\/\\\/schema.org\",\"@graph\":[{\"@type\":\"WebPage\",\"@id\":\"https:\\\/\\\/maximaloc.com\\\/produit\\\/pied-u126-a-roulettes\\\/\",\"url\":\"https:\\\/\\\/maximaloc.com\\\/produit\\\/pied-u126-a-roulettes\\\/\",\"name\":\"PIED U126 \u00c0 ROULETTES - Maximaloc\",\"isPartOf\":{\"@id\":\"https:\\\/\\\/maximaloc.com\\\/#website\"},\"primaryImageOfPage\":{\"@id\":\"https:\\\/\\\/maximaloc.com\\\/produit\\\/pied-u126-a-roulettes\\\/#primaryimage\"},\"image\":{\"@id\":\"https:\\\/\\\/maximaloc.com\\\/produit\\\/pied-u126-a-roulettes\\\/#primaryimage\"},\"thumbnailUrl\":\"https:\\\/\\\/maximaloc.com\\\/wp-content\\\/uploads\\\/2024\\\/08\\\/MANFROTTO-PIED-U126-A-ROULETTES-1.jpeg\",\"datePublished\":\"2024-08-08T09:24:31+00:00\",\"dateModified\":\"2026-04-28T13:39:03+00:00\",\"breadcrumb\":{\"@id\":\"https:\\\/\\\/maximaloc.com\\\/produit\\\/pied-u126-a-roulettes\\\/#breadcrumb\"},\"inLanguage\":\"en-US\",\"potentialAction\":[{\"@type\":\"ReadAction\",\"target\":[\"https:\\\/\\\/maximaloc.com\\\/produit\\\/pied-u126-a-roulettes\\\/\"]}]},{\"@type\":\"ImageObject\",\"inLanguage\":\"en-US\",\"@id\":\"https:\\\/\\\/maximaloc.com\\\/produit\\\/pied-u126-a-roulettes\\\/#primaryimage\",\"url\":\"https:\\\/\\\/maximaloc.com\\\/wp-content\\\/uploads\\\/2024\\\/08\\\/MANFROTTO-PIED-U126-A-ROULETTES-1.jpeg\",\"contentUrl\":\"https:\\\/\\\/maximaloc.com\\\/wp-content\\\/uploads\\\/2024\\\/08\\\/MANFROTTO-PIED-U126-A-ROULETTES-1.jpeg\",\"width\":640,\"height\":640},{\"@type\":\"BreadcrumbList\",\"@id\":\"https:\\\/\\\/maximaloc.com\\\/produit\\\/pied-u126-a-roulettes\\\/#breadcrumb\",\"itemListElement\":[{\"@type\":\"ListItem\",\"position\":1,\"name\":\"Accueil\",\"item\":\"https:\\\/\\\/maximaloc.com\\\/\"},{\"@type\":\"ListItem\",\"position\":2,\"name\":\"BOUTIQUE\",\"item\":\"https:\\\/\\\/maximaloc.com\\\/boutique\\\/\"},{\"@type\":\"ListItem\",\"position\":3,\"name\":\"PIED U126 \u00c0 ROULETTES\"}]},{\"@type\":\"WebSite\",\"@id\":\"https:\\\/\\\/maximaloc.com\\\/#website\",\"url\":\"https:\\\/\\\/maximaloc.com\\\/\",\"name\":\"Maximaloc\",\"description\":\"\",\"publisher\":{\"@id\":\"https:\\\/\\\/maximaloc.com\\\/#organization\"},\"potentialAction\":[{\"@type\":\"SearchAction\",\"target\":{\"@type\":\"EntryPoint\",\"urlTemplate\":\"https:\\\/\\\/maximaloc.com\\\/?s={search_term_string}\"},\"query-input\":{\"@type\":\"PropertyValueSpecification\",\"valueRequired\":true,\"valueName\":\"search_term_string\"}}],\"inLanguage\":\"en-US\"},{\"@type\":\"Organization\",\"@id\":\"https:\\\/\\\/maximaloc.com\\\/#organization\",\"name\":\"Maximaloc\",\"url\":\"https:\\\/\\\/maximaloc.com\\\/\",\"logo\":{\"@type\":\"ImageObject\",\"inLanguage\":\"en-US\",\"@id\":\"https:\\\/\\\/maximaloc.com\\\/#\\\/schema\\\/logo\\\/image\\\/\",\"url\":\"https:\\\/\\\/maximaloc.com\\\/wp-content\\\/uploads\\\/2024\\\/03\\\/logo_noir-scaled.png\",\"contentUrl\":\"https:\\\/\\\/maximaloc.com\\\/wp-content\\\/uploads\\\/2024\\\/03\\\/logo_noir-scaled.png\",\"width\":2560,\"height\":268,\"caption\":\"Maximaloc\"},\"image\":{\"@id\":\"https:\\\/\\\/maximaloc.com\\\/#\\\/schema\\\/logo\\\/image\\\/\"},\"sameAs\":[\"https:\\\/\\\/www.facebook.com\\\/Maximalocation\"]}]}<\/script>\n<!-- \/ Yoast SEO plugin. -->","yoast_head_json":{"title":"PIED U126 \u00c0 ROULETTES - Maximaloc","robots":{"index":"index","follow":"follow","max-snippet":"max-snippet:-1","max-image-preview":"max-image-preview:large","max-video-preview":"max-video-preview:-1"},"canonical":"https:\/\/maximaloc.com\/en\/product\/pied-u126-a-roulettes\/","og_locale":"en_US","og_type":"article","og_title":"PIED U126 \u00c0 ROULETTES - Maximaloc","og_description":"Ce pied lumi\u00e8re est con\u00e7u pour soutenir des projecteurs qui se montent en spigot de 28 (1\u201d1\/8), comme un Nova...","og_url":"https:\/\/maximaloc.com\/en\/product\/pied-u126-a-roulettes\/","og_site_name":"Maximaloc","article_publisher":"https:\/\/www.facebook.com\/Maximalocation","article_modified_time":"2026-04-28T13:39:03+00:00","og_image":[{"width":640,"height":640,"url":"https:\/\/maximaloc.com\/wp-content\/uploads\/2024\/08\/MANFROTTO-PIED-U126-A-ROULETTES-1.jpeg","type":"image\/jpeg"}],"twitter_card":"summary_large_image","schema":{"@context":"https:\/\/schema.org","@graph":[{"@type":"WebPage","@id":"https:\/\/maximaloc.com\/produit\/pied-u126-a-roulettes\/","url":"https:\/\/maximaloc.com\/produit\/pied-u126-a-roulettes\/","name":"PIED U126 \u00c0 ROULETTES - Maximaloc","isPartOf":{"@id":"https:\/\/maximaloc.com\/#website"},"primaryImageOfPage":{"@id":"https:\/\/maximaloc.com\/produit\/pied-u126-a-roulettes\/#primaryimage"},"image":{"@id":"https:\/\/maximaloc.com\/produit\/pied-u126-a-roulettes\/#primaryimage"},"thumbnailUrl":"https:\/\/maximaloc.com\/wp-content\/uploads\/2024\/08\/MANFROTTO-PIED-U126-A-ROULETTES-1.jpeg","datePublished":"2024-08-08T09:24:31+00:00","dateModified":"2026-04-28T13:39:03+00:00","breadcrumb":{"@id":"https:\/\/maximaloc.com\/produit\/pied-u126-a-roulettes\/#breadcrumb"},"inLanguage":"en-US","potentialAction":[{"@type":"ReadAction","target":["https:\/\/maximaloc.com\/produit\/pied-u126-a-roulettes\/"]}]},{"@type":"ImageObject","inLanguage":"en-US","@id":"https:\/\/maximaloc.com\/produit\/pied-u126-a-roulettes\/#primaryimage","url":"https:\/\/maximaloc.com\/wp-content\/uploads\/2024\/08\/MANFROTTO-PIED-U126-A-ROULETTES-1.jpeg","contentUrl":"https:\/\/maximaloc.com\/wp-content\/uploads\/2024\/08\/MANFROTTO-PIED-U126-A-ROULETTES-1.jpeg","width":640,"height":640},{"@type":"BreadcrumbList","@id":"https:\/\/maximaloc.com\/produit\/pied-u126-a-roulettes\/#breadcrumb","itemListElement":[{"@type":"ListItem","position":1,"name":"Accueil","item":"https:\/\/maximaloc.com\/"},{"@type":"ListItem","position":2,"name":"BOUTIQUE","item":"https:\/\/maximaloc.com\/boutique\/"},{"@type":"ListItem","position":3,"name":"PIED U126 \u00c0 ROULETTES"}]},{"@type":"WebSite","@id":"https:\/\/maximaloc.com\/#website","url":"https:\/\/maximaloc.com\/","name":"Maximaloc","description":"","publisher":{"@id":"https:\/\/maximaloc.com\/#organization"},"potentialAction":[{"@type":"SearchAction","target":{"@type":"EntryPoint","urlTemplate":"https:\/\/maximaloc.com\/?s={search_term_string}"},"query-input":{"@type":"PropertyValueSpecification","valueRequired":true,"valueName":"search_term_string"}}],"inLanguage":"en-US"},{"@type":"Organization","@id":"https:\/\/maximaloc.com\/#organization","name":"Maximaloc","url":"https:\/\/maximaloc.com\/","logo":{"@type":"ImageObject","inLanguage":"en-US","@id":"https:\/\/maximaloc.com\/#\/schema\/logo\/image\/","url":"https:\/\/maximaloc.com\/wp-content\/uploads\/2024\/03\/logo_noir-scaled.png","contentUrl":"https:\/\/maximaloc.com\/wp-content\/uploads\/2024\/03\/logo_noir-scaled.png","width":2560,"height":268,"caption":"Maximaloc"},"image":{"@id":"https:\/\/maximaloc.com\/#\/schema\/logo\/image\/"},"sameAs":["https:\/\/www.facebook.com\/Maximalocation"]}]}},"_links":{"self":[{"href":"https:\/\/maximaloc.com\/en\/wp-json\/wp\/v2\/product\/15206","targetHints":{"allow":["GET"]}}],"collection":[{"href":"https:\/\/maximaloc.com\/en\/wp-json\/wp\/v2\/product"}],"about":[{"href":"https:\/\/maximaloc.com\/en\/wp-json\/wp\/v2\/types\/product"}],"wp:featuredmedia":[{"embeddable":true,"href":"https:\/\/maximaloc.com\/en\/wp-json\/wp\/v2\/media\/18821"}],"wp:attachment":[{"href":"https:\/\/maximaloc.com\/en\/wp-json\/wp\/v2\/media?parent=15206"}],"wp:term":[{"taxonomy":"product_cat","embeddable":true,"href":"https:\/\/maximaloc.com\/en\/wp-json\/wp\/v2\/product_cat?post=15206"},{"taxonomy":"product_tag","embeddable":true,"href":"https:\/\/maximaloc.com\/en\/wp-json\/wp\/v2\/product_tag?post=15206"}],"curies":[{"name":"wp","href":"https:\/\/api.w.org\/{rel}","templated":true}]}}