 {"id":18175,"date":"2024-11-26T11:04:06","date_gmt":"2024-11-26T10:04:06","guid":{"rendered":"https:\/\/maximaloc.com\/produit\/ttartisan-11mm-f2-8-ef-fisheye\/"},"modified":"2026-03-30T16:19:35","modified_gmt":"2026-03-30T14:19:35","slug":"ttartisan-11mm-f2-8-ef-fisheye","status":"publish","type":"product","link":"https:\/\/maximaloc.com\/en\/product\/ttartisan-11mm-f2-8-ef-fisheye\/","title":{"rendered":"TTARTISAN 11mm f2.8 EF FISHEYE"},"content":{"rendered":"<p>Le TTArtisan 11mm f\/2.8 Fisheye est un objectif ultra grand-angle con\u00e7u pour monture EF, offrant un champ de vision \u00e0 180\u00b0 et un effet Fisheye marqu\u00e9. Sa lentille bomb\u00e9e permet de capturer des perspectives larges et d\u00e9form\u00e9es, id\u00e9ales pour des compositions cr\u00e9atives comme les clips musicaux, les rendus oniriques ou psych\u00e9d\u00e9liques, et les images en point de vue immersif (POV).<\/p>\n<p>Son ouverture de f\/2.8 assure une bonne performance en faible luminosit\u00e9 et produit un bokeh agr\u00e9able. Compact et l\u00e9ger avec une longueur de 75 mm et un diam\u00e8tre de 63 mm, il est facile \u00e0 transporter. Son diaphragme cliquable permet un r\u00e9glage pr\u00e9cis de l&#8217;exposition, et sa construction robuste garantit une utilisation durable et confortable.<\/p>","protected":false},"excerpt":{"rendered":"<p>Objectif Fisheye<\/p>\n<p>Monture : Canon EF<\/p>\n<p>Couverture : Full Frame<\/p>","protected":false},"featured_media":18725,"template":"","meta":[],"product_cat":[228],"product_tag":[],"class_list":{"0":"post-18175","1":"product","2":"type-product","3":"status-publish","4":"has-post-thumbnail","6":"product_cat-canon-ef","8":"first","9":"instock","10":"featured","11":"taxable","12":"shipping-taxable","13":"purchasable","14":"product-type-rentable"},"yoast_head":"<!-- This site is optimized with the Yoast SEO plugin v24.1 - https:\/\/yoast.com\/wordpress\/plugins\/seo\/ -->\n<title>TTARTISAN 11mm f2.8 EF FISHEYE - Maximaloc<\/title>\n<meta name=\"robots\" content=\"index, follow, max-snippet:-1, max-image-preview:large, max-video-preview:-1\" \/>\n<link rel=\"canonical\" href=\"https:\/\/maximaloc.com\/en\/product\/ttartisan-11mm-f2-8-ef-fisheye\/\" \/>\n<meta property=\"og:locale\" content=\"en_US\" \/>\n<meta property=\"og:type\" content=\"article\" \/>\n<meta property=\"og:title\" content=\"TTARTISAN 11mm f2.8 EF FISHEYE - Maximaloc\" \/>\n<meta property=\"og:description\" content=\"Objectif Fisheye Monture : Canon EF Couverture : Full Frame\" \/>\n<meta property=\"og:url\" content=\"https:\/\/maximaloc.com\/en\/product\/ttartisan-11mm-f2-8-ef-fisheye\/\" \/>\n<meta property=\"og:site_name\" content=\"Maximaloc\" \/>\n<meta property=\"article:publisher\" content=\"https:\/\/www.facebook.com\/Maximalocation\" \/>\n<meta property=\"article:modified_time\" content=\"2026-03-30T14:19:35+00:00\" \/>\n<meta property=\"og:image\" content=\"https:\/\/maximaloc.com\/wp-content\/uploads\/2024\/09\/website.webp\" \/>\n\t<meta property=\"og:image:width\" content=\"1230\" \/>\n\t<meta property=\"og:image:height\" content=\"675\" \/>\n\t<meta property=\"og:image:type\" content=\"image\/webp\" \/>\n<meta name=\"twitter:card\" content=\"summary_large_image\" \/>\n<meta name=\"twitter:label1\" content=\"Est. reading time\" \/>\n\t<meta name=\"twitter:data1\" content=\"1 minute\" \/>\n<script type=\"application\/ld+json\" class=\"yoast-schema-graph\">{\"@context\":\"https:\/\/schema.org\",\"@graph\":[{\"@type\":\"WebPage\",\"@id\":\"https:\/\/maximaloc.com\/produit\/ttartisan-11mm-f2-8-ef-fisheye\/\",\"url\":\"https:\/\/maximaloc.com\/produit\/ttartisan-11mm-f2-8-ef-fisheye\/\",\"name\":\"TTARTISAN 11mm f2.8 EF FISHEYE - Maximaloc\",\"isPartOf\":{\"@id\":\"https:\/\/maximaloc.com\/#website\"},\"primaryImageOfPage\":{\"@id\":\"https:\/\/maximaloc.com\/produit\/ttartisan-11mm-f2-8-ef-fisheye\/#primaryimage\"},\"image\":{\"@id\":\"https:\/\/maximaloc.com\/produit\/ttartisan-11mm-f2-8-ef-fisheye\/#primaryimage\"},\"thumbnailUrl\":\"https:\/\/maximaloc.com\/wp-content\/uploads\/2024\/11\/FISHEYE-11MM-1.jpg\",\"datePublished\":\"2024-11-26T10:04:06+00:00\",\"dateModified\":\"2026-03-30T14:19:35+00:00\",\"breadcrumb\":{\"@id\":\"https:\/\/maximaloc.com\/produit\/ttartisan-11mm-f2-8-ef-fisheye\/#breadcrumb\"},\"inLanguage\":\"en-US\",\"potentialAction\":[{\"@type\":\"ReadAction\",\"target\":[\"https:\/\/maximaloc.com\/produit\/ttartisan-11mm-f2-8-ef-fisheye\/\"]}]},{\"@type\":\"ImageObject\",\"inLanguage\":\"en-US\",\"@id\":\"https:\/\/maximaloc.com\/produit\/ttartisan-11mm-f2-8-ef-fisheye\/#primaryimage\",\"url\":\"https:\/\/maximaloc.com\/wp-content\/uploads\/2024\/11\/FISHEYE-11MM-1.jpg\",\"contentUrl\":\"https:\/\/maximaloc.com\/wp-content\/uploads\/2024\/11\/FISHEYE-11MM-1.jpg\",\"width\":600,\"height\":600},{\"@type\":\"BreadcrumbList\",\"@id\":\"https:\/\/maximaloc.com\/produit\/ttartisan-11mm-f2-8-ef-fisheye\/#breadcrumb\",\"itemListElement\":[{\"@type\":\"ListItem\",\"position\":1,\"name\":\"Accueil\",\"item\":\"https:\/\/maximaloc.com\/\"},{\"@type\":\"ListItem\",\"position\":2,\"name\":\"BOUTIQUE\",\"item\":\"https:\/\/maximaloc.com\/boutique\/\"},{\"@type\":\"ListItem\",\"position\":3,\"name\":\"TTARTISAN 11mm f2.8 EF FISHEYE\"}]},{\"@type\":\"WebSite\",\"@id\":\"https:\/\/maximaloc.com\/#website\",\"url\":\"https:\/\/maximaloc.com\/\",\"name\":\"Maximaloc\",\"description\":\"\",\"publisher\":{\"@id\":\"https:\/\/maximaloc.com\/#organization\"},\"potentialAction\":[{\"@type\":\"SearchAction\",\"target\":{\"@type\":\"EntryPoint\",\"urlTemplate\":\"https:\/\/maximaloc.com\/?s={search_term_string}\"},\"query-input\":{\"@type\":\"PropertyValueSpecification\",\"valueRequired\":true,\"valueName\":\"search_term_string\"}}],\"inLanguage\":\"en-US\"},{\"@type\":\"Organization\",\"@id\":\"https:\/\/maximaloc.com\/#organization\",\"name\":\"Maximaloc\",\"url\":\"https:\/\/maximaloc.com\/\",\"logo\":{\"@type\":\"ImageObject\",\"inLanguage\":\"en-US\",\"@id\":\"https:\/\/maximaloc.com\/#\/schema\/logo\/image\/\",\"url\":\"https:\/\/maximaloc.com\/wp-content\/uploads\/2024\/03\/logo_noir.png\",\"contentUrl\":\"https:\/\/maximaloc.com\/wp-content\/uploads\/2024\/03\/logo_noir.png\",\"width\":11750,\"height\":1231,\"caption\":\"Maximaloc\"},\"image\":{\"@id\":\"https:\/\/maximaloc.com\/#\/schema\/logo\/image\/\"},\"sameAs\":[\"https:\/\/www.facebook.com\/Maximalocation\"]}]}<\/script>\n<!-- \/ Yoast SEO plugin. -->","yoast_head_json":{"title":"TTARTISAN 11mm f2.8 EF FISHEYE - Maximaloc","robots":{"index":"index","follow":"follow","max-snippet":"max-snippet:-1","max-image-preview":"max-image-preview:large","max-video-preview":"max-video-preview:-1"},"canonical":"https:\/\/maximaloc.com\/en\/product\/ttartisan-11mm-f2-8-ef-fisheye\/","og_locale":"en_US","og_type":"article","og_title":"TTARTISAN 11mm f2.8 EF FISHEYE - Maximaloc","og_description":"Objectif Fisheye Monture : Canon EF Couverture : Full Frame","og_url":"https:\/\/maximaloc.com\/en\/product\/ttartisan-11mm-f2-8-ef-fisheye\/","og_site_name":"Maximaloc","article_publisher":"https:\/\/www.facebook.com\/Maximalocation","article_modified_time":"2026-03-30T14:19:35+00:00","og_image":[{"width":1230,"height":675,"url":"https:\/\/maximaloc.com\/wp-content\/uploads\/2024\/09\/website.webp","type":"image\/webp"}],"twitter_card":"summary_large_image","twitter_misc":{"Est. reading time":"1 minute"},"schema":{"@context":"https:\/\/schema.org","@graph":[{"@type":"WebPage","@id":"https:\/\/maximaloc.com\/produit\/ttartisan-11mm-f2-8-ef-fisheye\/","url":"https:\/\/maximaloc.com\/produit\/ttartisan-11mm-f2-8-ef-fisheye\/","name":"TTARTISAN 11mm f2.8 EF FISHEYE - Maximaloc","isPartOf":{"@id":"https:\/\/maximaloc.com\/#website"},"primaryImageOfPage":{"@id":"https:\/\/maximaloc.com\/produit\/ttartisan-11mm-f2-8-ef-fisheye\/#primaryimage"},"image":{"@id":"https:\/\/maximaloc.com\/produit\/ttartisan-11mm-f2-8-ef-fisheye\/#primaryimage"},"thumbnailUrl":"https:\/\/maximaloc.com\/wp-content\/uploads\/2024\/11\/FISHEYE-11MM-1.jpg","datePublished":"2024-11-26T10:04:06+00:00","dateModified":"2026-03-30T14:19:35+00:00","breadcrumb":{"@id":"https:\/\/maximaloc.com\/produit\/ttartisan-11mm-f2-8-ef-fisheye\/#breadcrumb"},"inLanguage":"en-US","potentialAction":[{"@type":"ReadAction","target":["https:\/\/maximaloc.com\/produit\/ttartisan-11mm-f2-8-ef-fisheye\/"]}]},{"@type":"ImageObject","inLanguage":"en-US","@id":"https:\/\/maximaloc.com\/produit\/ttartisan-11mm-f2-8-ef-fisheye\/#primaryimage","url":"https:\/\/maximaloc.com\/wp-content\/uploads\/2024\/11\/FISHEYE-11MM-1.jpg","contentUrl":"https:\/\/maximaloc.com\/wp-content\/uploads\/2024\/11\/FISHEYE-11MM-1.jpg","width":600,"height":600},{"@type":"BreadcrumbList","@id":"https:\/\/maximaloc.com\/produit\/ttartisan-11mm-f2-8-ef-fisheye\/#breadcrumb","itemListElement":[{"@type":"ListItem","position":1,"name":"Accueil","item":"https:\/\/maximaloc.com\/"},{"@type":"ListItem","position":2,"name":"BOUTIQUE","item":"https:\/\/maximaloc.com\/boutique\/"},{"@type":"ListItem","position":3,"name":"TTARTISAN 11mm f2.8 EF FISHEYE"}]},{"@type":"WebSite","@id":"https:\/\/maximaloc.com\/#website","url":"https:\/\/maximaloc.com\/","name":"Maximaloc","description":"","publisher":{"@id":"https:\/\/maximaloc.com\/#organization"},"potentialAction":[{"@type":"SearchAction","target":{"@type":"EntryPoint","urlTemplate":"https:\/\/maximaloc.com\/?s={search_term_string}"},"query-input":{"@type":"PropertyValueSpecification","valueRequired":true,"valueName":"search_term_string"}}],"inLanguage":"en-US"},{"@type":"Organization","@id":"https:\/\/maximaloc.com\/#organization","name":"Maximaloc","url":"https:\/\/maximaloc.com\/","logo":{"@type":"ImageObject","inLanguage":"en-US","@id":"https:\/\/maximaloc.com\/#\/schema\/logo\/image\/","url":"https:\/\/maximaloc.com\/wp-content\/uploads\/2024\/03\/logo_noir.png","contentUrl":"https:\/\/maximaloc.com\/wp-content\/uploads\/2024\/03\/logo_noir.png","width":11750,"height":1231,"caption":"Maximaloc"},"image":{"@id":"https:\/\/maximaloc.com\/#\/schema\/logo\/image\/"},"sameAs":["https:\/\/www.facebook.com\/Maximalocation"]}]}},"_links":{"self":[{"href":"https:\/\/maximaloc.com\/en\/wp-json\/wp\/v2\/product\/18175","targetHints":{"allow":["GET"]}}],"collection":[{"href":"https:\/\/maximaloc.com\/en\/wp-json\/wp\/v2\/product"}],"about":[{"href":"https:\/\/maximaloc.com\/en\/wp-json\/wp\/v2\/types\/product"}],"wp:featuredmedia":[{"embeddable":true,"href":"https:\/\/maximaloc.com\/en\/wp-json\/wp\/v2\/media\/18725"}],"wp:attachment":[{"href":"https:\/\/maximaloc.com\/en\/wp-json\/wp\/v2\/media?parent=18175"}],"wp:term":[{"taxonomy":"product_cat","embeddable":true,"href":"https:\/\/maximaloc.com\/en\/wp-json\/wp\/v2\/product_cat?post=18175"},{"taxonomy":"product_tag","embeddable":true,"href":"https:\/\/maximaloc.com\/en\/wp-json\/wp\/v2\/product_tag?post=18175"}],"curies":[{"name":"wp","href":"https:\/\/api.w.org\/{rel}","templated":true}]}}