 {"id":18260,"date":"2024-12-05T18:14:53","date_gmt":"2024-12-05T17:14:53","guid":{"rendered":"https:\/\/maximaloc.com\/produit\/cineroid-jupiter-500w-rgb\/"},"modified":"2026-03-30T16:31:09","modified_gmt":"2026-03-30T14:31:09","slug":"cineroid-jupiter-500w-rgb","status":"publish","type":"product","link":"https:\/\/maximaloc.com\/en\/product\/cineroid-jupiter-500w-rgb\/","title":{"rendered":"CINEROID JUPITER 500W RGB"},"content":{"rendered":"<p>Le Cineroid Jupiter 500w est un panneau led RGBWW flexible et l\u00e9ger qui mesure\u00a0<\/p>\n<p>120&#215;63 cm.\u00a0<\/p>\n<p>Sa taille et son faible poids en font un choix privil\u00e9gi\u00e9 pour une utilisation en toplight. Mont\u00e9 sur cadre et avec softbox, il produit une lumi\u00e8re encore plus douce et diffuse qui met en valeur un espace, un produit ou un sujet. Extr\u00eamement flexible, Le Cineroid Jupiter 500w s\u2019installe facilement dans une multitude de configurations gr\u00e2ce \u00e0 ses bandes velcro ou \u00e0 ses \u0153illets.<\/p>\n<p>Tr\u00e8s flexible, le Jupiter 500W s&#8217;installe dans de nombreuses configurations gr\u00e2ce \u00e0 ses options de contr\u00f4le, incluant DMX et Wireless DMX via LumenRadio. Aliment\u00e9 sur secteur, il est con\u00e7u pour une installation pratique et un usage intensif.<\/p>\n<p>Le\u00a0Cineroid Jupiter 500w vient avec cadre, softbox et snapgrid.<\/p>","protected":false},"excerpt":{"rendered":"<p>Led Panel Flex RGBWW<\/p>\n<p>Taille: 120&#215;63 cm<\/p>\n<p>\u200bPuissance : 500W\u00a0<\/p>\n<p>T\u00b0 : 2 700-6500\u00b0K<\/p>","protected":false},"featured_media":18264,"template":"","meta":[],"product_cat":[256],"product_tag":[297,296,310,298,299],"class_list":{"0":"post-18260","1":"product","2":"type-product","3":"status-publish","4":"has-post-thumbnail","6":"product_cat-led-panel-flex","7":"product_tag-600w-ou-plus","8":"product_tag-bi-color","9":"product_tag-cineroid","10":"product_tag-daylight","11":"product_tag-rgb","13":"first","14":"instock","15":"featured","16":"taxable","17":"shipping-taxable","18":"purchasable","19":"product-type-rentable"},"yoast_head":"<!-- This site is optimized with the Yoast SEO plugin v24.1 - https:\/\/yoast.com\/wordpress\/plugins\/seo\/ -->\n<title>Cineroid Jupiter 500W Panneaux - Maximaloc<\/title>\n<meta name=\"description\" content=\"Cineroid Jupiter 500W : panneau LED RGBWW flexible 120x63 cm, id\u00e9al pour toplight. Contr\u00f4le DMX, Wireless DMX, avec cadre, softbox et snapgrid pour une lumi\u00e8re douce et diffuse.\" \/>\n<meta name=\"robots\" content=\"index, follow, max-snippet:-1, max-image-preview:large, max-video-preview:-1\" \/>\n<link rel=\"canonical\" href=\"https:\/\/maximaloc.com\/en\/product\/cineroid-jupiter-500w-rgb\/\" \/>\n<meta property=\"og:locale\" content=\"en_US\" \/>\n<meta property=\"og:type\" content=\"article\" \/>\n<meta property=\"og:title\" content=\"Cineroid Jupiter 500W Panneaux - Maximaloc\" \/>\n<meta property=\"og:description\" content=\"Cineroid Jupiter 500W : panneau LED RGBWW flexible 120x63 cm, id\u00e9al pour toplight. Contr\u00f4le DMX, Wireless DMX, avec cadre, softbox et snapgrid pour une lumi\u00e8re douce et diffuse.\" \/>\n<meta property=\"og:url\" content=\"https:\/\/maximaloc.com\/en\/product\/cineroid-jupiter-500w-rgb\/\" \/>\n<meta property=\"og:site_name\" content=\"Maximaloc\" \/>\n<meta property=\"article:publisher\" content=\"https:\/\/www.facebook.com\/Maximalocation\" \/>\n<meta property=\"article:modified_time\" content=\"2026-03-30T14:31:09+00:00\" \/>\n<meta property=\"og:image\" content=\"https:\/\/maximaloc.com\/wp-content\/uploads\/2024\/12\/JUPITER-500W-1.jpg\" \/>\n\t<meta property=\"og:image:width\" content=\"640\" \/>\n\t<meta property=\"og:image:height\" content=\"480\" \/>\n\t<meta property=\"og:image:type\" content=\"image\/jpeg\" \/>\n<meta name=\"twitter:card\" content=\"summary_large_image\" \/>\n<meta name=\"twitter:label1\" content=\"Est. reading time\" \/>\n\t<meta name=\"twitter:data1\" content=\"1 minute\" \/>\n<script type=\"application\/ld+json\" class=\"yoast-schema-graph\">{\"@context\":\"https:\/\/schema.org\",\"@graph\":[{\"@type\":\"WebPage\",\"@id\":\"https:\/\/maximaloc.com\/produit\/cineroid-jupiter-500w-rgb\/\",\"url\":\"https:\/\/maximaloc.com\/produit\/cineroid-jupiter-500w-rgb\/\",\"name\":\"Cineroid Jupiter 500W Panneaux - Maximaloc\",\"isPartOf\":{\"@id\":\"https:\/\/maximaloc.com\/#website\"},\"primaryImageOfPage\":{\"@id\":\"https:\/\/maximaloc.com\/produit\/cineroid-jupiter-500w-rgb\/#primaryimage\"},\"image\":{\"@id\":\"https:\/\/maximaloc.com\/produit\/cineroid-jupiter-500w-rgb\/#primaryimage\"},\"thumbnailUrl\":\"https:\/\/maximaloc.com\/wp-content\/uploads\/2024\/12\/JUPITER-500W-1.jpg\",\"datePublished\":\"2024-12-05T17:14:53+00:00\",\"dateModified\":\"2026-03-30T14:31:09+00:00\",\"description\":\"Cineroid Jupiter 500W : panneau LED RGBWW flexible 120x63 cm, id\u00e9al pour toplight. Contr\u00f4le DMX, Wireless DMX, avec cadre, softbox et snapgrid pour une lumi\u00e8re douce et diffuse.\",\"breadcrumb\":{\"@id\":\"https:\/\/maximaloc.com\/produit\/cineroid-jupiter-500w-rgb\/#breadcrumb\"},\"inLanguage\":\"en-US\",\"potentialAction\":[{\"@type\":\"ReadAction\",\"target\":[\"https:\/\/maximaloc.com\/produit\/cineroid-jupiter-500w-rgb\/\"]}]},{\"@type\":\"ImageObject\",\"inLanguage\":\"en-US\",\"@id\":\"https:\/\/maximaloc.com\/produit\/cineroid-jupiter-500w-rgb\/#primaryimage\",\"url\":\"https:\/\/maximaloc.com\/wp-content\/uploads\/2024\/12\/JUPITER-500W-1.jpg\",\"contentUrl\":\"https:\/\/maximaloc.com\/wp-content\/uploads\/2024\/12\/JUPITER-500W-1.jpg\",\"width\":640,\"height\":480,\"caption\":\"Cineroid Jupiter 500W mont\u00e9 sur cadre avec softbox, montrant sa conception flexible pour une lumi\u00e8re douce et diffuse, id\u00e9ale pour diverses configurations de tournage.\"},{\"@type\":\"BreadcrumbList\",\"@id\":\"https:\/\/maximaloc.com\/produit\/cineroid-jupiter-500w-rgb\/#breadcrumb\",\"itemListElement\":[{\"@type\":\"ListItem\",\"position\":1,\"name\":\"Accueil\",\"item\":\"https:\/\/maximaloc.com\/\"},{\"@type\":\"ListItem\",\"position\":2,\"name\":\"BOUTIQUE\",\"item\":\"https:\/\/maximaloc.com\/boutique\/\"},{\"@type\":\"ListItem\",\"position\":3,\"name\":\"CINEROID JUPITER 500W RGB\"}]},{\"@type\":\"WebSite\",\"@id\":\"https:\/\/maximaloc.com\/#website\",\"url\":\"https:\/\/maximaloc.com\/\",\"name\":\"Maximaloc\",\"description\":\"\",\"publisher\":{\"@id\":\"https:\/\/maximaloc.com\/#organization\"},\"potentialAction\":[{\"@type\":\"SearchAction\",\"target\":{\"@type\":\"EntryPoint\",\"urlTemplate\":\"https:\/\/maximaloc.com\/?s={search_term_string}\"},\"query-input\":{\"@type\":\"PropertyValueSpecification\",\"valueRequired\":true,\"valueName\":\"search_term_string\"}}],\"inLanguage\":\"en-US\"},{\"@type\":\"Organization\",\"@id\":\"https:\/\/maximaloc.com\/#organization\",\"name\":\"Maximaloc\",\"url\":\"https:\/\/maximaloc.com\/\",\"logo\":{\"@type\":\"ImageObject\",\"inLanguage\":\"en-US\",\"@id\":\"https:\/\/maximaloc.com\/#\/schema\/logo\/image\/\",\"url\":\"https:\/\/maximaloc.com\/wp-content\/uploads\/2024\/03\/logo_noir.png\",\"contentUrl\":\"https:\/\/maximaloc.com\/wp-content\/uploads\/2024\/03\/logo_noir.png\",\"width\":11750,\"height\":1231,\"caption\":\"Maximaloc\"},\"image\":{\"@id\":\"https:\/\/maximaloc.com\/#\/schema\/logo\/image\/\"},\"sameAs\":[\"https:\/\/www.facebook.com\/Maximalocation\"]}]}<\/script>\n<!-- \/ Yoast SEO plugin. -->","yoast_head_json":{"title":"Cineroid Jupiter 500W Panneaux - Maximaloc","description":"Cineroid Jupiter 500W : panneau LED RGBWW flexible 120x63 cm, id\u00e9al pour toplight. Contr\u00f4le DMX, Wireless DMX, avec cadre, softbox et snapgrid pour une lumi\u00e8re douce et diffuse.","robots":{"index":"index","follow":"follow","max-snippet":"max-snippet:-1","max-image-preview":"max-image-preview:large","max-video-preview":"max-video-preview:-1"},"canonical":"https:\/\/maximaloc.com\/en\/product\/cineroid-jupiter-500w-rgb\/","og_locale":"en_US","og_type":"article","og_title":"Cineroid Jupiter 500W Panneaux - Maximaloc","og_description":"Cineroid Jupiter 500W : panneau LED RGBWW flexible 120x63 cm, id\u00e9al pour toplight. Contr\u00f4le DMX, Wireless DMX, avec cadre, softbox et snapgrid pour une lumi\u00e8re douce et diffuse.","og_url":"https:\/\/maximaloc.com\/en\/product\/cineroid-jupiter-500w-rgb\/","og_site_name":"Maximaloc","article_publisher":"https:\/\/www.facebook.com\/Maximalocation","article_modified_time":"2026-03-30T14:31:09+00:00","og_image":[{"width":640,"height":480,"url":"https:\/\/maximaloc.com\/wp-content\/uploads\/2024\/12\/JUPITER-500W-1.jpg","type":"image\/jpeg"}],"twitter_card":"summary_large_image","twitter_misc":{"Est. reading time":"1 minute"},"schema":{"@context":"https:\/\/schema.org","@graph":[{"@type":"WebPage","@id":"https:\/\/maximaloc.com\/produit\/cineroid-jupiter-500w-rgb\/","url":"https:\/\/maximaloc.com\/produit\/cineroid-jupiter-500w-rgb\/","name":"Cineroid Jupiter 500W Panneaux - Maximaloc","isPartOf":{"@id":"https:\/\/maximaloc.com\/#website"},"primaryImageOfPage":{"@id":"https:\/\/maximaloc.com\/produit\/cineroid-jupiter-500w-rgb\/#primaryimage"},"image":{"@id":"https:\/\/maximaloc.com\/produit\/cineroid-jupiter-500w-rgb\/#primaryimage"},"thumbnailUrl":"https:\/\/maximaloc.com\/wp-content\/uploads\/2024\/12\/JUPITER-500W-1.jpg","datePublished":"2024-12-05T17:14:53+00:00","dateModified":"2026-03-30T14:31:09+00:00","description":"Cineroid Jupiter 500W : panneau LED RGBWW flexible 120x63 cm, id\u00e9al pour toplight. Contr\u00f4le DMX, Wireless DMX, avec cadre, softbox et snapgrid pour une lumi\u00e8re douce et diffuse.","breadcrumb":{"@id":"https:\/\/maximaloc.com\/produit\/cineroid-jupiter-500w-rgb\/#breadcrumb"},"inLanguage":"en-US","potentialAction":[{"@type":"ReadAction","target":["https:\/\/maximaloc.com\/produit\/cineroid-jupiter-500w-rgb\/"]}]},{"@type":"ImageObject","inLanguage":"en-US","@id":"https:\/\/maximaloc.com\/produit\/cineroid-jupiter-500w-rgb\/#primaryimage","url":"https:\/\/maximaloc.com\/wp-content\/uploads\/2024\/12\/JUPITER-500W-1.jpg","contentUrl":"https:\/\/maximaloc.com\/wp-content\/uploads\/2024\/12\/JUPITER-500W-1.jpg","width":640,"height":480,"caption":"Cineroid Jupiter 500W mont\u00e9 sur cadre avec softbox, montrant sa conception flexible pour une lumi\u00e8re douce et diffuse, id\u00e9ale pour diverses configurations de tournage."},{"@type":"BreadcrumbList","@id":"https:\/\/maximaloc.com\/produit\/cineroid-jupiter-500w-rgb\/#breadcrumb","itemListElement":[{"@type":"ListItem","position":1,"name":"Accueil","item":"https:\/\/maximaloc.com\/"},{"@type":"ListItem","position":2,"name":"BOUTIQUE","item":"https:\/\/maximaloc.com\/boutique\/"},{"@type":"ListItem","position":3,"name":"CINEROID JUPITER 500W RGB"}]},{"@type":"WebSite","@id":"https:\/\/maximaloc.com\/#website","url":"https:\/\/maximaloc.com\/","name":"Maximaloc","description":"","publisher":{"@id":"https:\/\/maximaloc.com\/#organization"},"potentialAction":[{"@type":"SearchAction","target":{"@type":"EntryPoint","urlTemplate":"https:\/\/maximaloc.com\/?s={search_term_string}"},"query-input":{"@type":"PropertyValueSpecification","valueRequired":true,"valueName":"search_term_string"}}],"inLanguage":"en-US"},{"@type":"Organization","@id":"https:\/\/maximaloc.com\/#organization","name":"Maximaloc","url":"https:\/\/maximaloc.com\/","logo":{"@type":"ImageObject","inLanguage":"en-US","@id":"https:\/\/maximaloc.com\/#\/schema\/logo\/image\/","url":"https:\/\/maximaloc.com\/wp-content\/uploads\/2024\/03\/logo_noir.png","contentUrl":"https:\/\/maximaloc.com\/wp-content\/uploads\/2024\/03\/logo_noir.png","width":11750,"height":1231,"caption":"Maximaloc"},"image":{"@id":"https:\/\/maximaloc.com\/#\/schema\/logo\/image\/"},"sameAs":["https:\/\/www.facebook.com\/Maximalocation"]}]}},"_links":{"self":[{"href":"https:\/\/maximaloc.com\/en\/wp-json\/wp\/v2\/product\/18260","targetHints":{"allow":["GET"]}}],"collection":[{"href":"https:\/\/maximaloc.com\/en\/wp-json\/wp\/v2\/product"}],"about":[{"href":"https:\/\/maximaloc.com\/en\/wp-json\/wp\/v2\/types\/product"}],"wp:featuredmedia":[{"embeddable":true,"href":"https:\/\/maximaloc.com\/en\/wp-json\/wp\/v2\/media\/18264"}],"wp:attachment":[{"href":"https:\/\/maximaloc.com\/en\/wp-json\/wp\/v2\/media?parent=18260"}],"wp:term":[{"taxonomy":"product_cat","embeddable":true,"href":"https:\/\/maximaloc.com\/en\/wp-json\/wp\/v2\/product_cat?post=18260"},{"taxonomy":"product_tag","embeddable":true,"href":"https:\/\/maximaloc.com\/en\/wp-json\/wp\/v2\/product_tag?post=18260"}],"curies":[{"name":"wp","href":"https:\/\/api.w.org\/{rel}","templated":true}]}}