 {"id":18808,"date":"2025-03-09T01:31:35","date_gmt":"2025-03-09T00:31:35","guid":{"rendered":"https:\/\/maximaloc.com\/produit\/videoprojecteur-zoomcat\/"},"modified":"2026-03-30T16:20:16","modified_gmt":"2026-03-30T14:20:16","slug":"videoprojecteur-zoomcat","status":"publish","type":"product","link":"https:\/\/maximaloc.com\/en\/product\/videoprojecteur-zoomcat\/","title":{"rendered":"VIDEOPROJECTEUR ZOOMCAT"},"content":{"rendered":"<p>Le vid\u00e9oprojecteur ZOOMCAT offre une r\u00e9solution native Full HD 1080P avec prise en charge du 4K, une luminosit\u00e9 exceptionnelle de 25 000 lumens et un contraste \u00e9lev\u00e9 pour une image claire et d\u00e9taill\u00e9e.<\/p>\n<p>\u00a0<\/p>\n<p>La fonction mise au point automatique et correction trap\u00e9zo\u00efdale 6D ajuste instantan\u00e9ment l\u2019image pour un affichage optimal.<\/p>\n<p>Le projecteur est \u00e9galement \u00e9quip\u00e9 des derni\u00e8res technologies WiFi 6 et Bluetooth 5.2, offrant une connexion stable et rapide pour la diffusion sans fil et l\u2019utilisation de haut-parleurs externes.<\/p>\n<p>\u00a0<\/p>\n<p><strong>Point Fort :<\/strong><\/p>\n<ul>\n<li>1080p<\/li>\n<li>Wifi \/ Bluetooth<\/li>\n<li>Correction trap\u00e9zo\u00efdale automatique<\/li>\n<\/ul>","protected":false},"excerpt":{"rendered":"<p>R\u00e9solution 1080p (supporte 4K)<\/p>\n<p>Luminosit\u00e9 : 25 000 lumens<\/p>\n<p>Puissance : 75W<\/p>","protected":false},"featured_media":19683,"template":"","meta":[],"product_cat":[137],"product_tag":[],"class_list":{"0":"post-18808","1":"product","2":"type-product","3":"status-publish","4":"has-post-thumbnail","6":"product_cat-informatique","8":"first","9":"instock","10":"taxable","11":"shipping-taxable","12":"purchasable","13":"product-type-rentable"},"yoast_head":"<!-- This site is optimized with the Yoast SEO plugin v24.1 - https:\/\/yoast.com\/wordpress\/plugins\/seo\/ -->\n<title>VIDEOPROJECTEUR ZOOMCAT - Maximaloc<\/title>\n<meta name=\"robots\" content=\"index, follow, max-snippet:-1, max-image-preview:large, max-video-preview:-1\" \/>\n<link rel=\"canonical\" href=\"https:\/\/maximaloc.com\/en\/product\/videoprojecteur-zoomcat\/\" \/>\n<meta property=\"og:locale\" content=\"en_US\" \/>\n<meta property=\"og:type\" content=\"article\" \/>\n<meta property=\"og:title\" content=\"VIDEOPROJECTEUR ZOOMCAT - Maximaloc\" \/>\n<meta property=\"og:description\" content=\"R\u00e9solution 1080p (supporte 4K) Luminosit\u00e9 : 25 000 lumens Puissance : 75W\" \/>\n<meta property=\"og:url\" content=\"https:\/\/maximaloc.com\/en\/product\/videoprojecteur-zoomcat\/\" \/>\n<meta property=\"og:site_name\" content=\"Maximaloc\" \/>\n<meta property=\"article:publisher\" content=\"https:\/\/www.facebook.com\/Maximalocation\" \/>\n<meta property=\"article:modified_time\" content=\"2026-03-30T14:20:16+00:00\" \/>\n<meta property=\"og:image\" content=\"https:\/\/maximaloc.com\/wp-content\/uploads\/2024\/09\/website.webp\" \/>\n\t<meta property=\"og:image:width\" content=\"1230\" \/>\n\t<meta property=\"og:image:height\" content=\"675\" \/>\n\t<meta property=\"og:image:type\" content=\"image\/webp\" \/>\n<meta name=\"twitter:card\" content=\"summary_large_image\" \/>\n<script type=\"application\/ld+json\" class=\"yoast-schema-graph\">{\"@context\":\"https:\/\/schema.org\",\"@graph\":[{\"@type\":\"WebPage\",\"@id\":\"https:\/\/maximaloc.com\/produit\/videoprojecteur-zoomcat\/\",\"url\":\"https:\/\/maximaloc.com\/produit\/videoprojecteur-zoomcat\/\",\"name\":\"VIDEOPROJECTEUR ZOOMCAT - Maximaloc\",\"isPartOf\":{\"@id\":\"https:\/\/maximaloc.com\/#website\"},\"primaryImageOfPage\":{\"@id\":\"https:\/\/maximaloc.com\/produit\/videoprojecteur-zoomcat\/#primaryimage\"},\"image\":{\"@id\":\"https:\/\/maximaloc.com\/produit\/videoprojecteur-zoomcat\/#primaryimage\"},\"thumbnailUrl\":\"https:\/\/maximaloc.com\/wp-content\/uploads\/2025\/03\/Videoprojecteur-Zoomcat-1.png\",\"datePublished\":\"2025-03-09T00:31:35+00:00\",\"dateModified\":\"2026-03-30T14:20:16+00:00\",\"breadcrumb\":{\"@id\":\"https:\/\/maximaloc.com\/produit\/videoprojecteur-zoomcat\/#breadcrumb\"},\"inLanguage\":\"en-US\",\"potentialAction\":[{\"@type\":\"ReadAction\",\"target\":[\"https:\/\/maximaloc.com\/produit\/videoprojecteur-zoomcat\/\"]}]},{\"@type\":\"ImageObject\",\"inLanguage\":\"en-US\",\"@id\":\"https:\/\/maximaloc.com\/produit\/videoprojecteur-zoomcat\/#primaryimage\",\"url\":\"https:\/\/maximaloc.com\/wp-content\/uploads\/2025\/03\/Videoprojecteur-Zoomcat-1.png\",\"contentUrl\":\"https:\/\/maximaloc.com\/wp-content\/uploads\/2025\/03\/Videoprojecteur-Zoomcat-1.png\",\"width\":1000,\"height\":1000},{\"@type\":\"BreadcrumbList\",\"@id\":\"https:\/\/maximaloc.com\/produit\/videoprojecteur-zoomcat\/#breadcrumb\",\"itemListElement\":[{\"@type\":\"ListItem\",\"position\":1,\"name\":\"Accueil\",\"item\":\"https:\/\/maximaloc.com\/\"},{\"@type\":\"ListItem\",\"position\":2,\"name\":\"BOUTIQUE\",\"item\":\"https:\/\/maximaloc.com\/boutique\/\"},{\"@type\":\"ListItem\",\"position\":3,\"name\":\"VIDEOPROJECTEUR ZOOMCAT\"}]},{\"@type\":\"WebSite\",\"@id\":\"https:\/\/maximaloc.com\/#website\",\"url\":\"https:\/\/maximaloc.com\/\",\"name\":\"Maximaloc\",\"description\":\"\",\"publisher\":{\"@id\":\"https:\/\/maximaloc.com\/#organization\"},\"potentialAction\":[{\"@type\":\"SearchAction\",\"target\":{\"@type\":\"EntryPoint\",\"urlTemplate\":\"https:\/\/maximaloc.com\/?s={search_term_string}\"},\"query-input\":{\"@type\":\"PropertyValueSpecification\",\"valueRequired\":true,\"valueName\":\"search_term_string\"}}],\"inLanguage\":\"en-US\"},{\"@type\":\"Organization\",\"@id\":\"https:\/\/maximaloc.com\/#organization\",\"name\":\"Maximaloc\",\"url\":\"https:\/\/maximaloc.com\/\",\"logo\":{\"@type\":\"ImageObject\",\"inLanguage\":\"en-US\",\"@id\":\"https:\/\/maximaloc.com\/#\/schema\/logo\/image\/\",\"url\":\"https:\/\/maximaloc.com\/wp-content\/uploads\/2024\/03\/logo_noir.png\",\"contentUrl\":\"https:\/\/maximaloc.com\/wp-content\/uploads\/2024\/03\/logo_noir.png\",\"width\":11750,\"height\":1231,\"caption\":\"Maximaloc\"},\"image\":{\"@id\":\"https:\/\/maximaloc.com\/#\/schema\/logo\/image\/\"},\"sameAs\":[\"https:\/\/www.facebook.com\/Maximalocation\"]}]}<\/script>\n<!-- \/ Yoast SEO plugin. -->","yoast_head_json":{"title":"VIDEOPROJECTEUR ZOOMCAT - Maximaloc","robots":{"index":"index","follow":"follow","max-snippet":"max-snippet:-1","max-image-preview":"max-image-preview:large","max-video-preview":"max-video-preview:-1"},"canonical":"https:\/\/maximaloc.com\/en\/product\/videoprojecteur-zoomcat\/","og_locale":"en_US","og_type":"article","og_title":"VIDEOPROJECTEUR ZOOMCAT - Maximaloc","og_description":"R\u00e9solution 1080p (supporte 4K) Luminosit\u00e9 : 25 000 lumens Puissance : 75W","og_url":"https:\/\/maximaloc.com\/en\/product\/videoprojecteur-zoomcat\/","og_site_name":"Maximaloc","article_publisher":"https:\/\/www.facebook.com\/Maximalocation","article_modified_time":"2026-03-30T14:20:16+00:00","og_image":[{"width":1230,"height":675,"url":"https:\/\/maximaloc.com\/wp-content\/uploads\/2024\/09\/website.webp","type":"image\/webp"}],"twitter_card":"summary_large_image","schema":{"@context":"https:\/\/schema.org","@graph":[{"@type":"WebPage","@id":"https:\/\/maximaloc.com\/produit\/videoprojecteur-zoomcat\/","url":"https:\/\/maximaloc.com\/produit\/videoprojecteur-zoomcat\/","name":"VIDEOPROJECTEUR ZOOMCAT - Maximaloc","isPartOf":{"@id":"https:\/\/maximaloc.com\/#website"},"primaryImageOfPage":{"@id":"https:\/\/maximaloc.com\/produit\/videoprojecteur-zoomcat\/#primaryimage"},"image":{"@id":"https:\/\/maximaloc.com\/produit\/videoprojecteur-zoomcat\/#primaryimage"},"thumbnailUrl":"https:\/\/maximaloc.com\/wp-content\/uploads\/2025\/03\/Videoprojecteur-Zoomcat-1.png","datePublished":"2025-03-09T00:31:35+00:00","dateModified":"2026-03-30T14:20:16+00:00","breadcrumb":{"@id":"https:\/\/maximaloc.com\/produit\/videoprojecteur-zoomcat\/#breadcrumb"},"inLanguage":"en-US","potentialAction":[{"@type":"ReadAction","target":["https:\/\/maximaloc.com\/produit\/videoprojecteur-zoomcat\/"]}]},{"@type":"ImageObject","inLanguage":"en-US","@id":"https:\/\/maximaloc.com\/produit\/videoprojecteur-zoomcat\/#primaryimage","url":"https:\/\/maximaloc.com\/wp-content\/uploads\/2025\/03\/Videoprojecteur-Zoomcat-1.png","contentUrl":"https:\/\/maximaloc.com\/wp-content\/uploads\/2025\/03\/Videoprojecteur-Zoomcat-1.png","width":1000,"height":1000},{"@type":"BreadcrumbList","@id":"https:\/\/maximaloc.com\/produit\/videoprojecteur-zoomcat\/#breadcrumb","itemListElement":[{"@type":"ListItem","position":1,"name":"Accueil","item":"https:\/\/maximaloc.com\/"},{"@type":"ListItem","position":2,"name":"BOUTIQUE","item":"https:\/\/maximaloc.com\/boutique\/"},{"@type":"ListItem","position":3,"name":"VIDEOPROJECTEUR ZOOMCAT"}]},{"@type":"WebSite","@id":"https:\/\/maximaloc.com\/#website","url":"https:\/\/maximaloc.com\/","name":"Maximaloc","description":"","publisher":{"@id":"https:\/\/maximaloc.com\/#organization"},"potentialAction":[{"@type":"SearchAction","target":{"@type":"EntryPoint","urlTemplate":"https:\/\/maximaloc.com\/?s={search_term_string}"},"query-input":{"@type":"PropertyValueSpecification","valueRequired":true,"valueName":"search_term_string"}}],"inLanguage":"en-US"},{"@type":"Organization","@id":"https:\/\/maximaloc.com\/#organization","name":"Maximaloc","url":"https:\/\/maximaloc.com\/","logo":{"@type":"ImageObject","inLanguage":"en-US","@id":"https:\/\/maximaloc.com\/#\/schema\/logo\/image\/","url":"https:\/\/maximaloc.com\/wp-content\/uploads\/2024\/03\/logo_noir.png","contentUrl":"https:\/\/maximaloc.com\/wp-content\/uploads\/2024\/03\/logo_noir.png","width":11750,"height":1231,"caption":"Maximaloc"},"image":{"@id":"https:\/\/maximaloc.com\/#\/schema\/logo\/image\/"},"sameAs":["https:\/\/www.facebook.com\/Maximalocation"]}]}},"_links":{"self":[{"href":"https:\/\/maximaloc.com\/en\/wp-json\/wp\/v2\/product\/18808","targetHints":{"allow":["GET"]}}],"collection":[{"href":"https:\/\/maximaloc.com\/en\/wp-json\/wp\/v2\/product"}],"about":[{"href":"https:\/\/maximaloc.com\/en\/wp-json\/wp\/v2\/types\/product"}],"wp:featuredmedia":[{"embeddable":true,"href":"https:\/\/maximaloc.com\/en\/wp-json\/wp\/v2\/media\/19683"}],"wp:attachment":[{"href":"https:\/\/maximaloc.com\/en\/wp-json\/wp\/v2\/media?parent=18808"}],"wp:term":[{"taxonomy":"product_cat","embeddable":true,"href":"https:\/\/maximaloc.com\/en\/wp-json\/wp\/v2\/product_cat?post=18808"},{"taxonomy":"product_tag","embeddable":true,"href":"https:\/\/maximaloc.com\/en\/wp-json\/wp\/v2\/product_tag?post=18808"}],"curies":[{"name":"wp","href":"https:\/\/api.w.org\/{rel}","templated":true}]}}