 {"id":18891,"date":"2025-03-11T16:23:20","date_gmt":"2025-03-11T15:23:20","guid":{"rendered":"https:\/\/maximaloc.com\/produit\/amaran-f21c\/"},"modified":"2026-03-30T16:31:19","modified_gmt":"2026-03-30T14:31:19","slug":"led-flex-amaran-f21c","status":"publish","type":"product","link":"https:\/\/maximaloc.com\/en\/product\/led-flex-amaran-f21c\/","title":{"rendered":"LED FLEX AMARAN F21C"},"content":{"rendered":"<p>L\u2019Aputure F21C est un panneau LED flexible RGB de 120W, offrant une large plage de temp\u00e9rature de couleur de 2500K \u00e0 7500K ainsi qu\u2019un contr\u00f4le avanc\u00e9 des couleurs avec les modes RGB, CCT et HUE\/SAT.<\/p>\n<p>Le F21C est livr\u00e9 avec une softbox, deux niveaux de diffusion et une grille 45\u00b0 pour un contr\u00f4le pr\u00e9cis de la lumi\u00e8re. Son contr\u00f4leur compact permet des r\u00e9glages pr\u00e9cis et offre une connectivit\u00e9 Bluetooth pour un contr\u00f4le sans fil via l\u2019application Sidus Link.<\/p>\n<p>\u00a0<\/p>\n<p><u><strong>Point Fort<\/strong><\/u><\/p>\n<ul>\n<li>RGBW<\/li>\n<li>120W<\/li>\n<li>2500-7500K<\/li>\n<li>Bluetooth<\/li>\n<\/ul>","protected":false},"excerpt":{"rendered":"<p>Led Panel Flexible RGB \u200b<\/p>\n<p>Puissance : 120W<\/p>\n<p>T\u00b0 : RGB \/ 2500-7500\u00b0K<\/p>\n<p>Dimensions : 60 x 30 cm<\/p>","protected":false},"featured_media":19885,"template":"","meta":[],"product_cat":[256],"product_tag":[],"class_list":{"0":"post-18891","1":"product","2":"type-product","3":"status-publish","4":"has-post-thumbnail","6":"product_cat-led-panel-flex","8":"first","9":"instock","10":"featured","11":"taxable","12":"shipping-taxable","13":"purchasable","14":"product-type-rentable"},"yoast_head":"<!-- This site is optimized with the Yoast SEO plugin v24.1 - https:\/\/yoast.com\/wordpress\/plugins\/seo\/ -->\n<title>LED FLEX AMARAN F21C - Maximaloc<\/title>\n<meta name=\"robots\" content=\"index, follow, max-snippet:-1, max-image-preview:large, max-video-preview:-1\" \/>\n<link rel=\"canonical\" href=\"https:\/\/maximaloc.com\/en\/product\/led-flex-amaran-f21c\/\" \/>\n<meta property=\"og:locale\" content=\"en_US\" \/>\n<meta property=\"og:type\" content=\"article\" \/>\n<meta property=\"og:title\" content=\"LED FLEX AMARAN F21C - Maximaloc\" \/>\n<meta property=\"og:description\" content=\"Led Panel Flexible RGB \u200b Puissance : 120W T\u00b0 : RGB \/ 2500-7500\u00b0K Dimensions : 60 x 30 cm\" \/>\n<meta property=\"og:url\" content=\"https:\/\/maximaloc.com\/en\/product\/led-flex-amaran-f21c\/\" \/>\n<meta property=\"og:site_name\" content=\"Maximaloc\" \/>\n<meta property=\"article:publisher\" content=\"https:\/\/www.facebook.com\/Maximalocation\" \/>\n<meta property=\"article:modified_time\" content=\"2026-03-30T14:31:19+00:00\" \/>\n<meta property=\"og:image\" content=\"https:\/\/maximaloc.com\/wp-content\/uploads\/2025\/03\/F21C-1.png\" \/>\n\t<meta property=\"og:image:width\" content=\"1000\" \/>\n\t<meta property=\"og:image:height\" content=\"1000\" \/>\n\t<meta property=\"og:image:type\" content=\"image\/png\" \/>\n<meta name=\"twitter:card\" content=\"summary_large_image\" \/>\n<script type=\"application\/ld+json\" class=\"yoast-schema-graph\">{\"@context\":\"https:\/\/schema.org\",\"@graph\":[{\"@type\":\"WebPage\",\"@id\":\"https:\/\/maximaloc.com\/produit\/led-flex-amaran-f21c\/\",\"url\":\"https:\/\/maximaloc.com\/produit\/led-flex-amaran-f21c\/\",\"name\":\"LED FLEX AMARAN F21C - Maximaloc\",\"isPartOf\":{\"@id\":\"https:\/\/maximaloc.com\/#website\"},\"primaryImageOfPage\":{\"@id\":\"https:\/\/maximaloc.com\/produit\/led-flex-amaran-f21c\/#primaryimage\"},\"image\":{\"@id\":\"https:\/\/maximaloc.com\/produit\/led-flex-amaran-f21c\/#primaryimage\"},\"thumbnailUrl\":\"https:\/\/maximaloc.com\/wp-content\/uploads\/2025\/03\/F21C-1.png\",\"datePublished\":\"2025-03-11T15:23:20+00:00\",\"dateModified\":\"2026-03-30T14:31:19+00:00\",\"breadcrumb\":{\"@id\":\"https:\/\/maximaloc.com\/produit\/led-flex-amaran-f21c\/#breadcrumb\"},\"inLanguage\":\"en-US\",\"potentialAction\":[{\"@type\":\"ReadAction\",\"target\":[\"https:\/\/maximaloc.com\/produit\/led-flex-amaran-f21c\/\"]}]},{\"@type\":\"ImageObject\",\"inLanguage\":\"en-US\",\"@id\":\"https:\/\/maximaloc.com\/produit\/led-flex-amaran-f21c\/#primaryimage\",\"url\":\"https:\/\/maximaloc.com\/wp-content\/uploads\/2025\/03\/F21C-1.png\",\"contentUrl\":\"https:\/\/maximaloc.com\/wp-content\/uploads\/2025\/03\/F21C-1.png\",\"width\":1000,\"height\":1000},{\"@type\":\"BreadcrumbList\",\"@id\":\"https:\/\/maximaloc.com\/produit\/led-flex-amaran-f21c\/#breadcrumb\",\"itemListElement\":[{\"@type\":\"ListItem\",\"position\":1,\"name\":\"Accueil\",\"item\":\"https:\/\/maximaloc.com\/\"},{\"@type\":\"ListItem\",\"position\":2,\"name\":\"BOUTIQUE\",\"item\":\"https:\/\/maximaloc.com\/boutique\/\"},{\"@type\":\"ListItem\",\"position\":3,\"name\":\"LED FLEX AMARAN F21C\"}]},{\"@type\":\"WebSite\",\"@id\":\"https:\/\/maximaloc.com\/#website\",\"url\":\"https:\/\/maximaloc.com\/\",\"name\":\"Maximaloc\",\"description\":\"\",\"publisher\":{\"@id\":\"https:\/\/maximaloc.com\/#organization\"},\"potentialAction\":[{\"@type\":\"SearchAction\",\"target\":{\"@type\":\"EntryPoint\",\"urlTemplate\":\"https:\/\/maximaloc.com\/?s={search_term_string}\"},\"query-input\":{\"@type\":\"PropertyValueSpecification\",\"valueRequired\":true,\"valueName\":\"search_term_string\"}}],\"inLanguage\":\"en-US\"},{\"@type\":\"Organization\",\"@id\":\"https:\/\/maximaloc.com\/#organization\",\"name\":\"Maximaloc\",\"url\":\"https:\/\/maximaloc.com\/\",\"logo\":{\"@type\":\"ImageObject\",\"inLanguage\":\"en-US\",\"@id\":\"https:\/\/maximaloc.com\/#\/schema\/logo\/image\/\",\"url\":\"https:\/\/maximaloc.com\/wp-content\/uploads\/2024\/03\/logo_noir.png\",\"contentUrl\":\"https:\/\/maximaloc.com\/wp-content\/uploads\/2024\/03\/logo_noir.png\",\"width\":11750,\"height\":1231,\"caption\":\"Maximaloc\"},\"image\":{\"@id\":\"https:\/\/maximaloc.com\/#\/schema\/logo\/image\/\"},\"sameAs\":[\"https:\/\/www.facebook.com\/Maximalocation\"]}]}<\/script>\n<!-- \/ Yoast SEO plugin. -->","yoast_head_json":{"title":"LED FLEX AMARAN F21C - Maximaloc","robots":{"index":"index","follow":"follow","max-snippet":"max-snippet:-1","max-image-preview":"max-image-preview:large","max-video-preview":"max-video-preview:-1"},"canonical":"https:\/\/maximaloc.com\/en\/product\/led-flex-amaran-f21c\/","og_locale":"en_US","og_type":"article","og_title":"LED FLEX AMARAN F21C - Maximaloc","og_description":"Led Panel Flexible RGB \u200b Puissance : 120W T\u00b0 : RGB \/ 2500-7500\u00b0K Dimensions : 60 x 30 cm","og_url":"https:\/\/maximaloc.com\/en\/product\/led-flex-amaran-f21c\/","og_site_name":"Maximaloc","article_publisher":"https:\/\/www.facebook.com\/Maximalocation","article_modified_time":"2026-03-30T14:31:19+00:00","og_image":[{"width":1000,"height":1000,"url":"https:\/\/maximaloc.com\/wp-content\/uploads\/2025\/03\/F21C-1.png","type":"image\/png"}],"twitter_card":"summary_large_image","schema":{"@context":"https:\/\/schema.org","@graph":[{"@type":"WebPage","@id":"https:\/\/maximaloc.com\/produit\/led-flex-amaran-f21c\/","url":"https:\/\/maximaloc.com\/produit\/led-flex-amaran-f21c\/","name":"LED FLEX AMARAN F21C - Maximaloc","isPartOf":{"@id":"https:\/\/maximaloc.com\/#website"},"primaryImageOfPage":{"@id":"https:\/\/maximaloc.com\/produit\/led-flex-amaran-f21c\/#primaryimage"},"image":{"@id":"https:\/\/maximaloc.com\/produit\/led-flex-amaran-f21c\/#primaryimage"},"thumbnailUrl":"https:\/\/maximaloc.com\/wp-content\/uploads\/2025\/03\/F21C-1.png","datePublished":"2025-03-11T15:23:20+00:00","dateModified":"2026-03-30T14:31:19+00:00","breadcrumb":{"@id":"https:\/\/maximaloc.com\/produit\/led-flex-amaran-f21c\/#breadcrumb"},"inLanguage":"en-US","potentialAction":[{"@type":"ReadAction","target":["https:\/\/maximaloc.com\/produit\/led-flex-amaran-f21c\/"]}]},{"@type":"ImageObject","inLanguage":"en-US","@id":"https:\/\/maximaloc.com\/produit\/led-flex-amaran-f21c\/#primaryimage","url":"https:\/\/maximaloc.com\/wp-content\/uploads\/2025\/03\/F21C-1.png","contentUrl":"https:\/\/maximaloc.com\/wp-content\/uploads\/2025\/03\/F21C-1.png","width":1000,"height":1000},{"@type":"BreadcrumbList","@id":"https:\/\/maximaloc.com\/produit\/led-flex-amaran-f21c\/#breadcrumb","itemListElement":[{"@type":"ListItem","position":1,"name":"Accueil","item":"https:\/\/maximaloc.com\/"},{"@type":"ListItem","position":2,"name":"BOUTIQUE","item":"https:\/\/maximaloc.com\/boutique\/"},{"@type":"ListItem","position":3,"name":"LED FLEX AMARAN F21C"}]},{"@type":"WebSite","@id":"https:\/\/maximaloc.com\/#website","url":"https:\/\/maximaloc.com\/","name":"Maximaloc","description":"","publisher":{"@id":"https:\/\/maximaloc.com\/#organization"},"potentialAction":[{"@type":"SearchAction","target":{"@type":"EntryPoint","urlTemplate":"https:\/\/maximaloc.com\/?s={search_term_string}"},"query-input":{"@type":"PropertyValueSpecification","valueRequired":true,"valueName":"search_term_string"}}],"inLanguage":"en-US"},{"@type":"Organization","@id":"https:\/\/maximaloc.com\/#organization","name":"Maximaloc","url":"https:\/\/maximaloc.com\/","logo":{"@type":"ImageObject","inLanguage":"en-US","@id":"https:\/\/maximaloc.com\/#\/schema\/logo\/image\/","url":"https:\/\/maximaloc.com\/wp-content\/uploads\/2024\/03\/logo_noir.png","contentUrl":"https:\/\/maximaloc.com\/wp-content\/uploads\/2024\/03\/logo_noir.png","width":11750,"height":1231,"caption":"Maximaloc"},"image":{"@id":"https:\/\/maximaloc.com\/#\/schema\/logo\/image\/"},"sameAs":["https:\/\/www.facebook.com\/Maximalocation"]}]}},"_links":{"self":[{"href":"https:\/\/maximaloc.com\/en\/wp-json\/wp\/v2\/product\/18891","targetHints":{"allow":["GET"]}}],"collection":[{"href":"https:\/\/maximaloc.com\/en\/wp-json\/wp\/v2\/product"}],"about":[{"href":"https:\/\/maximaloc.com\/en\/wp-json\/wp\/v2\/types\/product"}],"wp:featuredmedia":[{"embeddable":true,"href":"https:\/\/maximaloc.com\/en\/wp-json\/wp\/v2\/media\/19885"}],"wp:attachment":[{"href":"https:\/\/maximaloc.com\/en\/wp-json\/wp\/v2\/media?parent=18891"}],"wp:term":[{"taxonomy":"product_cat","embeddable":true,"href":"https:\/\/maximaloc.com\/en\/wp-json\/wp\/v2\/product_cat?post=18891"},{"taxonomy":"product_tag","embeddable":true,"href":"https:\/\/maximaloc.com\/en\/wp-json\/wp\/v2\/product_tag?post=18891"}],"curies":[{"name":"wp","href":"https:\/\/api.w.org\/{rel}","templated":true}]}}