 {"id":19062,"date":"2025-03-31T17:50:04","date_gmt":"2025-03-31T15:50:04","guid":{"rendered":"https:\/\/maximaloc.com\/produit\/serie-5x-dzo-arles-prime-cine-ef\/"},"modified":"2026-03-30T16:31:57","modified_gmt":"2026-03-30T14:31:57","slug":"serie-5x-dzo-arles-prime-cine-ef","status":"publish","type":"product","link":"https:\/\/maximaloc.com\/en\/product\/serie-5x-dzo-arles-prime-cine-ef\/","title":{"rendered":"S\u00c9RIE 5x DZO ARLES PRIME CINE EF"},"content":{"rendered":"<p>La s\u00e9rie DZO Films ARLES Prime est une gamme d\u2019optiques cin\u00e9ma en monture interchangeable PL\/LPL ou EF. Le kit comprend 5 focales (25, 35, 50, 75, 100mm) couvrant un large \u00e9ventail de plans.<\/p>\n<p>Compatibles plein format (cercle d\u2019image de 50mm) et Vista Vision (46.5mm), elles s\u2019adaptent aux cam\u00e9ras moyen et grand format (jusqu\u2019\u00e0 54.12&#215;25.59mm selon la focale).<\/p>\n<p>Robustes (alliage aluminium), ces optiques conviennent aux tournages en int\u00e9rieur comme en ext\u00e9rieur. Elles int\u00e8grent une monture filtre M86 et une monture magn\u00e9tique KOOP pour filtres arri\u00e8re, facilitant la cr\u00e9ation de looks visuels vari\u00e9s.<\/p>\n<p>La mise au point est fluide et pr\u00e9cise gr\u00e2ce \u00e0 une rotation de 270\u00b0, avec marquages en pieds et m\u00e8tres.<\/p>\n<p>Avec une ouverture T1.4 et 16 lames de diaphragme, elles offrent une profondeur de champ cin\u00e9matographique proche de l\u2019IMAX, avec des bokehs doux et une grande qualit\u00e9 d\u2019image.<\/p>\n<p>Compactes et l\u00e9g\u00e8res, elles sont id\u00e9ales pour une utilisation mobile : rigs, gimbals, drones, steadicams.<\/p>\n<p>\u00a0<\/p>\n<p><strong>Points forts :<\/strong><\/p>\n<ul>\n<li>Monture PL\/LPL\/EF<\/li>\n<li>Couverture plein format \/ Vista Vision<\/li>\n<li>T1.4 \u2013 16 lames<\/li>\n<li>Compactes, l\u00e9g\u00e8res, filtre M86<\/li>\n<\/ul>","protected":false},"excerpt":{"rendered":"<p>S\u00e9rie cin\u00e9ma DZO Film ARLES Prime\u00a0<\/p>\n<p>Monture :\u00a0 EF<\/p>\n<p>Couverture : Full Frame<\/p>\n<p>Diam\u00e8tre de filtre\u00a0: 86 mm<\/p>\n<p>Cercle d&#8217;image : Vistavision<\/p>","protected":false},"featured_media":19074,"template":"","meta":[],"product_cat":[228],"product_tag":[],"class_list":{"0":"post-19062","1":"product","2":"type-product","3":"status-publish","4":"has-post-thumbnail","6":"product_cat-canon-ef","8":"first","9":"instock","10":"featured","11":"taxable","12":"shipping-taxable","13":"purchasable","14":"product-type-rentable"},"yoast_head":"<!-- This site is optimized with the Yoast SEO plugin v24.1 - https:\/\/yoast.com\/wordpress\/plugins\/seo\/ -->\n<title>S\u00c9RIE 5x DZO ARLES PRIME CINE EF - Maximaloc<\/title>\n<meta name=\"robots\" content=\"index, follow, max-snippet:-1, max-image-preview:large, max-video-preview:-1\" \/>\n<link rel=\"canonical\" href=\"https:\/\/maximaloc.com\/en\/product\/serie-5x-dzo-arles-prime-cine-ef\/\" \/>\n<meta property=\"og:locale\" content=\"en_US\" \/>\n<meta property=\"og:type\" content=\"article\" \/>\n<meta property=\"og:title\" content=\"S\u00c9RIE 5x DZO ARLES PRIME CINE EF - Maximaloc\" \/>\n<meta property=\"og:description\" content=\"S\u00e9rie cin\u00e9ma DZO Film ARLES Prime\u00a0 Monture :\u00a0 EF Couverture : Full Frame Diam\u00e8tre de filtre\u00a0: 86 mm Cercle d&#039;image : Vistavision\" \/>\n<meta property=\"og:url\" content=\"https:\/\/maximaloc.com\/en\/product\/serie-5x-dzo-arles-prime-cine-ef\/\" \/>\n<meta property=\"og:site_name\" content=\"Maximaloc\" \/>\n<meta property=\"article:publisher\" content=\"https:\/\/www.facebook.com\/Maximalocation\" \/>\n<meta property=\"article:modified_time\" content=\"2026-03-30T14:31:57+00:00\" \/>\n<meta property=\"og:image\" content=\"https:\/\/maximaloc.com\/wp-content\/uploads\/2025\/03\/SERIE-5x-DZO-ARLES-PRIME-CINE-PL-1.png\" \/>\n\t<meta property=\"og:image:width\" content=\"1000\" \/>\n\t<meta property=\"og:image:height\" content=\"1000\" \/>\n\t<meta property=\"og:image:type\" content=\"image\/png\" \/>\n<meta name=\"twitter:card\" content=\"summary_large_image\" \/>\n<meta name=\"twitter:label1\" content=\"Est. reading time\" \/>\n\t<meta name=\"twitter:data1\" content=\"1 minute\" \/>\n<script type=\"application\/ld+json\" class=\"yoast-schema-graph\">{\"@context\":\"https:\/\/schema.org\",\"@graph\":[{\"@type\":\"WebPage\",\"@id\":\"https:\/\/maximaloc.com\/produit\/serie-5x-dzo-arles-prime-cine-ef\/\",\"url\":\"https:\/\/maximaloc.com\/produit\/serie-5x-dzo-arles-prime-cine-ef\/\",\"name\":\"S\u00c9RIE 5x DZO ARLES PRIME CINE EF - Maximaloc\",\"isPartOf\":{\"@id\":\"https:\/\/maximaloc.com\/#website\"},\"primaryImageOfPage\":{\"@id\":\"https:\/\/maximaloc.com\/produit\/serie-5x-dzo-arles-prime-cine-ef\/#primaryimage\"},\"image\":{\"@id\":\"https:\/\/maximaloc.com\/produit\/serie-5x-dzo-arles-prime-cine-ef\/#primaryimage\"},\"thumbnailUrl\":\"https:\/\/maximaloc.com\/wp-content\/uploads\/2025\/03\/SERIE-5x-DZO-ARLES-PRIME-CINE-PL-1.png\",\"datePublished\":\"2025-03-31T15:50:04+00:00\",\"dateModified\":\"2026-03-30T14:31:57+00:00\",\"breadcrumb\":{\"@id\":\"https:\/\/maximaloc.com\/produit\/serie-5x-dzo-arles-prime-cine-ef\/#breadcrumb\"},\"inLanguage\":\"en-US\",\"potentialAction\":[{\"@type\":\"ReadAction\",\"target\":[\"https:\/\/maximaloc.com\/produit\/serie-5x-dzo-arles-prime-cine-ef\/\"]}]},{\"@type\":\"ImageObject\",\"inLanguage\":\"en-US\",\"@id\":\"https:\/\/maximaloc.com\/produit\/serie-5x-dzo-arles-prime-cine-ef\/#primaryimage\",\"url\":\"https:\/\/maximaloc.com\/wp-content\/uploads\/2025\/03\/SERIE-5x-DZO-ARLES-PRIME-CINE-PL-1.png\",\"contentUrl\":\"https:\/\/maximaloc.com\/wp-content\/uploads\/2025\/03\/SERIE-5x-DZO-ARLES-PRIME-CINE-PL-1.png\",\"width\":1000,\"height\":1000},{\"@type\":\"BreadcrumbList\",\"@id\":\"https:\/\/maximaloc.com\/produit\/serie-5x-dzo-arles-prime-cine-ef\/#breadcrumb\",\"itemListElement\":[{\"@type\":\"ListItem\",\"position\":1,\"name\":\"Accueil\",\"item\":\"https:\/\/maximaloc.com\/\"},{\"@type\":\"ListItem\",\"position\":2,\"name\":\"BOUTIQUE\",\"item\":\"https:\/\/maximaloc.com\/boutique\/\"},{\"@type\":\"ListItem\",\"position\":3,\"name\":\"S\u00c9RIE 5x DZO ARLES PRIME CINE EF\"}]},{\"@type\":\"WebSite\",\"@id\":\"https:\/\/maximaloc.com\/#website\",\"url\":\"https:\/\/maximaloc.com\/\",\"name\":\"Maximaloc\",\"description\":\"\",\"publisher\":{\"@id\":\"https:\/\/maximaloc.com\/#organization\"},\"potentialAction\":[{\"@type\":\"SearchAction\",\"target\":{\"@type\":\"EntryPoint\",\"urlTemplate\":\"https:\/\/maximaloc.com\/?s={search_term_string}\"},\"query-input\":{\"@type\":\"PropertyValueSpecification\",\"valueRequired\":true,\"valueName\":\"search_term_string\"}}],\"inLanguage\":\"en-US\"},{\"@type\":\"Organization\",\"@id\":\"https:\/\/maximaloc.com\/#organization\",\"name\":\"Maximaloc\",\"url\":\"https:\/\/maximaloc.com\/\",\"logo\":{\"@type\":\"ImageObject\",\"inLanguage\":\"en-US\",\"@id\":\"https:\/\/maximaloc.com\/#\/schema\/logo\/image\/\",\"url\":\"https:\/\/maximaloc.com\/wp-content\/uploads\/2024\/03\/logo_noir.png\",\"contentUrl\":\"https:\/\/maximaloc.com\/wp-content\/uploads\/2024\/03\/logo_noir.png\",\"width\":11750,\"height\":1231,\"caption\":\"Maximaloc\"},\"image\":{\"@id\":\"https:\/\/maximaloc.com\/#\/schema\/logo\/image\/\"},\"sameAs\":[\"https:\/\/www.facebook.com\/Maximalocation\"]}]}<\/script>\n<!-- \/ Yoast SEO plugin. -->","yoast_head_json":{"title":"S\u00c9RIE 5x DZO ARLES PRIME CINE EF - Maximaloc","robots":{"index":"index","follow":"follow","max-snippet":"max-snippet:-1","max-image-preview":"max-image-preview:large","max-video-preview":"max-video-preview:-1"},"canonical":"https:\/\/maximaloc.com\/en\/product\/serie-5x-dzo-arles-prime-cine-ef\/","og_locale":"en_US","og_type":"article","og_title":"S\u00c9RIE 5x DZO ARLES PRIME CINE EF - Maximaloc","og_description":"S\u00e9rie cin\u00e9ma DZO Film ARLES Prime\u00a0 Monture :\u00a0 EF Couverture : Full Frame Diam\u00e8tre de filtre\u00a0: 86 mm Cercle d'image : Vistavision","og_url":"https:\/\/maximaloc.com\/en\/product\/serie-5x-dzo-arles-prime-cine-ef\/","og_site_name":"Maximaloc","article_publisher":"https:\/\/www.facebook.com\/Maximalocation","article_modified_time":"2026-03-30T14:31:57+00:00","og_image":[{"width":1000,"height":1000,"url":"https:\/\/maximaloc.com\/wp-content\/uploads\/2025\/03\/SERIE-5x-DZO-ARLES-PRIME-CINE-PL-1.png","type":"image\/png"}],"twitter_card":"summary_large_image","twitter_misc":{"Est. reading time":"1 minute"},"schema":{"@context":"https:\/\/schema.org","@graph":[{"@type":"WebPage","@id":"https:\/\/maximaloc.com\/produit\/serie-5x-dzo-arles-prime-cine-ef\/","url":"https:\/\/maximaloc.com\/produit\/serie-5x-dzo-arles-prime-cine-ef\/","name":"S\u00c9RIE 5x DZO ARLES PRIME CINE EF - Maximaloc","isPartOf":{"@id":"https:\/\/maximaloc.com\/#website"},"primaryImageOfPage":{"@id":"https:\/\/maximaloc.com\/produit\/serie-5x-dzo-arles-prime-cine-ef\/#primaryimage"},"image":{"@id":"https:\/\/maximaloc.com\/produit\/serie-5x-dzo-arles-prime-cine-ef\/#primaryimage"},"thumbnailUrl":"https:\/\/maximaloc.com\/wp-content\/uploads\/2025\/03\/SERIE-5x-DZO-ARLES-PRIME-CINE-PL-1.png","datePublished":"2025-03-31T15:50:04+00:00","dateModified":"2026-03-30T14:31:57+00:00","breadcrumb":{"@id":"https:\/\/maximaloc.com\/produit\/serie-5x-dzo-arles-prime-cine-ef\/#breadcrumb"},"inLanguage":"en-US","potentialAction":[{"@type":"ReadAction","target":["https:\/\/maximaloc.com\/produit\/serie-5x-dzo-arles-prime-cine-ef\/"]}]},{"@type":"ImageObject","inLanguage":"en-US","@id":"https:\/\/maximaloc.com\/produit\/serie-5x-dzo-arles-prime-cine-ef\/#primaryimage","url":"https:\/\/maximaloc.com\/wp-content\/uploads\/2025\/03\/SERIE-5x-DZO-ARLES-PRIME-CINE-PL-1.png","contentUrl":"https:\/\/maximaloc.com\/wp-content\/uploads\/2025\/03\/SERIE-5x-DZO-ARLES-PRIME-CINE-PL-1.png","width":1000,"height":1000},{"@type":"BreadcrumbList","@id":"https:\/\/maximaloc.com\/produit\/serie-5x-dzo-arles-prime-cine-ef\/#breadcrumb","itemListElement":[{"@type":"ListItem","position":1,"name":"Accueil","item":"https:\/\/maximaloc.com\/"},{"@type":"ListItem","position":2,"name":"BOUTIQUE","item":"https:\/\/maximaloc.com\/boutique\/"},{"@type":"ListItem","position":3,"name":"S\u00c9RIE 5x DZO ARLES PRIME CINE EF"}]},{"@type":"WebSite","@id":"https:\/\/maximaloc.com\/#website","url":"https:\/\/maximaloc.com\/","name":"Maximaloc","description":"","publisher":{"@id":"https:\/\/maximaloc.com\/#organization"},"potentialAction":[{"@type":"SearchAction","target":{"@type":"EntryPoint","urlTemplate":"https:\/\/maximaloc.com\/?s={search_term_string}"},"query-input":{"@type":"PropertyValueSpecification","valueRequired":true,"valueName":"search_term_string"}}],"inLanguage":"en-US"},{"@type":"Organization","@id":"https:\/\/maximaloc.com\/#organization","name":"Maximaloc","url":"https:\/\/maximaloc.com\/","logo":{"@type":"ImageObject","inLanguage":"en-US","@id":"https:\/\/maximaloc.com\/#\/schema\/logo\/image\/","url":"https:\/\/maximaloc.com\/wp-content\/uploads\/2024\/03\/logo_noir.png","contentUrl":"https:\/\/maximaloc.com\/wp-content\/uploads\/2024\/03\/logo_noir.png","width":11750,"height":1231,"caption":"Maximaloc"},"image":{"@id":"https:\/\/maximaloc.com\/#\/schema\/logo\/image\/"},"sameAs":["https:\/\/www.facebook.com\/Maximalocation"]}]}},"_links":{"self":[{"href":"https:\/\/maximaloc.com\/en\/wp-json\/wp\/v2\/product\/19062","targetHints":{"allow":["GET"]}}],"collection":[{"href":"https:\/\/maximaloc.com\/en\/wp-json\/wp\/v2\/product"}],"about":[{"href":"https:\/\/maximaloc.com\/en\/wp-json\/wp\/v2\/types\/product"}],"wp:featuredmedia":[{"embeddable":true,"href":"https:\/\/maximaloc.com\/en\/wp-json\/wp\/v2\/media\/19074"}],"wp:attachment":[{"href":"https:\/\/maximaloc.com\/en\/wp-json\/wp\/v2\/media?parent=19062"}],"wp:term":[{"taxonomy":"product_cat","embeddable":true,"href":"https:\/\/maximaloc.com\/en\/wp-json\/wp\/v2\/product_cat?post=19062"},{"taxonomy":"product_tag","embeddable":true,"href":"https:\/\/maximaloc.com\/en\/wp-json\/wp\/v2\/product_tag?post=19062"}],"curies":[{"name":"wp","href":"https:\/\/api.w.org\/{rel}","templated":true}]}}