 {"id":19094,"date":"2025-04-09T23:14:01","date_gmt":"2025-04-09T21:14:01","guid":{"rendered":"https:\/\/maximaloc.com\/produit\/kit-complet-cadre-pliable-avenger-12x12-3-66m\/"},"modified":"2026-04-13T20:44:47","modified_gmt":"2026-04-13T18:44:47","slug":"kit-complet-cadre-pliable-avenger-12x12-3-66m","status":"publish","type":"product","link":"https:\/\/maximaloc.com\/en\/product\/kit-complet-cadre-pliable-avenger-12x12-3-66m\/","title":{"rendered":"KIT COMPLET CADRE PLIABLE AVENGER 12&#215;12 (3.66m)"},"content":{"rendered":"<p>Id\u00e9al pour les tournages et shootings n\u00e9cessitant un contr\u00f4le pr\u00e9cis de la lumi\u00e8re, ce kit complet Avenger 12&#215;12 (3,6 m) combine robustesse, praticit\u00e9 et polyvalence. Son cadre pliable assure un montage rapide et un transport facilit\u00e9, tout en offrant une grande stabilit\u00e9 gr\u00e2ce aux rotules jumbo, aux fixations adapt\u00e9es et aux pieds robustes lest\u00e9s de contrepoids.<\/p>\n<p>Le kit inclut plusieurs toiles professionnelles au format 12&#215;12 (3,5 m) : Unbleached Muslin, pour un rendu doux et naturel des peaux ; Silent Grid Cloth Full et Silent Grid Cloth Half, pour une diffusion homog\u00e8ne en r\u00e9duisant le bruit au vent ; ainsi que la toile Cinebounce, id\u00e9ale pour obtenir un rebond lumineux puissant et uniforme.<\/p>\n<p>Avec ce pack, vous disposez d\u2019une solution compl\u00e8te et flexible pour modeler, adoucir ou r\u00e9fl\u00e9chir la lumi\u00e8re en fonction des besoins de votre production, le tout avec la fiabilit\u00e9 reconnue du mat\u00e9riel Avenger.<\/p>","protected":false},"excerpt":{"rendered":"<p>Cadre R\u00e9flecteur \/ Diffuseur pliable Avenger\u00a0<br \/>Mod\u00e8le: Avenger\u00a0H2512\u00a0<br \/>Toiles: 3x toiles de diffusion + 1 Toile bounce\u00a0<br \/>Dimensions D\u00e9pli\u00e9: 12 x 12 &#8221; ( 3,6 x 3,6m)\u00a0<br \/>Dimensions de transport: 200 x 36 x 25 cm\u00a0<\/p>\n<p>\u00a0<\/p>\n<p>\u00a0<\/p>","protected":false},"featured_media":19134,"template":"","meta":[],"product_cat":[263],"product_tag":[],"class_list":{"0":"post-19094","1":"product","2":"type-product","3":"status-publish","4":"has-post-thumbnail","6":"product_cat-reflo-diff-drapeau","8":"first","9":"instock","10":"featured","11":"taxable","12":"shipping-taxable","13":"purchasable","14":"product-type-rentable"},"yoast_head":"<!-- This site is optimized with the Yoast SEO plugin v27.4 - https:\/\/yoast.com\/product\/yoast-seo-wordpress\/ -->\n<title>KIT COMPLET CADRE PLIABLE AVENGER 12x12 (3.66m) - Maximaloc<\/title>\n<meta name=\"robots\" content=\"index, follow, max-snippet:-1, max-image-preview:large, max-video-preview:-1\" \/>\n<link rel=\"canonical\" href=\"https:\/\/maximaloc.com\/en\/product\/kit-complet-cadre-pliable-avenger-12x12-3-66m\/\" \/>\n<meta property=\"og:locale\" content=\"en_US\" \/>\n<meta property=\"og:type\" content=\"article\" \/>\n<meta property=\"og:title\" content=\"KIT COMPLET CADRE PLIABLE AVENGER 12x12 (3.66m) - Maximaloc\" \/>\n<meta property=\"og:description\" content=\"Cadre R\u00e9flecteur \/ Diffuseur pliable Avenger\u00a0Mod\u00e8le: Avenger\u00a0H2512\u00a0Toiles: 3x toiles de diffusion + 1 Toile bounce\u00a0Dimensions D\u00e9pli\u00e9: 12 x 12 &quot; ( 3,6 x 3,6m)\u00a0Dimensions de transport: 200 x 36 x 25 cm\u00a0 \u00a0 \u00a0\" \/>\n<meta property=\"og:url\" content=\"https:\/\/maximaloc.com\/en\/product\/kit-complet-cadre-pliable-avenger-12x12-3-66m\/\" \/>\n<meta property=\"og:site_name\" content=\"Maximaloc\" \/>\n<meta property=\"article:publisher\" content=\"https:\/\/www.facebook.com\/Maximalocation\" \/>\n<meta property=\"article:modified_time\" content=\"2026-04-13T18:44:47+00:00\" \/>\n<meta property=\"og:image\" content=\"https:\/\/maximaloc.com\/wp-content\/uploads\/2025\/04\/AVENGER-CADRE-PLIABLE-AVEC-FIXATIONS-1.png\" \/>\n\t<meta property=\"og:image:width\" content=\"1000\" \/>\n\t<meta property=\"og:image:height\" content=\"1000\" \/>\n\t<meta property=\"og:image:type\" content=\"image\/png\" \/>\n<meta name=\"twitter:card\" content=\"summary_large_image\" \/>\n<meta name=\"twitter:label1\" content=\"Est. reading time\" \/>\n\t<meta name=\"twitter:data1\" content=\"1 minute\" \/>\n<script type=\"application\/ld+json\" class=\"yoast-schema-graph\">{\"@context\":\"https:\\\/\\\/schema.org\",\"@graph\":[{\"@type\":\"WebPage\",\"@id\":\"https:\\\/\\\/maximaloc.com\\\/produit\\\/kit-complet-cadre-pliable-avenger-12x12-3-66m\\\/\",\"url\":\"https:\\\/\\\/maximaloc.com\\\/produit\\\/kit-complet-cadre-pliable-avenger-12x12-3-66m\\\/\",\"name\":\"KIT COMPLET CADRE PLIABLE AVENGER 12x12 (3.66m) - Maximaloc\",\"isPartOf\":{\"@id\":\"https:\\\/\\\/maximaloc.com\\\/#website\"},\"primaryImageOfPage\":{\"@id\":\"https:\\\/\\\/maximaloc.com\\\/produit\\\/kit-complet-cadre-pliable-avenger-12x12-3-66m\\\/#primaryimage\"},\"image\":{\"@id\":\"https:\\\/\\\/maximaloc.com\\\/produit\\\/kit-complet-cadre-pliable-avenger-12x12-3-66m\\\/#primaryimage\"},\"thumbnailUrl\":\"https:\\\/\\\/maximaloc.com\\\/wp-content\\\/uploads\\\/2025\\\/04\\\/AVENGER-CADRE-PLIABLE-AVEC-FIXATIONS-1.png\",\"datePublished\":\"2025-04-09T21:14:01+00:00\",\"dateModified\":\"2026-04-13T18:44:47+00:00\",\"breadcrumb\":{\"@id\":\"https:\\\/\\\/maximaloc.com\\\/produit\\\/kit-complet-cadre-pliable-avenger-12x12-3-66m\\\/#breadcrumb\"},\"inLanguage\":\"en-US\",\"potentialAction\":[{\"@type\":\"ReadAction\",\"target\":[\"https:\\\/\\\/maximaloc.com\\\/produit\\\/kit-complet-cadre-pliable-avenger-12x12-3-66m\\\/\"]}]},{\"@type\":\"ImageObject\",\"inLanguage\":\"en-US\",\"@id\":\"https:\\\/\\\/maximaloc.com\\\/produit\\\/kit-complet-cadre-pliable-avenger-12x12-3-66m\\\/#primaryimage\",\"url\":\"https:\\\/\\\/maximaloc.com\\\/wp-content\\\/uploads\\\/2025\\\/04\\\/AVENGER-CADRE-PLIABLE-AVEC-FIXATIONS-1.png\",\"contentUrl\":\"https:\\\/\\\/maximaloc.com\\\/wp-content\\\/uploads\\\/2025\\\/04\\\/AVENGER-CADRE-PLIABLE-AVEC-FIXATIONS-1.png\",\"width\":1000,\"height\":1000},{\"@type\":\"BreadcrumbList\",\"@id\":\"https:\\\/\\\/maximaloc.com\\\/produit\\\/kit-complet-cadre-pliable-avenger-12x12-3-66m\\\/#breadcrumb\",\"itemListElement\":[{\"@type\":\"ListItem\",\"position\":1,\"name\":\"Accueil\",\"item\":\"https:\\\/\\\/maximaloc.com\\\/\"},{\"@type\":\"ListItem\",\"position\":2,\"name\":\"BOUTIQUE\",\"item\":\"https:\\\/\\\/maximaloc.com\\\/boutique\\\/\"},{\"@type\":\"ListItem\",\"position\":3,\"name\":\"KIT COMPLET CADRE PLIABLE AVENGER 12&#215;12 (3.66m)\"}]},{\"@type\":\"WebSite\",\"@id\":\"https:\\\/\\\/maximaloc.com\\\/#website\",\"url\":\"https:\\\/\\\/maximaloc.com\\\/\",\"name\":\"Maximaloc\",\"description\":\"\",\"publisher\":{\"@id\":\"https:\\\/\\\/maximaloc.com\\\/#organization\"},\"potentialAction\":[{\"@type\":\"SearchAction\",\"target\":{\"@type\":\"EntryPoint\",\"urlTemplate\":\"https:\\\/\\\/maximaloc.com\\\/?s={search_term_string}\"},\"query-input\":{\"@type\":\"PropertyValueSpecification\",\"valueRequired\":true,\"valueName\":\"search_term_string\"}}],\"inLanguage\":\"en-US\"},{\"@type\":\"Organization\",\"@id\":\"https:\\\/\\\/maximaloc.com\\\/#organization\",\"name\":\"Maximaloc\",\"url\":\"https:\\\/\\\/maximaloc.com\\\/\",\"logo\":{\"@type\":\"ImageObject\",\"inLanguage\":\"en-US\",\"@id\":\"https:\\\/\\\/maximaloc.com\\\/#\\\/schema\\\/logo\\\/image\\\/\",\"url\":\"https:\\\/\\\/maximaloc.com\\\/wp-content\\\/uploads\\\/2024\\\/03\\\/logo_noir-scaled.png\",\"contentUrl\":\"https:\\\/\\\/maximaloc.com\\\/wp-content\\\/uploads\\\/2024\\\/03\\\/logo_noir-scaled.png\",\"width\":2560,\"height\":268,\"caption\":\"Maximaloc\"},\"image\":{\"@id\":\"https:\\\/\\\/maximaloc.com\\\/#\\\/schema\\\/logo\\\/image\\\/\"},\"sameAs\":[\"https:\\\/\\\/www.facebook.com\\\/Maximalocation\"]}]}<\/script>\n<!-- \/ Yoast SEO plugin. -->","yoast_head_json":{"title":"KIT COMPLET CADRE PLIABLE AVENGER 12x12 (3.66m) - Maximaloc","robots":{"index":"index","follow":"follow","max-snippet":"max-snippet:-1","max-image-preview":"max-image-preview:large","max-video-preview":"max-video-preview:-1"},"canonical":"https:\/\/maximaloc.com\/en\/product\/kit-complet-cadre-pliable-avenger-12x12-3-66m\/","og_locale":"en_US","og_type":"article","og_title":"KIT COMPLET CADRE PLIABLE AVENGER 12x12 (3.66m) - Maximaloc","og_description":"Cadre R\u00e9flecteur \/ Diffuseur pliable Avenger\u00a0Mod\u00e8le: Avenger\u00a0H2512\u00a0Toiles: 3x toiles de diffusion + 1 Toile bounce\u00a0Dimensions D\u00e9pli\u00e9: 12 x 12 \" ( 3,6 x 3,6m)\u00a0Dimensions de transport: 200 x 36 x 25 cm\u00a0 \u00a0 \u00a0","og_url":"https:\/\/maximaloc.com\/en\/product\/kit-complet-cadre-pliable-avenger-12x12-3-66m\/","og_site_name":"Maximaloc","article_publisher":"https:\/\/www.facebook.com\/Maximalocation","article_modified_time":"2026-04-13T18:44:47+00:00","og_image":[{"width":1000,"height":1000,"url":"https:\/\/maximaloc.com\/wp-content\/uploads\/2025\/04\/AVENGER-CADRE-PLIABLE-AVEC-FIXATIONS-1.png","type":"image\/png"}],"twitter_card":"summary_large_image","twitter_misc":{"Est. reading time":"1 minute"},"schema":{"@context":"https:\/\/schema.org","@graph":[{"@type":"WebPage","@id":"https:\/\/maximaloc.com\/produit\/kit-complet-cadre-pliable-avenger-12x12-3-66m\/","url":"https:\/\/maximaloc.com\/produit\/kit-complet-cadre-pliable-avenger-12x12-3-66m\/","name":"KIT COMPLET CADRE PLIABLE AVENGER 12x12 (3.66m) - Maximaloc","isPartOf":{"@id":"https:\/\/maximaloc.com\/#website"},"primaryImageOfPage":{"@id":"https:\/\/maximaloc.com\/produit\/kit-complet-cadre-pliable-avenger-12x12-3-66m\/#primaryimage"},"image":{"@id":"https:\/\/maximaloc.com\/produit\/kit-complet-cadre-pliable-avenger-12x12-3-66m\/#primaryimage"},"thumbnailUrl":"https:\/\/maximaloc.com\/wp-content\/uploads\/2025\/04\/AVENGER-CADRE-PLIABLE-AVEC-FIXATIONS-1.png","datePublished":"2025-04-09T21:14:01+00:00","dateModified":"2026-04-13T18:44:47+00:00","breadcrumb":{"@id":"https:\/\/maximaloc.com\/produit\/kit-complet-cadre-pliable-avenger-12x12-3-66m\/#breadcrumb"},"inLanguage":"en-US","potentialAction":[{"@type":"ReadAction","target":["https:\/\/maximaloc.com\/produit\/kit-complet-cadre-pliable-avenger-12x12-3-66m\/"]}]},{"@type":"ImageObject","inLanguage":"en-US","@id":"https:\/\/maximaloc.com\/produit\/kit-complet-cadre-pliable-avenger-12x12-3-66m\/#primaryimage","url":"https:\/\/maximaloc.com\/wp-content\/uploads\/2025\/04\/AVENGER-CADRE-PLIABLE-AVEC-FIXATIONS-1.png","contentUrl":"https:\/\/maximaloc.com\/wp-content\/uploads\/2025\/04\/AVENGER-CADRE-PLIABLE-AVEC-FIXATIONS-1.png","width":1000,"height":1000},{"@type":"BreadcrumbList","@id":"https:\/\/maximaloc.com\/produit\/kit-complet-cadre-pliable-avenger-12x12-3-66m\/#breadcrumb","itemListElement":[{"@type":"ListItem","position":1,"name":"Accueil","item":"https:\/\/maximaloc.com\/"},{"@type":"ListItem","position":2,"name":"BOUTIQUE","item":"https:\/\/maximaloc.com\/boutique\/"},{"@type":"ListItem","position":3,"name":"KIT COMPLET CADRE PLIABLE AVENGER 12&#215;12 (3.66m)"}]},{"@type":"WebSite","@id":"https:\/\/maximaloc.com\/#website","url":"https:\/\/maximaloc.com\/","name":"Maximaloc","description":"","publisher":{"@id":"https:\/\/maximaloc.com\/#organization"},"potentialAction":[{"@type":"SearchAction","target":{"@type":"EntryPoint","urlTemplate":"https:\/\/maximaloc.com\/?s={search_term_string}"},"query-input":{"@type":"PropertyValueSpecification","valueRequired":true,"valueName":"search_term_string"}}],"inLanguage":"en-US"},{"@type":"Organization","@id":"https:\/\/maximaloc.com\/#organization","name":"Maximaloc","url":"https:\/\/maximaloc.com\/","logo":{"@type":"ImageObject","inLanguage":"en-US","@id":"https:\/\/maximaloc.com\/#\/schema\/logo\/image\/","url":"https:\/\/maximaloc.com\/wp-content\/uploads\/2024\/03\/logo_noir-scaled.png","contentUrl":"https:\/\/maximaloc.com\/wp-content\/uploads\/2024\/03\/logo_noir-scaled.png","width":2560,"height":268,"caption":"Maximaloc"},"image":{"@id":"https:\/\/maximaloc.com\/#\/schema\/logo\/image\/"},"sameAs":["https:\/\/www.facebook.com\/Maximalocation"]}]}},"_links":{"self":[{"href":"https:\/\/maximaloc.com\/en\/wp-json\/wp\/v2\/product\/19094","targetHints":{"allow":["GET"]}}],"collection":[{"href":"https:\/\/maximaloc.com\/en\/wp-json\/wp\/v2\/product"}],"about":[{"href":"https:\/\/maximaloc.com\/en\/wp-json\/wp\/v2\/types\/product"}],"wp:featuredmedia":[{"embeddable":true,"href":"https:\/\/maximaloc.com\/en\/wp-json\/wp\/v2\/media\/19134"}],"wp:attachment":[{"href":"https:\/\/maximaloc.com\/en\/wp-json\/wp\/v2\/media?parent=19094"}],"wp:term":[{"taxonomy":"product_cat","embeddable":true,"href":"https:\/\/maximaloc.com\/en\/wp-json\/wp\/v2\/product_cat?post=19094"},{"taxonomy":"product_tag","embeddable":true,"href":"https:\/\/maximaloc.com\/en\/wp-json\/wp\/v2\/product_tag?post=19094"}],"curies":[{"name":"wp","href":"https:\/\/api.w.org\/{rel}","templated":true}]}}