 {"id":19156,"date":"2025-04-10T17:26:31","date_gmt":"2025-04-10T15:26:31","guid":{"rendered":"https:\/\/maximaloc.com\/produit\/toile-unbleached-muslin-12x12-3-5m\/"},"modified":"2026-04-13T20:44:52","modified_gmt":"2026-04-13T18:44:52","slug":"toile-unbleached-muslin-12x12-3-6m","status":"publish","type":"product","link":"https:\/\/maximaloc.com\/en\/product\/toile-unbleached-muslin-12x12-3-6m\/","title":{"rendered":"TOILE UNBLEACHED MUSLIN 12&#215;12 (3.6m)"},"content":{"rendered":"<p>La Toile Unbleached Muslin 12\u00d712 est un tissu l\u00e9ger, naturel et polyvalent, con\u00e7u pour moduler la lumi\u00e8re de mani\u00e8re douce tout en conservant un aspect neutre et non r\u00e9fl\u00e9chissant.<br \/>Adapt\u00e9e aux cadres Avengers \/ cadres pliables 12\u00d712, cette toile en coton non blanchi offre une diffusion subtile, id\u00e9ale pour adoucir les sources lumineuses tout en pr\u00e9servant la couleur et le contraste d\u2019origine.<br \/>Elle pr\u00e9sente une r\u00e9flexion d\u2019environ 20\u202f% et une correction de couleur de -300\u202fK, permettant un contr\u00f4le pr\u00e9cis du rendu lumineux.<br \/>Dimensions : 12&#8242; x 12&#8242; (3,6 \u00d7 3,6 m).<\/p>","protected":false},"excerpt":{"rendered":"<ul>\n<li>Toile de diffusion<\/li>\n<li>Correction de temp\u00e9rature de couleur de -300\u00b0Kelvin<\/li>\n<li>Dimensions : 12&#8242; x 12&#8242; (3,6 \u00d7 3,6 m).<\/li>\n<\/ul>","protected":false},"featured_media":19164,"template":"","meta":[],"product_cat":[263],"product_tag":[],"class_list":{"0":"post-19156","1":"product","2":"type-product","3":"status-publish","4":"has-post-thumbnail","6":"product_cat-reflo-diff-drapeau","8":"first","9":"instock","10":"taxable","11":"shipping-taxable","12":"purchasable","13":"product-type-rentable"},"yoast_head":"<!-- This site is optimized with the Yoast SEO plugin v27.4 - https:\/\/yoast.com\/product\/yoast-seo-wordpress\/ -->\n<title>TOILE UNBLEACHED MUSLIN 12x12 (3.6m) - Maximaloc<\/title>\n<meta name=\"robots\" content=\"index, follow, max-snippet:-1, max-image-preview:large, max-video-preview:-1\" \/>\n<link rel=\"canonical\" href=\"https:\/\/maximaloc.com\/en\/product\/toile-unbleached-muslin-12x12-3-6m\/\" \/>\n<meta property=\"og:locale\" content=\"en_US\" \/>\n<meta property=\"og:type\" content=\"article\" \/>\n<meta property=\"og:title\" content=\"TOILE UNBLEACHED MUSLIN 12x12 (3.6m) - Maximaloc\" \/>\n<meta property=\"og:description\" content=\"Toile de diffusion Correction de temp\u00e9rature de couleur de -300\u00b0Kelvin Dimensions : 12&#039; x 12&#039; (3,6 \u00d7 3,6 m).\" \/>\n<meta property=\"og:url\" content=\"https:\/\/maximaloc.com\/en\/product\/toile-unbleached-muslin-12x12-3-6m\/\" \/>\n<meta property=\"og:site_name\" content=\"Maximaloc\" \/>\n<meta property=\"article:publisher\" content=\"https:\/\/www.facebook.com\/Maximalocation\" \/>\n<meta property=\"article:modified_time\" content=\"2026-04-13T18:44:52+00:00\" \/>\n<meta property=\"og:image\" content=\"https:\/\/maximaloc.com\/wp-content\/uploads\/2025\/04\/unmbleached-cadre.jpg\" \/>\n\t<meta property=\"og:image:width\" content=\"1000\" \/>\n\t<meta property=\"og:image:height\" content=\"1000\" \/>\n\t<meta property=\"og:image:type\" content=\"image\/jpeg\" \/>\n<meta name=\"twitter:card\" content=\"summary_large_image\" \/>\n<script type=\"application\/ld+json\" class=\"yoast-schema-graph\">{\"@context\":\"https:\\\/\\\/schema.org\",\"@graph\":[{\"@type\":\"WebPage\",\"@id\":\"https:\\\/\\\/maximaloc.com\\\/produit\\\/toile-unbleached-muslin-12x12-3-6m\\\/\",\"url\":\"https:\\\/\\\/maximaloc.com\\\/produit\\\/toile-unbleached-muslin-12x12-3-6m\\\/\",\"name\":\"TOILE UNBLEACHED MUSLIN 12x12 (3.6m) - Maximaloc\",\"isPartOf\":{\"@id\":\"https:\\\/\\\/maximaloc.com\\\/#website\"},\"primaryImageOfPage\":{\"@id\":\"https:\\\/\\\/maximaloc.com\\\/produit\\\/toile-unbleached-muslin-12x12-3-6m\\\/#primaryimage\"},\"image\":{\"@id\":\"https:\\\/\\\/maximaloc.com\\\/produit\\\/toile-unbleached-muslin-12x12-3-6m\\\/#primaryimage\"},\"thumbnailUrl\":\"https:\\\/\\\/maximaloc.com\\\/wp-content\\\/uploads\\\/2025\\\/04\\\/unmbleached-cadre.jpg\",\"datePublished\":\"2025-04-10T15:26:31+00:00\",\"dateModified\":\"2026-04-13T18:44:52+00:00\",\"breadcrumb\":{\"@id\":\"https:\\\/\\\/maximaloc.com\\\/produit\\\/toile-unbleached-muslin-12x12-3-6m\\\/#breadcrumb\"},\"inLanguage\":\"en-US\",\"potentialAction\":[{\"@type\":\"ReadAction\",\"target\":[\"https:\\\/\\\/maximaloc.com\\\/produit\\\/toile-unbleached-muslin-12x12-3-6m\\\/\"]}]},{\"@type\":\"ImageObject\",\"inLanguage\":\"en-US\",\"@id\":\"https:\\\/\\\/maximaloc.com\\\/produit\\\/toile-unbleached-muslin-12x12-3-6m\\\/#primaryimage\",\"url\":\"https:\\\/\\\/maximaloc.com\\\/wp-content\\\/uploads\\\/2025\\\/04\\\/unmbleached-cadre.jpg\",\"contentUrl\":\"https:\\\/\\\/maximaloc.com\\\/wp-content\\\/uploads\\\/2025\\\/04\\\/unmbleached-cadre.jpg\",\"width\":1000,\"height\":1000},{\"@type\":\"BreadcrumbList\",\"@id\":\"https:\\\/\\\/maximaloc.com\\\/produit\\\/toile-unbleached-muslin-12x12-3-6m\\\/#breadcrumb\",\"itemListElement\":[{\"@type\":\"ListItem\",\"position\":1,\"name\":\"Accueil\",\"item\":\"https:\\\/\\\/maximaloc.com\\\/\"},{\"@type\":\"ListItem\",\"position\":2,\"name\":\"BOUTIQUE\",\"item\":\"https:\\\/\\\/maximaloc.com\\\/boutique\\\/\"},{\"@type\":\"ListItem\",\"position\":3,\"name\":\"TOILE UNBLEACHED MUSLIN 12&#215;12 (3.6m)\"}]},{\"@type\":\"WebSite\",\"@id\":\"https:\\\/\\\/maximaloc.com\\\/#website\",\"url\":\"https:\\\/\\\/maximaloc.com\\\/\",\"name\":\"Maximaloc\",\"description\":\"\",\"publisher\":{\"@id\":\"https:\\\/\\\/maximaloc.com\\\/#organization\"},\"potentialAction\":[{\"@type\":\"SearchAction\",\"target\":{\"@type\":\"EntryPoint\",\"urlTemplate\":\"https:\\\/\\\/maximaloc.com\\\/?s={search_term_string}\"},\"query-input\":{\"@type\":\"PropertyValueSpecification\",\"valueRequired\":true,\"valueName\":\"search_term_string\"}}],\"inLanguage\":\"en-US\"},{\"@type\":\"Organization\",\"@id\":\"https:\\\/\\\/maximaloc.com\\\/#organization\",\"name\":\"Maximaloc\",\"url\":\"https:\\\/\\\/maximaloc.com\\\/\",\"logo\":{\"@type\":\"ImageObject\",\"inLanguage\":\"en-US\",\"@id\":\"https:\\\/\\\/maximaloc.com\\\/#\\\/schema\\\/logo\\\/image\\\/\",\"url\":\"https:\\\/\\\/maximaloc.com\\\/wp-content\\\/uploads\\\/2024\\\/03\\\/logo_noir-scaled.png\",\"contentUrl\":\"https:\\\/\\\/maximaloc.com\\\/wp-content\\\/uploads\\\/2024\\\/03\\\/logo_noir-scaled.png\",\"width\":2560,\"height\":268,\"caption\":\"Maximaloc\"},\"image\":{\"@id\":\"https:\\\/\\\/maximaloc.com\\\/#\\\/schema\\\/logo\\\/image\\\/\"},\"sameAs\":[\"https:\\\/\\\/www.facebook.com\\\/Maximalocation\"]}]}<\/script>\n<!-- \/ Yoast SEO plugin. -->","yoast_head_json":{"title":"TOILE UNBLEACHED MUSLIN 12x12 (3.6m) - Maximaloc","robots":{"index":"index","follow":"follow","max-snippet":"max-snippet:-1","max-image-preview":"max-image-preview:large","max-video-preview":"max-video-preview:-1"},"canonical":"https:\/\/maximaloc.com\/en\/product\/toile-unbleached-muslin-12x12-3-6m\/","og_locale":"en_US","og_type":"article","og_title":"TOILE UNBLEACHED MUSLIN 12x12 (3.6m) - Maximaloc","og_description":"Toile de diffusion Correction de temp\u00e9rature de couleur de -300\u00b0Kelvin Dimensions : 12' x 12' (3,6 \u00d7 3,6 m).","og_url":"https:\/\/maximaloc.com\/en\/product\/toile-unbleached-muslin-12x12-3-6m\/","og_site_name":"Maximaloc","article_publisher":"https:\/\/www.facebook.com\/Maximalocation","article_modified_time":"2026-04-13T18:44:52+00:00","og_image":[{"width":1000,"height":1000,"url":"https:\/\/maximaloc.com\/wp-content\/uploads\/2025\/04\/unmbleached-cadre.jpg","type":"image\/jpeg"}],"twitter_card":"summary_large_image","schema":{"@context":"https:\/\/schema.org","@graph":[{"@type":"WebPage","@id":"https:\/\/maximaloc.com\/produit\/toile-unbleached-muslin-12x12-3-6m\/","url":"https:\/\/maximaloc.com\/produit\/toile-unbleached-muslin-12x12-3-6m\/","name":"TOILE UNBLEACHED MUSLIN 12x12 (3.6m) - Maximaloc","isPartOf":{"@id":"https:\/\/maximaloc.com\/#website"},"primaryImageOfPage":{"@id":"https:\/\/maximaloc.com\/produit\/toile-unbleached-muslin-12x12-3-6m\/#primaryimage"},"image":{"@id":"https:\/\/maximaloc.com\/produit\/toile-unbleached-muslin-12x12-3-6m\/#primaryimage"},"thumbnailUrl":"https:\/\/maximaloc.com\/wp-content\/uploads\/2025\/04\/unmbleached-cadre.jpg","datePublished":"2025-04-10T15:26:31+00:00","dateModified":"2026-04-13T18:44:52+00:00","breadcrumb":{"@id":"https:\/\/maximaloc.com\/produit\/toile-unbleached-muslin-12x12-3-6m\/#breadcrumb"},"inLanguage":"en-US","potentialAction":[{"@type":"ReadAction","target":["https:\/\/maximaloc.com\/produit\/toile-unbleached-muslin-12x12-3-6m\/"]}]},{"@type":"ImageObject","inLanguage":"en-US","@id":"https:\/\/maximaloc.com\/produit\/toile-unbleached-muslin-12x12-3-6m\/#primaryimage","url":"https:\/\/maximaloc.com\/wp-content\/uploads\/2025\/04\/unmbleached-cadre.jpg","contentUrl":"https:\/\/maximaloc.com\/wp-content\/uploads\/2025\/04\/unmbleached-cadre.jpg","width":1000,"height":1000},{"@type":"BreadcrumbList","@id":"https:\/\/maximaloc.com\/produit\/toile-unbleached-muslin-12x12-3-6m\/#breadcrumb","itemListElement":[{"@type":"ListItem","position":1,"name":"Accueil","item":"https:\/\/maximaloc.com\/"},{"@type":"ListItem","position":2,"name":"BOUTIQUE","item":"https:\/\/maximaloc.com\/boutique\/"},{"@type":"ListItem","position":3,"name":"TOILE UNBLEACHED MUSLIN 12&#215;12 (3.6m)"}]},{"@type":"WebSite","@id":"https:\/\/maximaloc.com\/#website","url":"https:\/\/maximaloc.com\/","name":"Maximaloc","description":"","publisher":{"@id":"https:\/\/maximaloc.com\/#organization"},"potentialAction":[{"@type":"SearchAction","target":{"@type":"EntryPoint","urlTemplate":"https:\/\/maximaloc.com\/?s={search_term_string}"},"query-input":{"@type":"PropertyValueSpecification","valueRequired":true,"valueName":"search_term_string"}}],"inLanguage":"en-US"},{"@type":"Organization","@id":"https:\/\/maximaloc.com\/#organization","name":"Maximaloc","url":"https:\/\/maximaloc.com\/","logo":{"@type":"ImageObject","inLanguage":"en-US","@id":"https:\/\/maximaloc.com\/#\/schema\/logo\/image\/","url":"https:\/\/maximaloc.com\/wp-content\/uploads\/2024\/03\/logo_noir-scaled.png","contentUrl":"https:\/\/maximaloc.com\/wp-content\/uploads\/2024\/03\/logo_noir-scaled.png","width":2560,"height":268,"caption":"Maximaloc"},"image":{"@id":"https:\/\/maximaloc.com\/#\/schema\/logo\/image\/"},"sameAs":["https:\/\/www.facebook.com\/Maximalocation"]}]}},"_links":{"self":[{"href":"https:\/\/maximaloc.com\/en\/wp-json\/wp\/v2\/product\/19156","targetHints":{"allow":["GET"]}}],"collection":[{"href":"https:\/\/maximaloc.com\/en\/wp-json\/wp\/v2\/product"}],"about":[{"href":"https:\/\/maximaloc.com\/en\/wp-json\/wp\/v2\/types\/product"}],"wp:featuredmedia":[{"embeddable":true,"href":"https:\/\/maximaloc.com\/en\/wp-json\/wp\/v2\/media\/19164"}],"wp:attachment":[{"href":"https:\/\/maximaloc.com\/en\/wp-json\/wp\/v2\/media?parent=19156"}],"wp:term":[{"taxonomy":"product_cat","embeddable":true,"href":"https:\/\/maximaloc.com\/en\/wp-json\/wp\/v2\/product_cat?post=19156"},{"taxonomy":"product_tag","embeddable":true,"href":"https:\/\/maximaloc.com\/en\/wp-json\/wp\/v2\/product_tag?post=19156"}],"curies":[{"name":"wp","href":"https:\/\/api.w.org\/{rel}","templated":true}]}}