 {"id":19159,"date":"2025-04-10T17:26:32","date_gmt":"2025-04-10T15:26:32","guid":{"rendered":"https:\/\/maximaloc.com\/produit\/toile-cinebounce-12x12-3-5m\/"},"modified":"2026-04-13T20:44:51","modified_gmt":"2026-04-13T18:44:51","slug":"toile-cinebounce-12x12-3-6m","status":"publish","type":"product","link":"https:\/\/maximaloc.com\/en\/product\/toile-cinebounce-12x12-3-6m\/","title":{"rendered":"TOILE CINEBOUNCE 12&#215;12 (3.6m)"},"content":{"rendered":"<p>Le cin\u00e9Bounce est un tissu durable, l\u00e9ger et imperm\u00e9able.<br \/>Adapt\u00e9 pour cadres Avengers\u00a0 cadre pliable 12&#215;12, r\u00e9versible blanc\/noir, offre une surface blanche procurant une r\u00e9flexion douce de la lumi\u00e8re, tandis que le c\u00f4t\u00e9 noir peut \u00eatre utilis\u00e9 comme mat\u00e9riau opaque pour bloquer la lumi\u00e8re.<br \/>Dimensions : 12&#8242; x 12&#8242; (3,55 x 3,55 m).<\/p>","protected":false},"excerpt":{"rendered":"<ul>\n<li>Toile de r\u00e9flection<\/li>\n<li>Dimensions : 12&#8242; x 12&#8242; (3,55 x 3,55 m)<\/li>\n<li>R\u00e9versible Noir et Blanc<\/li>\n<\/ul>","protected":false},"featured_media":19171,"template":"","meta":[],"product_cat":[263],"product_tag":[],"class_list":{"0":"post-19159","1":"product","2":"type-product","3":"status-publish","4":"has-post-thumbnail","6":"product_cat-reflo-diff-drapeau","8":"first","9":"instock","10":"taxable","11":"shipping-taxable","12":"purchasable","13":"product-type-rentable"},"yoast_head":"<!-- This site is optimized with the Yoast SEO plugin v27.4 - https:\/\/yoast.com\/product\/yoast-seo-wordpress\/ -->\n<title>TOILE CINEBOUNCE 12x12 (3.6m) - Maximaloc<\/title>\n<meta name=\"robots\" content=\"index, follow, max-snippet:-1, max-image-preview:large, max-video-preview:-1\" \/>\n<link rel=\"canonical\" href=\"https:\/\/maximaloc.com\/en\/product\/toile-cinebounce-12x12-3-6m\/\" \/>\n<meta property=\"og:locale\" content=\"en_US\" \/>\n<meta property=\"og:type\" content=\"article\" \/>\n<meta property=\"og:title\" content=\"TOILE CINEBOUNCE 12x12 (3.6m) - Maximaloc\" \/>\n<meta property=\"og:description\" content=\"Toile de r\u00e9flection Dimensions : 12&#039; x 12&#039; (3,55 x 3,55 m) R\u00e9versible Noir et Blanc\" \/>\n<meta property=\"og:url\" content=\"https:\/\/maximaloc.com\/en\/product\/toile-cinebounce-12x12-3-6m\/\" \/>\n<meta property=\"og:site_name\" content=\"Maximaloc\" \/>\n<meta property=\"article:publisher\" content=\"https:\/\/www.facebook.com\/Maximalocation\" \/>\n<meta property=\"article:modified_time\" content=\"2026-04-13T18:44:51+00:00\" \/>\n<meta property=\"og:image\" content=\"https:\/\/maximaloc.com\/wp-content\/uploads\/2025\/04\/bounce-cadre-.jpg\" \/>\n\t<meta property=\"og:image:width\" content=\"735\" \/>\n\t<meta property=\"og:image:height\" content=\"555\" \/>\n\t<meta property=\"og:image:type\" content=\"image\/jpeg\" \/>\n<meta name=\"twitter:card\" content=\"summary_large_image\" \/>\n<script type=\"application\/ld+json\" class=\"yoast-schema-graph\">{\"@context\":\"https:\\\/\\\/schema.org\",\"@graph\":[{\"@type\":\"WebPage\",\"@id\":\"https:\\\/\\\/maximaloc.com\\\/produit\\\/toile-cinebounce-12x12-3-6m\\\/\",\"url\":\"https:\\\/\\\/maximaloc.com\\\/produit\\\/toile-cinebounce-12x12-3-6m\\\/\",\"name\":\"TOILE CINEBOUNCE 12x12 (3.6m) - Maximaloc\",\"isPartOf\":{\"@id\":\"https:\\\/\\\/maximaloc.com\\\/#website\"},\"primaryImageOfPage\":{\"@id\":\"https:\\\/\\\/maximaloc.com\\\/produit\\\/toile-cinebounce-12x12-3-6m\\\/#primaryimage\"},\"image\":{\"@id\":\"https:\\\/\\\/maximaloc.com\\\/produit\\\/toile-cinebounce-12x12-3-6m\\\/#primaryimage\"},\"thumbnailUrl\":\"https:\\\/\\\/maximaloc.com\\\/wp-content\\\/uploads\\\/2025\\\/04\\\/bounce-toile-.jpg\",\"datePublished\":\"2025-04-10T15:26:32+00:00\",\"dateModified\":\"2026-04-13T18:44:51+00:00\",\"breadcrumb\":{\"@id\":\"https:\\\/\\\/maximaloc.com\\\/produit\\\/toile-cinebounce-12x12-3-6m\\\/#breadcrumb\"},\"inLanguage\":\"en-US\",\"potentialAction\":[{\"@type\":\"ReadAction\",\"target\":[\"https:\\\/\\\/maximaloc.com\\\/produit\\\/toile-cinebounce-12x12-3-6m\\\/\"]}]},{\"@type\":\"ImageObject\",\"inLanguage\":\"en-US\",\"@id\":\"https:\\\/\\\/maximaloc.com\\\/produit\\\/toile-cinebounce-12x12-3-6m\\\/#primaryimage\",\"url\":\"https:\\\/\\\/maximaloc.com\\\/wp-content\\\/uploads\\\/2025\\\/04\\\/bounce-toile-.jpg\",\"contentUrl\":\"https:\\\/\\\/maximaloc.com\\\/wp-content\\\/uploads\\\/2025\\\/04\\\/bounce-toile-.jpg\",\"width\":1300,\"height\":1300},{\"@type\":\"BreadcrumbList\",\"@id\":\"https:\\\/\\\/maximaloc.com\\\/produit\\\/toile-cinebounce-12x12-3-6m\\\/#breadcrumb\",\"itemListElement\":[{\"@type\":\"ListItem\",\"position\":1,\"name\":\"Accueil\",\"item\":\"https:\\\/\\\/maximaloc.com\\\/\"},{\"@type\":\"ListItem\",\"position\":2,\"name\":\"BOUTIQUE\",\"item\":\"https:\\\/\\\/maximaloc.com\\\/boutique\\\/\"},{\"@type\":\"ListItem\",\"position\":3,\"name\":\"TOILE CINEBOUNCE 12&#215;12 (3.6m)\"}]},{\"@type\":\"WebSite\",\"@id\":\"https:\\\/\\\/maximaloc.com\\\/#website\",\"url\":\"https:\\\/\\\/maximaloc.com\\\/\",\"name\":\"Maximaloc\",\"description\":\"\",\"publisher\":{\"@id\":\"https:\\\/\\\/maximaloc.com\\\/#organization\"},\"potentialAction\":[{\"@type\":\"SearchAction\",\"target\":{\"@type\":\"EntryPoint\",\"urlTemplate\":\"https:\\\/\\\/maximaloc.com\\\/?s={search_term_string}\"},\"query-input\":{\"@type\":\"PropertyValueSpecification\",\"valueRequired\":true,\"valueName\":\"search_term_string\"}}],\"inLanguage\":\"en-US\"},{\"@type\":\"Organization\",\"@id\":\"https:\\\/\\\/maximaloc.com\\\/#organization\",\"name\":\"Maximaloc\",\"url\":\"https:\\\/\\\/maximaloc.com\\\/\",\"logo\":{\"@type\":\"ImageObject\",\"inLanguage\":\"en-US\",\"@id\":\"https:\\\/\\\/maximaloc.com\\\/#\\\/schema\\\/logo\\\/image\\\/\",\"url\":\"https:\\\/\\\/maximaloc.com\\\/wp-content\\\/uploads\\\/2024\\\/03\\\/logo_noir-scaled.png\",\"contentUrl\":\"https:\\\/\\\/maximaloc.com\\\/wp-content\\\/uploads\\\/2024\\\/03\\\/logo_noir-scaled.png\",\"width\":2560,\"height\":268,\"caption\":\"Maximaloc\"},\"image\":{\"@id\":\"https:\\\/\\\/maximaloc.com\\\/#\\\/schema\\\/logo\\\/image\\\/\"},\"sameAs\":[\"https:\\\/\\\/www.facebook.com\\\/Maximalocation\"]}]}<\/script>\n<!-- \/ Yoast SEO plugin. -->","yoast_head_json":{"title":"TOILE CINEBOUNCE 12x12 (3.6m) - Maximaloc","robots":{"index":"index","follow":"follow","max-snippet":"max-snippet:-1","max-image-preview":"max-image-preview:large","max-video-preview":"max-video-preview:-1"},"canonical":"https:\/\/maximaloc.com\/en\/product\/toile-cinebounce-12x12-3-6m\/","og_locale":"en_US","og_type":"article","og_title":"TOILE CINEBOUNCE 12x12 (3.6m) - Maximaloc","og_description":"Toile de r\u00e9flection Dimensions : 12' x 12' (3,55 x 3,55 m) R\u00e9versible Noir et Blanc","og_url":"https:\/\/maximaloc.com\/en\/product\/toile-cinebounce-12x12-3-6m\/","og_site_name":"Maximaloc","article_publisher":"https:\/\/www.facebook.com\/Maximalocation","article_modified_time":"2026-04-13T18:44:51+00:00","og_image":[{"width":735,"height":555,"url":"https:\/\/maximaloc.com\/wp-content\/uploads\/2025\/04\/bounce-cadre-.jpg","type":"image\/jpeg"}],"twitter_card":"summary_large_image","schema":{"@context":"https:\/\/schema.org","@graph":[{"@type":"WebPage","@id":"https:\/\/maximaloc.com\/produit\/toile-cinebounce-12x12-3-6m\/","url":"https:\/\/maximaloc.com\/produit\/toile-cinebounce-12x12-3-6m\/","name":"TOILE CINEBOUNCE 12x12 (3.6m) - Maximaloc","isPartOf":{"@id":"https:\/\/maximaloc.com\/#website"},"primaryImageOfPage":{"@id":"https:\/\/maximaloc.com\/produit\/toile-cinebounce-12x12-3-6m\/#primaryimage"},"image":{"@id":"https:\/\/maximaloc.com\/produit\/toile-cinebounce-12x12-3-6m\/#primaryimage"},"thumbnailUrl":"https:\/\/maximaloc.com\/wp-content\/uploads\/2025\/04\/bounce-toile-.jpg","datePublished":"2025-04-10T15:26:32+00:00","dateModified":"2026-04-13T18:44:51+00:00","breadcrumb":{"@id":"https:\/\/maximaloc.com\/produit\/toile-cinebounce-12x12-3-6m\/#breadcrumb"},"inLanguage":"en-US","potentialAction":[{"@type":"ReadAction","target":["https:\/\/maximaloc.com\/produit\/toile-cinebounce-12x12-3-6m\/"]}]},{"@type":"ImageObject","inLanguage":"en-US","@id":"https:\/\/maximaloc.com\/produit\/toile-cinebounce-12x12-3-6m\/#primaryimage","url":"https:\/\/maximaloc.com\/wp-content\/uploads\/2025\/04\/bounce-toile-.jpg","contentUrl":"https:\/\/maximaloc.com\/wp-content\/uploads\/2025\/04\/bounce-toile-.jpg","width":1300,"height":1300},{"@type":"BreadcrumbList","@id":"https:\/\/maximaloc.com\/produit\/toile-cinebounce-12x12-3-6m\/#breadcrumb","itemListElement":[{"@type":"ListItem","position":1,"name":"Accueil","item":"https:\/\/maximaloc.com\/"},{"@type":"ListItem","position":2,"name":"BOUTIQUE","item":"https:\/\/maximaloc.com\/boutique\/"},{"@type":"ListItem","position":3,"name":"TOILE CINEBOUNCE 12&#215;12 (3.6m)"}]},{"@type":"WebSite","@id":"https:\/\/maximaloc.com\/#website","url":"https:\/\/maximaloc.com\/","name":"Maximaloc","description":"","publisher":{"@id":"https:\/\/maximaloc.com\/#organization"},"potentialAction":[{"@type":"SearchAction","target":{"@type":"EntryPoint","urlTemplate":"https:\/\/maximaloc.com\/?s={search_term_string}"},"query-input":{"@type":"PropertyValueSpecification","valueRequired":true,"valueName":"search_term_string"}}],"inLanguage":"en-US"},{"@type":"Organization","@id":"https:\/\/maximaloc.com\/#organization","name":"Maximaloc","url":"https:\/\/maximaloc.com\/","logo":{"@type":"ImageObject","inLanguage":"en-US","@id":"https:\/\/maximaloc.com\/#\/schema\/logo\/image\/","url":"https:\/\/maximaloc.com\/wp-content\/uploads\/2024\/03\/logo_noir-scaled.png","contentUrl":"https:\/\/maximaloc.com\/wp-content\/uploads\/2024\/03\/logo_noir-scaled.png","width":2560,"height":268,"caption":"Maximaloc"},"image":{"@id":"https:\/\/maximaloc.com\/#\/schema\/logo\/image\/"},"sameAs":["https:\/\/www.facebook.com\/Maximalocation"]}]}},"_links":{"self":[{"href":"https:\/\/maximaloc.com\/en\/wp-json\/wp\/v2\/product\/19159","targetHints":{"allow":["GET"]}}],"collection":[{"href":"https:\/\/maximaloc.com\/en\/wp-json\/wp\/v2\/product"}],"about":[{"href":"https:\/\/maximaloc.com\/en\/wp-json\/wp\/v2\/types\/product"}],"wp:featuredmedia":[{"embeddable":true,"href":"https:\/\/maximaloc.com\/en\/wp-json\/wp\/v2\/media\/19171"}],"wp:attachment":[{"href":"https:\/\/maximaloc.com\/en\/wp-json\/wp\/v2\/media?parent=19159"}],"wp:term":[{"taxonomy":"product_cat","embeddable":true,"href":"https:\/\/maximaloc.com\/en\/wp-json\/wp\/v2\/product_cat?post=19159"},{"taxonomy":"product_tag","embeddable":true,"href":"https:\/\/maximaloc.com\/en\/wp-json\/wp\/v2\/product_tag?post=19159"}],"curies":[{"name":"wp","href":"https:\/\/api.w.org\/{rel}","templated":true}]}}