 {"id":20475,"date":"2025-08-12T10:18:22","date_gmt":"2025-08-12T08:18:22","guid":{"rendered":"https:\/\/maximaloc.com\/produit\/aputure-fresnel-cf12\/"},"modified":"2026-04-29T15:18:19","modified_gmt":"2026-04-29T13:18:19","slug":"aputure-fresnel-cf12","status":"publish","type":"product","link":"https:\/\/maximaloc.com\/en\/product\/aputure-fresnel-cf12\/","title":{"rendered":"APUTURE FRESNEL CF12"},"content":{"rendered":"<p><u><strong>Location Fresnel CF12 Aputure \u00e0 Paris \u2013 Grand Fresnel COB 600C\/1200 | Maximaloc<\/strong><\/u><\/p>\n<p>Le Fresnel CF12 d&#8217;Aputure est le grand modificateur fresnel con\u00e7u pour les COB haute puissance de la gamme (600C Pro, 600C Pro II, 1200D, 1200X). Sa lentille de 30,5 cm concentre le faisceau de 45\u00b0 (flood) \u00e0 15\u00b0 (spot), atteignant 84 400 lux \u00e0 3m avec le COB 1200X en position spot.<\/p>\n<p><u><strong>Features<\/strong><\/u><\/p>\n<p>Diam\u00e8tre lentille :30,5 cm |Angle :15\u00b0\u201345\u00b0 ajustable<br \/>Compatibilit\u00e9 :COB 600C Pro | COB 600C Pro II | COB 1200D | COB 1200X<br \/>Lux \u00e0 3m (1200X) :84 400 (spot \u00e015\u00b0) | 16 900 (flood \u00e045\u00b0)<br \/>Poids :4,7 kg |Monture :Bowens S-Type<\/p>\n<p><u><strong>Points forts<\/strong><\/u><\/p>\n<p>\u2022\u00a0\u00a0\u00a0\u00a0\u00a0\u00a0\u00a0 Concentre les faisceaux des COB 600C\/1200 \u2013 rendement exceptionnel<\/p>\n<p>\u2022\u00a0\u00a0\u00a0\u00a0\u00a0\u00a0\u00a0 15\u00b0 spot \u2013 longue port\u00e9e id\u00e9ale grands espaces et ext\u00e9rieurs<\/p>\n<p>\u2022\u00a0\u00a0\u00a0\u00a0\u00a0\u00a0\u00a0 Barn Doors inclus \u2013 contr\u00f4le pr\u00e9cis du d\u00e9bordement<\/p>\n<p>\u2022\u00a0\u00a0\u00a0\u00a0\u00a0\u00a0\u00a0 Bowens S-Type \u2013 installation rapide en rotation de \u00bc de tour<\/p>\n<p>\u00a0<\/p>\n<p>Location Fresnel CF12 Aputure chez Maximaloc. \u00c0 combiner avec Aputure COB 600C Pro II ou COB 1200D Pro.<\/p>","protected":false},"excerpt":{"rendered":"<p>Lentille Fresnel<\/p>\n<p>Monture: Bowens Prolock<\/p>\n<p>Compatible: COB 600C PRO \/ 1200X<\/p>","protected":false},"featured_media":20506,"template":"","meta":[],"product_cat":[254],"product_tag":[],"class_list":{"0":"post-20475","1":"product","2":"type-product","3":"status-publish","4":"has-post-thumbnail","6":"product_cat-fresnel-type","8":"first","9":"instock","10":"featured","11":"taxable","12":"shipping-taxable","13":"purchasable","14":"product-type-rentable"},"yoast_head":"<!-- This site is optimized with the Yoast SEO plugin v27.5 - https:\/\/yoast.com\/product\/yoast-seo-wordpress\/ -->\n<title>APUTURE FRESNEL CF12 - Maximaloc<\/title>\n<meta name=\"robots\" content=\"noindex, nofollow\" \/>\n<meta property=\"og:locale\" content=\"en_US\" \/>\n<meta property=\"og:type\" content=\"article\" \/>\n<meta property=\"og:title\" content=\"APUTURE FRESNEL CF12 - Maximaloc\" \/>\n<meta property=\"og:description\" content=\"Lentille Fresnel Monture: Bowens Prolock Compatible: COB 600C PRO \/ 1200X\" \/>\n<meta property=\"og:url\" content=\"https:\/\/maximaloc.com\/en\/product\/aputure-fresnel-cf12\/\" \/>\n<meta property=\"og:site_name\" content=\"Maximaloc\" \/>\n<meta property=\"article:publisher\" content=\"https:\/\/www.facebook.com\/Maximalocation\" \/>\n<meta property=\"article:modified_time\" content=\"2026-04-29T13:18:19+00:00\" \/>\n<meta property=\"og:image\" content=\"https:\/\/maximaloc.com\/wp-content\/uploads\/2025\/08\/APUTURE-FRESNEL-CF12-1.png\" \/>\n\t<meta property=\"og:image:width\" content=\"1000\" \/>\n\t<meta property=\"og:image:height\" content=\"1000\" \/>\n\t<meta property=\"og:image:type\" content=\"image\/png\" \/>\n<meta name=\"twitter:card\" content=\"summary_large_image\" \/>\n<meta name=\"twitter:label1\" content=\"Est. reading time\" \/>\n\t<meta name=\"twitter:data1\" content=\"1 minute\" \/>\n<script type=\"application\/ld+json\" class=\"yoast-schema-graph\">{\"@context\":\"https:\\\/\\\/schema.org\",\"@graph\":[{\"@type\":\"WebPage\",\"@id\":\"https:\\\/\\\/maximaloc.com\\\/produit\\\/aputure-fresnel-cf12\\\/\",\"url\":\"https:\\\/\\\/maximaloc.com\\\/produit\\\/aputure-fresnel-cf12\\\/\",\"name\":\"APUTURE FRESNEL CF12 - Maximaloc\",\"isPartOf\":{\"@id\":\"https:\\\/\\\/maximaloc.com\\\/#website\"},\"primaryImageOfPage\":{\"@id\":\"https:\\\/\\\/maximaloc.com\\\/produit\\\/aputure-fresnel-cf12\\\/#primaryimage\"},\"image\":{\"@id\":\"https:\\\/\\\/maximaloc.com\\\/produit\\\/aputure-fresnel-cf12\\\/#primaryimage\"},\"thumbnailUrl\":\"https:\\\/\\\/maximaloc.com\\\/wp-content\\\/uploads\\\/2025\\\/08\\\/APUTURE-FRESNEL-CF12-1.png\",\"datePublished\":\"2025-08-12T08:18:22+00:00\",\"dateModified\":\"2026-04-29T13:18:19+00:00\",\"breadcrumb\":{\"@id\":\"https:\\\/\\\/maximaloc.com\\\/produit\\\/aputure-fresnel-cf12\\\/#breadcrumb\"},\"inLanguage\":\"en-US\",\"potentialAction\":[{\"@type\":\"ReadAction\",\"target\":[\"https:\\\/\\\/maximaloc.com\\\/produit\\\/aputure-fresnel-cf12\\\/\"]}]},{\"@type\":\"ImageObject\",\"inLanguage\":\"en-US\",\"@id\":\"https:\\\/\\\/maximaloc.com\\\/produit\\\/aputure-fresnel-cf12\\\/#primaryimage\",\"url\":\"https:\\\/\\\/maximaloc.com\\\/wp-content\\\/uploads\\\/2025\\\/08\\\/APUTURE-FRESNEL-CF12-1.png\",\"contentUrl\":\"https:\\\/\\\/maximaloc.com\\\/wp-content\\\/uploads\\\/2025\\\/08\\\/APUTURE-FRESNEL-CF12-1.png\",\"width\":1000,\"height\":1000},{\"@type\":\"BreadcrumbList\",\"@id\":\"https:\\\/\\\/maximaloc.com\\\/produit\\\/aputure-fresnel-cf12\\\/#breadcrumb\",\"itemListElement\":[{\"@type\":\"ListItem\",\"position\":1,\"name\":\"Accueil\",\"item\":\"https:\\\/\\\/maximaloc.com\\\/\"},{\"@type\":\"ListItem\",\"position\":2,\"name\":\"BOUTIQUE\",\"item\":\"https:\\\/\\\/maximaloc.com\\\/boutique\\\/\"},{\"@type\":\"ListItem\",\"position\":3,\"name\":\"APUTURE FRESNEL CF12\"}]},{\"@type\":\"WebSite\",\"@id\":\"https:\\\/\\\/maximaloc.com\\\/#website\",\"url\":\"https:\\\/\\\/maximaloc.com\\\/\",\"name\":\"Maximaloc\",\"description\":\"\",\"publisher\":{\"@id\":\"https:\\\/\\\/maximaloc.com\\\/#organization\"},\"potentialAction\":[{\"@type\":\"SearchAction\",\"target\":{\"@type\":\"EntryPoint\",\"urlTemplate\":\"https:\\\/\\\/maximaloc.com\\\/?s={search_term_string}\"},\"query-input\":{\"@type\":\"PropertyValueSpecification\",\"valueRequired\":true,\"valueName\":\"search_term_string\"}}],\"inLanguage\":\"en-US\"},{\"@type\":\"Organization\",\"@id\":\"https:\\\/\\\/maximaloc.com\\\/#organization\",\"name\":\"Maximaloc\",\"url\":\"https:\\\/\\\/maximaloc.com\\\/\",\"logo\":{\"@type\":\"ImageObject\",\"inLanguage\":\"en-US\",\"@id\":\"https:\\\/\\\/maximaloc.com\\\/#\\\/schema\\\/logo\\\/image\\\/\",\"url\":\"https:\\\/\\\/maximaloc.com\\\/wp-content\\\/uploads\\\/2024\\\/03\\\/logo_noir-scaled.png\",\"contentUrl\":\"https:\\\/\\\/maximaloc.com\\\/wp-content\\\/uploads\\\/2024\\\/03\\\/logo_noir-scaled.png\",\"width\":2560,\"height\":268,\"caption\":\"Maximaloc\"},\"image\":{\"@id\":\"https:\\\/\\\/maximaloc.com\\\/#\\\/schema\\\/logo\\\/image\\\/\"},\"sameAs\":[\"https:\\\/\\\/www.facebook.com\\\/Maximalocation\"]}]}<\/script>\n<!-- \/ Yoast SEO plugin. -->","yoast_head_json":{"title":"APUTURE FRESNEL CF12 - Maximaloc","robots":{"index":"noindex","follow":"nofollow"},"og_locale":"en_US","og_type":"article","og_title":"APUTURE FRESNEL CF12 - Maximaloc","og_description":"Lentille Fresnel Monture: Bowens Prolock Compatible: COB 600C PRO \/ 1200X","og_url":"https:\/\/maximaloc.com\/en\/product\/aputure-fresnel-cf12\/","og_site_name":"Maximaloc","article_publisher":"https:\/\/www.facebook.com\/Maximalocation","article_modified_time":"2026-04-29T13:18:19+00:00","og_image":[{"width":1000,"height":1000,"url":"https:\/\/maximaloc.com\/wp-content\/uploads\/2025\/08\/APUTURE-FRESNEL-CF12-1.png","type":"image\/png"}],"twitter_card":"summary_large_image","twitter_misc":{"Est. reading time":"1 minute"},"schema":{"@context":"https:\/\/schema.org","@graph":[{"@type":"WebPage","@id":"https:\/\/maximaloc.com\/produit\/aputure-fresnel-cf12\/","url":"https:\/\/maximaloc.com\/produit\/aputure-fresnel-cf12\/","name":"APUTURE FRESNEL CF12 - Maximaloc","isPartOf":{"@id":"https:\/\/maximaloc.com\/#website"},"primaryImageOfPage":{"@id":"https:\/\/maximaloc.com\/produit\/aputure-fresnel-cf12\/#primaryimage"},"image":{"@id":"https:\/\/maximaloc.com\/produit\/aputure-fresnel-cf12\/#primaryimage"},"thumbnailUrl":"https:\/\/maximaloc.com\/wp-content\/uploads\/2025\/08\/APUTURE-FRESNEL-CF12-1.png","datePublished":"2025-08-12T08:18:22+00:00","dateModified":"2026-04-29T13:18:19+00:00","breadcrumb":{"@id":"https:\/\/maximaloc.com\/produit\/aputure-fresnel-cf12\/#breadcrumb"},"inLanguage":"en-US","potentialAction":[{"@type":"ReadAction","target":["https:\/\/maximaloc.com\/produit\/aputure-fresnel-cf12\/"]}]},{"@type":"ImageObject","inLanguage":"en-US","@id":"https:\/\/maximaloc.com\/produit\/aputure-fresnel-cf12\/#primaryimage","url":"https:\/\/maximaloc.com\/wp-content\/uploads\/2025\/08\/APUTURE-FRESNEL-CF12-1.png","contentUrl":"https:\/\/maximaloc.com\/wp-content\/uploads\/2025\/08\/APUTURE-FRESNEL-CF12-1.png","width":1000,"height":1000},{"@type":"BreadcrumbList","@id":"https:\/\/maximaloc.com\/produit\/aputure-fresnel-cf12\/#breadcrumb","itemListElement":[{"@type":"ListItem","position":1,"name":"Accueil","item":"https:\/\/maximaloc.com\/"},{"@type":"ListItem","position":2,"name":"BOUTIQUE","item":"https:\/\/maximaloc.com\/boutique\/"},{"@type":"ListItem","position":3,"name":"APUTURE FRESNEL CF12"}]},{"@type":"WebSite","@id":"https:\/\/maximaloc.com\/#website","url":"https:\/\/maximaloc.com\/","name":"Maximaloc","description":"","publisher":{"@id":"https:\/\/maximaloc.com\/#organization"},"potentialAction":[{"@type":"SearchAction","target":{"@type":"EntryPoint","urlTemplate":"https:\/\/maximaloc.com\/?s={search_term_string}"},"query-input":{"@type":"PropertyValueSpecification","valueRequired":true,"valueName":"search_term_string"}}],"inLanguage":"en-US"},{"@type":"Organization","@id":"https:\/\/maximaloc.com\/#organization","name":"Maximaloc","url":"https:\/\/maximaloc.com\/","logo":{"@type":"ImageObject","inLanguage":"en-US","@id":"https:\/\/maximaloc.com\/#\/schema\/logo\/image\/","url":"https:\/\/maximaloc.com\/wp-content\/uploads\/2024\/03\/logo_noir-scaled.png","contentUrl":"https:\/\/maximaloc.com\/wp-content\/uploads\/2024\/03\/logo_noir-scaled.png","width":2560,"height":268,"caption":"Maximaloc"},"image":{"@id":"https:\/\/maximaloc.com\/#\/schema\/logo\/image\/"},"sameAs":["https:\/\/www.facebook.com\/Maximalocation"]}]}},"_links":{"self":[{"href":"https:\/\/maximaloc.com\/en\/wp-json\/wp\/v2\/product\/20475","targetHints":{"allow":["GET"]}}],"collection":[{"href":"https:\/\/maximaloc.com\/en\/wp-json\/wp\/v2\/product"}],"about":[{"href":"https:\/\/maximaloc.com\/en\/wp-json\/wp\/v2\/types\/product"}],"wp:featuredmedia":[{"embeddable":true,"href":"https:\/\/maximaloc.com\/en\/wp-json\/wp\/v2\/media\/20506"}],"wp:attachment":[{"href":"https:\/\/maximaloc.com\/en\/wp-json\/wp\/v2\/media?parent=20475"}],"wp:term":[{"taxonomy":"product_cat","embeddable":true,"href":"https:\/\/maximaloc.com\/en\/wp-json\/wp\/v2\/product_cat?post=20475"},{"taxonomy":"product_tag","embeddable":true,"href":"https:\/\/maximaloc.com\/en\/wp-json\/wp\/v2\/product_tag?post=20475"}],"curies":[{"name":"wp","href":"https:\/\/api.w.org\/{rel}","templated":true}]}}