 {"id":21081,"date":"2025-09-29T16:02:13","date_gmt":"2025-09-29T14:02:13","guid":{"rendered":"https:\/\/maximaloc.com\/produit\/sigma-art-14-f1-4-dg-dn-e\/"},"modified":"2026-04-13T20:17:49","modified_gmt":"2026-04-13T18:17:49","slug":"sigma-art-14-f1-4-dg-dn-e","status":"publish","type":"product","link":"https:\/\/maximaloc.com\/en\/product\/sigma-art-14-f1-4-dg-dn-e\/","title":{"rendered":"SIGMA-ART 14 F1.4 DG DN E"},"content":{"rendered":"<p>Le Sigma ART 14mm F1.4 DG DN est une focale fixe ultra grand-angle avec une ouverture exceptionnelle de F1.4, in\u00e9dite \u00e0 cette longueur focale. Il convient parfaitement pour effectuer des plans dynamiques au snorricam, sur kit ventouse ou sur gimbal. Il excelle \u00e9galement en plans fixes ou pour la photo de paysage et dans les int\u00e9rieurs \u00e9troits o\u00f9 le recul vient \u00e0 manquer.<\/p>\n<p>\u00a0<\/p>\n<p>Il est dot\u00e9 d&#8217;un syst\u00e8me AF rapide et silencieux, ainsi que d&#8217;une bague de diaphragme manuelle (cliqu\u00e9e et d\u00e9cliqu\u00e9e au choix).<\/p>","protected":false},"excerpt":{"rendered":"<p>Focale fixe ultra grand angle<\/p>\n<p>Monture : Sony E<\/p>\n<p>Couverture : Full Frame<\/p>","protected":false},"featured_media":21082,"template":"","meta":[],"product_cat":[232],"product_tag":[197,273,239,241,279],"class_list":{"0":"post-21081","1":"product","2":"type-product","3":"status-publish","4":"has-post-thumbnail","6":"product_cat-sony-e","7":"product_tag-full-frame-24x36","8":"product_tag-autofocus","9":"product_tag-grand-angle","10":"product_tag-non-stabilise","11":"product_tag-sigma","13":"first","14":"instock","15":"taxable","16":"shipping-taxable","17":"purchasable","18":"product-type-rentable"},"yoast_head":"<!-- This site is optimized with the Yoast SEO plugin v27.4 - https:\/\/yoast.com\/product\/yoast-seo-wordpress\/ -->\n<title>SIGMA-ART 14 F1.4 DG DN E - Maximaloc<\/title>\n<meta name=\"robots\" content=\"index, follow, max-snippet:-1, max-image-preview:large, max-video-preview:-1\" \/>\n<link rel=\"canonical\" href=\"https:\/\/maximaloc.com\/en\/product\/sigma-art-14-f1-4-dg-dn-e\/\" \/>\n<meta property=\"og:locale\" content=\"en_US\" \/>\n<meta property=\"og:type\" content=\"article\" \/>\n<meta property=\"og:title\" content=\"SIGMA-ART 14 F1.4 DG DN E - Maximaloc\" \/>\n<meta property=\"og:description\" content=\"Focale fixe ultra grand angle Monture : Sony E Couverture : Full Frame\" \/>\n<meta property=\"og:url\" content=\"https:\/\/maximaloc.com\/en\/product\/sigma-art-14-f1-4-dg-dn-e\/\" \/>\n<meta property=\"og:site_name\" content=\"Maximaloc\" \/>\n<meta property=\"article:publisher\" content=\"https:\/\/www.facebook.com\/Maximalocation\" \/>\n<meta property=\"article:modified_time\" content=\"2026-04-13T18:17:49+00:00\" \/>\n<meta property=\"og:image\" content=\"https:\/\/maximaloc.com\/wp-content\/uploads\/2024\/09\/website.webp\" \/>\n\t<meta property=\"og:image:width\" content=\"1230\" \/>\n\t<meta property=\"og:image:height\" content=\"675\" \/>\n\t<meta property=\"og:image:type\" content=\"image\/webp\" \/>\n<meta name=\"twitter:card\" content=\"summary_large_image\" \/>\n<script type=\"application\/ld+json\" class=\"yoast-schema-graph\">{\"@context\":\"https:\\\/\\\/schema.org\",\"@graph\":[{\"@type\":\"WebPage\",\"@id\":\"https:\\\/\\\/maximaloc.com\\\/produit\\\/sigma-art-14-f1-4-dg-dn-e\\\/\",\"url\":\"https:\\\/\\\/maximaloc.com\\\/produit\\\/sigma-art-14-f1-4-dg-dn-e\\\/\",\"name\":\"SIGMA-ART 14 F1.4 DG DN E - Maximaloc\",\"isPartOf\":{\"@id\":\"https:\\\/\\\/maximaloc.com\\\/#website\"},\"primaryImageOfPage\":{\"@id\":\"https:\\\/\\\/maximaloc.com\\\/produit\\\/sigma-art-14-f1-4-dg-dn-e\\\/#primaryimage\"},\"image\":{\"@id\":\"https:\\\/\\\/maximaloc.com\\\/produit\\\/sigma-art-14-f1-4-dg-dn-e\\\/#primaryimage\"},\"thumbnailUrl\":\"https:\\\/\\\/maximaloc.com\\\/wp-content\\\/uploads\\\/2025\\\/09\\\/sigma-art-14-1.webp\",\"datePublished\":\"2025-09-29T14:02:13+00:00\",\"dateModified\":\"2026-04-13T18:17:49+00:00\",\"breadcrumb\":{\"@id\":\"https:\\\/\\\/maximaloc.com\\\/produit\\\/sigma-art-14-f1-4-dg-dn-e\\\/#breadcrumb\"},\"inLanguage\":\"en-US\",\"potentialAction\":[{\"@type\":\"ReadAction\",\"target\":[\"https:\\\/\\\/maximaloc.com\\\/produit\\\/sigma-art-14-f1-4-dg-dn-e\\\/\"]}]},{\"@type\":\"ImageObject\",\"inLanguage\":\"en-US\",\"@id\":\"https:\\\/\\\/maximaloc.com\\\/produit\\\/sigma-art-14-f1-4-dg-dn-e\\\/#primaryimage\",\"url\":\"https:\\\/\\\/maximaloc.com\\\/wp-content\\\/uploads\\\/2025\\\/09\\\/sigma-art-14-1.webp\",\"contentUrl\":\"https:\\\/\\\/maximaloc.com\\\/wp-content\\\/uploads\\\/2025\\\/09\\\/sigma-art-14-1.webp\",\"width\":580,\"height\":420},{\"@type\":\"BreadcrumbList\",\"@id\":\"https:\\\/\\\/maximaloc.com\\\/produit\\\/sigma-art-14-f1-4-dg-dn-e\\\/#breadcrumb\",\"itemListElement\":[{\"@type\":\"ListItem\",\"position\":1,\"name\":\"Accueil\",\"item\":\"https:\\\/\\\/maximaloc.com\\\/\"},{\"@type\":\"ListItem\",\"position\":2,\"name\":\"BOUTIQUE\",\"item\":\"https:\\\/\\\/maximaloc.com\\\/boutique\\\/\"},{\"@type\":\"ListItem\",\"position\":3,\"name\":\"SIGMA-ART 14 F1.4 DG DN E\"}]},{\"@type\":\"WebSite\",\"@id\":\"https:\\\/\\\/maximaloc.com\\\/#website\",\"url\":\"https:\\\/\\\/maximaloc.com\\\/\",\"name\":\"Maximaloc\",\"description\":\"\",\"publisher\":{\"@id\":\"https:\\\/\\\/maximaloc.com\\\/#organization\"},\"potentialAction\":[{\"@type\":\"SearchAction\",\"target\":{\"@type\":\"EntryPoint\",\"urlTemplate\":\"https:\\\/\\\/maximaloc.com\\\/?s={search_term_string}\"},\"query-input\":{\"@type\":\"PropertyValueSpecification\",\"valueRequired\":true,\"valueName\":\"search_term_string\"}}],\"inLanguage\":\"en-US\"},{\"@type\":\"Organization\",\"@id\":\"https:\\\/\\\/maximaloc.com\\\/#organization\",\"name\":\"Maximaloc\",\"url\":\"https:\\\/\\\/maximaloc.com\\\/\",\"logo\":{\"@type\":\"ImageObject\",\"inLanguage\":\"en-US\",\"@id\":\"https:\\\/\\\/maximaloc.com\\\/#\\\/schema\\\/logo\\\/image\\\/\",\"url\":\"https:\\\/\\\/maximaloc.com\\\/wp-content\\\/uploads\\\/2024\\\/03\\\/logo_noir-scaled.png\",\"contentUrl\":\"https:\\\/\\\/maximaloc.com\\\/wp-content\\\/uploads\\\/2024\\\/03\\\/logo_noir-scaled.png\",\"width\":2560,\"height\":268,\"caption\":\"Maximaloc\"},\"image\":{\"@id\":\"https:\\\/\\\/maximaloc.com\\\/#\\\/schema\\\/logo\\\/image\\\/\"},\"sameAs\":[\"https:\\\/\\\/www.facebook.com\\\/Maximalocation\"]}]}<\/script>\n<!-- \/ Yoast SEO plugin. -->","yoast_head_json":{"title":"SIGMA-ART 14 F1.4 DG DN E - Maximaloc","robots":{"index":"index","follow":"follow","max-snippet":"max-snippet:-1","max-image-preview":"max-image-preview:large","max-video-preview":"max-video-preview:-1"},"canonical":"https:\/\/maximaloc.com\/en\/product\/sigma-art-14-f1-4-dg-dn-e\/","og_locale":"en_US","og_type":"article","og_title":"SIGMA-ART 14 F1.4 DG DN E - Maximaloc","og_description":"Focale fixe ultra grand angle Monture : Sony E Couverture : Full Frame","og_url":"https:\/\/maximaloc.com\/en\/product\/sigma-art-14-f1-4-dg-dn-e\/","og_site_name":"Maximaloc","article_publisher":"https:\/\/www.facebook.com\/Maximalocation","article_modified_time":"2026-04-13T18:17:49+00:00","og_image":[{"width":1230,"height":675,"url":"https:\/\/maximaloc.com\/wp-content\/uploads\/2024\/09\/website.webp","type":"image\/webp"}],"twitter_card":"summary_large_image","schema":{"@context":"https:\/\/schema.org","@graph":[{"@type":"WebPage","@id":"https:\/\/maximaloc.com\/produit\/sigma-art-14-f1-4-dg-dn-e\/","url":"https:\/\/maximaloc.com\/produit\/sigma-art-14-f1-4-dg-dn-e\/","name":"SIGMA-ART 14 F1.4 DG DN E - Maximaloc","isPartOf":{"@id":"https:\/\/maximaloc.com\/#website"},"primaryImageOfPage":{"@id":"https:\/\/maximaloc.com\/produit\/sigma-art-14-f1-4-dg-dn-e\/#primaryimage"},"image":{"@id":"https:\/\/maximaloc.com\/produit\/sigma-art-14-f1-4-dg-dn-e\/#primaryimage"},"thumbnailUrl":"https:\/\/maximaloc.com\/wp-content\/uploads\/2025\/09\/sigma-art-14-1.webp","datePublished":"2025-09-29T14:02:13+00:00","dateModified":"2026-04-13T18:17:49+00:00","breadcrumb":{"@id":"https:\/\/maximaloc.com\/produit\/sigma-art-14-f1-4-dg-dn-e\/#breadcrumb"},"inLanguage":"en-US","potentialAction":[{"@type":"ReadAction","target":["https:\/\/maximaloc.com\/produit\/sigma-art-14-f1-4-dg-dn-e\/"]}]},{"@type":"ImageObject","inLanguage":"en-US","@id":"https:\/\/maximaloc.com\/produit\/sigma-art-14-f1-4-dg-dn-e\/#primaryimage","url":"https:\/\/maximaloc.com\/wp-content\/uploads\/2025\/09\/sigma-art-14-1.webp","contentUrl":"https:\/\/maximaloc.com\/wp-content\/uploads\/2025\/09\/sigma-art-14-1.webp","width":580,"height":420},{"@type":"BreadcrumbList","@id":"https:\/\/maximaloc.com\/produit\/sigma-art-14-f1-4-dg-dn-e\/#breadcrumb","itemListElement":[{"@type":"ListItem","position":1,"name":"Accueil","item":"https:\/\/maximaloc.com\/"},{"@type":"ListItem","position":2,"name":"BOUTIQUE","item":"https:\/\/maximaloc.com\/boutique\/"},{"@type":"ListItem","position":3,"name":"SIGMA-ART 14 F1.4 DG DN E"}]},{"@type":"WebSite","@id":"https:\/\/maximaloc.com\/#website","url":"https:\/\/maximaloc.com\/","name":"Maximaloc","description":"","publisher":{"@id":"https:\/\/maximaloc.com\/#organization"},"potentialAction":[{"@type":"SearchAction","target":{"@type":"EntryPoint","urlTemplate":"https:\/\/maximaloc.com\/?s={search_term_string}"},"query-input":{"@type":"PropertyValueSpecification","valueRequired":true,"valueName":"search_term_string"}}],"inLanguage":"en-US"},{"@type":"Organization","@id":"https:\/\/maximaloc.com\/#organization","name":"Maximaloc","url":"https:\/\/maximaloc.com\/","logo":{"@type":"ImageObject","inLanguage":"en-US","@id":"https:\/\/maximaloc.com\/#\/schema\/logo\/image\/","url":"https:\/\/maximaloc.com\/wp-content\/uploads\/2024\/03\/logo_noir-scaled.png","contentUrl":"https:\/\/maximaloc.com\/wp-content\/uploads\/2024\/03\/logo_noir-scaled.png","width":2560,"height":268,"caption":"Maximaloc"},"image":{"@id":"https:\/\/maximaloc.com\/#\/schema\/logo\/image\/"},"sameAs":["https:\/\/www.facebook.com\/Maximalocation"]}]}},"_links":{"self":[{"href":"https:\/\/maximaloc.com\/en\/wp-json\/wp\/v2\/product\/21081","targetHints":{"allow":["GET"]}}],"collection":[{"href":"https:\/\/maximaloc.com\/en\/wp-json\/wp\/v2\/product"}],"about":[{"href":"https:\/\/maximaloc.com\/en\/wp-json\/wp\/v2\/types\/product"}],"wp:featuredmedia":[{"embeddable":true,"href":"https:\/\/maximaloc.com\/en\/wp-json\/wp\/v2\/media\/21082"}],"wp:attachment":[{"href":"https:\/\/maximaloc.com\/en\/wp-json\/wp\/v2\/media?parent=21081"}],"wp:term":[{"taxonomy":"product_cat","embeddable":true,"href":"https:\/\/maximaloc.com\/en\/wp-json\/wp\/v2\/product_cat?post=21081"},{"taxonomy":"product_tag","embeddable":true,"href":"https:\/\/maximaloc.com\/en\/wp-json\/wp\/v2\/product_tag?post=21081"}],"curies":[{"name":"wp","href":"https:\/\/api.w.org\/{rel}","templated":true}]}}