 {"id":21477,"date":"2025-10-30T11:47:36","date_gmt":"2025-10-30T10:47:36","guid":{"rendered":"https:\/\/maximaloc.com\/produit\/barre-extensible-3m-55m\/"},"modified":"2026-05-04T10:26:26","modified_gmt":"2026-05-04T08:26:26","slug":"barre-extensible-3m-55m","status":"publish","type":"product","link":"https:\/\/maximaloc.com\/en\/product\/barre-extensible-3m-55m\/","title":{"rendered":"BARRE EXTENSIBLE 3m \/ 5,5m"},"content":{"rendered":"<p>Barre extensible pouvant mesurer jusqu&#8217;\u00e0 5m permettant la suspension d&#8217;\u00e9l\u00e9ments l\u00e9gers en hauteur si centr\u00e9 et d&#8217;\u00e9l\u00e9ments plus l\u00e9ger si le poids est r\u00e9parti.\u00a0<\/p>\n<p>\u00a0<\/p>\n<p>Montable sur Wind-up \/ U126 \u00e0 l&#8217;aide de collier de serrage<\/p>","protected":false},"excerpt":{"rendered":"<p>Barre extensible pouvant mesurer jusqu&#8217;\u00e0 5m permettant la suspension d&#8217;\u00e9l\u00e9ments l\u00e9gers en hauteur si centr\u00e9 et d&#8217;\u00e9l\u00e9ments plus l\u00e9ger si&#8230;<\/p>","protected":false},"featured_media":21484,"template":"","meta":[],"product_cat":[394],"product_tag":[],"class_list":{"0":"post-21477","1":"product","2":"type-product","3":"status-publish","4":"has-post-thumbnail","6":"product_cat-grip","8":"first","9":"instock","10":"taxable","11":"shipping-taxable","12":"purchasable","13":"product-type-rentable"},"yoast_head":"<!-- This site is optimized with the Yoast SEO plugin v27.5 - https:\/\/yoast.com\/product\/yoast-seo-wordpress\/ -->\n<title>BARRE EXTENSIBLE 3m \/ 5,5m - Maximaloc<\/title>\n<meta name=\"robots\" content=\"noindex, nofollow\" \/>\n<meta property=\"og:locale\" content=\"en_US\" \/>\n<meta property=\"og:type\" content=\"article\" \/>\n<meta property=\"og:title\" content=\"BARRE EXTENSIBLE 3m \/ 5,5m - Maximaloc\" \/>\n<meta property=\"og:description\" content=\"Barre extensible pouvant mesurer jusqu&#8217;\u00e0 5m permettant la suspension d&#8217;\u00e9l\u00e9ments l\u00e9gers en hauteur si centr\u00e9 et d&#8217;\u00e9l\u00e9ments plus l\u00e9ger si...\" \/>\n<meta property=\"og:url\" content=\"https:\/\/maximaloc.com\/en\/product\/barre-extensible-3m-55m\/\" \/>\n<meta property=\"og:site_name\" content=\"Maximaloc\" \/>\n<meta property=\"article:publisher\" content=\"https:\/\/www.facebook.com\/Maximalocation\" \/>\n<meta property=\"article:modified_time\" content=\"2026-05-04T08:26:26+00:00\" \/>\n<meta property=\"og:image\" content=\"https:\/\/maximaloc.com\/wp-content\/uploads\/2025\/10\/BARRE-EXTENSIBLE-3m-_-55m-1.png\" \/>\n\t<meta property=\"og:image:width\" content=\"1000\" \/>\n\t<meta property=\"og:image:height\" content=\"1000\" \/>\n\t<meta property=\"og:image:type\" content=\"image\/png\" \/>\n<meta name=\"twitter:card\" content=\"summary_large_image\" \/>\n<script type=\"application\/ld+json\" class=\"yoast-schema-graph\">{\"@context\":\"https:\\\/\\\/schema.org\",\"@graph\":[{\"@type\":\"WebPage\",\"@id\":\"https:\\\/\\\/maximaloc.com\\\/produit\\\/barre-extensible-3m-55m\\\/\",\"url\":\"https:\\\/\\\/maximaloc.com\\\/produit\\\/barre-extensible-3m-55m\\\/\",\"name\":\"BARRE EXTENSIBLE 3m \\\/ 5,5m - Maximaloc\",\"isPartOf\":{\"@id\":\"https:\\\/\\\/maximaloc.com\\\/#website\"},\"primaryImageOfPage\":{\"@id\":\"https:\\\/\\\/maximaloc.com\\\/produit\\\/barre-extensible-3m-55m\\\/#primaryimage\"},\"image\":{\"@id\":\"https:\\\/\\\/maximaloc.com\\\/produit\\\/barre-extensible-3m-55m\\\/#primaryimage\"},\"thumbnailUrl\":\"https:\\\/\\\/maximaloc.com\\\/wp-content\\\/uploads\\\/2025\\\/10\\\/BARRE-EXTENSIBLE-3m-_-55m-1.png\",\"datePublished\":\"2025-10-30T10:47:36+00:00\",\"dateModified\":\"2026-05-04T08:26:26+00:00\",\"breadcrumb\":{\"@id\":\"https:\\\/\\\/maximaloc.com\\\/produit\\\/barre-extensible-3m-55m\\\/#breadcrumb\"},\"inLanguage\":\"en-US\",\"potentialAction\":[{\"@type\":\"ReadAction\",\"target\":[\"https:\\\/\\\/maximaloc.com\\\/produit\\\/barre-extensible-3m-55m\\\/\"]}]},{\"@type\":\"ImageObject\",\"inLanguage\":\"en-US\",\"@id\":\"https:\\\/\\\/maximaloc.com\\\/produit\\\/barre-extensible-3m-55m\\\/#primaryimage\",\"url\":\"https:\\\/\\\/maximaloc.com\\\/wp-content\\\/uploads\\\/2025\\\/10\\\/BARRE-EXTENSIBLE-3m-_-55m-1.png\",\"contentUrl\":\"https:\\\/\\\/maximaloc.com\\\/wp-content\\\/uploads\\\/2025\\\/10\\\/BARRE-EXTENSIBLE-3m-_-55m-1.png\",\"width\":1000,\"height\":1000},{\"@type\":\"BreadcrumbList\",\"@id\":\"https:\\\/\\\/maximaloc.com\\\/produit\\\/barre-extensible-3m-55m\\\/#breadcrumb\",\"itemListElement\":[{\"@type\":\"ListItem\",\"position\":1,\"name\":\"Accueil\",\"item\":\"https:\\\/\\\/maximaloc.com\\\/\"},{\"@type\":\"ListItem\",\"position\":2,\"name\":\"BOUTIQUE\",\"item\":\"https:\\\/\\\/maximaloc.com\\\/boutique\\\/\"},{\"@type\":\"ListItem\",\"position\":3,\"name\":\"BARRE EXTENSIBLE 3m \\\/ 5,5m\"}]},{\"@type\":\"WebSite\",\"@id\":\"https:\\\/\\\/maximaloc.com\\\/#website\",\"url\":\"https:\\\/\\\/maximaloc.com\\\/\",\"name\":\"Maximaloc\",\"description\":\"\",\"publisher\":{\"@id\":\"https:\\\/\\\/maximaloc.com\\\/#organization\"},\"potentialAction\":[{\"@type\":\"SearchAction\",\"target\":{\"@type\":\"EntryPoint\",\"urlTemplate\":\"https:\\\/\\\/maximaloc.com\\\/?s={search_term_string}\"},\"query-input\":{\"@type\":\"PropertyValueSpecification\",\"valueRequired\":true,\"valueName\":\"search_term_string\"}}],\"inLanguage\":\"en-US\"},{\"@type\":\"Organization\",\"@id\":\"https:\\\/\\\/maximaloc.com\\\/#organization\",\"name\":\"Maximaloc\",\"url\":\"https:\\\/\\\/maximaloc.com\\\/\",\"logo\":{\"@type\":\"ImageObject\",\"inLanguage\":\"en-US\",\"@id\":\"https:\\\/\\\/maximaloc.com\\\/#\\\/schema\\\/logo\\\/image\\\/\",\"url\":\"https:\\\/\\\/maximaloc.com\\\/wp-content\\\/uploads\\\/2024\\\/03\\\/logo_noir-scaled.png\",\"contentUrl\":\"https:\\\/\\\/maximaloc.com\\\/wp-content\\\/uploads\\\/2024\\\/03\\\/logo_noir-scaled.png\",\"width\":2560,\"height\":268,\"caption\":\"Maximaloc\"},\"image\":{\"@id\":\"https:\\\/\\\/maximaloc.com\\\/#\\\/schema\\\/logo\\\/image\\\/\"},\"sameAs\":[\"https:\\\/\\\/www.facebook.com\\\/Maximalocation\"]}]}<\/script>\n<!-- \/ Yoast SEO plugin. -->","yoast_head_json":{"title":"BARRE EXTENSIBLE 3m \/ 5,5m - Maximaloc","robots":{"index":"noindex","follow":"nofollow"},"og_locale":"en_US","og_type":"article","og_title":"BARRE EXTENSIBLE 3m \/ 5,5m - Maximaloc","og_description":"Barre extensible pouvant mesurer jusqu&#8217;\u00e0 5m permettant la suspension d&#8217;\u00e9l\u00e9ments l\u00e9gers en hauteur si centr\u00e9 et d&#8217;\u00e9l\u00e9ments plus l\u00e9ger si...","og_url":"https:\/\/maximaloc.com\/en\/product\/barre-extensible-3m-55m\/","og_site_name":"Maximaloc","article_publisher":"https:\/\/www.facebook.com\/Maximalocation","article_modified_time":"2026-05-04T08:26:26+00:00","og_image":[{"width":1000,"height":1000,"url":"https:\/\/maximaloc.com\/wp-content\/uploads\/2025\/10\/BARRE-EXTENSIBLE-3m-_-55m-1.png","type":"image\/png"}],"twitter_card":"summary_large_image","schema":{"@context":"https:\/\/schema.org","@graph":[{"@type":"WebPage","@id":"https:\/\/maximaloc.com\/produit\/barre-extensible-3m-55m\/","url":"https:\/\/maximaloc.com\/produit\/barre-extensible-3m-55m\/","name":"BARRE EXTENSIBLE 3m \/ 5,5m - Maximaloc","isPartOf":{"@id":"https:\/\/maximaloc.com\/#website"},"primaryImageOfPage":{"@id":"https:\/\/maximaloc.com\/produit\/barre-extensible-3m-55m\/#primaryimage"},"image":{"@id":"https:\/\/maximaloc.com\/produit\/barre-extensible-3m-55m\/#primaryimage"},"thumbnailUrl":"https:\/\/maximaloc.com\/wp-content\/uploads\/2025\/10\/BARRE-EXTENSIBLE-3m-_-55m-1.png","datePublished":"2025-10-30T10:47:36+00:00","dateModified":"2026-05-04T08:26:26+00:00","breadcrumb":{"@id":"https:\/\/maximaloc.com\/produit\/barre-extensible-3m-55m\/#breadcrumb"},"inLanguage":"en-US","potentialAction":[{"@type":"ReadAction","target":["https:\/\/maximaloc.com\/produit\/barre-extensible-3m-55m\/"]}]},{"@type":"ImageObject","inLanguage":"en-US","@id":"https:\/\/maximaloc.com\/produit\/barre-extensible-3m-55m\/#primaryimage","url":"https:\/\/maximaloc.com\/wp-content\/uploads\/2025\/10\/BARRE-EXTENSIBLE-3m-_-55m-1.png","contentUrl":"https:\/\/maximaloc.com\/wp-content\/uploads\/2025\/10\/BARRE-EXTENSIBLE-3m-_-55m-1.png","width":1000,"height":1000},{"@type":"BreadcrumbList","@id":"https:\/\/maximaloc.com\/produit\/barre-extensible-3m-55m\/#breadcrumb","itemListElement":[{"@type":"ListItem","position":1,"name":"Accueil","item":"https:\/\/maximaloc.com\/"},{"@type":"ListItem","position":2,"name":"BOUTIQUE","item":"https:\/\/maximaloc.com\/boutique\/"},{"@type":"ListItem","position":3,"name":"BARRE EXTENSIBLE 3m \/ 5,5m"}]},{"@type":"WebSite","@id":"https:\/\/maximaloc.com\/#website","url":"https:\/\/maximaloc.com\/","name":"Maximaloc","description":"","publisher":{"@id":"https:\/\/maximaloc.com\/#organization"},"potentialAction":[{"@type":"SearchAction","target":{"@type":"EntryPoint","urlTemplate":"https:\/\/maximaloc.com\/?s={search_term_string}"},"query-input":{"@type":"PropertyValueSpecification","valueRequired":true,"valueName":"search_term_string"}}],"inLanguage":"en-US"},{"@type":"Organization","@id":"https:\/\/maximaloc.com\/#organization","name":"Maximaloc","url":"https:\/\/maximaloc.com\/","logo":{"@type":"ImageObject","inLanguage":"en-US","@id":"https:\/\/maximaloc.com\/#\/schema\/logo\/image\/","url":"https:\/\/maximaloc.com\/wp-content\/uploads\/2024\/03\/logo_noir-scaled.png","contentUrl":"https:\/\/maximaloc.com\/wp-content\/uploads\/2024\/03\/logo_noir-scaled.png","width":2560,"height":268,"caption":"Maximaloc"},"image":{"@id":"https:\/\/maximaloc.com\/#\/schema\/logo\/image\/"},"sameAs":["https:\/\/www.facebook.com\/Maximalocation"]}]}},"_links":{"self":[{"href":"https:\/\/maximaloc.com\/en\/wp-json\/wp\/v2\/product\/21477","targetHints":{"allow":["GET"]}}],"collection":[{"href":"https:\/\/maximaloc.com\/en\/wp-json\/wp\/v2\/product"}],"about":[{"href":"https:\/\/maximaloc.com\/en\/wp-json\/wp\/v2\/types\/product"}],"wp:featuredmedia":[{"embeddable":true,"href":"https:\/\/maximaloc.com\/en\/wp-json\/wp\/v2\/media\/21484"}],"wp:attachment":[{"href":"https:\/\/maximaloc.com\/en\/wp-json\/wp\/v2\/media?parent=21477"}],"wp:term":[{"taxonomy":"product_cat","embeddable":true,"href":"https:\/\/maximaloc.com\/en\/wp-json\/wp\/v2\/product_cat?post=21477"},{"taxonomy":"product_tag","embeddable":true,"href":"https:\/\/maximaloc.com\/en\/wp-json\/wp\/v2\/product_tag?post=21477"}],"curies":[{"name":"wp","href":"https:\/\/api.w.org\/{rel}","templated":true}]}}