 {"id":22502,"date":"2026-02-17T09:45:50","date_gmt":"2026-02-17T08:45:50","guid":{"rendered":"https:\/\/maximaloc.com\/produit\/spotlight-100s-max\/"},"modified":"2026-04-13T20:30:29","modified_gmt":"2026-04-13T18:30:29","slug":"spotlight-100s","status":"publish","type":"product","link":"https:\/\/maximaloc.com\/en\/product\/spotlight-100s\/","title":{"rendered":"SPOTLIGHT 100S"},"content":{"rendered":"<p>Accessoire de projection optique type snoot con\u00e7u pour les projecteurs LED \u00e9quip\u00e9s d\u2019une monture Bowens S-Type (compatible notamment avec les gammes Aputure Light Storm, Nanlite Forza et autres sources COB utilisant ce standard).<\/p>\n<p>Il permet de transformer une source LED continue classique en un v\u00e9ritable projecteur \u00e0 d\u00e9coupe, capable de produire un faisceau lumineux concentr\u00e9, net et pr\u00e9cis\u00e9ment contr\u00f4l\u00e9. Gr\u00e2ce \u00e0 son syst\u00e8me optique int\u00e9gr\u00e9, il offre une projection propre avec des contours d\u00e9finis, id\u00e9ale pour sculpter la lumi\u00e8re avec pr\u00e9cision.<\/p>\n<p>L\u2019accessoire accepte des gobos interchangeables, permettant de projeter des motifs, textures, formes graphiques ou effets architecturaux directement sur un fond, un d\u00e9cor ou un sujet. Il est particuli\u00e8rement adapt\u00e9 aux productions photo et vid\u00e9o recherchant des effets cr\u00e9atifs sans recourir \u00e0 la post-production.<\/p>\n<p>Utilis\u00e9 en studio ou sur plateau, il offre un contr\u00f4le avanc\u00e9 de la direction, de la forme et de la qualit\u00e9 du faisceau lumineux, transformant un simple projecteur LED en un outil d\u2019\u00e9clairage cr\u00e9atif polyvalent.<\/p>\n<p><strong>points fort :\u00a0<\/strong><\/p>\n<p>\u2022 Cr\u00e9ation d\u2019effets visuels en production photo\/vid\u00e9o<br \/>\u2022 Projection de motifs (gobos)<br \/>\u2022 \u00c9clairage de sc\u00e8nes artistiques, portraits, produits<br \/>\u2022 Sc\u00e9nographie ou \u00e9clairage cr\u00e9atif sur fond ou d\u00e9cor<\/p>","protected":false},"excerpt":{"rendered":"<p>Nez optique de projection<\/p>\n<p>D\u00e9coupe avec gobos interchangeables<\/p>\n<p>Lentille 36\u00b0 incluse<\/p>\n<p>Monture Bowens S-Type<br \/>\u00a0<br \/>\u00a0<br \/>\u00a0<\/p>","protected":false},"featured_media":22511,"template":"","meta":[],"product_cat":[308],"product_tag":[],"class_list":{"0":"post-22502","1":"product","2":"type-product","3":"status-publish","4":"has-post-thumbnail","6":"product_cat-monture-bowen","8":"first","9":"instock","10":"taxable","11":"shipping-taxable","12":"purchasable","13":"product-type-rentable"},"yoast_head":"<!-- This site is optimized with the Yoast SEO plugin v27.4 - https:\/\/yoast.com\/product\/yoast-seo-wordpress\/ -->\n<title>SPOTLIGHT 100S - Maximaloc<\/title>\n<meta name=\"robots\" content=\"index, follow, max-snippet:-1, max-image-preview:large, max-video-preview:-1\" \/>\n<link rel=\"canonical\" href=\"https:\/\/maximaloc.com\/en\/product\/spotlight-100s\/\" \/>\n<meta property=\"og:locale\" content=\"en_US\" \/>\n<meta property=\"og:type\" content=\"article\" \/>\n<meta property=\"og:title\" content=\"SPOTLIGHT 100S - Maximaloc\" \/>\n<meta property=\"og:description\" content=\"Nez optique de projection D\u00e9coupe avec gobos interchangeables Lentille 36\u00b0 incluse Monture Bowens S-Type\u00a0\u00a0\u00a0\" \/>\n<meta property=\"og:url\" content=\"https:\/\/maximaloc.com\/en\/product\/spotlight-100s\/\" \/>\n<meta property=\"og:site_name\" content=\"Maximaloc\" \/>\n<meta property=\"article:publisher\" content=\"https:\/\/www.facebook.com\/Maximalocation\" \/>\n<meta property=\"article:modified_time\" content=\"2026-04-13T18:30:29+00:00\" \/>\n<meta property=\"og:image\" content=\"https:\/\/maximaloc.com\/wp-content\/uploads\/2026\/02\/snoot1.png\" \/>\n\t<meta property=\"og:image:width\" content=\"1000\" \/>\n\t<meta property=\"og:image:height\" content=\"1000\" \/>\n\t<meta property=\"og:image:type\" content=\"image\/png\" \/>\n<meta name=\"twitter:card\" content=\"summary_large_image\" \/>\n<meta name=\"twitter:label1\" content=\"Est. reading time\" \/>\n\t<meta name=\"twitter:data1\" content=\"1 minute\" \/>\n<script type=\"application\/ld+json\" class=\"yoast-schema-graph\">{\"@context\":\"https:\\\/\\\/schema.org\",\"@graph\":[{\"@type\":\"WebPage\",\"@id\":\"https:\\\/\\\/maximaloc.com\\\/produit\\\/spotlight-100s\\\/\",\"url\":\"https:\\\/\\\/maximaloc.com\\\/produit\\\/spotlight-100s\\\/\",\"name\":\"SPOTLIGHT 100S - Maximaloc\",\"isPartOf\":{\"@id\":\"https:\\\/\\\/maximaloc.com\\\/#website\"},\"primaryImageOfPage\":{\"@id\":\"https:\\\/\\\/maximaloc.com\\\/produit\\\/spotlight-100s\\\/#primaryimage\"},\"image\":{\"@id\":\"https:\\\/\\\/maximaloc.com\\\/produit\\\/spotlight-100s\\\/#primaryimage\"},\"thumbnailUrl\":\"https:\\\/\\\/maximaloc.com\\\/wp-content\\\/uploads\\\/2026\\\/02\\\/snoot1.png\",\"datePublished\":\"2026-02-17T08:45:50+00:00\",\"dateModified\":\"2026-04-13T18:30:29+00:00\",\"breadcrumb\":{\"@id\":\"https:\\\/\\\/maximaloc.com\\\/produit\\\/spotlight-100s\\\/#breadcrumb\"},\"inLanguage\":\"en-US\",\"potentialAction\":[{\"@type\":\"ReadAction\",\"target\":[\"https:\\\/\\\/maximaloc.com\\\/produit\\\/spotlight-100s\\\/\"]}]},{\"@type\":\"ImageObject\",\"inLanguage\":\"en-US\",\"@id\":\"https:\\\/\\\/maximaloc.com\\\/produit\\\/spotlight-100s\\\/#primaryimage\",\"url\":\"https:\\\/\\\/maximaloc.com\\\/wp-content\\\/uploads\\\/2026\\\/02\\\/snoot1.png\",\"contentUrl\":\"https:\\\/\\\/maximaloc.com\\\/wp-content\\\/uploads\\\/2026\\\/02\\\/snoot1.png\",\"width\":1000,\"height\":1000},{\"@type\":\"BreadcrumbList\",\"@id\":\"https:\\\/\\\/maximaloc.com\\\/produit\\\/spotlight-100s\\\/#breadcrumb\",\"itemListElement\":[{\"@type\":\"ListItem\",\"position\":1,\"name\":\"Accueil\",\"item\":\"https:\\\/\\\/maximaloc.com\\\/\"},{\"@type\":\"ListItem\",\"position\":2,\"name\":\"BOUTIQUE\",\"item\":\"https:\\\/\\\/maximaloc.com\\\/boutique\\\/\"},{\"@type\":\"ListItem\",\"position\":3,\"name\":\"SPOTLIGHT 100S\"}]},{\"@type\":\"WebSite\",\"@id\":\"https:\\\/\\\/maximaloc.com\\\/#website\",\"url\":\"https:\\\/\\\/maximaloc.com\\\/\",\"name\":\"Maximaloc\",\"description\":\"\",\"publisher\":{\"@id\":\"https:\\\/\\\/maximaloc.com\\\/#organization\"},\"potentialAction\":[{\"@type\":\"SearchAction\",\"target\":{\"@type\":\"EntryPoint\",\"urlTemplate\":\"https:\\\/\\\/maximaloc.com\\\/?s={search_term_string}\"},\"query-input\":{\"@type\":\"PropertyValueSpecification\",\"valueRequired\":true,\"valueName\":\"search_term_string\"}}],\"inLanguage\":\"en-US\"},{\"@type\":\"Organization\",\"@id\":\"https:\\\/\\\/maximaloc.com\\\/#organization\",\"name\":\"Maximaloc\",\"url\":\"https:\\\/\\\/maximaloc.com\\\/\",\"logo\":{\"@type\":\"ImageObject\",\"inLanguage\":\"en-US\",\"@id\":\"https:\\\/\\\/maximaloc.com\\\/#\\\/schema\\\/logo\\\/image\\\/\",\"url\":\"https:\\\/\\\/maximaloc.com\\\/wp-content\\\/uploads\\\/2024\\\/03\\\/logo_noir-scaled.png\",\"contentUrl\":\"https:\\\/\\\/maximaloc.com\\\/wp-content\\\/uploads\\\/2024\\\/03\\\/logo_noir-scaled.png\",\"width\":2560,\"height\":268,\"caption\":\"Maximaloc\"},\"image\":{\"@id\":\"https:\\\/\\\/maximaloc.com\\\/#\\\/schema\\\/logo\\\/image\\\/\"},\"sameAs\":[\"https:\\\/\\\/www.facebook.com\\\/Maximalocation\"]}]}<\/script>\n<!-- \/ Yoast SEO plugin. -->","yoast_head_json":{"title":"SPOTLIGHT 100S - Maximaloc","robots":{"index":"index","follow":"follow","max-snippet":"max-snippet:-1","max-image-preview":"max-image-preview:large","max-video-preview":"max-video-preview:-1"},"canonical":"https:\/\/maximaloc.com\/en\/product\/spotlight-100s\/","og_locale":"en_US","og_type":"article","og_title":"SPOTLIGHT 100S - Maximaloc","og_description":"Nez optique de projection D\u00e9coupe avec gobos interchangeables Lentille 36\u00b0 incluse Monture Bowens S-Type\u00a0\u00a0\u00a0","og_url":"https:\/\/maximaloc.com\/en\/product\/spotlight-100s\/","og_site_name":"Maximaloc","article_publisher":"https:\/\/www.facebook.com\/Maximalocation","article_modified_time":"2026-04-13T18:30:29+00:00","og_image":[{"width":1000,"height":1000,"url":"https:\/\/maximaloc.com\/wp-content\/uploads\/2026\/02\/snoot1.png","type":"image\/png"}],"twitter_card":"summary_large_image","twitter_misc":{"Est. reading time":"1 minute"},"schema":{"@context":"https:\/\/schema.org","@graph":[{"@type":"WebPage","@id":"https:\/\/maximaloc.com\/produit\/spotlight-100s\/","url":"https:\/\/maximaloc.com\/produit\/spotlight-100s\/","name":"SPOTLIGHT 100S - Maximaloc","isPartOf":{"@id":"https:\/\/maximaloc.com\/#website"},"primaryImageOfPage":{"@id":"https:\/\/maximaloc.com\/produit\/spotlight-100s\/#primaryimage"},"image":{"@id":"https:\/\/maximaloc.com\/produit\/spotlight-100s\/#primaryimage"},"thumbnailUrl":"https:\/\/maximaloc.com\/wp-content\/uploads\/2026\/02\/snoot1.png","datePublished":"2026-02-17T08:45:50+00:00","dateModified":"2026-04-13T18:30:29+00:00","breadcrumb":{"@id":"https:\/\/maximaloc.com\/produit\/spotlight-100s\/#breadcrumb"},"inLanguage":"en-US","potentialAction":[{"@type":"ReadAction","target":["https:\/\/maximaloc.com\/produit\/spotlight-100s\/"]}]},{"@type":"ImageObject","inLanguage":"en-US","@id":"https:\/\/maximaloc.com\/produit\/spotlight-100s\/#primaryimage","url":"https:\/\/maximaloc.com\/wp-content\/uploads\/2026\/02\/snoot1.png","contentUrl":"https:\/\/maximaloc.com\/wp-content\/uploads\/2026\/02\/snoot1.png","width":1000,"height":1000},{"@type":"BreadcrumbList","@id":"https:\/\/maximaloc.com\/produit\/spotlight-100s\/#breadcrumb","itemListElement":[{"@type":"ListItem","position":1,"name":"Accueil","item":"https:\/\/maximaloc.com\/"},{"@type":"ListItem","position":2,"name":"BOUTIQUE","item":"https:\/\/maximaloc.com\/boutique\/"},{"@type":"ListItem","position":3,"name":"SPOTLIGHT 100S"}]},{"@type":"WebSite","@id":"https:\/\/maximaloc.com\/#website","url":"https:\/\/maximaloc.com\/","name":"Maximaloc","description":"","publisher":{"@id":"https:\/\/maximaloc.com\/#organization"},"potentialAction":[{"@type":"SearchAction","target":{"@type":"EntryPoint","urlTemplate":"https:\/\/maximaloc.com\/?s={search_term_string}"},"query-input":{"@type":"PropertyValueSpecification","valueRequired":true,"valueName":"search_term_string"}}],"inLanguage":"en-US"},{"@type":"Organization","@id":"https:\/\/maximaloc.com\/#organization","name":"Maximaloc","url":"https:\/\/maximaloc.com\/","logo":{"@type":"ImageObject","inLanguage":"en-US","@id":"https:\/\/maximaloc.com\/#\/schema\/logo\/image\/","url":"https:\/\/maximaloc.com\/wp-content\/uploads\/2024\/03\/logo_noir-scaled.png","contentUrl":"https:\/\/maximaloc.com\/wp-content\/uploads\/2024\/03\/logo_noir-scaled.png","width":2560,"height":268,"caption":"Maximaloc"},"image":{"@id":"https:\/\/maximaloc.com\/#\/schema\/logo\/image\/"},"sameAs":["https:\/\/www.facebook.com\/Maximalocation"]}]}},"_links":{"self":[{"href":"https:\/\/maximaloc.com\/en\/wp-json\/wp\/v2\/product\/22502","targetHints":{"allow":["GET"]}}],"collection":[{"href":"https:\/\/maximaloc.com\/en\/wp-json\/wp\/v2\/product"}],"about":[{"href":"https:\/\/maximaloc.com\/en\/wp-json\/wp\/v2\/types\/product"}],"wp:featuredmedia":[{"embeddable":true,"href":"https:\/\/maximaloc.com\/en\/wp-json\/wp\/v2\/media\/22511"}],"wp:attachment":[{"href":"https:\/\/maximaloc.com\/en\/wp-json\/wp\/v2\/media?parent=22502"}],"wp:term":[{"taxonomy":"product_cat","embeddable":true,"href":"https:\/\/maximaloc.com\/en\/wp-json\/wp\/v2\/product_cat?post=22502"},{"taxonomy":"product_tag","embeddable":true,"href":"https:\/\/maximaloc.com\/en\/wp-json\/wp\/v2\/product_tag?post=22502"}],"curies":[{"name":"wp","href":"https:\/\/api.w.org\/{rel}","templated":true}]}}