 {"id":22626,"date":"2026-02-25T17:12:09","date_gmt":"2026-02-25T16:12:09","guid":{"rendered":"https:\/\/maximaloc.com\/produit\/serie-sirui-astra-af-e-anamorphique-1-33x\/"},"modified":"2026-04-13T20:30:36","modified_gmt":"2026-04-13T18:30:36","slug":"serie-sirui-astra-af-e-anamorphique-1-33x","status":"publish","type":"product","link":"https:\/\/maximaloc.com\/en\/product\/serie-sirui-astra-af-e-anamorphique-1-33x\/","title":{"rendered":"SERIE SIRUI ASTRA AF E ANAMORPHIQUE 1.33x"},"content":{"rendered":"<p>La s\u00e9rie d\u2019objectifs anamorphiques Sirui Astra 50mm T1.8 1,33x Autofocus Anamorphic, Sirui Astra T1.8 1.33x Full Frame Autofocus Anamorphic 75mm et 100 mm T1.8 offre une approche moderne de l\u2019anamorphique pour les capteurs plein format.<\/p>\n<p>Ces optiques produisent un rendu cin\u00e9matographique avec une compression anamorphique 1,33x constante, ce qui permet d\u2019obtenir naturellement un format large proche de 2,35:1 sans recadrage, un bokeh ovale et des flares horizontaux caract\u00e9ristiques du look anamorphique, une ouverture rapide T1.8, offrant une grande latitude d\u2019exposition et une faible profondeur de champ en conditions de faible luminosit\u00e9.<\/p>\n<p>La s\u00e9rie couvre le plein format, ce qui la rend compatible avec un large \u00e9ventail d\u2019appareils hybrides modernes (Sony, Z Mount, L Mount, etc.) et donne une image immersive sans perte de pixels.<\/p>\n<p>Contrairement \u00e0 beaucoup d\u2019anamorphiques traditionnels, ces objectifs int\u00e8grent une mise au point automatique (AF), facilitant le travail en solo ou en petit \u00e9quipage, tout en conservant la possibilit\u00e9 de basculer en mode manuel pour un contr\u00f4le cin\u00e9 plus pr\u00e9cis.<\/p>\n<p>Leur conception est compacte et l\u00e9g\u00e8re (\u2248 620\u2013720 g selon la focale et la monture), ce qui simplifie l\u2019utilisation sur stabilisateurs, gimbals ou appareils l\u00e9gers.\u00a0<\/p>","protected":false},"excerpt":{"rendered":"<p>S\u00e9rie cin\u00e9 anamorphique<\/p>\n<p>Monture : E<\/p>\n<p>Couverture : Full Frame<\/p>\n<p>Diam\u00e8tre de filtre : 67mm<\/p>","protected":false},"featured_media":22642,"template":"","meta":[],"product_cat":[226],"product_tag":[197,1446,1449,1401,1448,1403,1447,273,1404,1444,1394,1445,293,272,279,286],"class_list":{"0":"post-22626","1":"product","2":"type-product","3":"status-publish","4":"has-post-thumbnail","6":"product_cat-objectifs-site-web","7":"product_tag-full-frame-24x36","8":"product_tag-1-33x","9":"product_tag-100mm","10":"product_tag-50mm","11":"product_tag-75mm","12":"product_tag-anamorphique","13":"product_tag-astra","14":"product_tag-autofocus","15":"product_tag-blazar","16":"product_tag-cinema","17":"product_tag-cinema-clip","18":"product_tag-optiques","19":"product_tag-samyang","20":"product_tag-serie","21":"product_tag-sigma","22":"product_tag-sirui","24":"first","25":"instock","26":"featured","27":"taxable","28":"shipping-taxable","29":"purchasable","30":"product-type-rentable"},"yoast_head":"<!-- This site is optimized with the Yoast SEO plugin v27.4 - https:\/\/yoast.com\/product\/yoast-seo-wordpress\/ -->\n<title>SERIE SIRUI ASTRA AF E ANAMORPHIQUE 1.33x - Maximaloc<\/title>\n<meta name=\"robots\" content=\"index, follow, max-snippet:-1, max-image-preview:large, max-video-preview:-1\" \/>\n<link rel=\"canonical\" href=\"https:\/\/maximaloc.com\/en\/product\/serie-sirui-astra-af-e-anamorphique-1-33x\/\" \/>\n<meta property=\"og:locale\" content=\"en_US\" \/>\n<meta property=\"og:type\" content=\"article\" \/>\n<meta property=\"og:title\" content=\"SERIE SIRUI ASTRA AF E ANAMORPHIQUE 1.33x - Maximaloc\" \/>\n<meta property=\"og:description\" content=\"S\u00e9rie cin\u00e9 anamorphique Monture : E Couverture : Full Frame Diam\u00e8tre de filtre : 67mm\" \/>\n<meta property=\"og:url\" content=\"https:\/\/maximaloc.com\/en\/product\/serie-sirui-astra-af-e-anamorphique-1-33x\/\" \/>\n<meta property=\"og:site_name\" content=\"Maximaloc\" \/>\n<meta property=\"article:publisher\" content=\"https:\/\/www.facebook.com\/Maximalocation\" \/>\n<meta property=\"article:modified_time\" content=\"2026-04-13T18:30:36+00:00\" \/>\n<meta property=\"og:image\" content=\"https:\/\/maximaloc.com\/wp-content\/uploads\/2024\/09\/website.webp\" \/>\n\t<meta property=\"og:image:width\" content=\"1230\" \/>\n\t<meta property=\"og:image:height\" content=\"675\" \/>\n\t<meta property=\"og:image:type\" content=\"image\/webp\" \/>\n<meta name=\"twitter:card\" content=\"summary_large_image\" \/>\n<meta name=\"twitter:label1\" content=\"Est. reading time\" \/>\n\t<meta name=\"twitter:data1\" content=\"1 minute\" \/>\n<script type=\"application\/ld+json\" class=\"yoast-schema-graph\">{\"@context\":\"https:\\\/\\\/schema.org\",\"@graph\":[{\"@type\":\"WebPage\",\"@id\":\"https:\\\/\\\/maximaloc.com\\\/produit\\\/serie-sirui-astra-af-e-anamorphique-1-33x\\\/\",\"url\":\"https:\\\/\\\/maximaloc.com\\\/produit\\\/serie-sirui-astra-af-e-anamorphique-1-33x\\\/\",\"name\":\"SERIE SIRUI ASTRA AF E ANAMORPHIQUE 1.33x - Maximaloc\",\"isPartOf\":{\"@id\":\"https:\\\/\\\/maximaloc.com\\\/#website\"},\"primaryImageOfPage\":{\"@id\":\"https:\\\/\\\/maximaloc.com\\\/produit\\\/serie-sirui-astra-af-e-anamorphique-1-33x\\\/#primaryimage\"},\"image\":{\"@id\":\"https:\\\/\\\/maximaloc.com\\\/produit\\\/serie-sirui-astra-af-e-anamorphique-1-33x\\\/#primaryimage\"},\"thumbnailUrl\":\"https:\\\/\\\/maximaloc.com\\\/wp-content\\\/uploads\\\/2026\\\/02\\\/OPTIQUES-VALISES.png\",\"datePublished\":\"2026-02-25T16:12:09+00:00\",\"dateModified\":\"2026-04-13T18:30:36+00:00\",\"breadcrumb\":{\"@id\":\"https:\\\/\\\/maximaloc.com\\\/produit\\\/serie-sirui-astra-af-e-anamorphique-1-33x\\\/#breadcrumb\"},\"inLanguage\":\"en-US\",\"potentialAction\":[{\"@type\":\"ReadAction\",\"target\":[\"https:\\\/\\\/maximaloc.com\\\/produit\\\/serie-sirui-astra-af-e-anamorphique-1-33x\\\/\"]}]},{\"@type\":\"ImageObject\",\"inLanguage\":\"en-US\",\"@id\":\"https:\\\/\\\/maximaloc.com\\\/produit\\\/serie-sirui-astra-af-e-anamorphique-1-33x\\\/#primaryimage\",\"url\":\"https:\\\/\\\/maximaloc.com\\\/wp-content\\\/uploads\\\/2026\\\/02\\\/OPTIQUES-VALISES.png\",\"contentUrl\":\"https:\\\/\\\/maximaloc.com\\\/wp-content\\\/uploads\\\/2026\\\/02\\\/OPTIQUES-VALISES.png\",\"width\":1000,\"height\":1000},{\"@type\":\"BreadcrumbList\",\"@id\":\"https:\\\/\\\/maximaloc.com\\\/produit\\\/serie-sirui-astra-af-e-anamorphique-1-33x\\\/#breadcrumb\",\"itemListElement\":[{\"@type\":\"ListItem\",\"position\":1,\"name\":\"Accueil\",\"item\":\"https:\\\/\\\/maximaloc.com\\\/\"},{\"@type\":\"ListItem\",\"position\":2,\"name\":\"BOUTIQUE\",\"item\":\"https:\\\/\\\/maximaloc.com\\\/boutique\\\/\"},{\"@type\":\"ListItem\",\"position\":3,\"name\":\"SERIE SIRUI ASTRA AF E ANAMORPHIQUE 1.33x\"}]},{\"@type\":\"WebSite\",\"@id\":\"https:\\\/\\\/maximaloc.com\\\/#website\",\"url\":\"https:\\\/\\\/maximaloc.com\\\/\",\"name\":\"Maximaloc\",\"description\":\"\",\"publisher\":{\"@id\":\"https:\\\/\\\/maximaloc.com\\\/#organization\"},\"potentialAction\":[{\"@type\":\"SearchAction\",\"target\":{\"@type\":\"EntryPoint\",\"urlTemplate\":\"https:\\\/\\\/maximaloc.com\\\/?s={search_term_string}\"},\"query-input\":{\"@type\":\"PropertyValueSpecification\",\"valueRequired\":true,\"valueName\":\"search_term_string\"}}],\"inLanguage\":\"en-US\"},{\"@type\":\"Organization\",\"@id\":\"https:\\\/\\\/maximaloc.com\\\/#organization\",\"name\":\"Maximaloc\",\"url\":\"https:\\\/\\\/maximaloc.com\\\/\",\"logo\":{\"@type\":\"ImageObject\",\"inLanguage\":\"en-US\",\"@id\":\"https:\\\/\\\/maximaloc.com\\\/#\\\/schema\\\/logo\\\/image\\\/\",\"url\":\"https:\\\/\\\/maximaloc.com\\\/wp-content\\\/uploads\\\/2024\\\/03\\\/logo_noir-scaled.png\",\"contentUrl\":\"https:\\\/\\\/maximaloc.com\\\/wp-content\\\/uploads\\\/2024\\\/03\\\/logo_noir-scaled.png\",\"width\":2560,\"height\":268,\"caption\":\"Maximaloc\"},\"image\":{\"@id\":\"https:\\\/\\\/maximaloc.com\\\/#\\\/schema\\\/logo\\\/image\\\/\"},\"sameAs\":[\"https:\\\/\\\/www.facebook.com\\\/Maximalocation\"]}]}<\/script>\n<!-- \/ Yoast SEO plugin. -->","yoast_head_json":{"title":"SERIE SIRUI ASTRA AF E ANAMORPHIQUE 1.33x - Maximaloc","robots":{"index":"index","follow":"follow","max-snippet":"max-snippet:-1","max-image-preview":"max-image-preview:large","max-video-preview":"max-video-preview:-1"},"canonical":"https:\/\/maximaloc.com\/en\/product\/serie-sirui-astra-af-e-anamorphique-1-33x\/","og_locale":"en_US","og_type":"article","og_title":"SERIE SIRUI ASTRA AF E ANAMORPHIQUE 1.33x - Maximaloc","og_description":"S\u00e9rie cin\u00e9 anamorphique Monture : E Couverture : Full Frame Diam\u00e8tre de filtre : 67mm","og_url":"https:\/\/maximaloc.com\/en\/product\/serie-sirui-astra-af-e-anamorphique-1-33x\/","og_site_name":"Maximaloc","article_publisher":"https:\/\/www.facebook.com\/Maximalocation","article_modified_time":"2026-04-13T18:30:36+00:00","og_image":[{"width":1230,"height":675,"url":"https:\/\/maximaloc.com\/wp-content\/uploads\/2024\/09\/website.webp","type":"image\/webp"}],"twitter_card":"summary_large_image","twitter_misc":{"Est. reading time":"1 minute"},"schema":{"@context":"https:\/\/schema.org","@graph":[{"@type":"WebPage","@id":"https:\/\/maximaloc.com\/produit\/serie-sirui-astra-af-e-anamorphique-1-33x\/","url":"https:\/\/maximaloc.com\/produit\/serie-sirui-astra-af-e-anamorphique-1-33x\/","name":"SERIE SIRUI ASTRA AF E ANAMORPHIQUE 1.33x - Maximaloc","isPartOf":{"@id":"https:\/\/maximaloc.com\/#website"},"primaryImageOfPage":{"@id":"https:\/\/maximaloc.com\/produit\/serie-sirui-astra-af-e-anamorphique-1-33x\/#primaryimage"},"image":{"@id":"https:\/\/maximaloc.com\/produit\/serie-sirui-astra-af-e-anamorphique-1-33x\/#primaryimage"},"thumbnailUrl":"https:\/\/maximaloc.com\/wp-content\/uploads\/2026\/02\/OPTIQUES-VALISES.png","datePublished":"2026-02-25T16:12:09+00:00","dateModified":"2026-04-13T18:30:36+00:00","breadcrumb":{"@id":"https:\/\/maximaloc.com\/produit\/serie-sirui-astra-af-e-anamorphique-1-33x\/#breadcrumb"},"inLanguage":"en-US","potentialAction":[{"@type":"ReadAction","target":["https:\/\/maximaloc.com\/produit\/serie-sirui-astra-af-e-anamorphique-1-33x\/"]}]},{"@type":"ImageObject","inLanguage":"en-US","@id":"https:\/\/maximaloc.com\/produit\/serie-sirui-astra-af-e-anamorphique-1-33x\/#primaryimage","url":"https:\/\/maximaloc.com\/wp-content\/uploads\/2026\/02\/OPTIQUES-VALISES.png","contentUrl":"https:\/\/maximaloc.com\/wp-content\/uploads\/2026\/02\/OPTIQUES-VALISES.png","width":1000,"height":1000},{"@type":"BreadcrumbList","@id":"https:\/\/maximaloc.com\/produit\/serie-sirui-astra-af-e-anamorphique-1-33x\/#breadcrumb","itemListElement":[{"@type":"ListItem","position":1,"name":"Accueil","item":"https:\/\/maximaloc.com\/"},{"@type":"ListItem","position":2,"name":"BOUTIQUE","item":"https:\/\/maximaloc.com\/boutique\/"},{"@type":"ListItem","position":3,"name":"SERIE SIRUI ASTRA AF E ANAMORPHIQUE 1.33x"}]},{"@type":"WebSite","@id":"https:\/\/maximaloc.com\/#website","url":"https:\/\/maximaloc.com\/","name":"Maximaloc","description":"","publisher":{"@id":"https:\/\/maximaloc.com\/#organization"},"potentialAction":[{"@type":"SearchAction","target":{"@type":"EntryPoint","urlTemplate":"https:\/\/maximaloc.com\/?s={search_term_string}"},"query-input":{"@type":"PropertyValueSpecification","valueRequired":true,"valueName":"search_term_string"}}],"inLanguage":"en-US"},{"@type":"Organization","@id":"https:\/\/maximaloc.com\/#organization","name":"Maximaloc","url":"https:\/\/maximaloc.com\/","logo":{"@type":"ImageObject","inLanguage":"en-US","@id":"https:\/\/maximaloc.com\/#\/schema\/logo\/image\/","url":"https:\/\/maximaloc.com\/wp-content\/uploads\/2024\/03\/logo_noir-scaled.png","contentUrl":"https:\/\/maximaloc.com\/wp-content\/uploads\/2024\/03\/logo_noir-scaled.png","width":2560,"height":268,"caption":"Maximaloc"},"image":{"@id":"https:\/\/maximaloc.com\/#\/schema\/logo\/image\/"},"sameAs":["https:\/\/www.facebook.com\/Maximalocation"]}]}},"_links":{"self":[{"href":"https:\/\/maximaloc.com\/en\/wp-json\/wp\/v2\/product\/22626","targetHints":{"allow":["GET"]}}],"collection":[{"href":"https:\/\/maximaloc.com\/en\/wp-json\/wp\/v2\/product"}],"about":[{"href":"https:\/\/maximaloc.com\/en\/wp-json\/wp\/v2\/types\/product"}],"wp:featuredmedia":[{"embeddable":true,"href":"https:\/\/maximaloc.com\/en\/wp-json\/wp\/v2\/media\/22642"}],"wp:attachment":[{"href":"https:\/\/maximaloc.com\/en\/wp-json\/wp\/v2\/media?parent=22626"}],"wp:term":[{"taxonomy":"product_cat","embeddable":true,"href":"https:\/\/maximaloc.com\/en\/wp-json\/wp\/v2\/product_cat?post=22626"},{"taxonomy":"product_tag","embeddable":true,"href":"https:\/\/maximaloc.com\/en\/wp-json\/wp\/v2\/product_tag?post=22626"}],"curies":[{"name":"wp","href":"https:\/\/api.w.org\/{rel}","templated":true}]}}