 {"id":22743,"date":"2026-03-05T09:31:57","date_gmt":"2026-03-05T08:31:57","guid":{"rendered":"https:\/\/maximaloc.com\/produit\/escabeau-noir-2-marches\/"},"modified":"2026-04-13T20:31:12","modified_gmt":"2026-04-13T18:31:12","slug":"escabeau-2-marches","status":"publish","type":"product","link":"https:\/\/maximaloc.com\/en\/product\/escabeau-2-marches\/","title":{"rendered":"ESCABEAU 2 MARCHES"},"content":{"rendered":"<p>L&#8217;escabeau 4 Marches est une \u00e9chelle robuste con\u00e7ue pour offrir stabilit\u00e9, s\u00e9curit\u00e9 et confort.<\/p>\n<p>Sa structure en acier renforc\u00e9 avec technologie de rivetage m\u00e9tallique permet de supporter jusqu\u2019\u00e0 150 kg, assurant solidit\u00e9 et durabilit\u00e9 dans le temps.<\/p>\n<p>Les larges marches antid\u00e9rapantes en caoutchouc garantissent une excellente adh\u00e9rence, tandis que la main courante rembourr\u00e9e am\u00e9liore le confort d\u2019utilisation.<\/p>\n<p>\u00c9quip\u00e9 d\u2019un plateau \u00e0 outils pliable, il permet de garder peinture et accessoires \u00e0 port\u00e9e de main sans avoir \u00e0 monter et descendre constamment.<\/p>\n<p>Facile \u00e0 ranger gr\u00e2ce \u00e0 son format pliable ultra-fin (7 cm d\u2019\u00e9paisseur), il est adapt\u00e9 aussi bien pour un usage int\u00e9rieur qu\u2019ext\u00e9rieur.<\/p>\n<p>\u00a0<\/p>","protected":false},"excerpt":{"rendered":"<p>Escabeau pliable<\/p>\n<p>Marches : 2\u00a0<\/p>\n<p>Dimensions: 82 x 55 x 46 cm<\/p>\n<p>Couleur: Blanc<\/p>","protected":false},"featured_media":22767,"template":"","meta":[],"product_cat":[405],"product_tag":[1396,1437,1439,1438],"class_list":{"0":"post-22743","1":"product","2":"type-product","3":"status-publish","4":"has-post-thumbnail","6":"product_cat-roulante-chariot","7":"product_tag-captation-evenementiel","8":"product_tag-echelle","9":"product_tag-escabeau","10":"product_tag-machinerie","12":"first","13":"instock","14":"taxable","15":"shipping-taxable","16":"purchasable","17":"product-type-rentable"},"yoast_head":"<!-- This site is optimized with the Yoast SEO plugin v27.4 - https:\/\/yoast.com\/product\/yoast-seo-wordpress\/ -->\n<title>ESCABEAU 2 MARCHES - Maximaloc<\/title>\n<meta name=\"robots\" content=\"index, follow, max-snippet:-1, max-image-preview:large, max-video-preview:-1\" \/>\n<link rel=\"canonical\" href=\"https:\/\/maximaloc.com\/en\/product\/escabeau-2-marches\/\" \/>\n<meta property=\"og:locale\" content=\"en_US\" \/>\n<meta property=\"og:type\" content=\"article\" \/>\n<meta property=\"og:title\" content=\"ESCABEAU 2 MARCHES - Maximaloc\" \/>\n<meta property=\"og:description\" content=\"Escabeau pliable Marches : 2\u00a0 Dimensions: 82 x 55 x 46 cm Couleur: Blanc\" \/>\n<meta property=\"og:url\" content=\"https:\/\/maximaloc.com\/en\/product\/escabeau-2-marches\/\" \/>\n<meta property=\"og:site_name\" content=\"Maximaloc\" \/>\n<meta property=\"article:publisher\" content=\"https:\/\/www.facebook.com\/Maximalocation\" \/>\n<meta property=\"article:modified_time\" content=\"2026-04-13T18:31:12+00:00\" \/>\n<meta property=\"og:image\" content=\"https:\/\/maximaloc.com\/wp-content\/uploads\/2026\/03\/ESCABEAU-2-MARCHES-1.png\" \/>\n\t<meta property=\"og:image:width\" content=\"1000\" \/>\n\t<meta property=\"og:image:height\" content=\"1000\" \/>\n\t<meta property=\"og:image:type\" content=\"image\/png\" \/>\n<meta name=\"twitter:card\" content=\"summary_large_image\" \/>\n<meta name=\"twitter:label1\" content=\"Est. reading time\" \/>\n\t<meta name=\"twitter:data1\" content=\"1 minute\" \/>\n<script type=\"application\/ld+json\" class=\"yoast-schema-graph\">{\"@context\":\"https:\\\/\\\/schema.org\",\"@graph\":[{\"@type\":\"WebPage\",\"@id\":\"https:\\\/\\\/maximaloc.com\\\/produit\\\/escabeau-2-marches\\\/\",\"url\":\"https:\\\/\\\/maximaloc.com\\\/produit\\\/escabeau-2-marches\\\/\",\"name\":\"ESCABEAU 2 MARCHES - Maximaloc\",\"isPartOf\":{\"@id\":\"https:\\\/\\\/maximaloc.com\\\/#website\"},\"primaryImageOfPage\":{\"@id\":\"https:\\\/\\\/maximaloc.com\\\/produit\\\/escabeau-2-marches\\\/#primaryimage\"},\"image\":{\"@id\":\"https:\\\/\\\/maximaloc.com\\\/produit\\\/escabeau-2-marches\\\/#primaryimage\"},\"thumbnailUrl\":\"https:\\\/\\\/maximaloc.com\\\/wp-content\\\/uploads\\\/2026\\\/03\\\/ESCABEAU-2-MARCHES-1.png\",\"datePublished\":\"2026-03-05T08:31:57+00:00\",\"dateModified\":\"2026-04-13T18:31:12+00:00\",\"breadcrumb\":{\"@id\":\"https:\\\/\\\/maximaloc.com\\\/produit\\\/escabeau-2-marches\\\/#breadcrumb\"},\"inLanguage\":\"en-US\",\"potentialAction\":[{\"@type\":\"ReadAction\",\"target\":[\"https:\\\/\\\/maximaloc.com\\\/produit\\\/escabeau-2-marches\\\/\"]}]},{\"@type\":\"ImageObject\",\"inLanguage\":\"en-US\",\"@id\":\"https:\\\/\\\/maximaloc.com\\\/produit\\\/escabeau-2-marches\\\/#primaryimage\",\"url\":\"https:\\\/\\\/maximaloc.com\\\/wp-content\\\/uploads\\\/2026\\\/03\\\/ESCABEAU-2-MARCHES-1.png\",\"contentUrl\":\"https:\\\/\\\/maximaloc.com\\\/wp-content\\\/uploads\\\/2026\\\/03\\\/ESCABEAU-2-MARCHES-1.png\",\"width\":1000,\"height\":1000},{\"@type\":\"BreadcrumbList\",\"@id\":\"https:\\\/\\\/maximaloc.com\\\/produit\\\/escabeau-2-marches\\\/#breadcrumb\",\"itemListElement\":[{\"@type\":\"ListItem\",\"position\":1,\"name\":\"Accueil\",\"item\":\"https:\\\/\\\/maximaloc.com\\\/\"},{\"@type\":\"ListItem\",\"position\":2,\"name\":\"BOUTIQUE\",\"item\":\"https:\\\/\\\/maximaloc.com\\\/boutique\\\/\"},{\"@type\":\"ListItem\",\"position\":3,\"name\":\"ESCABEAU 2 MARCHES\"}]},{\"@type\":\"WebSite\",\"@id\":\"https:\\\/\\\/maximaloc.com\\\/#website\",\"url\":\"https:\\\/\\\/maximaloc.com\\\/\",\"name\":\"Maximaloc\",\"description\":\"\",\"publisher\":{\"@id\":\"https:\\\/\\\/maximaloc.com\\\/#organization\"},\"potentialAction\":[{\"@type\":\"SearchAction\",\"target\":{\"@type\":\"EntryPoint\",\"urlTemplate\":\"https:\\\/\\\/maximaloc.com\\\/?s={search_term_string}\"},\"query-input\":{\"@type\":\"PropertyValueSpecification\",\"valueRequired\":true,\"valueName\":\"search_term_string\"}}],\"inLanguage\":\"en-US\"},{\"@type\":\"Organization\",\"@id\":\"https:\\\/\\\/maximaloc.com\\\/#organization\",\"name\":\"Maximaloc\",\"url\":\"https:\\\/\\\/maximaloc.com\\\/\",\"logo\":{\"@type\":\"ImageObject\",\"inLanguage\":\"en-US\",\"@id\":\"https:\\\/\\\/maximaloc.com\\\/#\\\/schema\\\/logo\\\/image\\\/\",\"url\":\"https:\\\/\\\/maximaloc.com\\\/wp-content\\\/uploads\\\/2024\\\/03\\\/logo_noir-scaled.png\",\"contentUrl\":\"https:\\\/\\\/maximaloc.com\\\/wp-content\\\/uploads\\\/2024\\\/03\\\/logo_noir-scaled.png\",\"width\":2560,\"height\":268,\"caption\":\"Maximaloc\"},\"image\":{\"@id\":\"https:\\\/\\\/maximaloc.com\\\/#\\\/schema\\\/logo\\\/image\\\/\"},\"sameAs\":[\"https:\\\/\\\/www.facebook.com\\\/Maximalocation\"]}]}<\/script>\n<!-- \/ Yoast SEO plugin. -->","yoast_head_json":{"title":"ESCABEAU 2 MARCHES - Maximaloc","robots":{"index":"index","follow":"follow","max-snippet":"max-snippet:-1","max-image-preview":"max-image-preview:large","max-video-preview":"max-video-preview:-1"},"canonical":"https:\/\/maximaloc.com\/en\/product\/escabeau-2-marches\/","og_locale":"en_US","og_type":"article","og_title":"ESCABEAU 2 MARCHES - Maximaloc","og_description":"Escabeau pliable Marches : 2\u00a0 Dimensions: 82 x 55 x 46 cm Couleur: Blanc","og_url":"https:\/\/maximaloc.com\/en\/product\/escabeau-2-marches\/","og_site_name":"Maximaloc","article_publisher":"https:\/\/www.facebook.com\/Maximalocation","article_modified_time":"2026-04-13T18:31:12+00:00","og_image":[{"width":1000,"height":1000,"url":"https:\/\/maximaloc.com\/wp-content\/uploads\/2026\/03\/ESCABEAU-2-MARCHES-1.png","type":"image\/png"}],"twitter_card":"summary_large_image","twitter_misc":{"Est. reading time":"1 minute"},"schema":{"@context":"https:\/\/schema.org","@graph":[{"@type":"WebPage","@id":"https:\/\/maximaloc.com\/produit\/escabeau-2-marches\/","url":"https:\/\/maximaloc.com\/produit\/escabeau-2-marches\/","name":"ESCABEAU 2 MARCHES - Maximaloc","isPartOf":{"@id":"https:\/\/maximaloc.com\/#website"},"primaryImageOfPage":{"@id":"https:\/\/maximaloc.com\/produit\/escabeau-2-marches\/#primaryimage"},"image":{"@id":"https:\/\/maximaloc.com\/produit\/escabeau-2-marches\/#primaryimage"},"thumbnailUrl":"https:\/\/maximaloc.com\/wp-content\/uploads\/2026\/03\/ESCABEAU-2-MARCHES-1.png","datePublished":"2026-03-05T08:31:57+00:00","dateModified":"2026-04-13T18:31:12+00:00","breadcrumb":{"@id":"https:\/\/maximaloc.com\/produit\/escabeau-2-marches\/#breadcrumb"},"inLanguage":"en-US","potentialAction":[{"@type":"ReadAction","target":["https:\/\/maximaloc.com\/produit\/escabeau-2-marches\/"]}]},{"@type":"ImageObject","inLanguage":"en-US","@id":"https:\/\/maximaloc.com\/produit\/escabeau-2-marches\/#primaryimage","url":"https:\/\/maximaloc.com\/wp-content\/uploads\/2026\/03\/ESCABEAU-2-MARCHES-1.png","contentUrl":"https:\/\/maximaloc.com\/wp-content\/uploads\/2026\/03\/ESCABEAU-2-MARCHES-1.png","width":1000,"height":1000},{"@type":"BreadcrumbList","@id":"https:\/\/maximaloc.com\/produit\/escabeau-2-marches\/#breadcrumb","itemListElement":[{"@type":"ListItem","position":1,"name":"Accueil","item":"https:\/\/maximaloc.com\/"},{"@type":"ListItem","position":2,"name":"BOUTIQUE","item":"https:\/\/maximaloc.com\/boutique\/"},{"@type":"ListItem","position":3,"name":"ESCABEAU 2 MARCHES"}]},{"@type":"WebSite","@id":"https:\/\/maximaloc.com\/#website","url":"https:\/\/maximaloc.com\/","name":"Maximaloc","description":"","publisher":{"@id":"https:\/\/maximaloc.com\/#organization"},"potentialAction":[{"@type":"SearchAction","target":{"@type":"EntryPoint","urlTemplate":"https:\/\/maximaloc.com\/?s={search_term_string}"},"query-input":{"@type":"PropertyValueSpecification","valueRequired":true,"valueName":"search_term_string"}}],"inLanguage":"en-US"},{"@type":"Organization","@id":"https:\/\/maximaloc.com\/#organization","name":"Maximaloc","url":"https:\/\/maximaloc.com\/","logo":{"@type":"ImageObject","inLanguage":"en-US","@id":"https:\/\/maximaloc.com\/#\/schema\/logo\/image\/","url":"https:\/\/maximaloc.com\/wp-content\/uploads\/2024\/03\/logo_noir-scaled.png","contentUrl":"https:\/\/maximaloc.com\/wp-content\/uploads\/2024\/03\/logo_noir-scaled.png","width":2560,"height":268,"caption":"Maximaloc"},"image":{"@id":"https:\/\/maximaloc.com\/#\/schema\/logo\/image\/"},"sameAs":["https:\/\/www.facebook.com\/Maximalocation"]}]}},"_links":{"self":[{"href":"https:\/\/maximaloc.com\/en\/wp-json\/wp\/v2\/product\/22743","targetHints":{"allow":["GET"]}}],"collection":[{"href":"https:\/\/maximaloc.com\/en\/wp-json\/wp\/v2\/product"}],"about":[{"href":"https:\/\/maximaloc.com\/en\/wp-json\/wp\/v2\/types\/product"}],"wp:featuredmedia":[{"embeddable":true,"href":"https:\/\/maximaloc.com\/en\/wp-json\/wp\/v2\/media\/22767"}],"wp:attachment":[{"href":"https:\/\/maximaloc.com\/en\/wp-json\/wp\/v2\/media?parent=22743"}],"wp:term":[{"taxonomy":"product_cat","embeddable":true,"href":"https:\/\/maximaloc.com\/en\/wp-json\/wp\/v2\/product_cat?post=22743"},{"taxonomy":"product_tag","embeddable":true,"href":"https:\/\/maximaloc.com\/en\/wp-json\/wp\/v2\/product_tag?post=22743"}],"curies":[{"name":"wp","href":"https:\/\/api.w.org\/{rel}","templated":true}]}}