 {"id":22900,"date":"2026-03-17T11:12:01","date_gmt":"2026-03-17T10:12:01","guid":{"rendered":"https:\/\/maximaloc.com\/produit\/sachtler-fsb-8-mkii-flowtech-75-gs\/"},"modified":"2026-04-09T21:35:56","modified_gmt":"2026-04-09T19:35:56","slug":"sachtler-fsb-8-mkii-flowtech-75-gs","status":"publish","type":"product","link":"https:\/\/maximaloc.com\/en\/product\/sachtler-fsb-8-mkii-flowtech-75-gs\/","title":{"rendered":"SACHTLER FSB 8 MKII FLOWTECH 75 GS"},"content":{"rendered":"<p>La Sachtler FSB 8 Mk II est une t\u00eate fluide qui offre un mouvement de pr\u00e9cision avec des niveaux de tra\u00een\u00e9e et de contrepoids finement calibr\u00e9s pour une capture parfaite. Elle est con\u00e7ue pour r\u00e9sister aux conditions les plus difficiles afin de fournir un support de cam\u00e9ra fiable, sur la dur\u00e9e.<\/p>\n<p>\u00a0<\/p>\n<p>Sa friction panoramique 7+0 offre des mouvements de cam\u00e9ra fluides, adapt\u00e9s \u00e0 votre charge utile. Cela vous permet de r\u00e9aliser des Pans de pr\u00e9cision avec des d\u00e9marrages et des arr\u00eats en douceur.<\/p>\n<p>\u00a0<\/p>\n<p>Tr\u00e8s stable, la t\u00eate offre des pan-tilt fluides pour s\u2019adapter \u00e0 n\u2019importe quelle charge utile de cam\u00e9ra \u00e0 partir de 0 kg.<\/p>\n<p>\u00a0<\/p>\n<p>La t\u00eate int\u00e8gre un niveau PrismBubble illumin\u00e9 et innovant, visible de n\u2019importe quelle hauteur, de jour comme de nuit.<\/p>\n<p>\u00a0<\/p>\n<p><strong>Points forts :<\/strong><\/p>\n<ul>\n<li>Fonctionnement en douceur<\/li>\n<li>Finement \u00e9quilibr\u00e9e<\/li>\n<li>PrismBubble int\u00e9gr\u00e9<\/li>\n<li>Con\u00e7ue avec des mat\u00e9riaux r\u00e9sistant<\/li>\n<li>Charge admissible jusqu\u2019\u00e0 12kg<\/li>\n<\/ul>","protected":false},"excerpt":{"rendered":"<p>Type : Tr\u00e9pied Vid\u00e9o Carbone<\/p>\n<p>Poids support\u00e9 : 12 Kg<\/p>\n<p>Hauteur max : 171\u00a0cm<\/p>\n<p>Hauteur min : 40\u00a0cm<\/p>","protected":false},"featured_media":22916,"template":"","meta":[],"product_cat":[390],"product_tag":[],"class_list":{"0":"post-22900","1":"product","2":"type-product","3":"status-publish","4":"has-post-thumbnail","6":"product_cat-trepied-video","8":"first","9":"instock","10":"featured","11":"taxable","12":"shipping-taxable","13":"purchasable","14":"product-type-rentable"},"yoast_head":"<!-- This site is optimized with the Yoast SEO plugin v24.1 - https:\/\/yoast.com\/wordpress\/plugins\/seo\/ -->\n<title>SACHTLER FSB 8 MKII FLOWTECH 75 GS - Maximaloc<\/title>\n<meta name=\"robots\" content=\"index, follow, max-snippet:-1, max-image-preview:large, max-video-preview:-1\" \/>\n<link rel=\"canonical\" href=\"https:\/\/maximaloc.com\/en\/product\/sachtler-fsb-8-mkii-flowtech-75-gs\/\" \/>\n<meta property=\"og:locale\" content=\"en_US\" \/>\n<meta property=\"og:type\" content=\"article\" \/>\n<meta property=\"og:title\" content=\"SACHTLER FSB 8 MKII FLOWTECH 75 GS - Maximaloc\" \/>\n<meta property=\"og:description\" content=\"Type : Tr\u00e9pied Vid\u00e9o Carbone Poids support\u00e9 : 12 Kg Hauteur max : 171\u00a0cm Hauteur min : 40\u00a0cm\" \/>\n<meta property=\"og:url\" content=\"https:\/\/maximaloc.com\/en\/product\/sachtler-fsb-8-mkii-flowtech-75-gs\/\" \/>\n<meta property=\"og:site_name\" content=\"Maximaloc\" \/>\n<meta property=\"article:publisher\" content=\"https:\/\/www.facebook.com\/Maximalocation\" \/>\n<meta property=\"article:modified_time\" content=\"2026-04-09T19:35:56+00:00\" \/>\n<meta property=\"og:image\" content=\"https:\/\/maximaloc.com\/wp-content\/uploads\/2026\/03\/FSB8-II-1.webp\" \/>\n\t<meta property=\"og:image:width\" content=\"1000\" \/>\n\t<meta property=\"og:image:height\" content=\"724\" \/>\n\t<meta property=\"og:image:type\" content=\"image\/webp\" \/>\n<meta name=\"twitter:card\" content=\"summary_large_image\" \/>\n<meta name=\"twitter:label1\" content=\"Est. reading time\" \/>\n\t<meta name=\"twitter:data1\" content=\"1 minute\" \/>\n<script type=\"application\/ld+json\" class=\"yoast-schema-graph\">{\"@context\":\"https:\/\/schema.org\",\"@graph\":[{\"@type\":\"WebPage\",\"@id\":\"https:\/\/maximaloc.com\/produit\/sachtler-fsb-8-mkii-flowtech-75-gs\/\",\"url\":\"https:\/\/maximaloc.com\/produit\/sachtler-fsb-8-mkii-flowtech-75-gs\/\",\"name\":\"SACHTLER FSB 8 MKII FLOWTECH 75 GS - Maximaloc\",\"isPartOf\":{\"@id\":\"https:\/\/maximaloc.com\/#website\"},\"primaryImageOfPage\":{\"@id\":\"https:\/\/maximaloc.com\/produit\/sachtler-fsb-8-mkii-flowtech-75-gs\/#primaryimage\"},\"image\":{\"@id\":\"https:\/\/maximaloc.com\/produit\/sachtler-fsb-8-mkii-flowtech-75-gs\/#primaryimage\"},\"thumbnailUrl\":\"https:\/\/maximaloc.com\/wp-content\/uploads\/2026\/03\/FSB8-II-1.webp\",\"datePublished\":\"2026-03-17T10:12:01+00:00\",\"dateModified\":\"2026-04-09T19:35:56+00:00\",\"breadcrumb\":{\"@id\":\"https:\/\/maximaloc.com\/produit\/sachtler-fsb-8-mkii-flowtech-75-gs\/#breadcrumb\"},\"inLanguage\":\"en-US\",\"potentialAction\":[{\"@type\":\"ReadAction\",\"target\":[\"https:\/\/maximaloc.com\/produit\/sachtler-fsb-8-mkii-flowtech-75-gs\/\"]}]},{\"@type\":\"ImageObject\",\"inLanguage\":\"en-US\",\"@id\":\"https:\/\/maximaloc.com\/produit\/sachtler-fsb-8-mkii-flowtech-75-gs\/#primaryimage\",\"url\":\"https:\/\/maximaloc.com\/wp-content\/uploads\/2026\/03\/FSB8-II-1.webp\",\"contentUrl\":\"https:\/\/maximaloc.com\/wp-content\/uploads\/2026\/03\/FSB8-II-1.webp\",\"width\":1000,\"height\":724},{\"@type\":\"BreadcrumbList\",\"@id\":\"https:\/\/maximaloc.com\/produit\/sachtler-fsb-8-mkii-flowtech-75-gs\/#breadcrumb\",\"itemListElement\":[{\"@type\":\"ListItem\",\"position\":1,\"name\":\"Accueil\",\"item\":\"https:\/\/maximaloc.com\/\"},{\"@type\":\"ListItem\",\"position\":2,\"name\":\"BOUTIQUE\",\"item\":\"https:\/\/maximaloc.com\/boutique\/\"},{\"@type\":\"ListItem\",\"position\":3,\"name\":\"SACHTLER FSB 8 MKII FLOWTECH 75 GS\"}]},{\"@type\":\"WebSite\",\"@id\":\"https:\/\/maximaloc.com\/#website\",\"url\":\"https:\/\/maximaloc.com\/\",\"name\":\"Maximaloc\",\"description\":\"\",\"publisher\":{\"@id\":\"https:\/\/maximaloc.com\/#organization\"},\"potentialAction\":[{\"@type\":\"SearchAction\",\"target\":{\"@type\":\"EntryPoint\",\"urlTemplate\":\"https:\/\/maximaloc.com\/?s={search_term_string}\"},\"query-input\":{\"@type\":\"PropertyValueSpecification\",\"valueRequired\":true,\"valueName\":\"search_term_string\"}}],\"inLanguage\":\"en-US\"},{\"@type\":\"Organization\",\"@id\":\"https:\/\/maximaloc.com\/#organization\",\"name\":\"Maximaloc\",\"url\":\"https:\/\/maximaloc.com\/\",\"logo\":{\"@type\":\"ImageObject\",\"inLanguage\":\"en-US\",\"@id\":\"https:\/\/maximaloc.com\/#\/schema\/logo\/image\/\",\"url\":\"https:\/\/maximaloc.com\/wp-content\/uploads\/2024\/03\/logo_noir.png\",\"contentUrl\":\"https:\/\/maximaloc.com\/wp-content\/uploads\/2024\/03\/logo_noir.png\",\"width\":11750,\"height\":1231,\"caption\":\"Maximaloc\"},\"image\":{\"@id\":\"https:\/\/maximaloc.com\/#\/schema\/logo\/image\/\"},\"sameAs\":[\"https:\/\/www.facebook.com\/Maximalocation\"]}]}<\/script>\n<!-- \/ Yoast SEO plugin. -->","yoast_head_json":{"title":"SACHTLER FSB 8 MKII FLOWTECH 75 GS - Maximaloc","robots":{"index":"index","follow":"follow","max-snippet":"max-snippet:-1","max-image-preview":"max-image-preview:large","max-video-preview":"max-video-preview:-1"},"canonical":"https:\/\/maximaloc.com\/en\/product\/sachtler-fsb-8-mkii-flowtech-75-gs\/","og_locale":"en_US","og_type":"article","og_title":"SACHTLER FSB 8 MKII FLOWTECH 75 GS - Maximaloc","og_description":"Type : Tr\u00e9pied Vid\u00e9o Carbone Poids support\u00e9 : 12 Kg Hauteur max : 171\u00a0cm Hauteur min : 40\u00a0cm","og_url":"https:\/\/maximaloc.com\/en\/product\/sachtler-fsb-8-mkii-flowtech-75-gs\/","og_site_name":"Maximaloc","article_publisher":"https:\/\/www.facebook.com\/Maximalocation","article_modified_time":"2026-04-09T19:35:56+00:00","og_image":[{"width":1000,"height":724,"url":"https:\/\/maximaloc.com\/wp-content\/uploads\/2026\/03\/FSB8-II-1.webp","type":"image\/webp"}],"twitter_card":"summary_large_image","twitter_misc":{"Est. reading time":"1 minute"},"schema":{"@context":"https:\/\/schema.org","@graph":[{"@type":"WebPage","@id":"https:\/\/maximaloc.com\/produit\/sachtler-fsb-8-mkii-flowtech-75-gs\/","url":"https:\/\/maximaloc.com\/produit\/sachtler-fsb-8-mkii-flowtech-75-gs\/","name":"SACHTLER FSB 8 MKII FLOWTECH 75 GS - Maximaloc","isPartOf":{"@id":"https:\/\/maximaloc.com\/#website"},"primaryImageOfPage":{"@id":"https:\/\/maximaloc.com\/produit\/sachtler-fsb-8-mkii-flowtech-75-gs\/#primaryimage"},"image":{"@id":"https:\/\/maximaloc.com\/produit\/sachtler-fsb-8-mkii-flowtech-75-gs\/#primaryimage"},"thumbnailUrl":"https:\/\/maximaloc.com\/wp-content\/uploads\/2026\/03\/FSB8-II-1.webp","datePublished":"2026-03-17T10:12:01+00:00","dateModified":"2026-04-09T19:35:56+00:00","breadcrumb":{"@id":"https:\/\/maximaloc.com\/produit\/sachtler-fsb-8-mkii-flowtech-75-gs\/#breadcrumb"},"inLanguage":"en-US","potentialAction":[{"@type":"ReadAction","target":["https:\/\/maximaloc.com\/produit\/sachtler-fsb-8-mkii-flowtech-75-gs\/"]}]},{"@type":"ImageObject","inLanguage":"en-US","@id":"https:\/\/maximaloc.com\/produit\/sachtler-fsb-8-mkii-flowtech-75-gs\/#primaryimage","url":"https:\/\/maximaloc.com\/wp-content\/uploads\/2026\/03\/FSB8-II-1.webp","contentUrl":"https:\/\/maximaloc.com\/wp-content\/uploads\/2026\/03\/FSB8-II-1.webp","width":1000,"height":724},{"@type":"BreadcrumbList","@id":"https:\/\/maximaloc.com\/produit\/sachtler-fsb-8-mkii-flowtech-75-gs\/#breadcrumb","itemListElement":[{"@type":"ListItem","position":1,"name":"Accueil","item":"https:\/\/maximaloc.com\/"},{"@type":"ListItem","position":2,"name":"BOUTIQUE","item":"https:\/\/maximaloc.com\/boutique\/"},{"@type":"ListItem","position":3,"name":"SACHTLER FSB 8 MKII FLOWTECH 75 GS"}]},{"@type":"WebSite","@id":"https:\/\/maximaloc.com\/#website","url":"https:\/\/maximaloc.com\/","name":"Maximaloc","description":"","publisher":{"@id":"https:\/\/maximaloc.com\/#organization"},"potentialAction":[{"@type":"SearchAction","target":{"@type":"EntryPoint","urlTemplate":"https:\/\/maximaloc.com\/?s={search_term_string}"},"query-input":{"@type":"PropertyValueSpecification","valueRequired":true,"valueName":"search_term_string"}}],"inLanguage":"en-US"},{"@type":"Organization","@id":"https:\/\/maximaloc.com\/#organization","name":"Maximaloc","url":"https:\/\/maximaloc.com\/","logo":{"@type":"ImageObject","inLanguage":"en-US","@id":"https:\/\/maximaloc.com\/#\/schema\/logo\/image\/","url":"https:\/\/maximaloc.com\/wp-content\/uploads\/2024\/03\/logo_noir.png","contentUrl":"https:\/\/maximaloc.com\/wp-content\/uploads\/2024\/03\/logo_noir.png","width":11750,"height":1231,"caption":"Maximaloc"},"image":{"@id":"https:\/\/maximaloc.com\/#\/schema\/logo\/image\/"},"sameAs":["https:\/\/www.facebook.com\/Maximalocation"]}]}},"_links":{"self":[{"href":"https:\/\/maximaloc.com\/en\/wp-json\/wp\/v2\/product\/22900","targetHints":{"allow":["GET"]}}],"collection":[{"href":"https:\/\/maximaloc.com\/en\/wp-json\/wp\/v2\/product"}],"about":[{"href":"https:\/\/maximaloc.com\/en\/wp-json\/wp\/v2\/types\/product"}],"wp:featuredmedia":[{"embeddable":true,"href":"https:\/\/maximaloc.com\/en\/wp-json\/wp\/v2\/media\/22916"}],"wp:attachment":[{"href":"https:\/\/maximaloc.com\/en\/wp-json\/wp\/v2\/media?parent=22900"}],"wp:term":[{"taxonomy":"product_cat","embeddable":true,"href":"https:\/\/maximaloc.com\/en\/wp-json\/wp\/v2\/product_cat?post=22900"},{"taxonomy":"product_tag","embeddable":true,"href":"https:\/\/maximaloc.com\/en\/wp-json\/wp\/v2\/product_tag?post=22900"}],"curies":[{"name":"wp","href":"https:\/\/api.w.org\/{rel}","templated":true}]}}