 {"id":22957,"date":"2026-03-21T12:46:28","date_gmt":"2026-03-21T11:46:28","guid":{"rendered":"https:\/\/maximaloc.com\/produit\/aputure-spotlight-max-36\/"},"modified":"2026-05-06T15:48:46","modified_gmt":"2026-05-06T13:48:46","slug":"aputure-spotlight-max-36","status":"publish","type":"product","link":"https:\/\/maximaloc.com\/en\/product\/aputure-spotlight-max-36\/","title":{"rendered":"APUTURE SPOTLIGHT MAX 36\u00b0"},"content":{"rendered":"<p><u><strong>Location Aputure Spotlight Max 36\u00b0 \u00e0 Paris \u2013 Projecteur Ellipso\u00efdal | Maximaloc<\/strong><\/u><\/p>\n<p>L&#8217;Aputure Spotlight Max est un modificateur de type projecteur ellipso\u00efdal qui transforme un COB LED haute puissance en projecteur de th\u00e9\u00e2tre. Son iris r\u00e9glable, son porte-gobo rotatif et ses lentilles interchangeables (19\u00b0, 36\u00b0, 50\u00b0) permettent de projeter des faisceaux durs aux bords nets, des d\u00e9coupes g\u00e9om\u00e9triques et des effets de gobos. R\u00e9serv\u00e9 aux COB 600 et 1200 (le Spotlight Mount est recommand\u00e9 pour les COB 120\/300 et les Amaran 150C\/300C).<\/p>\n<p><strong><u>Features<\/u><\/strong><\/p>\n<p>Lentille incluse :36\u00b0 |Autres lentilles Spotlight Max :19\u00b0 (serr\u00e9) et 50\u00b0 (large)<br \/>Iris :R\u00e9glable \u2013 contr\u00f4le du diam\u00e8tre du faisceau<br \/>Gobo :Porte-gobo rotatif int\u00e9gr\u00e9 + 3 gobos inclus<br \/>Compatibilit\u00e9 :LS 600D \/ 600X \/ 600C + LS 1200D \/ 1200X (uniquement)<br \/>Poids :4,7 kg (avec lentille) |Fixation :Spigot 5\/8&#8243; + femelle 1&#8243;1\/8<\/p>\n<p>Spotlight Max vs Spotlight Mount<br \/>Spotlight Max : pour COB 600\/1200 uniquement \u2013 plus grande ouverture<br \/>Spotlight Mount : pour COB 120\/300 et Amaran 150C\/300C \u2013 lentilles 19\u00b0, 26\u00b0, 36\u00b0<\/p>\n<p><u><strong>Points forts<\/strong><\/u><\/p>\n<p>\u2022\u00a0\u00a0\u00a0\u00a0\u00a0\u00a0\u00a0 Faisceau dur aux bords nets \u2013 effet projecteur de th\u00e9\u00e2tre en LED<\/p>\n<p>\u2022\u00a0\u00a0\u00a0\u00a0\u00a0\u00a0\u00a0 Iris r\u00e9glable \u2013 contr\u00f4le pr\u00e9cis du diam\u00e8tre du spot<\/p>\n<p>\u2022\u00a0\u00a0\u00a0\u00a0\u00a0\u00a0\u00a0 Porte-gobo rotatif \u2013 motifs et textures projet\u00e9s sur d\u00e9cors<\/p>\n<p>\u2022\u00a0\u00a0\u00a0\u00a0\u00a0\u00a0\u00a0 Lentilles 19\u00b0\/36\u00b0\/50\u00b0 \u2013 du spot serr\u00e9 au faisceau large<\/p>\n<p>Location Aputure Spotlight Max chez Maximaloc. Voir aussi Lentilles 19\u00b0 et 50\u00b0 (en option s\u00e9par\u00e9e).<\/p>","protected":false},"excerpt":{"rendered":"<p>Projecteur optique Aputure Spotlight Max 36\u00b0<\/p>\n<p>Angle de faisceau : 36\u00b0<\/p>\n<p>Monture : Bowens<\/p>\n<p>Compatibilit\u00e9 : Projecteurs LED Aputure (LS 600, 1200, etc.)<\/p>\n<p>Utilisation : Cin\u00e9ma, studio, \u00e9clairage cr\u00e9atif, effets de projection\u00a0<\/p>","protected":false},"featured_media":22965,"template":"","meta":[],"product_cat":[308],"product_tag":[1563,295,1564,1565,1566,1557,1562],"class_list":{"0":"post-22957","1":"product","2":"type-product","3":"status-publish","4":"has-post-thumbnail","6":"product_cat-monture-bowen","7":"product_tag-1563","8":"product_tag-aputure","9":"product_tag-faisceau","10":"product_tag-gobo","11":"product_tag-iris","12":"product_tag-location-eclairage","13":"product_tag-spotlight-max","15":"first","16":"instock","17":"featured","18":"taxable","19":"shipping-taxable","20":"purchasable","21":"product-type-rentable"},"yoast_head":"<!-- This site is optimized with the Yoast SEO plugin v27.5 - https:\/\/yoast.com\/product\/yoast-seo-wordpress\/ -->\n<title>APUTURE SPOTLIGHT MAX 36\u00b0 - Maximaloc<\/title>\n<meta name=\"robots\" content=\"noindex, nofollow\" \/>\n<meta property=\"og:locale\" content=\"en_US\" \/>\n<meta property=\"og:type\" content=\"article\" \/>\n<meta property=\"og:title\" content=\"APUTURE SPOTLIGHT MAX 36\u00b0 - Maximaloc\" \/>\n<meta property=\"og:description\" content=\"Projecteur optique Aputure Spotlight Max 36\u00b0 Angle de faisceau : 36\u00b0 Monture : Bowens Compatibilit\u00e9 : Projecteurs LED Aputure (LS 600, 1200, etc.) Utilisation : Cin\u00e9ma, studio, \u00e9clairage cr\u00e9atif, effets de projection\u00a0\" \/>\n<meta property=\"og:url\" content=\"https:\/\/maximaloc.com\/en\/product\/aputure-spotlight-max-36\/\" \/>\n<meta property=\"og:site_name\" content=\"Maximaloc\" \/>\n<meta property=\"article:publisher\" content=\"https:\/\/www.facebook.com\/Maximalocation\" \/>\n<meta property=\"article:modified_time\" content=\"2026-05-06T13:48:46+00:00\" \/>\n<meta property=\"og:image\" content=\"https:\/\/maximaloc.com\/wp-content\/uploads\/2026\/03\/SPOTLIGHT-MAX-36\u00b0-2.png\" \/>\n\t<meta property=\"og:image:width\" content=\"1000\" \/>\n\t<meta property=\"og:image:height\" content=\"1000\" \/>\n\t<meta property=\"og:image:type\" content=\"image\/png\" \/>\n<meta name=\"twitter:card\" content=\"summary_large_image\" \/>\n<meta name=\"twitter:label1\" content=\"Est. reading time\" \/>\n\t<meta name=\"twitter:data1\" content=\"1 minute\" \/>\n<script type=\"application\/ld+json\" class=\"yoast-schema-graph\">{\"@context\":\"https:\\\/\\\/schema.org\",\"@graph\":[{\"@type\":\"WebPage\",\"@id\":\"https:\\\/\\\/maximaloc.com\\\/produit\\\/aputure-spotlight-max-36\\\/\",\"url\":\"https:\\\/\\\/maximaloc.com\\\/produit\\\/aputure-spotlight-max-36\\\/\",\"name\":\"APUTURE SPOTLIGHT MAX 36\u00b0 - Maximaloc\",\"isPartOf\":{\"@id\":\"https:\\\/\\\/maximaloc.com\\\/#website\"},\"primaryImageOfPage\":{\"@id\":\"https:\\\/\\\/maximaloc.com\\\/produit\\\/aputure-spotlight-max-36\\\/#primaryimage\"},\"image\":{\"@id\":\"https:\\\/\\\/maximaloc.com\\\/produit\\\/aputure-spotlight-max-36\\\/#primaryimage\"},\"thumbnailUrl\":\"https:\\\/\\\/maximaloc.com\\\/wp-content\\\/uploads\\\/2026\\\/03\\\/SPOTLIGHT-MAX-36\u00b0-2.png\",\"datePublished\":\"2026-03-21T11:46:28+00:00\",\"dateModified\":\"2026-05-06T13:48:46+00:00\",\"breadcrumb\":{\"@id\":\"https:\\\/\\\/maximaloc.com\\\/produit\\\/aputure-spotlight-max-36\\\/#breadcrumb\"},\"inLanguage\":\"en-US\",\"potentialAction\":[{\"@type\":\"ReadAction\",\"target\":[\"https:\\\/\\\/maximaloc.com\\\/produit\\\/aputure-spotlight-max-36\\\/\"]}]},{\"@type\":\"ImageObject\",\"inLanguage\":\"en-US\",\"@id\":\"https:\\\/\\\/maximaloc.com\\\/produit\\\/aputure-spotlight-max-36\\\/#primaryimage\",\"url\":\"https:\\\/\\\/maximaloc.com\\\/wp-content\\\/uploads\\\/2026\\\/03\\\/SPOTLIGHT-MAX-36\u00b0-2.png\",\"contentUrl\":\"https:\\\/\\\/maximaloc.com\\\/wp-content\\\/uploads\\\/2026\\\/03\\\/SPOTLIGHT-MAX-36\u00b0-2.png\",\"width\":1000,\"height\":1000},{\"@type\":\"BreadcrumbList\",\"@id\":\"https:\\\/\\\/maximaloc.com\\\/produit\\\/aputure-spotlight-max-36\\\/#breadcrumb\",\"itemListElement\":[{\"@type\":\"ListItem\",\"position\":1,\"name\":\"Accueil\",\"item\":\"https:\\\/\\\/maximaloc.com\\\/\"},{\"@type\":\"ListItem\",\"position\":2,\"name\":\"BOUTIQUE\",\"item\":\"https:\\\/\\\/maximaloc.com\\\/boutique\\\/\"},{\"@type\":\"ListItem\",\"position\":3,\"name\":\"APUTURE SPOTLIGHT MAX 36\u00b0\"}]},{\"@type\":\"WebSite\",\"@id\":\"https:\\\/\\\/maximaloc.com\\\/#website\",\"url\":\"https:\\\/\\\/maximaloc.com\\\/\",\"name\":\"Maximaloc\",\"description\":\"\",\"publisher\":{\"@id\":\"https:\\\/\\\/maximaloc.com\\\/#organization\"},\"potentialAction\":[{\"@type\":\"SearchAction\",\"target\":{\"@type\":\"EntryPoint\",\"urlTemplate\":\"https:\\\/\\\/maximaloc.com\\\/?s={search_term_string}\"},\"query-input\":{\"@type\":\"PropertyValueSpecification\",\"valueRequired\":true,\"valueName\":\"search_term_string\"}}],\"inLanguage\":\"en-US\"},{\"@type\":\"Organization\",\"@id\":\"https:\\\/\\\/maximaloc.com\\\/#organization\",\"name\":\"Maximaloc\",\"url\":\"https:\\\/\\\/maximaloc.com\\\/\",\"logo\":{\"@type\":\"ImageObject\",\"inLanguage\":\"en-US\",\"@id\":\"https:\\\/\\\/maximaloc.com\\\/#\\\/schema\\\/logo\\\/image\\\/\",\"url\":\"https:\\\/\\\/maximaloc.com\\\/wp-content\\\/uploads\\\/2024\\\/03\\\/logo_noir-scaled.png\",\"contentUrl\":\"https:\\\/\\\/maximaloc.com\\\/wp-content\\\/uploads\\\/2024\\\/03\\\/logo_noir-scaled.png\",\"width\":2560,\"height\":268,\"caption\":\"Maximaloc\"},\"image\":{\"@id\":\"https:\\\/\\\/maximaloc.com\\\/#\\\/schema\\\/logo\\\/image\\\/\"},\"sameAs\":[\"https:\\\/\\\/www.facebook.com\\\/Maximalocation\"]}]}<\/script>\n<!-- \/ Yoast SEO plugin. -->","yoast_head_json":{"title":"APUTURE SPOTLIGHT MAX 36\u00b0 - Maximaloc","robots":{"index":"noindex","follow":"nofollow"},"og_locale":"en_US","og_type":"article","og_title":"APUTURE SPOTLIGHT MAX 36\u00b0 - Maximaloc","og_description":"Projecteur optique Aputure Spotlight Max 36\u00b0 Angle de faisceau : 36\u00b0 Monture : Bowens Compatibilit\u00e9 : Projecteurs LED Aputure (LS 600, 1200, etc.) Utilisation : Cin\u00e9ma, studio, \u00e9clairage cr\u00e9atif, effets de projection\u00a0","og_url":"https:\/\/maximaloc.com\/en\/product\/aputure-spotlight-max-36\/","og_site_name":"Maximaloc","article_publisher":"https:\/\/www.facebook.com\/Maximalocation","article_modified_time":"2026-05-06T13:48:46+00:00","og_image":[{"width":1000,"height":1000,"url":"https:\/\/maximaloc.com\/wp-content\/uploads\/2026\/03\/SPOTLIGHT-MAX-36\u00b0-2.png","type":"image\/png"}],"twitter_card":"summary_large_image","twitter_misc":{"Est. reading time":"1 minute"},"schema":{"@context":"https:\/\/schema.org","@graph":[{"@type":"WebPage","@id":"https:\/\/maximaloc.com\/produit\/aputure-spotlight-max-36\/","url":"https:\/\/maximaloc.com\/produit\/aputure-spotlight-max-36\/","name":"APUTURE SPOTLIGHT MAX 36\u00b0 - Maximaloc","isPartOf":{"@id":"https:\/\/maximaloc.com\/#website"},"primaryImageOfPage":{"@id":"https:\/\/maximaloc.com\/produit\/aputure-spotlight-max-36\/#primaryimage"},"image":{"@id":"https:\/\/maximaloc.com\/produit\/aputure-spotlight-max-36\/#primaryimage"},"thumbnailUrl":"https:\/\/maximaloc.com\/wp-content\/uploads\/2026\/03\/SPOTLIGHT-MAX-36\u00b0-2.png","datePublished":"2026-03-21T11:46:28+00:00","dateModified":"2026-05-06T13:48:46+00:00","breadcrumb":{"@id":"https:\/\/maximaloc.com\/produit\/aputure-spotlight-max-36\/#breadcrumb"},"inLanguage":"en-US","potentialAction":[{"@type":"ReadAction","target":["https:\/\/maximaloc.com\/produit\/aputure-spotlight-max-36\/"]}]},{"@type":"ImageObject","inLanguage":"en-US","@id":"https:\/\/maximaloc.com\/produit\/aputure-spotlight-max-36\/#primaryimage","url":"https:\/\/maximaloc.com\/wp-content\/uploads\/2026\/03\/SPOTLIGHT-MAX-36\u00b0-2.png","contentUrl":"https:\/\/maximaloc.com\/wp-content\/uploads\/2026\/03\/SPOTLIGHT-MAX-36\u00b0-2.png","width":1000,"height":1000},{"@type":"BreadcrumbList","@id":"https:\/\/maximaloc.com\/produit\/aputure-spotlight-max-36\/#breadcrumb","itemListElement":[{"@type":"ListItem","position":1,"name":"Accueil","item":"https:\/\/maximaloc.com\/"},{"@type":"ListItem","position":2,"name":"BOUTIQUE","item":"https:\/\/maximaloc.com\/boutique\/"},{"@type":"ListItem","position":3,"name":"APUTURE SPOTLIGHT MAX 36\u00b0"}]},{"@type":"WebSite","@id":"https:\/\/maximaloc.com\/#website","url":"https:\/\/maximaloc.com\/","name":"Maximaloc","description":"","publisher":{"@id":"https:\/\/maximaloc.com\/#organization"},"potentialAction":[{"@type":"SearchAction","target":{"@type":"EntryPoint","urlTemplate":"https:\/\/maximaloc.com\/?s={search_term_string}"},"query-input":{"@type":"PropertyValueSpecification","valueRequired":true,"valueName":"search_term_string"}}],"inLanguage":"en-US"},{"@type":"Organization","@id":"https:\/\/maximaloc.com\/#organization","name":"Maximaloc","url":"https:\/\/maximaloc.com\/","logo":{"@type":"ImageObject","inLanguage":"en-US","@id":"https:\/\/maximaloc.com\/#\/schema\/logo\/image\/","url":"https:\/\/maximaloc.com\/wp-content\/uploads\/2024\/03\/logo_noir-scaled.png","contentUrl":"https:\/\/maximaloc.com\/wp-content\/uploads\/2024\/03\/logo_noir-scaled.png","width":2560,"height":268,"caption":"Maximaloc"},"image":{"@id":"https:\/\/maximaloc.com\/#\/schema\/logo\/image\/"},"sameAs":["https:\/\/www.facebook.com\/Maximalocation"]}]}},"_links":{"self":[{"href":"https:\/\/maximaloc.com\/en\/wp-json\/wp\/v2\/product\/22957","targetHints":{"allow":["GET"]}}],"collection":[{"href":"https:\/\/maximaloc.com\/en\/wp-json\/wp\/v2\/product"}],"about":[{"href":"https:\/\/maximaloc.com\/en\/wp-json\/wp\/v2\/types\/product"}],"wp:featuredmedia":[{"embeddable":true,"href":"https:\/\/maximaloc.com\/en\/wp-json\/wp\/v2\/media\/22965"}],"wp:attachment":[{"href":"https:\/\/maximaloc.com\/en\/wp-json\/wp\/v2\/media?parent=22957"}],"wp:term":[{"taxonomy":"product_cat","embeddable":true,"href":"https:\/\/maximaloc.com\/en\/wp-json\/wp\/v2\/product_cat?post=22957"},{"taxonomy":"product_tag","embeddable":true,"href":"https:\/\/maximaloc.com\/en\/wp-json\/wp\/v2\/product_tag?post=22957"}],"curies":[{"name":"wp","href":"https:\/\/api.w.org\/{rel}","templated":true}]}}