 {"id":23305,"date":"2026-04-13T20:03:02","date_gmt":"2026-04-13T18:03:02","guid":{"rendered":"https:\/\/maximaloc.com\/produit\/gopro-hero-13\/"},"modified":"2026-04-13T20:32:15","modified_gmt":"2026-04-13T18:32:15","slug":"gopro-hero-13","status":"publish","type":"product","link":"https:\/\/maximaloc.com\/en\/product\/gopro-hero-13\/","title":{"rendered":"GOPRO HERO 13"},"content":{"rendered":"<p>La GoPro HERO 13 Black est la cam\u00e9ra d&#8217;action de r\u00e9f\u00e9rence de GoPro. Ultra-compacte et \u00e9tanche jusqu&#8217;\u00e0 10 m sans bo\u00eetier, elle embarque un capteur 27 MP capable d&#8217;enregistrer en 5,3K 60p \u2014 une qualit\u00e9 d&#8217;image in\u00e9dite dans sa cat\u00e9gorie.<\/p>\n<p>Sa stabilisation HyperSmooth 6.0, combin\u00e9e \u00e0 l&#8217;Horizon Lock 360\u00b0, garantit des images parfaitement lisses et horizontales quelles que soient les conditions de tournage : sports extr\u00eames, mouvements brusques, v\u00e9hicules en mouvement&#8230;<\/p>\n<p>Elle enregistre jusqu&#8217;en 4K 120p pour des ralentis fluides et en FHD 240p pour un slow motion extr\u00eame. Ses deux \u00e9crans tactiles (avant et arri\u00e8re) facilitent le cadrage en toute situation, notamment pour les vlogs et les plans POV.<\/p>\n<p>Sa griffe Multi-accessoires et son port USB-C (adaptateur audio) ouvrent la porte \u00e0 un large \u00e9cosyst\u00e8me de fixations et micros externes. L&#8217;application Quik permet un contr\u00f4le \u00e0 distance complet via smartphone.<\/p>\n<p>Points Forts :<\/p>\n<ul>\n<li>Vid\u00e9o 5,3K 60p<\/li>\n<li>Slow Motion 4K 120p et FHD 240p<\/li>\n<li>Stabilisation HyperSmooth 6.0 + Horizon Lock 360\u00b0<\/li>\n<li>\u00c9tanche 10 m sans bo\u00eetier<\/li>\n<li>\u00c9crans avant et arri\u00e8re tactiles<\/li>\n<li>27 MP en photo<\/li>\n<li>Ultra-compacte et l\u00e9g\u00e8re (154 g)<\/li>\n<li>4 batteries Enduro incluses \u2013 tournage longue dur\u00e9e<\/li>\n<\/ul>","protected":false},"excerpt":{"rendered":"<p>Capteur : 27 MP \u2013 Vid\u00e9o 5,3K 60p \/ 4K 120p \/ FHD 240p<\/p>\n<p>Stabilisation : HyperSmooth 6.0 + Horizon Lock 360\u00b0<\/p>\n<p>\u00c9tanch\u00e9it\u00e9 : 10 m sans bo\u00eetier<\/p>\n<p>\u00c9crans : avant et arri\u00e8re tactiles<\/p>","protected":false},"featured_media":23316,"template":"","meta":[],"product_cat":[27],"product_tag":[],"class_list":{"0":"post-23305","1":"product","2":"type-product","3":"status-publish","4":"has-post-thumbnail","6":"product_cat-cameras","8":"first","9":"instock","10":"featured","11":"taxable","12":"shipping-taxable","13":"purchasable","14":"product-type-rentable"},"yoast_head":"<!-- This site is optimized with the Yoast SEO plugin v27.4 - https:\/\/yoast.com\/product\/yoast-seo-wordpress\/ -->\n<title>GOPRO HERO 13 - Maximaloc<\/title>\n<meta name=\"robots\" content=\"index, follow, max-snippet:-1, max-image-preview:large, max-video-preview:-1\" \/>\n<link rel=\"canonical\" href=\"https:\/\/maximaloc.com\/en\/product\/gopro-hero-13\/\" \/>\n<meta property=\"og:locale\" content=\"en_US\" \/>\n<meta property=\"og:type\" content=\"article\" \/>\n<meta property=\"og:title\" content=\"GOPRO HERO 13 - Maximaloc\" \/>\n<meta property=\"og:description\" content=\"Capteur : 27 MP \u2013 Vid\u00e9o 5,3K 60p \/ 4K 120p \/ FHD 240p Stabilisation : HyperSmooth 6.0 + Horizon Lock 360\u00b0 \u00c9tanch\u00e9it\u00e9 : 10 m sans bo\u00eetier \u00c9crans : avant et arri\u00e8re tactiles\" \/>\n<meta property=\"og:url\" content=\"https:\/\/maximaloc.com\/en\/product\/gopro-hero-13\/\" \/>\n<meta property=\"og:site_name\" content=\"Maximaloc\" \/>\n<meta property=\"article:publisher\" content=\"https:\/\/www.facebook.com\/Maximalocation\" \/>\n<meta property=\"article:modified_time\" content=\"2026-04-13T18:32:15+00:00\" \/>\n<meta property=\"og:image\" content=\"https:\/\/maximaloc.com\/wp-content\/uploads\/2024\/09\/website.webp\" \/>\n\t<meta property=\"og:image:width\" content=\"1230\" \/>\n\t<meta property=\"og:image:height\" content=\"675\" \/>\n\t<meta property=\"og:image:type\" content=\"image\/webp\" \/>\n<meta name=\"twitter:card\" content=\"summary_large_image\" \/>\n<meta name=\"twitter:label1\" content=\"Est. reading time\" \/>\n\t<meta name=\"twitter:data1\" content=\"1 minute\" \/>\n<script type=\"application\/ld+json\" class=\"yoast-schema-graph\">{\"@context\":\"https:\\\/\\\/schema.org\",\"@graph\":[{\"@type\":\"WebPage\",\"@id\":\"https:\\\/\\\/maximaloc.com\\\/produit\\\/gopro-hero-13\\\/\",\"url\":\"https:\\\/\\\/maximaloc.com\\\/produit\\\/gopro-hero-13\\\/\",\"name\":\"GOPRO HERO 13 - Maximaloc\",\"isPartOf\":{\"@id\":\"https:\\\/\\\/maximaloc.com\\\/#website\"},\"primaryImageOfPage\":{\"@id\":\"https:\\\/\\\/maximaloc.com\\\/produit\\\/gopro-hero-13\\\/#primaryimage\"},\"image\":{\"@id\":\"https:\\\/\\\/maximaloc.com\\\/produit\\\/gopro-hero-13\\\/#primaryimage\"},\"thumbnailUrl\":\"https:\\\/\\\/maximaloc.com\\\/wp-content\\\/uploads\\\/2026\\\/04\\\/gopro13B.png\",\"datePublished\":\"2026-04-13T18:03:02+00:00\",\"dateModified\":\"2026-04-13T18:32:15+00:00\",\"breadcrumb\":{\"@id\":\"https:\\\/\\\/maximaloc.com\\\/produit\\\/gopro-hero-13\\\/#breadcrumb\"},\"inLanguage\":\"en-US\",\"potentialAction\":[{\"@type\":\"ReadAction\",\"target\":[\"https:\\\/\\\/maximaloc.com\\\/produit\\\/gopro-hero-13\\\/\"]}]},{\"@type\":\"ImageObject\",\"inLanguage\":\"en-US\",\"@id\":\"https:\\\/\\\/maximaloc.com\\\/produit\\\/gopro-hero-13\\\/#primaryimage\",\"url\":\"https:\\\/\\\/maximaloc.com\\\/wp-content\\\/uploads\\\/2026\\\/04\\\/gopro13B.png\",\"contentUrl\":\"https:\\\/\\\/maximaloc.com\\\/wp-content\\\/uploads\\\/2026\\\/04\\\/gopro13B.png\",\"width\":1000,\"height\":1000},{\"@type\":\"BreadcrumbList\",\"@id\":\"https:\\\/\\\/maximaloc.com\\\/produit\\\/gopro-hero-13\\\/#breadcrumb\",\"itemListElement\":[{\"@type\":\"ListItem\",\"position\":1,\"name\":\"Accueil\",\"item\":\"https:\\\/\\\/maximaloc.com\\\/\"},{\"@type\":\"ListItem\",\"position\":2,\"name\":\"BOUTIQUE\",\"item\":\"https:\\\/\\\/maximaloc.com\\\/boutique\\\/\"},{\"@type\":\"ListItem\",\"position\":3,\"name\":\"GOPRO HERO 13\"}]},{\"@type\":\"WebSite\",\"@id\":\"https:\\\/\\\/maximaloc.com\\\/#website\",\"url\":\"https:\\\/\\\/maximaloc.com\\\/\",\"name\":\"Maximaloc\",\"description\":\"\",\"publisher\":{\"@id\":\"https:\\\/\\\/maximaloc.com\\\/#organization\"},\"potentialAction\":[{\"@type\":\"SearchAction\",\"target\":{\"@type\":\"EntryPoint\",\"urlTemplate\":\"https:\\\/\\\/maximaloc.com\\\/?s={search_term_string}\"},\"query-input\":{\"@type\":\"PropertyValueSpecification\",\"valueRequired\":true,\"valueName\":\"search_term_string\"}}],\"inLanguage\":\"en-US\"},{\"@type\":\"Organization\",\"@id\":\"https:\\\/\\\/maximaloc.com\\\/#organization\",\"name\":\"Maximaloc\",\"url\":\"https:\\\/\\\/maximaloc.com\\\/\",\"logo\":{\"@type\":\"ImageObject\",\"inLanguage\":\"en-US\",\"@id\":\"https:\\\/\\\/maximaloc.com\\\/#\\\/schema\\\/logo\\\/image\\\/\",\"url\":\"https:\\\/\\\/maximaloc.com\\\/wp-content\\\/uploads\\\/2024\\\/03\\\/logo_noir-scaled.png\",\"contentUrl\":\"https:\\\/\\\/maximaloc.com\\\/wp-content\\\/uploads\\\/2024\\\/03\\\/logo_noir-scaled.png\",\"width\":2560,\"height\":268,\"caption\":\"Maximaloc\"},\"image\":{\"@id\":\"https:\\\/\\\/maximaloc.com\\\/#\\\/schema\\\/logo\\\/image\\\/\"},\"sameAs\":[\"https:\\\/\\\/www.facebook.com\\\/Maximalocation\"]}]}<\/script>\n<!-- \/ Yoast SEO plugin. -->","yoast_head_json":{"title":"GOPRO HERO 13 - Maximaloc","robots":{"index":"index","follow":"follow","max-snippet":"max-snippet:-1","max-image-preview":"max-image-preview:large","max-video-preview":"max-video-preview:-1"},"canonical":"https:\/\/maximaloc.com\/en\/product\/gopro-hero-13\/","og_locale":"en_US","og_type":"article","og_title":"GOPRO HERO 13 - Maximaloc","og_description":"Capteur : 27 MP \u2013 Vid\u00e9o 5,3K 60p \/ 4K 120p \/ FHD 240p Stabilisation : HyperSmooth 6.0 + Horizon Lock 360\u00b0 \u00c9tanch\u00e9it\u00e9 : 10 m sans bo\u00eetier \u00c9crans : avant et arri\u00e8re tactiles","og_url":"https:\/\/maximaloc.com\/en\/product\/gopro-hero-13\/","og_site_name":"Maximaloc","article_publisher":"https:\/\/www.facebook.com\/Maximalocation","article_modified_time":"2026-04-13T18:32:15+00:00","og_image":[{"width":1230,"height":675,"url":"https:\/\/maximaloc.com\/wp-content\/uploads\/2024\/09\/website.webp","type":"image\/webp"}],"twitter_card":"summary_large_image","twitter_misc":{"Est. reading time":"1 minute"},"schema":{"@context":"https:\/\/schema.org","@graph":[{"@type":"WebPage","@id":"https:\/\/maximaloc.com\/produit\/gopro-hero-13\/","url":"https:\/\/maximaloc.com\/produit\/gopro-hero-13\/","name":"GOPRO HERO 13 - Maximaloc","isPartOf":{"@id":"https:\/\/maximaloc.com\/#website"},"primaryImageOfPage":{"@id":"https:\/\/maximaloc.com\/produit\/gopro-hero-13\/#primaryimage"},"image":{"@id":"https:\/\/maximaloc.com\/produit\/gopro-hero-13\/#primaryimage"},"thumbnailUrl":"https:\/\/maximaloc.com\/wp-content\/uploads\/2026\/04\/gopro13B.png","datePublished":"2026-04-13T18:03:02+00:00","dateModified":"2026-04-13T18:32:15+00:00","breadcrumb":{"@id":"https:\/\/maximaloc.com\/produit\/gopro-hero-13\/#breadcrumb"},"inLanguage":"en-US","potentialAction":[{"@type":"ReadAction","target":["https:\/\/maximaloc.com\/produit\/gopro-hero-13\/"]}]},{"@type":"ImageObject","inLanguage":"en-US","@id":"https:\/\/maximaloc.com\/produit\/gopro-hero-13\/#primaryimage","url":"https:\/\/maximaloc.com\/wp-content\/uploads\/2026\/04\/gopro13B.png","contentUrl":"https:\/\/maximaloc.com\/wp-content\/uploads\/2026\/04\/gopro13B.png","width":1000,"height":1000},{"@type":"BreadcrumbList","@id":"https:\/\/maximaloc.com\/produit\/gopro-hero-13\/#breadcrumb","itemListElement":[{"@type":"ListItem","position":1,"name":"Accueil","item":"https:\/\/maximaloc.com\/"},{"@type":"ListItem","position":2,"name":"BOUTIQUE","item":"https:\/\/maximaloc.com\/boutique\/"},{"@type":"ListItem","position":3,"name":"GOPRO HERO 13"}]},{"@type":"WebSite","@id":"https:\/\/maximaloc.com\/#website","url":"https:\/\/maximaloc.com\/","name":"Maximaloc","description":"","publisher":{"@id":"https:\/\/maximaloc.com\/#organization"},"potentialAction":[{"@type":"SearchAction","target":{"@type":"EntryPoint","urlTemplate":"https:\/\/maximaloc.com\/?s={search_term_string}"},"query-input":{"@type":"PropertyValueSpecification","valueRequired":true,"valueName":"search_term_string"}}],"inLanguage":"en-US"},{"@type":"Organization","@id":"https:\/\/maximaloc.com\/#organization","name":"Maximaloc","url":"https:\/\/maximaloc.com\/","logo":{"@type":"ImageObject","inLanguage":"en-US","@id":"https:\/\/maximaloc.com\/#\/schema\/logo\/image\/","url":"https:\/\/maximaloc.com\/wp-content\/uploads\/2024\/03\/logo_noir-scaled.png","contentUrl":"https:\/\/maximaloc.com\/wp-content\/uploads\/2024\/03\/logo_noir-scaled.png","width":2560,"height":268,"caption":"Maximaloc"},"image":{"@id":"https:\/\/maximaloc.com\/#\/schema\/logo\/image\/"},"sameAs":["https:\/\/www.facebook.com\/Maximalocation"]}]}},"_links":{"self":[{"href":"https:\/\/maximaloc.com\/en\/wp-json\/wp\/v2\/product\/23305","targetHints":{"allow":["GET"]}}],"collection":[{"href":"https:\/\/maximaloc.com\/en\/wp-json\/wp\/v2\/product"}],"about":[{"href":"https:\/\/maximaloc.com\/en\/wp-json\/wp\/v2\/types\/product"}],"wp:featuredmedia":[{"embeddable":true,"href":"https:\/\/maximaloc.com\/en\/wp-json\/wp\/v2\/media\/23316"}],"wp:attachment":[{"href":"https:\/\/maximaloc.com\/en\/wp-json\/wp\/v2\/media?parent=23305"}],"wp:term":[{"taxonomy":"product_cat","embeddable":true,"href":"https:\/\/maximaloc.com\/en\/wp-json\/wp\/v2\/product_cat?post=23305"},{"taxonomy":"product_tag","embeddable":true,"href":"https:\/\/maximaloc.com\/en\/wp-json\/wp\/v2\/product_tag?post=23305"}],"curies":[{"name":"wp","href":"https:\/\/api.w.org\/{rel}","templated":true}]}}