 {"id":23574,"date":"2026-04-28T15:31:18","date_gmt":"2026-04-28T13:31:18","guid":{"rendered":"https:\/\/maximaloc.com\/produit\/dji-ronin-s3\/"},"modified":"2026-04-29T15:20:12","modified_gmt":"2026-04-29T13:20:12","slug":"dji-ronin-s3","status":"publish","type":"product","link":"https:\/\/maximaloc.com\/en\/product\/dji-ronin-s3\/","title":{"rendered":"DJI RONIN S3"},"content":{"rendered":"<p>Le DJI RS 3 est un stabilisateur con\u00e7u pour les cam\u00e9ras mirrorless et DSLR. Plus compact et l\u00e9ger que la version Pro, il est id\u00e9al pour des configurations plus l\u00e9g\u00e8res tout en conservant d\u2019excellentes performances de stabilisation. Il supporte jusqu\u2019\u00e0 3 kg, avec une am\u00e9lioration d\u2019environ 20 % des performances de stabilisation gr\u00e2ce \u00e0 l\u2019algorithme RS de 3\u00e8me g\u00e9n\u00e9ration.<\/p>\n<p>C\u00f4t\u00e9 nouveaut\u00e9s, le RS 3 propose \u00e9galement le verrouillage automatique des axes via le bouton power. Cette fonction permet de gagner du temps entre les prises en bloquant les axes et en mettant les moteurs en veille. Lors de l\u2019extinction, la nacelle peut automatiquement se replier (fonction d\u00e9sactivable).<\/p>\n<p>Au niveau de l\u2019ergonomie, le RS 3 int\u00e8gre un commutateur de mode permettant de basculer rapidement entre les modes Pan Follow, Pan &amp; Tilt Follow et FPV. Comme sur la version Pro, les modes 3D Roll 360 et Portrait sont accessibles lorsque le mode FPV est activ\u00e9.<\/p>\n<p>L\u2019\u00e9cran tactile OLED de 1,8 pouce offre une navigation fluide et intuitive pour ajuster rapidement les param\u00e8tres.<\/p>\n<p><u><strong>Points forts :<\/strong><\/u><\/p>\n<ul>\n<li>Capacit\u00e9 de charge jusqu\u2019\u00e0 3 kg<\/li>\n<li>Algorithme de stabilisation de 3\u00e8me g\u00e9n\u00e9ration<\/li>\n<li>Verrouillage automatique des axes<\/li>\n<li>\u00c9cran tactile OLED 1,8\u201d<\/li>\n<li>Autonomie jusqu\u2019\u00e0 12 heures<\/li>\n<\/ul>","protected":false},"excerpt":{"rendered":"<p>Nacelle stabilis\u00e9e 3 axes<\/p>\n<p>Poids max : 3 kg<\/p>","protected":false},"featured_media":23586,"template":"","meta":[],"product_cat":[364],"product_tag":[199,370],"class_list":{"0":"post-23574","1":"product","2":"type-product","3":"status-publish","4":"has-post-thumbnail","6":"product_cat-gimbal-stabilisateur","7":"product_tag-hybride-dslr","8":"product_tag-camera","10":"first","11":"instock","12":"taxable","13":"shipping-taxable","14":"purchasable","15":"product-type-rentable"},"yoast_head":"<!-- This site is optimized with the Yoast SEO plugin v27.5 - https:\/\/yoast.com\/product\/yoast-seo-wordpress\/ -->\n<title>DJI RONIN S3 - Maximaloc<\/title>\n<meta name=\"robots\" content=\"noindex, nofollow\" \/>\n<meta property=\"og:locale\" content=\"en_US\" \/>\n<meta property=\"og:type\" content=\"article\" \/>\n<meta property=\"og:title\" content=\"DJI RONIN S3 - Maximaloc\" \/>\n<meta property=\"og:description\" content=\"Nacelle stabilis\u00e9e 3 axes Poids max : 3 kg\" \/>\n<meta property=\"og:url\" content=\"https:\/\/maximaloc.com\/en\/product\/dji-ronin-s3\/\" \/>\n<meta property=\"og:site_name\" content=\"Maximaloc\" \/>\n<meta property=\"article:publisher\" content=\"https:\/\/www.facebook.com\/Maximalocation\" \/>\n<meta property=\"article:modified_time\" content=\"2026-04-29T13:20:12+00:00\" \/>\n<meta property=\"og:image\" content=\"https:\/\/maximaloc.com\/wp-content\/uploads\/2026\/04\/ronin-s3-pro-1.webp\" \/>\n\t<meta property=\"og:image:width\" content=\"580\" \/>\n\t<meta property=\"og:image:height\" content=\"420\" \/>\n\t<meta property=\"og:image:type\" content=\"image\/webp\" \/>\n<meta name=\"twitter:card\" content=\"summary_large_image\" \/>\n<meta name=\"twitter:label1\" content=\"Est. reading time\" \/>\n\t<meta name=\"twitter:data1\" content=\"1 minute\" \/>\n<script type=\"application\/ld+json\" class=\"yoast-schema-graph\">{\"@context\":\"https:\\\/\\\/schema.org\",\"@graph\":[{\"@type\":\"WebPage\",\"@id\":\"https:\\\/\\\/maximaloc.com\\\/produit\\\/dji-ronin-s3\\\/\",\"url\":\"https:\\\/\\\/maximaloc.com\\\/produit\\\/dji-ronin-s3\\\/\",\"name\":\"DJI RONIN S3 - Maximaloc\",\"isPartOf\":{\"@id\":\"https:\\\/\\\/maximaloc.com\\\/#website\"},\"primaryImageOfPage\":{\"@id\":\"https:\\\/\\\/maximaloc.com\\\/produit\\\/dji-ronin-s3\\\/#primaryimage\"},\"image\":{\"@id\":\"https:\\\/\\\/maximaloc.com\\\/produit\\\/dji-ronin-s3\\\/#primaryimage\"},\"thumbnailUrl\":\"https:\\\/\\\/maximaloc.com\\\/wp-content\\\/uploads\\\/2026\\\/04\\\/ronin-s3-pro-1.webp\",\"datePublished\":\"2026-04-28T13:31:18+00:00\",\"dateModified\":\"2026-04-29T13:20:12+00:00\",\"breadcrumb\":{\"@id\":\"https:\\\/\\\/maximaloc.com\\\/produit\\\/dji-ronin-s3\\\/#breadcrumb\"},\"inLanguage\":\"en-US\",\"potentialAction\":[{\"@type\":\"ReadAction\",\"target\":[\"https:\\\/\\\/maximaloc.com\\\/produit\\\/dji-ronin-s3\\\/\"]}]},{\"@type\":\"ImageObject\",\"inLanguage\":\"en-US\",\"@id\":\"https:\\\/\\\/maximaloc.com\\\/produit\\\/dji-ronin-s3\\\/#primaryimage\",\"url\":\"https:\\\/\\\/maximaloc.com\\\/wp-content\\\/uploads\\\/2026\\\/04\\\/ronin-s3-pro-1.webp\",\"contentUrl\":\"https:\\\/\\\/maximaloc.com\\\/wp-content\\\/uploads\\\/2026\\\/04\\\/ronin-s3-pro-1.webp\",\"width\":580,\"height\":420},{\"@type\":\"BreadcrumbList\",\"@id\":\"https:\\\/\\\/maximaloc.com\\\/produit\\\/dji-ronin-s3\\\/#breadcrumb\",\"itemListElement\":[{\"@type\":\"ListItem\",\"position\":1,\"name\":\"Accueil\",\"item\":\"https:\\\/\\\/maximaloc.com\\\/\"},{\"@type\":\"ListItem\",\"position\":2,\"name\":\"BOUTIQUE\",\"item\":\"https:\\\/\\\/maximaloc.com\\\/boutique\\\/\"},{\"@type\":\"ListItem\",\"position\":3,\"name\":\"DJI RONIN S3\"}]},{\"@type\":\"WebSite\",\"@id\":\"https:\\\/\\\/maximaloc.com\\\/#website\",\"url\":\"https:\\\/\\\/maximaloc.com\\\/\",\"name\":\"Maximaloc\",\"description\":\"\",\"publisher\":{\"@id\":\"https:\\\/\\\/maximaloc.com\\\/#organization\"},\"potentialAction\":[{\"@type\":\"SearchAction\",\"target\":{\"@type\":\"EntryPoint\",\"urlTemplate\":\"https:\\\/\\\/maximaloc.com\\\/?s={search_term_string}\"},\"query-input\":{\"@type\":\"PropertyValueSpecification\",\"valueRequired\":true,\"valueName\":\"search_term_string\"}}],\"inLanguage\":\"en-US\"},{\"@type\":\"Organization\",\"@id\":\"https:\\\/\\\/maximaloc.com\\\/#organization\",\"name\":\"Maximaloc\",\"url\":\"https:\\\/\\\/maximaloc.com\\\/\",\"logo\":{\"@type\":\"ImageObject\",\"inLanguage\":\"en-US\",\"@id\":\"https:\\\/\\\/maximaloc.com\\\/#\\\/schema\\\/logo\\\/image\\\/\",\"url\":\"https:\\\/\\\/maximaloc.com\\\/wp-content\\\/uploads\\\/2024\\\/03\\\/logo_noir-scaled.png\",\"contentUrl\":\"https:\\\/\\\/maximaloc.com\\\/wp-content\\\/uploads\\\/2024\\\/03\\\/logo_noir-scaled.png\",\"width\":2560,\"height\":268,\"caption\":\"Maximaloc\"},\"image\":{\"@id\":\"https:\\\/\\\/maximaloc.com\\\/#\\\/schema\\\/logo\\\/image\\\/\"},\"sameAs\":[\"https:\\\/\\\/www.facebook.com\\\/Maximalocation\"]}]}<\/script>\n<!-- \/ Yoast SEO plugin. -->","yoast_head_json":{"title":"DJI RONIN S3 - Maximaloc","robots":{"index":"noindex","follow":"nofollow"},"og_locale":"en_US","og_type":"article","og_title":"DJI RONIN S3 - Maximaloc","og_description":"Nacelle stabilis\u00e9e 3 axes Poids max : 3 kg","og_url":"https:\/\/maximaloc.com\/en\/product\/dji-ronin-s3\/","og_site_name":"Maximaloc","article_publisher":"https:\/\/www.facebook.com\/Maximalocation","article_modified_time":"2026-04-29T13:20:12+00:00","og_image":[{"width":580,"height":420,"url":"https:\/\/maximaloc.com\/wp-content\/uploads\/2026\/04\/ronin-s3-pro-1.webp","type":"image\/webp"}],"twitter_card":"summary_large_image","twitter_misc":{"Est. reading time":"1 minute"},"schema":{"@context":"https:\/\/schema.org","@graph":[{"@type":"WebPage","@id":"https:\/\/maximaloc.com\/produit\/dji-ronin-s3\/","url":"https:\/\/maximaloc.com\/produit\/dji-ronin-s3\/","name":"DJI RONIN S3 - Maximaloc","isPartOf":{"@id":"https:\/\/maximaloc.com\/#website"},"primaryImageOfPage":{"@id":"https:\/\/maximaloc.com\/produit\/dji-ronin-s3\/#primaryimage"},"image":{"@id":"https:\/\/maximaloc.com\/produit\/dji-ronin-s3\/#primaryimage"},"thumbnailUrl":"https:\/\/maximaloc.com\/wp-content\/uploads\/2026\/04\/ronin-s3-pro-1.webp","datePublished":"2026-04-28T13:31:18+00:00","dateModified":"2026-04-29T13:20:12+00:00","breadcrumb":{"@id":"https:\/\/maximaloc.com\/produit\/dji-ronin-s3\/#breadcrumb"},"inLanguage":"en-US","potentialAction":[{"@type":"ReadAction","target":["https:\/\/maximaloc.com\/produit\/dji-ronin-s3\/"]}]},{"@type":"ImageObject","inLanguage":"en-US","@id":"https:\/\/maximaloc.com\/produit\/dji-ronin-s3\/#primaryimage","url":"https:\/\/maximaloc.com\/wp-content\/uploads\/2026\/04\/ronin-s3-pro-1.webp","contentUrl":"https:\/\/maximaloc.com\/wp-content\/uploads\/2026\/04\/ronin-s3-pro-1.webp","width":580,"height":420},{"@type":"BreadcrumbList","@id":"https:\/\/maximaloc.com\/produit\/dji-ronin-s3\/#breadcrumb","itemListElement":[{"@type":"ListItem","position":1,"name":"Accueil","item":"https:\/\/maximaloc.com\/"},{"@type":"ListItem","position":2,"name":"BOUTIQUE","item":"https:\/\/maximaloc.com\/boutique\/"},{"@type":"ListItem","position":3,"name":"DJI RONIN S3"}]},{"@type":"WebSite","@id":"https:\/\/maximaloc.com\/#website","url":"https:\/\/maximaloc.com\/","name":"Maximaloc","description":"","publisher":{"@id":"https:\/\/maximaloc.com\/#organization"},"potentialAction":[{"@type":"SearchAction","target":{"@type":"EntryPoint","urlTemplate":"https:\/\/maximaloc.com\/?s={search_term_string}"},"query-input":{"@type":"PropertyValueSpecification","valueRequired":true,"valueName":"search_term_string"}}],"inLanguage":"en-US"},{"@type":"Organization","@id":"https:\/\/maximaloc.com\/#organization","name":"Maximaloc","url":"https:\/\/maximaloc.com\/","logo":{"@type":"ImageObject","inLanguage":"en-US","@id":"https:\/\/maximaloc.com\/#\/schema\/logo\/image\/","url":"https:\/\/maximaloc.com\/wp-content\/uploads\/2024\/03\/logo_noir-scaled.png","contentUrl":"https:\/\/maximaloc.com\/wp-content\/uploads\/2024\/03\/logo_noir-scaled.png","width":2560,"height":268,"caption":"Maximaloc"},"image":{"@id":"https:\/\/maximaloc.com\/#\/schema\/logo\/image\/"},"sameAs":["https:\/\/www.facebook.com\/Maximalocation"]}]}},"_links":{"self":[{"href":"https:\/\/maximaloc.com\/en\/wp-json\/wp\/v2\/product\/23574","targetHints":{"allow":["GET"]}}],"collection":[{"href":"https:\/\/maximaloc.com\/en\/wp-json\/wp\/v2\/product"}],"about":[{"href":"https:\/\/maximaloc.com\/en\/wp-json\/wp\/v2\/types\/product"}],"wp:featuredmedia":[{"embeddable":true,"href":"https:\/\/maximaloc.com\/en\/wp-json\/wp\/v2\/media\/23586"}],"wp:attachment":[{"href":"https:\/\/maximaloc.com\/en\/wp-json\/wp\/v2\/media?parent=23574"}],"wp:term":[{"taxonomy":"product_cat","embeddable":true,"href":"https:\/\/maximaloc.com\/en\/wp-json\/wp\/v2\/product_cat?post=23574"},{"taxonomy":"product_tag","embeddable":true,"href":"https:\/\/maximaloc.com\/en\/wp-json\/wp\/v2\/product_tag?post=23574"}],"curies":[{"name":"wp","href":"https:\/\/api.w.org\/{rel}","templated":true}]}}