 {"id":23576,"date":"2026-04-28T15:31:23","date_gmt":"2026-04-28T13:31:23","guid":{"rendered":"https:\/\/maximaloc.com\/produit\/godox-flash-ad400-pro-ii\/"},"modified":"2026-04-29T15:08:37","modified_gmt":"2026-04-29T13:08:37","slug":"godox-flash-ad400-pro-ii","status":"publish","type":"product","link":"https:\/\/maximaloc.com\/en\/product\/godox-flash-ad400-pro-ii\/","title":{"rendered":"GODOX FLASH AD400 PRO II"},"content":{"rendered":"<p><u><strong>Location GODOX FLASH AD400 PRO II \u00e0 Paris | Maximaloc<\/strong><\/u><\/p>\n<p>Le GODOX FLASH AD400 PRO II est un flash studio portable Godox de 400 Ws de puissance, nombre guide 65 (ISO 100, 105mm). Temps de recharge : 0,01 \u2013 0,9 s. La synchronisation HSS jusqu&#8217;\u00e0 Jusqu&#8217;\u00e0 1\/8000 s permet de travailler en lumi\u00e8re du jour avec une grande ouverture. Autonomie d&#8217;environ ~350 flashs sur batterie.<\/p>\n<p><u><strong>Caract\u00e9ristiques techniques<\/strong><\/u><\/p>\n<p>Nombre guide :65 (ISO 100, 105mm)<br \/>Puissance :400 Ws<br \/>Plage de puissance :1\/1 \u2013 1\/256<br \/>Temp\u00e9rature couleur :2800K\u20136500K (bi-color tunable)<br \/>Dur\u00e9e du flash :1\/220 \u2013 1\/14000 s<br \/>Vitesse synchro HSS :Jusqu&#8217;\u00e0 1\/8000 s<br \/>Temps de recharge :0,01 \u2013 0,9 s<br \/>Monture :Bowens S-Type<br \/>Modes :TTL \/ M \/ Multi<br \/>Alimentation :Batterie Li-Ion 21,6V \/ 2600mAh<br \/>Autonomie :~350 flashs<\/p>\n<p><u><strong>Points forts<\/strong><\/u><\/p>\n<p>\u2022\u00a0\u00a0\u00a0\u00a0\u00a0\u00a0\u00a0 400 Ws \u2013 id\u00e9al pour les portraits studio et les prises de vue en int\u00e9rieur<\/p>\n<p>\u2022\u00a0\u00a0\u00a0\u00a0\u00a0\u00a0\u00a0 2800K\u20136500K (bi-color tunable) \u2013 r\u00e9glage continu de la temp\u00e9rature du blanc, du tungst\u00e8ne \u00e0 la lumi\u00e8re du jour, sans recourir \u00e0 des g\u00e9latines<\/p>\n<p>\u2022\u00a0\u00a0\u00a0\u00a0\u00a0\u00a0\u00a0 ~350 flashs sur batterie \u2013 permet de travailler dans des lieux sans acc\u00e8s secteur ou de s&#8217;affranchir des c\u00e2bles pour un placement plus libre<\/p>\n<p>\u2022\u00a0\u00a0\u00a0\u00a0\u00a0\u00a0\u00a0 Monture Bowens S-Type \u2013 compatible avec l&#8217;ensemble des modificateurs du march\u00e9 (softboxes, fresnels, beauty dish, bol\u2026)<\/p>\n<p>\u00a0<\/p>\n<p>Location GODOX FLASH AD400 PRO II chez Maximaloc. Voir aussi nos flashs Godox AD, kits flash et d\u00e9clencheurs XPRO.<\/p>","protected":false},"excerpt":{"rendered":"<p>Location GODOX FLASH AD400 PRO II \u00e0 Paris | Maximaloc Le GODOX FLASH AD400 PRO II est un flash studio&#8230;<\/p>","protected":false},"featured_media":0,"template":"","meta":[],"product_cat":[253],"product_tag":[1615,1470,303,304],"class_list":{"0":"post-23576","1":"product","2":"type-product","3":"status-publish","5":"product_cat-flash","6":"product_tag-400ws","7":"product_tag-bowens","8":"product_tag-flash","9":"product_tag-godox","11":"first","12":"instock","13":"taxable","14":"shipping-taxable","15":"purchasable","16":"product-type-rentable"},"yoast_head":"<!-- This site is optimized with the Yoast SEO plugin v27.5 - https:\/\/yoast.com\/product\/yoast-seo-wordpress\/ -->\n<title>GODOX FLASH AD400 PRO II - Maximaloc<\/title>\n<meta name=\"robots\" content=\"noindex, nofollow\" \/>\n<meta property=\"og:locale\" content=\"en_US\" \/>\n<meta property=\"og:type\" content=\"article\" \/>\n<meta property=\"og:title\" content=\"GODOX FLASH AD400 PRO II - Maximaloc\" \/>\n<meta property=\"og:description\" content=\"Location GODOX FLASH AD400 PRO II \u00e0 Paris | Maximaloc Le GODOX FLASH AD400 PRO II est un flash studio...\" \/>\n<meta property=\"og:url\" content=\"https:\/\/maximaloc.com\/en\/product\/godox-flash-ad400-pro-ii\/\" \/>\n<meta property=\"og:site_name\" content=\"Maximaloc\" \/>\n<meta property=\"article:publisher\" content=\"https:\/\/www.facebook.com\/Maximalocation\" \/>\n<meta property=\"article:modified_time\" content=\"2026-04-29T13:08:37+00:00\" \/>\n<meta property=\"og:image\" content=\"https:\/\/maximaloc.com\/wp-content\/uploads\/2024\/09\/website.webp\" \/>\n\t<meta property=\"og:image:width\" content=\"1230\" \/>\n\t<meta property=\"og:image:height\" content=\"675\" \/>\n\t<meta property=\"og:image:type\" content=\"image\/webp\" \/>\n<meta name=\"twitter:card\" content=\"summary_large_image\" \/>\n<meta name=\"twitter:label1\" content=\"Est. reading time\" \/>\n\t<meta name=\"twitter:data1\" content=\"1 minute\" \/>\n<script type=\"application\/ld+json\" class=\"yoast-schema-graph\">{\"@context\":\"https:\\\/\\\/schema.org\",\"@graph\":[{\"@type\":\"WebPage\",\"@id\":\"https:\\\/\\\/maximaloc.com\\\/produit\\\/godox-flash-ad400-pro-ii\\\/\",\"url\":\"https:\\\/\\\/maximaloc.com\\\/produit\\\/godox-flash-ad400-pro-ii\\\/\",\"name\":\"GODOX FLASH AD400 PRO II - Maximaloc\",\"isPartOf\":{\"@id\":\"https:\\\/\\\/maximaloc.com\\\/#website\"},\"datePublished\":\"2026-04-28T13:31:23+00:00\",\"dateModified\":\"2026-04-29T13:08:37+00:00\",\"breadcrumb\":{\"@id\":\"https:\\\/\\\/maximaloc.com\\\/produit\\\/godox-flash-ad400-pro-ii\\\/#breadcrumb\"},\"inLanguage\":\"en-US\",\"potentialAction\":[{\"@type\":\"ReadAction\",\"target\":[\"https:\\\/\\\/maximaloc.com\\\/produit\\\/godox-flash-ad400-pro-ii\\\/\"]}]},{\"@type\":\"BreadcrumbList\",\"@id\":\"https:\\\/\\\/maximaloc.com\\\/produit\\\/godox-flash-ad400-pro-ii\\\/#breadcrumb\",\"itemListElement\":[{\"@type\":\"ListItem\",\"position\":1,\"name\":\"Accueil\",\"item\":\"https:\\\/\\\/maximaloc.com\\\/\"},{\"@type\":\"ListItem\",\"position\":2,\"name\":\"BOUTIQUE\",\"item\":\"https:\\\/\\\/maximaloc.com\\\/boutique\\\/\"},{\"@type\":\"ListItem\",\"position\":3,\"name\":\"GODOX FLASH AD400 PRO II\"}]},{\"@type\":\"WebSite\",\"@id\":\"https:\\\/\\\/maximaloc.com\\\/#website\",\"url\":\"https:\\\/\\\/maximaloc.com\\\/\",\"name\":\"Maximaloc\",\"description\":\"\",\"publisher\":{\"@id\":\"https:\\\/\\\/maximaloc.com\\\/#organization\"},\"potentialAction\":[{\"@type\":\"SearchAction\",\"target\":{\"@type\":\"EntryPoint\",\"urlTemplate\":\"https:\\\/\\\/maximaloc.com\\\/?s={search_term_string}\"},\"query-input\":{\"@type\":\"PropertyValueSpecification\",\"valueRequired\":true,\"valueName\":\"search_term_string\"}}],\"inLanguage\":\"en-US\"},{\"@type\":\"Organization\",\"@id\":\"https:\\\/\\\/maximaloc.com\\\/#organization\",\"name\":\"Maximaloc\",\"url\":\"https:\\\/\\\/maximaloc.com\\\/\",\"logo\":{\"@type\":\"ImageObject\",\"inLanguage\":\"en-US\",\"@id\":\"https:\\\/\\\/maximaloc.com\\\/#\\\/schema\\\/logo\\\/image\\\/\",\"url\":\"https:\\\/\\\/maximaloc.com\\\/wp-content\\\/uploads\\\/2024\\\/03\\\/logo_noir-scaled.png\",\"contentUrl\":\"https:\\\/\\\/maximaloc.com\\\/wp-content\\\/uploads\\\/2024\\\/03\\\/logo_noir-scaled.png\",\"width\":2560,\"height\":268,\"caption\":\"Maximaloc\"},\"image\":{\"@id\":\"https:\\\/\\\/maximaloc.com\\\/#\\\/schema\\\/logo\\\/image\\\/\"},\"sameAs\":[\"https:\\\/\\\/www.facebook.com\\\/Maximalocation\"]}]}<\/script>\n<!-- \/ Yoast SEO plugin. -->","yoast_head_json":{"title":"GODOX FLASH AD400 PRO II - Maximaloc","robots":{"index":"noindex","follow":"nofollow"},"og_locale":"en_US","og_type":"article","og_title":"GODOX FLASH AD400 PRO II - Maximaloc","og_description":"Location GODOX FLASH AD400 PRO II \u00e0 Paris | Maximaloc Le GODOX FLASH AD400 PRO II est un flash studio...","og_url":"https:\/\/maximaloc.com\/en\/product\/godox-flash-ad400-pro-ii\/","og_site_name":"Maximaloc","article_publisher":"https:\/\/www.facebook.com\/Maximalocation","article_modified_time":"2026-04-29T13:08:37+00:00","og_image":[{"width":1230,"height":675,"url":"https:\/\/maximaloc.com\/wp-content\/uploads\/2024\/09\/website.webp","type":"image\/webp"}],"twitter_card":"summary_large_image","twitter_misc":{"Est. reading time":"1 minute"},"schema":{"@context":"https:\/\/schema.org","@graph":[{"@type":"WebPage","@id":"https:\/\/maximaloc.com\/produit\/godox-flash-ad400-pro-ii\/","url":"https:\/\/maximaloc.com\/produit\/godox-flash-ad400-pro-ii\/","name":"GODOX FLASH AD400 PRO II - Maximaloc","isPartOf":{"@id":"https:\/\/maximaloc.com\/#website"},"datePublished":"2026-04-28T13:31:23+00:00","dateModified":"2026-04-29T13:08:37+00:00","breadcrumb":{"@id":"https:\/\/maximaloc.com\/produit\/godox-flash-ad400-pro-ii\/#breadcrumb"},"inLanguage":"en-US","potentialAction":[{"@type":"ReadAction","target":["https:\/\/maximaloc.com\/produit\/godox-flash-ad400-pro-ii\/"]}]},{"@type":"BreadcrumbList","@id":"https:\/\/maximaloc.com\/produit\/godox-flash-ad400-pro-ii\/#breadcrumb","itemListElement":[{"@type":"ListItem","position":1,"name":"Accueil","item":"https:\/\/maximaloc.com\/"},{"@type":"ListItem","position":2,"name":"BOUTIQUE","item":"https:\/\/maximaloc.com\/boutique\/"},{"@type":"ListItem","position":3,"name":"GODOX FLASH AD400 PRO II"}]},{"@type":"WebSite","@id":"https:\/\/maximaloc.com\/#website","url":"https:\/\/maximaloc.com\/","name":"Maximaloc","description":"","publisher":{"@id":"https:\/\/maximaloc.com\/#organization"},"potentialAction":[{"@type":"SearchAction","target":{"@type":"EntryPoint","urlTemplate":"https:\/\/maximaloc.com\/?s={search_term_string}"},"query-input":{"@type":"PropertyValueSpecification","valueRequired":true,"valueName":"search_term_string"}}],"inLanguage":"en-US"},{"@type":"Organization","@id":"https:\/\/maximaloc.com\/#organization","name":"Maximaloc","url":"https:\/\/maximaloc.com\/","logo":{"@type":"ImageObject","inLanguage":"en-US","@id":"https:\/\/maximaloc.com\/#\/schema\/logo\/image\/","url":"https:\/\/maximaloc.com\/wp-content\/uploads\/2024\/03\/logo_noir-scaled.png","contentUrl":"https:\/\/maximaloc.com\/wp-content\/uploads\/2024\/03\/logo_noir-scaled.png","width":2560,"height":268,"caption":"Maximaloc"},"image":{"@id":"https:\/\/maximaloc.com\/#\/schema\/logo\/image\/"},"sameAs":["https:\/\/www.facebook.com\/Maximalocation"]}]}},"_links":{"self":[{"href":"https:\/\/maximaloc.com\/en\/wp-json\/wp\/v2\/product\/23576","targetHints":{"allow":["GET"]}}],"collection":[{"href":"https:\/\/maximaloc.com\/en\/wp-json\/wp\/v2\/product"}],"about":[{"href":"https:\/\/maximaloc.com\/en\/wp-json\/wp\/v2\/types\/product"}],"wp:attachment":[{"href":"https:\/\/maximaloc.com\/en\/wp-json\/wp\/v2\/media?parent=23576"}],"wp:term":[{"taxonomy":"product_cat","embeddable":true,"href":"https:\/\/maximaloc.com\/en\/wp-json\/wp\/v2\/product_cat?post=23576"},{"taxonomy":"product_tag","embeddable":true,"href":"https:\/\/maximaloc.com\/en\/wp-json\/wp\/v2\/product_tag?post=23576"}],"curies":[{"name":"wp","href":"https:\/\/api.w.org\/{rel}","templated":true}]}}