 {"id":23577,"date":"2026-04-28T15:31:55","date_gmt":"2026-04-28T13:31:55","guid":{"rendered":"https:\/\/maximaloc.com\/produit\/nanlite-6x-pavotube-ii-15x-rgb\/"},"modified":"2026-04-29T15:21:39","modified_gmt":"2026-04-29T13:21:39","slug":"nanlite-6x-pavotube-ii-15x-rgb","status":"publish","type":"product","link":"https:\/\/maximaloc.com\/en\/product\/nanlite-6x-pavotube-ii-15x-rgb\/","title":{"rendered":"NANLITE 6X PAVOTUBE II 15X RGB"},"content":{"rendered":"<p><u><strong>Location NANLITE 6X PAVOTUBE II 15X RGB \u00e0 Paris | Maximaloc<\/strong><\/u><\/p>\n<p>Le NANLITE 6X PAVOTUBE II 15X RGB est un kit 6x tubes led pixel rgbww de 35 W \/ tube, offrant une plage de temp\u00e9ratures de couleur de 2700\u201312 000 K + RVB int\u00e9gral \u2014 du blanc neutre \u00e0 toutes les teintes RVB, avec un rendu colorim\u00e9trique de TLCI 98. Il d\u00e9livre 377 lux \u00e0 1m | 94 lux \u00e0 2m (5600K). Compatible batterie avec une autonomie de 1h26 pleine puissance | 14h puissance minimale | Charge 2h. Contr\u00f4le via Nanlink App + T\u00e9l\u00e9commande RC C2 (2,4 GHz) + DMX via adaptateur.<\/p>\n<p><u><strong>Caract\u00e9ristiques techniques<\/strong><\/u><\/p>\n<p>Puissance :35 W \/ tube<br \/>Temp\u00e9rature couleur :2700\u201312 000 K + RVB int\u00e9gral<br \/>IRC :TLCI 98<br \/>Angle de diffusion :120\u00b0<br \/>Sortie lumineuse :377 lux \u00e0 1m | 94 lux \u00e0 2m (5600K)<br \/>Alimentation :100\u2013240V AC | Batterie int\u00e9gr\u00e9e 14,8V 2200mAh<br \/>Autonomie :1h26 pleine puissance | 14h puissance minimale | Charge 2h<br \/>Contr\u00f4le :Nanlink App + T\u00e9l\u00e9commande RC C2 (2,4 GHz) + DMX via adaptateur<br \/>Fixation :3x kodak 1\/4&#8243;-20 + anneaux + crochets<br \/>Poids :970 g \/ tube | Housse 2,27 kg<br \/>Dimensions :L 60 cm \u00d7 \u00d8 4,3 cm<\/p>\n<p><u><strong>Points forts<\/strong><\/u><\/p>\n<p>\u2022\u00a0\u00a0\u00a0\u00a0\u00a0\u00a0\u00a0 35 W \/ tube \u2013 parfait comme \u00e9clairage d&#8217;appoint ou accent sur un plateau<\/p>\n<p>\u2022\u00a0\u00a0\u00a0\u00a0\u00a0\u00a0\u00a0 2700\u201312 000 K + RVB int\u00e9gral \u2013 spectre colorim\u00e9trique complet permettant de reproduire n&#8217;importe quelle ambiance chromatique en plus de la lumi\u00e8re blanche<\/p>\n<p>\u2022\u00a0\u00a0\u00a0\u00a0\u00a0\u00a0\u00a0 TLCI 98 \u2013 fid\u00e9lit\u00e9 colorim\u00e9trique de tr\u00e8s haut niveau, id\u00e9ale pour les productions commerciales, beaut\u00e9 ou mode exigeantes<\/p>\n<p>\u2022\u00a0\u00a0\u00a0\u00a0\u00a0\u00a0\u00a0 377 lux \u00e0 1m | 94 lux \u00e0 2m (5600K) \u2013 \u00e9clairement mesure la puissance lumineuse r\u00e9ellement disponible sur le sujet selon la distance et le modificateur utilis\u00e9<\/p>\n<p>\u2022\u00a0\u00a0\u00a0\u00a0\u00a0\u00a0\u00a0 1h26 pleine puissance | 14h puissance minimale | Charge 2h sur batterie \u2013 permet de travailler dans des lieux sans acc\u00e8s secteur ou de s&#8217;affranchir des c\u00e2bles pour un placement plus libre<\/p>\n<p>Location NANLITE 6X PAVOTUBE II 15X RGB chez Maximaloc. Voir aussi nos panneaux LED, COBs et tubes Nanlite.<\/p>","protected":false},"excerpt":{"rendered":"<p>Tubes LED\u00a0RGB<\/p>\n<p>Puissance: 35W \/ Tubes<\/p>\n<p>T\u00b0 :\u00a0 RGB \/ 2700\u00a0&#8211; 12 000 K<\/p>","protected":false},"featured_media":23597,"template":"","meta":[],"product_cat":[260],"product_tag":[1634,1632,306,1633,1631],"class_list":{"0":"post-23577","1":"product","2":"type-product","3":"status-publish","4":"has-post-thumbnail","6":"product_cat-tubes-led","7":"product_tag-kit6","8":"product_tag-led-rgbww","9":"product_tag-nanlite","10":"product_tag-tlci98","11":"product_tag-tube","13":"first","14":"instock","15":"taxable","16":"shipping-taxable","17":"purchasable","18":"product-type-rentable"},"yoast_head":"<!-- This site is optimized with the Yoast SEO plugin v27.5 - https:\/\/yoast.com\/product\/yoast-seo-wordpress\/ -->\n<title>NANLITE 6X PAVOTUBE II 15X RGB - Maximaloc<\/title>\n<meta name=\"robots\" content=\"noindex, nofollow\" \/>\n<meta property=\"og:locale\" content=\"en_US\" \/>\n<meta property=\"og:type\" content=\"article\" \/>\n<meta property=\"og:title\" content=\"NANLITE 6X PAVOTUBE II 15X RGB - Maximaloc\" \/>\n<meta property=\"og:description\" content=\"Tubes LED\u00a0RGB Puissance: 35W \/ Tubes T\u00b0 :\u00a0 RGB \/ 2700\u00a0- 12 000 K\" \/>\n<meta property=\"og:url\" content=\"https:\/\/maximaloc.com\/en\/product\/nanlite-6x-pavotube-ii-15x-rgb\/\" \/>\n<meta property=\"og:site_name\" content=\"Maximaloc\" \/>\n<meta property=\"article:publisher\" content=\"https:\/\/www.facebook.com\/Maximalocation\" \/>\n<meta property=\"article:modified_time\" content=\"2026-04-29T13:21:39+00:00\" \/>\n<meta property=\"og:image\" content=\"https:\/\/maximaloc.com\/wp-content\/uploads\/2024\/09\/website.webp\" \/>\n\t<meta property=\"og:image:width\" content=\"1230\" \/>\n\t<meta property=\"og:image:height\" content=\"675\" \/>\n\t<meta property=\"og:image:type\" content=\"image\/webp\" \/>\n<meta name=\"twitter:card\" content=\"summary_large_image\" \/>\n<meta name=\"twitter:label1\" content=\"Est. reading time\" \/>\n\t<meta name=\"twitter:data1\" content=\"1 minute\" \/>\n<script type=\"application\/ld+json\" class=\"yoast-schema-graph\">{\"@context\":\"https:\\\/\\\/schema.org\",\"@graph\":[{\"@type\":\"WebPage\",\"@id\":\"https:\\\/\\\/maximaloc.com\\\/produit\\\/nanlite-6x-pavotube-ii-15x-rgb\\\/\",\"url\":\"https:\\\/\\\/maximaloc.com\\\/produit\\\/nanlite-6x-pavotube-ii-15x-rgb\\\/\",\"name\":\"NANLITE 6X PAVOTUBE II 15X RGB - Maximaloc\",\"isPartOf\":{\"@id\":\"https:\\\/\\\/maximaloc.com\\\/#website\"},\"primaryImageOfPage\":{\"@id\":\"https:\\\/\\\/maximaloc.com\\\/produit\\\/nanlite-6x-pavotube-ii-15x-rgb\\\/#primaryimage\"},\"image\":{\"@id\":\"https:\\\/\\\/maximaloc.com\\\/produit\\\/nanlite-6x-pavotube-ii-15x-rgb\\\/#primaryimage\"},\"thumbnailUrl\":\"https:\\\/\\\/maximaloc.com\\\/wp-content\\\/uploads\\\/2026\\\/04\\\/6.webp\",\"datePublished\":\"2026-04-28T13:31:55+00:00\",\"dateModified\":\"2026-04-29T13:21:39+00:00\",\"breadcrumb\":{\"@id\":\"https:\\\/\\\/maximaloc.com\\\/produit\\\/nanlite-6x-pavotube-ii-15x-rgb\\\/#breadcrumb\"},\"inLanguage\":\"en-US\",\"potentialAction\":[{\"@type\":\"ReadAction\",\"target\":[\"https:\\\/\\\/maximaloc.com\\\/produit\\\/nanlite-6x-pavotube-ii-15x-rgb\\\/\"]}]},{\"@type\":\"ImageObject\",\"inLanguage\":\"en-US\",\"@id\":\"https:\\\/\\\/maximaloc.com\\\/produit\\\/nanlite-6x-pavotube-ii-15x-rgb\\\/#primaryimage\",\"url\":\"https:\\\/\\\/maximaloc.com\\\/wp-content\\\/uploads\\\/2026\\\/04\\\/6.webp\",\"contentUrl\":\"https:\\\/\\\/maximaloc.com\\\/wp-content\\\/uploads\\\/2026\\\/04\\\/6.webp\",\"width\":725,\"height\":525},{\"@type\":\"BreadcrumbList\",\"@id\":\"https:\\\/\\\/maximaloc.com\\\/produit\\\/nanlite-6x-pavotube-ii-15x-rgb\\\/#breadcrumb\",\"itemListElement\":[{\"@type\":\"ListItem\",\"position\":1,\"name\":\"Accueil\",\"item\":\"https:\\\/\\\/maximaloc.com\\\/\"},{\"@type\":\"ListItem\",\"position\":2,\"name\":\"BOUTIQUE\",\"item\":\"https:\\\/\\\/maximaloc.com\\\/boutique\\\/\"},{\"@type\":\"ListItem\",\"position\":3,\"name\":\"NANLITE 6X PAVOTUBE II 15X RGB\"}]},{\"@type\":\"WebSite\",\"@id\":\"https:\\\/\\\/maximaloc.com\\\/#website\",\"url\":\"https:\\\/\\\/maximaloc.com\\\/\",\"name\":\"Maximaloc\",\"description\":\"\",\"publisher\":{\"@id\":\"https:\\\/\\\/maximaloc.com\\\/#organization\"},\"potentialAction\":[{\"@type\":\"SearchAction\",\"target\":{\"@type\":\"EntryPoint\",\"urlTemplate\":\"https:\\\/\\\/maximaloc.com\\\/?s={search_term_string}\"},\"query-input\":{\"@type\":\"PropertyValueSpecification\",\"valueRequired\":true,\"valueName\":\"search_term_string\"}}],\"inLanguage\":\"en-US\"},{\"@type\":\"Organization\",\"@id\":\"https:\\\/\\\/maximaloc.com\\\/#organization\",\"name\":\"Maximaloc\",\"url\":\"https:\\\/\\\/maximaloc.com\\\/\",\"logo\":{\"@type\":\"ImageObject\",\"inLanguage\":\"en-US\",\"@id\":\"https:\\\/\\\/maximaloc.com\\\/#\\\/schema\\\/logo\\\/image\\\/\",\"url\":\"https:\\\/\\\/maximaloc.com\\\/wp-content\\\/uploads\\\/2024\\\/03\\\/logo_noir-scaled.png\",\"contentUrl\":\"https:\\\/\\\/maximaloc.com\\\/wp-content\\\/uploads\\\/2024\\\/03\\\/logo_noir-scaled.png\",\"width\":2560,\"height\":268,\"caption\":\"Maximaloc\"},\"image\":{\"@id\":\"https:\\\/\\\/maximaloc.com\\\/#\\\/schema\\\/logo\\\/image\\\/\"},\"sameAs\":[\"https:\\\/\\\/www.facebook.com\\\/Maximalocation\"]}]}<\/script>\n<!-- \/ Yoast SEO plugin. -->","yoast_head_json":{"title":"NANLITE 6X PAVOTUBE II 15X RGB - Maximaloc","robots":{"index":"noindex","follow":"nofollow"},"og_locale":"en_US","og_type":"article","og_title":"NANLITE 6X PAVOTUBE II 15X RGB - Maximaloc","og_description":"Tubes LED\u00a0RGB Puissance: 35W \/ Tubes T\u00b0 :\u00a0 RGB \/ 2700\u00a0- 12 000 K","og_url":"https:\/\/maximaloc.com\/en\/product\/nanlite-6x-pavotube-ii-15x-rgb\/","og_site_name":"Maximaloc","article_publisher":"https:\/\/www.facebook.com\/Maximalocation","article_modified_time":"2026-04-29T13:21:39+00:00","og_image":[{"width":1230,"height":675,"url":"https:\/\/maximaloc.com\/wp-content\/uploads\/2024\/09\/website.webp","type":"image\/webp"}],"twitter_card":"summary_large_image","twitter_misc":{"Est. reading time":"1 minute"},"schema":{"@context":"https:\/\/schema.org","@graph":[{"@type":"WebPage","@id":"https:\/\/maximaloc.com\/produit\/nanlite-6x-pavotube-ii-15x-rgb\/","url":"https:\/\/maximaloc.com\/produit\/nanlite-6x-pavotube-ii-15x-rgb\/","name":"NANLITE 6X PAVOTUBE II 15X RGB - Maximaloc","isPartOf":{"@id":"https:\/\/maximaloc.com\/#website"},"primaryImageOfPage":{"@id":"https:\/\/maximaloc.com\/produit\/nanlite-6x-pavotube-ii-15x-rgb\/#primaryimage"},"image":{"@id":"https:\/\/maximaloc.com\/produit\/nanlite-6x-pavotube-ii-15x-rgb\/#primaryimage"},"thumbnailUrl":"https:\/\/maximaloc.com\/wp-content\/uploads\/2026\/04\/6.webp","datePublished":"2026-04-28T13:31:55+00:00","dateModified":"2026-04-29T13:21:39+00:00","breadcrumb":{"@id":"https:\/\/maximaloc.com\/produit\/nanlite-6x-pavotube-ii-15x-rgb\/#breadcrumb"},"inLanguage":"en-US","potentialAction":[{"@type":"ReadAction","target":["https:\/\/maximaloc.com\/produit\/nanlite-6x-pavotube-ii-15x-rgb\/"]}]},{"@type":"ImageObject","inLanguage":"en-US","@id":"https:\/\/maximaloc.com\/produit\/nanlite-6x-pavotube-ii-15x-rgb\/#primaryimage","url":"https:\/\/maximaloc.com\/wp-content\/uploads\/2026\/04\/6.webp","contentUrl":"https:\/\/maximaloc.com\/wp-content\/uploads\/2026\/04\/6.webp","width":725,"height":525},{"@type":"BreadcrumbList","@id":"https:\/\/maximaloc.com\/produit\/nanlite-6x-pavotube-ii-15x-rgb\/#breadcrumb","itemListElement":[{"@type":"ListItem","position":1,"name":"Accueil","item":"https:\/\/maximaloc.com\/"},{"@type":"ListItem","position":2,"name":"BOUTIQUE","item":"https:\/\/maximaloc.com\/boutique\/"},{"@type":"ListItem","position":3,"name":"NANLITE 6X PAVOTUBE II 15X RGB"}]},{"@type":"WebSite","@id":"https:\/\/maximaloc.com\/#website","url":"https:\/\/maximaloc.com\/","name":"Maximaloc","description":"","publisher":{"@id":"https:\/\/maximaloc.com\/#organization"},"potentialAction":[{"@type":"SearchAction","target":{"@type":"EntryPoint","urlTemplate":"https:\/\/maximaloc.com\/?s={search_term_string}"},"query-input":{"@type":"PropertyValueSpecification","valueRequired":true,"valueName":"search_term_string"}}],"inLanguage":"en-US"},{"@type":"Organization","@id":"https:\/\/maximaloc.com\/#organization","name":"Maximaloc","url":"https:\/\/maximaloc.com\/","logo":{"@type":"ImageObject","inLanguage":"en-US","@id":"https:\/\/maximaloc.com\/#\/schema\/logo\/image\/","url":"https:\/\/maximaloc.com\/wp-content\/uploads\/2024\/03\/logo_noir-scaled.png","contentUrl":"https:\/\/maximaloc.com\/wp-content\/uploads\/2024\/03\/logo_noir-scaled.png","width":2560,"height":268,"caption":"Maximaloc"},"image":{"@id":"https:\/\/maximaloc.com\/#\/schema\/logo\/image\/"},"sameAs":["https:\/\/www.facebook.com\/Maximalocation"]}]}},"_links":{"self":[{"href":"https:\/\/maximaloc.com\/en\/wp-json\/wp\/v2\/product\/23577","targetHints":{"allow":["GET"]}}],"collection":[{"href":"https:\/\/maximaloc.com\/en\/wp-json\/wp\/v2\/product"}],"about":[{"href":"https:\/\/maximaloc.com\/en\/wp-json\/wp\/v2\/types\/product"}],"wp:featuredmedia":[{"embeddable":true,"href":"https:\/\/maximaloc.com\/en\/wp-json\/wp\/v2\/media\/23597"}],"wp:attachment":[{"href":"https:\/\/maximaloc.com\/en\/wp-json\/wp\/v2\/media?parent=23577"}],"wp:term":[{"taxonomy":"product_cat","embeddable":true,"href":"https:\/\/maximaloc.com\/en\/wp-json\/wp\/v2\/product_cat?post=23577"},{"taxonomy":"product_tag","embeddable":true,"href":"https:\/\/maximaloc.com\/en\/wp-json\/wp\/v2\/product_tag?post=23577"}],"curies":[{"name":"wp","href":"https:\/\/api.w.org\/{rel}","templated":true}]}}