 {"id":23881,"date":"2026-05-06T14:43:16","date_gmt":"2026-05-06T12:43:16","guid":{"rendered":"https:\/\/maximaloc.com\/produit\/telecommande-presentation\/"},"modified":"2026-05-06T15:46:26","modified_gmt":"2026-05-06T13:46:26","slug":"telecommande-presentation","status":"publish","type":"product","link":"https:\/\/maximaloc.com\/en\/product\/telecommande-presentation\/","title":{"rendered":"TELECOMMANDE PRESENTATION"},"content":{"rendered":"<p><u><strong>T\u00e9l\u00e9commande de Pr\u00e9sentation NORWII N27 | Location Paris Maximaloc<\/strong><\/u><\/p>\n<p>Le Norwii N27 est un pr\u00e9sentateur sans fil con\u00e7u pour les pr\u00e9sentations professionnelles, avec une port\u00e9e de contr\u00f4le de 100 m et une port\u00e9e laser de 200 m. Gagadget<\/p>\n<p><u><strong>Caract\u00e9ristiques techniques<\/strong> <\/u>Technologie : RF 2,4 GHz Port\u00e9e de contr\u00f4le : 100 m Port\u00e9e laser : 200 m Laser : &lt;1 mW (Classe 2) Norwii Compatibilit\u00e9 : Windows 7\/8\/10\/11 et macOS 10.15 ou ult\u00e9rieur \u2014 Android et Linux (laser et pages uniquement) Norwii Alimentation : 1x pile AAA Dimensions : 139,2 x 18,2 x 19,7 mm \u2014 Poids : 23,6 g Alibaba<\/p>\n<p>Fonctions Page pr\u00e9c\u00e9dente \/ suivante, hyperliens, contr\u00f4le du volume, plein \u00e9cran, \u00e9cran noir, personnalisation des touches via l&#8217;application Norwii Presenter. Gagadget<\/p>\n<p><u><strong>Points forts<\/strong><\/u><\/p>\n<ul>\n<li>Port\u00e9e de 100 m : id\u00e9al pour les grandes salles de conf\u00e9rence ou d&#8217;enseignement Gagadget<\/li>\n<li>R\u00e9cepteur USB stock\u00e9 directement dans le bo\u00eetier du pr\u00e9sentateur pour ne jamais l&#8217;\u00e9garer Amazon France<\/li>\n<li>Plug &amp; Play \u2014 aucun pilote \u00e0 installer sous Windows, Android ou Linux<\/li>\n<li>Design ergonomique avec touches en relief pour rep\u00e9rer les fonctions au toucher sans regarder Amazon France<\/li>\n<li>Touches enti\u00e8rement personnalisables via le logiciel Norwii Presenter (lecture\/pause, piste suivante, sourdine, etc.) Gagadget<\/li>\n<\/ul>\n<p>Location t\u00e9l\u00e9commande de pr\u00e9sentation NORWII N27 chez Maximaloc. Voir aussi nos micros sans fil, pieds et accessoires de conf\u00e9rence.<\/p>","protected":false},"excerpt":{"rendered":"<p>T\u00e9l\u00e9commande pr\u00e9sentateur sans fil RF 2,4 GHz<\/p>\n<p>Port\u00e9e 100 m, laser rouge 200 m<\/p>\n<p>Plug &amp; Play USB-A (r\u00e9cepteur int\u00e9gr\u00e9 au bo\u00eetier)<\/p>\n<p>Compatible Windows, macOS, Android<\/p>\n<p>Touches personnalisables, poids 23,6 g<\/p>","protected":false},"featured_media":0,"template":"","meta":[],"product_cat":[250],"product_tag":[],"class_list":{"0":"post-23881","1":"product","2":"type-product","3":"status-publish","5":"product_cat-lumiere-flash","7":"first","8":"instock","9":"taxable","10":"shipping-taxable","11":"purchasable","12":"product-type-rentable"},"yoast_head":"<!-- This site is optimized with the Yoast SEO plugin v27.5 - https:\/\/yoast.com\/product\/yoast-seo-wordpress\/ -->\n<title>TELECOMMANDE PRESENTATION - Maximaloc<\/title>\n<meta name=\"robots\" content=\"noindex, nofollow\" \/>\n<meta property=\"og:locale\" content=\"en_US\" \/>\n<meta property=\"og:type\" content=\"article\" \/>\n<meta property=\"og:title\" content=\"TELECOMMANDE PRESENTATION - Maximaloc\" \/>\n<meta property=\"og:description\" content=\"T\u00e9l\u00e9commande pr\u00e9sentateur sans fil RF 2,4 GHz Port\u00e9e 100 m, laser rouge 200 m Plug &amp; Play USB-A (r\u00e9cepteur int\u00e9gr\u00e9 au bo\u00eetier) Compatible Windows, macOS, Android Touches personnalisables, poids 23,6 g\" \/>\n<meta property=\"og:url\" content=\"https:\/\/maximaloc.com\/en\/product\/telecommande-presentation\/\" \/>\n<meta property=\"og:site_name\" content=\"Maximaloc\" \/>\n<meta property=\"article:publisher\" content=\"https:\/\/www.facebook.com\/Maximalocation\" \/>\n<meta property=\"article:modified_time\" content=\"2026-05-06T13:46:26+00:00\" \/>\n<meta property=\"og:image\" content=\"https:\/\/maximaloc.com\/wp-content\/uploads\/2024\/09\/website.webp\" \/>\n\t<meta property=\"og:image:width\" content=\"1230\" \/>\n\t<meta property=\"og:image:height\" content=\"675\" \/>\n\t<meta property=\"og:image:type\" content=\"image\/webp\" \/>\n<meta name=\"twitter:card\" content=\"summary_large_image\" \/>\n<meta name=\"twitter:label1\" content=\"Est. reading time\" \/>\n\t<meta name=\"twitter:data1\" content=\"1 minute\" \/>\n<script type=\"application\/ld+json\" class=\"yoast-schema-graph\">{\"@context\":\"https:\\\/\\\/schema.org\",\"@graph\":[{\"@type\":\"WebPage\",\"@id\":\"https:\\\/\\\/maximaloc.com\\\/produit\\\/telecommande-presentation\\\/\",\"url\":\"https:\\\/\\\/maximaloc.com\\\/produit\\\/telecommande-presentation\\\/\",\"name\":\"TELECOMMANDE PRESENTATION - Maximaloc\",\"isPartOf\":{\"@id\":\"https:\\\/\\\/maximaloc.com\\\/#website\"},\"datePublished\":\"2026-05-06T12:43:16+00:00\",\"dateModified\":\"2026-05-06T13:46:26+00:00\",\"breadcrumb\":{\"@id\":\"https:\\\/\\\/maximaloc.com\\\/produit\\\/telecommande-presentation\\\/#breadcrumb\"},\"inLanguage\":\"en-US\",\"potentialAction\":[{\"@type\":\"ReadAction\",\"target\":[\"https:\\\/\\\/maximaloc.com\\\/produit\\\/telecommande-presentation\\\/\"]}]},{\"@type\":\"BreadcrumbList\",\"@id\":\"https:\\\/\\\/maximaloc.com\\\/produit\\\/telecommande-presentation\\\/#breadcrumb\",\"itemListElement\":[{\"@type\":\"ListItem\",\"position\":1,\"name\":\"Accueil\",\"item\":\"https:\\\/\\\/maximaloc.com\\\/\"},{\"@type\":\"ListItem\",\"position\":2,\"name\":\"BOUTIQUE\",\"item\":\"https:\\\/\\\/maximaloc.com\\\/boutique\\\/\"},{\"@type\":\"ListItem\",\"position\":3,\"name\":\"TELECOMMANDE PRESENTATION\"}]},{\"@type\":\"WebSite\",\"@id\":\"https:\\\/\\\/maximaloc.com\\\/#website\",\"url\":\"https:\\\/\\\/maximaloc.com\\\/\",\"name\":\"Maximaloc\",\"description\":\"\",\"publisher\":{\"@id\":\"https:\\\/\\\/maximaloc.com\\\/#organization\"},\"potentialAction\":[{\"@type\":\"SearchAction\",\"target\":{\"@type\":\"EntryPoint\",\"urlTemplate\":\"https:\\\/\\\/maximaloc.com\\\/?s={search_term_string}\"},\"query-input\":{\"@type\":\"PropertyValueSpecification\",\"valueRequired\":true,\"valueName\":\"search_term_string\"}}],\"inLanguage\":\"en-US\"},{\"@type\":\"Organization\",\"@id\":\"https:\\\/\\\/maximaloc.com\\\/#organization\",\"name\":\"Maximaloc\",\"url\":\"https:\\\/\\\/maximaloc.com\\\/\",\"logo\":{\"@type\":\"ImageObject\",\"inLanguage\":\"en-US\",\"@id\":\"https:\\\/\\\/maximaloc.com\\\/#\\\/schema\\\/logo\\\/image\\\/\",\"url\":\"https:\\\/\\\/maximaloc.com\\\/wp-content\\\/uploads\\\/2024\\\/03\\\/logo_noir-scaled.png\",\"contentUrl\":\"https:\\\/\\\/maximaloc.com\\\/wp-content\\\/uploads\\\/2024\\\/03\\\/logo_noir-scaled.png\",\"width\":2560,\"height\":268,\"caption\":\"Maximaloc\"},\"image\":{\"@id\":\"https:\\\/\\\/maximaloc.com\\\/#\\\/schema\\\/logo\\\/image\\\/\"},\"sameAs\":[\"https:\\\/\\\/www.facebook.com\\\/Maximalocation\"]}]}<\/script>\n<!-- \/ Yoast SEO plugin. -->","yoast_head_json":{"title":"TELECOMMANDE PRESENTATION - Maximaloc","robots":{"index":"noindex","follow":"nofollow"},"og_locale":"en_US","og_type":"article","og_title":"TELECOMMANDE PRESENTATION - Maximaloc","og_description":"T\u00e9l\u00e9commande pr\u00e9sentateur sans fil RF 2,4 GHz Port\u00e9e 100 m, laser rouge 200 m Plug &amp; Play USB-A (r\u00e9cepteur int\u00e9gr\u00e9 au bo\u00eetier) Compatible Windows, macOS, Android Touches personnalisables, poids 23,6 g","og_url":"https:\/\/maximaloc.com\/en\/product\/telecommande-presentation\/","og_site_name":"Maximaloc","article_publisher":"https:\/\/www.facebook.com\/Maximalocation","article_modified_time":"2026-05-06T13:46:26+00:00","og_image":[{"width":1230,"height":675,"url":"https:\/\/maximaloc.com\/wp-content\/uploads\/2024\/09\/website.webp","type":"image\/webp"}],"twitter_card":"summary_large_image","twitter_misc":{"Est. reading time":"1 minute"},"schema":{"@context":"https:\/\/schema.org","@graph":[{"@type":"WebPage","@id":"https:\/\/maximaloc.com\/produit\/telecommande-presentation\/","url":"https:\/\/maximaloc.com\/produit\/telecommande-presentation\/","name":"TELECOMMANDE PRESENTATION - Maximaloc","isPartOf":{"@id":"https:\/\/maximaloc.com\/#website"},"datePublished":"2026-05-06T12:43:16+00:00","dateModified":"2026-05-06T13:46:26+00:00","breadcrumb":{"@id":"https:\/\/maximaloc.com\/produit\/telecommande-presentation\/#breadcrumb"},"inLanguage":"en-US","potentialAction":[{"@type":"ReadAction","target":["https:\/\/maximaloc.com\/produit\/telecommande-presentation\/"]}]},{"@type":"BreadcrumbList","@id":"https:\/\/maximaloc.com\/produit\/telecommande-presentation\/#breadcrumb","itemListElement":[{"@type":"ListItem","position":1,"name":"Accueil","item":"https:\/\/maximaloc.com\/"},{"@type":"ListItem","position":2,"name":"BOUTIQUE","item":"https:\/\/maximaloc.com\/boutique\/"},{"@type":"ListItem","position":3,"name":"TELECOMMANDE PRESENTATION"}]},{"@type":"WebSite","@id":"https:\/\/maximaloc.com\/#website","url":"https:\/\/maximaloc.com\/","name":"Maximaloc","description":"","publisher":{"@id":"https:\/\/maximaloc.com\/#organization"},"potentialAction":[{"@type":"SearchAction","target":{"@type":"EntryPoint","urlTemplate":"https:\/\/maximaloc.com\/?s={search_term_string}"},"query-input":{"@type":"PropertyValueSpecification","valueRequired":true,"valueName":"search_term_string"}}],"inLanguage":"en-US"},{"@type":"Organization","@id":"https:\/\/maximaloc.com\/#organization","name":"Maximaloc","url":"https:\/\/maximaloc.com\/","logo":{"@type":"ImageObject","inLanguage":"en-US","@id":"https:\/\/maximaloc.com\/#\/schema\/logo\/image\/","url":"https:\/\/maximaloc.com\/wp-content\/uploads\/2024\/03\/logo_noir-scaled.png","contentUrl":"https:\/\/maximaloc.com\/wp-content\/uploads\/2024\/03\/logo_noir-scaled.png","width":2560,"height":268,"caption":"Maximaloc"},"image":{"@id":"https:\/\/maximaloc.com\/#\/schema\/logo\/image\/"},"sameAs":["https:\/\/www.facebook.com\/Maximalocation"]}]}},"_links":{"self":[{"href":"https:\/\/maximaloc.com\/en\/wp-json\/wp\/v2\/product\/23881","targetHints":{"allow":["GET"]}}],"collection":[{"href":"https:\/\/maximaloc.com\/en\/wp-json\/wp\/v2\/product"}],"about":[{"href":"https:\/\/maximaloc.com\/en\/wp-json\/wp\/v2\/types\/product"}],"wp:attachment":[{"href":"https:\/\/maximaloc.com\/en\/wp-json\/wp\/v2\/media?parent=23881"}],"wp:term":[{"taxonomy":"product_cat","embeddable":true,"href":"https:\/\/maximaloc.com\/en\/wp-json\/wp\/v2\/product_cat?post=23881"},{"taxonomy":"product_tag","embeddable":true,"href":"https:\/\/maximaloc.com\/en\/wp-json\/wp\/v2\/product_tag?post=23881"}],"curies":[{"name":"wp","href":"https:\/\/api.w.org\/{rel}","templated":true}]}}