 {"id":3871,"date":"2024-03-21T13:40:56","date_gmt":"2024-03-21T12:40:56","guid":{"rendered":"https:\/\/maximaloc.com\/produit\/kit-sony-a7riii\/"},"modified":"2026-04-09T21:44:37","modified_gmt":"2026-04-09T19:44:37","slug":"sony-a7riii","status":"publish","type":"product","link":"https:\/\/maximaloc.com\/en\/product\/sony-a7riii\/","title":{"rendered":"SONY A7RIII"},"content":{"rendered":"<p>Le A7R III est un bo\u00eetier photo et vid\u00e9o plein format de tr\u00e8s haute r\u00e9solution avec 42,4 m\u00e9gapixels. Gr\u00e2ce \u00e0 une prise de vue continue \u00e0 10 images par seconde et des performances de mise au point automatique rapide et pr\u00e9cise, c&#8217;est un des appareils privil\u00e9gi\u00e9s par les photographes, les vid\u00e9astes, les cr\u00e9ateurs de contenu multim\u00e9dia.\u00a0<\/p>\n<p>Les Photos en RAW 14 Bits 42MP permettent d\u2019avoir les d\u00e9tails et la r\u00e9solution n\u00e9cessaires au monde de la mode et de la photo d\u2019art. Tout agrandissement sera un plaisir en postproduction ou en impression.\u00a0 Par ailleurs l&#8217;enregistrement vid\u00e9o UHD 4K interne avec une large plage dynamique permet de cr\u00e9er des vid\u00e9os de grande qualit\u00e9 sans changer de cam\u00e9ra.<\/p>\n<p>\u00a0<\/p>\n<p>\u00a0\u00a0\u00a0\u00a0\u00a0\u00a0\u00a0\u00a0\u00a0\u00a0\u00a0\u00a0\u00a0\u00a0\u00a0\u00a0\u00a0\u00a0\u00a0\u00a0\u00a0\u00a0\u00a0\u00a0\u00a0\u00a0\u00a0\u00a0\u00a0\u00a0\u00a0\u00a0\u00a0\u00a0\u00a0\u00a0\u00a0\u00a0\u00a0\u00a0\u00a0\u00a0\u00a0\u00a0\u00a0\u00a0\u00a0\u00a0\u00a0\u00a0\u00a0\u00a0\u00a0\u00a0\u00a0\u00a0\u00a0\u00a0\u00a0\u00a0\u00a0\u00a0\u00a0\u00a0\u00a0\u00a0\u00a0\u00a0\u00a0\u00a0\u00a0\u00a0\u00a0\u00a0\u00a0\u00a0\u00a0\u00a0\u00a0\u00a0\u00a0\u00a0\u00a0\u00a0\u00a0\u00a0\u00a0\u00a0\u00a0\u00a0\u00a0\u00a0\u00a0\u00a0\u00a0\u00a0\u00a0\u00a0\u00a0\u00a0\u00a0\u00a0\u00a0\u00a0\u00a0\u00a0\u00a0\u00a0\u00a0\u00a0\u00a0\u00a0\u00a0\u00a0\u00a0\u00a0\u00a0\u00a0<\/p>\n<p><strong>Points Forts :<\/strong><\/p>\n<ul>\n<li>CMOS Full Frame de 42 MP<\/li>\n<li>Stabilisation 5 axes<\/li>\n<li>Vid\u00e9o Interne 4K420 8 Bits<\/li>\n<li>Slow Motion HD jusqu\u2019\u00e0 120p (avec crop)<\/li>\n<li>Autofocus avec tracking visage\/yeux<\/li>\n<li>Ecran LCD double charni\u00e8re<br \/>\u00a0<br \/>\u00a0<br \/>\u00a0<\/li>\n<\/ul>","protected":false},"excerpt":{"rendered":"<p>Capteur :\u00a042.4 MP (Full Frame)<\/p>\n<p>Photo Jpeg \/ Raw 14 bit<\/p>\n<p>Vid\u00e9o 4K 30 4:2:0 8 bit<\/p>\n<p>Slow Motion HD 120p\u00a0<\/p>","protected":false},"featured_media":5848,"template":"","meta":[],"product_cat":[191],"product_tag":[197,199,160,162,198,167,195,196,201],"class_list":{"0":"post-3871","1":"product","2":"type-product","3":"status-publish","4":"has-post-thumbnail","6":"product_cat-sony-marque","7":"product_tag-full-frame-24x36","8":"product_tag-hybride-dslr","9":"product_tag-420-8-bits","10":"product_tag-4k","11":"product_tag-full-hd","12":"product_tag-fhd-120p","13":"product_tag-avec-autofocus","14":"product_tag-capteur-stabilise","15":"product_tag-sony-e","17":"first","18":"instock","19":"taxable","20":"shipping-taxable","21":"purchasable","22":"product-type-rentable"},"yoast_head":"<!-- This site is optimized with the Yoast SEO plugin v24.1 - https:\/\/yoast.com\/wordpress\/plugins\/seo\/ -->\n<title>SONY A7RIII - Maximaloc<\/title>\n<meta name=\"robots\" content=\"index, follow, max-snippet:-1, max-image-preview:large, max-video-preview:-1\" \/>\n<link rel=\"canonical\" href=\"https:\/\/maximaloc.com\/en\/product\/sony-a7riii\/\" \/>\n<meta property=\"og:locale\" content=\"en_US\" \/>\n<meta property=\"og:type\" content=\"article\" \/>\n<meta property=\"og:title\" content=\"SONY A7RIII - Maximaloc\" \/>\n<meta property=\"og:description\" content=\"Capteur :\u00a042.4 MP (Full Frame) Photo Jpeg \/ Raw 14 bit Vid\u00e9o 4K 30 4:2:0 8 bit Slow Motion HD 120p\u00a0\" \/>\n<meta property=\"og:url\" content=\"https:\/\/maximaloc.com\/en\/product\/sony-a7riii\/\" \/>\n<meta property=\"og:site_name\" content=\"Maximaloc\" \/>\n<meta property=\"article:publisher\" content=\"https:\/\/www.facebook.com\/Maximalocation\" \/>\n<meta property=\"article:modified_time\" content=\"2026-04-09T19:44:37+00:00\" \/>\n<meta property=\"og:image\" content=\"https:\/\/maximaloc.com\/wp-content\/uploads\/2024\/03\/b49820_fce4614e81424c728d78156acc90725bmv2.webp\" \/>\n\t<meta property=\"og:image:width\" content=\"580\" \/>\n\t<meta property=\"og:image:height\" content=\"420\" \/>\n\t<meta property=\"og:image:type\" content=\"image\/webp\" \/>\n<meta name=\"twitter:card\" content=\"summary_large_image\" \/>\n<meta name=\"twitter:label1\" content=\"Est. reading time\" \/>\n\t<meta name=\"twitter:data1\" content=\"1 minute\" \/>\n<script type=\"application\/ld+json\" class=\"yoast-schema-graph\">{\"@context\":\"https:\/\/schema.org\",\"@graph\":[{\"@type\":\"WebPage\",\"@id\":\"https:\/\/maximaloc.com\/produit\/sony-a7riii\/\",\"url\":\"https:\/\/maximaloc.com\/produit\/sony-a7riii\/\",\"name\":\"SONY A7RIII - Maximaloc\",\"isPartOf\":{\"@id\":\"https:\/\/maximaloc.com\/#website\"},\"primaryImageOfPage\":{\"@id\":\"https:\/\/maximaloc.com\/produit\/sony-a7riii\/#primaryimage\"},\"image\":{\"@id\":\"https:\/\/maximaloc.com\/produit\/sony-a7riii\/#primaryimage\"},\"thumbnailUrl\":\"https:\/\/maximaloc.com\/wp-content\/uploads\/2024\/03\/b49820_fce4614e81424c728d78156acc90725bmv2.webp\",\"datePublished\":\"2024-03-21T12:40:56+00:00\",\"dateModified\":\"2026-04-09T19:44:37+00:00\",\"breadcrumb\":{\"@id\":\"https:\/\/maximaloc.com\/produit\/sony-a7riii\/#breadcrumb\"},\"inLanguage\":\"en-US\",\"potentialAction\":[{\"@type\":\"ReadAction\",\"target\":[\"https:\/\/maximaloc.com\/produit\/sony-a7riii\/\"]}]},{\"@type\":\"ImageObject\",\"inLanguage\":\"en-US\",\"@id\":\"https:\/\/maximaloc.com\/produit\/sony-a7riii\/#primaryimage\",\"url\":\"https:\/\/maximaloc.com\/wp-content\/uploads\/2024\/03\/b49820_fce4614e81424c728d78156acc90725bmv2.webp\",\"contentUrl\":\"https:\/\/maximaloc.com\/wp-content\/uploads\/2024\/03\/b49820_fce4614e81424c728d78156acc90725bmv2.webp\",\"width\":580,\"height\":420,\"caption\":\"Appareil hybride Full Frame Sony A7RIII nu en vue de face \u00e0 la location\"},{\"@type\":\"BreadcrumbList\",\"@id\":\"https:\/\/maximaloc.com\/produit\/sony-a7riii\/#breadcrumb\",\"itemListElement\":[{\"@type\":\"ListItem\",\"position\":1,\"name\":\"Accueil\",\"item\":\"https:\/\/maximaloc.com\/\"},{\"@type\":\"ListItem\",\"position\":2,\"name\":\"BOUTIQUE\",\"item\":\"https:\/\/maximaloc.com\/boutique\/\"},{\"@type\":\"ListItem\",\"position\":3,\"name\":\"SONY A7RIII\"}]},{\"@type\":\"WebSite\",\"@id\":\"https:\/\/maximaloc.com\/#website\",\"url\":\"https:\/\/maximaloc.com\/\",\"name\":\"Maximaloc\",\"description\":\"\",\"publisher\":{\"@id\":\"https:\/\/maximaloc.com\/#organization\"},\"potentialAction\":[{\"@type\":\"SearchAction\",\"target\":{\"@type\":\"EntryPoint\",\"urlTemplate\":\"https:\/\/maximaloc.com\/?s={search_term_string}\"},\"query-input\":{\"@type\":\"PropertyValueSpecification\",\"valueRequired\":true,\"valueName\":\"search_term_string\"}}],\"inLanguage\":\"en-US\"},{\"@type\":\"Organization\",\"@id\":\"https:\/\/maximaloc.com\/#organization\",\"name\":\"Maximaloc\",\"url\":\"https:\/\/maximaloc.com\/\",\"logo\":{\"@type\":\"ImageObject\",\"inLanguage\":\"en-US\",\"@id\":\"https:\/\/maximaloc.com\/#\/schema\/logo\/image\/\",\"url\":\"https:\/\/maximaloc.com\/wp-content\/uploads\/2024\/03\/logo_noir.png\",\"contentUrl\":\"https:\/\/maximaloc.com\/wp-content\/uploads\/2024\/03\/logo_noir.png\",\"width\":11750,\"height\":1231,\"caption\":\"Maximaloc\"},\"image\":{\"@id\":\"https:\/\/maximaloc.com\/#\/schema\/logo\/image\/\"},\"sameAs\":[\"https:\/\/www.facebook.com\/Maximalocation\"]}]}<\/script>\n<!-- \/ Yoast SEO plugin. -->","yoast_head_json":{"title":"SONY A7RIII - Maximaloc","robots":{"index":"index","follow":"follow","max-snippet":"max-snippet:-1","max-image-preview":"max-image-preview:large","max-video-preview":"max-video-preview:-1"},"canonical":"https:\/\/maximaloc.com\/en\/product\/sony-a7riii\/","og_locale":"en_US","og_type":"article","og_title":"SONY A7RIII - Maximaloc","og_description":"Capteur :\u00a042.4 MP (Full Frame) Photo Jpeg \/ Raw 14 bit Vid\u00e9o 4K 30 4:2:0 8 bit Slow Motion HD 120p\u00a0","og_url":"https:\/\/maximaloc.com\/en\/product\/sony-a7riii\/","og_site_name":"Maximaloc","article_publisher":"https:\/\/www.facebook.com\/Maximalocation","article_modified_time":"2026-04-09T19:44:37+00:00","og_image":[{"width":580,"height":420,"url":"https:\/\/maximaloc.com\/wp-content\/uploads\/2024\/03\/b49820_fce4614e81424c728d78156acc90725bmv2.webp","type":"image\/webp"}],"twitter_card":"summary_large_image","twitter_misc":{"Est. reading time":"1 minute"},"schema":{"@context":"https:\/\/schema.org","@graph":[{"@type":"WebPage","@id":"https:\/\/maximaloc.com\/produit\/sony-a7riii\/","url":"https:\/\/maximaloc.com\/produit\/sony-a7riii\/","name":"SONY A7RIII - Maximaloc","isPartOf":{"@id":"https:\/\/maximaloc.com\/#website"},"primaryImageOfPage":{"@id":"https:\/\/maximaloc.com\/produit\/sony-a7riii\/#primaryimage"},"image":{"@id":"https:\/\/maximaloc.com\/produit\/sony-a7riii\/#primaryimage"},"thumbnailUrl":"https:\/\/maximaloc.com\/wp-content\/uploads\/2024\/03\/b49820_fce4614e81424c728d78156acc90725bmv2.webp","datePublished":"2024-03-21T12:40:56+00:00","dateModified":"2026-04-09T19:44:37+00:00","breadcrumb":{"@id":"https:\/\/maximaloc.com\/produit\/sony-a7riii\/#breadcrumb"},"inLanguage":"en-US","potentialAction":[{"@type":"ReadAction","target":["https:\/\/maximaloc.com\/produit\/sony-a7riii\/"]}]},{"@type":"ImageObject","inLanguage":"en-US","@id":"https:\/\/maximaloc.com\/produit\/sony-a7riii\/#primaryimage","url":"https:\/\/maximaloc.com\/wp-content\/uploads\/2024\/03\/b49820_fce4614e81424c728d78156acc90725bmv2.webp","contentUrl":"https:\/\/maximaloc.com\/wp-content\/uploads\/2024\/03\/b49820_fce4614e81424c728d78156acc90725bmv2.webp","width":580,"height":420,"caption":"Appareil hybride Full Frame Sony A7RIII nu en vue de face \u00e0 la location"},{"@type":"BreadcrumbList","@id":"https:\/\/maximaloc.com\/produit\/sony-a7riii\/#breadcrumb","itemListElement":[{"@type":"ListItem","position":1,"name":"Accueil","item":"https:\/\/maximaloc.com\/"},{"@type":"ListItem","position":2,"name":"BOUTIQUE","item":"https:\/\/maximaloc.com\/boutique\/"},{"@type":"ListItem","position":3,"name":"SONY A7RIII"}]},{"@type":"WebSite","@id":"https:\/\/maximaloc.com\/#website","url":"https:\/\/maximaloc.com\/","name":"Maximaloc","description":"","publisher":{"@id":"https:\/\/maximaloc.com\/#organization"},"potentialAction":[{"@type":"SearchAction","target":{"@type":"EntryPoint","urlTemplate":"https:\/\/maximaloc.com\/?s={search_term_string}"},"query-input":{"@type":"PropertyValueSpecification","valueRequired":true,"valueName":"search_term_string"}}],"inLanguage":"en-US"},{"@type":"Organization","@id":"https:\/\/maximaloc.com\/#organization","name":"Maximaloc","url":"https:\/\/maximaloc.com\/","logo":{"@type":"ImageObject","inLanguage":"en-US","@id":"https:\/\/maximaloc.com\/#\/schema\/logo\/image\/","url":"https:\/\/maximaloc.com\/wp-content\/uploads\/2024\/03\/logo_noir.png","contentUrl":"https:\/\/maximaloc.com\/wp-content\/uploads\/2024\/03\/logo_noir.png","width":11750,"height":1231,"caption":"Maximaloc"},"image":{"@id":"https:\/\/maximaloc.com\/#\/schema\/logo\/image\/"},"sameAs":["https:\/\/www.facebook.com\/Maximalocation"]}]}},"_links":{"self":[{"href":"https:\/\/maximaloc.com\/en\/wp-json\/wp\/v2\/product\/3871","targetHints":{"allow":["GET"]}}],"collection":[{"href":"https:\/\/maximaloc.com\/en\/wp-json\/wp\/v2\/product"}],"about":[{"href":"https:\/\/maximaloc.com\/en\/wp-json\/wp\/v2\/types\/product"}],"wp:featuredmedia":[{"embeddable":true,"href":"https:\/\/maximaloc.com\/en\/wp-json\/wp\/v2\/media\/5848"}],"wp:attachment":[{"href":"https:\/\/maximaloc.com\/en\/wp-json\/wp\/v2\/media?parent=3871"}],"wp:term":[{"taxonomy":"product_cat","embeddable":true,"href":"https:\/\/maximaloc.com\/en\/wp-json\/wp\/v2\/product_cat?post=3871"},{"taxonomy":"product_tag","embeddable":true,"href":"https:\/\/maximaloc.com\/en\/wp-json\/wp\/v2\/product_tag?post=3871"}],"curies":[{"name":"wp","href":"https:\/\/api.w.org\/{rel}","templated":true}]}}