 {"id":3952,"date":"2024-03-21T13:41:23","date_gmt":"2024-03-21T12:41:23","guid":{"rendered":"https:\/\/maximaloc.com\/produit\/kit-sony-fx9\/"},"modified":"2026-04-09T21:42:53","modified_gmt":"2026-04-09T19:42:53","slug":"sony-fx9","status":"publish","type":"product","link":"https:\/\/maximaloc.com\/en\/product\/sony-fx9\/","title":{"rendered":"SONY FX9"},"content":{"rendered":"<p>La cam\u00e9ra Sony PXW-FX9 est la digne h\u00e9riti\u00e8re de la Sony FS7. Le PXW-FX9 est dot\u00e9 d&#8217;un capteur CMOS Exmor R 6K plein format et sur\u00e9chantillonn\u00e9 qui vous permet de capturer des images 4K avec une profondeur de champ cin\u00e9matographique. Le Capteur offre un plage dynamique de 15 Stops et une sensibilit\u00e9 ISO allant jusqu&#8217;\u00e0 12800 isos sans bruit, la sony PXW-FX9 vous donnera des images de qualit\u00e9 exceptionnelle m\u00eame dans des conditions de faible \u00e9clairage.<\/p>\n<p>\u00a0<\/p>\n<p>Les fonctionnalit\u00e9s d&#8217;entr\u00e9e et de sortie du PXW-FX9 incluent des sorties 12G\/6G-SDI et HDMI pour la vid\u00e9o 4K, une sortie 3G-SDI pour la HD, ainsi que le genlock et le timecode lors de l&#8217;utilisation d&#8217;une configuration multi cam\u00e9ra.<\/p>\n<p>\u00a0<\/p>\n<p>Niveau enregistrement la Sony FX9 offre en interne du\u00a0 4K 4:2:2 10 bits 120p et en Externe du 4K DCI 12 bit RAW via la sortie 12G-SDI (avec l\u2019utilisation d\u2019un enregistreur externe type Atomos).<\/p>\n<p>\u00a0<\/p>\n<p>Gr\u00e2ce \u00e0 un autofocus sur 627 points avec Tracking de points, visage et yeux suivre un sujet n\u2019a jamais \u00e9t\u00e9 aussi simple. Les transitions de focus et les suivis de point se font d\u00e9sormais de mani\u00e8re tr\u00e8s fluide et cin\u00e9matographique.\u00a0<\/p>\n<p>\u00a0<\/p>\n<p>Les 2 prises XLR, les filtres ND int\u00e9gr\u00e9s ainsi que le contr\u00f4le du zoom motoris\u00e9 font de la FX9 une cam\u00e9ra polyvalente adapt\u00e9e aux captations, documentaires, pub, vid\u00e9o corporate, clips de musique comme aux fictions.<\/p>\n<p>\u00a0<\/p>\n<p>Gr\u00e2ce \u00e0 sa Sortie Raw 4K 12 bit et une post production ad\u00e9quate vous pourrez avoir des images comparables \u00e0 celles d\u2019une RED ou d\u2019une ALEXA tout en b\u00e9n\u00e9ficiant d\u2019un bo\u00eetier compact , de l\u2019autofocus et des filtres Vari ND \u00e9lectroniques.<\/p>\n<p>\u00a0<\/p>\n<p>Gr\u00e2ce \u00e0 ses qualit\u00e9s ind\u00e9niables, la FX9 est devenue le choix pr\u00e9f\u00e9r\u00e9 de beaucoup de r\u00e9alisateurs et vid\u00e9astes professionnels.<\/p>\n<p>\u00a0<\/p>\n<p><strong>Points Forts :<\/strong><\/p>\n<ul>\n<li>Capteur 6K 19 MP (Full Frame)<\/li>\n<li>15 Stops of Dynamic Range\u00a0<\/li>\n<li>Vid\u00e9o 4K 4:2:2 10 bit\u00a0 120p\u00a0<\/li>\n<li>Slow Motion 2K 240p<\/li>\n<li>Sortie 4K Raw 12 bit 60p (via SDI)<\/li>\n<li>2x Entr\u00e9e XLR<\/li>\n<li>Sortie HDMI et SDI<\/li>\n<li>Autofocus with Face and Eye Tracking<\/li>\n<li>Contr\u00f4le du zoom Motoris\u00e9<\/li>\n<li>Filtre ND variable \u00e9lectronique int\u00e9gr\u00e9<br \/>\u00a0<br \/>\u00a0<br \/>\u00a0<\/li>\n<\/ul>","protected":false},"excerpt":{"rendered":"<p>Capteur:\u00a0 19 MP (Full Frame)<\/p>\n<p>Vid\u00e9o 4K DCI\u00a0422 10 bit\u00a0120p\u00a0<\/p>\n<p>Slow Motion FHD 422 10 bit 180p\u00a0<\/p>\n<p>Sortie 4K Raw 12 bit\u00a060p (SDI)<\/p>","protected":false},"featured_media":5861,"template":"","meta":[],"product_cat":[191],"product_tag":[161,1393,197,370,162,164,198,168,167,195,201],"class_list":{"0":"post-3952","1":"product","2":"type-product","3":"status-publish","4":"has-post-thumbnail","6":"product_cat-sony-marque","7":"product_tag-422-10-bits","8":"product_tag-cameras-cinema","9":"product_tag-full-frame-24x36","10":"product_tag-camera","11":"product_tag-4k","12":"product_tag-4k-60p","13":"product_tag-full-hd","14":"product_tag-fhd-180p","15":"product_tag-fhd-120p","16":"product_tag-avec-autofocus","17":"product_tag-sony-e","19":"first","20":"instock","21":"taxable","22":"shipping-taxable","23":"purchasable","24":"product-type-rentable"},"yoast_head":"<!-- This site is optimized with the Yoast SEO plugin v24.1 - https:\/\/yoast.com\/wordpress\/plugins\/seo\/ -->\n<title>SONY FX9 - Maximaloc<\/title>\n<meta name=\"robots\" content=\"index, follow, max-snippet:-1, max-image-preview:large, max-video-preview:-1\" \/>\n<link rel=\"canonical\" href=\"https:\/\/maximaloc.com\/en\/product\/sony-fx9\/\" \/>\n<meta property=\"og:locale\" content=\"en_US\" \/>\n<meta property=\"og:type\" content=\"article\" \/>\n<meta property=\"og:title\" content=\"SONY FX9 - Maximaloc\" \/>\n<meta property=\"og:description\" content=\"Capteur:\u00a0 19 MP (Full Frame) Vid\u00e9o 4K DCI\u00a0422 10 bit\u00a0120p\u00a0 Slow Motion FHD 422 10 bit 180p\u00a0 Sortie 4K Raw 12 bit\u00a060p (SDI)\" \/>\n<meta property=\"og:url\" content=\"https:\/\/maximaloc.com\/en\/product\/sony-fx9\/\" \/>\n<meta property=\"og:site_name\" content=\"Maximaloc\" \/>\n<meta property=\"article:publisher\" content=\"https:\/\/www.facebook.com\/Maximalocation\" \/>\n<meta property=\"article:modified_time\" content=\"2026-04-09T19:42:53+00:00\" \/>\n<meta property=\"og:image\" content=\"https:\/\/maximaloc.com\/wp-content\/uploads\/2024\/03\/b49820_5a5312f035aa4adba2958e7ec3ad2081mv2.webp\" \/>\n\t<meta property=\"og:image:width\" content=\"580\" \/>\n\t<meta property=\"og:image:height\" content=\"420\" \/>\n\t<meta property=\"og:image:type\" content=\"image\/webp\" \/>\n<meta name=\"twitter:card\" content=\"summary_large_image\" \/>\n<meta name=\"twitter:label1\" content=\"Est. reading time\" \/>\n\t<meta name=\"twitter:data1\" content=\"2 minutes\" \/>\n<script type=\"application\/ld+json\" class=\"yoast-schema-graph\">{\"@context\":\"https:\/\/schema.org\",\"@graph\":[{\"@type\":\"WebPage\",\"@id\":\"https:\/\/maximaloc.com\/produit\/sony-fx9\/\",\"url\":\"https:\/\/maximaloc.com\/produit\/sony-fx9\/\",\"name\":\"SONY FX9 - Maximaloc\",\"isPartOf\":{\"@id\":\"https:\/\/maximaloc.com\/#website\"},\"primaryImageOfPage\":{\"@id\":\"https:\/\/maximaloc.com\/produit\/sony-fx9\/#primaryimage\"},\"image\":{\"@id\":\"https:\/\/maximaloc.com\/produit\/sony-fx9\/#primaryimage\"},\"thumbnailUrl\":\"https:\/\/maximaloc.com\/wp-content\/uploads\/2024\/03\/b49820_5a5312f035aa4adba2958e7ec3ad2081mv2.webp\",\"datePublished\":\"2024-03-21T12:41:23+00:00\",\"dateModified\":\"2026-04-09T19:42:53+00:00\",\"breadcrumb\":{\"@id\":\"https:\/\/maximaloc.com\/produit\/sony-fx9\/#breadcrumb\"},\"inLanguage\":\"en-US\",\"potentialAction\":[{\"@type\":\"ReadAction\",\"target\":[\"https:\/\/maximaloc.com\/produit\/sony-fx9\/\"]}]},{\"@type\":\"ImageObject\",\"inLanguage\":\"en-US\",\"@id\":\"https:\/\/maximaloc.com\/produit\/sony-fx9\/#primaryimage\",\"url\":\"https:\/\/maximaloc.com\/wp-content\/uploads\/2024\/03\/b49820_5a5312f035aa4adba2958e7ec3ad2081mv2.webp\",\"contentUrl\":\"https:\/\/maximaloc.com\/wp-content\/uploads\/2024\/03\/b49820_5a5312f035aa4adba2958e7ec3ad2081mv2.webp\",\"width\":580,\"height\":420,\"caption\":\"Cam\u00e9ra Sony FX9 nue \u00e0 la location\"},{\"@type\":\"BreadcrumbList\",\"@id\":\"https:\/\/maximaloc.com\/produit\/sony-fx9\/#breadcrumb\",\"itemListElement\":[{\"@type\":\"ListItem\",\"position\":1,\"name\":\"Accueil\",\"item\":\"https:\/\/maximaloc.com\/\"},{\"@type\":\"ListItem\",\"position\":2,\"name\":\"BOUTIQUE\",\"item\":\"https:\/\/maximaloc.com\/boutique\/\"},{\"@type\":\"ListItem\",\"position\":3,\"name\":\"SONY FX9\"}]},{\"@type\":\"WebSite\",\"@id\":\"https:\/\/maximaloc.com\/#website\",\"url\":\"https:\/\/maximaloc.com\/\",\"name\":\"Maximaloc\",\"description\":\"\",\"publisher\":{\"@id\":\"https:\/\/maximaloc.com\/#organization\"},\"potentialAction\":[{\"@type\":\"SearchAction\",\"target\":{\"@type\":\"EntryPoint\",\"urlTemplate\":\"https:\/\/maximaloc.com\/?s={search_term_string}\"},\"query-input\":{\"@type\":\"PropertyValueSpecification\",\"valueRequired\":true,\"valueName\":\"search_term_string\"}}],\"inLanguage\":\"en-US\"},{\"@type\":\"Organization\",\"@id\":\"https:\/\/maximaloc.com\/#organization\",\"name\":\"Maximaloc\",\"url\":\"https:\/\/maximaloc.com\/\",\"logo\":{\"@type\":\"ImageObject\",\"inLanguage\":\"en-US\",\"@id\":\"https:\/\/maximaloc.com\/#\/schema\/logo\/image\/\",\"url\":\"https:\/\/maximaloc.com\/wp-content\/uploads\/2024\/03\/logo_noir.png\",\"contentUrl\":\"https:\/\/maximaloc.com\/wp-content\/uploads\/2024\/03\/logo_noir.png\",\"width\":11750,\"height\":1231,\"caption\":\"Maximaloc\"},\"image\":{\"@id\":\"https:\/\/maximaloc.com\/#\/schema\/logo\/image\/\"},\"sameAs\":[\"https:\/\/www.facebook.com\/Maximalocation\"]}]}<\/script>\n<!-- \/ Yoast SEO plugin. -->","yoast_head_json":{"title":"SONY FX9 - Maximaloc","robots":{"index":"index","follow":"follow","max-snippet":"max-snippet:-1","max-image-preview":"max-image-preview:large","max-video-preview":"max-video-preview:-1"},"canonical":"https:\/\/maximaloc.com\/en\/product\/sony-fx9\/","og_locale":"en_US","og_type":"article","og_title":"SONY FX9 - Maximaloc","og_description":"Capteur:\u00a0 19 MP (Full Frame) Vid\u00e9o 4K DCI\u00a0422 10 bit\u00a0120p\u00a0 Slow Motion FHD 422 10 bit 180p\u00a0 Sortie 4K Raw 12 bit\u00a060p (SDI)","og_url":"https:\/\/maximaloc.com\/en\/product\/sony-fx9\/","og_site_name":"Maximaloc","article_publisher":"https:\/\/www.facebook.com\/Maximalocation","article_modified_time":"2026-04-09T19:42:53+00:00","og_image":[{"width":580,"height":420,"url":"https:\/\/maximaloc.com\/wp-content\/uploads\/2024\/03\/b49820_5a5312f035aa4adba2958e7ec3ad2081mv2.webp","type":"image\/webp"}],"twitter_card":"summary_large_image","twitter_misc":{"Est. reading time":"2 minutes"},"schema":{"@context":"https:\/\/schema.org","@graph":[{"@type":"WebPage","@id":"https:\/\/maximaloc.com\/produit\/sony-fx9\/","url":"https:\/\/maximaloc.com\/produit\/sony-fx9\/","name":"SONY FX9 - Maximaloc","isPartOf":{"@id":"https:\/\/maximaloc.com\/#website"},"primaryImageOfPage":{"@id":"https:\/\/maximaloc.com\/produit\/sony-fx9\/#primaryimage"},"image":{"@id":"https:\/\/maximaloc.com\/produit\/sony-fx9\/#primaryimage"},"thumbnailUrl":"https:\/\/maximaloc.com\/wp-content\/uploads\/2024\/03\/b49820_5a5312f035aa4adba2958e7ec3ad2081mv2.webp","datePublished":"2024-03-21T12:41:23+00:00","dateModified":"2026-04-09T19:42:53+00:00","breadcrumb":{"@id":"https:\/\/maximaloc.com\/produit\/sony-fx9\/#breadcrumb"},"inLanguage":"en-US","potentialAction":[{"@type":"ReadAction","target":["https:\/\/maximaloc.com\/produit\/sony-fx9\/"]}]},{"@type":"ImageObject","inLanguage":"en-US","@id":"https:\/\/maximaloc.com\/produit\/sony-fx9\/#primaryimage","url":"https:\/\/maximaloc.com\/wp-content\/uploads\/2024\/03\/b49820_5a5312f035aa4adba2958e7ec3ad2081mv2.webp","contentUrl":"https:\/\/maximaloc.com\/wp-content\/uploads\/2024\/03\/b49820_5a5312f035aa4adba2958e7ec3ad2081mv2.webp","width":580,"height":420,"caption":"Cam\u00e9ra Sony FX9 nue \u00e0 la location"},{"@type":"BreadcrumbList","@id":"https:\/\/maximaloc.com\/produit\/sony-fx9\/#breadcrumb","itemListElement":[{"@type":"ListItem","position":1,"name":"Accueil","item":"https:\/\/maximaloc.com\/"},{"@type":"ListItem","position":2,"name":"BOUTIQUE","item":"https:\/\/maximaloc.com\/boutique\/"},{"@type":"ListItem","position":3,"name":"SONY FX9"}]},{"@type":"WebSite","@id":"https:\/\/maximaloc.com\/#website","url":"https:\/\/maximaloc.com\/","name":"Maximaloc","description":"","publisher":{"@id":"https:\/\/maximaloc.com\/#organization"},"potentialAction":[{"@type":"SearchAction","target":{"@type":"EntryPoint","urlTemplate":"https:\/\/maximaloc.com\/?s={search_term_string}"},"query-input":{"@type":"PropertyValueSpecification","valueRequired":true,"valueName":"search_term_string"}}],"inLanguage":"en-US"},{"@type":"Organization","@id":"https:\/\/maximaloc.com\/#organization","name":"Maximaloc","url":"https:\/\/maximaloc.com\/","logo":{"@type":"ImageObject","inLanguage":"en-US","@id":"https:\/\/maximaloc.com\/#\/schema\/logo\/image\/","url":"https:\/\/maximaloc.com\/wp-content\/uploads\/2024\/03\/logo_noir.png","contentUrl":"https:\/\/maximaloc.com\/wp-content\/uploads\/2024\/03\/logo_noir.png","width":11750,"height":1231,"caption":"Maximaloc"},"image":{"@id":"https:\/\/maximaloc.com\/#\/schema\/logo\/image\/"},"sameAs":["https:\/\/www.facebook.com\/Maximalocation"]}]}},"_links":{"self":[{"href":"https:\/\/maximaloc.com\/en\/wp-json\/wp\/v2\/product\/3952","targetHints":{"allow":["GET"]}}],"collection":[{"href":"https:\/\/maximaloc.com\/en\/wp-json\/wp\/v2\/product"}],"about":[{"href":"https:\/\/maximaloc.com\/en\/wp-json\/wp\/v2\/types\/product"}],"wp:featuredmedia":[{"embeddable":true,"href":"https:\/\/maximaloc.com\/en\/wp-json\/wp\/v2\/media\/5861"}],"wp:attachment":[{"href":"https:\/\/maximaloc.com\/en\/wp-json\/wp\/v2\/media?parent=3952"}],"wp:term":[{"taxonomy":"product_cat","embeddable":true,"href":"https:\/\/maximaloc.com\/en\/wp-json\/wp\/v2\/product_cat?post=3952"},{"taxonomy":"product_tag","embeddable":true,"href":"https:\/\/maximaloc.com\/en\/wp-json\/wp\/v2\/product_tag?post=3952"}],"curies":[{"name":"wp","href":"https:\/\/api.w.org\/{rel}","templated":true}]}}