 {"id":3991,"date":"2024-03-21T13:41:33","date_gmt":"2024-03-21T12:41:33","guid":{"rendered":"https:\/\/maximaloc.com\/produit\/bague-ef-e\/"},"modified":"2026-04-09T21:39:28","modified_gmt":"2026-04-09T19:39:28","slug":"bague-ef-e","status":"publish","type":"product","link":"https:\/\/maximaloc.com\/en\/product\/bague-ef-e\/","title":{"rendered":"BAGUE EF-E"},"content":{"rendered":"<p>Cette bague d\u2019adaptation permet de monter des objectifs en monture Canon EF sur des bo\u00eetiers en monture Sony E.<\/p>\n<p>\u00a0<\/p>\n<p>La communication \u00e9lectronique entre l&#8217;appareil photo et l&#8217;objectif est prise en charge, ce qui permet de contr\u00f4ler le r\u00e9glage de diaphragme via le bo\u00eetier. L\u2019autofocus est support\u00e9 en mode photo et les m\u00e9tadonn\u00e9es Exif sont \u00e9galement transmises avec les objectifs compatibles.<\/p>\n<p>\u00a0<\/p>\n<p>\u00c0 la diff\u00e9rence du Speedbooster EF-E Ultra, cette bague n\u2019int\u00e8gre pas de jeu de lentilles, vous aurez donc un crop factor de x1,5\/x1,6 si vous montez une optique Canon EF Full Frame sur un bo\u00eetier Sony au format APS-C (FX30, FS5 \/ FS7).<\/p>","protected":false},"excerpt":{"rendered":"<p>Bague EF &#8211; E<\/p>\n<p>Coverage: Full Frame<\/p>\n<p>Controle: Diaph + Stab<\/p>","protected":false},"featured_media":9163,"template":"","meta":[],"product_cat":[235],"product_tag":[],"class_list":{"0":"post-3991","1":"product","2":"type-product","3":"status-publish","4":"has-post-thumbnail","6":"product_cat-bague-dadaptation","8":"first","9":"instock","10":"taxable","11":"shipping-taxable","12":"purchasable","13":"product-type-rentable"},"yoast_head":"<!-- This site is optimized with the Yoast SEO plugin v24.1 - https:\/\/yoast.com\/wordpress\/plugins\/seo\/ -->\n<title>BAGUE EF-E - Maximaloc<\/title>\n<meta name=\"robots\" content=\"index, follow, max-snippet:-1, max-image-preview:large, max-video-preview:-1\" \/>\n<link rel=\"canonical\" href=\"https:\/\/maximaloc.com\/en\/product\/bague-ef-e\/\" \/>\n<meta property=\"og:locale\" content=\"en_US\" \/>\n<meta property=\"og:type\" content=\"article\" \/>\n<meta property=\"og:title\" content=\"BAGUE EF-E - Maximaloc\" \/>\n<meta property=\"og:description\" content=\"Bague EF - E Couverture: Full Frame Controle: Diaph + Stab\" \/>\n<meta property=\"og:url\" content=\"https:\/\/maximaloc.com\/en\/product\/bague-ef-e\/\" \/>\n<meta property=\"og:site_name\" content=\"Maximaloc\" \/>\n<meta property=\"article:publisher\" content=\"https:\/\/www.facebook.com\/Maximalocation\" \/>\n<meta property=\"article:modified_time\" content=\"2026-04-09T19:39:28+00:00\" \/>\n<meta property=\"og:image\" content=\"https:\/\/maximaloc.com\/wp-content\/uploads\/2024\/03\/bague-EF-E-1.webp\" \/>\n\t<meta property=\"og:image:width\" content=\"580\" \/>\n\t<meta property=\"og:image:height\" content=\"420\" \/>\n\t<meta property=\"og:image:type\" content=\"image\/webp\" \/>\n<meta name=\"twitter:card\" content=\"summary_large_image\" \/>\n<meta name=\"twitter:label1\" content=\"Est. reading time\" \/>\n\t<meta name=\"twitter:data1\" content=\"1 minute\" \/>\n<script type=\"application\/ld+json\" class=\"yoast-schema-graph\">{\"@context\":\"https:\/\/schema.org\",\"@graph\":[{\"@type\":\"WebPage\",\"@id\":\"https:\/\/maximaloc.com\/produit\/bague-ef-e\/\",\"url\":\"https:\/\/maximaloc.com\/produit\/bague-ef-e\/\",\"name\":\"BAGUE EF-E - Maximaloc\",\"isPartOf\":{\"@id\":\"https:\/\/maximaloc.com\/#website\"},\"primaryImageOfPage\":{\"@id\":\"https:\/\/maximaloc.com\/produit\/bague-ef-e\/#primaryimage\"},\"image\":{\"@id\":\"https:\/\/maximaloc.com\/produit\/bague-ef-e\/#primaryimage\"},\"thumbnailUrl\":\"https:\/\/maximaloc.com\/wp-content\/uploads\/2024\/03\/bague-EF-E-1.webp\",\"datePublished\":\"2024-03-21T12:41:33+00:00\",\"dateModified\":\"2026-04-09T19:39:28+00:00\",\"breadcrumb\":{\"@id\":\"https:\/\/maximaloc.com\/produit\/bague-ef-e\/#breadcrumb\"},\"inLanguage\":\"en-US\",\"potentialAction\":[{\"@type\":\"ReadAction\",\"target\":[\"https:\/\/maximaloc.com\/produit\/bague-ef-e\/\"]}]},{\"@type\":\"ImageObject\",\"inLanguage\":\"en-US\",\"@id\":\"https:\/\/maximaloc.com\/produit\/bague-ef-e\/#primaryimage\",\"url\":\"https:\/\/maximaloc.com\/wp-content\/uploads\/2024\/03\/bague-EF-E-1.webp\",\"contentUrl\":\"https:\/\/maximaloc.com\/wp-content\/uploads\/2024\/03\/bague-EF-E-1.webp\",\"width\":580,\"height\":420,\"caption\":\"Bague d'adaptation monture EF vers monture E \u00e0 la location\"},{\"@type\":\"BreadcrumbList\",\"@id\":\"https:\/\/maximaloc.com\/produit\/bague-ef-e\/#breadcrumb\",\"itemListElement\":[{\"@type\":\"ListItem\",\"position\":1,\"name\":\"Accueil\",\"item\":\"https:\/\/maximaloc.com\/\"},{\"@type\":\"ListItem\",\"position\":2,\"name\":\"BOUTIQUE\",\"item\":\"https:\/\/maximaloc.com\/boutique\/\"},{\"@type\":\"ListItem\",\"position\":3,\"name\":\"BAGUE EF-E\"}]},{\"@type\":\"WebSite\",\"@id\":\"https:\/\/maximaloc.com\/#website\",\"url\":\"https:\/\/maximaloc.com\/\",\"name\":\"Maximaloc\",\"description\":\"\",\"publisher\":{\"@id\":\"https:\/\/maximaloc.com\/#organization\"},\"potentialAction\":[{\"@type\":\"SearchAction\",\"target\":{\"@type\":\"EntryPoint\",\"urlTemplate\":\"https:\/\/maximaloc.com\/?s={search_term_string}\"},\"query-input\":{\"@type\":\"PropertyValueSpecification\",\"valueRequired\":true,\"valueName\":\"search_term_string\"}}],\"inLanguage\":\"en-US\"},{\"@type\":\"Organization\",\"@id\":\"https:\/\/maximaloc.com\/#organization\",\"name\":\"Maximaloc\",\"url\":\"https:\/\/maximaloc.com\/\",\"logo\":{\"@type\":\"ImageObject\",\"inLanguage\":\"en-US\",\"@id\":\"https:\/\/maximaloc.com\/#\/schema\/logo\/image\/\",\"url\":\"https:\/\/maximaloc.com\/wp-content\/uploads\/2024\/03\/logo_noir.png\",\"contentUrl\":\"https:\/\/maximaloc.com\/wp-content\/uploads\/2024\/03\/logo_noir.png\",\"width\":11750,\"height\":1231,\"caption\":\"Maximaloc\"},\"image\":{\"@id\":\"https:\/\/maximaloc.com\/#\/schema\/logo\/image\/\"},\"sameAs\":[\"https:\/\/www.facebook.com\/Maximalocation\"]}]}<\/script>\n<!-- \/ Yoast SEO plugin. -->","yoast_head_json":{"title":"BAGUE EF-E - Maximaloc","robots":{"index":"index","follow":"follow","max-snippet":"max-snippet:-1","max-image-preview":"max-image-preview:large","max-video-preview":"max-video-preview:-1"},"canonical":"https:\/\/maximaloc.com\/en\/product\/bague-ef-e\/","og_locale":"en_US","og_type":"article","og_title":"BAGUE EF-E - Maximaloc","og_description":"Bague EF - E Couverture: Full Frame Controle: Diaph + Stab","og_url":"https:\/\/maximaloc.com\/en\/product\/bague-ef-e\/","og_site_name":"Maximaloc","article_publisher":"https:\/\/www.facebook.com\/Maximalocation","article_modified_time":"2026-04-09T19:39:28+00:00","og_image":[{"width":580,"height":420,"url":"https:\/\/maximaloc.com\/wp-content\/uploads\/2024\/03\/bague-EF-E-1.webp","type":"image\/webp"}],"twitter_card":"summary_large_image","twitter_misc":{"Est. reading time":"1 minute"},"schema":{"@context":"https:\/\/schema.org","@graph":[{"@type":"WebPage","@id":"https:\/\/maximaloc.com\/produit\/bague-ef-e\/","url":"https:\/\/maximaloc.com\/produit\/bague-ef-e\/","name":"BAGUE EF-E - Maximaloc","isPartOf":{"@id":"https:\/\/maximaloc.com\/#website"},"primaryImageOfPage":{"@id":"https:\/\/maximaloc.com\/produit\/bague-ef-e\/#primaryimage"},"image":{"@id":"https:\/\/maximaloc.com\/produit\/bague-ef-e\/#primaryimage"},"thumbnailUrl":"https:\/\/maximaloc.com\/wp-content\/uploads\/2024\/03\/bague-EF-E-1.webp","datePublished":"2024-03-21T12:41:33+00:00","dateModified":"2026-04-09T19:39:28+00:00","breadcrumb":{"@id":"https:\/\/maximaloc.com\/produit\/bague-ef-e\/#breadcrumb"},"inLanguage":"en-US","potentialAction":[{"@type":"ReadAction","target":["https:\/\/maximaloc.com\/produit\/bague-ef-e\/"]}]},{"@type":"ImageObject","inLanguage":"en-US","@id":"https:\/\/maximaloc.com\/produit\/bague-ef-e\/#primaryimage","url":"https:\/\/maximaloc.com\/wp-content\/uploads\/2024\/03\/bague-EF-E-1.webp","contentUrl":"https:\/\/maximaloc.com\/wp-content\/uploads\/2024\/03\/bague-EF-E-1.webp","width":580,"height":420,"caption":"Bague d'adaptation monture EF vers monture E \u00e0 la location"},{"@type":"BreadcrumbList","@id":"https:\/\/maximaloc.com\/produit\/bague-ef-e\/#breadcrumb","itemListElement":[{"@type":"ListItem","position":1,"name":"Accueil","item":"https:\/\/maximaloc.com\/"},{"@type":"ListItem","position":2,"name":"BOUTIQUE","item":"https:\/\/maximaloc.com\/boutique\/"},{"@type":"ListItem","position":3,"name":"BAGUE EF-E"}]},{"@type":"WebSite","@id":"https:\/\/maximaloc.com\/#website","url":"https:\/\/maximaloc.com\/","name":"Maximaloc","description":"","publisher":{"@id":"https:\/\/maximaloc.com\/#organization"},"potentialAction":[{"@type":"SearchAction","target":{"@type":"EntryPoint","urlTemplate":"https:\/\/maximaloc.com\/?s={search_term_string}"},"query-input":{"@type":"PropertyValueSpecification","valueRequired":true,"valueName":"search_term_string"}}],"inLanguage":"en-US"},{"@type":"Organization","@id":"https:\/\/maximaloc.com\/#organization","name":"Maximaloc","url":"https:\/\/maximaloc.com\/","logo":{"@type":"ImageObject","inLanguage":"en-US","@id":"https:\/\/maximaloc.com\/#\/schema\/logo\/image\/","url":"https:\/\/maximaloc.com\/wp-content\/uploads\/2024\/03\/logo_noir.png","contentUrl":"https:\/\/maximaloc.com\/wp-content\/uploads\/2024\/03\/logo_noir.png","width":11750,"height":1231,"caption":"Maximaloc"},"image":{"@id":"https:\/\/maximaloc.com\/#\/schema\/logo\/image\/"},"sameAs":["https:\/\/www.facebook.com\/Maximalocation"]}]}},"_links":{"self":[{"href":"https:\/\/maximaloc.com\/en\/wp-json\/wp\/v2\/product\/3991","targetHints":{"allow":["GET"]}}],"collection":[{"href":"https:\/\/maximaloc.com\/en\/wp-json\/wp\/v2\/product"}],"about":[{"href":"https:\/\/maximaloc.com\/en\/wp-json\/wp\/v2\/types\/product"}],"wp:featuredmedia":[{"embeddable":true,"href":"https:\/\/maximaloc.com\/en\/wp-json\/wp\/v2\/media\/9163"}],"wp:attachment":[{"href":"https:\/\/maximaloc.com\/en\/wp-json\/wp\/v2\/media?parent=3991"}],"wp:term":[{"taxonomy":"product_cat","embeddable":true,"href":"https:\/\/maximaloc.com\/en\/wp-json\/wp\/v2\/product_cat?post=3991"},{"taxonomy":"product_tag","embeddable":true,"href":"https:\/\/maximaloc.com\/en\/wp-json\/wp\/v2\/product_tag?post=3991"}],"curies":[{"name":"wp","href":"https:\/\/api.w.org\/{rel}","templated":true}]}}