 {"id":4006,"date":"2024-03-21T13:41:37","date_gmt":"2024-03-21T12:41:37","guid":{"rendered":"https:\/\/maximaloc.com\/produit\/filtre-arri-rota-pola-frame-4x565\/"},"modified":"2026-04-13T20:07:36","modified_gmt":"2026-04-13T18:07:36","slug":"arri-rota-pola-frame-4x565","status":"publish","type":"product","link":"https:\/\/maximaloc.com\/en\/product\/arri-rota-pola-frame-4x565\/","title":{"rendered":"ARRI ROTA POLA FRAME 4&#215;5,65"},"content":{"rendered":"<p>Le filtre polarisant Arri Rota Pola 4&#215;5.6 permet de r\u00e9duire les reflets sur l\u2019eau et les fen\u00eatres, et augmente l\u00e9g\u00e8rement le contraste et la saturation de l\u2019image.<\/p>\n<p>\u00a0<\/p>\n<p>Son format 138mm lui permet d\u2019\u00eatre int\u00e9gr\u00e9 dans toutes nos Matte Box et de faire varier sa polarisation par rotation du filtre.<\/p>\n<p>\u00a0<\/p>\n<p><u><strong>Points forts :<\/strong><\/u><\/p>\n<ul>\n<li>Polariseur circulaire int\u00e9gr\u00e9 avec rotation via molettes externes (r\u00e9glage pr\u00e9cis sans toucher la mattebox)<\/li>\n<li>Syst\u00e8me de verrouillage pour s\u00e9curiser l\u2019angle une fois r\u00e9gl\u00e9 (pas de d\u00e9rive en tournage)<\/li>\n<li>Format 4&#215;5.65 standard occupant un seul tiroir (gain de place dans la mattebox)<\/li>\n<li>R\u00e9duction efficace des reflets + saturation des couleurs avec ~1.2 stop de perte de lumi\u00e8re<\/li>\n<\/ul>","protected":false},"excerpt":{"rendered":"<p>Filtre polarisant variable<\/p>\n<p>Perte de diaph : -1,2\u00a0<\/p>\n<p>Format : 4&#215;5,65\u201d<\/p>","protected":false},"featured_media":9138,"template":"","meta":[],"product_cat":[289],"product_tag":[248,246],"class_list":{"0":"post-4006","1":"product","2":"type-product","3":"status-publish","4":"has-post-thumbnail","6":"product_cat-4-x-5-65","7":"product_tag-4-x-5-65","8":"product_tag-polarisant","10":"first","11":"instock","12":"taxable","13":"shipping-taxable","14":"purchasable","15":"product-type-rentable"},"yoast_head":"<!-- This site is optimized with the Yoast SEO plugin v27.4 - https:\/\/yoast.com\/product\/yoast-seo-wordpress\/ -->\n<title>ARRI ROTA POLA FRAME 4x5,65 - Maximaloc<\/title>\n<meta name=\"robots\" content=\"index, follow, max-snippet:-1, max-image-preview:large, max-video-preview:-1\" \/>\n<link rel=\"canonical\" href=\"https:\/\/maximaloc.com\/en\/product\/arri-rota-pola-frame-4x565\/\" \/>\n<meta property=\"og:locale\" content=\"en_US\" \/>\n<meta property=\"og:type\" content=\"article\" \/>\n<meta property=\"og:title\" content=\"ARRI ROTA POLA FRAME 4x5,65 - Maximaloc\" \/>\n<meta property=\"og:description\" content=\"Filtre polarisant variable Perte de diaph : -1,2\u00a0 Format : 4x5,65\u201d\" \/>\n<meta property=\"og:url\" content=\"https:\/\/maximaloc.com\/en\/product\/arri-rota-pola-frame-4x565\/\" \/>\n<meta property=\"og:site_name\" content=\"Maximaloc\" \/>\n<meta property=\"article:publisher\" content=\"https:\/\/www.facebook.com\/Maximalocation\" \/>\n<meta property=\"article:modified_time\" content=\"2026-04-13T18:07:36+00:00\" \/>\n<meta property=\"og:image\" content=\"https:\/\/maximaloc.com\/wp-content\/uploads\/2024\/03\/b49820_9fce8d5a315547768f48bf59c566d8c2mv2.webp\" \/>\n\t<meta property=\"og:image:width\" content=\"580\" \/>\n\t<meta property=\"og:image:height\" content=\"420\" \/>\n\t<meta property=\"og:image:type\" content=\"image\/webp\" \/>\n<meta name=\"twitter:card\" content=\"summary_large_image\" \/>\n<meta name=\"twitter:label1\" content=\"Est. reading time\" \/>\n\t<meta name=\"twitter:data1\" content=\"1 minute\" \/>\n<script type=\"application\/ld+json\" class=\"yoast-schema-graph\">{\"@context\":\"https:\\\/\\\/schema.org\",\"@graph\":[{\"@type\":\"WebPage\",\"@id\":\"https:\\\/\\\/maximaloc.com\\\/produit\\\/arri-rota-pola-frame-4x565\\\/\",\"url\":\"https:\\\/\\\/maximaloc.com\\\/produit\\\/arri-rota-pola-frame-4x565\\\/\",\"name\":\"ARRI ROTA POLA FRAME 4x5,65 - Maximaloc\",\"isPartOf\":{\"@id\":\"https:\\\/\\\/maximaloc.com\\\/#website\"},\"primaryImageOfPage\":{\"@id\":\"https:\\\/\\\/maximaloc.com\\\/produit\\\/arri-rota-pola-frame-4x565\\\/#primaryimage\"},\"image\":{\"@id\":\"https:\\\/\\\/maximaloc.com\\\/produit\\\/arri-rota-pola-frame-4x565\\\/#primaryimage\"},\"thumbnailUrl\":\"https:\\\/\\\/maximaloc.com\\\/wp-content\\\/uploads\\\/2024\\\/03\\\/b49820_9fce8d5a315547768f48bf59c566d8c2mv2.webp\",\"datePublished\":\"2024-03-21T12:41:37+00:00\",\"dateModified\":\"2026-04-13T18:07:36+00:00\",\"breadcrumb\":{\"@id\":\"https:\\\/\\\/maximaloc.com\\\/produit\\\/arri-rota-pola-frame-4x565\\\/#breadcrumb\"},\"inLanguage\":\"en-US\",\"potentialAction\":[{\"@type\":\"ReadAction\",\"target\":[\"https:\\\/\\\/maximaloc.com\\\/produit\\\/arri-rota-pola-frame-4x565\\\/\"]}]},{\"@type\":\"ImageObject\",\"inLanguage\":\"en-US\",\"@id\":\"https:\\\/\\\/maximaloc.com\\\/produit\\\/arri-rota-pola-frame-4x565\\\/#primaryimage\",\"url\":\"https:\\\/\\\/maximaloc.com\\\/wp-content\\\/uploads\\\/2024\\\/03\\\/b49820_9fce8d5a315547768f48bf59c566d8c2mv2.webp\",\"contentUrl\":\"https:\\\/\\\/maximaloc.com\\\/wp-content\\\/uploads\\\/2024\\\/03\\\/b49820_9fce8d5a315547768f48bf59c566d8c2mv2.webp\",\"width\":580,\"height\":420,\"caption\":\"Filtre cin\u00e9ma 4x5.65\\\" Arri Rota Pola \u00e0 la location\"},{\"@type\":\"BreadcrumbList\",\"@id\":\"https:\\\/\\\/maximaloc.com\\\/produit\\\/arri-rota-pola-frame-4x565\\\/#breadcrumb\",\"itemListElement\":[{\"@type\":\"ListItem\",\"position\":1,\"name\":\"Accueil\",\"item\":\"https:\\\/\\\/maximaloc.com\\\/\"},{\"@type\":\"ListItem\",\"position\":2,\"name\":\"BOUTIQUE\",\"item\":\"https:\\\/\\\/maximaloc.com\\\/boutique\\\/\"},{\"@type\":\"ListItem\",\"position\":3,\"name\":\"ARRI ROTA POLA FRAME 4&#215;5,65\"}]},{\"@type\":\"WebSite\",\"@id\":\"https:\\\/\\\/maximaloc.com\\\/#website\",\"url\":\"https:\\\/\\\/maximaloc.com\\\/\",\"name\":\"Maximaloc\",\"description\":\"\",\"publisher\":{\"@id\":\"https:\\\/\\\/maximaloc.com\\\/#organization\"},\"potentialAction\":[{\"@type\":\"SearchAction\",\"target\":{\"@type\":\"EntryPoint\",\"urlTemplate\":\"https:\\\/\\\/maximaloc.com\\\/?s={search_term_string}\"},\"query-input\":{\"@type\":\"PropertyValueSpecification\",\"valueRequired\":true,\"valueName\":\"search_term_string\"}}],\"inLanguage\":\"en-US\"},{\"@type\":\"Organization\",\"@id\":\"https:\\\/\\\/maximaloc.com\\\/#organization\",\"name\":\"Maximaloc\",\"url\":\"https:\\\/\\\/maximaloc.com\\\/\",\"logo\":{\"@type\":\"ImageObject\",\"inLanguage\":\"en-US\",\"@id\":\"https:\\\/\\\/maximaloc.com\\\/#\\\/schema\\\/logo\\\/image\\\/\",\"url\":\"https:\\\/\\\/maximaloc.com\\\/wp-content\\\/uploads\\\/2024\\\/03\\\/logo_noir-scaled.png\",\"contentUrl\":\"https:\\\/\\\/maximaloc.com\\\/wp-content\\\/uploads\\\/2024\\\/03\\\/logo_noir-scaled.png\",\"width\":2560,\"height\":268,\"caption\":\"Maximaloc\"},\"image\":{\"@id\":\"https:\\\/\\\/maximaloc.com\\\/#\\\/schema\\\/logo\\\/image\\\/\"},\"sameAs\":[\"https:\\\/\\\/www.facebook.com\\\/Maximalocation\"]}]}<\/script>\n<!-- \/ Yoast SEO plugin. -->","yoast_head_json":{"title":"ARRI ROTA POLA FRAME 4x5,65 - Maximaloc","robots":{"index":"index","follow":"follow","max-snippet":"max-snippet:-1","max-image-preview":"max-image-preview:large","max-video-preview":"max-video-preview:-1"},"canonical":"https:\/\/maximaloc.com\/en\/product\/arri-rota-pola-frame-4x565\/","og_locale":"en_US","og_type":"article","og_title":"ARRI ROTA POLA FRAME 4x5,65 - Maximaloc","og_description":"Filtre polarisant variable Perte de diaph : -1,2\u00a0 Format : 4x5,65\u201d","og_url":"https:\/\/maximaloc.com\/en\/product\/arri-rota-pola-frame-4x565\/","og_site_name":"Maximaloc","article_publisher":"https:\/\/www.facebook.com\/Maximalocation","article_modified_time":"2026-04-13T18:07:36+00:00","og_image":[{"width":580,"height":420,"url":"https:\/\/maximaloc.com\/wp-content\/uploads\/2024\/03\/b49820_9fce8d5a315547768f48bf59c566d8c2mv2.webp","type":"image\/webp"}],"twitter_card":"summary_large_image","twitter_misc":{"Est. reading time":"1 minute"},"schema":{"@context":"https:\/\/schema.org","@graph":[{"@type":"WebPage","@id":"https:\/\/maximaloc.com\/produit\/arri-rota-pola-frame-4x565\/","url":"https:\/\/maximaloc.com\/produit\/arri-rota-pola-frame-4x565\/","name":"ARRI ROTA POLA FRAME 4x5,65 - Maximaloc","isPartOf":{"@id":"https:\/\/maximaloc.com\/#website"},"primaryImageOfPage":{"@id":"https:\/\/maximaloc.com\/produit\/arri-rota-pola-frame-4x565\/#primaryimage"},"image":{"@id":"https:\/\/maximaloc.com\/produit\/arri-rota-pola-frame-4x565\/#primaryimage"},"thumbnailUrl":"https:\/\/maximaloc.com\/wp-content\/uploads\/2024\/03\/b49820_9fce8d5a315547768f48bf59c566d8c2mv2.webp","datePublished":"2024-03-21T12:41:37+00:00","dateModified":"2026-04-13T18:07:36+00:00","breadcrumb":{"@id":"https:\/\/maximaloc.com\/produit\/arri-rota-pola-frame-4x565\/#breadcrumb"},"inLanguage":"en-US","potentialAction":[{"@type":"ReadAction","target":["https:\/\/maximaloc.com\/produit\/arri-rota-pola-frame-4x565\/"]}]},{"@type":"ImageObject","inLanguage":"en-US","@id":"https:\/\/maximaloc.com\/produit\/arri-rota-pola-frame-4x565\/#primaryimage","url":"https:\/\/maximaloc.com\/wp-content\/uploads\/2024\/03\/b49820_9fce8d5a315547768f48bf59c566d8c2mv2.webp","contentUrl":"https:\/\/maximaloc.com\/wp-content\/uploads\/2024\/03\/b49820_9fce8d5a315547768f48bf59c566d8c2mv2.webp","width":580,"height":420,"caption":"Filtre cin\u00e9ma 4x5.65\" Arri Rota Pola \u00e0 la location"},{"@type":"BreadcrumbList","@id":"https:\/\/maximaloc.com\/produit\/arri-rota-pola-frame-4x565\/#breadcrumb","itemListElement":[{"@type":"ListItem","position":1,"name":"Accueil","item":"https:\/\/maximaloc.com\/"},{"@type":"ListItem","position":2,"name":"BOUTIQUE","item":"https:\/\/maximaloc.com\/boutique\/"},{"@type":"ListItem","position":3,"name":"ARRI ROTA POLA FRAME 4&#215;5,65"}]},{"@type":"WebSite","@id":"https:\/\/maximaloc.com\/#website","url":"https:\/\/maximaloc.com\/","name":"Maximaloc","description":"","publisher":{"@id":"https:\/\/maximaloc.com\/#organization"},"potentialAction":[{"@type":"SearchAction","target":{"@type":"EntryPoint","urlTemplate":"https:\/\/maximaloc.com\/?s={search_term_string}"},"query-input":{"@type":"PropertyValueSpecification","valueRequired":true,"valueName":"search_term_string"}}],"inLanguage":"en-US"},{"@type":"Organization","@id":"https:\/\/maximaloc.com\/#organization","name":"Maximaloc","url":"https:\/\/maximaloc.com\/","logo":{"@type":"ImageObject","inLanguage":"en-US","@id":"https:\/\/maximaloc.com\/#\/schema\/logo\/image\/","url":"https:\/\/maximaloc.com\/wp-content\/uploads\/2024\/03\/logo_noir-scaled.png","contentUrl":"https:\/\/maximaloc.com\/wp-content\/uploads\/2024\/03\/logo_noir-scaled.png","width":2560,"height":268,"caption":"Maximaloc"},"image":{"@id":"https:\/\/maximaloc.com\/#\/schema\/logo\/image\/"},"sameAs":["https:\/\/www.facebook.com\/Maximalocation"]}]}},"_links":{"self":[{"href":"https:\/\/maximaloc.com\/en\/wp-json\/wp\/v2\/product\/4006","targetHints":{"allow":["GET"]}}],"collection":[{"href":"https:\/\/maximaloc.com\/en\/wp-json\/wp\/v2\/product"}],"about":[{"href":"https:\/\/maximaloc.com\/en\/wp-json\/wp\/v2\/types\/product"}],"wp:featuredmedia":[{"embeddable":true,"href":"https:\/\/maximaloc.com\/en\/wp-json\/wp\/v2\/media\/9138"}],"wp:attachment":[{"href":"https:\/\/maximaloc.com\/en\/wp-json\/wp\/v2\/media?parent=4006"}],"wp:term":[{"taxonomy":"product_cat","embeddable":true,"href":"https:\/\/maximaloc.com\/en\/wp-json\/wp\/v2\/product_cat?post=4006"},{"taxonomy":"product_tag","embeddable":true,"href":"https:\/\/maximaloc.com\/en\/wp-json\/wp\/v2\/product_tag?post=4006"}],"curies":[{"name":"wp","href":"https:\/\/api.w.org\/{rel}","templated":true}]}}