 {"id":4027,"date":"2024-03-21T13:41:48","date_gmt":"2024-03-21T12:41:48","guid":{"rendered":"https:\/\/maximaloc.com\/produit\/canon-100mm-macro-f2-8-usm-ef\/"},"modified":"2026-04-09T21:23:41","modified_gmt":"2026-04-09T19:23:41","slug":"canon-100-macro-f2-8-usm-ef","status":"publish","type":"product","link":"https:\/\/maximaloc.com\/en\/product\/canon-100-macro-f2-8-usm-ef\/","title":{"rendered":"CANON 100 MACRO F2.8 USM EF"},"content":{"rendered":"<p>Le Canon 100mm F2.8 macro est un objectif de haute qualit\u00e9 con\u00e7u pour la photographie macro. Avec une distance de mise au point minimale de seulement 30 cm et un grossissement maximal de 1:1, il est capable de capturer des d\u00e9tails tr\u00e8s fins et de mettre en valeur les textures et les motifs subtils des sujets.<\/p>\n<p>\u00a0<\/p>\n<p>L&#8217;ouverture maximale de f\/2.8 permet une grande luminosit\u00e9 et un bokeh doux et agr\u00e9able, ce qui est id\u00e9al pour isoler les sujets et cr\u00e9er des arri\u00e8re-plans flous et esth\u00e9tiques.\u00a0<\/p>\n<p>\u00a0<\/p>\n<p><strong>Points Forts :<\/strong><\/p>\n<ul>\n<li>Ouverture constante de f\/2.8<\/li>\n<li>Macro avec grossissement 1:1<\/li>\n<li>Distance minimale de mise au point de 30 cm\u00a0<\/li>\n<li>Autofocus rapide et silencieux<\/li>\n<\/ul>","protected":false},"excerpt":{"rendered":"<p>Focale fixe macro<\/p>\n<p>Monture : Canon EF<\/p>\n<p>Couverture : Full Frame<\/p>\n<p>Diam\u00e8tre de filtre : 58 mm<\/p>","protected":false},"featured_media":8933,"template":"","meta":[],"product_cat":[228],"product_tag":[197,273,274,275,241],"class_list":{"0":"post-4027","1":"product","2":"type-product","3":"status-publish","4":"has-post-thumbnail","6":"product_cat-canon-ef","7":"product_tag-full-frame-24x36","8":"product_tag-autofocus","9":"product_tag-canon","10":"product_tag-macro","11":"product_tag-non-stabilise","13":"first","14":"instock","15":"taxable","16":"shipping-taxable","17":"purchasable","18":"product-type-rentable"},"yoast_head":"<!-- This site is optimized with the Yoast SEO plugin v24.1 - https:\/\/yoast.com\/wordpress\/plugins\/seo\/ -->\n<title>CANON 100 MACRO F2.8 USM EF - Maximaloc<\/title>\n<meta name=\"robots\" content=\"index, follow, max-snippet:-1, max-image-preview:large, max-video-preview:-1\" \/>\n<link rel=\"canonical\" href=\"https:\/\/maximaloc.com\/en\/product\/canon-100-macro-f2-8-usm-ef\/\" \/>\n<meta property=\"og:locale\" content=\"en_US\" \/>\n<meta property=\"og:type\" content=\"article\" \/>\n<meta property=\"og:title\" content=\"CANON 100 MACRO F2.8 USM EF - Maximaloc\" \/>\n<meta property=\"og:description\" content=\"Focale fixe macro Monture : Canon EF Couverture : Full Frame Diam\u00e8tre de filtre : 58 mm\" \/>\n<meta property=\"og:url\" content=\"https:\/\/maximaloc.com\/en\/product\/canon-100-macro-f2-8-usm-ef\/\" \/>\n<meta property=\"og:site_name\" content=\"Maximaloc\" \/>\n<meta property=\"article:publisher\" content=\"https:\/\/www.facebook.com\/Maximalocation\" \/>\n<meta property=\"article:modified_time\" content=\"2026-04-09T19:23:41+00:00\" \/>\n<meta property=\"og:image\" content=\"https:\/\/maximaloc.com\/wp-content\/uploads\/2024\/03\/b49820_00d5546947cb4e298caacd7f3533d58cmv2.webp\" \/>\n\t<meta property=\"og:image:width\" content=\"580\" \/>\n\t<meta property=\"og:image:height\" content=\"420\" \/>\n\t<meta property=\"og:image:type\" content=\"image\/webp\" \/>\n<meta name=\"twitter:card\" content=\"summary_large_image\" \/>\n<meta name=\"twitter:label1\" content=\"Est. reading time\" \/>\n\t<meta name=\"twitter:data1\" content=\"1 minute\" \/>\n<script type=\"application\/ld+json\" class=\"yoast-schema-graph\">{\"@context\":\"https:\/\/schema.org\",\"@graph\":[{\"@type\":\"WebPage\",\"@id\":\"https:\/\/maximaloc.com\/produit\/canon-100-macro-f2-8-usm-ef\/\",\"url\":\"https:\/\/maximaloc.com\/produit\/canon-100-macro-f2-8-usm-ef\/\",\"name\":\"CANON 100 MACRO F2.8 USM EF - Maximaloc\",\"isPartOf\":{\"@id\":\"https:\/\/maximaloc.com\/#website\"},\"primaryImageOfPage\":{\"@id\":\"https:\/\/maximaloc.com\/produit\/canon-100-macro-f2-8-usm-ef\/#primaryimage\"},\"image\":{\"@id\":\"https:\/\/maximaloc.com\/produit\/canon-100-macro-f2-8-usm-ef\/#primaryimage\"},\"thumbnailUrl\":\"https:\/\/maximaloc.com\/wp-content\/uploads\/2024\/03\/b49820_00d5546947cb4e298caacd7f3533d58cmv2.webp\",\"datePublished\":\"2024-03-21T12:41:48+00:00\",\"dateModified\":\"2026-04-09T19:23:41+00:00\",\"breadcrumb\":{\"@id\":\"https:\/\/maximaloc.com\/produit\/canon-100-macro-f2-8-usm-ef\/#breadcrumb\"},\"inLanguage\":\"en-US\",\"potentialAction\":[{\"@type\":\"ReadAction\",\"target\":[\"https:\/\/maximaloc.com\/produit\/canon-100-macro-f2-8-usm-ef\/\"]}]},{\"@type\":\"ImageObject\",\"inLanguage\":\"en-US\",\"@id\":\"https:\/\/maximaloc.com\/produit\/canon-100-macro-f2-8-usm-ef\/#primaryimage\",\"url\":\"https:\/\/maximaloc.com\/wp-content\/uploads\/2024\/03\/b49820_00d5546947cb4e298caacd7f3533d58cmv2.webp\",\"contentUrl\":\"https:\/\/maximaloc.com\/wp-content\/uploads\/2024\/03\/b49820_00d5546947cb4e298caacd7f3533d58cmv2.webp\",\"width\":580,\"height\":420,\"caption\":\"Objectif macro Canon 100mm F2.8 USM monture EF \u00e0 la location\"},{\"@type\":\"BreadcrumbList\",\"@id\":\"https:\/\/maximaloc.com\/produit\/canon-100-macro-f2-8-usm-ef\/#breadcrumb\",\"itemListElement\":[{\"@type\":\"ListItem\",\"position\":1,\"name\":\"Accueil\",\"item\":\"https:\/\/maximaloc.com\/\"},{\"@type\":\"ListItem\",\"position\":2,\"name\":\"BOUTIQUE\",\"item\":\"https:\/\/maximaloc.com\/boutique\/\"},{\"@type\":\"ListItem\",\"position\":3,\"name\":\"CANON 100 MACRO F2.8 USM EF\"}]},{\"@type\":\"WebSite\",\"@id\":\"https:\/\/maximaloc.com\/#website\",\"url\":\"https:\/\/maximaloc.com\/\",\"name\":\"Maximaloc\",\"description\":\"\",\"publisher\":{\"@id\":\"https:\/\/maximaloc.com\/#organization\"},\"potentialAction\":[{\"@type\":\"SearchAction\",\"target\":{\"@type\":\"EntryPoint\",\"urlTemplate\":\"https:\/\/maximaloc.com\/?s={search_term_string}\"},\"query-input\":{\"@type\":\"PropertyValueSpecification\",\"valueRequired\":true,\"valueName\":\"search_term_string\"}}],\"inLanguage\":\"en-US\"},{\"@type\":\"Organization\",\"@id\":\"https:\/\/maximaloc.com\/#organization\",\"name\":\"Maximaloc\",\"url\":\"https:\/\/maximaloc.com\/\",\"logo\":{\"@type\":\"ImageObject\",\"inLanguage\":\"en-US\",\"@id\":\"https:\/\/maximaloc.com\/#\/schema\/logo\/image\/\",\"url\":\"https:\/\/maximaloc.com\/wp-content\/uploads\/2024\/03\/logo_noir.png\",\"contentUrl\":\"https:\/\/maximaloc.com\/wp-content\/uploads\/2024\/03\/logo_noir.png\",\"width\":11750,\"height\":1231,\"caption\":\"Maximaloc\"},\"image\":{\"@id\":\"https:\/\/maximaloc.com\/#\/schema\/logo\/image\/\"},\"sameAs\":[\"https:\/\/www.facebook.com\/Maximalocation\"]}]}<\/script>\n<!-- \/ Yoast SEO plugin. -->","yoast_head_json":{"title":"CANON 100 MACRO F2.8 USM EF - Maximaloc","robots":{"index":"index","follow":"follow","max-snippet":"max-snippet:-1","max-image-preview":"max-image-preview:large","max-video-preview":"max-video-preview:-1"},"canonical":"https:\/\/maximaloc.com\/en\/product\/canon-100-macro-f2-8-usm-ef\/","og_locale":"en_US","og_type":"article","og_title":"CANON 100 MACRO F2.8 USM EF - Maximaloc","og_description":"Focale fixe macro Monture : Canon EF Couverture : Full Frame Diam\u00e8tre de filtre : 58 mm","og_url":"https:\/\/maximaloc.com\/en\/product\/canon-100-macro-f2-8-usm-ef\/","og_site_name":"Maximaloc","article_publisher":"https:\/\/www.facebook.com\/Maximalocation","article_modified_time":"2026-04-09T19:23:41+00:00","og_image":[{"width":580,"height":420,"url":"https:\/\/maximaloc.com\/wp-content\/uploads\/2024\/03\/b49820_00d5546947cb4e298caacd7f3533d58cmv2.webp","type":"image\/webp"}],"twitter_card":"summary_large_image","twitter_misc":{"Est. reading time":"1 minute"},"schema":{"@context":"https:\/\/schema.org","@graph":[{"@type":"WebPage","@id":"https:\/\/maximaloc.com\/produit\/canon-100-macro-f2-8-usm-ef\/","url":"https:\/\/maximaloc.com\/produit\/canon-100-macro-f2-8-usm-ef\/","name":"CANON 100 MACRO F2.8 USM EF - Maximaloc","isPartOf":{"@id":"https:\/\/maximaloc.com\/#website"},"primaryImageOfPage":{"@id":"https:\/\/maximaloc.com\/produit\/canon-100-macro-f2-8-usm-ef\/#primaryimage"},"image":{"@id":"https:\/\/maximaloc.com\/produit\/canon-100-macro-f2-8-usm-ef\/#primaryimage"},"thumbnailUrl":"https:\/\/maximaloc.com\/wp-content\/uploads\/2024\/03\/b49820_00d5546947cb4e298caacd7f3533d58cmv2.webp","datePublished":"2024-03-21T12:41:48+00:00","dateModified":"2026-04-09T19:23:41+00:00","breadcrumb":{"@id":"https:\/\/maximaloc.com\/produit\/canon-100-macro-f2-8-usm-ef\/#breadcrumb"},"inLanguage":"en-US","potentialAction":[{"@type":"ReadAction","target":["https:\/\/maximaloc.com\/produit\/canon-100-macro-f2-8-usm-ef\/"]}]},{"@type":"ImageObject","inLanguage":"en-US","@id":"https:\/\/maximaloc.com\/produit\/canon-100-macro-f2-8-usm-ef\/#primaryimage","url":"https:\/\/maximaloc.com\/wp-content\/uploads\/2024\/03\/b49820_00d5546947cb4e298caacd7f3533d58cmv2.webp","contentUrl":"https:\/\/maximaloc.com\/wp-content\/uploads\/2024\/03\/b49820_00d5546947cb4e298caacd7f3533d58cmv2.webp","width":580,"height":420,"caption":"Objectif macro Canon 100mm F2.8 USM monture EF \u00e0 la location"},{"@type":"BreadcrumbList","@id":"https:\/\/maximaloc.com\/produit\/canon-100-macro-f2-8-usm-ef\/#breadcrumb","itemListElement":[{"@type":"ListItem","position":1,"name":"Accueil","item":"https:\/\/maximaloc.com\/"},{"@type":"ListItem","position":2,"name":"BOUTIQUE","item":"https:\/\/maximaloc.com\/boutique\/"},{"@type":"ListItem","position":3,"name":"CANON 100 MACRO F2.8 USM EF"}]},{"@type":"WebSite","@id":"https:\/\/maximaloc.com\/#website","url":"https:\/\/maximaloc.com\/","name":"Maximaloc","description":"","publisher":{"@id":"https:\/\/maximaloc.com\/#organization"},"potentialAction":[{"@type":"SearchAction","target":{"@type":"EntryPoint","urlTemplate":"https:\/\/maximaloc.com\/?s={search_term_string}"},"query-input":{"@type":"PropertyValueSpecification","valueRequired":true,"valueName":"search_term_string"}}],"inLanguage":"en-US"},{"@type":"Organization","@id":"https:\/\/maximaloc.com\/#organization","name":"Maximaloc","url":"https:\/\/maximaloc.com\/","logo":{"@type":"ImageObject","inLanguage":"en-US","@id":"https:\/\/maximaloc.com\/#\/schema\/logo\/image\/","url":"https:\/\/maximaloc.com\/wp-content\/uploads\/2024\/03\/logo_noir.png","contentUrl":"https:\/\/maximaloc.com\/wp-content\/uploads\/2024\/03\/logo_noir.png","width":11750,"height":1231,"caption":"Maximaloc"},"image":{"@id":"https:\/\/maximaloc.com\/#\/schema\/logo\/image\/"},"sameAs":["https:\/\/www.facebook.com\/Maximalocation"]}]}},"_links":{"self":[{"href":"https:\/\/maximaloc.com\/en\/wp-json\/wp\/v2\/product\/4027","targetHints":{"allow":["GET"]}}],"collection":[{"href":"https:\/\/maximaloc.com\/en\/wp-json\/wp\/v2\/product"}],"about":[{"href":"https:\/\/maximaloc.com\/en\/wp-json\/wp\/v2\/types\/product"}],"wp:featuredmedia":[{"embeddable":true,"href":"https:\/\/maximaloc.com\/en\/wp-json\/wp\/v2\/media\/8933"}],"wp:attachment":[{"href":"https:\/\/maximaloc.com\/en\/wp-json\/wp\/v2\/media?parent=4027"}],"wp:term":[{"taxonomy":"product_cat","embeddable":true,"href":"https:\/\/maximaloc.com\/en\/wp-json\/wp\/v2\/product_cat?post=4027"},{"taxonomy":"product_tag","embeddable":true,"href":"https:\/\/maximaloc.com\/en\/wp-json\/wp\/v2\/product_tag?post=4027"}],"curies":[{"name":"wp","href":"https:\/\/api.w.org\/{rel}","templated":true}]}}