 {"id":4028,"date":"2024-03-21T13:41:48","date_gmt":"2024-03-21T12:41:48","guid":{"rendered":"https:\/\/maximaloc.com\/produit\/canon-16-35mm-f2-8-l-ii-usm-ef\/"},"modified":"2026-04-13T20:07:50","modified_gmt":"2026-04-13T18:07:50","slug":"canon-16-35-f2-8-l-ii-usm-ef","status":"publish","type":"product","link":"https:\/\/maximaloc.com\/en\/product\/canon-16-35-f2-8-l-ii-usm-ef\/","title":{"rendered":"CANON 16-35 F2.8 L II USM EF"},"content":{"rendered":"<p>Le Canon 16-35mm f\/2.8L II USM est un objectif grand-angle de haute qualit\u00e9 pour les reflex num\u00e9riques Canon. Il offre une plage de zoom polyvalente de 16 \u00e0 35 mm, avec une ouverture maximale constante de f\/2.8 pour des bonnes performances en faible luminosit\u00e9.<\/p>\n<p>\u00a0<\/p>\n<p>Cet objectif est \u00e9quip\u00e9 d&#8217;un moteur USM (Ultrasonic Motor) pour une mise au point rapide et pr\u00e9cise coupl\u00e9 \u00e0 un syst\u00e8me de mise au point manuelle permanente pour un contr\u00f4le manuel \u00e0 tout moment. Il est \u00e9galement dot\u00e9 de la technologie de lentille asph\u00e9rique pour minimiser la distorsion et d&#8217;une conception \u00e0 lentilles UD (Ultra Low Dispersion) pour minimiser l&#8217;aberration chromatique.<\/p>\n<p>\u00a0<\/p>\n<p>L&#8217;objectif est \u00e9galement r\u00e9sistant \u00e0 la poussi\u00e8re et \u00e0 l&#8217;humidit\u00e9 pour une utilisation en ext\u00e9rieur dans des conditions difficiles. Il est id\u00e9al pour les paysages, l&#8217;architecture, les int\u00e9rieurs et les prises de vue en basse lumi\u00e8re.<\/p>\n<p>\u00a0<\/p>\n<p>Points Forts:<\/p>\n<ul>\n<li>Ouverture rapide F2.8<\/li>\n<li>Autofocus silencieux<\/li>\n<li>Etanch\u00e9it\u00e9 \u00e0 la poussi\u00e8re et \u00e0 l\u2019humidit\u00e9\u00a0<br \/>\u00a0<br \/>\u00a0<br \/>\u00a0<br \/>\u00a0<\/li>\n<\/ul>","protected":false},"excerpt":{"rendered":"<p>Zoom grand angle<\/p>\n<p>Monture : EF<\/p>\n<p>Couverture : Full Frame<\/p>\n<p>Diam\u00e8tre de filtre : 82 mm<\/p>","protected":false},"featured_media":8413,"template":"","meta":[],"product_cat":[228],"product_tag":[],"class_list":{"0":"post-4028","1":"product","2":"type-product","3":"status-publish","4":"has-post-thumbnail","6":"product_cat-canon-ef","8":"first","9":"instock","10":"taxable","11":"shipping-taxable","12":"purchasable","13":"product-type-rentable"},"yoast_head":"<!-- This site is optimized with the Yoast SEO plugin v27.4 - https:\/\/yoast.com\/product\/yoast-seo-wordpress\/ -->\n<title>CANON 16-35 F2.8 L II USM EF - Maximaloc<\/title>\n<meta name=\"robots\" content=\"index, follow, max-snippet:-1, max-image-preview:large, max-video-preview:-1\" \/>\n<link rel=\"canonical\" href=\"https:\/\/maximaloc.com\/en\/product\/canon-16-35-f2-8-l-ii-usm-ef\/\" \/>\n<meta property=\"og:locale\" content=\"en_US\" \/>\n<meta property=\"og:type\" content=\"article\" \/>\n<meta property=\"og:title\" content=\"CANON 16-35 F2.8 L II USM EF - Maximaloc\" \/>\n<meta property=\"og:description\" content=\"Zoom grand angle Monture : EF Couverture : Full Frame Diam\u00e8tre de filtre : 82 mm\" \/>\n<meta property=\"og:url\" content=\"https:\/\/maximaloc.com\/en\/product\/canon-16-35-f2-8-l-ii-usm-ef\/\" \/>\n<meta property=\"og:site_name\" content=\"Maximaloc\" \/>\n<meta property=\"article:publisher\" content=\"https:\/\/www.facebook.com\/Maximalocation\" \/>\n<meta property=\"article:modified_time\" content=\"2026-04-13T18:07:50+00:00\" \/>\n<meta property=\"og:image\" content=\"https:\/\/maximaloc.com\/wp-content\/uploads\/2024\/03\/89758f_54b1ceb426804cb1b1f8517d438d9d21mv2.webp\" \/>\n\t<meta property=\"og:image:width\" content=\"580\" \/>\n\t<meta property=\"og:image:height\" content=\"420\" \/>\n\t<meta property=\"og:image:type\" content=\"image\/webp\" \/>\n<meta name=\"twitter:card\" content=\"summary_large_image\" \/>\n<meta name=\"twitter:label1\" content=\"Est. reading time\" \/>\n\t<meta name=\"twitter:data1\" content=\"1 minute\" \/>\n<script type=\"application\/ld+json\" class=\"yoast-schema-graph\">{\"@context\":\"https:\\\/\\\/schema.org\",\"@graph\":[{\"@type\":\"WebPage\",\"@id\":\"https:\\\/\\\/maximaloc.com\\\/produit\\\/canon-16-35-f2-8-l-ii-usm-ef\\\/\",\"url\":\"https:\\\/\\\/maximaloc.com\\\/produit\\\/canon-16-35-f2-8-l-ii-usm-ef\\\/\",\"name\":\"CANON 16-35 F2.8 L II USM EF - Maximaloc\",\"isPartOf\":{\"@id\":\"https:\\\/\\\/maximaloc.com\\\/#website\"},\"primaryImageOfPage\":{\"@id\":\"https:\\\/\\\/maximaloc.com\\\/produit\\\/canon-16-35-f2-8-l-ii-usm-ef\\\/#primaryimage\"},\"image\":{\"@id\":\"https:\\\/\\\/maximaloc.com\\\/produit\\\/canon-16-35-f2-8-l-ii-usm-ef\\\/#primaryimage\"},\"thumbnailUrl\":\"https:\\\/\\\/maximaloc.com\\\/wp-content\\\/uploads\\\/2024\\\/03\\\/89758f_54b1ceb426804cb1b1f8517d438d9d21mv2.webp\",\"datePublished\":\"2024-03-21T12:41:48+00:00\",\"dateModified\":\"2026-04-13T18:07:50+00:00\",\"breadcrumb\":{\"@id\":\"https:\\\/\\\/maximaloc.com\\\/produit\\\/canon-16-35-f2-8-l-ii-usm-ef\\\/#breadcrumb\"},\"inLanguage\":\"en-US\",\"potentialAction\":[{\"@type\":\"ReadAction\",\"target\":[\"https:\\\/\\\/maximaloc.com\\\/produit\\\/canon-16-35-f2-8-l-ii-usm-ef\\\/\"]}]},{\"@type\":\"ImageObject\",\"inLanguage\":\"en-US\",\"@id\":\"https:\\\/\\\/maximaloc.com\\\/produit\\\/canon-16-35-f2-8-l-ii-usm-ef\\\/#primaryimage\",\"url\":\"https:\\\/\\\/maximaloc.com\\\/wp-content\\\/uploads\\\/2024\\\/03\\\/89758f_54b1ceb426804cb1b1f8517d438d9d21mv2.webp\",\"contentUrl\":\"https:\\\/\\\/maximaloc.com\\\/wp-content\\\/uploads\\\/2024\\\/03\\\/89758f_54b1ceb426804cb1b1f8517d438d9d21mv2.webp\",\"width\":580,\"height\":420,\"caption\":\"Zoom Canon 16-35mm F2.8 L II USM en monture EF \u00e0 la location\"},{\"@type\":\"BreadcrumbList\",\"@id\":\"https:\\\/\\\/maximaloc.com\\\/produit\\\/canon-16-35-f2-8-l-ii-usm-ef\\\/#breadcrumb\",\"itemListElement\":[{\"@type\":\"ListItem\",\"position\":1,\"name\":\"Accueil\",\"item\":\"https:\\\/\\\/maximaloc.com\\\/\"},{\"@type\":\"ListItem\",\"position\":2,\"name\":\"BOUTIQUE\",\"item\":\"https:\\\/\\\/maximaloc.com\\\/boutique\\\/\"},{\"@type\":\"ListItem\",\"position\":3,\"name\":\"CANON 16-35 F2.8 L II USM EF\"}]},{\"@type\":\"WebSite\",\"@id\":\"https:\\\/\\\/maximaloc.com\\\/#website\",\"url\":\"https:\\\/\\\/maximaloc.com\\\/\",\"name\":\"Maximaloc\",\"description\":\"\",\"publisher\":{\"@id\":\"https:\\\/\\\/maximaloc.com\\\/#organization\"},\"potentialAction\":[{\"@type\":\"SearchAction\",\"target\":{\"@type\":\"EntryPoint\",\"urlTemplate\":\"https:\\\/\\\/maximaloc.com\\\/?s={search_term_string}\"},\"query-input\":{\"@type\":\"PropertyValueSpecification\",\"valueRequired\":true,\"valueName\":\"search_term_string\"}}],\"inLanguage\":\"en-US\"},{\"@type\":\"Organization\",\"@id\":\"https:\\\/\\\/maximaloc.com\\\/#organization\",\"name\":\"Maximaloc\",\"url\":\"https:\\\/\\\/maximaloc.com\\\/\",\"logo\":{\"@type\":\"ImageObject\",\"inLanguage\":\"en-US\",\"@id\":\"https:\\\/\\\/maximaloc.com\\\/#\\\/schema\\\/logo\\\/image\\\/\",\"url\":\"https:\\\/\\\/maximaloc.com\\\/wp-content\\\/uploads\\\/2024\\\/03\\\/logo_noir-scaled.png\",\"contentUrl\":\"https:\\\/\\\/maximaloc.com\\\/wp-content\\\/uploads\\\/2024\\\/03\\\/logo_noir-scaled.png\",\"width\":2560,\"height\":268,\"caption\":\"Maximaloc\"},\"image\":{\"@id\":\"https:\\\/\\\/maximaloc.com\\\/#\\\/schema\\\/logo\\\/image\\\/\"},\"sameAs\":[\"https:\\\/\\\/www.facebook.com\\\/Maximalocation\"]}]}<\/script>\n<!-- \/ Yoast SEO plugin. -->","yoast_head_json":{"title":"CANON 16-35 F2.8 L II USM EF - Maximaloc","robots":{"index":"index","follow":"follow","max-snippet":"max-snippet:-1","max-image-preview":"max-image-preview:large","max-video-preview":"max-video-preview:-1"},"canonical":"https:\/\/maximaloc.com\/en\/product\/canon-16-35-f2-8-l-ii-usm-ef\/","og_locale":"en_US","og_type":"article","og_title":"CANON 16-35 F2.8 L II USM EF - Maximaloc","og_description":"Zoom grand angle Monture : EF Couverture : Full Frame Diam\u00e8tre de filtre : 82 mm","og_url":"https:\/\/maximaloc.com\/en\/product\/canon-16-35-f2-8-l-ii-usm-ef\/","og_site_name":"Maximaloc","article_publisher":"https:\/\/www.facebook.com\/Maximalocation","article_modified_time":"2026-04-13T18:07:50+00:00","og_image":[{"width":580,"height":420,"url":"https:\/\/maximaloc.com\/wp-content\/uploads\/2024\/03\/89758f_54b1ceb426804cb1b1f8517d438d9d21mv2.webp","type":"image\/webp"}],"twitter_card":"summary_large_image","twitter_misc":{"Est. reading time":"1 minute"},"schema":{"@context":"https:\/\/schema.org","@graph":[{"@type":"WebPage","@id":"https:\/\/maximaloc.com\/produit\/canon-16-35-f2-8-l-ii-usm-ef\/","url":"https:\/\/maximaloc.com\/produit\/canon-16-35-f2-8-l-ii-usm-ef\/","name":"CANON 16-35 F2.8 L II USM EF - Maximaloc","isPartOf":{"@id":"https:\/\/maximaloc.com\/#website"},"primaryImageOfPage":{"@id":"https:\/\/maximaloc.com\/produit\/canon-16-35-f2-8-l-ii-usm-ef\/#primaryimage"},"image":{"@id":"https:\/\/maximaloc.com\/produit\/canon-16-35-f2-8-l-ii-usm-ef\/#primaryimage"},"thumbnailUrl":"https:\/\/maximaloc.com\/wp-content\/uploads\/2024\/03\/89758f_54b1ceb426804cb1b1f8517d438d9d21mv2.webp","datePublished":"2024-03-21T12:41:48+00:00","dateModified":"2026-04-13T18:07:50+00:00","breadcrumb":{"@id":"https:\/\/maximaloc.com\/produit\/canon-16-35-f2-8-l-ii-usm-ef\/#breadcrumb"},"inLanguage":"en-US","potentialAction":[{"@type":"ReadAction","target":["https:\/\/maximaloc.com\/produit\/canon-16-35-f2-8-l-ii-usm-ef\/"]}]},{"@type":"ImageObject","inLanguage":"en-US","@id":"https:\/\/maximaloc.com\/produit\/canon-16-35-f2-8-l-ii-usm-ef\/#primaryimage","url":"https:\/\/maximaloc.com\/wp-content\/uploads\/2024\/03\/89758f_54b1ceb426804cb1b1f8517d438d9d21mv2.webp","contentUrl":"https:\/\/maximaloc.com\/wp-content\/uploads\/2024\/03\/89758f_54b1ceb426804cb1b1f8517d438d9d21mv2.webp","width":580,"height":420,"caption":"Zoom Canon 16-35mm F2.8 L II USM en monture EF \u00e0 la location"},{"@type":"BreadcrumbList","@id":"https:\/\/maximaloc.com\/produit\/canon-16-35-f2-8-l-ii-usm-ef\/#breadcrumb","itemListElement":[{"@type":"ListItem","position":1,"name":"Accueil","item":"https:\/\/maximaloc.com\/"},{"@type":"ListItem","position":2,"name":"BOUTIQUE","item":"https:\/\/maximaloc.com\/boutique\/"},{"@type":"ListItem","position":3,"name":"CANON 16-35 F2.8 L II USM EF"}]},{"@type":"WebSite","@id":"https:\/\/maximaloc.com\/#website","url":"https:\/\/maximaloc.com\/","name":"Maximaloc","description":"","publisher":{"@id":"https:\/\/maximaloc.com\/#organization"},"potentialAction":[{"@type":"SearchAction","target":{"@type":"EntryPoint","urlTemplate":"https:\/\/maximaloc.com\/?s={search_term_string}"},"query-input":{"@type":"PropertyValueSpecification","valueRequired":true,"valueName":"search_term_string"}}],"inLanguage":"en-US"},{"@type":"Organization","@id":"https:\/\/maximaloc.com\/#organization","name":"Maximaloc","url":"https:\/\/maximaloc.com\/","logo":{"@type":"ImageObject","inLanguage":"en-US","@id":"https:\/\/maximaloc.com\/#\/schema\/logo\/image\/","url":"https:\/\/maximaloc.com\/wp-content\/uploads\/2024\/03\/logo_noir-scaled.png","contentUrl":"https:\/\/maximaloc.com\/wp-content\/uploads\/2024\/03\/logo_noir-scaled.png","width":2560,"height":268,"caption":"Maximaloc"},"image":{"@id":"https:\/\/maximaloc.com\/#\/schema\/logo\/image\/"},"sameAs":["https:\/\/www.facebook.com\/Maximalocation"]}]}},"_links":{"self":[{"href":"https:\/\/maximaloc.com\/en\/wp-json\/wp\/v2\/product\/4028","targetHints":{"allow":["GET"]}}],"collection":[{"href":"https:\/\/maximaloc.com\/en\/wp-json\/wp\/v2\/product"}],"about":[{"href":"https:\/\/maximaloc.com\/en\/wp-json\/wp\/v2\/types\/product"}],"wp:featuredmedia":[{"embeddable":true,"href":"https:\/\/maximaloc.com\/en\/wp-json\/wp\/v2\/media\/8413"}],"wp:attachment":[{"href":"https:\/\/maximaloc.com\/en\/wp-json\/wp\/v2\/media?parent=4028"}],"wp:term":[{"taxonomy":"product_cat","embeddable":true,"href":"https:\/\/maximaloc.com\/en\/wp-json\/wp\/v2\/product_cat?post=4028"},{"taxonomy":"product_tag","embeddable":true,"href":"https:\/\/maximaloc.com\/en\/wp-json\/wp\/v2\/product_tag?post=4028"}],"curies":[{"name":"wp","href":"https:\/\/api.w.org\/{rel}","templated":true}]}}