 {"id":4036,"date":"2024-03-21T13:41:50","date_gmt":"2024-03-21T12:41:50","guid":{"rendered":"https:\/\/maximaloc.com\/produit\/lumix-g-vario-12-35mm-f2-8-ois-m4-3\/"},"modified":"2026-03-30T16:29:38","modified_gmt":"2026-03-30T14:29:38","slug":"lumix-12-35-f2-8-ii-ois-m4-3","status":"publish","type":"product","link":"https:\/\/maximaloc.com\/en\/product\/lumix-12-35-f2-8-ii-ois-m4-3\/","title":{"rendered":"LUMIX 12-35 F2.8 II OIS M4\/3"},"content":{"rendered":"<p>Le LUMIX 12-35mm F2.8 II O.I.S est un objectif polyvalent con\u00e7u pour les appareils photo sans miroir de la gamme LUMIX de Panasonic. Il offre une plage de zoom polyvalente de 12-35mm, \u00e9quivalente \u00e0 24-70mm en format 35mm, ce qui en fait un choix id\u00e9al pour de nombreux types de prises de vues.<\/p>\n<p>\u00a0<\/p>\n<p>L&#8217;un des principaux avantages de cet objectif est son ouverture constante de F2.8 ainsi que son syst\u00e8me de stabilisation optique O.I.S int\u00e9gr\u00e9, tr\u00e8s efficace coupl\u00e9 \u00e0 la stabilisation capteur. Ce zoom enfin est tr\u00e8s compact, l\u00e9ger et r\u00e9sistant \u00e0 la poussi\u00e8re et aux \u00e9claboussures, ce qui en fait un choix id\u00e9al pour une utilisation quotidienne et en ext\u00e9rieur.<\/p>\n<p>\u00a0<\/p>\n<p><strong>Points Forts :\u00a0<\/strong><\/p>\n<ul>\n<li>Ouverture constante de f\/2.8<\/li>\n<li>Stabilisation optique O.I.S<\/li>\n<li>Compact, l\u00e9ger et \u00e9tanche<\/li>\n<\/ul>","protected":false},"excerpt":{"rendered":"<p>Zoom standard stabilis\u00e9<\/p>\n<p>Monture : Micro 4\/3<\/p>\n<p>Diam\u00e8tre de filtre : 58 mm<\/p>\n<p>Equivalent Full Frame : 24 &#8211; 70 mm<\/p>","protected":false},"featured_media":9166,"template":"","meta":[],"product_cat":[230],"product_tag":[210,273,290,285,282,242],"class_list":{"0":"post-4036","1":"product","2":"type-product","3":"status-publish","4":"has-post-thumbnail","6":"product_cat-micro-4-3","7":"product_tag-micro-4-3","8":"product_tag-autofocus","9":"product_tag-lumix","10":"product_tag-stabilise","11":"product_tag-standard","12":"product_tag-zoom","14":"first","15":"instock","16":"taxable","17":"shipping-taxable","18":"purchasable","19":"product-type-rentable"},"yoast_head":"<!-- This site is optimized with the Yoast SEO plugin v24.1 - https:\/\/yoast.com\/wordpress\/plugins\/seo\/ -->\n<title>LUMIX 12-35 F2.8 II OIS M4\/3 - Maximaloc<\/title>\n<meta name=\"robots\" content=\"index, follow, max-snippet:-1, max-image-preview:large, max-video-preview:-1\" \/>\n<link rel=\"canonical\" href=\"https:\/\/maximaloc.com\/en\/product\/lumix-12-35-f2-8-ii-ois-m4-3\/\" \/>\n<meta property=\"og:locale\" content=\"en_US\" \/>\n<meta property=\"og:type\" content=\"article\" \/>\n<meta property=\"og:title\" content=\"LUMIX 12-35 F2.8 II OIS M4\/3 - Maximaloc\" \/>\n<meta property=\"og:description\" content=\"Zoom standard stabilis\u00e9 Monture : Micro 4\/3 Diam\u00e8tre de filtre : 58 mm Equivalent Full Frame : 24 - 70 mm\" \/>\n<meta property=\"og:url\" content=\"https:\/\/maximaloc.com\/en\/product\/lumix-12-35-f2-8-ii-ois-m4-3\/\" \/>\n<meta property=\"og:site_name\" content=\"Maximaloc\" \/>\n<meta property=\"article:publisher\" content=\"https:\/\/www.facebook.com\/Maximalocation\" \/>\n<meta property=\"article:modified_time\" content=\"2026-03-30T14:29:38+00:00\" \/>\n<meta property=\"og:image\" content=\"https:\/\/maximaloc.com\/wp-content\/uploads\/2024\/03\/lumix-g-vario-12-35-1.webp\" \/>\n\t<meta property=\"og:image:width\" content=\"580\" \/>\n\t<meta property=\"og:image:height\" content=\"420\" \/>\n\t<meta property=\"og:image:type\" content=\"image\/webp\" \/>\n<meta name=\"twitter:card\" content=\"summary_large_image\" \/>\n<meta name=\"twitter:label1\" content=\"Est. reading time\" \/>\n\t<meta name=\"twitter:data1\" content=\"1 minute\" \/>\n<script type=\"application\/ld+json\" class=\"yoast-schema-graph\">{\"@context\":\"https:\/\/schema.org\",\"@graph\":[{\"@type\":\"WebPage\",\"@id\":\"https:\/\/maximaloc.com\/produit\/lumix-12-35-f2-8-ii-ois-m4-3\/\",\"url\":\"https:\/\/maximaloc.com\/produit\/lumix-12-35-f2-8-ii-ois-m4-3\/\",\"name\":\"LUMIX 12-35 F2.8 II OIS M4\/3 - Maximaloc\",\"isPartOf\":{\"@id\":\"https:\/\/maximaloc.com\/#website\"},\"primaryImageOfPage\":{\"@id\":\"https:\/\/maximaloc.com\/produit\/lumix-12-35-f2-8-ii-ois-m4-3\/#primaryimage\"},\"image\":{\"@id\":\"https:\/\/maximaloc.com\/produit\/lumix-12-35-f2-8-ii-ois-m4-3\/#primaryimage\"},\"thumbnailUrl\":\"https:\/\/maximaloc.com\/wp-content\/uploads\/2024\/03\/lumix-g-vario-12-35-1.webp\",\"datePublished\":\"2024-03-21T12:41:50+00:00\",\"dateModified\":\"2026-03-30T14:29:38+00:00\",\"breadcrumb\":{\"@id\":\"https:\/\/maximaloc.com\/produit\/lumix-12-35-f2-8-ii-ois-m4-3\/#breadcrumb\"},\"inLanguage\":\"en-US\",\"potentialAction\":[{\"@type\":\"ReadAction\",\"target\":[\"https:\/\/maximaloc.com\/produit\/lumix-12-35-f2-8-ii-ois-m4-3\/\"]}]},{\"@type\":\"ImageObject\",\"inLanguage\":\"en-US\",\"@id\":\"https:\/\/maximaloc.com\/produit\/lumix-12-35-f2-8-ii-ois-m4-3\/#primaryimage\",\"url\":\"https:\/\/maximaloc.com\/wp-content\/uploads\/2024\/03\/lumix-g-vario-12-35-1.webp\",\"contentUrl\":\"https:\/\/maximaloc.com\/wp-content\/uploads\/2024\/03\/lumix-g-vario-12-35-1.webp\",\"width\":580,\"height\":420,\"caption\":\"Zoom Lumix 12-35mm F2.8 II OIS monture micro 4\/3 \u00e0 la location\"},{\"@type\":\"BreadcrumbList\",\"@id\":\"https:\/\/maximaloc.com\/produit\/lumix-12-35-f2-8-ii-ois-m4-3\/#breadcrumb\",\"itemListElement\":[{\"@type\":\"ListItem\",\"position\":1,\"name\":\"Accueil\",\"item\":\"https:\/\/maximaloc.com\/\"},{\"@type\":\"ListItem\",\"position\":2,\"name\":\"BOUTIQUE\",\"item\":\"https:\/\/maximaloc.com\/boutique\/\"},{\"@type\":\"ListItem\",\"position\":3,\"name\":\"LUMIX 12-35 F2.8 II OIS M4\/3\"}]},{\"@type\":\"WebSite\",\"@id\":\"https:\/\/maximaloc.com\/#website\",\"url\":\"https:\/\/maximaloc.com\/\",\"name\":\"Maximaloc\",\"description\":\"\",\"publisher\":{\"@id\":\"https:\/\/maximaloc.com\/#organization\"},\"potentialAction\":[{\"@type\":\"SearchAction\",\"target\":{\"@type\":\"EntryPoint\",\"urlTemplate\":\"https:\/\/maximaloc.com\/?s={search_term_string}\"},\"query-input\":{\"@type\":\"PropertyValueSpecification\",\"valueRequired\":true,\"valueName\":\"search_term_string\"}}],\"inLanguage\":\"en-US\"},{\"@type\":\"Organization\",\"@id\":\"https:\/\/maximaloc.com\/#organization\",\"name\":\"Maximaloc\",\"url\":\"https:\/\/maximaloc.com\/\",\"logo\":{\"@type\":\"ImageObject\",\"inLanguage\":\"en-US\",\"@id\":\"https:\/\/maximaloc.com\/#\/schema\/logo\/image\/\",\"url\":\"https:\/\/maximaloc.com\/wp-content\/uploads\/2024\/03\/logo_noir.png\",\"contentUrl\":\"https:\/\/maximaloc.com\/wp-content\/uploads\/2024\/03\/logo_noir.png\",\"width\":11750,\"height\":1231,\"caption\":\"Maximaloc\"},\"image\":{\"@id\":\"https:\/\/maximaloc.com\/#\/schema\/logo\/image\/\"},\"sameAs\":[\"https:\/\/www.facebook.com\/Maximalocation\"]}]}<\/script>\n<!-- \/ Yoast SEO plugin. -->","yoast_head_json":{"title":"LUMIX 12-35 F2.8 II OIS M4\/3 - Maximaloc","robots":{"index":"index","follow":"follow","max-snippet":"max-snippet:-1","max-image-preview":"max-image-preview:large","max-video-preview":"max-video-preview:-1"},"canonical":"https:\/\/maximaloc.com\/en\/product\/lumix-12-35-f2-8-ii-ois-m4-3\/","og_locale":"en_US","og_type":"article","og_title":"LUMIX 12-35 F2.8 II OIS M4\/3 - Maximaloc","og_description":"Zoom standard stabilis\u00e9 Monture : Micro 4\/3 Diam\u00e8tre de filtre : 58 mm Equivalent Full Frame : 24 - 70 mm","og_url":"https:\/\/maximaloc.com\/en\/product\/lumix-12-35-f2-8-ii-ois-m4-3\/","og_site_name":"Maximaloc","article_publisher":"https:\/\/www.facebook.com\/Maximalocation","article_modified_time":"2026-03-30T14:29:38+00:00","og_image":[{"width":580,"height":420,"url":"https:\/\/maximaloc.com\/wp-content\/uploads\/2024\/03\/lumix-g-vario-12-35-1.webp","type":"image\/webp"}],"twitter_card":"summary_large_image","twitter_misc":{"Est. reading time":"1 minute"},"schema":{"@context":"https:\/\/schema.org","@graph":[{"@type":"WebPage","@id":"https:\/\/maximaloc.com\/produit\/lumix-12-35-f2-8-ii-ois-m4-3\/","url":"https:\/\/maximaloc.com\/produit\/lumix-12-35-f2-8-ii-ois-m4-3\/","name":"LUMIX 12-35 F2.8 II OIS M4\/3 - Maximaloc","isPartOf":{"@id":"https:\/\/maximaloc.com\/#website"},"primaryImageOfPage":{"@id":"https:\/\/maximaloc.com\/produit\/lumix-12-35-f2-8-ii-ois-m4-3\/#primaryimage"},"image":{"@id":"https:\/\/maximaloc.com\/produit\/lumix-12-35-f2-8-ii-ois-m4-3\/#primaryimage"},"thumbnailUrl":"https:\/\/maximaloc.com\/wp-content\/uploads\/2024\/03\/lumix-g-vario-12-35-1.webp","datePublished":"2024-03-21T12:41:50+00:00","dateModified":"2026-03-30T14:29:38+00:00","breadcrumb":{"@id":"https:\/\/maximaloc.com\/produit\/lumix-12-35-f2-8-ii-ois-m4-3\/#breadcrumb"},"inLanguage":"en-US","potentialAction":[{"@type":"ReadAction","target":["https:\/\/maximaloc.com\/produit\/lumix-12-35-f2-8-ii-ois-m4-3\/"]}]},{"@type":"ImageObject","inLanguage":"en-US","@id":"https:\/\/maximaloc.com\/produit\/lumix-12-35-f2-8-ii-ois-m4-3\/#primaryimage","url":"https:\/\/maximaloc.com\/wp-content\/uploads\/2024\/03\/lumix-g-vario-12-35-1.webp","contentUrl":"https:\/\/maximaloc.com\/wp-content\/uploads\/2024\/03\/lumix-g-vario-12-35-1.webp","width":580,"height":420,"caption":"Zoom Lumix 12-35mm F2.8 II OIS monture micro 4\/3 \u00e0 la location"},{"@type":"BreadcrumbList","@id":"https:\/\/maximaloc.com\/produit\/lumix-12-35-f2-8-ii-ois-m4-3\/#breadcrumb","itemListElement":[{"@type":"ListItem","position":1,"name":"Accueil","item":"https:\/\/maximaloc.com\/"},{"@type":"ListItem","position":2,"name":"BOUTIQUE","item":"https:\/\/maximaloc.com\/boutique\/"},{"@type":"ListItem","position":3,"name":"LUMIX 12-35 F2.8 II OIS M4\/3"}]},{"@type":"WebSite","@id":"https:\/\/maximaloc.com\/#website","url":"https:\/\/maximaloc.com\/","name":"Maximaloc","description":"","publisher":{"@id":"https:\/\/maximaloc.com\/#organization"},"potentialAction":[{"@type":"SearchAction","target":{"@type":"EntryPoint","urlTemplate":"https:\/\/maximaloc.com\/?s={search_term_string}"},"query-input":{"@type":"PropertyValueSpecification","valueRequired":true,"valueName":"search_term_string"}}],"inLanguage":"en-US"},{"@type":"Organization","@id":"https:\/\/maximaloc.com\/#organization","name":"Maximaloc","url":"https:\/\/maximaloc.com\/","logo":{"@type":"ImageObject","inLanguage":"en-US","@id":"https:\/\/maximaloc.com\/#\/schema\/logo\/image\/","url":"https:\/\/maximaloc.com\/wp-content\/uploads\/2024\/03\/logo_noir.png","contentUrl":"https:\/\/maximaloc.com\/wp-content\/uploads\/2024\/03\/logo_noir.png","width":11750,"height":1231,"caption":"Maximaloc"},"image":{"@id":"https:\/\/maximaloc.com\/#\/schema\/logo\/image\/"},"sameAs":["https:\/\/www.facebook.com\/Maximalocation"]}]}},"_links":{"self":[{"href":"https:\/\/maximaloc.com\/en\/wp-json\/wp\/v2\/product\/4036","targetHints":{"allow":["GET"]}}],"collection":[{"href":"https:\/\/maximaloc.com\/en\/wp-json\/wp\/v2\/product"}],"about":[{"href":"https:\/\/maximaloc.com\/en\/wp-json\/wp\/v2\/types\/product"}],"wp:featuredmedia":[{"embeddable":true,"href":"https:\/\/maximaloc.com\/en\/wp-json\/wp\/v2\/media\/9166"}],"wp:attachment":[{"href":"https:\/\/maximaloc.com\/en\/wp-json\/wp\/v2\/media?parent=4036"}],"wp:term":[{"taxonomy":"product_cat","embeddable":true,"href":"https:\/\/maximaloc.com\/en\/wp-json\/wp\/v2\/product_cat?post=4036"},{"taxonomy":"product_tag","embeddable":true,"href":"https:\/\/maximaloc.com\/en\/wp-json\/wp\/v2\/product_tag?post=4036"}],"curies":[{"name":"wp","href":"https:\/\/api.w.org\/{rel}","templated":true}]}}