 {"id":4037,"date":"2024-03-21T13:41:51","date_gmt":"2024-03-21T12:41:51","guid":{"rendered":"https:\/\/maximaloc.com\/produit\/lumix-g-vario-35-100mm-f2-8-ois-m4-3\/"},"modified":"2026-04-13T20:40:27","modified_gmt":"2026-04-13T18:40:27","slug":"lumix-35-100-f2-8-ii-ois-m4-3","status":"publish","type":"product","link":"https:\/\/maximaloc.com\/en\/product\/lumix-35-100-f2-8-ii-ois-m4-3\/","title":{"rendered":"LUMIX 35-100 F2.8 II OIS M4\/3"},"content":{"rendered":"<p>L&#8217;objectif Lumix 35-100 mm F2.8 II OIS est un zoom t\u00e9l\u00e9objectif con\u00e7u pour les appareils photo sans miroir M4\/3 compatible notamment avec la s\u00e9rie GH de Panasonic tels le GH4, GH5, GH5s, GH6 etc&#8230; Il pr\u00e9sente une plage focale de 35-100 (\u00e9quivalent en full frame du de 70-200) et une ouverture maximale constante de f\/2.8, ce qui facilite la prise de vue dans diff\u00e9rentes conditions d&#8217;\u00e9clairage. Avec cette optique on aura donc la m\u00eame focale qu\u2019un 70-200 mais un ratio de dimension \/ poids extr\u00eamement r\u00e9duits.<\/p>\n<p>\u00a0<\/p>\n<p>Le stabilisateur d&#8217;image optique minimise l&#8217;impact des tremblements de l&#8217;appareil photo pour des prises de vue \u00e0 main lev\u00e9e plus nettes et prend \u00e9galement en charge la fonction Dual I.S. pour une performance de stabilisation accrue. La conception r\u00e9sistante aux \u00e9claboussures, \u00e0 la poussi\u00e8re facilite le travail dans des conditions m\u00e9t\u00e9orologiques difficiles.<\/p>\n<p>\u00a0<\/p>\n<p><strong>Points Forts:<\/strong><\/p>\n<ul>\n<li>Ouverture constante de f\/2.8<\/li>\n<li>Stabilisation optique O.I.S<\/li>\n<li>Compacit\u00e9 et l\u00e9g\u00e8ret\u00e9<\/li>\n<\/ul>","protected":false},"excerpt":{"rendered":"<p>Telephoto with Stabilization<\/p>\n<p>Monture : Micro 4\/3<\/p>\n<p>Diam\u00e8tre de filtre : 58 mm<\/p>\n<p>Equivalent Full Frame : 70-200 mm<\/p>","protected":false},"featured_media":9049,"template":"","meta":[],"product_cat":[230],"product_tag":[210,273,290,285,283,242],"class_list":{"0":"post-4037","1":"product","2":"type-product","3":"status-publish","4":"has-post-thumbnail","6":"product_cat-micro-4-3","7":"product_tag-micro-4-3","8":"product_tag-autofocus","9":"product_tag-lumix","10":"product_tag-stabilise","11":"product_tag-tele-objectif","12":"product_tag-zoom","14":"first","15":"instock","16":"taxable","17":"shipping-taxable","18":"purchasable","19":"product-type-rentable"},"yoast_head":"<!-- This site is optimized with the Yoast SEO plugin v27.4 - https:\/\/yoast.com\/product\/yoast-seo-wordpress\/ -->\n<title>LUMIX 35-100 F2.8 II OIS M4\/3 - Maximaloc<\/title>\n<meta name=\"robots\" content=\"index, follow, max-snippet:-1, max-image-preview:large, max-video-preview:-1\" \/>\n<link rel=\"canonical\" href=\"https:\/\/maximaloc.com\/en\/product\/lumix-35-100-f2-8-ii-ois-m4-3\/\" \/>\n<meta property=\"og:locale\" content=\"en_US\" \/>\n<meta property=\"og:type\" content=\"article\" \/>\n<meta property=\"og:title\" content=\"LUMIX 35-100 F2.8 II OIS M4\/3 - Maximaloc\" \/>\n<meta property=\"og:description\" content=\"T\u00e9l\u00e9objectif stabilis\u00e9 Monture : Micro 4\/3 Diam\u00e8tre de filtre : 58 mm Equivalent Full Frame : 70-200 mm\" \/>\n<meta property=\"og:url\" content=\"https:\/\/maximaloc.com\/en\/product\/lumix-35-100-f2-8-ii-ois-m4-3\/\" \/>\n<meta property=\"og:site_name\" content=\"Maximaloc\" \/>\n<meta property=\"article:publisher\" content=\"https:\/\/www.facebook.com\/Maximalocation\" \/>\n<meta property=\"article:modified_time\" content=\"2026-04-13T18:40:27+00:00\" \/>\n<meta property=\"og:image\" content=\"https:\/\/maximaloc.com\/wp-content\/uploads\/2024\/03\/b49820_c4436fdec62c44a2bccb402e5a6da40fmv2.webp\" \/>\n\t<meta property=\"og:image:width\" content=\"580\" \/>\n\t<meta property=\"og:image:height\" content=\"420\" \/>\n\t<meta property=\"og:image:type\" content=\"image\/webp\" \/>\n<meta name=\"twitter:card\" content=\"summary_large_image\" \/>\n<meta name=\"twitter:label1\" content=\"Est. reading time\" \/>\n\t<meta name=\"twitter:data1\" content=\"1 minute\" \/>\n<script type=\"application\/ld+json\" class=\"yoast-schema-graph\">{\"@context\":\"https:\\\/\\\/schema.org\",\"@graph\":[{\"@type\":\"WebPage\",\"@id\":\"https:\\\/\\\/maximaloc.com\\\/produit\\\/lumix-35-100-f2-8-ii-ois-m4-3\\\/\",\"url\":\"https:\\\/\\\/maximaloc.com\\\/produit\\\/lumix-35-100-f2-8-ii-ois-m4-3\\\/\",\"name\":\"LUMIX 35-100 F2.8 II OIS M4\\\/3 - Maximaloc\",\"isPartOf\":{\"@id\":\"https:\\\/\\\/maximaloc.com\\\/#website\"},\"primaryImageOfPage\":{\"@id\":\"https:\\\/\\\/maximaloc.com\\\/produit\\\/lumix-35-100-f2-8-ii-ois-m4-3\\\/#primaryimage\"},\"image\":{\"@id\":\"https:\\\/\\\/maximaloc.com\\\/produit\\\/lumix-35-100-f2-8-ii-ois-m4-3\\\/#primaryimage\"},\"thumbnailUrl\":\"https:\\\/\\\/maximaloc.com\\\/wp-content\\\/uploads\\\/2024\\\/03\\\/b49820_c4436fdec62c44a2bccb402e5a6da40fmv2.webp\",\"datePublished\":\"2024-03-21T12:41:51+00:00\",\"dateModified\":\"2026-04-13T18:40:27+00:00\",\"breadcrumb\":{\"@id\":\"https:\\\/\\\/maximaloc.com\\\/produit\\\/lumix-35-100-f2-8-ii-ois-m4-3\\\/#breadcrumb\"},\"inLanguage\":\"en-US\",\"potentialAction\":[{\"@type\":\"ReadAction\",\"target\":[\"https:\\\/\\\/maximaloc.com\\\/produit\\\/lumix-35-100-f2-8-ii-ois-m4-3\\\/\"]}]},{\"@type\":\"ImageObject\",\"inLanguage\":\"en-US\",\"@id\":\"https:\\\/\\\/maximaloc.com\\\/produit\\\/lumix-35-100-f2-8-ii-ois-m4-3\\\/#primaryimage\",\"url\":\"https:\\\/\\\/maximaloc.com\\\/wp-content\\\/uploads\\\/2024\\\/03\\\/b49820_c4436fdec62c44a2bccb402e5a6da40fmv2.webp\",\"contentUrl\":\"https:\\\/\\\/maximaloc.com\\\/wp-content\\\/uploads\\\/2024\\\/03\\\/b49820_c4436fdec62c44a2bccb402e5a6da40fmv2.webp\",\"width\":580,\"height\":420,\"caption\":\"Zoom Lumix 35-100mm F2.8 II OIS monture micro 4\\\/3 \u00e0 la location\"},{\"@type\":\"BreadcrumbList\",\"@id\":\"https:\\\/\\\/maximaloc.com\\\/produit\\\/lumix-35-100-f2-8-ii-ois-m4-3\\\/#breadcrumb\",\"itemListElement\":[{\"@type\":\"ListItem\",\"position\":1,\"name\":\"Accueil\",\"item\":\"https:\\\/\\\/maximaloc.com\\\/\"},{\"@type\":\"ListItem\",\"position\":2,\"name\":\"BOUTIQUE\",\"item\":\"https:\\\/\\\/maximaloc.com\\\/boutique\\\/\"},{\"@type\":\"ListItem\",\"position\":3,\"name\":\"LUMIX 35-100 F2.8 II OIS M4\\\/3\"}]},{\"@type\":\"WebSite\",\"@id\":\"https:\\\/\\\/maximaloc.com\\\/#website\",\"url\":\"https:\\\/\\\/maximaloc.com\\\/\",\"name\":\"Maximaloc\",\"description\":\"\",\"publisher\":{\"@id\":\"https:\\\/\\\/maximaloc.com\\\/#organization\"},\"potentialAction\":[{\"@type\":\"SearchAction\",\"target\":{\"@type\":\"EntryPoint\",\"urlTemplate\":\"https:\\\/\\\/maximaloc.com\\\/?s={search_term_string}\"},\"query-input\":{\"@type\":\"PropertyValueSpecification\",\"valueRequired\":true,\"valueName\":\"search_term_string\"}}],\"inLanguage\":\"en-US\"},{\"@type\":\"Organization\",\"@id\":\"https:\\\/\\\/maximaloc.com\\\/#organization\",\"name\":\"Maximaloc\",\"url\":\"https:\\\/\\\/maximaloc.com\\\/\",\"logo\":{\"@type\":\"ImageObject\",\"inLanguage\":\"en-US\",\"@id\":\"https:\\\/\\\/maximaloc.com\\\/#\\\/schema\\\/logo\\\/image\\\/\",\"url\":\"https:\\\/\\\/maximaloc.com\\\/wp-content\\\/uploads\\\/2024\\\/03\\\/logo_noir-scaled.png\",\"contentUrl\":\"https:\\\/\\\/maximaloc.com\\\/wp-content\\\/uploads\\\/2024\\\/03\\\/logo_noir-scaled.png\",\"width\":2560,\"height\":268,\"caption\":\"Maximaloc\"},\"image\":{\"@id\":\"https:\\\/\\\/maximaloc.com\\\/#\\\/schema\\\/logo\\\/image\\\/\"},\"sameAs\":[\"https:\\\/\\\/www.facebook.com\\\/Maximalocation\"]}]}<\/script>\n<!-- \/ Yoast SEO plugin. -->","yoast_head_json":{"title":"LUMIX 35-100 F2.8 II OIS M4\/3 - Maximaloc","robots":{"index":"index","follow":"follow","max-snippet":"max-snippet:-1","max-image-preview":"max-image-preview:large","max-video-preview":"max-video-preview:-1"},"canonical":"https:\/\/maximaloc.com\/en\/product\/lumix-35-100-f2-8-ii-ois-m4-3\/","og_locale":"en_US","og_type":"article","og_title":"LUMIX 35-100 F2.8 II OIS M4\/3 - Maximaloc","og_description":"T\u00e9l\u00e9objectif stabilis\u00e9 Monture : Micro 4\/3 Diam\u00e8tre de filtre : 58 mm Equivalent Full Frame : 70-200 mm","og_url":"https:\/\/maximaloc.com\/en\/product\/lumix-35-100-f2-8-ii-ois-m4-3\/","og_site_name":"Maximaloc","article_publisher":"https:\/\/www.facebook.com\/Maximalocation","article_modified_time":"2026-04-13T18:40:27+00:00","og_image":[{"width":580,"height":420,"url":"https:\/\/maximaloc.com\/wp-content\/uploads\/2024\/03\/b49820_c4436fdec62c44a2bccb402e5a6da40fmv2.webp","type":"image\/webp"}],"twitter_card":"summary_large_image","twitter_misc":{"Est. reading time":"1 minute"},"schema":{"@context":"https:\/\/schema.org","@graph":[{"@type":"WebPage","@id":"https:\/\/maximaloc.com\/produit\/lumix-35-100-f2-8-ii-ois-m4-3\/","url":"https:\/\/maximaloc.com\/produit\/lumix-35-100-f2-8-ii-ois-m4-3\/","name":"LUMIX 35-100 F2.8 II OIS M4\/3 - Maximaloc","isPartOf":{"@id":"https:\/\/maximaloc.com\/#website"},"primaryImageOfPage":{"@id":"https:\/\/maximaloc.com\/produit\/lumix-35-100-f2-8-ii-ois-m4-3\/#primaryimage"},"image":{"@id":"https:\/\/maximaloc.com\/produit\/lumix-35-100-f2-8-ii-ois-m4-3\/#primaryimage"},"thumbnailUrl":"https:\/\/maximaloc.com\/wp-content\/uploads\/2024\/03\/b49820_c4436fdec62c44a2bccb402e5a6da40fmv2.webp","datePublished":"2024-03-21T12:41:51+00:00","dateModified":"2026-04-13T18:40:27+00:00","breadcrumb":{"@id":"https:\/\/maximaloc.com\/produit\/lumix-35-100-f2-8-ii-ois-m4-3\/#breadcrumb"},"inLanguage":"en-US","potentialAction":[{"@type":"ReadAction","target":["https:\/\/maximaloc.com\/produit\/lumix-35-100-f2-8-ii-ois-m4-3\/"]}]},{"@type":"ImageObject","inLanguage":"en-US","@id":"https:\/\/maximaloc.com\/produit\/lumix-35-100-f2-8-ii-ois-m4-3\/#primaryimage","url":"https:\/\/maximaloc.com\/wp-content\/uploads\/2024\/03\/b49820_c4436fdec62c44a2bccb402e5a6da40fmv2.webp","contentUrl":"https:\/\/maximaloc.com\/wp-content\/uploads\/2024\/03\/b49820_c4436fdec62c44a2bccb402e5a6da40fmv2.webp","width":580,"height":420,"caption":"Zoom Lumix 35-100mm F2.8 II OIS monture micro 4\/3 \u00e0 la location"},{"@type":"BreadcrumbList","@id":"https:\/\/maximaloc.com\/produit\/lumix-35-100-f2-8-ii-ois-m4-3\/#breadcrumb","itemListElement":[{"@type":"ListItem","position":1,"name":"Accueil","item":"https:\/\/maximaloc.com\/"},{"@type":"ListItem","position":2,"name":"BOUTIQUE","item":"https:\/\/maximaloc.com\/boutique\/"},{"@type":"ListItem","position":3,"name":"LUMIX 35-100 F2.8 II OIS M4\/3"}]},{"@type":"WebSite","@id":"https:\/\/maximaloc.com\/#website","url":"https:\/\/maximaloc.com\/","name":"Maximaloc","description":"","publisher":{"@id":"https:\/\/maximaloc.com\/#organization"},"potentialAction":[{"@type":"SearchAction","target":{"@type":"EntryPoint","urlTemplate":"https:\/\/maximaloc.com\/?s={search_term_string}"},"query-input":{"@type":"PropertyValueSpecification","valueRequired":true,"valueName":"search_term_string"}}],"inLanguage":"en-US"},{"@type":"Organization","@id":"https:\/\/maximaloc.com\/#organization","name":"Maximaloc","url":"https:\/\/maximaloc.com\/","logo":{"@type":"ImageObject","inLanguage":"en-US","@id":"https:\/\/maximaloc.com\/#\/schema\/logo\/image\/","url":"https:\/\/maximaloc.com\/wp-content\/uploads\/2024\/03\/logo_noir-scaled.png","contentUrl":"https:\/\/maximaloc.com\/wp-content\/uploads\/2024\/03\/logo_noir-scaled.png","width":2560,"height":268,"caption":"Maximaloc"},"image":{"@id":"https:\/\/maximaloc.com\/#\/schema\/logo\/image\/"},"sameAs":["https:\/\/www.facebook.com\/Maximalocation"]}]}},"_links":{"self":[{"href":"https:\/\/maximaloc.com\/en\/wp-json\/wp\/v2\/product\/4037","targetHints":{"allow":["GET"]}}],"collection":[{"href":"https:\/\/maximaloc.com\/en\/wp-json\/wp\/v2\/product"}],"about":[{"href":"https:\/\/maximaloc.com\/en\/wp-json\/wp\/v2\/types\/product"}],"wp:featuredmedia":[{"embeddable":true,"href":"https:\/\/maximaloc.com\/en\/wp-json\/wp\/v2\/media\/9049"}],"wp:attachment":[{"href":"https:\/\/maximaloc.com\/en\/wp-json\/wp\/v2\/media?parent=4037"}],"wp:term":[{"taxonomy":"product_cat","embeddable":true,"href":"https:\/\/maximaloc.com\/en\/wp-json\/wp\/v2\/product_cat?post=4037"},{"taxonomy":"product_tag","embeddable":true,"href":"https:\/\/maximaloc.com\/en\/wp-json\/wp\/v2\/product_tag?post=4037"}],"curies":[{"name":"wp","href":"https:\/\/api.w.org\/{rel}","templated":true}]}}