 {"id":4038,"date":"2024-03-21T13:41:51","date_gmt":"2024-03-21T12:41:51","guid":{"rendered":"https:\/\/maximaloc.com\/produit\/leica-dg-vario-12-60mm-f2-8-4-ois-m4-3\/"},"modified":"2026-04-13T20:47:31","modified_gmt":"2026-04-13T18:47:31","slug":"leica-12-60-f2-8-4-ii-m4-3","status":"publish","type":"product","link":"https:\/\/maximaloc.com\/en\/product\/leica-12-60-f2-8-4-ii-m4-3\/","title":{"rendered":"LEICA 12-60 F2.8-4 II M4\/3"},"content":{"rendered":"<p>Le Leica 12-60mm F2.8-4 OIS est un objectif polyvalent con\u00e7u pour les appareils photo sans miroir de la gamme LUMIX de Panasonic. Il offre une plage de zoom pratique de 12-60mm, \u00e9quivalente \u00e0 24-120mm en format 35mm, couvrant ainsi une large gamme de distances focales pour diverses situations de prise de vue.<\/p>\n<p>\u00a0<\/p>\n<p>La fonction de stabilisation optique OIS int\u00e9gr\u00e9e dans l&#8217;objectif est tr\u00e8s efficace pour compenser les tremblements de l&#8217;appareil photo, surtout \u00e0 longue focale. Cet objectif est \u00e9galement r\u00e9sistant \u00e0 la poussi\u00e8re et aux \u00e9claboussures, ce qui vous permet de l&#8217;utiliser en toute confiance dans des environnements difficiles.<\/p>\n<p>\u00a0<\/p>\n<p><strong>Points Forts :\u00a0<\/strong><\/p>\n<ul>\n<li>Grande plage focale polyvalente<\/li>\n<li>Stabilisation optique (OIS)<\/li>\n<li>Autofocus silencieux et rapide<\/li>\n<\/ul>","protected":false},"excerpt":{"rendered":"<p>Zoom standard stabilis\u00e9<\/p>\n<p>Monture : Micro 4\/3<\/p>\n<p>Diam\u00e8tre de filtre : 62 mm<\/p>\n<p>Equivalent full frame : 24-120 mm<\/p>","protected":false},"featured_media":9170,"template":"","meta":[],"product_cat":[230],"product_tag":[210,273,292,285,282,242],"class_list":{"0":"post-4038","1":"product","2":"type-product","3":"status-publish","4":"has-post-thumbnail","6":"product_cat-micro-4-3","7":"product_tag-micro-4-3","8":"product_tag-autofocus","9":"product_tag-leica","10":"product_tag-stabilise","11":"product_tag-standard","12":"product_tag-zoom","14":"first","15":"instock","16":"taxable","17":"shipping-taxable","18":"purchasable","19":"product-type-rentable"},"yoast_head":"<!-- This site is optimized with the Yoast SEO plugin v27.4 - https:\/\/yoast.com\/product\/yoast-seo-wordpress\/ -->\n<title>LEICA 12-60 F2.8-4 II M4\/3 - Maximaloc<\/title>\n<meta name=\"robots\" content=\"index, follow, max-snippet:-1, max-image-preview:large, max-video-preview:-1\" \/>\n<link rel=\"canonical\" href=\"https:\/\/maximaloc.com\/en\/product\/leica-12-60-f2-8-4-ii-m4-3\/\" \/>\n<meta property=\"og:locale\" content=\"en_US\" \/>\n<meta property=\"og:type\" content=\"article\" \/>\n<meta property=\"og:title\" content=\"LEICA 12-60 F2.8-4 II M4\/3 - Maximaloc\" \/>\n<meta property=\"og:description\" content=\"Zoom standard stabilis\u00e9 Monture : Micro 4\/3 Diam\u00e8tre de filtre : 62 mm Equivalent full frame : 24-120 mm\" \/>\n<meta property=\"og:url\" content=\"https:\/\/maximaloc.com\/en\/product\/leica-12-60-f2-8-4-ii-m4-3\/\" \/>\n<meta property=\"og:site_name\" content=\"Maximaloc\" \/>\n<meta property=\"article:publisher\" content=\"https:\/\/www.facebook.com\/Maximalocation\" \/>\n<meta property=\"article:modified_time\" content=\"2026-04-13T18:47:31+00:00\" \/>\n<meta property=\"og:image\" content=\"https:\/\/maximaloc.com\/wp-content\/uploads\/2024\/03\/leica-12-60-1.webp\" \/>\n\t<meta property=\"og:image:width\" content=\"580\" \/>\n\t<meta property=\"og:image:height\" content=\"420\" \/>\n\t<meta property=\"og:image:type\" content=\"image\/webp\" \/>\n<meta name=\"twitter:card\" content=\"summary_large_image\" \/>\n<meta name=\"twitter:label1\" content=\"Est. reading time\" \/>\n\t<meta name=\"twitter:data1\" content=\"1 minute\" \/>\n<script type=\"application\/ld+json\" class=\"yoast-schema-graph\">{\"@context\":\"https:\\\/\\\/schema.org\",\"@graph\":[{\"@type\":\"WebPage\",\"@id\":\"https:\\\/\\\/maximaloc.com\\\/produit\\\/leica-12-60-f2-8-4-ii-m4-3\\\/\",\"url\":\"https:\\\/\\\/maximaloc.com\\\/produit\\\/leica-12-60-f2-8-4-ii-m4-3\\\/\",\"name\":\"LEICA 12-60 F2.8-4 II M4\\\/3 - Maximaloc\",\"isPartOf\":{\"@id\":\"https:\\\/\\\/maximaloc.com\\\/#website\"},\"primaryImageOfPage\":{\"@id\":\"https:\\\/\\\/maximaloc.com\\\/produit\\\/leica-12-60-f2-8-4-ii-m4-3\\\/#primaryimage\"},\"image\":{\"@id\":\"https:\\\/\\\/maximaloc.com\\\/produit\\\/leica-12-60-f2-8-4-ii-m4-3\\\/#primaryimage\"},\"thumbnailUrl\":\"https:\\\/\\\/maximaloc.com\\\/wp-content\\\/uploads\\\/2024\\\/03\\\/leica-12-60-1.webp\",\"datePublished\":\"2024-03-21T12:41:51+00:00\",\"dateModified\":\"2026-04-13T18:47:31+00:00\",\"breadcrumb\":{\"@id\":\"https:\\\/\\\/maximaloc.com\\\/produit\\\/leica-12-60-f2-8-4-ii-m4-3\\\/#breadcrumb\"},\"inLanguage\":\"en-US\",\"potentialAction\":[{\"@type\":\"ReadAction\",\"target\":[\"https:\\\/\\\/maximaloc.com\\\/produit\\\/leica-12-60-f2-8-4-ii-m4-3\\\/\"]}]},{\"@type\":\"ImageObject\",\"inLanguage\":\"en-US\",\"@id\":\"https:\\\/\\\/maximaloc.com\\\/produit\\\/leica-12-60-f2-8-4-ii-m4-3\\\/#primaryimage\",\"url\":\"https:\\\/\\\/maximaloc.com\\\/wp-content\\\/uploads\\\/2024\\\/03\\\/leica-12-60-1.webp\",\"contentUrl\":\"https:\\\/\\\/maximaloc.com\\\/wp-content\\\/uploads\\\/2024\\\/03\\\/leica-12-60-1.webp\",\"width\":580,\"height\":420,\"caption\":\"Zoom Leica 12-60mm F2.8-4 OIS monture micro 4\\\/3 \u00e0 la location\"},{\"@type\":\"BreadcrumbList\",\"@id\":\"https:\\\/\\\/maximaloc.com\\\/produit\\\/leica-12-60-f2-8-4-ii-m4-3\\\/#breadcrumb\",\"itemListElement\":[{\"@type\":\"ListItem\",\"position\":1,\"name\":\"Accueil\",\"item\":\"https:\\\/\\\/maximaloc.com\\\/\"},{\"@type\":\"ListItem\",\"position\":2,\"name\":\"BOUTIQUE\",\"item\":\"https:\\\/\\\/maximaloc.com\\\/boutique\\\/\"},{\"@type\":\"ListItem\",\"position\":3,\"name\":\"LEICA 12-60 F2.8-4 II M4\\\/3\"}]},{\"@type\":\"WebSite\",\"@id\":\"https:\\\/\\\/maximaloc.com\\\/#website\",\"url\":\"https:\\\/\\\/maximaloc.com\\\/\",\"name\":\"Maximaloc\",\"description\":\"\",\"publisher\":{\"@id\":\"https:\\\/\\\/maximaloc.com\\\/#organization\"},\"potentialAction\":[{\"@type\":\"SearchAction\",\"target\":{\"@type\":\"EntryPoint\",\"urlTemplate\":\"https:\\\/\\\/maximaloc.com\\\/?s={search_term_string}\"},\"query-input\":{\"@type\":\"PropertyValueSpecification\",\"valueRequired\":true,\"valueName\":\"search_term_string\"}}],\"inLanguage\":\"en-US\"},{\"@type\":\"Organization\",\"@id\":\"https:\\\/\\\/maximaloc.com\\\/#organization\",\"name\":\"Maximaloc\",\"url\":\"https:\\\/\\\/maximaloc.com\\\/\",\"logo\":{\"@type\":\"ImageObject\",\"inLanguage\":\"en-US\",\"@id\":\"https:\\\/\\\/maximaloc.com\\\/#\\\/schema\\\/logo\\\/image\\\/\",\"url\":\"https:\\\/\\\/maximaloc.com\\\/wp-content\\\/uploads\\\/2024\\\/03\\\/logo_noir-scaled.png\",\"contentUrl\":\"https:\\\/\\\/maximaloc.com\\\/wp-content\\\/uploads\\\/2024\\\/03\\\/logo_noir-scaled.png\",\"width\":2560,\"height\":268,\"caption\":\"Maximaloc\"},\"image\":{\"@id\":\"https:\\\/\\\/maximaloc.com\\\/#\\\/schema\\\/logo\\\/image\\\/\"},\"sameAs\":[\"https:\\\/\\\/www.facebook.com\\\/Maximalocation\"]}]}<\/script>\n<!-- \/ Yoast SEO plugin. -->","yoast_head_json":{"title":"LEICA 12-60 F2.8-4 II M4\/3 - Maximaloc","robots":{"index":"index","follow":"follow","max-snippet":"max-snippet:-1","max-image-preview":"max-image-preview:large","max-video-preview":"max-video-preview:-1"},"canonical":"https:\/\/maximaloc.com\/en\/product\/leica-12-60-f2-8-4-ii-m4-3\/","og_locale":"en_US","og_type":"article","og_title":"LEICA 12-60 F2.8-4 II M4\/3 - Maximaloc","og_description":"Zoom standard stabilis\u00e9 Monture : Micro 4\/3 Diam\u00e8tre de filtre : 62 mm Equivalent full frame : 24-120 mm","og_url":"https:\/\/maximaloc.com\/en\/product\/leica-12-60-f2-8-4-ii-m4-3\/","og_site_name":"Maximaloc","article_publisher":"https:\/\/www.facebook.com\/Maximalocation","article_modified_time":"2026-04-13T18:47:31+00:00","og_image":[{"width":580,"height":420,"url":"https:\/\/maximaloc.com\/wp-content\/uploads\/2024\/03\/leica-12-60-1.webp","type":"image\/webp"}],"twitter_card":"summary_large_image","twitter_misc":{"Est. reading time":"1 minute"},"schema":{"@context":"https:\/\/schema.org","@graph":[{"@type":"WebPage","@id":"https:\/\/maximaloc.com\/produit\/leica-12-60-f2-8-4-ii-m4-3\/","url":"https:\/\/maximaloc.com\/produit\/leica-12-60-f2-8-4-ii-m4-3\/","name":"LEICA 12-60 F2.8-4 II M4\/3 - Maximaloc","isPartOf":{"@id":"https:\/\/maximaloc.com\/#website"},"primaryImageOfPage":{"@id":"https:\/\/maximaloc.com\/produit\/leica-12-60-f2-8-4-ii-m4-3\/#primaryimage"},"image":{"@id":"https:\/\/maximaloc.com\/produit\/leica-12-60-f2-8-4-ii-m4-3\/#primaryimage"},"thumbnailUrl":"https:\/\/maximaloc.com\/wp-content\/uploads\/2024\/03\/leica-12-60-1.webp","datePublished":"2024-03-21T12:41:51+00:00","dateModified":"2026-04-13T18:47:31+00:00","breadcrumb":{"@id":"https:\/\/maximaloc.com\/produit\/leica-12-60-f2-8-4-ii-m4-3\/#breadcrumb"},"inLanguage":"en-US","potentialAction":[{"@type":"ReadAction","target":["https:\/\/maximaloc.com\/produit\/leica-12-60-f2-8-4-ii-m4-3\/"]}]},{"@type":"ImageObject","inLanguage":"en-US","@id":"https:\/\/maximaloc.com\/produit\/leica-12-60-f2-8-4-ii-m4-3\/#primaryimage","url":"https:\/\/maximaloc.com\/wp-content\/uploads\/2024\/03\/leica-12-60-1.webp","contentUrl":"https:\/\/maximaloc.com\/wp-content\/uploads\/2024\/03\/leica-12-60-1.webp","width":580,"height":420,"caption":"Zoom Leica 12-60mm F2.8-4 OIS monture micro 4\/3 \u00e0 la location"},{"@type":"BreadcrumbList","@id":"https:\/\/maximaloc.com\/produit\/leica-12-60-f2-8-4-ii-m4-3\/#breadcrumb","itemListElement":[{"@type":"ListItem","position":1,"name":"Accueil","item":"https:\/\/maximaloc.com\/"},{"@type":"ListItem","position":2,"name":"BOUTIQUE","item":"https:\/\/maximaloc.com\/boutique\/"},{"@type":"ListItem","position":3,"name":"LEICA 12-60 F2.8-4 II M4\/3"}]},{"@type":"WebSite","@id":"https:\/\/maximaloc.com\/#website","url":"https:\/\/maximaloc.com\/","name":"Maximaloc","description":"","publisher":{"@id":"https:\/\/maximaloc.com\/#organization"},"potentialAction":[{"@type":"SearchAction","target":{"@type":"EntryPoint","urlTemplate":"https:\/\/maximaloc.com\/?s={search_term_string}"},"query-input":{"@type":"PropertyValueSpecification","valueRequired":true,"valueName":"search_term_string"}}],"inLanguage":"en-US"},{"@type":"Organization","@id":"https:\/\/maximaloc.com\/#organization","name":"Maximaloc","url":"https:\/\/maximaloc.com\/","logo":{"@type":"ImageObject","inLanguage":"en-US","@id":"https:\/\/maximaloc.com\/#\/schema\/logo\/image\/","url":"https:\/\/maximaloc.com\/wp-content\/uploads\/2024\/03\/logo_noir-scaled.png","contentUrl":"https:\/\/maximaloc.com\/wp-content\/uploads\/2024\/03\/logo_noir-scaled.png","width":2560,"height":268,"caption":"Maximaloc"},"image":{"@id":"https:\/\/maximaloc.com\/#\/schema\/logo\/image\/"},"sameAs":["https:\/\/www.facebook.com\/Maximalocation"]}]}},"_links":{"self":[{"href":"https:\/\/maximaloc.com\/en\/wp-json\/wp\/v2\/product\/4038","targetHints":{"allow":["GET"]}}],"collection":[{"href":"https:\/\/maximaloc.com\/en\/wp-json\/wp\/v2\/product"}],"about":[{"href":"https:\/\/maximaloc.com\/en\/wp-json\/wp\/v2\/types\/product"}],"wp:featuredmedia":[{"embeddable":true,"href":"https:\/\/maximaloc.com\/en\/wp-json\/wp\/v2\/media\/9170"}],"wp:attachment":[{"href":"https:\/\/maximaloc.com\/en\/wp-json\/wp\/v2\/media?parent=4038"}],"wp:term":[{"taxonomy":"product_cat","embeddable":true,"href":"https:\/\/maximaloc.com\/en\/wp-json\/wp\/v2\/product_cat?post=4038"},{"taxonomy":"product_tag","embeddable":true,"href":"https:\/\/maximaloc.com\/en\/wp-json\/wp\/v2\/product_tag?post=4038"}],"curies":[{"name":"wp","href":"https:\/\/api.w.org\/{rel}","templated":true}]}}