 {"id":4039,"date":"2024-03-21T13:41:51","date_gmt":"2024-03-21T12:41:51","guid":{"rendered":"https:\/\/maximaloc.com\/produit\/voigtlander-nokton-25mm-f0-95-ii-m4-3\/"},"modified":"2026-04-13T20:47:27","modified_gmt":"2026-04-13T18:47:27","slug":"voigtlander-nokton-25-f0-95-ii-m4-3","status":"publish","type":"product","link":"https:\/\/maximaloc.com\/en\/product\/voigtlander-nokton-25-f0-95-ii-m4-3\/","title":{"rendered":"VOIGTL\u00c4NDER NOKTON 25 F0.95 II M4\/3"},"content":{"rendered":"<p>Le Voigtlander Nokton 25mm F0.95 est un objectif fixe manuel extr\u00eamement lumineux d\u00e9livrant une image douce et cin\u00e9matographique. Avec une ouverture maximale de F0.95, il est parfaitement adapt\u00e9 aux prises de vue en conditions de faible luminosit\u00e9 et permet d\u2019obtenir une faible profondeur de champ.<\/p>\n<p>\u00a0<\/p>\n<p>Sa bague de mise au point est douce et confortable, avec une course \u00e9tendue. La prise en main est particuli\u00e8rement agr\u00e9able. Cet objectif est dot\u00e9 d&#8217;une construction solide et durable, avec un bo\u00eetier en m\u00e9tal de haute qualit\u00e9 qui inspire confiance.<\/p>\n<p>\u00a0<\/p>\n<p>Points Forts :\u00a0<\/p>\n<ul>\n<li>Ouverture maximale de F0.95<\/li>\n<li>Texture d\u2019image cin\u00e9matographique<\/li>\n<li>Mise au point manuelle pr\u00e9cise<\/li>\n<li>Construction robuste<\/li>\n<\/ul>","protected":false},"excerpt":{"rendered":"<p>Focale fixe manuelle standard<\/p>\n<p>Monture : Micro 4\/3<\/p>\n<p>Diam\u00e8tre de filtre : 52 mm<\/p>\n<p>Equivalent Full Frame : 50 mm<\/p>","protected":false},"featured_media":9402,"template":"","meta":[],"product_cat":[230],"product_tag":[210,277,240,241],"class_list":{"0":"post-4039","1":"product","2":"type-product","3":"status-publish","4":"has-post-thumbnail","6":"product_cat-micro-4-3","7":"product_tag-micro-4-3","8":"product_tag-fixe","9":"product_tag-mise-au-point-manuelle","10":"product_tag-non-stabilise","12":"first","13":"instock","14":"taxable","15":"shipping-taxable","16":"purchasable","17":"product-type-rentable"},"yoast_head":"<!-- This site is optimized with the Yoast SEO plugin v27.4 - https:\/\/yoast.com\/product\/yoast-seo-wordpress\/ -->\n<title>VOIGTL\u00c4NDER NOKTON 25 F0.95 II M4\/3 - Maximaloc<\/title>\n<meta name=\"robots\" content=\"index, follow, max-snippet:-1, max-image-preview:large, max-video-preview:-1\" \/>\n<link rel=\"canonical\" href=\"https:\/\/maximaloc.com\/en\/product\/voigtlander-nokton-25-f0-95-ii-m4-3\/\" \/>\n<meta property=\"og:locale\" content=\"en_US\" \/>\n<meta property=\"og:type\" content=\"article\" \/>\n<meta property=\"og:title\" content=\"VOIGTL\u00c4NDER NOKTON 25 F0.95 II M4\/3 - Maximaloc\" \/>\n<meta property=\"og:description\" content=\"Focale fixe manuelle standard Monture : Micro 4\/3 Diam\u00e8tre de filtre : 52 mm Equivalent Full Frame : 50 mm\" \/>\n<meta property=\"og:url\" content=\"https:\/\/maximaloc.com\/en\/product\/voigtlander-nokton-25-f0-95-ii-m4-3\/\" \/>\n<meta property=\"og:site_name\" content=\"Maximaloc\" \/>\n<meta property=\"article:publisher\" content=\"https:\/\/www.facebook.com\/Maximalocation\" \/>\n<meta property=\"article:modified_time\" content=\"2026-04-13T18:47:27+00:00\" \/>\n<meta property=\"og:image\" content=\"https:\/\/maximaloc.com\/wp-content\/uploads\/2024\/03\/2-2.webp\" \/>\n\t<meta property=\"og:image:width\" content=\"725\" \/>\n\t<meta property=\"og:image:height\" content=\"525\" \/>\n\t<meta property=\"og:image:type\" content=\"image\/webp\" \/>\n<meta name=\"twitter:card\" content=\"summary_large_image\" \/>\n<meta name=\"twitter:label1\" content=\"Est. reading time\" \/>\n\t<meta name=\"twitter:data1\" content=\"1 minute\" \/>\n<script type=\"application\/ld+json\" class=\"yoast-schema-graph\">{\"@context\":\"https:\\\/\\\/schema.org\",\"@graph\":[{\"@type\":\"WebPage\",\"@id\":\"https:\\\/\\\/maximaloc.com\\\/produit\\\/voigtlander-nokton-25-f0-95-ii-m4-3\\\/\",\"url\":\"https:\\\/\\\/maximaloc.com\\\/produit\\\/voigtlander-nokton-25-f0-95-ii-m4-3\\\/\",\"name\":\"VOIGTL\u00c4NDER NOKTON 25 F0.95 II M4\\\/3 - Maximaloc\",\"isPartOf\":{\"@id\":\"https:\\\/\\\/maximaloc.com\\\/#website\"},\"primaryImageOfPage\":{\"@id\":\"https:\\\/\\\/maximaloc.com\\\/produit\\\/voigtlander-nokton-25-f0-95-ii-m4-3\\\/#primaryimage\"},\"image\":{\"@id\":\"https:\\\/\\\/maximaloc.com\\\/produit\\\/voigtlander-nokton-25-f0-95-ii-m4-3\\\/#primaryimage\"},\"thumbnailUrl\":\"https:\\\/\\\/maximaloc.com\\\/wp-content\\\/uploads\\\/2024\\\/03\\\/2-2.webp\",\"datePublished\":\"2024-03-21T12:41:51+00:00\",\"dateModified\":\"2026-04-13T18:47:27+00:00\",\"breadcrumb\":{\"@id\":\"https:\\\/\\\/maximaloc.com\\\/produit\\\/voigtlander-nokton-25-f0-95-ii-m4-3\\\/#breadcrumb\"},\"inLanguage\":\"en-US\",\"potentialAction\":[{\"@type\":\"ReadAction\",\"target\":[\"https:\\\/\\\/maximaloc.com\\\/produit\\\/voigtlander-nokton-25-f0-95-ii-m4-3\\\/\"]}]},{\"@type\":\"ImageObject\",\"inLanguage\":\"en-US\",\"@id\":\"https:\\\/\\\/maximaloc.com\\\/produit\\\/voigtlander-nokton-25-f0-95-ii-m4-3\\\/#primaryimage\",\"url\":\"https:\\\/\\\/maximaloc.com\\\/wp-content\\\/uploads\\\/2024\\\/03\\\/2-2.webp\",\"contentUrl\":\"https:\\\/\\\/maximaloc.com\\\/wp-content\\\/uploads\\\/2024\\\/03\\\/2-2.webp\",\"width\":725,\"height\":525,\"caption\":\"Voigtlander Nokton 25mm F\\\/0.95 Type II M4\\\/3 \u00e0 la location\"},{\"@type\":\"BreadcrumbList\",\"@id\":\"https:\\\/\\\/maximaloc.com\\\/produit\\\/voigtlander-nokton-25-f0-95-ii-m4-3\\\/#breadcrumb\",\"itemListElement\":[{\"@type\":\"ListItem\",\"position\":1,\"name\":\"Accueil\",\"item\":\"https:\\\/\\\/maximaloc.com\\\/\"},{\"@type\":\"ListItem\",\"position\":2,\"name\":\"BOUTIQUE\",\"item\":\"https:\\\/\\\/maximaloc.com\\\/boutique\\\/\"},{\"@type\":\"ListItem\",\"position\":3,\"name\":\"VOIGTL\u00c4NDER NOKTON 25 F0.95 II M4\\\/3\"}]},{\"@type\":\"WebSite\",\"@id\":\"https:\\\/\\\/maximaloc.com\\\/#website\",\"url\":\"https:\\\/\\\/maximaloc.com\\\/\",\"name\":\"Maximaloc\",\"description\":\"\",\"publisher\":{\"@id\":\"https:\\\/\\\/maximaloc.com\\\/#organization\"},\"potentialAction\":[{\"@type\":\"SearchAction\",\"target\":{\"@type\":\"EntryPoint\",\"urlTemplate\":\"https:\\\/\\\/maximaloc.com\\\/?s={search_term_string}\"},\"query-input\":{\"@type\":\"PropertyValueSpecification\",\"valueRequired\":true,\"valueName\":\"search_term_string\"}}],\"inLanguage\":\"en-US\"},{\"@type\":\"Organization\",\"@id\":\"https:\\\/\\\/maximaloc.com\\\/#organization\",\"name\":\"Maximaloc\",\"url\":\"https:\\\/\\\/maximaloc.com\\\/\",\"logo\":{\"@type\":\"ImageObject\",\"inLanguage\":\"en-US\",\"@id\":\"https:\\\/\\\/maximaloc.com\\\/#\\\/schema\\\/logo\\\/image\\\/\",\"url\":\"https:\\\/\\\/maximaloc.com\\\/wp-content\\\/uploads\\\/2024\\\/03\\\/logo_noir-scaled.png\",\"contentUrl\":\"https:\\\/\\\/maximaloc.com\\\/wp-content\\\/uploads\\\/2024\\\/03\\\/logo_noir-scaled.png\",\"width\":2560,\"height\":268,\"caption\":\"Maximaloc\"},\"image\":{\"@id\":\"https:\\\/\\\/maximaloc.com\\\/#\\\/schema\\\/logo\\\/image\\\/\"},\"sameAs\":[\"https:\\\/\\\/www.facebook.com\\\/Maximalocation\"]}]}<\/script>\n<!-- \/ Yoast SEO plugin. -->","yoast_head_json":{"title":"VOIGTL\u00c4NDER NOKTON 25 F0.95 II M4\/3 - Maximaloc","robots":{"index":"index","follow":"follow","max-snippet":"max-snippet:-1","max-image-preview":"max-image-preview:large","max-video-preview":"max-video-preview:-1"},"canonical":"https:\/\/maximaloc.com\/en\/product\/voigtlander-nokton-25-f0-95-ii-m4-3\/","og_locale":"en_US","og_type":"article","og_title":"VOIGTL\u00c4NDER NOKTON 25 F0.95 II M4\/3 - Maximaloc","og_description":"Focale fixe manuelle standard Monture : Micro 4\/3 Diam\u00e8tre de filtre : 52 mm Equivalent Full Frame : 50 mm","og_url":"https:\/\/maximaloc.com\/en\/product\/voigtlander-nokton-25-f0-95-ii-m4-3\/","og_site_name":"Maximaloc","article_publisher":"https:\/\/www.facebook.com\/Maximalocation","article_modified_time":"2026-04-13T18:47:27+00:00","og_image":[{"width":725,"height":525,"url":"https:\/\/maximaloc.com\/wp-content\/uploads\/2024\/03\/2-2.webp","type":"image\/webp"}],"twitter_card":"summary_large_image","twitter_misc":{"Est. reading time":"1 minute"},"schema":{"@context":"https:\/\/schema.org","@graph":[{"@type":"WebPage","@id":"https:\/\/maximaloc.com\/produit\/voigtlander-nokton-25-f0-95-ii-m4-3\/","url":"https:\/\/maximaloc.com\/produit\/voigtlander-nokton-25-f0-95-ii-m4-3\/","name":"VOIGTL\u00c4NDER NOKTON 25 F0.95 II M4\/3 - Maximaloc","isPartOf":{"@id":"https:\/\/maximaloc.com\/#website"},"primaryImageOfPage":{"@id":"https:\/\/maximaloc.com\/produit\/voigtlander-nokton-25-f0-95-ii-m4-3\/#primaryimage"},"image":{"@id":"https:\/\/maximaloc.com\/produit\/voigtlander-nokton-25-f0-95-ii-m4-3\/#primaryimage"},"thumbnailUrl":"https:\/\/maximaloc.com\/wp-content\/uploads\/2024\/03\/2-2.webp","datePublished":"2024-03-21T12:41:51+00:00","dateModified":"2026-04-13T18:47:27+00:00","breadcrumb":{"@id":"https:\/\/maximaloc.com\/produit\/voigtlander-nokton-25-f0-95-ii-m4-3\/#breadcrumb"},"inLanguage":"en-US","potentialAction":[{"@type":"ReadAction","target":["https:\/\/maximaloc.com\/produit\/voigtlander-nokton-25-f0-95-ii-m4-3\/"]}]},{"@type":"ImageObject","inLanguage":"en-US","@id":"https:\/\/maximaloc.com\/produit\/voigtlander-nokton-25-f0-95-ii-m4-3\/#primaryimage","url":"https:\/\/maximaloc.com\/wp-content\/uploads\/2024\/03\/2-2.webp","contentUrl":"https:\/\/maximaloc.com\/wp-content\/uploads\/2024\/03\/2-2.webp","width":725,"height":525,"caption":"Voigtlander Nokton 25mm F\/0.95 Type II M4\/3 \u00e0 la location"},{"@type":"BreadcrumbList","@id":"https:\/\/maximaloc.com\/produit\/voigtlander-nokton-25-f0-95-ii-m4-3\/#breadcrumb","itemListElement":[{"@type":"ListItem","position":1,"name":"Accueil","item":"https:\/\/maximaloc.com\/"},{"@type":"ListItem","position":2,"name":"BOUTIQUE","item":"https:\/\/maximaloc.com\/boutique\/"},{"@type":"ListItem","position":3,"name":"VOIGTL\u00c4NDER NOKTON 25 F0.95 II M4\/3"}]},{"@type":"WebSite","@id":"https:\/\/maximaloc.com\/#website","url":"https:\/\/maximaloc.com\/","name":"Maximaloc","description":"","publisher":{"@id":"https:\/\/maximaloc.com\/#organization"},"potentialAction":[{"@type":"SearchAction","target":{"@type":"EntryPoint","urlTemplate":"https:\/\/maximaloc.com\/?s={search_term_string}"},"query-input":{"@type":"PropertyValueSpecification","valueRequired":true,"valueName":"search_term_string"}}],"inLanguage":"en-US"},{"@type":"Organization","@id":"https:\/\/maximaloc.com\/#organization","name":"Maximaloc","url":"https:\/\/maximaloc.com\/","logo":{"@type":"ImageObject","inLanguage":"en-US","@id":"https:\/\/maximaloc.com\/#\/schema\/logo\/image\/","url":"https:\/\/maximaloc.com\/wp-content\/uploads\/2024\/03\/logo_noir-scaled.png","contentUrl":"https:\/\/maximaloc.com\/wp-content\/uploads\/2024\/03\/logo_noir-scaled.png","width":2560,"height":268,"caption":"Maximaloc"},"image":{"@id":"https:\/\/maximaloc.com\/#\/schema\/logo\/image\/"},"sameAs":["https:\/\/www.facebook.com\/Maximalocation"]}]}},"_links":{"self":[{"href":"https:\/\/maximaloc.com\/en\/wp-json\/wp\/v2\/product\/4039","targetHints":{"allow":["GET"]}}],"collection":[{"href":"https:\/\/maximaloc.com\/en\/wp-json\/wp\/v2\/product"}],"about":[{"href":"https:\/\/maximaloc.com\/en\/wp-json\/wp\/v2\/types\/product"}],"wp:featuredmedia":[{"embeddable":true,"href":"https:\/\/maximaloc.com\/en\/wp-json\/wp\/v2\/media\/9402"}],"wp:attachment":[{"href":"https:\/\/maximaloc.com\/en\/wp-json\/wp\/v2\/media?parent=4039"}],"wp:term":[{"taxonomy":"product_cat","embeddable":true,"href":"https:\/\/maximaloc.com\/en\/wp-json\/wp\/v2\/product_cat?post=4039"},{"taxonomy":"product_tag","embeddable":true,"href":"https:\/\/maximaloc.com\/en\/wp-json\/wp\/v2\/product_tag?post=4039"}],"curies":[{"name":"wp","href":"https:\/\/api.w.org\/{rel}","templated":true}]}}